{"id":50367,"date":"2015-12-19T11:28:13","date_gmt":"2015-12-19T10:28:13","guid":{"rendered":"https:\/\/www.comprarmejor.es\/producto\/the-maps-of-the-beatus-the-revelation-of-the-world-in-the-middle-ages\/"},"modified":"2025-07-24T09:53:36","modified_gmt":"2025-07-24T07:53:36","slug":"the-beatus-maps-the-revelation-of-the-world-in-the-middle-ages","status":"publish","type":"product","link":"https:\/\/www.comprarmejor.es\/en\/product\/the-beatus-maps-the-revelation-of-the-world-in-the-middle-ages\/","title":{"rendered":"The Beatus Maps. The revelation of the world in the Middle Ages"},"content":{"rendered":"<p style=\"text-align: justify;\"><span id=\"result_box\" lang=\"en\" xml:lang=\"en\"><span title=\"La colecci\u00f3n se vende completa, NO se venden ejemplares sueltos.\"><span lang=\"en\" xml:lang=\"en\"><span class=\"HwtZe\" lang=\"en\"><span class=\"jCAhz ChMk0b\"><span class=\"ryNqvb\">The Beatus Maps.<\/span><\/span> <span class=\"jCAhz ChMk0b\"><span class=\"ryNqvb\">The revelation of the world in the Middle Ages .<\/span><\/span> <span class=\"jCAhz ChMk0b\"><span class=\"ryNqvb\">Author: Sandra S\u00e1enz-L\u00f3pez P\u00e9rez.<\/span><\/span> <span class=\"jCAhz ChMk0b\"><span class=\"ryNqvb\">2014 edition in Burgos.<\/span><\/span> <span class=\"jCAhz ChMk0b\"><span class=\"ryNqvb\">Bound in red cloth hardcover with illustrated dust jacket.<\/span><\/span> <span class=\"jCAhz ChMk0b\"><span class=\"ryNqvb\">Format 25 x 30.5 cm.<\/span><\/span> <span class=\"jCAhz ChMk0b\"><span class=\"ryNqvb\">350 pages.<\/span><\/span> <span class=\"jCAhz ChMk0b\"><span class=\"ryNqvb\">Texts in Spanish (an English version is available; please contact us if you are interested).<\/span><\/span><\/span><br \/>\n<\/span><\/span><\/span><\/p>\n<p style=\"text-align: justify;\"><span title=\"Un libro imprescindible para todo buen coleccionista de la serie de c\u00f3dices de los Beatos de Li\u00e9bana y, en general, para todo amante de la Edad Media y estudioso de un fen\u00f3meno cultural in\u00e9dito en la Historia del arte que dur\u00f3 m\u00e1s de 4 siglos.\">An indispensable book for any good collector of the series of codices of the Beats of Li\u00e9bana and, in general, for all lover of the Middle Ages and studious of a cultural phenomenon unpublished in the History of the art that lasted more than 4 centuries.<\/span><\/p>\n<p style=\"text-align: justify;\"><span title=\"A finales del siglo VIII, Beato de Li\u00e9bana compuso el \u201cComentario al Apocalipsis\u201d en el monasterio de San Mart\u00edn de Turieno.\">At the end of the eighth century, Beato de Li\u00e9bana composed the &#8220;Commentary on the Apocalypse&#8221; in the monastery of San Mart\u00edn de Turieno. <\/span><span title=\"Aunque no nos ha llegado en su estado original, esta obra es bien conocida gracias a las numerosas copias que se hicieron en los siglos posteriores y que la han encumbrado como una creaci\u00f3n magna del arte medieval.\">Although it has not reached us in its original state, this work is well known thanks to the numerous copies that were made in the following centuries and that have elevated it like a great creation of the medieval art. <\/span><span title=\"Los Beatos (como se conoce el corpus) son especialmente aclamados por sus expresivas ilustraciones.\">The Blesseds (as the corpus is known) are especially acclaimed for their expressive illustrations. <\/span><span title=\"Entre ellas destaca el maravilloso mapamundi (o como la autora suele escribir, \u201cmappaemundi\u201d) que muestra la evangelizaci\u00f3n de los ap\u00f3stoles alrededor del mundo.\">Among them is the wonderful world map (or as the author usually writes, &#8220;mappaemundi&#8221;) that shows the evangelization of the apostles around the world. <\/span><span title=\"Esta imagen, presente ya en el manuscrito arquetipo, experiment\u00f3 una interesante evoluci\u00f3n a medida que el \u201cComentario al Apocalipsis\u201d se fue copiando entre los siglos X y XIII.\">This image, already present in the archetype manuscript, underwent an interesting evolution as the &#8220;Commentary on the Apocalypse&#8221; was copied between the tenth and thirteenth centuries. <\/span><span title=\"Se conservan hoy 14 \u201cmappaemundi\u201d, a los que se pueden sumar otras obras cartogr\u00e1ficas derivadas o emparentas con ellos.\">Today, 14 &#8220;mappaemundi&#8221; are conserved, to which can be added other cartographic works derived or related to them. <\/span><span title=\"Todos estos mapas constituyen el objeto de estudio de este libro, que examina su evoluci\u00f3n atendiendo tanto al contexto manuscrito en el que se inscriben, como al contexto cartogr\u00e1fico europeo, para plantear en \u00faltima instancia la reconstrucci\u00f3n del mapa original del siglo VIII.\">All these maps constitute the object of study of this book, which examines its evolution taking into account both the manuscript context in which they are inscribed and the European cartographic context, in order to raise, in the last instance, the reconstruction of the original map of the eighth century. <\/span><span title=\"Finalmente, la autora nos acerca a los detalles que componen estas im\u00e1genes para dar a conocer c\u00f3mo se conceb\u00eda el mundo en la Edad Media, y qu\u00e9 par\u00e1metros cient\u00edficos, hist\u00f3ricos, simb\u00f3licos y religiosos fueron empleados en su representaci\u00f3n.\">Finally, the author brings us to the details that compose these images to make known how the world was conceived in the Middle Ages, and what scientific, historical, symbolic and religious parameters were used in its representation.<\/span><\/p>\n<p style=\"text-align: justify;\"><span title=\"Casi al inicio de su c\u00e9lebre \u201cComentario al Apocalipsis\u201d, el monje Beato nos presenta la misi\u00f3n evangelizadora de los ap\u00f3stoles por todo el mundo.\">Almost at the beginning of his celebrated &#8220;Commentary on the Apocalypse&#8221;, the monk Beatus presents us the evangelizing mission of the apostles throughout the world. <\/span><span title=\"Esta clara intencionalidad did\u00e1ctica, que pretende informar sobre la expansi\u00f3n cristiana y la difusi\u00f3n de la labor evang\u00e9lica, dar\u00e1 pie a una magn\u00edfica y memorable visi\u00f3n gr\u00e1fica de la tierra, ya su plasmaci\u00f3n en un extraordinario mapamundi que, con curiosas variantes, se ir\u00e1 reproduciendo en\">This clear didactic intentionality, which intends to inform about the Christian expansion and the diffusion of the evangelical work, will give rise to a magnificent and memorable graphic vision of the earth, and its transformation into an extraordinary world map that, with curious variants, will be reproduced in <\/span><span title=\"los diversos manuscritos que a lo largo de varios siglos ir\u00e1n copiando ese Comentario, aunque por desgracia muchos de ellos hoy d\u00eda lo hayan perdido.\">The various manuscripts that over the centuries will be copying this Commentary, although unfortunately many of them today have lost it.<\/span><\/p>\n<p style=\"text-align: justify;\">Copy in perfect condition, new, unused, sealed.<\/p>\n<p style=\"text-align: justify;\">Shipping costs depend on order and destination<span title=\"Ejemplar en perfecto estado.\">. <\/span><span title=\"Cons\u00faltenos cualquier duda, as\u00ed como por cualquier otro facs\u00edmile que est\u00e9 buscando.\"><a class=\"btn btn-default\" href=\"https:\/\/www.comprarmejor.es\/en\/contact\/\">Ask us<\/a> <span class=\"HwtZe\" lang=\"en\"><span class=\"jCAhz ChMk0b\"><span class=\"ryNqvb\">any questions, indicating the item reference.<\/span><\/span><\/span><br \/>\n<\/span><\/p>\n","protected":false},"excerpt":{"rendered":"<p style=\"text-align: justify;\"><span id=\"result_box\" lang=\"en\" xml:lang=\"en\"><span title=\"Publicados entre 1982 y 2002.\"><span lang=\"en\" xml:lang=\"en\"><span title=\"La revelaci\u00f3n del Mundo en la Edad Media.\">The Beatus Maps. The revelation of the world in the Middle Ages. <\/span><span title=\"Autora: Sandra S\u00e1enz-L\u00f3pez P\u00e9rez.\">Author: Sandra S\u00e1enz-L\u00f3pez P\u00e9rez.<br \/>\n<\/span><\/span><\/span><\/span><\/p>\n","protected":false},"featured_media":103494,"template":"","meta":[],"product_brand":[],"product_cat":[2246],"product_tag":[5814,5136,5119],"class_list":{"0":"post-50367","1":"product","2":"type-product","3":"status-publish","4":"has-post-thumbnail","6":"product_cat-study-books","7":"product_tag-beatos-en","8":"product_tag-liebana-en","9":"product_tag-siloe-en","10":"product_shipping_class-from-2-to-5-kg","11":"description-off","13":"first","14":"instock","15":"sale","16":"taxable","17":"shipping-taxable","18":"purchasable","19":"product-type-simple"},"yoast_head":"<!-- This site is optimized with the Yoast SEO plugin v27.3 - https:\/\/yoast.com\/product\/yoast-seo-wordpress\/ -->\n<title>The Beatus Maps. The revelation of the world in the Middle Ages<\/title>\n<meta name=\"description\" content=\"Sandra S\u00e1enz-L\u00f3pez P\u00e9rez. Silo\u00e9. An indispensable book for any good collector of the series of codices of the Beatus de Li\u00e9bana\" \/>\n<meta name=\"robots\" content=\"index, follow, max-snippet:-1, max-image-preview:large, max-video-preview:-1\" \/>\n<link rel=\"canonical\" href=\"https:\/\/www.comprarmejor.es\/en\/product\/the-beatus-maps-the-revelation-of-the-world-in-the-middle-ages\/\" \/>\n<meta property=\"og:locale\" content=\"en_US\" \/>\n<meta property=\"og:type\" content=\"article\" \/>\n<meta property=\"og:title\" content=\"The Beatus Maps. The revelation of the world in the Middle Ages\" \/>\n<meta property=\"og:description\" content=\"Sandra S\u00e1enz-L\u00f3pez P\u00e9rez. Silo\u00e9. An indispensable book for any good collector of the series of codices of the Beatus de Li\u00e9bana\" \/>\n<meta property=\"og:url\" content=\"https:\/\/www.comprarmejor.es\/en\/product\/the-beatus-maps-the-revelation-of-the-world-in-the-middle-ages\/\" \/>\n<meta property=\"og:site_name\" content=\"ComprarMejor\" \/>\n<meta property=\"article:modified_time\" content=\"2025-07-24T07:53:36+00:00\" \/>\n<meta property=\"og:image\" content=\"https:\/\/www.comprarmejor.es\/wp-content\/uploads\/2015\/12\/DSC08683.jpg\" \/>\n\t<meta property=\"og:image:width\" content=\"595\" \/>\n\t<meta property=\"og:image:height\" content=\"578\" \/>\n\t<meta property=\"og:image:type\" content=\"image\/jpeg\" \/>\n<meta name=\"twitter:card\" content=\"summary_large_image\" \/>\n<meta name=\"twitter:label1\" content=\"Est. reading time\" \/>\n\t<meta name=\"twitter:data1\" content=\"3 minutes\" \/>\n<script type=\"application\/ld+json\" class=\"yoast-schema-graph\">{\"@context\":\"https:\\\/\\\/schema.org\",\"@graph\":[{\"@type\":\"WebPage\",\"@id\":\"https:\\\/\\\/www.comprarmejor.es\\\/en\\\/product\\\/the-beatus-maps-the-revelation-of-the-world-in-the-middle-ages\\\/\",\"url\":\"https:\\\/\\\/www.comprarmejor.es\\\/en\\\/product\\\/the-beatus-maps-the-revelation-of-the-world-in-the-middle-ages\\\/\",\"name\":\"The Beatus Maps. The revelation of the world in the Middle Ages\",\"isPartOf\":{\"@id\":\"https:\\\/\\\/www.comprarmejor.es\\\/en\\\/#website\"},\"primaryImageOfPage\":{\"@id\":\"https:\\\/\\\/www.comprarmejor.es\\\/en\\\/product\\\/the-beatus-maps-the-revelation-of-the-world-in-the-middle-ages\\\/#primaryimage\"},\"image\":{\"@id\":\"https:\\\/\\\/www.comprarmejor.es\\\/en\\\/product\\\/the-beatus-maps-the-revelation-of-the-world-in-the-middle-ages\\\/#primaryimage\"},\"thumbnailUrl\":\"https:\\\/\\\/www.comprarmejor.es\\\/wp-content\\\/uploads\\\/2015\\\/12\\\/DSC08683.jpg\",\"datePublished\":\"2015-12-19T10:28:13+00:00\",\"dateModified\":\"2025-07-24T07:53:36+00:00\",\"description\":\"Sandra S\u00e1enz-L\u00f3pez P\u00e9rez. Silo\u00e9. An indispensable book for any good collector of the series of codices of the Beatus de Li\u00e9bana\",\"breadcrumb\":{\"@id\":\"https:\\\/\\\/www.comprarmejor.es\\\/en\\\/product\\\/the-beatus-maps-the-revelation-of-the-world-in-the-middle-ages\\\/#breadcrumb\"},\"inLanguage\":\"en-US\",\"potentialAction\":[{\"@type\":\"ReadAction\",\"target\":[\"https:\\\/\\\/www.comprarmejor.es\\\/en\\\/product\\\/the-beatus-maps-the-revelation-of-the-world-in-the-middle-ages\\\/\"]}]},{\"@type\":\"ImageObject\",\"inLanguage\":\"en-US\",\"@id\":\"https:\\\/\\\/www.comprarmejor.es\\\/en\\\/product\\\/the-beatus-maps-the-revelation-of-the-world-in-the-middle-ages\\\/#primaryimage\",\"url\":\"https:\\\/\\\/www.comprarmejor.es\\\/wp-content\\\/uploads\\\/2015\\\/12\\\/DSC08683.jpg\",\"contentUrl\":\"https:\\\/\\\/www.comprarmejor.es\\\/wp-content\\\/uploads\\\/2015\\\/12\\\/DSC08683.jpg\",\"width\":595,\"height\":578},{\"@type\":\"BreadcrumbList\",\"@id\":\"https:\\\/\\\/www.comprarmejor.es\\\/en\\\/product\\\/the-beatus-maps-the-revelation-of-the-world-in-the-middle-ages\\\/#breadcrumb\",\"itemListElement\":[{\"@type\":\"ListItem\",\"position\":1,\"name\":\"Portada\",\"item\":\"https:\\\/\\\/www.comprarmejor.es\\\/en\\\/\"},{\"@type\":\"ListItem\",\"position\":2,\"name\":\"Shop\",\"item\":\"https:\\\/\\\/www.comprarmejor.es\\\/en\\\/shop\\\/\"},{\"@type\":\"ListItem\",\"position\":3,\"name\":\"The Beatus Maps. The revelation of the world in the Middle Ages\"}]},{\"@type\":\"WebSite\",\"@id\":\"https:\\\/\\\/www.comprarmejor.es\\\/en\\\/#website\",\"url\":\"https:\\\/\\\/www.comprarmejor.es\\\/en\\\/\",\"name\":\"ComprarMejor\",\"description\":\"ComprarMejor\",\"publisher\":{\"@id\":\"https:\\\/\\\/www.comprarmejor.es\\\/en\\\/#organization\"},\"potentialAction\":[{\"@type\":\"SearchAction\",\"target\":{\"@type\":\"EntryPoint\",\"urlTemplate\":\"https:\\\/\\\/www.comprarmejor.es\\\/en\\\/?s={search_term_string}\"},\"query-input\":{\"@type\":\"PropertyValueSpecification\",\"valueRequired\":true,\"valueName\":\"search_term_string\"}}],\"inLanguage\":\"en-US\"},{\"@type\":\"Organization\",\"@id\":\"https:\\\/\\\/www.comprarmejor.es\\\/en\\\/#organization\",\"name\":\"COMPRAR MEJOR\",\"url\":\"https:\\\/\\\/www.comprarmejor.es\\\/en\\\/\",\"logo\":{\"@type\":\"ImageObject\",\"inLanguage\":\"en-US\",\"@id\":\"https:\\\/\\\/www.comprarmejor.es\\\/en\\\/#\\\/schema\\\/logo\\\/image\\\/\",\"url\":\"https:\\\/\\\/www.comprarmejor.es\\\/wp-content\\\/uploads\\\/2025\\\/09\\\/comprarmejortrinidad.jpg\",\"contentUrl\":\"https:\\\/\\\/www.comprarmejor.es\\\/wp-content\\\/uploads\\\/2025\\\/09\\\/comprarmejortrinidad.jpg\",\"width\":1022,\"height\":1380,\"caption\":\"COMPRAR MEJOR\"},\"image\":{\"@id\":\"https:\\\/\\\/www.comprarmejor.es\\\/en\\\/#\\\/schema\\\/logo\\\/image\\\/\"},\"sameAs\":[\"https:\\\/\\\/www.instagram.com\\\/amigosdelcodice\"]}]}<\/script>\n<!-- \/ Yoast SEO plugin. -->","yoast_head_json":{"title":"The Beatus Maps. The revelation of the world in the Middle Ages","description":"Sandra S\u00e1enz-L\u00f3pez P\u00e9rez. Silo\u00e9. An indispensable book for any good collector of the series of codices of the Beatus de Li\u00e9bana","robots":{"index":"index","follow":"follow","max-snippet":"max-snippet:-1","max-image-preview":"max-image-preview:large","max-video-preview":"max-video-preview:-1"},"canonical":"https:\/\/www.comprarmejor.es\/en\/product\/the-beatus-maps-the-revelation-of-the-world-in-the-middle-ages\/","og_locale":"en_US","og_type":"article","og_title":"The Beatus Maps. The revelation of the world in the Middle Ages","og_description":"Sandra S\u00e1enz-L\u00f3pez P\u00e9rez. Silo\u00e9. An indispensable book for any good collector of the series of codices of the Beatus de Li\u00e9bana","og_url":"https:\/\/www.comprarmejor.es\/en\/product\/the-beatus-maps-the-revelation-of-the-world-in-the-middle-ages\/","og_site_name":"ComprarMejor","article_modified_time":"2025-07-24T07:53:36+00:00","og_image":[{"width":595,"height":578,"url":"https:\/\/www.comprarmejor.es\/wp-content\/uploads\/2015\/12\/DSC08683.jpg","type":"image\/jpeg"}],"twitter_card":"summary_large_image","twitter_misc":{"Est. reading time":"3 minutes"},"schema":{"@context":"https:\/\/schema.org","@graph":[{"@type":"WebPage","@id":"https:\/\/www.comprarmejor.es\/en\/product\/the-beatus-maps-the-revelation-of-the-world-in-the-middle-ages\/","url":"https:\/\/www.comprarmejor.es\/en\/product\/the-beatus-maps-the-revelation-of-the-world-in-the-middle-ages\/","name":"The Beatus Maps. The revelation of the world in the Middle Ages","isPartOf":{"@id":"https:\/\/www.comprarmejor.es\/en\/#website"},"primaryImageOfPage":{"@id":"https:\/\/www.comprarmejor.es\/en\/product\/the-beatus-maps-the-revelation-of-the-world-in-the-middle-ages\/#primaryimage"},"image":{"@id":"https:\/\/www.comprarmejor.es\/en\/product\/the-beatus-maps-the-revelation-of-the-world-in-the-middle-ages\/#primaryimage"},"thumbnailUrl":"https:\/\/www.comprarmejor.es\/wp-content\/uploads\/2015\/12\/DSC08683.jpg","datePublished":"2015-12-19T10:28:13+00:00","dateModified":"2025-07-24T07:53:36+00:00","description":"Sandra S\u00e1enz-L\u00f3pez P\u00e9rez. Silo\u00e9. An indispensable book for any good collector of the series of codices of the Beatus de Li\u00e9bana","breadcrumb":{"@id":"https:\/\/www.comprarmejor.es\/en\/product\/the-beatus-maps-the-revelation-of-the-world-in-the-middle-ages\/#breadcrumb"},"inLanguage":"en-US","potentialAction":[{"@type":"ReadAction","target":["https:\/\/www.comprarmejor.es\/en\/product\/the-beatus-maps-the-revelation-of-the-world-in-the-middle-ages\/"]}]},{"@type":"ImageObject","inLanguage":"en-US","@id":"https:\/\/www.comprarmejor.es\/en\/product\/the-beatus-maps-the-revelation-of-the-world-in-the-middle-ages\/#primaryimage","url":"https:\/\/www.comprarmejor.es\/wp-content\/uploads\/2015\/12\/DSC08683.jpg","contentUrl":"https:\/\/www.comprarmejor.es\/wp-content\/uploads\/2015\/12\/DSC08683.jpg","width":595,"height":578},{"@type":"BreadcrumbList","@id":"https:\/\/www.comprarmejor.es\/en\/product\/the-beatus-maps-the-revelation-of-the-world-in-the-middle-ages\/#breadcrumb","itemListElement":[{"@type":"ListItem","position":1,"name":"Portada","item":"https:\/\/www.comprarmejor.es\/en\/"},{"@type":"ListItem","position":2,"name":"Shop","item":"https:\/\/www.comprarmejor.es\/en\/shop\/"},{"@type":"ListItem","position":3,"name":"The Beatus Maps. The revelation of the world in the Middle Ages"}]},{"@type":"WebSite","@id":"https:\/\/www.comprarmejor.es\/en\/#website","url":"https:\/\/www.comprarmejor.es\/en\/","name":"ComprarMejor","description":"ComprarMejor","publisher":{"@id":"https:\/\/www.comprarmejor.es\/en\/#organization"},"potentialAction":[{"@type":"SearchAction","target":{"@type":"EntryPoint","urlTemplate":"https:\/\/www.comprarmejor.es\/en\/?s={search_term_string}"},"query-input":{"@type":"PropertyValueSpecification","valueRequired":true,"valueName":"search_term_string"}}],"inLanguage":"en-US"},{"@type":"Organization","@id":"https:\/\/www.comprarmejor.es\/en\/#organization","name":"COMPRAR MEJOR","url":"https:\/\/www.comprarmejor.es\/en\/","logo":{"@type":"ImageObject","inLanguage":"en-US","@id":"https:\/\/www.comprarmejor.es\/en\/#\/schema\/logo\/image\/","url":"https:\/\/www.comprarmejor.es\/wp-content\/uploads\/2025\/09\/comprarmejortrinidad.jpg","contentUrl":"https:\/\/www.comprarmejor.es\/wp-content\/uploads\/2025\/09\/comprarmejortrinidad.jpg","width":1022,"height":1380,"caption":"COMPRAR MEJOR"},"image":{"@id":"https:\/\/www.comprarmejor.es\/en\/#\/schema\/logo\/image\/"},"sameAs":["https:\/\/www.instagram.com\/amigosdelcodice"]}]}},"_links":{"self":[{"href":"https:\/\/www.comprarmejor.es\/en\/wp-json\/wp\/v2\/product\/50367","targetHints":{"allow":["GET"]}}],"collection":[{"href":"https:\/\/www.comprarmejor.es\/en\/wp-json\/wp\/v2\/product"}],"about":[{"href":"https:\/\/www.comprarmejor.es\/en\/wp-json\/wp\/v2\/types\/product"}],"wp:featuredmedia":[{"embeddable":true,"href":"https:\/\/www.comprarmejor.es\/en\/wp-json\/wp\/v2\/media\/103494"}],"wp:attachment":[{"href":"https:\/\/www.comprarmejor.es\/en\/wp-json\/wp\/v2\/media?parent=50367"}],"wp:term":[{"taxonomy":"product_brand","embeddable":true,"href":"https:\/\/www.comprarmejor.es\/en\/wp-json\/wp\/v2\/product_brand?post=50367"},{"taxonomy":"product_cat","embeddable":true,"href":"https:\/\/www.comprarmejor.es\/en\/wp-json\/wp\/v2\/product_cat?post=50367"},{"taxonomy":"product_tag","embeddable":true,"href":"https:\/\/www.comprarmejor.es\/en\/wp-json\/wp\/v2\/product_tag?post=50367"}],"curies":[{"name":"wp","href":"https:\/\/api.w.org\/{rel}","templated":true}]}}