{"id":50385,"date":"2015-12-19T13:10:18","date_gmt":"2015-12-19T12:10:18","guid":{"rendered":"https:\/\/www.comprarmejor.es\/producto\/lapidary-first-king-alfonso-x-the-wise-1253\/"},"modified":"2019-08-29T15:40:57","modified_gmt":"2019-08-29T13:40:57","slug":"lapidary-first-king-alfonso-x-the-wise-1253","status":"publish","type":"product","link":"https:\/\/www.comprarmejor.es\/en\/product\/lapidary-first-king-alfonso-x-the-wise-1253\/","title":{"rendered":"Lapidary first King Alfonso X the Wise, 1253"},"content":{"rendered":"<p style=\"text-align:justify;\"><span id=\"result_box\" lang=\"en\" xml:lang=\"en\"><span title=\"Lapidario de Alfonso X el Sabio.\">Lapidary of Alfonso X the Wise. <\/span><span title=\"Edici\u00f3n facs\u00edmile del primer Lapidario contenido en los primeros 94 folios del manuscrito hI15 de la Biblioteca de El Escorial (Madrid), a su tama\u00f1o original (29,1 x 40,2 cm), sobre papel pergamino impreso a 8+8 colores,\">Lapidary facsimile of the first edition contained in the first 94 pages of the manuscript hI15 Library of El Escorial (Madrid), to its original size (29.1 x 40.2 cm), printed on parchment paper 8 + 8 colors, <\/span><span title=\"que reproducen, con la mayor fidelidad, sus 638 miniaturas e iniciales policromadas.\">reproducing, as faithfully, its 638 polychrome miniatures and initials. <\/span><span title=\"El volumen complementario, de igual formato que el facs\u00edmile y encuadernado, como \u00e9l, en tabla recubierta de piel y estampada en seco, tiene, en sus 256 p\u00e1ginas, tres estudios: uno con la transcripci\u00f3n del texto castellano por Mar\u00eda Brey Mari\u00f1o, un segundo\">The companion volume, the same format as the facsimile and bound, like him, on wood covered with dry skin and stamped, has, in its 256 pages, three studies: one text transcription Castilian by Maria Brey Mari\u00f1o, a second <\/span><span title=\", de car\u00e1cter cient\u00edfico, estudia las constelaciones, las piedras y minerales y sus aplicaciones en medicina, alquimia, magia, etc.\">, scientific, studying the constellations, rocks and minerals and their applications in medicine, alchemy, magic, etc. <\/span><span title=\"y corre a cargo de Jos\u00e9 Luis Amor\u00f3s Portol\u00e9s;\">and is run by Jose Luis Amoros Portol\u00e9s; <\/span><span title=\"y, por \u00faltimo, un estudio pormenorizado sobre astrolog\u00eda y arte en el Lapidario, realizado por la especialista Ana Dom\u00ednguez Rodr\u00edguez.\">and, finally, a detailed study of astrology and art in the Lapidary, conducted by the specialist Ana Dominguez Rodriguez.<\/p>\n<p><\/span><span title=\"El Lapidario es el primer libro que sali\u00f3 del taller de Alfonso X el Sabio en 1253, con el que se abre la etapa creadora del Rey (el Axedrez, Dados et Tablas, de 1284, la cierra).\">The Lapidary is the first book that came out of the workshop of Alfonso X the Wise in 1253, with the creative stage of the King (the Axedrez, Dados et Tablas, 1284, closes it) opens. <\/span><span title=\"Es tambi\u00e9n el primer libro escrito en prosa castellana, y el primer gran libro cient\u00edfico que se escribi\u00f3 en la Pen\u00ednsula Ib\u00e9rica.\">It is also the first book written in Castilian prose, and the first big scientific book written in the Iberian Peninsula.<\/p>\n<p><\/span><span title=\"Facs\u00edmile realizado en 1982. Edici\u00f3n limitada y numerada por Patrimonio Nacional.\">Facsimile made in 1982. Limited edition and numbered by National Heritage.<\/p>\n<p><\/span><span title=\"Gastos de env\u00edo por cuenta del comprador, seg\u00fan pedido y destino.\">Shipping by the buyer, upon request and destination.\u00a0<\/span><span title=\"Cons\u00faltenos cualquier duda, as\u00ed como por cualquier otro facs\u00edmile que est\u00e9 buscando.\"><a class=\"btn btn-default\" href=\"http:\/\/comprarmejor.es\/en\/contact\">Ask us<\/a> any questions and any other fax you are looking for.<\/span><\/span><\/p>\n","protected":false},"excerpt":{"rendered":"<p style=\"text-align:justify;\"><span id=\"result_box\" lang=\"en\" xml:lang=\"en\"><span title=\"El Lapidario es el primer libro que sali\u00f3 del taller de Alfonso X el Sabio en 1253, con el que se abre la etapa creadora del Rey (el Axedrez, Dados et Tablas, de 1284, la cierra).\">The Lapidary is the first book that came out of the workshop of Alfonso X the Wise in 1253, with the creative stage of the King (the Axedrez, Dados et Tablas, 1284, closes it) opens. <\/span><span title=\"Es tambi\u00e9n el primer libro escrito en prosa castellana, y el primer gran libro cient\u00edfico que se escribi\u00f3 en la Pen\u00ednsula Ib\u00e9rica.\">It is also the first book written in Castilian prose, and the first big scientific book written in the Iberian Peninsula.<\/span><\/span><\/p>\n","protected":false},"featured_media":50381,"template":"","meta":[],"product_brand":[],"product_cat":[2184,2250],"product_tag":[5762,3984],"class_list":{"0":"post-50385","1":"product","2":"type-product","3":"status-publish","4":"has-post-thumbnail","6":"product_cat-facsimiles-editions","7":"product_cat-other-facsimiles","8":"product_tag-alfonso-x-el-sabio-en","9":"product_tag-escorial-en-2","10":"product_shipping_class-from-6-to-10-kg","11":"description-off","13":"first","14":"instock","15":"sale","16":"taxable","17":"shipping-taxable","18":"purchasable","19":"product-type-simple"},"yoast_head":"<!-- This site is optimized with the Yoast SEO plugin v27.3 - https:\/\/yoast.com\/product\/yoast-seo-wordpress\/ -->\n<title>Lapidary first King Alfonso X the Wise, 1253<\/title>\n<meta name=\"description\" content=\"The Lapidary is the first book that came out of the workshop of Alfonso X the Wise in 1253, with the creative stage of the King Wise.\" \/>\n<meta name=\"robots\" content=\"index, follow, max-snippet:-1, max-image-preview:large, max-video-preview:-1\" \/>\n<link rel=\"canonical\" href=\"https:\/\/www.comprarmejor.es\/en\/product\/lapidary-first-king-alfonso-x-the-wise-1253\/\" \/>\n<meta property=\"og:locale\" content=\"en_US\" \/>\n<meta property=\"og:type\" content=\"article\" \/>\n<meta property=\"og:title\" content=\"Lapidary first King Alfonso X the Wise, 1253\" \/>\n<meta property=\"og:description\" content=\"The Lapidary is the first book that came out of the workshop of Alfonso X the Wise in 1253, with the creative stage of the King Wise.\" \/>\n<meta property=\"og:url\" content=\"https:\/\/www.comprarmejor.es\/en\/product\/lapidary-first-king-alfonso-x-the-wise-1253\/\" \/>\n<meta property=\"og:site_name\" content=\"ComprarMejor\" \/>\n<meta property=\"article:modified_time\" content=\"2019-08-29T13:40:57+00:00\" \/>\n<meta property=\"og:image\" content=\"https:\/\/www.comprarmejor.es\/wp-content\/uploads\/2015\/12\/p_1_9_5_8_1958-Primer-Lapidario-del-Rey-Alfonso-X-el-Sabio-ano-1253.jpg\" \/>\n\t<meta property=\"og:image:width\" content=\"487\" \/>\n\t<meta property=\"og:image:height\" content=\"492\" \/>\n\t<meta property=\"og:image:type\" content=\"image\/jpeg\" \/>\n<meta name=\"twitter:card\" content=\"summary_large_image\" \/>\n<meta name=\"twitter:label1\" content=\"Est. reading time\" \/>\n\t<meta name=\"twitter:data1\" content=\"1 minute\" \/>\n<script type=\"application\/ld+json\" class=\"yoast-schema-graph\">{\"@context\":\"https:\\\/\\\/schema.org\",\"@graph\":[{\"@type\":\"WebPage\",\"@id\":\"https:\\\/\\\/www.comprarmejor.es\\\/en\\\/product\\\/lapidary-first-king-alfonso-x-the-wise-1253\\\/\",\"url\":\"https:\\\/\\\/www.comprarmejor.es\\\/en\\\/product\\\/lapidary-first-king-alfonso-x-the-wise-1253\\\/\",\"name\":\"Lapidary first King Alfonso X the Wise, 1253\",\"isPartOf\":{\"@id\":\"https:\\\/\\\/www.comprarmejor.es\\\/en\\\/#website\"},\"primaryImageOfPage\":{\"@id\":\"https:\\\/\\\/www.comprarmejor.es\\\/en\\\/product\\\/lapidary-first-king-alfonso-x-the-wise-1253\\\/#primaryimage\"},\"image\":{\"@id\":\"https:\\\/\\\/www.comprarmejor.es\\\/en\\\/product\\\/lapidary-first-king-alfonso-x-the-wise-1253\\\/#primaryimage\"},\"thumbnailUrl\":\"https:\\\/\\\/www.comprarmejor.es\\\/wp-content\\\/uploads\\\/2015\\\/12\\\/p_1_9_5_8_1958-Primer-Lapidario-del-Rey-Alfonso-X-el-Sabio-ano-1253.jpg\",\"datePublished\":\"2015-12-19T12:10:18+00:00\",\"dateModified\":\"2019-08-29T13:40:57+00:00\",\"description\":\"The Lapidary is the first book that came out of the workshop of Alfonso X the Wise in 1253, with the creative stage of the King Wise.\",\"breadcrumb\":{\"@id\":\"https:\\\/\\\/www.comprarmejor.es\\\/en\\\/product\\\/lapidary-first-king-alfonso-x-the-wise-1253\\\/#breadcrumb\"},\"inLanguage\":\"en-US\",\"potentialAction\":[{\"@type\":\"ReadAction\",\"target\":[\"https:\\\/\\\/www.comprarmejor.es\\\/en\\\/product\\\/lapidary-first-king-alfonso-x-the-wise-1253\\\/\"]}]},{\"@type\":\"ImageObject\",\"inLanguage\":\"en-US\",\"@id\":\"https:\\\/\\\/www.comprarmejor.es\\\/en\\\/product\\\/lapidary-first-king-alfonso-x-the-wise-1253\\\/#primaryimage\",\"url\":\"https:\\\/\\\/www.comprarmejor.es\\\/wp-content\\\/uploads\\\/2015\\\/12\\\/p_1_9_5_8_1958-Primer-Lapidario-del-Rey-Alfonso-X-el-Sabio-ano-1253.jpg\",\"contentUrl\":\"https:\\\/\\\/www.comprarmejor.es\\\/wp-content\\\/uploads\\\/2015\\\/12\\\/p_1_9_5_8_1958-Primer-Lapidario-del-Rey-Alfonso-X-el-Sabio-ano-1253.jpg\",\"width\":487,\"height\":492},{\"@type\":\"BreadcrumbList\",\"@id\":\"https:\\\/\\\/www.comprarmejor.es\\\/en\\\/product\\\/lapidary-first-king-alfonso-x-the-wise-1253\\\/#breadcrumb\",\"itemListElement\":[{\"@type\":\"ListItem\",\"position\":1,\"name\":\"Portada\",\"item\":\"https:\\\/\\\/www.comprarmejor.es\\\/en\\\/\"},{\"@type\":\"ListItem\",\"position\":2,\"name\":\"Shop\",\"item\":\"https:\\\/\\\/www.comprarmejor.es\\\/en\\\/shop\\\/\"},{\"@type\":\"ListItem\",\"position\":3,\"name\":\"Lapidary first King Alfonso X the Wise, 1253\"}]},{\"@type\":\"WebSite\",\"@id\":\"https:\\\/\\\/www.comprarmejor.es\\\/en\\\/#website\",\"url\":\"https:\\\/\\\/www.comprarmejor.es\\\/en\\\/\",\"name\":\"ComprarMejor\",\"description\":\"ComprarMejor\",\"publisher\":{\"@id\":\"https:\\\/\\\/www.comprarmejor.es\\\/en\\\/#organization\"},\"potentialAction\":[{\"@type\":\"SearchAction\",\"target\":{\"@type\":\"EntryPoint\",\"urlTemplate\":\"https:\\\/\\\/www.comprarmejor.es\\\/en\\\/?s={search_term_string}\"},\"query-input\":{\"@type\":\"PropertyValueSpecification\",\"valueRequired\":true,\"valueName\":\"search_term_string\"}}],\"inLanguage\":\"en-US\"},{\"@type\":\"Organization\",\"@id\":\"https:\\\/\\\/www.comprarmejor.es\\\/en\\\/#organization\",\"name\":\"COMPRAR MEJOR\",\"url\":\"https:\\\/\\\/www.comprarmejor.es\\\/en\\\/\",\"logo\":{\"@type\":\"ImageObject\",\"inLanguage\":\"en-US\",\"@id\":\"https:\\\/\\\/www.comprarmejor.es\\\/en\\\/#\\\/schema\\\/logo\\\/image\\\/\",\"url\":\"https:\\\/\\\/www.comprarmejor.es\\\/wp-content\\\/uploads\\\/2025\\\/09\\\/comprarmejortrinidad.jpg\",\"contentUrl\":\"https:\\\/\\\/www.comprarmejor.es\\\/wp-content\\\/uploads\\\/2025\\\/09\\\/comprarmejortrinidad.jpg\",\"width\":1022,\"height\":1380,\"caption\":\"COMPRAR MEJOR\"},\"image\":{\"@id\":\"https:\\\/\\\/www.comprarmejor.es\\\/en\\\/#\\\/schema\\\/logo\\\/image\\\/\"},\"sameAs\":[\"https:\\\/\\\/www.instagram.com\\\/amigosdelcodice\"]}]}<\/script>\n<!-- \/ Yoast SEO plugin. -->","yoast_head_json":{"title":"Lapidary first King Alfonso X the Wise, 1253","description":"The Lapidary is the first book that came out of the workshop of Alfonso X the Wise in 1253, with the creative stage of the King Wise.","robots":{"index":"index","follow":"follow","max-snippet":"max-snippet:-1","max-image-preview":"max-image-preview:large","max-video-preview":"max-video-preview:-1"},"canonical":"https:\/\/www.comprarmejor.es\/en\/product\/lapidary-first-king-alfonso-x-the-wise-1253\/","og_locale":"en_US","og_type":"article","og_title":"Lapidary first King Alfonso X the Wise, 1253","og_description":"The Lapidary is the first book that came out of the workshop of Alfonso X the Wise in 1253, with the creative stage of the King Wise.","og_url":"https:\/\/www.comprarmejor.es\/en\/product\/lapidary-first-king-alfonso-x-the-wise-1253\/","og_site_name":"ComprarMejor","article_modified_time":"2019-08-29T13:40:57+00:00","og_image":[{"width":487,"height":492,"url":"https:\/\/www.comprarmejor.es\/wp-content\/uploads\/2015\/12\/p_1_9_5_8_1958-Primer-Lapidario-del-Rey-Alfonso-X-el-Sabio-ano-1253.jpg","type":"image\/jpeg"}],"twitter_card":"summary_large_image","twitter_misc":{"Est. reading time":"1 minute"},"schema":{"@context":"https:\/\/schema.org","@graph":[{"@type":"WebPage","@id":"https:\/\/www.comprarmejor.es\/en\/product\/lapidary-first-king-alfonso-x-the-wise-1253\/","url":"https:\/\/www.comprarmejor.es\/en\/product\/lapidary-first-king-alfonso-x-the-wise-1253\/","name":"Lapidary first King Alfonso X the Wise, 1253","isPartOf":{"@id":"https:\/\/www.comprarmejor.es\/en\/#website"},"primaryImageOfPage":{"@id":"https:\/\/www.comprarmejor.es\/en\/product\/lapidary-first-king-alfonso-x-the-wise-1253\/#primaryimage"},"image":{"@id":"https:\/\/www.comprarmejor.es\/en\/product\/lapidary-first-king-alfonso-x-the-wise-1253\/#primaryimage"},"thumbnailUrl":"https:\/\/www.comprarmejor.es\/wp-content\/uploads\/2015\/12\/p_1_9_5_8_1958-Primer-Lapidario-del-Rey-Alfonso-X-el-Sabio-ano-1253.jpg","datePublished":"2015-12-19T12:10:18+00:00","dateModified":"2019-08-29T13:40:57+00:00","description":"The Lapidary is the first book that came out of the workshop of Alfonso X the Wise in 1253, with the creative stage of the King Wise.","breadcrumb":{"@id":"https:\/\/www.comprarmejor.es\/en\/product\/lapidary-first-king-alfonso-x-the-wise-1253\/#breadcrumb"},"inLanguage":"en-US","potentialAction":[{"@type":"ReadAction","target":["https:\/\/www.comprarmejor.es\/en\/product\/lapidary-first-king-alfonso-x-the-wise-1253\/"]}]},{"@type":"ImageObject","inLanguage":"en-US","@id":"https:\/\/www.comprarmejor.es\/en\/product\/lapidary-first-king-alfonso-x-the-wise-1253\/#primaryimage","url":"https:\/\/www.comprarmejor.es\/wp-content\/uploads\/2015\/12\/p_1_9_5_8_1958-Primer-Lapidario-del-Rey-Alfonso-X-el-Sabio-ano-1253.jpg","contentUrl":"https:\/\/www.comprarmejor.es\/wp-content\/uploads\/2015\/12\/p_1_9_5_8_1958-Primer-Lapidario-del-Rey-Alfonso-X-el-Sabio-ano-1253.jpg","width":487,"height":492},{"@type":"BreadcrumbList","@id":"https:\/\/www.comprarmejor.es\/en\/product\/lapidary-first-king-alfonso-x-the-wise-1253\/#breadcrumb","itemListElement":[{"@type":"ListItem","position":1,"name":"Portada","item":"https:\/\/www.comprarmejor.es\/en\/"},{"@type":"ListItem","position":2,"name":"Shop","item":"https:\/\/www.comprarmejor.es\/en\/shop\/"},{"@type":"ListItem","position":3,"name":"Lapidary first King Alfonso X the Wise, 1253"}]},{"@type":"WebSite","@id":"https:\/\/www.comprarmejor.es\/en\/#website","url":"https:\/\/www.comprarmejor.es\/en\/","name":"ComprarMejor","description":"ComprarMejor","publisher":{"@id":"https:\/\/www.comprarmejor.es\/en\/#organization"},"potentialAction":[{"@type":"SearchAction","target":{"@type":"EntryPoint","urlTemplate":"https:\/\/www.comprarmejor.es\/en\/?s={search_term_string}"},"query-input":{"@type":"PropertyValueSpecification","valueRequired":true,"valueName":"search_term_string"}}],"inLanguage":"en-US"},{"@type":"Organization","@id":"https:\/\/www.comprarmejor.es\/en\/#organization","name":"COMPRAR MEJOR","url":"https:\/\/www.comprarmejor.es\/en\/","logo":{"@type":"ImageObject","inLanguage":"en-US","@id":"https:\/\/www.comprarmejor.es\/en\/#\/schema\/logo\/image\/","url":"https:\/\/www.comprarmejor.es\/wp-content\/uploads\/2025\/09\/comprarmejortrinidad.jpg","contentUrl":"https:\/\/www.comprarmejor.es\/wp-content\/uploads\/2025\/09\/comprarmejortrinidad.jpg","width":1022,"height":1380,"caption":"COMPRAR MEJOR"},"image":{"@id":"https:\/\/www.comprarmejor.es\/en\/#\/schema\/logo\/image\/"},"sameAs":["https:\/\/www.instagram.com\/amigosdelcodice"]}]}},"_links":{"self":[{"href":"https:\/\/www.comprarmejor.es\/en\/wp-json\/wp\/v2\/product\/50385","targetHints":{"allow":["GET"]}}],"collection":[{"href":"https:\/\/www.comprarmejor.es\/en\/wp-json\/wp\/v2\/product"}],"about":[{"href":"https:\/\/www.comprarmejor.es\/en\/wp-json\/wp\/v2\/types\/product"}],"wp:featuredmedia":[{"embeddable":true,"href":"https:\/\/www.comprarmejor.es\/en\/wp-json\/wp\/v2\/media\/50381"}],"wp:attachment":[{"href":"https:\/\/www.comprarmejor.es\/en\/wp-json\/wp\/v2\/media?parent=50385"}],"wp:term":[{"taxonomy":"product_brand","embeddable":true,"href":"https:\/\/www.comprarmejor.es\/en\/wp-json\/wp\/v2\/product_brand?post=50385"},{"taxonomy":"product_cat","embeddable":true,"href":"https:\/\/www.comprarmejor.es\/en\/wp-json\/wp\/v2\/product_cat?post=50385"},{"taxonomy":"product_tag","embeddable":true,"href":"https:\/\/www.comprarmejor.es\/en\/wp-json\/wp\/v2\/product_tag?post=50385"}],"curies":[{"name":"wp","href":"https:\/\/api.w.org\/{rel}","templated":true}]}}