{"id":50397,"date":"2015-12-21T23:48:43","date_gmt":"2015-12-21T22:48:43","guid":{"rendered":"https:\/\/www.comprarmejor.es\/producto\/2009-luis-alberto-de-cuenca-twelve-poems\/"},"modified":"2022-06-16T11:05:20","modified_gmt":"2022-06-16T09:05:20","slug":"study-book-of-the-book-of-hours-of-queen-eleanor-of-portugal","status":"publish","type":"product","link":"https:\/\/www.comprarmejor.es\/en\/product\/study-book-of-the-book-of-hours-of-queen-eleanor-of-portugal\/","title":{"rendered":"Study book of the Book of Hours of Queen Eleanor of Portugal"},"content":{"rendered":"<p style=\"text-align: justify;\">Study book co-published in 2018 by the publishers Taberna Libraria and A4 Edicions, with texts in Portuguese, of the Book of Hours of Queen Do\u00f1a Leonor of Portugal, also known as Las Ricas Horas de Vrelant. This codex is the masterpiece of the Grisaille miniature (grisaille technique). In Portuguese: As Perfeit\u00edssimas Horas da rainha D. Leonor, or Livro de Horas de a rainha Leonor de Portugal.<\/p>\n<p style=\"text-align: justify;\">The Book of Hours was edited by the Sorl\u00ed publishing house in 2007, but the corresponding book of studies was never published, as it became extinct.<\/p>\n<p style=\"text-align: justify;\">This article corresponds exclusively to the study book, it does NOT contain the facsimile of the illuminated manuscript, which can also be found on this same website.<\/p>\n<p style=\"text-align: justify;\">Illustrated hardcover binding, 23.3 x 31 cm format. 208 pages illustrated in color and with texts in Portuguese by D\u00aa Delmira Espada Cust\u00f3dio.<\/p>\n<p style=\"text-align: justify;\">Copy in perfect condition, new, unused.<\/p>\n<p style=\"text-align: justify;\"><span title=\"Cons\u00faltenos cualquier duda, as\u00ed como por el art\u00edculo u obra que est\u00e9 buscando.\"><a class=\"btn btn-default\" href=\"https:\/\/www.comprarmejor.es\/en\/contact\">Consult<\/a> any<span class=\"VIiyi\" lang=\"en\"><span class=\"JLqJ4b\" data-language-for-alternatives=\"en\" data-language-to-translate-into=\"es\" data-phrase-index=\"0\" data-number-of-phrases=\"1\"><span class=\"Q4iAWc\"> questions you may have, indicating the article reference.<\/span><\/span><\/span><\/span><\/p>\n","protected":false},"excerpt":{"rendered":"<p style=\"text-align: justify;\"><span id=\"result_box\" lang=\"en\" xml:lang=\"en\"><span title=\"Publicada en 2009 en Valladolid en un formato muy especial: hojas en rama, metidas en una carpetilla ya su vez todo metido en un estuche de madera.\"><span class=\"VIiyi\" lang=\"en\"><span class=\"JLqJ4b\" data-language-for-alternatives=\"en\" data-language-to-translate-into=\"es\" data-phrase-index=\"0\" data-number-of-phrases=\"1\"><span class=\"Q4iAWc\">Study book co-published in 2018 by the publishers Taberna Libraria and A4 Edicions, with texts in Portuguese, of the Book of Hours of Queen Do\u00f1a Leonor of Portugal,<\/span><\/span><\/span><\/span><\/span><\/p>\n","protected":false},"featured_media":76958,"template":"","meta":[],"product_brand":[],"product_cat":[2246],"product_tag":[5122,4274,4519,4008,4090,4007],"class_list":{"0":"post-50397","1":"product","2":"type-product","3":"status-publish","4":"has-post-thumbnail","6":"product_cat-study-books","7":"product_tag-hours-en","8":"product_tag-leonor-en-2","9":"product_tag-libraria-en-2","10":"product_tag-portugal-en","11":"product_tag-taberna-en","12":"product_tag-vrelant-en","13":"product_shipping_class-from-0-to-1-kg","14":"description-off","16":"first","17":"instock","18":"taxable","19":"shipping-taxable","20":"purchasable","21":"product-type-simple"},"yoast_head":"<!-- This site is optimized with the Yoast SEO plugin v27.3 - https:\/\/yoast.com\/product\/yoast-seo-wordpress\/ -->\n<title>Study book of the Book of Hours of Queen Eleanor of Portugal<\/title>\n<meta name=\"description\" content=\"Study book by the Taberna Libraria and A4 Edicions, with texts in Portuguese, of the Book of Hours of Queen Do\u00f1a Leonor of Portugal\" \/>\n<meta name=\"robots\" content=\"index, follow, max-snippet:-1, max-image-preview:large, max-video-preview:-1\" \/>\n<link rel=\"canonical\" href=\"https:\/\/www.comprarmejor.es\/en\/product\/study-book-of-the-book-of-hours-of-queen-eleanor-of-portugal\/\" \/>\n<meta property=\"og:locale\" content=\"en_US\" \/>\n<meta property=\"og:type\" content=\"article\" \/>\n<meta property=\"og:title\" content=\"Study book of the Book of Hours of Queen Eleanor of Portugal\" \/>\n<meta property=\"og:description\" content=\"Study book by the Taberna Libraria and A4 Edicions, with texts in Portuguese, of the Book of Hours of Queen Do\u00f1a Leonor of Portugal\" \/>\n<meta property=\"og:url\" content=\"https:\/\/www.comprarmejor.es\/en\/product\/study-book-of-the-book-of-hours-of-queen-eleanor-of-portugal\/\" \/>\n<meta property=\"og:site_name\" content=\"ComprarMejor\" \/>\n<meta property=\"article:modified_time\" content=\"2022-06-16T09:05:20+00:00\" \/>\n<meta property=\"og:image\" content=\"https:\/\/www.comprarmejor.es\/wp-content\/uploads\/2022\/06\/DSC00060.jpg\" \/>\n\t<meta property=\"og:image:width\" content=\"549\" \/>\n\t<meta property=\"og:image:height\" content=\"600\" \/>\n\t<meta property=\"og:image:type\" content=\"image\/jpeg\" \/>\n<meta name=\"twitter:card\" content=\"summary_large_image\" \/>\n<meta name=\"twitter:label1\" content=\"Est. reading time\" \/>\n\t<meta name=\"twitter:data1\" content=\"1 minute\" \/>\n<script type=\"application\/ld+json\" class=\"yoast-schema-graph\">{\"@context\":\"https:\\\/\\\/schema.org\",\"@graph\":[{\"@type\":\"WebPage\",\"@id\":\"https:\\\/\\\/www.comprarmejor.es\\\/en\\\/product\\\/study-book-of-the-book-of-hours-of-queen-eleanor-of-portugal\\\/\",\"url\":\"https:\\\/\\\/www.comprarmejor.es\\\/en\\\/product\\\/study-book-of-the-book-of-hours-of-queen-eleanor-of-portugal\\\/\",\"name\":\"Study book of the Book of Hours of Queen Eleanor of Portugal\",\"isPartOf\":{\"@id\":\"https:\\\/\\\/www.comprarmejor.es\\\/en\\\/#website\"},\"primaryImageOfPage\":{\"@id\":\"https:\\\/\\\/www.comprarmejor.es\\\/en\\\/product\\\/study-book-of-the-book-of-hours-of-queen-eleanor-of-portugal\\\/#primaryimage\"},\"image\":{\"@id\":\"https:\\\/\\\/www.comprarmejor.es\\\/en\\\/product\\\/study-book-of-the-book-of-hours-of-queen-eleanor-of-portugal\\\/#primaryimage\"},\"thumbnailUrl\":\"https:\\\/\\\/www.comprarmejor.es\\\/wp-content\\\/uploads\\\/2022\\\/06\\\/DSC00060.jpg\",\"datePublished\":\"2015-12-21T22:48:43+00:00\",\"dateModified\":\"2022-06-16T09:05:20+00:00\",\"description\":\"Study book by the Taberna Libraria and A4 Edicions, with texts in Portuguese, of the Book of Hours of Queen Do\u00f1a Leonor of Portugal\",\"breadcrumb\":{\"@id\":\"https:\\\/\\\/www.comprarmejor.es\\\/en\\\/product\\\/study-book-of-the-book-of-hours-of-queen-eleanor-of-portugal\\\/#breadcrumb\"},\"inLanguage\":\"en-US\",\"potentialAction\":[{\"@type\":\"ReadAction\",\"target\":[\"https:\\\/\\\/www.comprarmejor.es\\\/en\\\/product\\\/study-book-of-the-book-of-hours-of-queen-eleanor-of-portugal\\\/\"]}]},{\"@type\":\"ImageObject\",\"inLanguage\":\"en-US\",\"@id\":\"https:\\\/\\\/www.comprarmejor.es\\\/en\\\/product\\\/study-book-of-the-book-of-hours-of-queen-eleanor-of-portugal\\\/#primaryimage\",\"url\":\"https:\\\/\\\/www.comprarmejor.es\\\/wp-content\\\/uploads\\\/2022\\\/06\\\/DSC00060.jpg\",\"contentUrl\":\"https:\\\/\\\/www.comprarmejor.es\\\/wp-content\\\/uploads\\\/2022\\\/06\\\/DSC00060.jpg\",\"width\":549,\"height\":600},{\"@type\":\"BreadcrumbList\",\"@id\":\"https:\\\/\\\/www.comprarmejor.es\\\/en\\\/product\\\/study-book-of-the-book-of-hours-of-queen-eleanor-of-portugal\\\/#breadcrumb\",\"itemListElement\":[{\"@type\":\"ListItem\",\"position\":1,\"name\":\"Portada\",\"item\":\"https:\\\/\\\/www.comprarmejor.es\\\/en\\\/\"},{\"@type\":\"ListItem\",\"position\":2,\"name\":\"Shop\",\"item\":\"https:\\\/\\\/www.comprarmejor.es\\\/en\\\/shop\\\/\"},{\"@type\":\"ListItem\",\"position\":3,\"name\":\"Study book of the Book of Hours of Queen Eleanor of Portugal\"}]},{\"@type\":\"WebSite\",\"@id\":\"https:\\\/\\\/www.comprarmejor.es\\\/en\\\/#website\",\"url\":\"https:\\\/\\\/www.comprarmejor.es\\\/en\\\/\",\"name\":\"ComprarMejor\",\"description\":\"ComprarMejor\",\"publisher\":{\"@id\":\"https:\\\/\\\/www.comprarmejor.es\\\/en\\\/#organization\"},\"potentialAction\":[{\"@type\":\"SearchAction\",\"target\":{\"@type\":\"EntryPoint\",\"urlTemplate\":\"https:\\\/\\\/www.comprarmejor.es\\\/en\\\/?s={search_term_string}\"},\"query-input\":{\"@type\":\"PropertyValueSpecification\",\"valueRequired\":true,\"valueName\":\"search_term_string\"}}],\"inLanguage\":\"en-US\"},{\"@type\":\"Organization\",\"@id\":\"https:\\\/\\\/www.comprarmejor.es\\\/en\\\/#organization\",\"name\":\"COMPRAR MEJOR\",\"url\":\"https:\\\/\\\/www.comprarmejor.es\\\/en\\\/\",\"logo\":{\"@type\":\"ImageObject\",\"inLanguage\":\"en-US\",\"@id\":\"https:\\\/\\\/www.comprarmejor.es\\\/en\\\/#\\\/schema\\\/logo\\\/image\\\/\",\"url\":\"https:\\\/\\\/www.comprarmejor.es\\\/wp-content\\\/uploads\\\/2025\\\/09\\\/comprarmejortrinidad.jpg\",\"contentUrl\":\"https:\\\/\\\/www.comprarmejor.es\\\/wp-content\\\/uploads\\\/2025\\\/09\\\/comprarmejortrinidad.jpg\",\"width\":1022,\"height\":1380,\"caption\":\"COMPRAR MEJOR\"},\"image\":{\"@id\":\"https:\\\/\\\/www.comprarmejor.es\\\/en\\\/#\\\/schema\\\/logo\\\/image\\\/\"},\"sameAs\":[\"https:\\\/\\\/www.instagram.com\\\/amigosdelcodice\"]}]}<\/script>\n<!-- \/ Yoast SEO plugin. -->","yoast_head_json":{"title":"Study book of the Book of Hours of Queen Eleanor of Portugal","description":"Study book by the Taberna Libraria and A4 Edicions, with texts in Portuguese, of the Book of Hours of Queen Do\u00f1a Leonor of Portugal","robots":{"index":"index","follow":"follow","max-snippet":"max-snippet:-1","max-image-preview":"max-image-preview:large","max-video-preview":"max-video-preview:-1"},"canonical":"https:\/\/www.comprarmejor.es\/en\/product\/study-book-of-the-book-of-hours-of-queen-eleanor-of-portugal\/","og_locale":"en_US","og_type":"article","og_title":"Study book of the Book of Hours of Queen Eleanor of Portugal","og_description":"Study book by the Taberna Libraria and A4 Edicions, with texts in Portuguese, of the Book of Hours of Queen Do\u00f1a Leonor of Portugal","og_url":"https:\/\/www.comprarmejor.es\/en\/product\/study-book-of-the-book-of-hours-of-queen-eleanor-of-portugal\/","og_site_name":"ComprarMejor","article_modified_time":"2022-06-16T09:05:20+00:00","og_image":[{"width":549,"height":600,"url":"https:\/\/www.comprarmejor.es\/wp-content\/uploads\/2022\/06\/DSC00060.jpg","type":"image\/jpeg"}],"twitter_card":"summary_large_image","twitter_misc":{"Est. reading time":"1 minute"},"schema":{"@context":"https:\/\/schema.org","@graph":[{"@type":"WebPage","@id":"https:\/\/www.comprarmejor.es\/en\/product\/study-book-of-the-book-of-hours-of-queen-eleanor-of-portugal\/","url":"https:\/\/www.comprarmejor.es\/en\/product\/study-book-of-the-book-of-hours-of-queen-eleanor-of-portugal\/","name":"Study book of the Book of Hours of Queen Eleanor of Portugal","isPartOf":{"@id":"https:\/\/www.comprarmejor.es\/en\/#website"},"primaryImageOfPage":{"@id":"https:\/\/www.comprarmejor.es\/en\/product\/study-book-of-the-book-of-hours-of-queen-eleanor-of-portugal\/#primaryimage"},"image":{"@id":"https:\/\/www.comprarmejor.es\/en\/product\/study-book-of-the-book-of-hours-of-queen-eleanor-of-portugal\/#primaryimage"},"thumbnailUrl":"https:\/\/www.comprarmejor.es\/wp-content\/uploads\/2022\/06\/DSC00060.jpg","datePublished":"2015-12-21T22:48:43+00:00","dateModified":"2022-06-16T09:05:20+00:00","description":"Study book by the Taberna Libraria and A4 Edicions, with texts in Portuguese, of the Book of Hours of Queen Do\u00f1a Leonor of Portugal","breadcrumb":{"@id":"https:\/\/www.comprarmejor.es\/en\/product\/study-book-of-the-book-of-hours-of-queen-eleanor-of-portugal\/#breadcrumb"},"inLanguage":"en-US","potentialAction":[{"@type":"ReadAction","target":["https:\/\/www.comprarmejor.es\/en\/product\/study-book-of-the-book-of-hours-of-queen-eleanor-of-portugal\/"]}]},{"@type":"ImageObject","inLanguage":"en-US","@id":"https:\/\/www.comprarmejor.es\/en\/product\/study-book-of-the-book-of-hours-of-queen-eleanor-of-portugal\/#primaryimage","url":"https:\/\/www.comprarmejor.es\/wp-content\/uploads\/2022\/06\/DSC00060.jpg","contentUrl":"https:\/\/www.comprarmejor.es\/wp-content\/uploads\/2022\/06\/DSC00060.jpg","width":549,"height":600},{"@type":"BreadcrumbList","@id":"https:\/\/www.comprarmejor.es\/en\/product\/study-book-of-the-book-of-hours-of-queen-eleanor-of-portugal\/#breadcrumb","itemListElement":[{"@type":"ListItem","position":1,"name":"Portada","item":"https:\/\/www.comprarmejor.es\/en\/"},{"@type":"ListItem","position":2,"name":"Shop","item":"https:\/\/www.comprarmejor.es\/en\/shop\/"},{"@type":"ListItem","position":3,"name":"Study book of the Book of Hours of Queen Eleanor of Portugal"}]},{"@type":"WebSite","@id":"https:\/\/www.comprarmejor.es\/en\/#website","url":"https:\/\/www.comprarmejor.es\/en\/","name":"ComprarMejor","description":"ComprarMejor","publisher":{"@id":"https:\/\/www.comprarmejor.es\/en\/#organization"},"potentialAction":[{"@type":"SearchAction","target":{"@type":"EntryPoint","urlTemplate":"https:\/\/www.comprarmejor.es\/en\/?s={search_term_string}"},"query-input":{"@type":"PropertyValueSpecification","valueRequired":true,"valueName":"search_term_string"}}],"inLanguage":"en-US"},{"@type":"Organization","@id":"https:\/\/www.comprarmejor.es\/en\/#organization","name":"COMPRAR MEJOR","url":"https:\/\/www.comprarmejor.es\/en\/","logo":{"@type":"ImageObject","inLanguage":"en-US","@id":"https:\/\/www.comprarmejor.es\/en\/#\/schema\/logo\/image\/","url":"https:\/\/www.comprarmejor.es\/wp-content\/uploads\/2025\/09\/comprarmejortrinidad.jpg","contentUrl":"https:\/\/www.comprarmejor.es\/wp-content\/uploads\/2025\/09\/comprarmejortrinidad.jpg","width":1022,"height":1380,"caption":"COMPRAR MEJOR"},"image":{"@id":"https:\/\/www.comprarmejor.es\/en\/#\/schema\/logo\/image\/"},"sameAs":["https:\/\/www.instagram.com\/amigosdelcodice"]}]}},"_links":{"self":[{"href":"https:\/\/www.comprarmejor.es\/en\/wp-json\/wp\/v2\/product\/50397","targetHints":{"allow":["GET"]}}],"collection":[{"href":"https:\/\/www.comprarmejor.es\/en\/wp-json\/wp\/v2\/product"}],"about":[{"href":"https:\/\/www.comprarmejor.es\/en\/wp-json\/wp\/v2\/types\/product"}],"wp:featuredmedia":[{"embeddable":true,"href":"https:\/\/www.comprarmejor.es\/en\/wp-json\/wp\/v2\/media\/76958"}],"wp:attachment":[{"href":"https:\/\/www.comprarmejor.es\/en\/wp-json\/wp\/v2\/media?parent=50397"}],"wp:term":[{"taxonomy":"product_brand","embeddable":true,"href":"https:\/\/www.comprarmejor.es\/en\/wp-json\/wp\/v2\/product_brand?post=50397"},{"taxonomy":"product_cat","embeddable":true,"href":"https:\/\/www.comprarmejor.es\/en\/wp-json\/wp\/v2\/product_cat?post=50397"},{"taxonomy":"product_tag","embeddable":true,"href":"https:\/\/www.comprarmejor.es\/en\/wp-json\/wp\/v2\/product_tag?post=50397"}],"curies":[{"name":"wp","href":"https:\/\/api.w.org\/{rel}","templated":true}]}}