{"id":50447,"date":"2015-12-22T10:39:46","date_gmt":"2015-12-22T09:39:46","guid":{"rendered":"https:\/\/www.comprarmejor.es\/producto\/1844-easter-eggs-schmid-canon\/"},"modified":"2019-09-08T23:16:48","modified_gmt":"2019-09-08T21:16:48","slug":"1844-easter-eggs-schmid-canon","status":"publish","type":"product","link":"https:\/\/www.comprarmejor.es\/en\/product\/1844-easter-eggs-schmid-canon\/","title":{"rendered":"1844 Easter eggs, Schmid Canon"},"content":{"rendered":"<p style=\"text-align:justify;\"><span id=\"result_box\" lang=\"en\" xml:lang=\"en\"><span title=\"Primera edici\u00f3n en espa\u00f1ol de la obra \u201cLos huevos de pascuas\u201d, del Can\u00f3nigo Schmid (Christoph von Schmid), publicada en Madrid en 1844.\">Spanish first edition of the book &#8220;Easter eggs&#8221; of Canon Schmid (Christoph von Schmid), published in Madrid in 1844.<\/p>\n<p><\/span><span title=\"8\u00ba, formato 9 x 12,5 cm.\">8, 9 x 12.5 cm format. <\/span><span title=\"282 p\u00e1ginas.\">282 pages. <\/span><span title=\"Letras capitulares decoradas, vi\u00f1etas e ilustraciones calcogr\u00e1ficas.\">Decorated capital letters, cartoons and illustrations intaglio. <\/span><span title=\"Encuadernaci\u00f3n de \u00e9poca, holandesa en piel y tela con tipos e hierros dorados.\">Binding period, Dutch leather and fabric types and gilded irons. <\/span><span title=\"Cortes jaspeados.\">Marbled cuts. <\/span><span title=\"Se\u00f1ales de \u00f3xido en el papel, sin importancia;\">Signs of rust on paper, unimportant; <\/span><span title=\"en general, bastante bien.\">All in all pretty good.<\/p>\n<p><\/span><span title=\"Ejemplar muy raro en comercio.\">The sample is very rare in trade. <\/span><span title=\"En el CCPB (Cat\u00e1logo Colectivo del Patrimonio Bibliogr\u00e1fico Espa\u00f1ol) s\u00f3lo existen 5 ejemplares (CCPB000529967-5), uno en la Biblioteca P\u00fablica Lambert Mata de Ripoll (Gerona);\">In the CCP (Collective Catalogue of Spanish Bibliographic Heritage) there are only 5 copies (CCPB000529967-5), one in Lambert Mata Public Library of Ripoll (Gerona); <\/span><span title=\"otro en la Biblioteca P\u00fablica Municipal de Ferrol (La Coru\u00f1a);\">another in the Public Library of Ferrol (La Coruna); <\/span><span title=\"otro en la Biblioteca Central de Marina del Cuartel General de la Armada, Madrid;\">another at the Central Library Headquarters Marine Navy, Madrid; <\/span><span title=\"otro en la Biblioteca de la Abad\u00eda Benedictina de Santo Domingo de Silos, Burgos;\">one in the Library of the Benedictine Abbey of Santo Domingo de Silos, Burgos; <\/span><span title=\"y el \u00faltimo en una biblioteca privada de Castilla-Le\u00f3n.\">and the latest in a private library of Castilla-Leon.<\/p>\n<p><\/span><span title=\"Libro original de 1844, primera edici\u00f3n en espa\u00f1ol.\">1844 original book, first published in Spanish.<\/p>\n<p><\/span><span title=\"Christoph von Schmid (1768-1854) fue un escritor alem\u00e1n de cuentos infantiles y un educador.\">Christoph von Schmid (1768-1854) was a German writer of children&#8217;s stories and an educator. <\/span><span title=\"Sus historias eran muy populares y fueron traducidas a muchos idiomas.\">Their stories were very popular and were translated into many languages. <\/span><span title=\"Considerado por muchos cr\u00edticos como el pionero de la literatura juvenil.\">Considered by many critics as the pioneer of children&#8217;s literature.<\/p>\n<p><\/span><span title=\"Gastos de env\u00edo por cuenta del comprador, seg\u00fan pedido y destino.\">Shipping by the buyer, upon request and destination. <\/span><span title=\"Cons\u00faltenos cualquier duda, as\u00ed como por cualquier otro art\u00edculo u obra que est\u00e9 buscando.\"><a class=\"btn btn-default\" href=\"http:\/\/comprarmejor.es\/en\/contact\">Ask us<\/a> any questions and any other article or work you are seeking.<\/span><\/span><\/p>\n","protected":false},"excerpt":{"rendered":"<p style=\"text-align:justify;\"><span id=\"result_box\" lang=\"en\" xml:lang=\"en\"><span title=\"Primera edici\u00f3n en espa\u00f1ol de la obra \u201cLos huevos de pascuas\u201d, del Can\u00f3nigo Schmid (Christoph von Schmid), publicada en Madrid en 1844.\">Spanish first edition of the book &#8220;Easter eggs&#8221; of Canon Schmid (Christoph von Schmid), published in Madrid in 1844.<\/span><\/span><\/p>\n","protected":false},"featured_media":50435,"template":"","meta":[],"product_brand":[],"product_cat":[2242,2202],"product_tag":[4754,5137],"class_list":{"0":"post-50447","1":"product","2":"type-product","3":"status-publish","4":"has-post-thumbnail","6":"product_cat-first-editions","7":"product_cat-old-books","8":"product_tag-schmid-en","9":"product_tag-libro-pequeno-en","10":"product_shipping_class-from-0-to-1-kg","11":"description-off","13":"first","14":"instock","15":"sale","16":"taxable","17":"shipping-taxable","18":"purchasable","19":"product-type-simple"},"yoast_head":"<!-- This site is optimized with the Yoast SEO plugin v27.3 - https:\/\/yoast.com\/product\/yoast-seo-wordpress\/ -->\n<title>Schmid Canon, Easter eggs (Spanish), 1844<\/title>\n<meta name=\"description\" content=\"Spanish first edition of the book &quot;Easter eggs&quot; of Canon Schmid (Christoph von Schmid), published in Madrid in 1844.\" \/>\n<meta name=\"robots\" content=\"index, follow, max-snippet:-1, max-image-preview:large, max-video-preview:-1\" \/>\n<link rel=\"canonical\" href=\"https:\/\/www.comprarmejor.es\/en\/product\/1844-easter-eggs-schmid-canon\/\" \/>\n<meta property=\"og:locale\" content=\"en_US\" \/>\n<meta property=\"og:type\" content=\"article\" \/>\n<meta property=\"og:title\" content=\"Schmid Canon, Easter eggs (Spanish), 1844\" \/>\n<meta property=\"og:description\" content=\"Spanish first edition of the book &quot;Easter eggs&quot; of Canon Schmid (Christoph von Schmid), published in Madrid in 1844.\" \/>\n<meta property=\"og:url\" content=\"https:\/\/www.comprarmejor.es\/en\/product\/1844-easter-eggs-schmid-canon\/\" \/>\n<meta property=\"og:site_name\" content=\"ComprarMejor\" \/>\n<meta property=\"article:modified_time\" content=\"2019-09-08T21:16:48+00:00\" \/>\n<meta property=\"og:image\" content=\"https:\/\/www.comprarmejor.es\/wp-content\/uploads\/2015\/12\/p_1_9_8_0_1980-1844-Canonigo-Schmid-Los-huevos-de-pascuas-espanol.jpg\" \/>\n\t<meta property=\"og:image:width\" content=\"600\" \/>\n\t<meta property=\"og:image:height\" content=\"500\" \/>\n\t<meta property=\"og:image:type\" content=\"image\/jpeg\" \/>\n<meta name=\"twitter:card\" content=\"summary_large_image\" \/>\n<meta name=\"twitter:label1\" content=\"Est. reading time\" \/>\n\t<meta name=\"twitter:data1\" content=\"1 minute\" \/>\n<script type=\"application\/ld+json\" class=\"yoast-schema-graph\">{\"@context\":\"https:\\\/\\\/schema.org\",\"@graph\":[{\"@type\":\"WebPage\",\"@id\":\"https:\\\/\\\/www.comprarmejor.es\\\/en\\\/product\\\/1844-easter-eggs-schmid-canon\\\/\",\"url\":\"https:\\\/\\\/www.comprarmejor.es\\\/en\\\/product\\\/1844-easter-eggs-schmid-canon\\\/\",\"name\":\"Schmid Canon, Easter eggs (Spanish), 1844\",\"isPartOf\":{\"@id\":\"https:\\\/\\\/www.comprarmejor.es\\\/en\\\/#website\"},\"primaryImageOfPage\":{\"@id\":\"https:\\\/\\\/www.comprarmejor.es\\\/en\\\/product\\\/1844-easter-eggs-schmid-canon\\\/#primaryimage\"},\"image\":{\"@id\":\"https:\\\/\\\/www.comprarmejor.es\\\/en\\\/product\\\/1844-easter-eggs-schmid-canon\\\/#primaryimage\"},\"thumbnailUrl\":\"https:\\\/\\\/www.comprarmejor.es\\\/wp-content\\\/uploads\\\/2015\\\/12\\\/p_1_9_8_0_1980-1844-Canonigo-Schmid-Los-huevos-de-pascuas-espanol.jpg\",\"datePublished\":\"2015-12-22T09:39:46+00:00\",\"dateModified\":\"2019-09-08T21:16:48+00:00\",\"description\":\"Spanish first edition of the book \\\"Easter eggs\\\" of Canon Schmid (Christoph von Schmid), published in Madrid in 1844.\",\"breadcrumb\":{\"@id\":\"https:\\\/\\\/www.comprarmejor.es\\\/en\\\/product\\\/1844-easter-eggs-schmid-canon\\\/#breadcrumb\"},\"inLanguage\":\"en-US\",\"potentialAction\":[{\"@type\":\"ReadAction\",\"target\":[\"https:\\\/\\\/www.comprarmejor.es\\\/en\\\/product\\\/1844-easter-eggs-schmid-canon\\\/\"]}]},{\"@type\":\"ImageObject\",\"inLanguage\":\"en-US\",\"@id\":\"https:\\\/\\\/www.comprarmejor.es\\\/en\\\/product\\\/1844-easter-eggs-schmid-canon\\\/#primaryimage\",\"url\":\"https:\\\/\\\/www.comprarmejor.es\\\/wp-content\\\/uploads\\\/2015\\\/12\\\/p_1_9_8_0_1980-1844-Canonigo-Schmid-Los-huevos-de-pascuas-espanol.jpg\",\"contentUrl\":\"https:\\\/\\\/www.comprarmejor.es\\\/wp-content\\\/uploads\\\/2015\\\/12\\\/p_1_9_8_0_1980-1844-Canonigo-Schmid-Los-huevos-de-pascuas-espanol.jpg\",\"width\":600,\"height\":500},{\"@type\":\"BreadcrumbList\",\"@id\":\"https:\\\/\\\/www.comprarmejor.es\\\/en\\\/product\\\/1844-easter-eggs-schmid-canon\\\/#breadcrumb\",\"itemListElement\":[{\"@type\":\"ListItem\",\"position\":1,\"name\":\"Portada\",\"item\":\"https:\\\/\\\/www.comprarmejor.es\\\/en\\\/\"},{\"@type\":\"ListItem\",\"position\":2,\"name\":\"Shop\",\"item\":\"https:\\\/\\\/www.comprarmejor.es\\\/en\\\/shop\\\/\"},{\"@type\":\"ListItem\",\"position\":3,\"name\":\"1844 Easter eggs, Schmid Canon\"}]},{\"@type\":\"WebSite\",\"@id\":\"https:\\\/\\\/www.comprarmejor.es\\\/en\\\/#website\",\"url\":\"https:\\\/\\\/www.comprarmejor.es\\\/en\\\/\",\"name\":\"ComprarMejor\",\"description\":\"ComprarMejor\",\"publisher\":{\"@id\":\"https:\\\/\\\/www.comprarmejor.es\\\/en\\\/#organization\"},\"potentialAction\":[{\"@type\":\"SearchAction\",\"target\":{\"@type\":\"EntryPoint\",\"urlTemplate\":\"https:\\\/\\\/www.comprarmejor.es\\\/en\\\/?s={search_term_string}\"},\"query-input\":{\"@type\":\"PropertyValueSpecification\",\"valueRequired\":true,\"valueName\":\"search_term_string\"}}],\"inLanguage\":\"en-US\"},{\"@type\":\"Organization\",\"@id\":\"https:\\\/\\\/www.comprarmejor.es\\\/en\\\/#organization\",\"name\":\"COMPRAR MEJOR\",\"url\":\"https:\\\/\\\/www.comprarmejor.es\\\/en\\\/\",\"logo\":{\"@type\":\"ImageObject\",\"inLanguage\":\"en-US\",\"@id\":\"https:\\\/\\\/www.comprarmejor.es\\\/en\\\/#\\\/schema\\\/logo\\\/image\\\/\",\"url\":\"https:\\\/\\\/www.comprarmejor.es\\\/wp-content\\\/uploads\\\/2025\\\/09\\\/comprarmejortrinidad.jpg\",\"contentUrl\":\"https:\\\/\\\/www.comprarmejor.es\\\/wp-content\\\/uploads\\\/2025\\\/09\\\/comprarmejortrinidad.jpg\",\"width\":1022,\"height\":1380,\"caption\":\"COMPRAR MEJOR\"},\"image\":{\"@id\":\"https:\\\/\\\/www.comprarmejor.es\\\/en\\\/#\\\/schema\\\/logo\\\/image\\\/\"},\"sameAs\":[\"https:\\\/\\\/www.instagram.com\\\/amigosdelcodice\"]}]}<\/script>\n<!-- \/ Yoast SEO plugin. -->","yoast_head_json":{"title":"Schmid Canon, Easter eggs (Spanish), 1844","description":"Spanish first edition of the book \"Easter eggs\" of Canon Schmid (Christoph von Schmid), published in Madrid in 1844.","robots":{"index":"index","follow":"follow","max-snippet":"max-snippet:-1","max-image-preview":"max-image-preview:large","max-video-preview":"max-video-preview:-1"},"canonical":"https:\/\/www.comprarmejor.es\/en\/product\/1844-easter-eggs-schmid-canon\/","og_locale":"en_US","og_type":"article","og_title":"Schmid Canon, Easter eggs (Spanish), 1844","og_description":"Spanish first edition of the book \"Easter eggs\" of Canon Schmid (Christoph von Schmid), published in Madrid in 1844.","og_url":"https:\/\/www.comprarmejor.es\/en\/product\/1844-easter-eggs-schmid-canon\/","og_site_name":"ComprarMejor","article_modified_time":"2019-09-08T21:16:48+00:00","og_image":[{"width":600,"height":500,"url":"https:\/\/www.comprarmejor.es\/wp-content\/uploads\/2015\/12\/p_1_9_8_0_1980-1844-Canonigo-Schmid-Los-huevos-de-pascuas-espanol.jpg","type":"image\/jpeg"}],"twitter_card":"summary_large_image","twitter_misc":{"Est. reading time":"1 minute"},"schema":{"@context":"https:\/\/schema.org","@graph":[{"@type":"WebPage","@id":"https:\/\/www.comprarmejor.es\/en\/product\/1844-easter-eggs-schmid-canon\/","url":"https:\/\/www.comprarmejor.es\/en\/product\/1844-easter-eggs-schmid-canon\/","name":"Schmid Canon, Easter eggs (Spanish), 1844","isPartOf":{"@id":"https:\/\/www.comprarmejor.es\/en\/#website"},"primaryImageOfPage":{"@id":"https:\/\/www.comprarmejor.es\/en\/product\/1844-easter-eggs-schmid-canon\/#primaryimage"},"image":{"@id":"https:\/\/www.comprarmejor.es\/en\/product\/1844-easter-eggs-schmid-canon\/#primaryimage"},"thumbnailUrl":"https:\/\/www.comprarmejor.es\/wp-content\/uploads\/2015\/12\/p_1_9_8_0_1980-1844-Canonigo-Schmid-Los-huevos-de-pascuas-espanol.jpg","datePublished":"2015-12-22T09:39:46+00:00","dateModified":"2019-09-08T21:16:48+00:00","description":"Spanish first edition of the book \"Easter eggs\" of Canon Schmid (Christoph von Schmid), published in Madrid in 1844.","breadcrumb":{"@id":"https:\/\/www.comprarmejor.es\/en\/product\/1844-easter-eggs-schmid-canon\/#breadcrumb"},"inLanguage":"en-US","potentialAction":[{"@type":"ReadAction","target":["https:\/\/www.comprarmejor.es\/en\/product\/1844-easter-eggs-schmid-canon\/"]}]},{"@type":"ImageObject","inLanguage":"en-US","@id":"https:\/\/www.comprarmejor.es\/en\/product\/1844-easter-eggs-schmid-canon\/#primaryimage","url":"https:\/\/www.comprarmejor.es\/wp-content\/uploads\/2015\/12\/p_1_9_8_0_1980-1844-Canonigo-Schmid-Los-huevos-de-pascuas-espanol.jpg","contentUrl":"https:\/\/www.comprarmejor.es\/wp-content\/uploads\/2015\/12\/p_1_9_8_0_1980-1844-Canonigo-Schmid-Los-huevos-de-pascuas-espanol.jpg","width":600,"height":500},{"@type":"BreadcrumbList","@id":"https:\/\/www.comprarmejor.es\/en\/product\/1844-easter-eggs-schmid-canon\/#breadcrumb","itemListElement":[{"@type":"ListItem","position":1,"name":"Portada","item":"https:\/\/www.comprarmejor.es\/en\/"},{"@type":"ListItem","position":2,"name":"Shop","item":"https:\/\/www.comprarmejor.es\/en\/shop\/"},{"@type":"ListItem","position":3,"name":"1844 Easter eggs, Schmid Canon"}]},{"@type":"WebSite","@id":"https:\/\/www.comprarmejor.es\/en\/#website","url":"https:\/\/www.comprarmejor.es\/en\/","name":"ComprarMejor","description":"ComprarMejor","publisher":{"@id":"https:\/\/www.comprarmejor.es\/en\/#organization"},"potentialAction":[{"@type":"SearchAction","target":{"@type":"EntryPoint","urlTemplate":"https:\/\/www.comprarmejor.es\/en\/?s={search_term_string}"},"query-input":{"@type":"PropertyValueSpecification","valueRequired":true,"valueName":"search_term_string"}}],"inLanguage":"en-US"},{"@type":"Organization","@id":"https:\/\/www.comprarmejor.es\/en\/#organization","name":"COMPRAR MEJOR","url":"https:\/\/www.comprarmejor.es\/en\/","logo":{"@type":"ImageObject","inLanguage":"en-US","@id":"https:\/\/www.comprarmejor.es\/en\/#\/schema\/logo\/image\/","url":"https:\/\/www.comprarmejor.es\/wp-content\/uploads\/2025\/09\/comprarmejortrinidad.jpg","contentUrl":"https:\/\/www.comprarmejor.es\/wp-content\/uploads\/2025\/09\/comprarmejortrinidad.jpg","width":1022,"height":1380,"caption":"COMPRAR MEJOR"},"image":{"@id":"https:\/\/www.comprarmejor.es\/en\/#\/schema\/logo\/image\/"},"sameAs":["https:\/\/www.instagram.com\/amigosdelcodice"]}]}},"_links":{"self":[{"href":"https:\/\/www.comprarmejor.es\/en\/wp-json\/wp\/v2\/product\/50447","targetHints":{"allow":["GET"]}}],"collection":[{"href":"https:\/\/www.comprarmejor.es\/en\/wp-json\/wp\/v2\/product"}],"about":[{"href":"https:\/\/www.comprarmejor.es\/en\/wp-json\/wp\/v2\/types\/product"}],"wp:featuredmedia":[{"embeddable":true,"href":"https:\/\/www.comprarmejor.es\/en\/wp-json\/wp\/v2\/media\/50435"}],"wp:attachment":[{"href":"https:\/\/www.comprarmejor.es\/en\/wp-json\/wp\/v2\/media?parent=50447"}],"wp:term":[{"taxonomy":"product_brand","embeddable":true,"href":"https:\/\/www.comprarmejor.es\/en\/wp-json\/wp\/v2\/product_brand?post=50447"},{"taxonomy":"product_cat","embeddable":true,"href":"https:\/\/www.comprarmejor.es\/en\/wp-json\/wp\/v2\/product_cat?post=50447"},{"taxonomy":"product_tag","embeddable":true,"href":"https:\/\/www.comprarmejor.es\/en\/wp-json\/wp\/v2\/product_tag?post=50447"}],"curies":[{"name":"wp","href":"https:\/\/api.w.org\/{rel}","templated":true}]}}