{"id":50527,"date":"2015-12-22T13:53:22","date_gmt":"2015-12-22T12:53:22","guid":{"rendered":"https:\/\/www.comprarmejor.es\/producto\/1981-dan-kurzman-miracle-in-november\/"},"modified":"2019-09-09T22:50:12","modified_gmt":"2019-09-09T20:50:12","slug":"1981-dan-kurzman-miracle-in-november","status":"publish","type":"product","link":"https:\/\/www.comprarmejor.es\/en\/product\/1981-dan-kurzman-miracle-in-november\/","title":{"rendered":"1981 Dan Kurzman, Miracle in November"},"content":{"rendered":"<p style=\"text-align:justify;\"><span id=\"result_box\" lang=\"en\" xml:lang=\"en\"><span title=\"Primera edici\u00f3n en espa\u00f1ol de la novela hist\u00f3rica &quot;Milagro en noviembre&quot; de Dan Kurzman, basada en un episodio transcendental de la Guerra Civil Espa\u00f1ola: la batalla por Madrid.\">First edition in Spanish of the historical novel &#8220;Miracle in November&#8221; Dan Kurzman, based on a momentous episode of the Spanish Civil War: the battle for Madrid.<\/p>\n<p><\/span><span title=\"Impresa en Barcelona en 1981, formato 8\u00ba, 13 x 20 cm.\">Printed in Barcelona in 1981, 8 format, 13 x 20 cm. <\/span><span title=\"428 p\u00e1ginas y 8 p\u00e1ginas con fotograf\u00edas hist\u00f3ricas de la \u00e9poca.\">428 pages and 8 pages with historical photographs of the time. <\/span><span title=\"Cubiertas originales ilustradas.\">You covered original illustrated. <\/span><span title=\"Ejemplar en muy buen estado.\">Copy in very good condition.<\/p>\n<p><\/span><span title=\"El relato, lleno de aventuras, hero\u00edsmo y horror, de un episodio fundamental para la Historia: la lucha por Madrid.\">The story, full of adventure, heroism and horror, a key episode in history: the struggle for Madrid.<\/p>\n<p><\/span><span title=\"\u201cLa defensa de Madrid es una historia cl\u00e1sica de amantes de la libertad que mueren por sus creencias.\">&#8220;The defense of Madrid is a classic story of freedom lovers who die for their beliefs. <\/span><span title=\"Dan Kurzman, a semejanza de los grandes historiadores del pasado, ha elevado a un rango universal su vivida recreaci\u00f3n de aquella batalla.\">Dan Kurzman, like the great historians of the past, has risen to a universal range its vivid recreation of the battle. <\/span><span title=\"Sus entrevistas con centenares de participantes (comunistas y anarquistas, fascistas y falangistas) conforman un escenario personal de la mayor intensidad.\u201d Jack Anderson\">His interviews with hundreds of participants (communists and anarchists, fascists and Falangist) make a personal scenario of greater intensity. &#8220;Jack Anderson<\/p>\n<p><\/span><span title=\"\u201cEl libro de Dan Kurzman recrea el sitio de Madrid a trav\u00e9s de la vida y amores, intrigas y muerte tanto del pueblo que combati\u00f3 en las calles y trincheras como de las personas que impart\u00edan las \u00f3rdenes desde los cuarteles generales y los ministerios.\">&#8220;Dan Kurzman&#8217;s book recreates the siege of Madrid by life and love, intrigue and death to both the people who fought in the streets and trenches as the people who taught the orders from headquarters and ministries. <\/span><span title=\"Su relato es historia, pero se lee como una novela.\u201d Richard Valeriani, NBC News\">His story is history, but it reads like a novel. &#8220;Richard Valeriani, NBC News<\/p>\n<p><\/span><span title=\"\u201cMilagro en noviembre es una historia de aventuras dentro de la historia moderna, y est\u00e1 narrada con el olfato para el detalle y la sensibilidad para la an\u00e9cdota de un periodista, al mismo tiempo que con el gusto de un historiador por un magno e insuperable episodio\">&#8220;Miracle in November is an adventure story in modern history, and is narrated with a nose for detail and sensitivity to the story of a journalist, while the taste of a historian by a grand and unique episode <\/span><span title=\".\u201d Marvin Kalb\">. &#8220;Marvin Kalb<\/p>\n<p><\/span><span title=\"Gastos de env\u00edo por cuenta del comprador, seg\u00fan pedido y destino.\">Shipping by the buyer, upon request and destination. <\/span><span title=\"Cons\u00faltenos cualquier duda, as\u00ed como por cualquier otro art\u00edculo u obra que est\u00e9 buscando.\">Ask us any questions and any other article or work you are seeking.<\/span><\/span><\/p>\n","protected":false},"excerpt":{"rendered":"<p style=\"text-align:justify;\"><span id=\"result_box\" lang=\"en\" xml:lang=\"en\"><span title=\"Primera edici\u00f3n en espa\u00f1ol de la novela hist\u00f3rica &quot;Milagro en noviembre&quot; de Dan Kurzman, basada en un episodio transcendental de la Guerra Civil Espa\u00f1ola: la batalla por Madrid.\">First edition in Spanish of the historical novel &#8220;Miracle in November&#8221; Dan Kurzman, based on a momentous episode of the Spanish Civil War: the battle for Madrid.<\/span><\/span><\/p>\n","protected":false},"featured_media":50519,"template":"","meta":[],"product_brand":[],"product_cat":[2188,2242],"product_tag":[4740,4324],"class_list":{"0":"post-50527","1":"product","2":"type-product","3":"status-publish","4":"has-post-thumbnail","6":"product_cat-books","7":"product_cat-first-editions","8":"product_tag-kurzman-en-2","9":"product_tag-madrid-en","10":"product_shipping_class-from-0-to-1-kg","11":"description-off","13":"first","14":"instock","15":"taxable","16":"shipping-taxable","17":"purchasable","18":"product-type-simple"},"yoast_head":"<!-- This site is optimized with the Yoast SEO plugin v27.3 - https:\/\/yoast.com\/product\/yoast-seo-wordpress\/ -->\n<title>Dan Kurzman, Miracle in November, 1981<\/title>\n<meta name=\"description\" content=\"First edition in Spanish of the historical novel &quot;Miracle in November&quot; Dan Kurzman, based on a momentous episode of the Spanish Civil War: the battle for Madrid\" \/>\n<meta name=\"robots\" content=\"index, follow, max-snippet:-1, max-image-preview:large, max-video-preview:-1\" \/>\n<link rel=\"canonical\" href=\"https:\/\/www.comprarmejor.es\/en\/product\/1981-dan-kurzman-miracle-in-november\/\" \/>\n<meta property=\"og:locale\" content=\"en_US\" \/>\n<meta property=\"og:type\" content=\"article\" \/>\n<meta property=\"og:title\" content=\"Dan Kurzman, Miracle in November, 1981\" \/>\n<meta property=\"og:description\" content=\"First edition in Spanish of the historical novel &quot;Miracle in November&quot; Dan Kurzman, based on a momentous episode of the Spanish Civil War: the battle for Madrid\" \/>\n<meta property=\"og:url\" content=\"https:\/\/www.comprarmejor.es\/en\/product\/1981-dan-kurzman-miracle-in-november\/\" \/>\n<meta property=\"og:site_name\" content=\"ComprarMejor\" \/>\n<meta property=\"article:modified_time\" content=\"2019-09-09T20:50:12+00:00\" \/>\n<meta property=\"og:image\" content=\"https:\/\/www.comprarmejor.es\/wp-content\/uploads\/2015\/12\/p_2_0_1_4_2014-1981-Dan-Kurzman-Milagro-en-noviembre.jpg\" \/>\n\t<meta property=\"og:image:width\" content=\"467\" \/>\n\t<meta property=\"og:image:height\" content=\"600\" \/>\n\t<meta property=\"og:image:type\" content=\"image\/jpeg\" \/>\n<meta name=\"twitter:card\" content=\"summary_large_image\" \/>\n<meta name=\"twitter:label1\" content=\"Est. reading time\" \/>\n\t<meta name=\"twitter:data1\" content=\"1 minute\" \/>\n<script type=\"application\/ld+json\" class=\"yoast-schema-graph\">{\"@context\":\"https:\\\/\\\/schema.org\",\"@graph\":[{\"@type\":\"WebPage\",\"@id\":\"https:\\\/\\\/www.comprarmejor.es\\\/en\\\/product\\\/1981-dan-kurzman-miracle-in-november\\\/\",\"url\":\"https:\\\/\\\/www.comprarmejor.es\\\/en\\\/product\\\/1981-dan-kurzman-miracle-in-november\\\/\",\"name\":\"Dan Kurzman, Miracle in November, 1981\",\"isPartOf\":{\"@id\":\"https:\\\/\\\/www.comprarmejor.es\\\/en\\\/#website\"},\"primaryImageOfPage\":{\"@id\":\"https:\\\/\\\/www.comprarmejor.es\\\/en\\\/product\\\/1981-dan-kurzman-miracle-in-november\\\/#primaryimage\"},\"image\":{\"@id\":\"https:\\\/\\\/www.comprarmejor.es\\\/en\\\/product\\\/1981-dan-kurzman-miracle-in-november\\\/#primaryimage\"},\"thumbnailUrl\":\"https:\\\/\\\/www.comprarmejor.es\\\/wp-content\\\/uploads\\\/2015\\\/12\\\/p_2_0_1_4_2014-1981-Dan-Kurzman-Milagro-en-noviembre.jpg\",\"datePublished\":\"2015-12-22T12:53:22+00:00\",\"dateModified\":\"2019-09-09T20:50:12+00:00\",\"description\":\"First edition in Spanish of the historical novel \\\"Miracle in November\\\" Dan Kurzman, based on a momentous episode of the Spanish Civil War: the battle for Madrid\",\"breadcrumb\":{\"@id\":\"https:\\\/\\\/www.comprarmejor.es\\\/en\\\/product\\\/1981-dan-kurzman-miracle-in-november\\\/#breadcrumb\"},\"inLanguage\":\"en-US\",\"potentialAction\":[{\"@type\":\"ReadAction\",\"target\":[\"https:\\\/\\\/www.comprarmejor.es\\\/en\\\/product\\\/1981-dan-kurzman-miracle-in-november\\\/\"]}]},{\"@type\":\"ImageObject\",\"inLanguage\":\"en-US\",\"@id\":\"https:\\\/\\\/www.comprarmejor.es\\\/en\\\/product\\\/1981-dan-kurzman-miracle-in-november\\\/#primaryimage\",\"url\":\"https:\\\/\\\/www.comprarmejor.es\\\/wp-content\\\/uploads\\\/2015\\\/12\\\/p_2_0_1_4_2014-1981-Dan-Kurzman-Milagro-en-noviembre.jpg\",\"contentUrl\":\"https:\\\/\\\/www.comprarmejor.es\\\/wp-content\\\/uploads\\\/2015\\\/12\\\/p_2_0_1_4_2014-1981-Dan-Kurzman-Milagro-en-noviembre.jpg\",\"width\":467,\"height\":600},{\"@type\":\"BreadcrumbList\",\"@id\":\"https:\\\/\\\/www.comprarmejor.es\\\/en\\\/product\\\/1981-dan-kurzman-miracle-in-november\\\/#breadcrumb\",\"itemListElement\":[{\"@type\":\"ListItem\",\"position\":1,\"name\":\"Portada\",\"item\":\"https:\\\/\\\/www.comprarmejor.es\\\/en\\\/\"},{\"@type\":\"ListItem\",\"position\":2,\"name\":\"Shop\",\"item\":\"https:\\\/\\\/www.comprarmejor.es\\\/en\\\/shop\\\/\"},{\"@type\":\"ListItem\",\"position\":3,\"name\":\"1981 Dan Kurzman, Miracle in November\"}]},{\"@type\":\"WebSite\",\"@id\":\"https:\\\/\\\/www.comprarmejor.es\\\/en\\\/#website\",\"url\":\"https:\\\/\\\/www.comprarmejor.es\\\/en\\\/\",\"name\":\"ComprarMejor\",\"description\":\"ComprarMejor\",\"publisher\":{\"@id\":\"https:\\\/\\\/www.comprarmejor.es\\\/en\\\/#organization\"},\"potentialAction\":[{\"@type\":\"SearchAction\",\"target\":{\"@type\":\"EntryPoint\",\"urlTemplate\":\"https:\\\/\\\/www.comprarmejor.es\\\/en\\\/?s={search_term_string}\"},\"query-input\":{\"@type\":\"PropertyValueSpecification\",\"valueRequired\":true,\"valueName\":\"search_term_string\"}}],\"inLanguage\":\"en-US\"},{\"@type\":\"Organization\",\"@id\":\"https:\\\/\\\/www.comprarmejor.es\\\/en\\\/#organization\",\"name\":\"COMPRAR MEJOR\",\"url\":\"https:\\\/\\\/www.comprarmejor.es\\\/en\\\/\",\"logo\":{\"@type\":\"ImageObject\",\"inLanguage\":\"en-US\",\"@id\":\"https:\\\/\\\/www.comprarmejor.es\\\/en\\\/#\\\/schema\\\/logo\\\/image\\\/\",\"url\":\"https:\\\/\\\/www.comprarmejor.es\\\/wp-content\\\/uploads\\\/2025\\\/09\\\/comprarmejortrinidad.jpg\",\"contentUrl\":\"https:\\\/\\\/www.comprarmejor.es\\\/wp-content\\\/uploads\\\/2025\\\/09\\\/comprarmejortrinidad.jpg\",\"width\":1022,\"height\":1380,\"caption\":\"COMPRAR MEJOR\"},\"image\":{\"@id\":\"https:\\\/\\\/www.comprarmejor.es\\\/en\\\/#\\\/schema\\\/logo\\\/image\\\/\"},\"sameAs\":[\"https:\\\/\\\/www.instagram.com\\\/amigosdelcodice\"]}]}<\/script>\n<!-- \/ Yoast SEO plugin. -->","yoast_head_json":{"title":"Dan Kurzman, Miracle in November, 1981","description":"First edition in Spanish of the historical novel \"Miracle in November\" Dan Kurzman, based on a momentous episode of the Spanish Civil War: the battle for Madrid","robots":{"index":"index","follow":"follow","max-snippet":"max-snippet:-1","max-image-preview":"max-image-preview:large","max-video-preview":"max-video-preview:-1"},"canonical":"https:\/\/www.comprarmejor.es\/en\/product\/1981-dan-kurzman-miracle-in-november\/","og_locale":"en_US","og_type":"article","og_title":"Dan Kurzman, Miracle in November, 1981","og_description":"First edition in Spanish of the historical novel \"Miracle in November\" Dan Kurzman, based on a momentous episode of the Spanish Civil War: the battle for Madrid","og_url":"https:\/\/www.comprarmejor.es\/en\/product\/1981-dan-kurzman-miracle-in-november\/","og_site_name":"ComprarMejor","article_modified_time":"2019-09-09T20:50:12+00:00","og_image":[{"width":467,"height":600,"url":"https:\/\/www.comprarmejor.es\/wp-content\/uploads\/2015\/12\/p_2_0_1_4_2014-1981-Dan-Kurzman-Milagro-en-noviembre.jpg","type":"image\/jpeg"}],"twitter_card":"summary_large_image","twitter_misc":{"Est. reading time":"1 minute"},"schema":{"@context":"https:\/\/schema.org","@graph":[{"@type":"WebPage","@id":"https:\/\/www.comprarmejor.es\/en\/product\/1981-dan-kurzman-miracle-in-november\/","url":"https:\/\/www.comprarmejor.es\/en\/product\/1981-dan-kurzman-miracle-in-november\/","name":"Dan Kurzman, Miracle in November, 1981","isPartOf":{"@id":"https:\/\/www.comprarmejor.es\/en\/#website"},"primaryImageOfPage":{"@id":"https:\/\/www.comprarmejor.es\/en\/product\/1981-dan-kurzman-miracle-in-november\/#primaryimage"},"image":{"@id":"https:\/\/www.comprarmejor.es\/en\/product\/1981-dan-kurzman-miracle-in-november\/#primaryimage"},"thumbnailUrl":"https:\/\/www.comprarmejor.es\/wp-content\/uploads\/2015\/12\/p_2_0_1_4_2014-1981-Dan-Kurzman-Milagro-en-noviembre.jpg","datePublished":"2015-12-22T12:53:22+00:00","dateModified":"2019-09-09T20:50:12+00:00","description":"First edition in Spanish of the historical novel \"Miracle in November\" Dan Kurzman, based on a momentous episode of the Spanish Civil War: the battle for Madrid","breadcrumb":{"@id":"https:\/\/www.comprarmejor.es\/en\/product\/1981-dan-kurzman-miracle-in-november\/#breadcrumb"},"inLanguage":"en-US","potentialAction":[{"@type":"ReadAction","target":["https:\/\/www.comprarmejor.es\/en\/product\/1981-dan-kurzman-miracle-in-november\/"]}]},{"@type":"ImageObject","inLanguage":"en-US","@id":"https:\/\/www.comprarmejor.es\/en\/product\/1981-dan-kurzman-miracle-in-november\/#primaryimage","url":"https:\/\/www.comprarmejor.es\/wp-content\/uploads\/2015\/12\/p_2_0_1_4_2014-1981-Dan-Kurzman-Milagro-en-noviembre.jpg","contentUrl":"https:\/\/www.comprarmejor.es\/wp-content\/uploads\/2015\/12\/p_2_0_1_4_2014-1981-Dan-Kurzman-Milagro-en-noviembre.jpg","width":467,"height":600},{"@type":"BreadcrumbList","@id":"https:\/\/www.comprarmejor.es\/en\/product\/1981-dan-kurzman-miracle-in-november\/#breadcrumb","itemListElement":[{"@type":"ListItem","position":1,"name":"Portada","item":"https:\/\/www.comprarmejor.es\/en\/"},{"@type":"ListItem","position":2,"name":"Shop","item":"https:\/\/www.comprarmejor.es\/en\/shop\/"},{"@type":"ListItem","position":3,"name":"1981 Dan Kurzman, Miracle in November"}]},{"@type":"WebSite","@id":"https:\/\/www.comprarmejor.es\/en\/#website","url":"https:\/\/www.comprarmejor.es\/en\/","name":"ComprarMejor","description":"ComprarMejor","publisher":{"@id":"https:\/\/www.comprarmejor.es\/en\/#organization"},"potentialAction":[{"@type":"SearchAction","target":{"@type":"EntryPoint","urlTemplate":"https:\/\/www.comprarmejor.es\/en\/?s={search_term_string}"},"query-input":{"@type":"PropertyValueSpecification","valueRequired":true,"valueName":"search_term_string"}}],"inLanguage":"en-US"},{"@type":"Organization","@id":"https:\/\/www.comprarmejor.es\/en\/#organization","name":"COMPRAR MEJOR","url":"https:\/\/www.comprarmejor.es\/en\/","logo":{"@type":"ImageObject","inLanguage":"en-US","@id":"https:\/\/www.comprarmejor.es\/en\/#\/schema\/logo\/image\/","url":"https:\/\/www.comprarmejor.es\/wp-content\/uploads\/2025\/09\/comprarmejortrinidad.jpg","contentUrl":"https:\/\/www.comprarmejor.es\/wp-content\/uploads\/2025\/09\/comprarmejortrinidad.jpg","width":1022,"height":1380,"caption":"COMPRAR MEJOR"},"image":{"@id":"https:\/\/www.comprarmejor.es\/en\/#\/schema\/logo\/image\/"},"sameAs":["https:\/\/www.instagram.com\/amigosdelcodice"]}]}},"_links":{"self":[{"href":"https:\/\/www.comprarmejor.es\/en\/wp-json\/wp\/v2\/product\/50527","targetHints":{"allow":["GET"]}}],"collection":[{"href":"https:\/\/www.comprarmejor.es\/en\/wp-json\/wp\/v2\/product"}],"about":[{"href":"https:\/\/www.comprarmejor.es\/en\/wp-json\/wp\/v2\/types\/product"}],"wp:featuredmedia":[{"embeddable":true,"href":"https:\/\/www.comprarmejor.es\/en\/wp-json\/wp\/v2\/media\/50519"}],"wp:attachment":[{"href":"https:\/\/www.comprarmejor.es\/en\/wp-json\/wp\/v2\/media?parent=50527"}],"wp:term":[{"taxonomy":"product_brand","embeddable":true,"href":"https:\/\/www.comprarmejor.es\/en\/wp-json\/wp\/v2\/product_brand?post=50527"},{"taxonomy":"product_cat","embeddable":true,"href":"https:\/\/www.comprarmejor.es\/en\/wp-json\/wp\/v2\/product_cat?post=50527"},{"taxonomy":"product_tag","embeddable":true,"href":"https:\/\/www.comprarmejor.es\/en\/wp-json\/wp\/v2\/product_tag?post=50527"}],"curies":[{"name":"wp","href":"https:\/\/api.w.org\/{rel}","templated":true}]}}