{"id":50541,"date":"2015-12-22T17:52:05","date_gmt":"2015-12-22T16:52:05","guid":{"rendered":"https:\/\/www.comprarmejor.es\/producto\/letter-of-arras-del-cid-s-xi\/"},"modified":"2019-08-27T18:58:42","modified_gmt":"2019-08-27T16:58:42","slug":"letter-of-arras-del-cid-s-xi","status":"publish","type":"product","link":"https:\/\/www.comprarmejor.es\/en\/product\/letter-of-arras-del-cid-s-xi\/","title":{"rendered":"Letter of Arras del Cid, s. XI"},"content":{"rendered":"<p style=\"text-align: justify;\"><span id=\"result_box\" lang=\"en\" xml:lang=\"en\"><span title=\"Una ocasi\u00f3n muy econ\u00f3mica de hacerse con uno de los Beatos m\u00e1s antiguos para iniciar o completar su colecci\u00f3n de Beatos.\"><span lang=\"en\" xml:lang=\"en\"><span title=\"Edici\u00f3n facs\u00edmile realizada en 1999 de dos cartas manuscritas en folio mayor, uno de los pocos documentos que se conservan de la m\u00edtica figura del Cid Campeador, editado con motivo del noveno centenario de su muerte.\">Facsimile edition made in 1999 of two handwritten letters in folio mayor, one of the few documents that are conserved of the mythical figure of the Cid Campeador, published on the occasion of the ninth centenary of his death.<\/span><\/span><\/span><\/span><\/p>\n<p style=\"text-align: justify;\"><span title=\"Siglo XI.\">Eleventh century. <\/span><span title=\"Original en pergamino custodiado en el Archivo de la Catedral de Burgos.\">Original in parchment guarded in the Archive of the Cathedral of Burgos. <\/span><span title=\"Escrito en lat\u00edn en letra visig\u00f3tica redonda.\">Written in Latin in round Visigothic script. <\/span><span title=\"Tama\u00f1o 57 x 420 X 570 mm.\">Size 57 x 420 X 570 mm.<\/span><\/p>\n<p style=\"text-align: justify;\"><span title=\"Edici\u00f3n galardonada con el Premio Fray Luis de Le\u00f3n a\u00f1o 2000 a la mejor labor editorial en Ediciones Especiales y Facs\u00edmiles.\">Edition awarded with the Fray Luis de Le\u00f3n Award in 2000 for the best editorial work in Special Editions and Facsimiles.<\/span><\/p>\n<p style=\"text-align: justify;\"><span title=\"Edici\u00f3n limitada a 1.099 (a\u00f1o de la muerte del Cid) ejemplares numerados con acta notarial y presentada en un soberbio estuche y acompa\u00f1ada de volumen de estudios.\">Limited edition to 1.099 (year of the death of the Cid) copies numbered with notarial deed and presented in a superb box and accompanied by volume of studies.<\/span><\/p>\n<p style=\"text-align: justify;\"><span title=\"En la capilla del Corpus Christi de la catedral de Burgos se exhibe un arc\u00f3n medieval que desde hace siglos forma parte de la leyenda cidiana, como si fuera una de aquellas dos arcas \u00abcubiertas de guadalme\u00e7\u00ed e bien enclaveadas, los guadame\u00e7\u00eds vermejos e los clavos bien\">In the Corpus Christi chapel of the Cathedral of Burgos a medieval chest is exhibited that for centuries has been part of the legend of the city, as if it were one of those two arks &#8220;covered with guadalme\u00e7\u00ed e well enclaveadas, the guadame\u00e7\u00eds vermejos e los navos bien <\/span><span title=\"dorados\u00bb, que aparentaban guardar los tesoros del Cid, pero que s\u00f3lo conten\u00edan arena y que, seg\u00fan el Poema de M\u00edo Cid, sirvieron de se\u00f1uelo para que los prestamistas Raquel y Vidas socorrieran a Don Rodrigo con seiscientos marcos de plata, a tiempo de que\">golds, &#8220;which seemed to keep the treasures of the Cid, but only contained sand and, according to the Poem of M\u00edo Cid, served as a decoy for lenders Raquel and Vidas to aid Don Rodrigo with six hundred marks of silver, in time that <\/span><span title=\"\u00e9ste emprendiera el camino del destierro.\">he would embark on the path of exile.<\/span><\/p>\n<p style=\"text-align: justify;\"><span title=\"Se puede dar por seguro que en ese arc\u00f3n, dispuesto en su interior para guardar documentos, se conserv\u00f3 el pergamino de la \u00abkartula donacionis vel profiliacionis\u00bb por la que, el 19 de julio del a\u00f1o 1074, se dotaban mutuamente los esposos Rodrigo D\u00edaz de\">It can be taken for granted that in that chest, arranged inside to keep documents, the parchment of the &#8220;kartula donacionis vel profiliacionis&#8221; was kept, which, on July 19, 1074, the spouses Rodrigo D\u00edaz gave each other <\/span><span title=\"Vivar y D\u00aa Jimena D\u00edaz.\">Vivar and D\u00aa Jimena D\u00edaz. <\/span><span title=\"Eso explica que, andando el tiempo, dieran en llamar Cofre del Cid al mencionado arc\u00f3n.\">That explains why, in the course of time, Cofre del Cid would be called to said chest.<\/span><\/p>\n<p style=\"text-align: justify;\"><span title=\"No es posible determinar c\u00f3mo, cu\u00e1ndo y por qu\u00e9 vino a parar al Archivo Catedralicio esa Carta de Arras que, por cierto, no menciona entre sus confirmantes a eclesi\u00e1stico alguno.\">It is not possible to determine how, when and why the Letter of Arras came to the Cathedral Archives, which, by the way, does not mention any ecclesiastic among its confirmers. <\/span><span title=\"Cabe aventurar la hip\u00f3tesis de que ello tuvo lugar al morir D\u00aa Jimena, que sobrevivi\u00f3 a su marido por lo menos catorce a\u00f1os.\">It is reasonable to assume that this took place when D\u00aa Jimena died, who survived her husband for at least fourteen years. <\/span><span title=\"Seg\u00fan la misma Carta de Arras, los bienes que en ella se mencionan deber\u00edan pasar a sus hijas.\">According to the same Letter of Arras, the goods mentioned in it should be passed on to their daughters. <\/span><span title=\"Pero la menor, Mar\u00eda, casada con Ram\u00f3n de Berenguer III, hab\u00eda muerto y le hab\u00eda dejado en Barcelona dos nietas: Mar\u00eda y Jimena;\">But the youngest, Mar\u00eda, married to Ram\u00f3n de Berenguer III, had died and two granddaughters left her in Barcelona: Mar\u00eda and Jimena; <\/span><span title=\"en cuanto a Cristina, casada con el infante Ramiro S\u00e1nchez, viv\u00eda en Navarra.\">As for Cristina, married to Infante Ramiro S\u00e1nchez, she lived in Navarra. <\/span><span title=\"Todas estaban y estar\u00edan lejos de Castilla.\">All were and would be far from Castile. <\/span><span title=\"Es natural que los bienes se vendieran.\">It is natural for the goods to be sold. <\/span><span title=\"Si, como parece, el comprador de algunos de ellos fue el Cabildo, la Carta de Arras equival\u00eda a un t\u00edtulo de propiedad, que los can\u00f3nigos guardaron celosamente.\">If, as it seems, the buyer of some of them was the Cabildo, the Letter of Arras was equivalent to a property title, which the canons jealously guarded.<\/span><\/p>\n<p style=\"text-align: justify;\"><span title=\"A pesar de esta notoriedad del documento en el \u00e1mbito cient\u00edfico, muchos agradecer\u00e1n que, con ocasi\u00f3n del IX centenario de la muerte del Cid, se publique una vez m\u00e1s, no como simple reiteraci\u00f3n ya mayor abundamiento, sino en cuidada edici\u00f3n facsimilar, que va acompa\u00f1ada\">Despite this notoriety of the document in the scientific field, many will appreciate that, on the occasion of the 9th centenary of the death of El Cid, it will be published once more, not as a simple reiteration and more abundance, but in a careful facsimile edition, which is accompanied <\/span><span title=\"de estudios pertinentes, a cargo de verdaderas autoridades en la materia, como son los profesores Dr. Gonzalo Mart\u00ednez y Dr. Manuel Zabalza.\">of pertinent studies, in charge of true authorities in the matter, as they are the professors Dr. Gonzalo Mart\u00ednez and Dr. Manuel Zabalza.<\/span><\/p>\n<p style=\"text-align: justify;\"><span title=\"Ejemplar completo y en perfecto estado.\">Exemplary complete and in perfect condition. <\/span><span title=\"Acompa\u00f1amos como regalo de una edici\u00f3n a pliego completo de \u201cLa Carta de Arras del Cid y D\u00aa.\">We accompany as a <strong>gift<\/strong> a complete edition of &#8220;La Carta de Arras del Cid y D\u00aa. <\/span><span title=\"Ximena\u201d, realizada e impresa a t\u00edtulo privado.\">Ximena &#8220;, made and printed privately<\/span>.<\/p>\n<p style=\"text-align: justify;\"><span title=\"Gastos de env\u00edo por cuenta del comprador, seg\u00fan pedido y destino.\">Shipping by the buyer, upon request and destination.\u00a0<\/span><span title=\"Cons\u00faltenos cualquier duda, as\u00ed como por cualquier otro Beato o facs\u00edmile que est\u00e9 buscando.\"><a class=\"btn btn-default\" href=\"https:\/\/comprarmejor.es\/en\/contact\">Ask us<\/a> <span lang=\"en\" xml:lang=\"en\"><span title=\"Cons\u00faltenos sin compromiso (indicando la referencia del art\u00edculo) cualquier duda.\">without obligation (indicating the reference of the article) any doubt.<\/span><\/span><br \/>\n<\/span><\/p>\n","protected":false},"excerpt":{"rendered":"<p style=\"text-align: justify;\"><span id=\"result_box\" lang=\"en\" xml:lang=\"en\"><span title=\"Original conservado en la Biblioteca del Colegio de Santa Cruz de la Universidad de Valladolid.\"><span lang=\"en\" xml:lang=\"en\"><span title=\"Edici\u00f3n facs\u00edmile realizada en 1999 de dos cartas manuscritas en folio mayor, uno de los pocos documentos que se conservan de la m\u00edtica figura del Cid Campeador, editado con motivo del noveno centenario de su muerte.\">Facsimile edition made in 1999 of two handwritten letters in folio mayor, one of the few documents that are conserved of the mythical figure of the Cid Campeador, published on the occasion of the ninth centenary of his death.<\/span><\/span><\/span><\/span><\/p>\n","protected":false},"featured_media":50529,"template":"","meta":[],"product_brand":[],"product_cat":[2238,2250],"product_tag":[4738,4306,4736,4737,5119],"class_list":{"0":"post-50541","1":"product","2":"type-product","3":"status-publish","4":"has-post-thumbnail","6":"product_cat-exclusive-copies","7":"product_cat-other-facsimiles","8":"product_tag-arras-en","9":"product_tag-burgos-en","10":"product_tag-cid-en","11":"product_tag-jimena-en-2","12":"product_tag-siloe-en","13":"product_shipping_class-from-2-to-5-kg","14":"description-off","16":"first","17":"instock","18":"sale","19":"taxable","20":"shipping-taxable","21":"purchasable","22":"product-type-simple"},"yoast_head":"<!-- This site is optimized with the Yoast SEO plugin v27.3 - https:\/\/yoast.com\/product\/yoast-seo-wordpress\/ -->\n<title>Letter from Arras del Cid Campeador, 11th century, facsimile of 1999<\/title>\n<meta name=\"description\" content=\"Facsimile edition made in 1999 of two handwritten letters in folio mayor, one of the few documents that are conserved of the mythical figure of the Cid Camp\" \/>\n<meta name=\"robots\" content=\"index, follow, max-snippet:-1, max-image-preview:large, max-video-preview:-1\" \/>\n<link rel=\"canonical\" href=\"https:\/\/www.comprarmejor.es\/en\/product\/letter-of-arras-del-cid-s-xi\/\" \/>\n<meta property=\"og:locale\" content=\"en_US\" \/>\n<meta property=\"og:type\" content=\"article\" \/>\n<meta property=\"og:title\" content=\"Letter from Arras del Cid Campeador, 11th century, facsimile of 1999\" \/>\n<meta property=\"og:description\" content=\"Facsimile edition made in 1999 of two handwritten letters in folio mayor, one of the few documents that are conserved of the mythical figure of the Cid Camp\" \/>\n<meta property=\"og:url\" content=\"https:\/\/www.comprarmejor.es\/en\/product\/letter-of-arras-del-cid-s-xi\/\" \/>\n<meta property=\"og:site_name\" content=\"ComprarMejor\" \/>\n<meta property=\"article:modified_time\" content=\"2019-08-27T16:58:42+00:00\" \/>\n<meta property=\"og:image\" content=\"https:\/\/www.comprarmejor.es\/wp-content\/uploads\/2015\/12\/p_6_2_2_6_6226-Carta-de-Arras-del-Cid-s.-XI.jpg\" \/>\n\t<meta property=\"og:image:width\" content=\"474\" \/>\n\t<meta property=\"og:image:height\" content=\"400\" \/>\n\t<meta property=\"og:image:type\" content=\"image\/jpeg\" \/>\n<meta name=\"twitter:card\" content=\"summary_large_image\" \/>\n<meta name=\"twitter:label1\" content=\"Est. reading time\" \/>\n\t<meta name=\"twitter:data1\" content=\"3 minutes\" \/>\n<script type=\"application\/ld+json\" class=\"yoast-schema-graph\">{\"@context\":\"https:\\\/\\\/schema.org\",\"@graph\":[{\"@type\":\"WebPage\",\"@id\":\"https:\\\/\\\/www.comprarmejor.es\\\/en\\\/product\\\/letter-of-arras-del-cid-s-xi\\\/\",\"url\":\"https:\\\/\\\/www.comprarmejor.es\\\/en\\\/product\\\/letter-of-arras-del-cid-s-xi\\\/\",\"name\":\"Letter from Arras del Cid Campeador, 11th century, facsimile of 1999\",\"isPartOf\":{\"@id\":\"https:\\\/\\\/www.comprarmejor.es\\\/en\\\/#website\"},\"primaryImageOfPage\":{\"@id\":\"https:\\\/\\\/www.comprarmejor.es\\\/en\\\/product\\\/letter-of-arras-del-cid-s-xi\\\/#primaryimage\"},\"image\":{\"@id\":\"https:\\\/\\\/www.comprarmejor.es\\\/en\\\/product\\\/letter-of-arras-del-cid-s-xi\\\/#primaryimage\"},\"thumbnailUrl\":\"https:\\\/\\\/www.comprarmejor.es\\\/wp-content\\\/uploads\\\/2015\\\/12\\\/p_6_2_2_6_6226-Carta-de-Arras-del-Cid-s.-XI.jpg\",\"datePublished\":\"2015-12-22T16:52:05+00:00\",\"dateModified\":\"2019-08-27T16:58:42+00:00\",\"description\":\"Facsimile edition made in 1999 of two handwritten letters in folio mayor, one of the few documents that are conserved of the mythical figure of the Cid Camp\",\"breadcrumb\":{\"@id\":\"https:\\\/\\\/www.comprarmejor.es\\\/en\\\/product\\\/letter-of-arras-del-cid-s-xi\\\/#breadcrumb\"},\"inLanguage\":\"en-US\",\"potentialAction\":[{\"@type\":\"ReadAction\",\"target\":[\"https:\\\/\\\/www.comprarmejor.es\\\/en\\\/product\\\/letter-of-arras-del-cid-s-xi\\\/\"]}]},{\"@type\":\"ImageObject\",\"inLanguage\":\"en-US\",\"@id\":\"https:\\\/\\\/www.comprarmejor.es\\\/en\\\/product\\\/letter-of-arras-del-cid-s-xi\\\/#primaryimage\",\"url\":\"https:\\\/\\\/www.comprarmejor.es\\\/wp-content\\\/uploads\\\/2015\\\/12\\\/p_6_2_2_6_6226-Carta-de-Arras-del-Cid-s.-XI.jpg\",\"contentUrl\":\"https:\\\/\\\/www.comprarmejor.es\\\/wp-content\\\/uploads\\\/2015\\\/12\\\/p_6_2_2_6_6226-Carta-de-Arras-del-Cid-s.-XI.jpg\",\"width\":474,\"height\":400},{\"@type\":\"BreadcrumbList\",\"@id\":\"https:\\\/\\\/www.comprarmejor.es\\\/en\\\/product\\\/letter-of-arras-del-cid-s-xi\\\/#breadcrumb\",\"itemListElement\":[{\"@type\":\"ListItem\",\"position\":1,\"name\":\"Portada\",\"item\":\"https:\\\/\\\/www.comprarmejor.es\\\/en\\\/\"},{\"@type\":\"ListItem\",\"position\":2,\"name\":\"Shop\",\"item\":\"https:\\\/\\\/www.comprarmejor.es\\\/en\\\/shop\\\/\"},{\"@type\":\"ListItem\",\"position\":3,\"name\":\"Letter of Arras del Cid, s. XI\"}]},{\"@type\":\"WebSite\",\"@id\":\"https:\\\/\\\/www.comprarmejor.es\\\/en\\\/#website\",\"url\":\"https:\\\/\\\/www.comprarmejor.es\\\/en\\\/\",\"name\":\"ComprarMejor\",\"description\":\"ComprarMejor\",\"publisher\":{\"@id\":\"https:\\\/\\\/www.comprarmejor.es\\\/en\\\/#organization\"},\"potentialAction\":[{\"@type\":\"SearchAction\",\"target\":{\"@type\":\"EntryPoint\",\"urlTemplate\":\"https:\\\/\\\/www.comprarmejor.es\\\/en\\\/?s={search_term_string}\"},\"query-input\":{\"@type\":\"PropertyValueSpecification\",\"valueRequired\":true,\"valueName\":\"search_term_string\"}}],\"inLanguage\":\"en-US\"},{\"@type\":\"Organization\",\"@id\":\"https:\\\/\\\/www.comprarmejor.es\\\/en\\\/#organization\",\"name\":\"COMPRAR MEJOR\",\"url\":\"https:\\\/\\\/www.comprarmejor.es\\\/en\\\/\",\"logo\":{\"@type\":\"ImageObject\",\"inLanguage\":\"en-US\",\"@id\":\"https:\\\/\\\/www.comprarmejor.es\\\/en\\\/#\\\/schema\\\/logo\\\/image\\\/\",\"url\":\"https:\\\/\\\/www.comprarmejor.es\\\/wp-content\\\/uploads\\\/2025\\\/09\\\/comprarmejortrinidad.jpg\",\"contentUrl\":\"https:\\\/\\\/www.comprarmejor.es\\\/wp-content\\\/uploads\\\/2025\\\/09\\\/comprarmejortrinidad.jpg\",\"width\":1022,\"height\":1380,\"caption\":\"COMPRAR MEJOR\"},\"image\":{\"@id\":\"https:\\\/\\\/www.comprarmejor.es\\\/en\\\/#\\\/schema\\\/logo\\\/image\\\/\"},\"sameAs\":[\"https:\\\/\\\/www.instagram.com\\\/amigosdelcodice\"]}]}<\/script>\n<!-- \/ Yoast SEO plugin. -->","yoast_head_json":{"title":"Letter from Arras del Cid Campeador, 11th century, facsimile of 1999","description":"Facsimile edition made in 1999 of two handwritten letters in folio mayor, one of the few documents that are conserved of the mythical figure of the Cid Camp","robots":{"index":"index","follow":"follow","max-snippet":"max-snippet:-1","max-image-preview":"max-image-preview:large","max-video-preview":"max-video-preview:-1"},"canonical":"https:\/\/www.comprarmejor.es\/en\/product\/letter-of-arras-del-cid-s-xi\/","og_locale":"en_US","og_type":"article","og_title":"Letter from Arras del Cid Campeador, 11th century, facsimile of 1999","og_description":"Facsimile edition made in 1999 of two handwritten letters in folio mayor, one of the few documents that are conserved of the mythical figure of the Cid Camp","og_url":"https:\/\/www.comprarmejor.es\/en\/product\/letter-of-arras-del-cid-s-xi\/","og_site_name":"ComprarMejor","article_modified_time":"2019-08-27T16:58:42+00:00","og_image":[{"width":474,"height":400,"url":"https:\/\/www.comprarmejor.es\/wp-content\/uploads\/2015\/12\/p_6_2_2_6_6226-Carta-de-Arras-del-Cid-s.-XI.jpg","type":"image\/jpeg"}],"twitter_card":"summary_large_image","twitter_misc":{"Est. reading time":"3 minutes"},"schema":{"@context":"https:\/\/schema.org","@graph":[{"@type":"WebPage","@id":"https:\/\/www.comprarmejor.es\/en\/product\/letter-of-arras-del-cid-s-xi\/","url":"https:\/\/www.comprarmejor.es\/en\/product\/letter-of-arras-del-cid-s-xi\/","name":"Letter from Arras del Cid Campeador, 11th century, facsimile of 1999","isPartOf":{"@id":"https:\/\/www.comprarmejor.es\/en\/#website"},"primaryImageOfPage":{"@id":"https:\/\/www.comprarmejor.es\/en\/product\/letter-of-arras-del-cid-s-xi\/#primaryimage"},"image":{"@id":"https:\/\/www.comprarmejor.es\/en\/product\/letter-of-arras-del-cid-s-xi\/#primaryimage"},"thumbnailUrl":"https:\/\/www.comprarmejor.es\/wp-content\/uploads\/2015\/12\/p_6_2_2_6_6226-Carta-de-Arras-del-Cid-s.-XI.jpg","datePublished":"2015-12-22T16:52:05+00:00","dateModified":"2019-08-27T16:58:42+00:00","description":"Facsimile edition made in 1999 of two handwritten letters in folio mayor, one of the few documents that are conserved of the mythical figure of the Cid Camp","breadcrumb":{"@id":"https:\/\/www.comprarmejor.es\/en\/product\/letter-of-arras-del-cid-s-xi\/#breadcrumb"},"inLanguage":"en-US","potentialAction":[{"@type":"ReadAction","target":["https:\/\/www.comprarmejor.es\/en\/product\/letter-of-arras-del-cid-s-xi\/"]}]},{"@type":"ImageObject","inLanguage":"en-US","@id":"https:\/\/www.comprarmejor.es\/en\/product\/letter-of-arras-del-cid-s-xi\/#primaryimage","url":"https:\/\/www.comprarmejor.es\/wp-content\/uploads\/2015\/12\/p_6_2_2_6_6226-Carta-de-Arras-del-Cid-s.-XI.jpg","contentUrl":"https:\/\/www.comprarmejor.es\/wp-content\/uploads\/2015\/12\/p_6_2_2_6_6226-Carta-de-Arras-del-Cid-s.-XI.jpg","width":474,"height":400},{"@type":"BreadcrumbList","@id":"https:\/\/www.comprarmejor.es\/en\/product\/letter-of-arras-del-cid-s-xi\/#breadcrumb","itemListElement":[{"@type":"ListItem","position":1,"name":"Portada","item":"https:\/\/www.comprarmejor.es\/en\/"},{"@type":"ListItem","position":2,"name":"Shop","item":"https:\/\/www.comprarmejor.es\/en\/shop\/"},{"@type":"ListItem","position":3,"name":"Letter of Arras del Cid, s. XI"}]},{"@type":"WebSite","@id":"https:\/\/www.comprarmejor.es\/en\/#website","url":"https:\/\/www.comprarmejor.es\/en\/","name":"ComprarMejor","description":"ComprarMejor","publisher":{"@id":"https:\/\/www.comprarmejor.es\/en\/#organization"},"potentialAction":[{"@type":"SearchAction","target":{"@type":"EntryPoint","urlTemplate":"https:\/\/www.comprarmejor.es\/en\/?s={search_term_string}"},"query-input":{"@type":"PropertyValueSpecification","valueRequired":true,"valueName":"search_term_string"}}],"inLanguage":"en-US"},{"@type":"Organization","@id":"https:\/\/www.comprarmejor.es\/en\/#organization","name":"COMPRAR MEJOR","url":"https:\/\/www.comprarmejor.es\/en\/","logo":{"@type":"ImageObject","inLanguage":"en-US","@id":"https:\/\/www.comprarmejor.es\/en\/#\/schema\/logo\/image\/","url":"https:\/\/www.comprarmejor.es\/wp-content\/uploads\/2025\/09\/comprarmejortrinidad.jpg","contentUrl":"https:\/\/www.comprarmejor.es\/wp-content\/uploads\/2025\/09\/comprarmejortrinidad.jpg","width":1022,"height":1380,"caption":"COMPRAR MEJOR"},"image":{"@id":"https:\/\/www.comprarmejor.es\/en\/#\/schema\/logo\/image\/"},"sameAs":["https:\/\/www.instagram.com\/amigosdelcodice"]}]}},"_links":{"self":[{"href":"https:\/\/www.comprarmejor.es\/en\/wp-json\/wp\/v2\/product\/50541","targetHints":{"allow":["GET"]}}],"collection":[{"href":"https:\/\/www.comprarmejor.es\/en\/wp-json\/wp\/v2\/product"}],"about":[{"href":"https:\/\/www.comprarmejor.es\/en\/wp-json\/wp\/v2\/types\/product"}],"wp:featuredmedia":[{"embeddable":true,"href":"https:\/\/www.comprarmejor.es\/en\/wp-json\/wp\/v2\/media\/50529"}],"wp:attachment":[{"href":"https:\/\/www.comprarmejor.es\/en\/wp-json\/wp\/v2\/media?parent=50541"}],"wp:term":[{"taxonomy":"product_brand","embeddable":true,"href":"https:\/\/www.comprarmejor.es\/en\/wp-json\/wp\/v2\/product_brand?post=50541"},{"taxonomy":"product_cat","embeddable":true,"href":"https:\/\/www.comprarmejor.es\/en\/wp-json\/wp\/v2\/product_cat?post=50541"},{"taxonomy":"product_tag","embeddable":true,"href":"https:\/\/www.comprarmejor.es\/en\/wp-json\/wp\/v2\/product_tag?post=50541"}],"curies":[{"name":"wp","href":"https:\/\/api.w.org\/{rel}","templated":true}]}}