{"id":50571,"date":"2015-12-22T18:43:07","date_gmt":"2015-12-22T17:43:07","guid":{"rendered":"https:\/\/www.comprarmejor.es\/producto\/templar-shield-keychain\/"},"modified":"2023-11-27T16:26:41","modified_gmt":"2023-11-27T15:26:41","slug":"leonardo-da-vincis-drawings-in-the-royal-library-of-turin-giunti-1990","status":"publish","type":"product","link":"https:\/\/www.comprarmejor.es\/en\/product\/leonardo-da-vincis-drawings-in-the-royal-library-of-turin-giunti-1990\/","title":{"rendered":"Leonardo da Vinci&#8217;s drawings in the Royal Library of Turin. Giunti, 1990"},"content":{"rendered":"<p style=\"text-align: justify;\">Facsimile edition made by Giunti in 1990 on the drawings of Leonardo da Vinci and his circle in the Royal Library of Turin (I Disegni di Leonardo da Vinci e della sua cerchia de \u00e9l nella Biblioteca Reale di Torino). Classification and presentation by Carlo Pedretti. Also included is the reproduction of the work of unpublished drawings \u201cMilitary Architecture\u201d by Leonardo da Vinci (Ms. Saluzzo 312).<\/p>\n<p style=\"text-align: justify;\">This work, the result of more than ten years of research in the Royal Library and the Royal Archives of Turin, proposes, through the series of drawings by Leonardo and his circle, arranged and presented by Carlo Pedretti, the definitive edition of the entire Leonardo da Vinci&#8217;s autograph material collected by Carlo Albert of Savoy around 1840, including the famous self-portrait and preparatory study for the angel of the Virgin of the Rocks that Bernard Berenson described as &#8220;the most beautiful drawing in the world.&#8221;<\/p>\n<p style=\"text-align: justify;\">The work also has an appendix on &#8220;Drawings of artistic genre in the Codex on the flight of birds&#8221; and a life-size reproduction of the recently discovered Codex Saluzzo 312, which includes a collection, never published until now, of Leonardo&#8217;s studies on military architecture compiled around 1840.<\/p>\n<p style=\"text-align: justify;\">Case (format 35 x 49 x 7.5 cm) lined in leather, with gold prints, containing: 23 plates (format 31.5 x 45 cm) with facsimile reproductions of the drawings, recto and verso; a text volume (31.5 x 45 cm format) of 136 pages printed on handmade paper and bound in Fabriano paper, with 130 illustrations; and the volume that reproduces the Saluzano Codex 312, format 32 x 43.5 cm.<\/p>\n<p style=\"text-align: justify;\">Limited facsimile edition of 998 numbered and certified copies for the entire world. Printed by Giunti in Florence in 1990. Texts in Italian.<\/p>\n<p style=\"text-align: justify;\">Complete copy and in perfect condition, new, brand new. All the elements inside the sealed case have never been opened (the photos are archival from another copy). Also keep the original packaging.<\/p>\n<p style=\"text-align: justify;\">Free shipping for this item<span title=\"Gastos de env\u00edo por cuenta del comprador, seg\u00fan pedido y destino.\">. <\/span><span title=\"Cons\u00faltenos cualquier duda, as\u00ed como por cualquier otro Beato o facs\u00edmile que est\u00e9 buscando.\"><a class=\"btn btn-default\" href=\"https:\/\/www.comprarmejor.es\/en\/contact\">Ask us<\/a> <span class=\"VIiyi\" lang=\"en\"><span class=\"JLqJ4b\" data-language-for-alternatives=\"en\" data-language-to-translate-into=\"es\" data-phrase-index=\"0\" data-number-of-phrases=\"1\">any questions, indicating the article reference.<\/span><\/span><br \/>\n<\/span><\/p>\n","protected":false},"excerpt":{"rendered":"<p style=\"text-align: justify;\"><span id=\"result_box\" lang=\"en\" xml:lang=\"en\"><span title=\"Edici\u00f3n \u00edntegra en un solo volumen.\"><span lang=\"en\" xml:lang=\"en\"><span title=\"Dise\u00f1ado en Espa\u00f1a por Albainox.\"><span class=\"VIiyi\" lang=\"en\"><span class=\"JLqJ4b\" data-language-for-alternatives=\"en\" data-language-to-translate-into=\"es\" data-phrase-index=\"0\" data-number-of-phrases=\"1\"><span class=\"HwtZe\" lang=\"en\"><span class=\"jCAhz ChMk0b\"><span class=\"ryNqvb\">1990 facsimile edition of Giunti, &#8220;The drawings of Leonardo da Vinci in the Royal Library of Turin and the Saluzzo 312 manuscript.<\/span><\/span><\/span><\/span><\/span><\/span><\/span><\/span><\/span><\/p>\n","protected":false},"featured_media":91172,"template":"","meta":[],"product_brand":[],"product_cat":[2270,2250,2220],"product_tag":[5791,4412],"class_list":{"0":"post-50571","1":"product","2":"type-product","3":"status-publish","4":"has-post-thumbnail","6":"product_cat-drawings","7":"product_cat-other-facsimiles","8":"product_cat-special-offers","9":"product_tag-arte-en","10":"product_tag-leonardo-en-2","11":"description-off","13":"first","14":"instock","15":"sale","16":"taxable","17":"shipping-taxable","18":"purchasable","19":"product-type-simple"},"yoast_head":"<!-- This site is optimized with the Yoast SEO plugin v27.3 - https:\/\/yoast.com\/product\/yoast-seo-wordpress\/ -->\n<title>Leonardo da Vinci&#039;s drawings in the Royal Library of Turin. Giunti<\/title>\n<meta name=\"description\" content=\"1990 facsimile edition of Giunti, &quot;The drawings of Leonardo da Vinci in the Royal Library of Turin and the Saluzzo 312 manuscript.\" \/>\n<meta name=\"robots\" content=\"index, follow, max-snippet:-1, max-image-preview:large, max-video-preview:-1\" \/>\n<link rel=\"canonical\" href=\"https:\/\/www.comprarmejor.es\/en\/product\/leonardo-da-vincis-drawings-in-the-royal-library-of-turin-giunti-1990\/\" \/>\n<meta property=\"og:locale\" content=\"en_US\" \/>\n<meta property=\"og:type\" content=\"article\" \/>\n<meta property=\"og:title\" content=\"Leonardo da Vinci&#039;s drawings in the Royal Library of Turin. Giunti\" \/>\n<meta property=\"og:description\" content=\"1990 facsimile edition of Giunti, &quot;The drawings of Leonardo da Vinci in the Royal Library of Turin and the Saluzzo 312 manuscript.\" \/>\n<meta property=\"og:url\" content=\"https:\/\/www.comprarmejor.es\/en\/product\/leonardo-da-vincis-drawings-in-the-royal-library-of-turin-giunti-1990\/\" \/>\n<meta property=\"og:site_name\" content=\"ComprarMejor\" \/>\n<meta property=\"article:modified_time\" content=\"2023-11-27T15:26:41+00:00\" \/>\n<meta property=\"og:image\" content=\"https:\/\/www.comprarmejor.es\/wp-content\/uploads\/2015\/12\/LTurin-1.jpg\" \/>\n\t<meta property=\"og:image:width\" content=\"576\" \/>\n\t<meta property=\"og:image:height\" content=\"744\" \/>\n\t<meta property=\"og:image:type\" content=\"image\/jpeg\" \/>\n<meta name=\"twitter:card\" content=\"summary_large_image\" \/>\n<meta name=\"twitter:label1\" content=\"Est. reading time\" \/>\n\t<meta name=\"twitter:data1\" content=\"2 minutes\" \/>\n<script type=\"application\/ld+json\" class=\"yoast-schema-graph\">{\"@context\":\"https:\\\/\\\/schema.org\",\"@graph\":[{\"@type\":\"WebPage\",\"@id\":\"https:\\\/\\\/www.comprarmejor.es\\\/en\\\/product\\\/leonardo-da-vincis-drawings-in-the-royal-library-of-turin-giunti-1990\\\/\",\"url\":\"https:\\\/\\\/www.comprarmejor.es\\\/en\\\/product\\\/leonardo-da-vincis-drawings-in-the-royal-library-of-turin-giunti-1990\\\/\",\"name\":\"Leonardo da Vinci's drawings in the Royal Library of Turin. Giunti\",\"isPartOf\":{\"@id\":\"https:\\\/\\\/www.comprarmejor.es\\\/en\\\/#website\"},\"primaryImageOfPage\":{\"@id\":\"https:\\\/\\\/www.comprarmejor.es\\\/en\\\/product\\\/leonardo-da-vincis-drawings-in-the-royal-library-of-turin-giunti-1990\\\/#primaryimage\"},\"image\":{\"@id\":\"https:\\\/\\\/www.comprarmejor.es\\\/en\\\/product\\\/leonardo-da-vincis-drawings-in-the-royal-library-of-turin-giunti-1990\\\/#primaryimage\"},\"thumbnailUrl\":\"https:\\\/\\\/www.comprarmejor.es\\\/wp-content\\\/uploads\\\/2015\\\/12\\\/LTurin-1.jpg\",\"datePublished\":\"2015-12-22T17:43:07+00:00\",\"dateModified\":\"2023-11-27T15:26:41+00:00\",\"description\":\"1990 facsimile edition of Giunti, \\\"The drawings of Leonardo da Vinci in the Royal Library of Turin and the Saluzzo 312 manuscript.\",\"breadcrumb\":{\"@id\":\"https:\\\/\\\/www.comprarmejor.es\\\/en\\\/product\\\/leonardo-da-vincis-drawings-in-the-royal-library-of-turin-giunti-1990\\\/#breadcrumb\"},\"inLanguage\":\"en-US\",\"potentialAction\":[{\"@type\":\"ReadAction\",\"target\":[\"https:\\\/\\\/www.comprarmejor.es\\\/en\\\/product\\\/leonardo-da-vincis-drawings-in-the-royal-library-of-turin-giunti-1990\\\/\"]}]},{\"@type\":\"ImageObject\",\"inLanguage\":\"en-US\",\"@id\":\"https:\\\/\\\/www.comprarmejor.es\\\/en\\\/product\\\/leonardo-da-vincis-drawings-in-the-royal-library-of-turin-giunti-1990\\\/#primaryimage\",\"url\":\"https:\\\/\\\/www.comprarmejor.es\\\/wp-content\\\/uploads\\\/2015\\\/12\\\/LTurin-1.jpg\",\"contentUrl\":\"https:\\\/\\\/www.comprarmejor.es\\\/wp-content\\\/uploads\\\/2015\\\/12\\\/LTurin-1.jpg\",\"width\":576,\"height\":744},{\"@type\":\"BreadcrumbList\",\"@id\":\"https:\\\/\\\/www.comprarmejor.es\\\/en\\\/product\\\/leonardo-da-vincis-drawings-in-the-royal-library-of-turin-giunti-1990\\\/#breadcrumb\",\"itemListElement\":[{\"@type\":\"ListItem\",\"position\":1,\"name\":\"Portada\",\"item\":\"https:\\\/\\\/www.comprarmejor.es\\\/en\\\/\"},{\"@type\":\"ListItem\",\"position\":2,\"name\":\"Shop\",\"item\":\"https:\\\/\\\/www.comprarmejor.es\\\/en\\\/shop\\\/\"},{\"@type\":\"ListItem\",\"position\":3,\"name\":\"Leonardo da Vinci&#8217;s drawings in the Royal Library of Turin. Giunti, 1990\"}]},{\"@type\":\"WebSite\",\"@id\":\"https:\\\/\\\/www.comprarmejor.es\\\/en\\\/#website\",\"url\":\"https:\\\/\\\/www.comprarmejor.es\\\/en\\\/\",\"name\":\"ComprarMejor\",\"description\":\"ComprarMejor\",\"publisher\":{\"@id\":\"https:\\\/\\\/www.comprarmejor.es\\\/en\\\/#organization\"},\"potentialAction\":[{\"@type\":\"SearchAction\",\"target\":{\"@type\":\"EntryPoint\",\"urlTemplate\":\"https:\\\/\\\/www.comprarmejor.es\\\/en\\\/?s={search_term_string}\"},\"query-input\":{\"@type\":\"PropertyValueSpecification\",\"valueRequired\":true,\"valueName\":\"search_term_string\"}}],\"inLanguage\":\"en-US\"},{\"@type\":\"Organization\",\"@id\":\"https:\\\/\\\/www.comprarmejor.es\\\/en\\\/#organization\",\"name\":\"COMPRAR MEJOR\",\"url\":\"https:\\\/\\\/www.comprarmejor.es\\\/en\\\/\",\"logo\":{\"@type\":\"ImageObject\",\"inLanguage\":\"en-US\",\"@id\":\"https:\\\/\\\/www.comprarmejor.es\\\/en\\\/#\\\/schema\\\/logo\\\/image\\\/\",\"url\":\"https:\\\/\\\/www.comprarmejor.es\\\/wp-content\\\/uploads\\\/2025\\\/09\\\/comprarmejortrinidad.jpg\",\"contentUrl\":\"https:\\\/\\\/www.comprarmejor.es\\\/wp-content\\\/uploads\\\/2025\\\/09\\\/comprarmejortrinidad.jpg\",\"width\":1022,\"height\":1380,\"caption\":\"COMPRAR MEJOR\"},\"image\":{\"@id\":\"https:\\\/\\\/www.comprarmejor.es\\\/en\\\/#\\\/schema\\\/logo\\\/image\\\/\"},\"sameAs\":[\"https:\\\/\\\/www.instagram.com\\\/amigosdelcodice\"]}]}<\/script>\n<!-- \/ Yoast SEO plugin. -->","yoast_head_json":{"title":"Leonardo da Vinci's drawings in the Royal Library of Turin. Giunti","description":"1990 facsimile edition of Giunti, \"The drawings of Leonardo da Vinci in the Royal Library of Turin and the Saluzzo 312 manuscript.","robots":{"index":"index","follow":"follow","max-snippet":"max-snippet:-1","max-image-preview":"max-image-preview:large","max-video-preview":"max-video-preview:-1"},"canonical":"https:\/\/www.comprarmejor.es\/en\/product\/leonardo-da-vincis-drawings-in-the-royal-library-of-turin-giunti-1990\/","og_locale":"en_US","og_type":"article","og_title":"Leonardo da Vinci's drawings in the Royal Library of Turin. Giunti","og_description":"1990 facsimile edition of Giunti, \"The drawings of Leonardo da Vinci in the Royal Library of Turin and the Saluzzo 312 manuscript.","og_url":"https:\/\/www.comprarmejor.es\/en\/product\/leonardo-da-vincis-drawings-in-the-royal-library-of-turin-giunti-1990\/","og_site_name":"ComprarMejor","article_modified_time":"2023-11-27T15:26:41+00:00","og_image":[{"width":576,"height":744,"url":"https:\/\/www.comprarmejor.es\/wp-content\/uploads\/2015\/12\/LTurin-1.jpg","type":"image\/jpeg"}],"twitter_card":"summary_large_image","twitter_misc":{"Est. reading time":"2 minutes"},"schema":{"@context":"https:\/\/schema.org","@graph":[{"@type":"WebPage","@id":"https:\/\/www.comprarmejor.es\/en\/product\/leonardo-da-vincis-drawings-in-the-royal-library-of-turin-giunti-1990\/","url":"https:\/\/www.comprarmejor.es\/en\/product\/leonardo-da-vincis-drawings-in-the-royal-library-of-turin-giunti-1990\/","name":"Leonardo da Vinci's drawings in the Royal Library of Turin. Giunti","isPartOf":{"@id":"https:\/\/www.comprarmejor.es\/en\/#website"},"primaryImageOfPage":{"@id":"https:\/\/www.comprarmejor.es\/en\/product\/leonardo-da-vincis-drawings-in-the-royal-library-of-turin-giunti-1990\/#primaryimage"},"image":{"@id":"https:\/\/www.comprarmejor.es\/en\/product\/leonardo-da-vincis-drawings-in-the-royal-library-of-turin-giunti-1990\/#primaryimage"},"thumbnailUrl":"https:\/\/www.comprarmejor.es\/wp-content\/uploads\/2015\/12\/LTurin-1.jpg","datePublished":"2015-12-22T17:43:07+00:00","dateModified":"2023-11-27T15:26:41+00:00","description":"1990 facsimile edition of Giunti, \"The drawings of Leonardo da Vinci in the Royal Library of Turin and the Saluzzo 312 manuscript.","breadcrumb":{"@id":"https:\/\/www.comprarmejor.es\/en\/product\/leonardo-da-vincis-drawings-in-the-royal-library-of-turin-giunti-1990\/#breadcrumb"},"inLanguage":"en-US","potentialAction":[{"@type":"ReadAction","target":["https:\/\/www.comprarmejor.es\/en\/product\/leonardo-da-vincis-drawings-in-the-royal-library-of-turin-giunti-1990\/"]}]},{"@type":"ImageObject","inLanguage":"en-US","@id":"https:\/\/www.comprarmejor.es\/en\/product\/leonardo-da-vincis-drawings-in-the-royal-library-of-turin-giunti-1990\/#primaryimage","url":"https:\/\/www.comprarmejor.es\/wp-content\/uploads\/2015\/12\/LTurin-1.jpg","contentUrl":"https:\/\/www.comprarmejor.es\/wp-content\/uploads\/2015\/12\/LTurin-1.jpg","width":576,"height":744},{"@type":"BreadcrumbList","@id":"https:\/\/www.comprarmejor.es\/en\/product\/leonardo-da-vincis-drawings-in-the-royal-library-of-turin-giunti-1990\/#breadcrumb","itemListElement":[{"@type":"ListItem","position":1,"name":"Portada","item":"https:\/\/www.comprarmejor.es\/en\/"},{"@type":"ListItem","position":2,"name":"Shop","item":"https:\/\/www.comprarmejor.es\/en\/shop\/"},{"@type":"ListItem","position":3,"name":"Leonardo da Vinci&#8217;s drawings in the Royal Library of Turin. Giunti, 1990"}]},{"@type":"WebSite","@id":"https:\/\/www.comprarmejor.es\/en\/#website","url":"https:\/\/www.comprarmejor.es\/en\/","name":"ComprarMejor","description":"ComprarMejor","publisher":{"@id":"https:\/\/www.comprarmejor.es\/en\/#organization"},"potentialAction":[{"@type":"SearchAction","target":{"@type":"EntryPoint","urlTemplate":"https:\/\/www.comprarmejor.es\/en\/?s={search_term_string}"},"query-input":{"@type":"PropertyValueSpecification","valueRequired":true,"valueName":"search_term_string"}}],"inLanguage":"en-US"},{"@type":"Organization","@id":"https:\/\/www.comprarmejor.es\/en\/#organization","name":"COMPRAR MEJOR","url":"https:\/\/www.comprarmejor.es\/en\/","logo":{"@type":"ImageObject","inLanguage":"en-US","@id":"https:\/\/www.comprarmejor.es\/en\/#\/schema\/logo\/image\/","url":"https:\/\/www.comprarmejor.es\/wp-content\/uploads\/2025\/09\/comprarmejortrinidad.jpg","contentUrl":"https:\/\/www.comprarmejor.es\/wp-content\/uploads\/2025\/09\/comprarmejortrinidad.jpg","width":1022,"height":1380,"caption":"COMPRAR MEJOR"},"image":{"@id":"https:\/\/www.comprarmejor.es\/en\/#\/schema\/logo\/image\/"},"sameAs":["https:\/\/www.instagram.com\/amigosdelcodice"]}]}},"_links":{"self":[{"href":"https:\/\/www.comprarmejor.es\/en\/wp-json\/wp\/v2\/product\/50571","targetHints":{"allow":["GET"]}}],"collection":[{"href":"https:\/\/www.comprarmejor.es\/en\/wp-json\/wp\/v2\/product"}],"about":[{"href":"https:\/\/www.comprarmejor.es\/en\/wp-json\/wp\/v2\/types\/product"}],"wp:featuredmedia":[{"embeddable":true,"href":"https:\/\/www.comprarmejor.es\/en\/wp-json\/wp\/v2\/media\/91172"}],"wp:attachment":[{"href":"https:\/\/www.comprarmejor.es\/en\/wp-json\/wp\/v2\/media?parent=50571"}],"wp:term":[{"taxonomy":"product_brand","embeddable":true,"href":"https:\/\/www.comprarmejor.es\/en\/wp-json\/wp\/v2\/product_brand?post=50571"},{"taxonomy":"product_cat","embeddable":true,"href":"https:\/\/www.comprarmejor.es\/en\/wp-json\/wp\/v2\/product_cat?post=50571"},{"taxonomy":"product_tag","embeddable":true,"href":"https:\/\/www.comprarmejor.es\/en\/wp-json\/wp\/v2\/product_tag?post=50571"}],"curies":[{"name":"wp","href":"https:\/\/api.w.org\/{rel}","templated":true}]}}