{"id":50589,"date":"2015-12-23T10:50:42","date_gmt":"2015-12-23T09:50:42","guid":{"rendered":"https:\/\/www.comprarmejor.es\/producto\/1985-carmen-ballet-antonio-gades-with-cristina-hoyos\/"},"modified":"2019-09-11T12:31:57","modified_gmt":"2019-09-11T10:31:57","slug":"1985-carmen-ballet-antonio-gades-with-cristina-hoyos","status":"publish","type":"product","link":"https:\/\/www.comprarmejor.es\/en\/product\/1985-carmen-ballet-antonio-gades-with-cristina-hoyos\/","title":{"rendered":"1985 Carmen: Ballet Antonio Gades with Cristina Hoyos"},"content":{"rendered":"<p style=\"text-align:justify;\"><span id=\"result_box\" lang=\"en\" xml:lang=\"en\"><span title=\"CARMEN: edici\u00f3n bibli\u00f3fila para los amantes del ballet realizada a partir del espect\u00e1culo inspirado en la obra de Prosper M\u00e9rim\u00e9e, con argumento, coreograf\u00eda, iluminaci\u00f3n y puesta en escena de Antonio Gades y Carlos Saura.\">CARMEN: bibliophile edition for lovers of ballet made from the show inspired by the work of Prosper Merimee, with argument, choreography, lighting and staging of Antonio Gades and Carlos Saura. <\/span><span title=\"Escenograf\u00eda de Antonio Saura.\">Scenery of Antonio Saura.<\/p>\n<p><\/span><span title=\"Primera edici\u00f3n, Barcelona, 1985. Formato folio apaisado, 32 x 26 cm.\">First edition, Barcelona, \u200b\u200b1985. Folio landscape format 32 x 26 cm. <\/span><span title=\"M\u00e1s de 100 p\u00e1ginas con bellas fotograf\u00edas, algunas de ellas desplegables, a cargo de Ferran Freixa;\">More than 100 pages with beautiful photographs, some leaflets, by Ferran Freixa; <\/span><span title=\"al final 6 hojas con datos biogr\u00e1ficos.\">end 6 sheets with biographical data. <\/span><span title=\"Preciosa encuadernaci\u00f3n realizada en fino terciopelo rojo estampado y decorado.\">Precious binding made of thin stamped red velvet and decorated. <\/span><span title=\"Presentado en estuche negro formato 33,5 x 27,8 x 3,3 cm, con se\u00f1ales de uso pero en buen estado.\">Presented in black pouch format 33.5 x 27.8 x 3.3 cm, with signs of use but in good condition.<\/p>\n<p><\/span><span title=\"El libro se encuentra en perfecto estado salvo una hoja que presenta un corte de 2,5 cm y dos hojas con un peque\u00f1o corte en el papel, sin mayor importancia y sin p\u00e9rdida de papel.\">The book is in perfect condition except for a sheet having a cut of 2.5 cm and two sheets with a small cut on paper, unimportant role without loss.<\/p>\n<p><\/span><span title=\"Obra premiada por el Ministerio de Cultura como el libro mejor editado en 1985.\">Work awarded by the Ministry of Culture as the best book published in 1985.<\/p>\n<p><\/span><span title=\"Gastos de env\u00edo por cuenta del comprador, seg\u00fan pedido y destino.\">Shipping by the buyer, upon request and destination.\u00a0<\/span><span title=\"Cons\u00faltenos cualquier duda, as\u00ed como por cualquier otro art\u00edculo u obra que est\u00e9 buscando.\"><a class=\"btn btn-default\" href=\"http:\/\/comprarmejor.es\/en\/contact\">Ask us<\/a> any questions and any other article or work you are seeking.<\/span><\/span><\/p>\n","protected":false},"excerpt":{"rendered":"<p style=\"text-align:justify;\"><span id=\"result_box\" lang=\"en\" xml:lang=\"en\"><span title=\"CARMEN: edici\u00f3n bibli\u00f3fila para los amantes del ballet realizada a partir del espect\u00e1culo inspirado en la obra de Prosper M\u00e9rim\u00e9e, con argumento, coreograf\u00eda, iluminaci\u00f3n y puesta en escena de Antonio Gades y Carlos Saura.\">CARMEN: bibliophile edition for lovers of ballet made from the show inspired by the work of Prosper Merimee, with argument, choreography, lighting and staging of Antonio Gades and Carlos Saura. <\/span><span title=\"Escenograf\u00eda de Antonio Saura.\">Scenery of Antonio Saura.<\/span><\/span><\/p>\n","protected":false},"featured_media":50573,"template":"","meta":[],"product_brand":[],"product_cat":[2210,2188,2242],"product_tag":[4727,4728,4732,4729,4730,4731],"class_list":{"0":"post-50589","1":"product","2":"type-product","3":"status-publish","4":"has-post-thumbnail","6":"product_cat-bibliophilia","7":"product_cat-books","8":"product_cat-first-editions","9":"product_tag-ballet-en","10":"product_tag-carmen-en","11":"product_tag-freixa-en-2","12":"product_tag-gades-en-2","13":"product_tag-hoyos-en-2","14":"product_tag-saura-en","15":"product_shipping_class-from-2-to-5-kg","16":"description-off","18":"first","19":"instock","20":"sale","21":"taxable","22":"shipping-taxable","23":"purchasable","24":"product-type-simple"},"yoast_head":"<!-- This site is optimized with the Yoast SEO plugin v27.3 - https:\/\/yoast.com\/product\/yoast-seo-wordpress\/ -->\n<title>Carmen: Ballet Antonio Gades with Cristina Hoyos, 1985<\/title>\n<meta name=\"description\" content=\"Bibliophile edition for lovers of ballet made from the show inspired by the work of Prosper Merimee, with argument, choreography, lighting and staging of ...\" \/>\n<meta name=\"robots\" content=\"index, follow, max-snippet:-1, max-image-preview:large, max-video-preview:-1\" \/>\n<link rel=\"canonical\" href=\"https:\/\/www.comprarmejor.es\/en\/product\/1985-carmen-ballet-antonio-gades-with-cristina-hoyos\/\" \/>\n<meta property=\"og:locale\" content=\"en_US\" \/>\n<meta property=\"og:type\" content=\"article\" \/>\n<meta property=\"og:title\" content=\"Carmen: Ballet Antonio Gades with Cristina Hoyos, 1985\" \/>\n<meta property=\"og:description\" content=\"Bibliophile edition for lovers of ballet made from the show inspired by the work of Prosper Merimee, with argument, choreography, lighting and staging of ...\" \/>\n<meta property=\"og:url\" content=\"https:\/\/www.comprarmejor.es\/en\/product\/1985-carmen-ballet-antonio-gades-with-cristina-hoyos\/\" \/>\n<meta property=\"og:site_name\" content=\"ComprarMejor\" \/>\n<meta property=\"article:modified_time\" content=\"2019-09-11T10:31:57+00:00\" \/>\n<meta property=\"og:image\" content=\"https:\/\/www.comprarmejor.es\/wp-content\/uploads\/2015\/12\/p_2_0_4_0_2040-1985-Carmen-Ballet-Antonio-Gades-con-Cristina-Hoyos.jpg\" \/>\n\t<meta property=\"og:image:width\" content=\"600\" \/>\n\t<meta property=\"og:image:height\" content=\"461\" \/>\n\t<meta property=\"og:image:type\" content=\"image\/jpeg\" \/>\n<meta name=\"twitter:card\" content=\"summary_large_image\" \/>\n<meta name=\"twitter:label1\" content=\"Est. reading time\" \/>\n\t<meta name=\"twitter:data1\" content=\"1 minute\" \/>\n<script type=\"application\/ld+json\" class=\"yoast-schema-graph\">{\"@context\":\"https:\\\/\\\/schema.org\",\"@graph\":[{\"@type\":\"WebPage\",\"@id\":\"https:\\\/\\\/www.comprarmejor.es\\\/en\\\/product\\\/1985-carmen-ballet-antonio-gades-with-cristina-hoyos\\\/\",\"url\":\"https:\\\/\\\/www.comprarmejor.es\\\/en\\\/product\\\/1985-carmen-ballet-antonio-gades-with-cristina-hoyos\\\/\",\"name\":\"Carmen: Ballet Antonio Gades with Cristina Hoyos, 1985\",\"isPartOf\":{\"@id\":\"https:\\\/\\\/www.comprarmejor.es\\\/en\\\/#website\"},\"primaryImageOfPage\":{\"@id\":\"https:\\\/\\\/www.comprarmejor.es\\\/en\\\/product\\\/1985-carmen-ballet-antonio-gades-with-cristina-hoyos\\\/#primaryimage\"},\"image\":{\"@id\":\"https:\\\/\\\/www.comprarmejor.es\\\/en\\\/product\\\/1985-carmen-ballet-antonio-gades-with-cristina-hoyos\\\/#primaryimage\"},\"thumbnailUrl\":\"https:\\\/\\\/www.comprarmejor.es\\\/wp-content\\\/uploads\\\/2015\\\/12\\\/p_2_0_4_0_2040-1985-Carmen-Ballet-Antonio-Gades-con-Cristina-Hoyos.jpg\",\"datePublished\":\"2015-12-23T09:50:42+00:00\",\"dateModified\":\"2019-09-11T10:31:57+00:00\",\"description\":\"Bibliophile edition for lovers of ballet made from the show inspired by the work of Prosper Merimee, with argument, choreography, lighting and staging of ...\",\"breadcrumb\":{\"@id\":\"https:\\\/\\\/www.comprarmejor.es\\\/en\\\/product\\\/1985-carmen-ballet-antonio-gades-with-cristina-hoyos\\\/#breadcrumb\"},\"inLanguage\":\"en-US\",\"potentialAction\":[{\"@type\":\"ReadAction\",\"target\":[\"https:\\\/\\\/www.comprarmejor.es\\\/en\\\/product\\\/1985-carmen-ballet-antonio-gades-with-cristina-hoyos\\\/\"]}]},{\"@type\":\"ImageObject\",\"inLanguage\":\"en-US\",\"@id\":\"https:\\\/\\\/www.comprarmejor.es\\\/en\\\/product\\\/1985-carmen-ballet-antonio-gades-with-cristina-hoyos\\\/#primaryimage\",\"url\":\"https:\\\/\\\/www.comprarmejor.es\\\/wp-content\\\/uploads\\\/2015\\\/12\\\/p_2_0_4_0_2040-1985-Carmen-Ballet-Antonio-Gades-con-Cristina-Hoyos.jpg\",\"contentUrl\":\"https:\\\/\\\/www.comprarmejor.es\\\/wp-content\\\/uploads\\\/2015\\\/12\\\/p_2_0_4_0_2040-1985-Carmen-Ballet-Antonio-Gades-con-Cristina-Hoyos.jpg\",\"width\":600,\"height\":461},{\"@type\":\"BreadcrumbList\",\"@id\":\"https:\\\/\\\/www.comprarmejor.es\\\/en\\\/product\\\/1985-carmen-ballet-antonio-gades-with-cristina-hoyos\\\/#breadcrumb\",\"itemListElement\":[{\"@type\":\"ListItem\",\"position\":1,\"name\":\"Portada\",\"item\":\"https:\\\/\\\/www.comprarmejor.es\\\/en\\\/\"},{\"@type\":\"ListItem\",\"position\":2,\"name\":\"Shop\",\"item\":\"https:\\\/\\\/www.comprarmejor.es\\\/en\\\/shop\\\/\"},{\"@type\":\"ListItem\",\"position\":3,\"name\":\"1985 Carmen: Ballet Antonio Gades with Cristina Hoyos\"}]},{\"@type\":\"WebSite\",\"@id\":\"https:\\\/\\\/www.comprarmejor.es\\\/en\\\/#website\",\"url\":\"https:\\\/\\\/www.comprarmejor.es\\\/en\\\/\",\"name\":\"ComprarMejor\",\"description\":\"ComprarMejor\",\"publisher\":{\"@id\":\"https:\\\/\\\/www.comprarmejor.es\\\/en\\\/#organization\"},\"potentialAction\":[{\"@type\":\"SearchAction\",\"target\":{\"@type\":\"EntryPoint\",\"urlTemplate\":\"https:\\\/\\\/www.comprarmejor.es\\\/en\\\/?s={search_term_string}\"},\"query-input\":{\"@type\":\"PropertyValueSpecification\",\"valueRequired\":true,\"valueName\":\"search_term_string\"}}],\"inLanguage\":\"en-US\"},{\"@type\":\"Organization\",\"@id\":\"https:\\\/\\\/www.comprarmejor.es\\\/en\\\/#organization\",\"name\":\"COMPRAR MEJOR\",\"url\":\"https:\\\/\\\/www.comprarmejor.es\\\/en\\\/\",\"logo\":{\"@type\":\"ImageObject\",\"inLanguage\":\"en-US\",\"@id\":\"https:\\\/\\\/www.comprarmejor.es\\\/en\\\/#\\\/schema\\\/logo\\\/image\\\/\",\"url\":\"https:\\\/\\\/www.comprarmejor.es\\\/wp-content\\\/uploads\\\/2025\\\/09\\\/comprarmejortrinidad.jpg\",\"contentUrl\":\"https:\\\/\\\/www.comprarmejor.es\\\/wp-content\\\/uploads\\\/2025\\\/09\\\/comprarmejortrinidad.jpg\",\"width\":1022,\"height\":1380,\"caption\":\"COMPRAR MEJOR\"},\"image\":{\"@id\":\"https:\\\/\\\/www.comprarmejor.es\\\/en\\\/#\\\/schema\\\/logo\\\/image\\\/\"},\"sameAs\":[\"https:\\\/\\\/www.instagram.com\\\/amigosdelcodice\"]}]}<\/script>\n<!-- \/ Yoast SEO plugin. -->","yoast_head_json":{"title":"Carmen: Ballet Antonio Gades with Cristina Hoyos, 1985","description":"Bibliophile edition for lovers of ballet made from the show inspired by the work of Prosper Merimee, with argument, choreography, lighting and staging of ...","robots":{"index":"index","follow":"follow","max-snippet":"max-snippet:-1","max-image-preview":"max-image-preview:large","max-video-preview":"max-video-preview:-1"},"canonical":"https:\/\/www.comprarmejor.es\/en\/product\/1985-carmen-ballet-antonio-gades-with-cristina-hoyos\/","og_locale":"en_US","og_type":"article","og_title":"Carmen: Ballet Antonio Gades with Cristina Hoyos, 1985","og_description":"Bibliophile edition for lovers of ballet made from the show inspired by the work of Prosper Merimee, with argument, choreography, lighting and staging of ...","og_url":"https:\/\/www.comprarmejor.es\/en\/product\/1985-carmen-ballet-antonio-gades-with-cristina-hoyos\/","og_site_name":"ComprarMejor","article_modified_time":"2019-09-11T10:31:57+00:00","og_image":[{"width":600,"height":461,"url":"https:\/\/www.comprarmejor.es\/wp-content\/uploads\/2015\/12\/p_2_0_4_0_2040-1985-Carmen-Ballet-Antonio-Gades-con-Cristina-Hoyos.jpg","type":"image\/jpeg"}],"twitter_card":"summary_large_image","twitter_misc":{"Est. reading time":"1 minute"},"schema":{"@context":"https:\/\/schema.org","@graph":[{"@type":"WebPage","@id":"https:\/\/www.comprarmejor.es\/en\/product\/1985-carmen-ballet-antonio-gades-with-cristina-hoyos\/","url":"https:\/\/www.comprarmejor.es\/en\/product\/1985-carmen-ballet-antonio-gades-with-cristina-hoyos\/","name":"Carmen: Ballet Antonio Gades with Cristina Hoyos, 1985","isPartOf":{"@id":"https:\/\/www.comprarmejor.es\/en\/#website"},"primaryImageOfPage":{"@id":"https:\/\/www.comprarmejor.es\/en\/product\/1985-carmen-ballet-antonio-gades-with-cristina-hoyos\/#primaryimage"},"image":{"@id":"https:\/\/www.comprarmejor.es\/en\/product\/1985-carmen-ballet-antonio-gades-with-cristina-hoyos\/#primaryimage"},"thumbnailUrl":"https:\/\/www.comprarmejor.es\/wp-content\/uploads\/2015\/12\/p_2_0_4_0_2040-1985-Carmen-Ballet-Antonio-Gades-con-Cristina-Hoyos.jpg","datePublished":"2015-12-23T09:50:42+00:00","dateModified":"2019-09-11T10:31:57+00:00","description":"Bibliophile edition for lovers of ballet made from the show inspired by the work of Prosper Merimee, with argument, choreography, lighting and staging of ...","breadcrumb":{"@id":"https:\/\/www.comprarmejor.es\/en\/product\/1985-carmen-ballet-antonio-gades-with-cristina-hoyos\/#breadcrumb"},"inLanguage":"en-US","potentialAction":[{"@type":"ReadAction","target":["https:\/\/www.comprarmejor.es\/en\/product\/1985-carmen-ballet-antonio-gades-with-cristina-hoyos\/"]}]},{"@type":"ImageObject","inLanguage":"en-US","@id":"https:\/\/www.comprarmejor.es\/en\/product\/1985-carmen-ballet-antonio-gades-with-cristina-hoyos\/#primaryimage","url":"https:\/\/www.comprarmejor.es\/wp-content\/uploads\/2015\/12\/p_2_0_4_0_2040-1985-Carmen-Ballet-Antonio-Gades-con-Cristina-Hoyos.jpg","contentUrl":"https:\/\/www.comprarmejor.es\/wp-content\/uploads\/2015\/12\/p_2_0_4_0_2040-1985-Carmen-Ballet-Antonio-Gades-con-Cristina-Hoyos.jpg","width":600,"height":461},{"@type":"BreadcrumbList","@id":"https:\/\/www.comprarmejor.es\/en\/product\/1985-carmen-ballet-antonio-gades-with-cristina-hoyos\/#breadcrumb","itemListElement":[{"@type":"ListItem","position":1,"name":"Portada","item":"https:\/\/www.comprarmejor.es\/en\/"},{"@type":"ListItem","position":2,"name":"Shop","item":"https:\/\/www.comprarmejor.es\/en\/shop\/"},{"@type":"ListItem","position":3,"name":"1985 Carmen: Ballet Antonio Gades with Cristina Hoyos"}]},{"@type":"WebSite","@id":"https:\/\/www.comprarmejor.es\/en\/#website","url":"https:\/\/www.comprarmejor.es\/en\/","name":"ComprarMejor","description":"ComprarMejor","publisher":{"@id":"https:\/\/www.comprarmejor.es\/en\/#organization"},"potentialAction":[{"@type":"SearchAction","target":{"@type":"EntryPoint","urlTemplate":"https:\/\/www.comprarmejor.es\/en\/?s={search_term_string}"},"query-input":{"@type":"PropertyValueSpecification","valueRequired":true,"valueName":"search_term_string"}}],"inLanguage":"en-US"},{"@type":"Organization","@id":"https:\/\/www.comprarmejor.es\/en\/#organization","name":"COMPRAR MEJOR","url":"https:\/\/www.comprarmejor.es\/en\/","logo":{"@type":"ImageObject","inLanguage":"en-US","@id":"https:\/\/www.comprarmejor.es\/en\/#\/schema\/logo\/image\/","url":"https:\/\/www.comprarmejor.es\/wp-content\/uploads\/2025\/09\/comprarmejortrinidad.jpg","contentUrl":"https:\/\/www.comprarmejor.es\/wp-content\/uploads\/2025\/09\/comprarmejortrinidad.jpg","width":1022,"height":1380,"caption":"COMPRAR MEJOR"},"image":{"@id":"https:\/\/www.comprarmejor.es\/en\/#\/schema\/logo\/image\/"},"sameAs":["https:\/\/www.instagram.com\/amigosdelcodice"]}]}},"_links":{"self":[{"href":"https:\/\/www.comprarmejor.es\/en\/wp-json\/wp\/v2\/product\/50589","targetHints":{"allow":["GET"]}}],"collection":[{"href":"https:\/\/www.comprarmejor.es\/en\/wp-json\/wp\/v2\/product"}],"about":[{"href":"https:\/\/www.comprarmejor.es\/en\/wp-json\/wp\/v2\/types\/product"}],"wp:featuredmedia":[{"embeddable":true,"href":"https:\/\/www.comprarmejor.es\/en\/wp-json\/wp\/v2\/media\/50573"}],"wp:attachment":[{"href":"https:\/\/www.comprarmejor.es\/en\/wp-json\/wp\/v2\/media?parent=50589"}],"wp:term":[{"taxonomy":"product_brand","embeddable":true,"href":"https:\/\/www.comprarmejor.es\/en\/wp-json\/wp\/v2\/product_brand?post=50589"},{"taxonomy":"product_cat","embeddable":true,"href":"https:\/\/www.comprarmejor.es\/en\/wp-json\/wp\/v2\/product_cat?post=50589"},{"taxonomy":"product_tag","embeddable":true,"href":"https:\/\/www.comprarmejor.es\/en\/wp-json\/wp\/v2\/product_tag?post=50589"}],"curies":[{"name":"wp","href":"https:\/\/api.w.org\/{rel}","templated":true}]}}