{"id":50675,"date":"2015-12-24T13:46:26","date_gmt":"2015-12-24T12:46:26","guid":{"rendered":"https:\/\/www.comprarmejor.es\/producto\/genealogical-history-and-heraldry-of-emperors-kings-and-nobles-in-europe-c-1547\/"},"modified":"2026-05-03T11:42:45","modified_gmt":"2026-05-03T09:42:45","slug":"genealogical-history-and-heraldry-of-emperors-kings-and-nobles-in-europe-c-1547","status":"publish","type":"product","link":"https:\/\/www.comprarmejor.es\/en\/product\/genealogical-history-and-heraldry-of-emperors-kings-and-nobles-in-europe-c-1547\/","title":{"rendered":"Genealogical history and heraldry of emperors, kings and nobles in Europe, c. 1547"},"content":{"rendered":"<p><span class=\"HwtZe\" lang=\"en\"><span class=\"jCAhz ChMk0b\"><span class=\"ryNqvb\">ARTICLE FOR INFORMATIONAL PURPOSES ONLY<\/span><\/span><\/span><\/p>\n<p style=\"text-align: justify;\"><span id=\"result_box\" lang=\"en\" xml:lang=\"en\"><span title=\"Estuches formato en conjunto 20 x 25 x 21,5 cm.\"><span lang=\"en\" xml:lang=\"en\"><span title=\"Los manuscritos, conservados en la Biblioteca del Monasterio de El Escorial, contienen una representaci\u00f3n del mundo desde sus principios b\u00edblicos hasta la actualidad de la mitad del siglo XVI, desde una perspectiva cronol\u00f3gica e hist\u00f3rica.\">Manuscripts, preserved in the Library of the Monastery of El Escorial, contain a representation of the world from biblical principles to the present half of the sixteenth century, from a chronological and historical perspective. <\/span><span title=\"Dedicados al Rey Felipe II, fueron realizados sobre 1547 como regalo del cardenal de Augsburgo Otto Truchsess von Waldburg y entregados al Pr\u00edncipe Felipe el 24 de febrero de 1549, aniversario del emperador, en el Palacio Obispal de Augsburgo.\">Dedicated to King Philip II, they were performed on 1547 as a gift of Cardinal Otto Truchsess of Augsburg von Waldburg and delivered to Prince Philip on February 24, 1549, anniversary of the emperor, in the Augsburg Bishop&#8217;s Palace. <\/span><span title=\"Los 3 manuscritos, \u201cde elevados costos y con m\u00faltiples ornamentos de plata y magn\u00edficas ilustraciones y escritos\u201d iban en un cofre para la protecci\u00f3n de los mismos y constituyen una verdadera joya del Renacimiento alem\u00e1n.\">3 manuscripts, &#8220;high-cost, multi silver ornaments and magnificent illustrations and writings&#8221; were in a box to protect them and constitute a real gem of the German Renaissance.<\/span><\/span><\/span><\/span><\/p>\n<p style=\"text-align: justify;\"><span title=\"Los 3 tomos de la Historia geneal\u00f3gica y her\u00e1ldica de los emperadores, reyes y nobles de Europa pertenecieron a la biblioteca personal de Felipe II.\">The 3 volumes of genealogical and heraldic History of emperors, kings and nobles of Europe belonged to the personal library of Philip II. <\/span><span title=\"Todo el texto est\u00e1 escrito en lat\u00edn con su traducci\u00f3n en alem\u00e1n, enfrent\u00e1ndose ambas lenguas en los rectos y versos de los folios.\">All text is written in Latin with translation into German, facing both languages \u200b\u200bin straight lines and folios.<\/span><\/p>\n<p style=\"text-align: justify;\">Extraordinary and monumental facsimile edition of the three codices, bound in leather over dry-hewn wood, of a large and heavy format, with a guide tape and two clasps. 38 x 51.5 cm.<br \/>\nAccompanied by two study books bound in padded and illustrated hardcovers, 24 x 32 cm in size, which include the first Spanish translation of the Latin text of Volume I.<\/p>\n<p style=\"text-align: justify;\">Volume I: &#8220;Of the Beginning and Origin of the Empires that have existed since Adam, with the Roman Emperors to King Ferdinand I of Austria, with the Officials of the Empire.&#8221; 382 pages.<\/p>\n<p style=\"text-align: justify;\">Volume II: &#8220;Beginning and Succession of the Kingdoms and Kings and other States and Lordships of Christendom, with their Insignia.&#8221; 436 pages.<\/p>\n<p style=\"text-align: justify;\">Volume III: \u201cThe Nobility and Origin of the Insignia of Arms, Tournaments, and Coats of Arms of the Princes and Lords of Germany and Other Nations.\u201d 404 pages including hundreds of European coats of arms and noble coats of arms.<\/p>\n<p style=\"text-align: justify;\">A spectacular and monumental work, complete and in perfect condition.<\/p>\n<p style=\"text-align: justify;\">Retail Price: 15.444 \u20ac<span title=\"Extraordinaria edici\u00f3n facs\u00edmile de los 3 c\u00f3dices encuadernados en piel sobre madera y labrada en seco, de gran formato y peso, cinta gu\u00eda y 2 cierres.\">. <\/span><span title=\"Cons\u00faltenos cualquier duda, as\u00ed como por cualquier otro art\u00edculo u obra que est\u00e9 buscando.\"><a class=\"btn btn-default\" href=\"https:\/\/www.comprarmejor.es\/en\/contact\/\">Ask us<\/a> <span class=\"HwtZe\" lang=\"en\"><span class=\"jCAhz ChMk0b\"><span class=\"ryNqvb\">any questions, providing the item reference.<\/span><\/span><\/span><br \/>\n<\/span><\/p>\n","protected":false},"excerpt":{"rendered":"<p style=\"text-align: justify;\"><span id=\"result_box\" lang=\"en\" xml:lang=\"en\"><span title=\"Ilustrado por Jos\u00e9 Luis Rey Vila.\"><span lang=\"en\" xml:lang=\"en\"><span title=\"Los 3 tomos de la Historia geneal\u00f3gica y her\u00e1ldica de los emperadores, reyes y nobles de Europa pertenecieron a la biblioteca personal de Felipe II.\">The 3 volumes of genealogical and heraldic History of emperors, kings and nobles of Europe belonged to the personal library of Philip II. <\/span><span title=\"Todo el texto est\u00e1 escrito en lat\u00edn con su traducci\u00f3n en alem\u00e1n, enfrent\u00e1ndose ambas lenguas en los rectos y versos de los folios.\">All text is written in Latin with translation into German, facing both languages \u200b\u200bin straight lines and folios.<\/span><\/span><\/span><span title=\"Prefacio de Luis Astrana Mar\u00edn.\"><br \/>\n<\/span><\/span><\/p>\n","protected":false},"featured_media":50665,"template":"","meta":[],"product_brand":[],"product_cat":[2250],"product_tag":[4706,3984,4537,5120,3999],"class_list":{"0":"post-50675","1":"product","2":"type-product","3":"status-publish","4":"has-post-thumbnail","6":"product_cat-other-facsimiles","7":"product_tag-austrias-en","8":"product_tag-escorial-en-2","9":"product_tag-felipe-ii-en-2","10":"product_tag-history-en","11":"product_tag-testimonio-en","12":"description-off","14":"first","15":"instock","16":"taxable","17":"shipping-taxable","18":"purchasable","19":"product-type-simple"},"yoast_head":"<!-- This site is optimized with the Yoast SEO plugin v27.3 - https:\/\/yoast.com\/product\/yoast-seo-wordpress\/ -->\n<title>Genealogical history and heraldry of emperors, kings and nobles in<\/title>\n<meta name=\"description\" content=\"The 3 volumes of genealogical and heraldic History of emperors, kings and nobles of Europe belonged to the personal library of Philip II. All text is writte\" \/>\n<meta name=\"robots\" content=\"index, follow, max-snippet:-1, max-image-preview:large, max-video-preview:-1\" \/>\n<link rel=\"canonical\" href=\"https:\/\/www.comprarmejor.es\/en\/product\/genealogical-history-and-heraldry-of-emperors-kings-and-nobles-in-europe-c-1547\/\" \/>\n<meta property=\"og:locale\" content=\"en_US\" \/>\n<meta property=\"og:type\" content=\"article\" \/>\n<meta property=\"og:title\" content=\"Genealogical history and heraldry of emperors, kings and nobles in\" \/>\n<meta property=\"og:description\" content=\"The 3 volumes of genealogical and heraldic History of emperors, kings and nobles of Europe belonged to the personal library of Philip II. All text is writte\" \/>\n<meta property=\"og:url\" content=\"https:\/\/www.comprarmejor.es\/en\/product\/genealogical-history-and-heraldry-of-emperors-kings-and-nobles-in-europe-c-1547\/\" \/>\n<meta property=\"og:site_name\" content=\"ComprarMejor\" \/>\n<meta property=\"article:modified_time\" content=\"2026-05-03T09:42:45+00:00\" \/>\n<meta property=\"og:image\" content=\"https:\/\/www.comprarmejor.es\/wp-content\/uploads\/2015\/12\/p_6_7_8_1_6781-Historia-genealogica-y-heraldica-de-los-emperadores-reyes-y-nobles-de-Europa-c.-1547.jpg\" \/>\n\t<meta property=\"og:image:width\" content=\"474\" \/>\n\t<meta property=\"og:image:height\" content=\"600\" \/>\n\t<meta property=\"og:image:type\" content=\"image\/jpeg\" \/>\n<meta name=\"twitter:card\" content=\"summary_large_image\" \/>\n<meta name=\"twitter:label1\" content=\"Est. reading time\" \/>\n\t<meta name=\"twitter:data1\" content=\"2 minutes\" \/>\n<script type=\"application\/ld+json\" class=\"yoast-schema-graph\">{\"@context\":\"https:\\\/\\\/schema.org\",\"@graph\":[{\"@type\":\"WebPage\",\"@id\":\"https:\\\/\\\/www.comprarmejor.es\\\/en\\\/product\\\/genealogical-history-and-heraldry-of-emperors-kings-and-nobles-in-europe-c-1547\\\/\",\"url\":\"https:\\\/\\\/www.comprarmejor.es\\\/en\\\/product\\\/genealogical-history-and-heraldry-of-emperors-kings-and-nobles-in-europe-c-1547\\\/\",\"name\":\"Genealogical history and heraldry of emperors, kings and nobles in\",\"isPartOf\":{\"@id\":\"https:\\\/\\\/www.comprarmejor.es\\\/en\\\/#website\"},\"primaryImageOfPage\":{\"@id\":\"https:\\\/\\\/www.comprarmejor.es\\\/en\\\/product\\\/genealogical-history-and-heraldry-of-emperors-kings-and-nobles-in-europe-c-1547\\\/#primaryimage\"},\"image\":{\"@id\":\"https:\\\/\\\/www.comprarmejor.es\\\/en\\\/product\\\/genealogical-history-and-heraldry-of-emperors-kings-and-nobles-in-europe-c-1547\\\/#primaryimage\"},\"thumbnailUrl\":\"https:\\\/\\\/www.comprarmejor.es\\\/wp-content\\\/uploads\\\/2015\\\/12\\\/p_6_7_8_1_6781-Historia-genealogica-y-heraldica-de-los-emperadores-reyes-y-nobles-de-Europa-c.-1547.jpg\",\"datePublished\":\"2015-12-24T12:46:26+00:00\",\"dateModified\":\"2026-05-03T09:42:45+00:00\",\"description\":\"The 3 volumes of genealogical and heraldic History of emperors, kings and nobles of Europe belonged to the personal library of Philip II. All text is writte\",\"breadcrumb\":{\"@id\":\"https:\\\/\\\/www.comprarmejor.es\\\/en\\\/product\\\/genealogical-history-and-heraldry-of-emperors-kings-and-nobles-in-europe-c-1547\\\/#breadcrumb\"},\"inLanguage\":\"en-US\",\"potentialAction\":[{\"@type\":\"ReadAction\",\"target\":[\"https:\\\/\\\/www.comprarmejor.es\\\/en\\\/product\\\/genealogical-history-and-heraldry-of-emperors-kings-and-nobles-in-europe-c-1547\\\/\"]}]},{\"@type\":\"ImageObject\",\"inLanguage\":\"en-US\",\"@id\":\"https:\\\/\\\/www.comprarmejor.es\\\/en\\\/product\\\/genealogical-history-and-heraldry-of-emperors-kings-and-nobles-in-europe-c-1547\\\/#primaryimage\",\"url\":\"https:\\\/\\\/www.comprarmejor.es\\\/wp-content\\\/uploads\\\/2015\\\/12\\\/p_6_7_8_1_6781-Historia-genealogica-y-heraldica-de-los-emperadores-reyes-y-nobles-de-Europa-c.-1547.jpg\",\"contentUrl\":\"https:\\\/\\\/www.comprarmejor.es\\\/wp-content\\\/uploads\\\/2015\\\/12\\\/p_6_7_8_1_6781-Historia-genealogica-y-heraldica-de-los-emperadores-reyes-y-nobles-de-Europa-c.-1547.jpg\",\"width\":474,\"height\":600},{\"@type\":\"BreadcrumbList\",\"@id\":\"https:\\\/\\\/www.comprarmejor.es\\\/en\\\/product\\\/genealogical-history-and-heraldry-of-emperors-kings-and-nobles-in-europe-c-1547\\\/#breadcrumb\",\"itemListElement\":[{\"@type\":\"ListItem\",\"position\":1,\"name\":\"Portada\",\"item\":\"https:\\\/\\\/www.comprarmejor.es\\\/en\\\/\"},{\"@type\":\"ListItem\",\"position\":2,\"name\":\"Shop\",\"item\":\"https:\\\/\\\/www.comprarmejor.es\\\/en\\\/shop\\\/\"},{\"@type\":\"ListItem\",\"position\":3,\"name\":\"Genealogical history and heraldry of emperors, kings and nobles in Europe, c. 1547\"}]},{\"@type\":\"WebSite\",\"@id\":\"https:\\\/\\\/www.comprarmejor.es\\\/en\\\/#website\",\"url\":\"https:\\\/\\\/www.comprarmejor.es\\\/en\\\/\",\"name\":\"ComprarMejor\",\"description\":\"ComprarMejor\",\"publisher\":{\"@id\":\"https:\\\/\\\/www.comprarmejor.es\\\/en\\\/#organization\"},\"potentialAction\":[{\"@type\":\"SearchAction\",\"target\":{\"@type\":\"EntryPoint\",\"urlTemplate\":\"https:\\\/\\\/www.comprarmejor.es\\\/en\\\/?s={search_term_string}\"},\"query-input\":{\"@type\":\"PropertyValueSpecification\",\"valueRequired\":true,\"valueName\":\"search_term_string\"}}],\"inLanguage\":\"en-US\"},{\"@type\":\"Organization\",\"@id\":\"https:\\\/\\\/www.comprarmejor.es\\\/en\\\/#organization\",\"name\":\"COMPRAR MEJOR\",\"url\":\"https:\\\/\\\/www.comprarmejor.es\\\/en\\\/\",\"logo\":{\"@type\":\"ImageObject\",\"inLanguage\":\"en-US\",\"@id\":\"https:\\\/\\\/www.comprarmejor.es\\\/en\\\/#\\\/schema\\\/logo\\\/image\\\/\",\"url\":\"https:\\\/\\\/www.comprarmejor.es\\\/wp-content\\\/uploads\\\/2025\\\/09\\\/comprarmejortrinidad.jpg\",\"contentUrl\":\"https:\\\/\\\/www.comprarmejor.es\\\/wp-content\\\/uploads\\\/2025\\\/09\\\/comprarmejortrinidad.jpg\",\"width\":1022,\"height\":1380,\"caption\":\"COMPRAR MEJOR\"},\"image\":{\"@id\":\"https:\\\/\\\/www.comprarmejor.es\\\/en\\\/#\\\/schema\\\/logo\\\/image\\\/\"},\"sameAs\":[\"https:\\\/\\\/www.instagram.com\\\/amigosdelcodice\"]}]}<\/script>\n<!-- \/ Yoast SEO plugin. -->","yoast_head_json":{"title":"Genealogical history and heraldry of emperors, kings and nobles in","description":"The 3 volumes of genealogical and heraldic History of emperors, kings and nobles of Europe belonged to the personal library of Philip II. All text is writte","robots":{"index":"index","follow":"follow","max-snippet":"max-snippet:-1","max-image-preview":"max-image-preview:large","max-video-preview":"max-video-preview:-1"},"canonical":"https:\/\/www.comprarmejor.es\/en\/product\/genealogical-history-and-heraldry-of-emperors-kings-and-nobles-in-europe-c-1547\/","og_locale":"en_US","og_type":"article","og_title":"Genealogical history and heraldry of emperors, kings and nobles in","og_description":"The 3 volumes of genealogical and heraldic History of emperors, kings and nobles of Europe belonged to the personal library of Philip II. All text is writte","og_url":"https:\/\/www.comprarmejor.es\/en\/product\/genealogical-history-and-heraldry-of-emperors-kings-and-nobles-in-europe-c-1547\/","og_site_name":"ComprarMejor","article_modified_time":"2026-05-03T09:42:45+00:00","og_image":[{"width":474,"height":600,"url":"https:\/\/www.comprarmejor.es\/wp-content\/uploads\/2015\/12\/p_6_7_8_1_6781-Historia-genealogica-y-heraldica-de-los-emperadores-reyes-y-nobles-de-Europa-c.-1547.jpg","type":"image\/jpeg"}],"twitter_card":"summary_large_image","twitter_misc":{"Est. reading time":"2 minutes"},"schema":{"@context":"https:\/\/schema.org","@graph":[{"@type":"WebPage","@id":"https:\/\/www.comprarmejor.es\/en\/product\/genealogical-history-and-heraldry-of-emperors-kings-and-nobles-in-europe-c-1547\/","url":"https:\/\/www.comprarmejor.es\/en\/product\/genealogical-history-and-heraldry-of-emperors-kings-and-nobles-in-europe-c-1547\/","name":"Genealogical history and heraldry of emperors, kings and nobles in","isPartOf":{"@id":"https:\/\/www.comprarmejor.es\/en\/#website"},"primaryImageOfPage":{"@id":"https:\/\/www.comprarmejor.es\/en\/product\/genealogical-history-and-heraldry-of-emperors-kings-and-nobles-in-europe-c-1547\/#primaryimage"},"image":{"@id":"https:\/\/www.comprarmejor.es\/en\/product\/genealogical-history-and-heraldry-of-emperors-kings-and-nobles-in-europe-c-1547\/#primaryimage"},"thumbnailUrl":"https:\/\/www.comprarmejor.es\/wp-content\/uploads\/2015\/12\/p_6_7_8_1_6781-Historia-genealogica-y-heraldica-de-los-emperadores-reyes-y-nobles-de-Europa-c.-1547.jpg","datePublished":"2015-12-24T12:46:26+00:00","dateModified":"2026-05-03T09:42:45+00:00","description":"The 3 volumes of genealogical and heraldic History of emperors, kings and nobles of Europe belonged to the personal library of Philip II. All text is writte","breadcrumb":{"@id":"https:\/\/www.comprarmejor.es\/en\/product\/genealogical-history-and-heraldry-of-emperors-kings-and-nobles-in-europe-c-1547\/#breadcrumb"},"inLanguage":"en-US","potentialAction":[{"@type":"ReadAction","target":["https:\/\/www.comprarmejor.es\/en\/product\/genealogical-history-and-heraldry-of-emperors-kings-and-nobles-in-europe-c-1547\/"]}]},{"@type":"ImageObject","inLanguage":"en-US","@id":"https:\/\/www.comprarmejor.es\/en\/product\/genealogical-history-and-heraldry-of-emperors-kings-and-nobles-in-europe-c-1547\/#primaryimage","url":"https:\/\/www.comprarmejor.es\/wp-content\/uploads\/2015\/12\/p_6_7_8_1_6781-Historia-genealogica-y-heraldica-de-los-emperadores-reyes-y-nobles-de-Europa-c.-1547.jpg","contentUrl":"https:\/\/www.comprarmejor.es\/wp-content\/uploads\/2015\/12\/p_6_7_8_1_6781-Historia-genealogica-y-heraldica-de-los-emperadores-reyes-y-nobles-de-Europa-c.-1547.jpg","width":474,"height":600},{"@type":"BreadcrumbList","@id":"https:\/\/www.comprarmejor.es\/en\/product\/genealogical-history-and-heraldry-of-emperors-kings-and-nobles-in-europe-c-1547\/#breadcrumb","itemListElement":[{"@type":"ListItem","position":1,"name":"Portada","item":"https:\/\/www.comprarmejor.es\/en\/"},{"@type":"ListItem","position":2,"name":"Shop","item":"https:\/\/www.comprarmejor.es\/en\/shop\/"},{"@type":"ListItem","position":3,"name":"Genealogical history and heraldry of emperors, kings and nobles in Europe, c. 1547"}]},{"@type":"WebSite","@id":"https:\/\/www.comprarmejor.es\/en\/#website","url":"https:\/\/www.comprarmejor.es\/en\/","name":"ComprarMejor","description":"ComprarMejor","publisher":{"@id":"https:\/\/www.comprarmejor.es\/en\/#organization"},"potentialAction":[{"@type":"SearchAction","target":{"@type":"EntryPoint","urlTemplate":"https:\/\/www.comprarmejor.es\/en\/?s={search_term_string}"},"query-input":{"@type":"PropertyValueSpecification","valueRequired":true,"valueName":"search_term_string"}}],"inLanguage":"en-US"},{"@type":"Organization","@id":"https:\/\/www.comprarmejor.es\/en\/#organization","name":"COMPRAR MEJOR","url":"https:\/\/www.comprarmejor.es\/en\/","logo":{"@type":"ImageObject","inLanguage":"en-US","@id":"https:\/\/www.comprarmejor.es\/en\/#\/schema\/logo\/image\/","url":"https:\/\/www.comprarmejor.es\/wp-content\/uploads\/2025\/09\/comprarmejortrinidad.jpg","contentUrl":"https:\/\/www.comprarmejor.es\/wp-content\/uploads\/2025\/09\/comprarmejortrinidad.jpg","width":1022,"height":1380,"caption":"COMPRAR MEJOR"},"image":{"@id":"https:\/\/www.comprarmejor.es\/en\/#\/schema\/logo\/image\/"},"sameAs":["https:\/\/www.instagram.com\/amigosdelcodice"]}]}},"_links":{"self":[{"href":"https:\/\/www.comprarmejor.es\/en\/wp-json\/wp\/v2\/product\/50675","targetHints":{"allow":["GET"]}}],"collection":[{"href":"https:\/\/www.comprarmejor.es\/en\/wp-json\/wp\/v2\/product"}],"about":[{"href":"https:\/\/www.comprarmejor.es\/en\/wp-json\/wp\/v2\/types\/product"}],"wp:featuredmedia":[{"embeddable":true,"href":"https:\/\/www.comprarmejor.es\/en\/wp-json\/wp\/v2\/media\/50665"}],"wp:attachment":[{"href":"https:\/\/www.comprarmejor.es\/en\/wp-json\/wp\/v2\/media?parent=50675"}],"wp:term":[{"taxonomy":"product_brand","embeddable":true,"href":"https:\/\/www.comprarmejor.es\/en\/wp-json\/wp\/v2\/product_brand?post=50675"},{"taxonomy":"product_cat","embeddable":true,"href":"https:\/\/www.comprarmejor.es\/en\/wp-json\/wp\/v2\/product_cat?post=50675"},{"taxonomy":"product_tag","embeddable":true,"href":"https:\/\/www.comprarmejor.es\/en\/wp-json\/wp\/v2\/product_tag?post=50675"}],"curies":[{"name":"wp","href":"https:\/\/api.w.org\/{rel}","templated":true}]}}