{"id":50689,"date":"2015-12-24T17:50:59","date_gmt":"2015-12-24T16:50:59","guid":{"rendered":"https:\/\/www.comprarmejor.es\/producto\/1817-ordinances-of-the-real-maestranza-de-ronda-original\/"},"modified":"2019-09-11T12:14:07","modified_gmt":"2019-09-11T10:14:07","slug":"1817-ordinances-of-the-real-maestranza-de-ronda-original","status":"publish","type":"product","link":"https:\/\/www.comprarmejor.es\/en\/product\/1817-ordinances-of-the-real-maestranza-de-ronda-original\/","title":{"rendered":"1817 Ordinances of the Real Maestranza de Ronda, original"},"content":{"rendered":"<p style=\"text-align:justify;\"><span id=\"result_box\" lang=\"en\" xml:lang=\"en\"><span title=\"Ordenanzas de la Real Maestranza de la MN y L. Ciudad de Ronda, aprobadas por el Rei Nuestro Se\u00f1or, siendo hermano mayor de este Real Cuerpo el Seren\u00edsimo Infante Don Carlos Mar\u00eda.\">Ordinances of the Real Maestranza of MN and L. City Ronda, approved by Rei Our Lord, being the older brother of the Most Serene Royal Corps Infante Don Carlos Maria. <\/span><span title=\"Madrid, Ferm\u00edn Villalpando, 1817.\">Madrid, Ferm\u00edn Villalpando, 1817.<\/p>\n<p><\/span><span title=\"Formato 4\u00ba, tama\u00f1o 17 x 24 cm.\">4th format, size 17 x 24 cm. <\/span><span title=\"112 + 8 p\u00e1ginas.\">112 + 8 pages. <\/span><span title=\"Frontis y escudo de la Maestranza grabados a toda p\u00e1gina.\">Facade and shield Maestranza prints full page. <\/span><span title=\"Cubiertas provisionales de \u00e9poca, con se\u00f1ales de uso;\">Covers interim period, with signs of use; <\/span><span title=\"interior en muy buen estado.\">interior in good condition.<\/p>\n<p><\/span><span title=\"Ejemplar original de 1817.\">Original of 1817.<\/p>\n<p><\/span><span title=\"Gastos de env\u00edo por cuenta del comprador, seg\u00fan pedido y destino.\">Shipping by the buyer, upon request and destination.\u00a0<\/span><span title=\"Cons\u00faltenos cualquier duda, as\u00ed como por cualquier otro art\u00edculo u obra que est\u00e9 buscando.\"><a class=\"btn btn-default\" href=\"http:\/\/comprarmejor.es\/en\/contact\">Ask us<\/a> any questions and any other article or work you are seeking.<\/span><\/span><\/p>\n","protected":false},"excerpt":{"rendered":"<p style=\"text-align:justify;\"><span id=\"result_box\" lang=\"en\" xml:lang=\"en\"><span title=\"Ordenanzas de la Real Maestranza de la MN y L. Ciudad de Ronda, aprobadas por el Rei Nuestro Se\u00f1or, siendo hermano mayor de este Real Cuerpo el Seren\u00edsimo Infante Don Carlos Mar\u00eda.\">Ordinances of the Real Maestranza of MN and L. City Ronda, approved by Rei Our Lord, being the older brother of the Most Serene Royal Corps Infante Don Carlos Maria.<\/span><span title=\"Madrid, Ferm\u00edn Villalpando, 1817.\"><br \/><\/span><\/span><\/p>\n","protected":false},"featured_media":50677,"template":"","meta":[],"product_brand":[],"product_cat":[2202],"product_tag":[4703,4704],"class_list":{"0":"post-50689","1":"product","2":"type-product","3":"status-publish","4":"has-post-thumbnail","6":"product_cat-old-books","7":"product_tag-maestranza-en","8":"product_tag-ronda-en","9":"product_shipping_class-from-0-to-1-kg","10":"description-off","12":"first","13":"instock","14":"sale","15":"taxable","16":"shipping-taxable","17":"purchasable","18":"product-type-simple"},"yoast_head":"<!-- This site is optimized with the Yoast SEO plugin v27.3 - https:\/\/yoast.com\/product\/yoast-seo-wordpress\/ -->\n<title>Ordinances of the Real Maestranza de Ronda, original of 1817<\/title>\n<meta name=\"description\" content=\"Ordinances of the Real Maestranza of MN and L. City Ronda, approved by Rei Our Lord, being the older brother of the Most Serene Royal Corps Infante Don Carlos\" \/>\n<meta name=\"robots\" content=\"index, follow, max-snippet:-1, max-image-preview:large, max-video-preview:-1\" \/>\n<link rel=\"canonical\" href=\"https:\/\/www.comprarmejor.es\/en\/product\/1817-ordinances-of-the-real-maestranza-de-ronda-original\/\" \/>\n<meta property=\"og:locale\" content=\"en_US\" \/>\n<meta property=\"og:type\" content=\"article\" \/>\n<meta property=\"og:title\" content=\"Ordinances of the Real Maestranza de Ronda, original of 1817\" \/>\n<meta property=\"og:description\" content=\"Ordinances of the Real Maestranza of MN and L. City Ronda, approved by Rei Our Lord, being the older brother of the Most Serene Royal Corps Infante Don Carlos\" \/>\n<meta property=\"og:url\" content=\"https:\/\/www.comprarmejor.es\/en\/product\/1817-ordinances-of-the-real-maestranza-de-ronda-original\/\" \/>\n<meta property=\"og:site_name\" content=\"ComprarMejor\" \/>\n<meta property=\"article:modified_time\" content=\"2019-09-11T10:14:07+00:00\" \/>\n<meta property=\"og:image\" content=\"https:\/\/www.comprarmejor.es\/wp-content\/uploads\/2015\/12\/p_2_0_9_8_2098-1817-Ordenanzas-de-la-Real-Maestranza-de-Ronda-original.jpg\" \/>\n\t<meta property=\"og:image:width\" content=\"600\" \/>\n\t<meta property=\"og:image:height\" content=\"461\" \/>\n\t<meta property=\"og:image:type\" content=\"image\/jpeg\" \/>\n<meta name=\"twitter:card\" content=\"summary_large_image\" \/>\n<script type=\"application\/ld+json\" class=\"yoast-schema-graph\">{\"@context\":\"https:\\\/\\\/schema.org\",\"@graph\":[{\"@type\":\"WebPage\",\"@id\":\"https:\\\/\\\/www.comprarmejor.es\\\/en\\\/product\\\/1817-ordinances-of-the-real-maestranza-de-ronda-original\\\/\",\"url\":\"https:\\\/\\\/www.comprarmejor.es\\\/en\\\/product\\\/1817-ordinances-of-the-real-maestranza-de-ronda-original\\\/\",\"name\":\"Ordinances of the Real Maestranza de Ronda, original of 1817\",\"isPartOf\":{\"@id\":\"https:\\\/\\\/www.comprarmejor.es\\\/en\\\/#website\"},\"primaryImageOfPage\":{\"@id\":\"https:\\\/\\\/www.comprarmejor.es\\\/en\\\/product\\\/1817-ordinances-of-the-real-maestranza-de-ronda-original\\\/#primaryimage\"},\"image\":{\"@id\":\"https:\\\/\\\/www.comprarmejor.es\\\/en\\\/product\\\/1817-ordinances-of-the-real-maestranza-de-ronda-original\\\/#primaryimage\"},\"thumbnailUrl\":\"https:\\\/\\\/www.comprarmejor.es\\\/wp-content\\\/uploads\\\/2015\\\/12\\\/p_2_0_9_8_2098-1817-Ordenanzas-de-la-Real-Maestranza-de-Ronda-original.jpg\",\"datePublished\":\"2015-12-24T16:50:59+00:00\",\"dateModified\":\"2019-09-11T10:14:07+00:00\",\"description\":\"Ordinances of the Real Maestranza of MN and L. City Ronda, approved by Rei Our Lord, being the older brother of the Most Serene Royal Corps Infante Don Carlos\",\"breadcrumb\":{\"@id\":\"https:\\\/\\\/www.comprarmejor.es\\\/en\\\/product\\\/1817-ordinances-of-the-real-maestranza-de-ronda-original\\\/#breadcrumb\"},\"inLanguage\":\"en-US\",\"potentialAction\":[{\"@type\":\"ReadAction\",\"target\":[\"https:\\\/\\\/www.comprarmejor.es\\\/en\\\/product\\\/1817-ordinances-of-the-real-maestranza-de-ronda-original\\\/\"]}]},{\"@type\":\"ImageObject\",\"inLanguage\":\"en-US\",\"@id\":\"https:\\\/\\\/www.comprarmejor.es\\\/en\\\/product\\\/1817-ordinances-of-the-real-maestranza-de-ronda-original\\\/#primaryimage\",\"url\":\"https:\\\/\\\/www.comprarmejor.es\\\/wp-content\\\/uploads\\\/2015\\\/12\\\/p_2_0_9_8_2098-1817-Ordenanzas-de-la-Real-Maestranza-de-Ronda-original.jpg\",\"contentUrl\":\"https:\\\/\\\/www.comprarmejor.es\\\/wp-content\\\/uploads\\\/2015\\\/12\\\/p_2_0_9_8_2098-1817-Ordenanzas-de-la-Real-Maestranza-de-Ronda-original.jpg\",\"width\":600,\"height\":461},{\"@type\":\"BreadcrumbList\",\"@id\":\"https:\\\/\\\/www.comprarmejor.es\\\/en\\\/product\\\/1817-ordinances-of-the-real-maestranza-de-ronda-original\\\/#breadcrumb\",\"itemListElement\":[{\"@type\":\"ListItem\",\"position\":1,\"name\":\"Portada\",\"item\":\"https:\\\/\\\/www.comprarmejor.es\\\/en\\\/\"},{\"@type\":\"ListItem\",\"position\":2,\"name\":\"Shop\",\"item\":\"https:\\\/\\\/www.comprarmejor.es\\\/en\\\/shop\\\/\"},{\"@type\":\"ListItem\",\"position\":3,\"name\":\"1817 Ordinances of the Real Maestranza de Ronda, original\"}]},{\"@type\":\"WebSite\",\"@id\":\"https:\\\/\\\/www.comprarmejor.es\\\/en\\\/#website\",\"url\":\"https:\\\/\\\/www.comprarmejor.es\\\/en\\\/\",\"name\":\"ComprarMejor\",\"description\":\"ComprarMejor\",\"publisher\":{\"@id\":\"https:\\\/\\\/www.comprarmejor.es\\\/en\\\/#organization\"},\"potentialAction\":[{\"@type\":\"SearchAction\",\"target\":{\"@type\":\"EntryPoint\",\"urlTemplate\":\"https:\\\/\\\/www.comprarmejor.es\\\/en\\\/?s={search_term_string}\"},\"query-input\":{\"@type\":\"PropertyValueSpecification\",\"valueRequired\":true,\"valueName\":\"search_term_string\"}}],\"inLanguage\":\"en-US\"},{\"@type\":\"Organization\",\"@id\":\"https:\\\/\\\/www.comprarmejor.es\\\/en\\\/#organization\",\"name\":\"COMPRAR MEJOR\",\"url\":\"https:\\\/\\\/www.comprarmejor.es\\\/en\\\/\",\"logo\":{\"@type\":\"ImageObject\",\"inLanguage\":\"en-US\",\"@id\":\"https:\\\/\\\/www.comprarmejor.es\\\/en\\\/#\\\/schema\\\/logo\\\/image\\\/\",\"url\":\"https:\\\/\\\/www.comprarmejor.es\\\/wp-content\\\/uploads\\\/2025\\\/09\\\/comprarmejortrinidad.jpg\",\"contentUrl\":\"https:\\\/\\\/www.comprarmejor.es\\\/wp-content\\\/uploads\\\/2025\\\/09\\\/comprarmejortrinidad.jpg\",\"width\":1022,\"height\":1380,\"caption\":\"COMPRAR MEJOR\"},\"image\":{\"@id\":\"https:\\\/\\\/www.comprarmejor.es\\\/en\\\/#\\\/schema\\\/logo\\\/image\\\/\"},\"sameAs\":[\"https:\\\/\\\/www.instagram.com\\\/amigosdelcodice\"]}]}<\/script>\n<!-- \/ Yoast SEO plugin. -->","yoast_head_json":{"title":"Ordinances of the Real Maestranza de Ronda, original of 1817","description":"Ordinances of the Real Maestranza of MN and L. City Ronda, approved by Rei Our Lord, being the older brother of the Most Serene Royal Corps Infante Don Carlos","robots":{"index":"index","follow":"follow","max-snippet":"max-snippet:-1","max-image-preview":"max-image-preview:large","max-video-preview":"max-video-preview:-1"},"canonical":"https:\/\/www.comprarmejor.es\/en\/product\/1817-ordinances-of-the-real-maestranza-de-ronda-original\/","og_locale":"en_US","og_type":"article","og_title":"Ordinances of the Real Maestranza de Ronda, original of 1817","og_description":"Ordinances of the Real Maestranza of MN and L. City Ronda, approved by Rei Our Lord, being the older brother of the Most Serene Royal Corps Infante Don Carlos","og_url":"https:\/\/www.comprarmejor.es\/en\/product\/1817-ordinances-of-the-real-maestranza-de-ronda-original\/","og_site_name":"ComprarMejor","article_modified_time":"2019-09-11T10:14:07+00:00","og_image":[{"width":600,"height":461,"url":"https:\/\/www.comprarmejor.es\/wp-content\/uploads\/2015\/12\/p_2_0_9_8_2098-1817-Ordenanzas-de-la-Real-Maestranza-de-Ronda-original.jpg","type":"image\/jpeg"}],"twitter_card":"summary_large_image","schema":{"@context":"https:\/\/schema.org","@graph":[{"@type":"WebPage","@id":"https:\/\/www.comprarmejor.es\/en\/product\/1817-ordinances-of-the-real-maestranza-de-ronda-original\/","url":"https:\/\/www.comprarmejor.es\/en\/product\/1817-ordinances-of-the-real-maestranza-de-ronda-original\/","name":"Ordinances of the Real Maestranza de Ronda, original of 1817","isPartOf":{"@id":"https:\/\/www.comprarmejor.es\/en\/#website"},"primaryImageOfPage":{"@id":"https:\/\/www.comprarmejor.es\/en\/product\/1817-ordinances-of-the-real-maestranza-de-ronda-original\/#primaryimage"},"image":{"@id":"https:\/\/www.comprarmejor.es\/en\/product\/1817-ordinances-of-the-real-maestranza-de-ronda-original\/#primaryimage"},"thumbnailUrl":"https:\/\/www.comprarmejor.es\/wp-content\/uploads\/2015\/12\/p_2_0_9_8_2098-1817-Ordenanzas-de-la-Real-Maestranza-de-Ronda-original.jpg","datePublished":"2015-12-24T16:50:59+00:00","dateModified":"2019-09-11T10:14:07+00:00","description":"Ordinances of the Real Maestranza of MN and L. City Ronda, approved by Rei Our Lord, being the older brother of the Most Serene Royal Corps Infante Don Carlos","breadcrumb":{"@id":"https:\/\/www.comprarmejor.es\/en\/product\/1817-ordinances-of-the-real-maestranza-de-ronda-original\/#breadcrumb"},"inLanguage":"en-US","potentialAction":[{"@type":"ReadAction","target":["https:\/\/www.comprarmejor.es\/en\/product\/1817-ordinances-of-the-real-maestranza-de-ronda-original\/"]}]},{"@type":"ImageObject","inLanguage":"en-US","@id":"https:\/\/www.comprarmejor.es\/en\/product\/1817-ordinances-of-the-real-maestranza-de-ronda-original\/#primaryimage","url":"https:\/\/www.comprarmejor.es\/wp-content\/uploads\/2015\/12\/p_2_0_9_8_2098-1817-Ordenanzas-de-la-Real-Maestranza-de-Ronda-original.jpg","contentUrl":"https:\/\/www.comprarmejor.es\/wp-content\/uploads\/2015\/12\/p_2_0_9_8_2098-1817-Ordenanzas-de-la-Real-Maestranza-de-Ronda-original.jpg","width":600,"height":461},{"@type":"BreadcrumbList","@id":"https:\/\/www.comprarmejor.es\/en\/product\/1817-ordinances-of-the-real-maestranza-de-ronda-original\/#breadcrumb","itemListElement":[{"@type":"ListItem","position":1,"name":"Portada","item":"https:\/\/www.comprarmejor.es\/en\/"},{"@type":"ListItem","position":2,"name":"Shop","item":"https:\/\/www.comprarmejor.es\/en\/shop\/"},{"@type":"ListItem","position":3,"name":"1817 Ordinances of the Real Maestranza de Ronda, original"}]},{"@type":"WebSite","@id":"https:\/\/www.comprarmejor.es\/en\/#website","url":"https:\/\/www.comprarmejor.es\/en\/","name":"ComprarMejor","description":"ComprarMejor","publisher":{"@id":"https:\/\/www.comprarmejor.es\/en\/#organization"},"potentialAction":[{"@type":"SearchAction","target":{"@type":"EntryPoint","urlTemplate":"https:\/\/www.comprarmejor.es\/en\/?s={search_term_string}"},"query-input":{"@type":"PropertyValueSpecification","valueRequired":true,"valueName":"search_term_string"}}],"inLanguage":"en-US"},{"@type":"Organization","@id":"https:\/\/www.comprarmejor.es\/en\/#organization","name":"COMPRAR MEJOR","url":"https:\/\/www.comprarmejor.es\/en\/","logo":{"@type":"ImageObject","inLanguage":"en-US","@id":"https:\/\/www.comprarmejor.es\/en\/#\/schema\/logo\/image\/","url":"https:\/\/www.comprarmejor.es\/wp-content\/uploads\/2025\/09\/comprarmejortrinidad.jpg","contentUrl":"https:\/\/www.comprarmejor.es\/wp-content\/uploads\/2025\/09\/comprarmejortrinidad.jpg","width":1022,"height":1380,"caption":"COMPRAR MEJOR"},"image":{"@id":"https:\/\/www.comprarmejor.es\/en\/#\/schema\/logo\/image\/"},"sameAs":["https:\/\/www.instagram.com\/amigosdelcodice"]}]}},"_links":{"self":[{"href":"https:\/\/www.comprarmejor.es\/en\/wp-json\/wp\/v2\/product\/50689","targetHints":{"allow":["GET"]}}],"collection":[{"href":"https:\/\/www.comprarmejor.es\/en\/wp-json\/wp\/v2\/product"}],"about":[{"href":"https:\/\/www.comprarmejor.es\/en\/wp-json\/wp\/v2\/types\/product"}],"wp:featuredmedia":[{"embeddable":true,"href":"https:\/\/www.comprarmejor.es\/en\/wp-json\/wp\/v2\/media\/50677"}],"wp:attachment":[{"href":"https:\/\/www.comprarmejor.es\/en\/wp-json\/wp\/v2\/media?parent=50689"}],"wp:term":[{"taxonomy":"product_brand","embeddable":true,"href":"https:\/\/www.comprarmejor.es\/en\/wp-json\/wp\/v2\/product_brand?post=50689"},{"taxonomy":"product_cat","embeddable":true,"href":"https:\/\/www.comprarmejor.es\/en\/wp-json\/wp\/v2\/product_cat?post=50689"},{"taxonomy":"product_tag","embeddable":true,"href":"https:\/\/www.comprarmejor.es\/en\/wp-json\/wp\/v2\/product_tag?post=50689"}],"curies":[{"name":"wp","href":"https:\/\/api.w.org\/{rel}","templated":true}]}}