{"id":50695,"date":"2015-12-24T18:14:40","date_gmt":"2015-12-24T17:14:40","guid":{"rendered":"https:\/\/www.comprarmejor.es\/producto\/double-sheet-of-flowers-and-plants-from-redoute-s-book\/"},"modified":"2023-05-01T18:30:34","modified_gmt":"2023-05-01T16:30:34","slug":"graphic-history-of-cervantes-and-don-quixote-1946","status":"publish","type":"product","link":"https:\/\/www.comprarmejor.es\/en\/product\/graphic-history-of-cervantes-and-don-quixote-1946\/","title":{"rendered":"Graphic History of Cervantes and Don Quixote, 1946"},"content":{"rendered":"<p style=\"text-align: justify;\">Graphic History of Cervantes and Don Quixote, by Juan Givanel Mas y Gaziel. Editorial Plus-Ultra, Madrid, 1946. Texts in Spanish.<\/p>\n<p style=\"text-align: justify;\">Excellent work by the author in the study of Cervantes and his greatest work, Don Quixote, ordering and recovering all the editions that have been published on him up to the beginning of the 20th century. An essential work for any collector, bibliophile or interested in Don Quixote.<\/p>\n<p style=\"text-align: justify;\">Bound in leather and cloth spine, gold-stamped spine with author and title. Format 21 x 27 cm. 582 pages illustrated in black and white and with 8 color plates out of pagination.<\/p>\n<p style=\"text-align: justify;\">Specimen over 75 years old in perfect condition, with a light, indiscernible stain on the back.<\/p>\n<p style=\"text-align: justify;\">Shipping costs according to order and destination<span title=\"Gastos de env\u00edo por cuenta del comprador, seg\u00fan pedido y destino.\"><span class=\"VIiyi\" lang=\"en\"><span class=\"JLqJ4b\" data-language-for-alternatives=\"en\" data-language-to-translate-into=\"es\" data-phrase-index=\"0\" data-number-of-phrases=\"1\"><span class=\"Q4iAWc\">.<\/span><\/span><\/span> <\/span><span title=\"Cons\u00faltenos cualquier duda, as\u00ed como por cualquier otro Quijote, art\u00edculo u obra que est\u00e9 buscando.\"><a class=\"btn btn-default\" href=\"https:\/\/www.comprarmejor.es\/en\/contact\">Ask us<\/a> <span class=\"HwtZe\" lang=\"en\"><span class=\"jCAhz ChMk0b\"><span class=\"ryNqvb\">any questions, indicating the article reference.<\/span><\/span><\/span><br \/>\n<\/span><\/p>\n","protected":false},"excerpt":{"rendered":"<p style=\"text-align: justify;\"><span id=\"result_box\" lang=\"en\" xml:lang=\"en\"><span title=\"Ilustrado por Ricardo Zamorano, con notas de Diego Clemenc\u00edn seleccionadas por Jorge Campos.\"><span lang=\"en\" xml:lang=\"en\"><span title=\"L\u00e1mina doble (dibujos por ambos lados) del Libro de las Flores de Pierre-Joseph Redout\u00e9, el \u201cRafael de las flores\u201d.\"><span class=\"tlid-translation translation\" lang=\"en\"><span class=\"VIiyi\" lang=\"en\"><span class=\"JLqJ4b\" data-language-for-alternatives=\"en\" data-language-to-translate-into=\"es\" data-phrase-index=\"0\" data-number-of-phrases=\"1\"><span class=\"Q4iAWc\"><span class=\"HwtZe\" lang=\"en\"><span class=\"jCAhz ChMk0b\"><span class=\"ryNqvb\">Graphic History of Cervantes and Don Quixote, by Juan Givanel Mas y Gaziel.<\/span><\/span> <span class=\"jCAhz ChMk0b\"><span class=\"ryNqvb\">Editorial Plus-Ultra, Madrid, 1946. Texts in Spanish.<\/span><\/span><\/span><\/span><\/span><\/span><\/span><\/span><\/span><\/span><\/span><\/p>\n","protected":false},"featured_media":87955,"template":"","meta":[],"product_brand":[],"product_cat":[2228],"product_tag":[4041,5120,5129],"class_list":{"0":"post-50695","1":"product","2":"type-product","3":"status-publish","4":"has-post-thumbnail","6":"product_cat-quijotes-en","7":"product_tag-cervantes-en","8":"product_tag-history-en","9":"product_tag-quixote-en","10":"product_shipping_class-from-2-to-5-kg","11":"description-off","13":"first","14":"instock","15":"taxable","16":"shipping-taxable","17":"purchasable","18":"product-type-simple"},"yoast_head":"<!-- This site is optimized with the Yoast SEO plugin v27.3 - https:\/\/yoast.com\/product\/yoast-seo-wordpress\/ -->\n<title>Graphic History of Cervantes and Don Quixote, 1946<\/title>\n<meta name=\"description\" content=\"Graphic History of Cervantes and Don Quixote, by Juan Givanel Mas y Gaziel. Editorial Plus-Ultra, Madrid, 1946. Texts in Spanish.\" \/>\n<meta name=\"robots\" content=\"index, follow, max-snippet:-1, max-image-preview:large, max-video-preview:-1\" \/>\n<link rel=\"canonical\" href=\"https:\/\/www.comprarmejor.es\/en\/product\/graphic-history-of-cervantes-and-don-quixote-1946\/\" \/>\n<meta property=\"og:locale\" content=\"en_US\" \/>\n<meta property=\"og:type\" content=\"article\" \/>\n<meta property=\"og:title\" content=\"Graphic History of Cervantes and Don Quixote, 1946\" \/>\n<meta property=\"og:description\" content=\"Graphic History of Cervantes and Don Quixote, by Juan Givanel Mas y Gaziel. Editorial Plus-Ultra, Madrid, 1946. Texts in Spanish.\" \/>\n<meta property=\"og:url\" content=\"https:\/\/www.comprarmejor.es\/en\/product\/graphic-history-of-cervantes-and-don-quixote-1946\/\" \/>\n<meta property=\"og:site_name\" content=\"ComprarMejor\" \/>\n<meta property=\"article:modified_time\" content=\"2023-05-01T16:30:34+00:00\" \/>\n<meta property=\"og:image\" content=\"https:\/\/www.comprarmejor.es\/wp-content\/uploads\/2015\/12\/HGdCyQ-2.jpg\" \/>\n\t<meta property=\"og:image:width\" content=\"576\" \/>\n\t<meta property=\"og:image:height\" content=\"768\" \/>\n\t<meta property=\"og:image:type\" content=\"image\/jpeg\" \/>\n<meta name=\"twitter:card\" content=\"summary_large_image\" \/>\n<meta name=\"twitter:label1\" content=\"Est. reading time\" \/>\n\t<meta name=\"twitter:data1\" content=\"1 minute\" \/>\n<script type=\"application\/ld+json\" class=\"yoast-schema-graph\">{\"@context\":\"https:\\\/\\\/schema.org\",\"@graph\":[{\"@type\":\"WebPage\",\"@id\":\"https:\\\/\\\/www.comprarmejor.es\\\/en\\\/product\\\/graphic-history-of-cervantes-and-don-quixote-1946\\\/\",\"url\":\"https:\\\/\\\/www.comprarmejor.es\\\/en\\\/product\\\/graphic-history-of-cervantes-and-don-quixote-1946\\\/\",\"name\":\"Graphic History of Cervantes and Don Quixote, 1946\",\"isPartOf\":{\"@id\":\"https:\\\/\\\/www.comprarmejor.es\\\/en\\\/#website\"},\"primaryImageOfPage\":{\"@id\":\"https:\\\/\\\/www.comprarmejor.es\\\/en\\\/product\\\/graphic-history-of-cervantes-and-don-quixote-1946\\\/#primaryimage\"},\"image\":{\"@id\":\"https:\\\/\\\/www.comprarmejor.es\\\/en\\\/product\\\/graphic-history-of-cervantes-and-don-quixote-1946\\\/#primaryimage\"},\"thumbnailUrl\":\"https:\\\/\\\/www.comprarmejor.es\\\/wp-content\\\/uploads\\\/2015\\\/12\\\/HGdCyQ-2.jpg\",\"datePublished\":\"2015-12-24T17:14:40+00:00\",\"dateModified\":\"2023-05-01T16:30:34+00:00\",\"description\":\"Graphic History of Cervantes and Don Quixote, by Juan Givanel Mas y Gaziel. Editorial Plus-Ultra, Madrid, 1946. Texts in Spanish.\",\"breadcrumb\":{\"@id\":\"https:\\\/\\\/www.comprarmejor.es\\\/en\\\/product\\\/graphic-history-of-cervantes-and-don-quixote-1946\\\/#breadcrumb\"},\"inLanguage\":\"en-US\",\"potentialAction\":[{\"@type\":\"ReadAction\",\"target\":[\"https:\\\/\\\/www.comprarmejor.es\\\/en\\\/product\\\/graphic-history-of-cervantes-and-don-quixote-1946\\\/\"]}]},{\"@type\":\"ImageObject\",\"inLanguage\":\"en-US\",\"@id\":\"https:\\\/\\\/www.comprarmejor.es\\\/en\\\/product\\\/graphic-history-of-cervantes-and-don-quixote-1946\\\/#primaryimage\",\"url\":\"https:\\\/\\\/www.comprarmejor.es\\\/wp-content\\\/uploads\\\/2015\\\/12\\\/HGdCyQ-2.jpg\",\"contentUrl\":\"https:\\\/\\\/www.comprarmejor.es\\\/wp-content\\\/uploads\\\/2015\\\/12\\\/HGdCyQ-2.jpg\",\"width\":576,\"height\":768},{\"@type\":\"BreadcrumbList\",\"@id\":\"https:\\\/\\\/www.comprarmejor.es\\\/en\\\/product\\\/graphic-history-of-cervantes-and-don-quixote-1946\\\/#breadcrumb\",\"itemListElement\":[{\"@type\":\"ListItem\",\"position\":1,\"name\":\"Portada\",\"item\":\"https:\\\/\\\/www.comprarmejor.es\\\/en\\\/\"},{\"@type\":\"ListItem\",\"position\":2,\"name\":\"Shop\",\"item\":\"https:\\\/\\\/www.comprarmejor.es\\\/en\\\/shop\\\/\"},{\"@type\":\"ListItem\",\"position\":3,\"name\":\"Graphic History of Cervantes and Don Quixote, 1946\"}]},{\"@type\":\"WebSite\",\"@id\":\"https:\\\/\\\/www.comprarmejor.es\\\/en\\\/#website\",\"url\":\"https:\\\/\\\/www.comprarmejor.es\\\/en\\\/\",\"name\":\"ComprarMejor\",\"description\":\"ComprarMejor\",\"publisher\":{\"@id\":\"https:\\\/\\\/www.comprarmejor.es\\\/en\\\/#organization\"},\"potentialAction\":[{\"@type\":\"SearchAction\",\"target\":{\"@type\":\"EntryPoint\",\"urlTemplate\":\"https:\\\/\\\/www.comprarmejor.es\\\/en\\\/?s={search_term_string}\"},\"query-input\":{\"@type\":\"PropertyValueSpecification\",\"valueRequired\":true,\"valueName\":\"search_term_string\"}}],\"inLanguage\":\"en-US\"},{\"@type\":\"Organization\",\"@id\":\"https:\\\/\\\/www.comprarmejor.es\\\/en\\\/#organization\",\"name\":\"COMPRAR MEJOR\",\"url\":\"https:\\\/\\\/www.comprarmejor.es\\\/en\\\/\",\"logo\":{\"@type\":\"ImageObject\",\"inLanguage\":\"en-US\",\"@id\":\"https:\\\/\\\/www.comprarmejor.es\\\/en\\\/#\\\/schema\\\/logo\\\/image\\\/\",\"url\":\"https:\\\/\\\/www.comprarmejor.es\\\/wp-content\\\/uploads\\\/2025\\\/09\\\/comprarmejortrinidad.jpg\",\"contentUrl\":\"https:\\\/\\\/www.comprarmejor.es\\\/wp-content\\\/uploads\\\/2025\\\/09\\\/comprarmejortrinidad.jpg\",\"width\":1022,\"height\":1380,\"caption\":\"COMPRAR MEJOR\"},\"image\":{\"@id\":\"https:\\\/\\\/www.comprarmejor.es\\\/en\\\/#\\\/schema\\\/logo\\\/image\\\/\"},\"sameAs\":[\"https:\\\/\\\/www.instagram.com\\\/amigosdelcodice\"]}]}<\/script>\n<!-- \/ Yoast SEO plugin. -->","yoast_head_json":{"title":"Graphic History of Cervantes and Don Quixote, 1946","description":"Graphic History of Cervantes and Don Quixote, by Juan Givanel Mas y Gaziel. Editorial Plus-Ultra, Madrid, 1946. Texts in Spanish.","robots":{"index":"index","follow":"follow","max-snippet":"max-snippet:-1","max-image-preview":"max-image-preview:large","max-video-preview":"max-video-preview:-1"},"canonical":"https:\/\/www.comprarmejor.es\/en\/product\/graphic-history-of-cervantes-and-don-quixote-1946\/","og_locale":"en_US","og_type":"article","og_title":"Graphic History of Cervantes and Don Quixote, 1946","og_description":"Graphic History of Cervantes and Don Quixote, by Juan Givanel Mas y Gaziel. Editorial Plus-Ultra, Madrid, 1946. Texts in Spanish.","og_url":"https:\/\/www.comprarmejor.es\/en\/product\/graphic-history-of-cervantes-and-don-quixote-1946\/","og_site_name":"ComprarMejor","article_modified_time":"2023-05-01T16:30:34+00:00","og_image":[{"width":576,"height":768,"url":"https:\/\/www.comprarmejor.es\/wp-content\/uploads\/2015\/12\/HGdCyQ-2.jpg","type":"image\/jpeg"}],"twitter_card":"summary_large_image","twitter_misc":{"Est. reading time":"1 minute"},"schema":{"@context":"https:\/\/schema.org","@graph":[{"@type":"WebPage","@id":"https:\/\/www.comprarmejor.es\/en\/product\/graphic-history-of-cervantes-and-don-quixote-1946\/","url":"https:\/\/www.comprarmejor.es\/en\/product\/graphic-history-of-cervantes-and-don-quixote-1946\/","name":"Graphic History of Cervantes and Don Quixote, 1946","isPartOf":{"@id":"https:\/\/www.comprarmejor.es\/en\/#website"},"primaryImageOfPage":{"@id":"https:\/\/www.comprarmejor.es\/en\/product\/graphic-history-of-cervantes-and-don-quixote-1946\/#primaryimage"},"image":{"@id":"https:\/\/www.comprarmejor.es\/en\/product\/graphic-history-of-cervantes-and-don-quixote-1946\/#primaryimage"},"thumbnailUrl":"https:\/\/www.comprarmejor.es\/wp-content\/uploads\/2015\/12\/HGdCyQ-2.jpg","datePublished":"2015-12-24T17:14:40+00:00","dateModified":"2023-05-01T16:30:34+00:00","description":"Graphic History of Cervantes and Don Quixote, by Juan Givanel Mas y Gaziel. Editorial Plus-Ultra, Madrid, 1946. Texts in Spanish.","breadcrumb":{"@id":"https:\/\/www.comprarmejor.es\/en\/product\/graphic-history-of-cervantes-and-don-quixote-1946\/#breadcrumb"},"inLanguage":"en-US","potentialAction":[{"@type":"ReadAction","target":["https:\/\/www.comprarmejor.es\/en\/product\/graphic-history-of-cervantes-and-don-quixote-1946\/"]}]},{"@type":"ImageObject","inLanguage":"en-US","@id":"https:\/\/www.comprarmejor.es\/en\/product\/graphic-history-of-cervantes-and-don-quixote-1946\/#primaryimage","url":"https:\/\/www.comprarmejor.es\/wp-content\/uploads\/2015\/12\/HGdCyQ-2.jpg","contentUrl":"https:\/\/www.comprarmejor.es\/wp-content\/uploads\/2015\/12\/HGdCyQ-2.jpg","width":576,"height":768},{"@type":"BreadcrumbList","@id":"https:\/\/www.comprarmejor.es\/en\/product\/graphic-history-of-cervantes-and-don-quixote-1946\/#breadcrumb","itemListElement":[{"@type":"ListItem","position":1,"name":"Portada","item":"https:\/\/www.comprarmejor.es\/en\/"},{"@type":"ListItem","position":2,"name":"Shop","item":"https:\/\/www.comprarmejor.es\/en\/shop\/"},{"@type":"ListItem","position":3,"name":"Graphic History of Cervantes and Don Quixote, 1946"}]},{"@type":"WebSite","@id":"https:\/\/www.comprarmejor.es\/en\/#website","url":"https:\/\/www.comprarmejor.es\/en\/","name":"ComprarMejor","description":"ComprarMejor","publisher":{"@id":"https:\/\/www.comprarmejor.es\/en\/#organization"},"potentialAction":[{"@type":"SearchAction","target":{"@type":"EntryPoint","urlTemplate":"https:\/\/www.comprarmejor.es\/en\/?s={search_term_string}"},"query-input":{"@type":"PropertyValueSpecification","valueRequired":true,"valueName":"search_term_string"}}],"inLanguage":"en-US"},{"@type":"Organization","@id":"https:\/\/www.comprarmejor.es\/en\/#organization","name":"COMPRAR MEJOR","url":"https:\/\/www.comprarmejor.es\/en\/","logo":{"@type":"ImageObject","inLanguage":"en-US","@id":"https:\/\/www.comprarmejor.es\/en\/#\/schema\/logo\/image\/","url":"https:\/\/www.comprarmejor.es\/wp-content\/uploads\/2025\/09\/comprarmejortrinidad.jpg","contentUrl":"https:\/\/www.comprarmejor.es\/wp-content\/uploads\/2025\/09\/comprarmejortrinidad.jpg","width":1022,"height":1380,"caption":"COMPRAR MEJOR"},"image":{"@id":"https:\/\/www.comprarmejor.es\/en\/#\/schema\/logo\/image\/"},"sameAs":["https:\/\/www.instagram.com\/amigosdelcodice"]}]}},"_links":{"self":[{"href":"https:\/\/www.comprarmejor.es\/en\/wp-json\/wp\/v2\/product\/50695","targetHints":{"allow":["GET"]}}],"collection":[{"href":"https:\/\/www.comprarmejor.es\/en\/wp-json\/wp\/v2\/product"}],"about":[{"href":"https:\/\/www.comprarmejor.es\/en\/wp-json\/wp\/v2\/types\/product"}],"wp:featuredmedia":[{"embeddable":true,"href":"https:\/\/www.comprarmejor.es\/en\/wp-json\/wp\/v2\/media\/87955"}],"wp:attachment":[{"href":"https:\/\/www.comprarmejor.es\/en\/wp-json\/wp\/v2\/media?parent=50695"}],"wp:term":[{"taxonomy":"product_brand","embeddable":true,"href":"https:\/\/www.comprarmejor.es\/en\/wp-json\/wp\/v2\/product_brand?post=50695"},{"taxonomy":"product_cat","embeddable":true,"href":"https:\/\/www.comprarmejor.es\/en\/wp-json\/wp\/v2\/product_cat?post=50695"},{"taxonomy":"product_tag","embeddable":true,"href":"https:\/\/www.comprarmejor.es\/en\/wp-json\/wp\/v2\/product_tag?post=50695"}],"curies":[{"name":"wp","href":"https:\/\/api.w.org\/{rel}","templated":true}]}}