{"id":50711,"date":"2015-12-25T10:43:00","date_gmt":"2015-12-25T09:43:00","guid":{"rendered":"https:\/\/www.comprarmejor.es\/producto\/dioscorides-greco-latin-s-xv\/"},"modified":"2026-05-02T21:17:55","modified_gmt":"2026-05-02T19:17:55","slug":"dioscorides-greco-latin-s-xv","status":"publish","type":"product","link":"https:\/\/www.comprarmejor.es\/en\/product\/dioscorides-greco-latin-s-xv\/","title":{"rendered":"Greco-Latin Dioscorides of Pope Alexander VII, 15th century"},"content":{"rendered":"<p><span class=\"HwtZe\" lang=\"en\"><span class=\"jCAhz ChMk0b\"><span class=\"ryNqvb\">ARTICLE FOR INFORMATIONAL PURPOSES ONLY<\/span><\/span><\/span><\/p>\n<p style=\"text-align: justify;\"><span id=\"result_box\" lang=\"en\" xml:lang=\"en\"><span title=\"Original conservado en la Biblioteca Apost\u00f3lica Vaticana, compuesto de 220 p\u00e1ginas en pergamino.\">Original preserved in the Vatican Library, consisting of 220 pages of parchment. <\/span><span title=\"En sus planos est\u00e1n los estigmas estampados en oro del Cardenal Fabio Chigi, despu\u00e9s Papa Alejandro VII.\">In his drawings are the patterns in gold stigmas of Cardinal Fabio Chigi, then Pope Alexander VII. <\/span><span title=\"En el dorso est\u00e1 con las insignias \u201cChigiane\u201d en oro representando un marco met\u00e1lico en forma de guirnaldas.\">On the back it is with the insignia &#8220;Chigiane&#8221; in gold representing a metal frame shaped garlands.<\/span><\/span><\/p>\n<p style=\"text-align: justify;\"><span title=\"Este bello c\u00f3dice est\u00e1 ricamente ilustrado con im\u00e1genes de hierbas, \u00e1rboles, cuadr\u00fapedos, aves, anfibios e insectos y versa sobre materia m\u00e9dica del m\u00e9dico y naturalista de la lengua griega Diosc\u00f3rides-Pedanio, nacido en el siglo I despu\u00e9s de Cristo en Anazarba en Asia Menor\">This beautiful codex is richly illustrated with images of grasses, trees, animals, birds, amphibians and insects and deals with health matters physician and naturalist of Greek Dioscorides-Pedanio, born in the first century after Christ in Anazarba in Asia Minor <\/span><span title=\", y activo como m\u00e9dico militar bajo los emperadores Claudio y Ner\u00f3n.\">and active as military doctor under the emperors Claudius and Nero. <\/span><span title=\"Es la m\u00e1xima obra de medicina simple.\">Is the highest single medicine works. <\/span><span title=\"Es el m\u00e1ximo tratado de farmacopea medieval.\">It is the highest medieval pharmacopoeia treaty. <\/span><span title=\"Va recordando en t\u00e9rminos simples cu\u00e1l era el uso corriente de las hierbas medicinales, siendo una abreviatura de la locuci\u00f3n latina \u201cmedicamentum simplex\u201d que era el caldo de la t\u00e9cnica griega.\">You will remember in simple terms what the current use of medicinal herbs, being an abbreviation of the Latin phrase &#8220;medicamentum simplex&#8221; was the stock of Greek art. <\/span><span title=\"Este t\u00e9rmino, como explicaba Galeno, estaba indicado \u201cid quod secundum naturam sincerum est\u201d o sea, un medicamento al estilo natural o puro en oposici\u00f3n a \u201cmedicamentum compositum\u201d, o sea, un preparado resultante de la uni\u00f3n de diversas sustancias.\">This term, as explained Galen, he was given &#8220;id quod est secundum naturam Sincerum&#8221; ie, a drug natural or pure style as opposed to &#8220;medicamentum compositum&#8221;, ie a preparation resulting from the union of various substances.<\/span><\/p>\n<p style=\"text-align: justify;\"><span title=\"Hasta la Edad Moderna, antes de afirmarse la hiatroqu\u00edmica, entre el siglo XVI y XVII (que traer\u00e1 una sustancia no vegetal, sobre todo m\u00e1s de los minerales y metales), la medicina empleaba como f\u00e1rmacos especies para suministrar por boca, toda una serie de\">Until the modern era, argued before the hiatroqu\u00edmica, between the sixteenth and seventeenth century (that will bring a non-vegetable substance, especially over minerals and metals), the medicine used as drugs by mouth to supply species, a number of <\/span><span title=\"sustancias derivadas de las ra\u00edces, de los bulbos, de las cortezas, de las resinas, de las yemas, de las hojas, de las flores, de la floraci\u00f3n de los frutos, de las semillas, de una cantidad por nosotros imprevisible de \u00e1rboles,\">substances derived from the roots, bulbs, barks, resins, bud, leaves, flowers, flowering fruits, seeds, for an amount for us unpredictable trees, <\/span><span title=\"arbustos, plantas, hierbas y vegetales en general, de una cuidadosa y precisa recogida de los \u201csimples\u201d derivaba por tanto a un buen \u00e9xito terap\u00e9utico de la actividad de los m\u00e9dicos y farmac\u00e9uticos.\">shrubs, plants, herbs and vegetables in general, careful and accurate collection of &#8220;simple&#8221; derived therefore a good therapeutic success of the activity of doctors and pharmacists. <\/span><span title=\"O sea, usa la importancia de recoger en un herbario, que mostrase en figura y explicase en leyenda, caracter\u00edsticas morfol\u00f3gicas y su correspondiente propiedad terap\u00e9utica y org\u00e1nica de los vegetales para recoger.\">In other words, the importance of collecting used in a herbarium, that showed in figure explain in legend, morphological characteristics and corresponding therapeutic and organic vegetables owned to collect.<\/span><\/p>\n<p style=\"text-align: justify;\"><span title=\"De aqu\u00ed la grandeza de la empresa de Diosc\u00f3rides, que entiende el reunir y sistematizar cuanto la pr\u00e1ctica emp\u00edrica y medicina popular sab\u00eda alrededor de las plantas y su propio empleo.\">Hence the greatness of the company Dioscorides, who understands and gather as systematize empirical practice and popular medicine knew about plants and their own jobs. <\/span><span title=\"Con tal fin, consigui\u00f3 un herbario enciclop\u00e9dico (con notas tambi\u00e9n de alimentos, b\u00e1lsamos y productos cosm\u00e9ticos sobre varios animales, especies venenosas y sus relativos entornos) que junto a los dibujos en color de cada hierba, ra\u00edz, plantas medicinales, hasta entonces conocidas (\">To this end, he got an encyclopedic herbarium (with notes also food, balms and cosmetics on various animals, poisonous species and their relative environments) that along with color drawings of each herb, root, medicinal plants, previously known ( <\/span><span title=\"cerca de 600) reuni\u00f3 en cap\u00edtulos que eran \u00fatiles de conocer, o sea, con uno y m\u00e1s nombres con los que ven\u00edan nombrados, sus propias caracter\u00edsticas y propiedades y su empleo con sus virtudes curativas.\">about 600) he gathered in chapters that were useful to know, that is, with one and more names that came appointed its own characteristics and properties and their use with their curative. <\/span><span title=\"Por extensi\u00f3n y competencia de tradici\u00f3n, tanto bot\u00e1nica como m\u00e9dica, fue el ejemplo y el modelo de los herbarios y de los ant\u00eddotos farmac\u00e9uticos tanto en Oriente como en Occidente, y su fama se ha conservado intacta desde la era medieval hasta el Renacimiento, con diversas\">By tradition extension and competence of both botanical and medical, it was the example and model of herbal and pharmaceutical antidotes both East and West, and his fame has remained intact since the medieval era to the Renaissance, with various <\/span><span title=\"redacciones, much\u00edsimas traducciones, reelaboraciones breves hasta la imponente edici\u00f3n e impresi\u00f3n del cinqueccento.\">essays, many translations, brief re-elaborations until the imposing edition and printing cinqueccento.<\/span><\/p>\n<p style=\"text-align: justify;\"><span title=\"Muchas veces, como en el caso de este c\u00f3dice, aparato iconogr\u00e1fico, ordenado alfab\u00e9ticamente, fue reproducido separadamente del texto y fue empleado como un atlante bot\u00e1nico para el conocimiento de las plantas, con la denominaci\u00f3n en muchos casos sustituidas o integradas de aquellas m\u00e1s corrientes y\">Often, as in the case of this codex, iconographic apparatus, arranged alphabetically, was reproduced separately from the text and was employed as a botanical Atlantean for the knowledge of plants, with the name in many cases replaced or integrated those most common and <\/span><span title=\"locales.\">local. <\/span><span title=\"La uni\u00f3n con el texto del Diosc\u00f3rides queda confiada, como en este c\u00f3dice, a una brev\u00edsima anotaci\u00f3n de reclamo que queda unida a cada ilustraci\u00f3n.\">The union with the text of Dioscorides is entrusted, as in this codex, a brief annotation claim that is attached to each picture.<\/span><\/p>\n<p style=\"text-align: justify;\"><span title=\"Acompa\u00f1ada de un libro estudio complementario.\"><span lang=\"en\" xml:lang=\"en\">Magnificent facsimile edition of 2001, limited, numbered, bound in red leather embossed in gold goat with gold hardware, following the faithful to the original design. 23 x 30 cm format. The facsimile is accompanied by a complementary study book, format 22 x 30.5 cm.<\/span><\/span><\/p>\n<p style=\"text-align: justify;\"><span title=\"Gastos de env\u00edo por cuenta del comprador, seg\u00fan pedido y destino.\"><span class=\"HwtZe\" lang=\"en\"><span class=\"jCAhz ChMk0b\"><span class=\"ryNqvb\">Retail Price: 2.974 \u20ac<\/span><\/span><\/span>. <\/span><span title=\"Cons\u00faltenos cualquier duda, as\u00ed como por cualquier otro facs\u00edmile o art\u00edculo que est\u00e9 buscando.\"><a class=\"btn btn-default\" href=\"https:\/\/www.comprarmejor.es\/en\/contact\/\">Ask us<\/a> <span class=\"HwtZe\" lang=\"en\"><span class=\"jCAhz ChMk0b\"><span class=\"ryNqvb\">any questions, indicating the article reference.<\/span><\/span><\/span><br \/>\n<\/span><\/p>\n","protected":false},"excerpt":{"rendered":"<p style=\"text-align: justify;\"><span id=\"result_box\" lang=\"en\" xml:lang=\"en\"><span title=\"Original conservado en la Biblioteca Apost\u00f3lica Vaticana, compuesto de 220 p\u00e1ginas en pergamino.\">Original preserved in the Vatican Library, consisting of 220 pages of parchment. <\/span><span title=\"En sus planos est\u00e1n los estigmas estampados en oro del Cardenal Fabio Chigi, despu\u00e9s Papa Alejandro VII.\">In his drawings are the patterns in gold stigmas of Cardinal Fabio Chigi, then Pope Alexander VII.<\/span><span title=\"En el dorso est\u00e1 con las insignias \u201cChigiane\u201d en oro representando un marco met\u00e1lico en forma de guirnaldas.\"><br \/>\n<\/span><\/span><\/p>\n","protected":false},"featured_media":50697,"template":"","meta":[],"product_brand":[],"product_cat":[2250],"product_tag":[5759,4624,3999],"class_list":{"0":"post-50711","1":"product","2":"type-product","3":"status-publish","4":"has-post-thumbnail","6":"product_cat-other-facsimiles","7":"product_tag-alejandro-en","8":"product_tag-medicina-en","9":"product_tag-testimonio-en","10":"description-off","12":"first","13":"instock","14":"taxable","15":"shipping-taxable","16":"purchasable","17":"product-type-simple"},"yoast_head":"<!-- This site is optimized with the Yoast SEO plugin v27.3 - https:\/\/yoast.com\/product\/yoast-seo-wordpress\/ -->\n<title>Dioscorides Greco-Latin, s. XV<\/title>\n<meta name=\"description\" content=\"Is the highest single medicine works. It is the highest medieval pharmacopoeia treaty. You will remember in simple terms what the current use of medicinal\" \/>\n<meta name=\"robots\" content=\"index, follow, max-snippet:-1, max-image-preview:large, max-video-preview:-1\" \/>\n<link rel=\"canonical\" href=\"https:\/\/www.comprarmejor.es\/en\/product\/dioscorides-greco-latin-s-xv\/\" \/>\n<meta property=\"og:locale\" content=\"en_US\" \/>\n<meta property=\"og:type\" content=\"article\" \/>\n<meta property=\"og:title\" content=\"Dioscorides Greco-Latin, s. XV\" \/>\n<meta property=\"og:description\" content=\"Is the highest single medicine works. It is the highest medieval pharmacopoeia treaty. You will remember in simple terms what the current use of medicinal\" \/>\n<meta property=\"og:url\" content=\"https:\/\/www.comprarmejor.es\/en\/product\/dioscorides-greco-latin-s-xv\/\" \/>\n<meta property=\"og:site_name\" content=\"ComprarMejor\" \/>\n<meta property=\"article:modified_time\" content=\"2026-05-02T19:17:55+00:00\" \/>\n<meta property=\"og:image\" content=\"https:\/\/www.comprarmejor.es\/wp-content\/uploads\/2015\/12\/p_6_1_3_4_6134-Dioscorides-Greco-Latino-s.-XV.jpg\" \/>\n\t<meta property=\"og:image:width\" content=\"599\" \/>\n\t<meta property=\"og:image:height\" content=\"449\" \/>\n\t<meta property=\"og:image:type\" content=\"image\/jpeg\" \/>\n<meta name=\"twitter:card\" content=\"summary_large_image\" \/>\n<meta name=\"twitter:label1\" content=\"Est. reading time\" \/>\n\t<meta name=\"twitter:data1\" content=\"3 minutes\" \/>\n<script type=\"application\/ld+json\" class=\"yoast-schema-graph\">{\"@context\":\"https:\\\/\\\/schema.org\",\"@graph\":[{\"@type\":\"WebPage\",\"@id\":\"https:\\\/\\\/www.comprarmejor.es\\\/en\\\/product\\\/dioscorides-greco-latin-s-xv\\\/\",\"url\":\"https:\\\/\\\/www.comprarmejor.es\\\/en\\\/product\\\/dioscorides-greco-latin-s-xv\\\/\",\"name\":\"Dioscorides Greco-Latin, s. XV\",\"isPartOf\":{\"@id\":\"https:\\\/\\\/www.comprarmejor.es\\\/en\\\/#website\"},\"primaryImageOfPage\":{\"@id\":\"https:\\\/\\\/www.comprarmejor.es\\\/en\\\/product\\\/dioscorides-greco-latin-s-xv\\\/#primaryimage\"},\"image\":{\"@id\":\"https:\\\/\\\/www.comprarmejor.es\\\/en\\\/product\\\/dioscorides-greco-latin-s-xv\\\/#primaryimage\"},\"thumbnailUrl\":\"https:\\\/\\\/www.comprarmejor.es\\\/wp-content\\\/uploads\\\/2015\\\/12\\\/p_6_1_3_4_6134-Dioscorides-Greco-Latino-s.-XV.jpg\",\"datePublished\":\"2015-12-25T09:43:00+00:00\",\"dateModified\":\"2026-05-02T19:17:55+00:00\",\"description\":\"Is the highest single medicine works. It is the highest medieval pharmacopoeia treaty. You will remember in simple terms what the current use of medicinal\",\"breadcrumb\":{\"@id\":\"https:\\\/\\\/www.comprarmejor.es\\\/en\\\/product\\\/dioscorides-greco-latin-s-xv\\\/#breadcrumb\"},\"inLanguage\":\"en-US\",\"potentialAction\":[{\"@type\":\"ReadAction\",\"target\":[\"https:\\\/\\\/www.comprarmejor.es\\\/en\\\/product\\\/dioscorides-greco-latin-s-xv\\\/\"]}]},{\"@type\":\"ImageObject\",\"inLanguage\":\"en-US\",\"@id\":\"https:\\\/\\\/www.comprarmejor.es\\\/en\\\/product\\\/dioscorides-greco-latin-s-xv\\\/#primaryimage\",\"url\":\"https:\\\/\\\/www.comprarmejor.es\\\/wp-content\\\/uploads\\\/2015\\\/12\\\/p_6_1_3_4_6134-Dioscorides-Greco-Latino-s.-XV.jpg\",\"contentUrl\":\"https:\\\/\\\/www.comprarmejor.es\\\/wp-content\\\/uploads\\\/2015\\\/12\\\/p_6_1_3_4_6134-Dioscorides-Greco-Latino-s.-XV.jpg\",\"width\":599,\"height\":449},{\"@type\":\"BreadcrumbList\",\"@id\":\"https:\\\/\\\/www.comprarmejor.es\\\/en\\\/product\\\/dioscorides-greco-latin-s-xv\\\/#breadcrumb\",\"itemListElement\":[{\"@type\":\"ListItem\",\"position\":1,\"name\":\"Portada\",\"item\":\"https:\\\/\\\/www.comprarmejor.es\\\/en\\\/\"},{\"@type\":\"ListItem\",\"position\":2,\"name\":\"Shop\",\"item\":\"https:\\\/\\\/www.comprarmejor.es\\\/en\\\/shop\\\/\"},{\"@type\":\"ListItem\",\"position\":3,\"name\":\"Greco-Latin Dioscorides of Pope Alexander VII, 15th century\"}]},{\"@type\":\"WebSite\",\"@id\":\"https:\\\/\\\/www.comprarmejor.es\\\/en\\\/#website\",\"url\":\"https:\\\/\\\/www.comprarmejor.es\\\/en\\\/\",\"name\":\"ComprarMejor\",\"description\":\"ComprarMejor\",\"publisher\":{\"@id\":\"https:\\\/\\\/www.comprarmejor.es\\\/en\\\/#organization\"},\"potentialAction\":[{\"@type\":\"SearchAction\",\"target\":{\"@type\":\"EntryPoint\",\"urlTemplate\":\"https:\\\/\\\/www.comprarmejor.es\\\/en\\\/?s={search_term_string}\"},\"query-input\":{\"@type\":\"PropertyValueSpecification\",\"valueRequired\":true,\"valueName\":\"search_term_string\"}}],\"inLanguage\":\"en-US\"},{\"@type\":\"Organization\",\"@id\":\"https:\\\/\\\/www.comprarmejor.es\\\/en\\\/#organization\",\"name\":\"COMPRAR MEJOR\",\"url\":\"https:\\\/\\\/www.comprarmejor.es\\\/en\\\/\",\"logo\":{\"@type\":\"ImageObject\",\"inLanguage\":\"en-US\",\"@id\":\"https:\\\/\\\/www.comprarmejor.es\\\/en\\\/#\\\/schema\\\/logo\\\/image\\\/\",\"url\":\"https:\\\/\\\/www.comprarmejor.es\\\/wp-content\\\/uploads\\\/2025\\\/09\\\/comprarmejortrinidad.jpg\",\"contentUrl\":\"https:\\\/\\\/www.comprarmejor.es\\\/wp-content\\\/uploads\\\/2025\\\/09\\\/comprarmejortrinidad.jpg\",\"width\":1022,\"height\":1380,\"caption\":\"COMPRAR MEJOR\"},\"image\":{\"@id\":\"https:\\\/\\\/www.comprarmejor.es\\\/en\\\/#\\\/schema\\\/logo\\\/image\\\/\"},\"sameAs\":[\"https:\\\/\\\/www.instagram.com\\\/amigosdelcodice\"]}]}<\/script>\n<!-- \/ Yoast SEO plugin. -->","yoast_head_json":{"title":"Dioscorides Greco-Latin, s. XV","description":"Is the highest single medicine works. It is the highest medieval pharmacopoeia treaty. You will remember in simple terms what the current use of medicinal","robots":{"index":"index","follow":"follow","max-snippet":"max-snippet:-1","max-image-preview":"max-image-preview:large","max-video-preview":"max-video-preview:-1"},"canonical":"https:\/\/www.comprarmejor.es\/en\/product\/dioscorides-greco-latin-s-xv\/","og_locale":"en_US","og_type":"article","og_title":"Dioscorides Greco-Latin, s. XV","og_description":"Is the highest single medicine works. It is the highest medieval pharmacopoeia treaty. You will remember in simple terms what the current use of medicinal","og_url":"https:\/\/www.comprarmejor.es\/en\/product\/dioscorides-greco-latin-s-xv\/","og_site_name":"ComprarMejor","article_modified_time":"2026-05-02T19:17:55+00:00","og_image":[{"width":599,"height":449,"url":"https:\/\/www.comprarmejor.es\/wp-content\/uploads\/2015\/12\/p_6_1_3_4_6134-Dioscorides-Greco-Latino-s.-XV.jpg","type":"image\/jpeg"}],"twitter_card":"summary_large_image","twitter_misc":{"Est. reading time":"3 minutes"},"schema":{"@context":"https:\/\/schema.org","@graph":[{"@type":"WebPage","@id":"https:\/\/www.comprarmejor.es\/en\/product\/dioscorides-greco-latin-s-xv\/","url":"https:\/\/www.comprarmejor.es\/en\/product\/dioscorides-greco-latin-s-xv\/","name":"Dioscorides Greco-Latin, s. XV","isPartOf":{"@id":"https:\/\/www.comprarmejor.es\/en\/#website"},"primaryImageOfPage":{"@id":"https:\/\/www.comprarmejor.es\/en\/product\/dioscorides-greco-latin-s-xv\/#primaryimage"},"image":{"@id":"https:\/\/www.comprarmejor.es\/en\/product\/dioscorides-greco-latin-s-xv\/#primaryimage"},"thumbnailUrl":"https:\/\/www.comprarmejor.es\/wp-content\/uploads\/2015\/12\/p_6_1_3_4_6134-Dioscorides-Greco-Latino-s.-XV.jpg","datePublished":"2015-12-25T09:43:00+00:00","dateModified":"2026-05-02T19:17:55+00:00","description":"Is the highest single medicine works. It is the highest medieval pharmacopoeia treaty. You will remember in simple terms what the current use of medicinal","breadcrumb":{"@id":"https:\/\/www.comprarmejor.es\/en\/product\/dioscorides-greco-latin-s-xv\/#breadcrumb"},"inLanguage":"en-US","potentialAction":[{"@type":"ReadAction","target":["https:\/\/www.comprarmejor.es\/en\/product\/dioscorides-greco-latin-s-xv\/"]}]},{"@type":"ImageObject","inLanguage":"en-US","@id":"https:\/\/www.comprarmejor.es\/en\/product\/dioscorides-greco-latin-s-xv\/#primaryimage","url":"https:\/\/www.comprarmejor.es\/wp-content\/uploads\/2015\/12\/p_6_1_3_4_6134-Dioscorides-Greco-Latino-s.-XV.jpg","contentUrl":"https:\/\/www.comprarmejor.es\/wp-content\/uploads\/2015\/12\/p_6_1_3_4_6134-Dioscorides-Greco-Latino-s.-XV.jpg","width":599,"height":449},{"@type":"BreadcrumbList","@id":"https:\/\/www.comprarmejor.es\/en\/product\/dioscorides-greco-latin-s-xv\/#breadcrumb","itemListElement":[{"@type":"ListItem","position":1,"name":"Portada","item":"https:\/\/www.comprarmejor.es\/en\/"},{"@type":"ListItem","position":2,"name":"Shop","item":"https:\/\/www.comprarmejor.es\/en\/shop\/"},{"@type":"ListItem","position":3,"name":"Greco-Latin Dioscorides of Pope Alexander VII, 15th century"}]},{"@type":"WebSite","@id":"https:\/\/www.comprarmejor.es\/en\/#website","url":"https:\/\/www.comprarmejor.es\/en\/","name":"ComprarMejor","description":"ComprarMejor","publisher":{"@id":"https:\/\/www.comprarmejor.es\/en\/#organization"},"potentialAction":[{"@type":"SearchAction","target":{"@type":"EntryPoint","urlTemplate":"https:\/\/www.comprarmejor.es\/en\/?s={search_term_string}"},"query-input":{"@type":"PropertyValueSpecification","valueRequired":true,"valueName":"search_term_string"}}],"inLanguage":"en-US"},{"@type":"Organization","@id":"https:\/\/www.comprarmejor.es\/en\/#organization","name":"COMPRAR MEJOR","url":"https:\/\/www.comprarmejor.es\/en\/","logo":{"@type":"ImageObject","inLanguage":"en-US","@id":"https:\/\/www.comprarmejor.es\/en\/#\/schema\/logo\/image\/","url":"https:\/\/www.comprarmejor.es\/wp-content\/uploads\/2025\/09\/comprarmejortrinidad.jpg","contentUrl":"https:\/\/www.comprarmejor.es\/wp-content\/uploads\/2025\/09\/comprarmejortrinidad.jpg","width":1022,"height":1380,"caption":"COMPRAR MEJOR"},"image":{"@id":"https:\/\/www.comprarmejor.es\/en\/#\/schema\/logo\/image\/"},"sameAs":["https:\/\/www.instagram.com\/amigosdelcodice"]}]}},"_links":{"self":[{"href":"https:\/\/www.comprarmejor.es\/en\/wp-json\/wp\/v2\/product\/50711","targetHints":{"allow":["GET"]}}],"collection":[{"href":"https:\/\/www.comprarmejor.es\/en\/wp-json\/wp\/v2\/product"}],"about":[{"href":"https:\/\/www.comprarmejor.es\/en\/wp-json\/wp\/v2\/types\/product"}],"wp:featuredmedia":[{"embeddable":true,"href":"https:\/\/www.comprarmejor.es\/en\/wp-json\/wp\/v2\/media\/50697"}],"wp:attachment":[{"href":"https:\/\/www.comprarmejor.es\/en\/wp-json\/wp\/v2\/media?parent=50711"}],"wp:term":[{"taxonomy":"product_brand","embeddable":true,"href":"https:\/\/www.comprarmejor.es\/en\/wp-json\/wp\/v2\/product_brand?post=50711"},{"taxonomy":"product_cat","embeddable":true,"href":"https:\/\/www.comprarmejor.es\/en\/wp-json\/wp\/v2\/product_cat?post=50711"},{"taxonomy":"product_tag","embeddable":true,"href":"https:\/\/www.comprarmejor.es\/en\/wp-json\/wp\/v2\/product_tag?post=50711"}],"curies":[{"name":"wp","href":"https:\/\/api.w.org\/{rel}","templated":true}]}}