{"id":50723,"date":"2015-12-25T11:52:40","date_gmt":"2015-12-25T10:52:40","guid":{"rendered":"https:\/\/www.comprarmejor.es\/producto\/confidences-and-thoughts-of-john-buenhombre-miquel-y-planas-1924\/"},"modified":"2019-09-16T22:47:31","modified_gmt":"2019-09-16T20:47:31","slug":"confidences-and-thoughts-of-john-buenhombre-miquel-y-planas-1924","status":"publish","type":"product","link":"https:\/\/www.comprarmejor.es\/en\/product\/confidences-and-thoughts-of-john-buenhombre-miquel-y-planas-1924\/","title":{"rendered":"Confidences and thoughts of John Buenhombre, Miquel y Planas, 1924"},"content":{"rendered":"<p style=\"text-align:justify;\"><span id=\"result_box\" lang=\"en\" xml:lang=\"en\"><span title=\"Ind\u00edquenos cu\u00e1l prefiere al hacer su pedido.\"><span lang=\"en\" xml:lang=\"en\"><span title=\"Edici\u00f3n en espa\u00f1ol, limitada, numerada y firmada por el autor, de su obra &quot;Les Confid\u00e8ncies d\u00e9n Joan Bonhome&quot;, escrita en 1918. Ram\u00f3n Miquel y Planas: Las confidencias de Juan Buenhombre seguidas de sus pensamientos.\">Spanish edition, limited, numbered and signed by the author, his work &#8220;Les Confid\u00e8ncies d\u00e9n Joan Bonhome&#8221; written in 1918. Ramon Miquel y Planas: The confidences of John Buenhombre followed by his thoughts.<\/p>\n<p><\/span><span title=\"Traducci\u00f3n al espa\u00f1ol de Rafael V. Silvari.\">Spanish translation of Rafael V. Silvari. <\/span><span title=\"Madrid, Librer\u00eda de los Bibli\u00f3filos Espa\u00f1oles, 1924.\">Madrid, the Spanish Library, 1924 Bibliophiles.<\/p>\n<p><\/span><span title=\"Formato 8,5 x 12 cm.\">8.5 x 12 cm format. <\/span><span title=\"254 p\u00e1ginas.\">254 pages. <\/span><span title=\"Portada a dos tintas.\">Home to two inks. <\/span><span title=\"Ilustrado con 25 grabados en madera originales de A. Oll\u00e9 Pinell, fuera de texto.\">It illustrated with 25 original wood engravings A. Oll\u00e9 Pinell outside text. <\/span><span title=\"Guardas ilustradas a color.\">Guards illustrated color. <\/span><span title=\"Cubiertas editorial con dorados en el plano.\">Editorial covered with gold in the plane. <\/span><span title=\"Papel de hilo.\">Bond paper. <\/span><span title=\"Ejemplar correspondiente a la &quot;Peque\u00f1a Colecci\u00f3n del Bibli\u00f3filo&quot;.\">Exemplary corresponding to the &#8220;Small Collection Bibliophile&#8221;. <\/span><span title=\"Libro de peque\u00f1o formato.\">Small format book.<\/p>\n<p><\/span><span title=\"Ramon Miquel i Planas (Barcelona, 1874-1950) fue un bibli\u00f3filo por antonomasia, dedicado exclusivamente al libro en todas sus manifestaciones: editor, traductor, empresario, ensayista, escritor, poeta, bibli\u00f3grafo, historiador de la lengua y literaturas catalanas, entre otras\">Ramon Miquel i Planas (Barcelona, \u200b\u200b1874-1950) was a bibliophile par excellence, dedicated to the book in all its manifestations: editor, translator, businessman, essayist, writer, poet, bibliographer, historian of Catalan language and literature, among others <\/span><span title=\"cosas.\">stuff.<\/p>\n<p><\/span><span title=\"Ejemplar original de 1924 en perfecto estado.\">original of 1924 in perfect condition.<\/span><\/span><\/p>\n<p><\/span><span title=\"Gastos de env\u00edo por cuenta del comprador, seg\u00fan pedido y destino.\">Shipping by the buyer, upon request and destination.\u00a0<\/span><span title=\"Cons\u00faltenos cualquier duda, as\u00ed como por cualquier otro facs\u00edmile o art\u00edculo que est\u00e9 buscando.\"><a class=\"btn btn-default\" href=\"http:\/\/comprarmejor.es\/en\/contact\">Ask us<\/a> any <span lang=\"en\" xml:lang=\"en\"><span title=\"Cons\u00faltenos cualquier duda, as\u00ed como por cualquier otro art\u00edculo que est\u00e9 buscando.\">questions, as well as any other items you are seeking.<\/span><\/span><\/span><\/span><\/p>\n","protected":false},"excerpt":{"rendered":"<p style=\"text-align:justify;\"><span id=\"result_box\" lang=\"en\" xml:lang=\"en\"><span title=\"Precioso facs\u00edmile realizado en 1997 de la edici\u00f3n original de Valencia de 1510, traducido del lat\u00edn al valenciano de la \u00e9poca.\"><span lang=\"en\" xml:lang=\"en\"><span title=\"Edici\u00f3n en espa\u00f1ol, limitada, numerada y firmada por el autor, de su obra &quot;Les Confid\u00e8ncies d\u00e9n Joan Bonhome&quot;, escrita en 1918. Ram\u00f3n Miquel y Planas: Las confidencias de Juan Buenhombre seguidas de sus pensamientos.\">Spanish edition, limited, numbered and signed by the author, his work &#8220;Les Confid\u00e8ncies d\u00e9n Joan Bonhome&#8221; written in 1918. Ramon Miquel y Planas: The confidences of John Buenhombre followed by his thoughts.<\/span><\/span><\/span><\/span><\/p>\n","protected":false},"featured_media":50713,"template":"","meta":[],"product_brand":[],"product_cat":[2210,2188],"product_tag":[4700],"class_list":{"0":"post-50723","1":"product","2":"type-product","3":"status-publish","4":"has-post-thumbnail","6":"product_cat-bibliophilia","7":"product_cat-books","8":"product_tag-miquel-en","9":"product_shipping_class-from-0-to-1-kg","10":"description-off","12":"first","13":"instock","14":"taxable","15":"shipping-taxable","16":"purchasable","17":"product-type-simple"},"yoast_head":"<!-- This site is optimized with the Yoast SEO plugin v27.3 - https:\/\/yoast.com\/product\/yoast-seo-wordpress\/ -->\n<title>Confidences and thoughts of John Buenhombre, Miquel y Planas, 1924<\/title>\n<meta name=\"description\" content=\"Spanish edition, limited, numbered and signed by the author, his work &quot;Les Confid\u00e8ncies d\u00e9n Joan Bonhome&quot; written in 1918. Ramon Miquel y Planas\" \/>\n<meta name=\"robots\" content=\"index, follow, max-snippet:-1, max-image-preview:large, max-video-preview:-1\" \/>\n<link rel=\"canonical\" href=\"https:\/\/www.comprarmejor.es\/en\/product\/confidences-and-thoughts-of-john-buenhombre-miquel-y-planas-1924\/\" \/>\n<meta property=\"og:locale\" content=\"en_US\" \/>\n<meta property=\"og:type\" content=\"article\" \/>\n<meta property=\"og:title\" content=\"Confidences and thoughts of John Buenhombre, Miquel y Planas, 1924\" \/>\n<meta property=\"og:description\" content=\"Spanish edition, limited, numbered and signed by the author, his work &quot;Les Confid\u00e8ncies d\u00e9n Joan Bonhome&quot; written in 1918. Ramon Miquel y Planas\" \/>\n<meta property=\"og:url\" content=\"https:\/\/www.comprarmejor.es\/en\/product\/confidences-and-thoughts-of-john-buenhombre-miquel-y-planas-1924\/\" \/>\n<meta property=\"og:site_name\" content=\"ComprarMejor\" \/>\n<meta property=\"article:modified_time\" content=\"2019-09-16T20:47:31+00:00\" \/>\n<meta property=\"og:image\" content=\"https:\/\/www.comprarmejor.es\/wp-content\/uploads\/2015\/12\/p_6_9_1_6_6916-Confidencias-y-Pensamientos-de-Juan-Buenhombre-Miquel-y-Planas-1924.jpg\" \/>\n\t<meta property=\"og:image:width\" content=\"445\" \/>\n\t<meta property=\"og:image:height\" content=\"599\" \/>\n\t<meta property=\"og:image:type\" content=\"image\/jpeg\" \/>\n<meta name=\"twitter:card\" content=\"summary_large_image\" \/>\n<meta name=\"twitter:label1\" content=\"Est. reading time\" \/>\n\t<meta name=\"twitter:data1\" content=\"1 minute\" \/>\n<script type=\"application\/ld+json\" class=\"yoast-schema-graph\">{\"@context\":\"https:\\\/\\\/schema.org\",\"@graph\":[{\"@type\":\"WebPage\",\"@id\":\"https:\\\/\\\/www.comprarmejor.es\\\/en\\\/product\\\/confidences-and-thoughts-of-john-buenhombre-miquel-y-planas-1924\\\/\",\"url\":\"https:\\\/\\\/www.comprarmejor.es\\\/en\\\/product\\\/confidences-and-thoughts-of-john-buenhombre-miquel-y-planas-1924\\\/\",\"name\":\"Confidences and thoughts of John Buenhombre, Miquel y Planas, 1924\",\"isPartOf\":{\"@id\":\"https:\\\/\\\/www.comprarmejor.es\\\/en\\\/#website\"},\"primaryImageOfPage\":{\"@id\":\"https:\\\/\\\/www.comprarmejor.es\\\/en\\\/product\\\/confidences-and-thoughts-of-john-buenhombre-miquel-y-planas-1924\\\/#primaryimage\"},\"image\":{\"@id\":\"https:\\\/\\\/www.comprarmejor.es\\\/en\\\/product\\\/confidences-and-thoughts-of-john-buenhombre-miquel-y-planas-1924\\\/#primaryimage\"},\"thumbnailUrl\":\"https:\\\/\\\/www.comprarmejor.es\\\/wp-content\\\/uploads\\\/2015\\\/12\\\/p_6_9_1_6_6916-Confidencias-y-Pensamientos-de-Juan-Buenhombre-Miquel-y-Planas-1924.jpg\",\"datePublished\":\"2015-12-25T10:52:40+00:00\",\"dateModified\":\"2019-09-16T20:47:31+00:00\",\"description\":\"Spanish edition, limited, numbered and signed by the author, his work \\\"Les Confid\u00e8ncies d\u00e9n Joan Bonhome\\\" written in 1918. Ramon Miquel y Planas\",\"breadcrumb\":{\"@id\":\"https:\\\/\\\/www.comprarmejor.es\\\/en\\\/product\\\/confidences-and-thoughts-of-john-buenhombre-miquel-y-planas-1924\\\/#breadcrumb\"},\"inLanguage\":\"en-US\",\"potentialAction\":[{\"@type\":\"ReadAction\",\"target\":[\"https:\\\/\\\/www.comprarmejor.es\\\/en\\\/product\\\/confidences-and-thoughts-of-john-buenhombre-miquel-y-planas-1924\\\/\"]}]},{\"@type\":\"ImageObject\",\"inLanguage\":\"en-US\",\"@id\":\"https:\\\/\\\/www.comprarmejor.es\\\/en\\\/product\\\/confidences-and-thoughts-of-john-buenhombre-miquel-y-planas-1924\\\/#primaryimage\",\"url\":\"https:\\\/\\\/www.comprarmejor.es\\\/wp-content\\\/uploads\\\/2015\\\/12\\\/p_6_9_1_6_6916-Confidencias-y-Pensamientos-de-Juan-Buenhombre-Miquel-y-Planas-1924.jpg\",\"contentUrl\":\"https:\\\/\\\/www.comprarmejor.es\\\/wp-content\\\/uploads\\\/2015\\\/12\\\/p_6_9_1_6_6916-Confidencias-y-Pensamientos-de-Juan-Buenhombre-Miquel-y-Planas-1924.jpg\",\"width\":445,\"height\":599},{\"@type\":\"BreadcrumbList\",\"@id\":\"https:\\\/\\\/www.comprarmejor.es\\\/en\\\/product\\\/confidences-and-thoughts-of-john-buenhombre-miquel-y-planas-1924\\\/#breadcrumb\",\"itemListElement\":[{\"@type\":\"ListItem\",\"position\":1,\"name\":\"Portada\",\"item\":\"https:\\\/\\\/www.comprarmejor.es\\\/en\\\/\"},{\"@type\":\"ListItem\",\"position\":2,\"name\":\"Shop\",\"item\":\"https:\\\/\\\/www.comprarmejor.es\\\/en\\\/shop\\\/\"},{\"@type\":\"ListItem\",\"position\":3,\"name\":\"Confidences and thoughts of John Buenhombre, Miquel y Planas, 1924\"}]},{\"@type\":\"WebSite\",\"@id\":\"https:\\\/\\\/www.comprarmejor.es\\\/en\\\/#website\",\"url\":\"https:\\\/\\\/www.comprarmejor.es\\\/en\\\/\",\"name\":\"ComprarMejor\",\"description\":\"ComprarMejor\",\"publisher\":{\"@id\":\"https:\\\/\\\/www.comprarmejor.es\\\/en\\\/#organization\"},\"potentialAction\":[{\"@type\":\"SearchAction\",\"target\":{\"@type\":\"EntryPoint\",\"urlTemplate\":\"https:\\\/\\\/www.comprarmejor.es\\\/en\\\/?s={search_term_string}\"},\"query-input\":{\"@type\":\"PropertyValueSpecification\",\"valueRequired\":true,\"valueName\":\"search_term_string\"}}],\"inLanguage\":\"en-US\"},{\"@type\":\"Organization\",\"@id\":\"https:\\\/\\\/www.comprarmejor.es\\\/en\\\/#organization\",\"name\":\"COMPRAR MEJOR\",\"url\":\"https:\\\/\\\/www.comprarmejor.es\\\/en\\\/\",\"logo\":{\"@type\":\"ImageObject\",\"inLanguage\":\"en-US\",\"@id\":\"https:\\\/\\\/www.comprarmejor.es\\\/en\\\/#\\\/schema\\\/logo\\\/image\\\/\",\"url\":\"https:\\\/\\\/www.comprarmejor.es\\\/wp-content\\\/uploads\\\/2025\\\/09\\\/comprarmejortrinidad.jpg\",\"contentUrl\":\"https:\\\/\\\/www.comprarmejor.es\\\/wp-content\\\/uploads\\\/2025\\\/09\\\/comprarmejortrinidad.jpg\",\"width\":1022,\"height\":1380,\"caption\":\"COMPRAR MEJOR\"},\"image\":{\"@id\":\"https:\\\/\\\/www.comprarmejor.es\\\/en\\\/#\\\/schema\\\/logo\\\/image\\\/\"},\"sameAs\":[\"https:\\\/\\\/www.instagram.com\\\/amigosdelcodice\"]}]}<\/script>\n<!-- \/ Yoast SEO plugin. -->","yoast_head_json":{"title":"Confidences and thoughts of John Buenhombre, Miquel y Planas, 1924","description":"Spanish edition, limited, numbered and signed by the author, his work \"Les Confid\u00e8ncies d\u00e9n Joan Bonhome\" written in 1918. Ramon Miquel y Planas","robots":{"index":"index","follow":"follow","max-snippet":"max-snippet:-1","max-image-preview":"max-image-preview:large","max-video-preview":"max-video-preview:-1"},"canonical":"https:\/\/www.comprarmejor.es\/en\/product\/confidences-and-thoughts-of-john-buenhombre-miquel-y-planas-1924\/","og_locale":"en_US","og_type":"article","og_title":"Confidences and thoughts of John Buenhombre, Miquel y Planas, 1924","og_description":"Spanish edition, limited, numbered and signed by the author, his work \"Les Confid\u00e8ncies d\u00e9n Joan Bonhome\" written in 1918. Ramon Miquel y Planas","og_url":"https:\/\/www.comprarmejor.es\/en\/product\/confidences-and-thoughts-of-john-buenhombre-miquel-y-planas-1924\/","og_site_name":"ComprarMejor","article_modified_time":"2019-09-16T20:47:31+00:00","og_image":[{"width":445,"height":599,"url":"https:\/\/www.comprarmejor.es\/wp-content\/uploads\/2015\/12\/p_6_9_1_6_6916-Confidencias-y-Pensamientos-de-Juan-Buenhombre-Miquel-y-Planas-1924.jpg","type":"image\/jpeg"}],"twitter_card":"summary_large_image","twitter_misc":{"Est. reading time":"1 minute"},"schema":{"@context":"https:\/\/schema.org","@graph":[{"@type":"WebPage","@id":"https:\/\/www.comprarmejor.es\/en\/product\/confidences-and-thoughts-of-john-buenhombre-miquel-y-planas-1924\/","url":"https:\/\/www.comprarmejor.es\/en\/product\/confidences-and-thoughts-of-john-buenhombre-miquel-y-planas-1924\/","name":"Confidences and thoughts of John Buenhombre, Miquel y Planas, 1924","isPartOf":{"@id":"https:\/\/www.comprarmejor.es\/en\/#website"},"primaryImageOfPage":{"@id":"https:\/\/www.comprarmejor.es\/en\/product\/confidences-and-thoughts-of-john-buenhombre-miquel-y-planas-1924\/#primaryimage"},"image":{"@id":"https:\/\/www.comprarmejor.es\/en\/product\/confidences-and-thoughts-of-john-buenhombre-miquel-y-planas-1924\/#primaryimage"},"thumbnailUrl":"https:\/\/www.comprarmejor.es\/wp-content\/uploads\/2015\/12\/p_6_9_1_6_6916-Confidencias-y-Pensamientos-de-Juan-Buenhombre-Miquel-y-Planas-1924.jpg","datePublished":"2015-12-25T10:52:40+00:00","dateModified":"2019-09-16T20:47:31+00:00","description":"Spanish edition, limited, numbered and signed by the author, his work \"Les Confid\u00e8ncies d\u00e9n Joan Bonhome\" written in 1918. Ramon Miquel y Planas","breadcrumb":{"@id":"https:\/\/www.comprarmejor.es\/en\/product\/confidences-and-thoughts-of-john-buenhombre-miquel-y-planas-1924\/#breadcrumb"},"inLanguage":"en-US","potentialAction":[{"@type":"ReadAction","target":["https:\/\/www.comprarmejor.es\/en\/product\/confidences-and-thoughts-of-john-buenhombre-miquel-y-planas-1924\/"]}]},{"@type":"ImageObject","inLanguage":"en-US","@id":"https:\/\/www.comprarmejor.es\/en\/product\/confidences-and-thoughts-of-john-buenhombre-miquel-y-planas-1924\/#primaryimage","url":"https:\/\/www.comprarmejor.es\/wp-content\/uploads\/2015\/12\/p_6_9_1_6_6916-Confidencias-y-Pensamientos-de-Juan-Buenhombre-Miquel-y-Planas-1924.jpg","contentUrl":"https:\/\/www.comprarmejor.es\/wp-content\/uploads\/2015\/12\/p_6_9_1_6_6916-Confidencias-y-Pensamientos-de-Juan-Buenhombre-Miquel-y-Planas-1924.jpg","width":445,"height":599},{"@type":"BreadcrumbList","@id":"https:\/\/www.comprarmejor.es\/en\/product\/confidences-and-thoughts-of-john-buenhombre-miquel-y-planas-1924\/#breadcrumb","itemListElement":[{"@type":"ListItem","position":1,"name":"Portada","item":"https:\/\/www.comprarmejor.es\/en\/"},{"@type":"ListItem","position":2,"name":"Shop","item":"https:\/\/www.comprarmejor.es\/en\/shop\/"},{"@type":"ListItem","position":3,"name":"Confidences and thoughts of John Buenhombre, Miquel y Planas, 1924"}]},{"@type":"WebSite","@id":"https:\/\/www.comprarmejor.es\/en\/#website","url":"https:\/\/www.comprarmejor.es\/en\/","name":"ComprarMejor","description":"ComprarMejor","publisher":{"@id":"https:\/\/www.comprarmejor.es\/en\/#organization"},"potentialAction":[{"@type":"SearchAction","target":{"@type":"EntryPoint","urlTemplate":"https:\/\/www.comprarmejor.es\/en\/?s={search_term_string}"},"query-input":{"@type":"PropertyValueSpecification","valueRequired":true,"valueName":"search_term_string"}}],"inLanguage":"en-US"},{"@type":"Organization","@id":"https:\/\/www.comprarmejor.es\/en\/#organization","name":"COMPRAR MEJOR","url":"https:\/\/www.comprarmejor.es\/en\/","logo":{"@type":"ImageObject","inLanguage":"en-US","@id":"https:\/\/www.comprarmejor.es\/en\/#\/schema\/logo\/image\/","url":"https:\/\/www.comprarmejor.es\/wp-content\/uploads\/2025\/09\/comprarmejortrinidad.jpg","contentUrl":"https:\/\/www.comprarmejor.es\/wp-content\/uploads\/2025\/09\/comprarmejortrinidad.jpg","width":1022,"height":1380,"caption":"COMPRAR MEJOR"},"image":{"@id":"https:\/\/www.comprarmejor.es\/en\/#\/schema\/logo\/image\/"},"sameAs":["https:\/\/www.instagram.com\/amigosdelcodice"]}]}},"_links":{"self":[{"href":"https:\/\/www.comprarmejor.es\/en\/wp-json\/wp\/v2\/product\/50723","targetHints":{"allow":["GET"]}}],"collection":[{"href":"https:\/\/www.comprarmejor.es\/en\/wp-json\/wp\/v2\/product"}],"about":[{"href":"https:\/\/www.comprarmejor.es\/en\/wp-json\/wp\/v2\/types\/product"}],"wp:featuredmedia":[{"embeddable":true,"href":"https:\/\/www.comprarmejor.es\/en\/wp-json\/wp\/v2\/media\/50713"}],"wp:attachment":[{"href":"https:\/\/www.comprarmejor.es\/en\/wp-json\/wp\/v2\/media?parent=50723"}],"wp:term":[{"taxonomy":"product_brand","embeddable":true,"href":"https:\/\/www.comprarmejor.es\/en\/wp-json\/wp\/v2\/product_brand?post=50723"},{"taxonomy":"product_cat","embeddable":true,"href":"https:\/\/www.comprarmejor.es\/en\/wp-json\/wp\/v2\/product_cat?post=50723"},{"taxonomy":"product_tag","embeddable":true,"href":"https:\/\/www.comprarmejor.es\/en\/wp-json\/wp\/v2\/product_tag?post=50723"}],"curies":[{"name":"wp","href":"https:\/\/api.w.org\/{rel}","templated":true}]}}