{"id":50821,"date":"2015-12-28T14:11:29","date_gmt":"2015-12-28T13:11:29","guid":{"rendered":"https:\/\/www.comprarmejor.es\/producto\/der-lorscher-rotulus-1994\/"},"modified":"2023-07-08T11:50:41","modified_gmt":"2023-07-08T09:50:41","slug":"mini-bookcase-with-7-beautiful-little-books-assorted-themes","status":"publish","type":"product","link":"https:\/\/www.comprarmejor.es\/en\/product\/mini-bookcase-with-7-beautiful-little-books-assorted-themes\/","title":{"rendered":"Mini bookcase with 7 beautiful little books (assorted themes)"},"content":{"rendered":"<p style=\"text-align: justify;\">Mini bookstore with 7 little books published by the Peruvian publisher &#8220;The Smallest Books in the World&#8221;. Various themes. See the detail.<\/p>\n<p style=\"text-align: justify;\">Common features:<br \/>\nIllustrated hardcover binding, ribbed spine, guide tape, 5.3 x 6.6 cm format. Texts in Spanish.<br \/>\nMini bookcase in rigid cardboard illustrated simulating wood. Format 11 x 22.5 x 8.5 cm.<\/p>\n<p style=\"text-align: justify;\">The relationship of the 7 mini booklets is as follows:<\/p>\n<p style=\"text-align: justify;\">100 ways to combat stress. ISBN 9786123030261. 444 pages. 1st printing 2016 1st edition 2011.<\/p>\n<p style=\"text-align: justify;\">365 messages to live in harmony and prosperity. ISBN 9786123031183. 448 fully illustrated pages. 2nd printing 2017 1st edition 2012.<\/p>\n<p style=\"text-align: justify;\">900 ways to make life more pleasant. ISBN 9786034013377. 436 pages. 2nd edition 2008.<\/p>\n<p style=\"text-align: justify;\">jokes for adults ISBN 9786123031701. 444 pages. 3rd edition 2015.<\/p>\n<p style=\"text-align: justify;\">spicy jokes. ISBN 9786034013315. 436 pages. 2nd edition 2008.<\/p>\n<p style=\"text-align: justify;\">emotional intelligence. ISBN 9789972997013. 436 pages. 1st edition 2004.<\/p>\n<p style=\"text-align: justify;\">GEMINI 5\/22\/21-6. ISBN 9789972896651. 436 pages. 1st edition 2004.<\/p>\n<p style=\"text-align: justify;\">Booklets in perfect condition, unused.<\/p>\n<p style=\"text-align: justify;\"><span title=\"Gastos de env\u00edo por cuenta del comprador, seg\u00fan pedido y destino.\"><span class=\"HwtZe\" lang=\"en\"><span class=\"jCAhz ChMk0b\"><span class=\"ryNqvb\">Shipping costs according to order and destination.<\/span><\/span><\/span> <\/span><span title=\"Cons\u00faltenos cualquier duda, as\u00ed como por cualquier otra obra, facs\u00edmile o art\u00edculo que est\u00e9 buscando.\"><a class=\"btn btn-default\" href=\"https:\/\/www.comprarmejor.es\/en\/contact\">Ask us<\/a> <span class=\"HwtZe\" lang=\"en\"><span class=\"jCAhz ChMk0b\"><span class=\"ryNqvb\">any questions, indicating the article reference.<\/span><\/span><\/span><br \/>\n<\/span><\/p>\n","protected":false},"excerpt":{"rendered":"<p style=\"text-align: justify;\"><span id=\"result_box\" lang=\"en\" xml:lang=\"en\"><span title=\"Facs\u00edmile del rollo Lorsch Rotulus realizado en 1994 y cuyo original se conserva en la Universidad de Frankfurt.\"><span class=\"HwtZe\" lang=\"en\"><span class=\"jCAhz ChMk0b\"><span class=\"ryNqvb\">Mini bookstore with 7 little books published by the Peruvian publisher &#8220;The Smallest Books in the World&#8221;.<\/span><\/span> <span class=\"jCAhz ChMk0b\"><span class=\"ryNqvb\">Various themes.<\/span><\/span> <span class=\"jCAhz ChMk0b\"><span class=\"ryNqvb\">See the detail.<\/span><\/span><br \/>\n<\/span><\/span><\/span><\/p>\n","protected":false},"featured_media":88743,"template":"","meta":[],"product_brand":[],"product_cat":[2256,2196],"product_tag":[5157,5158],"class_list":{"0":"post-50821","1":"product","2":"type-product","3":"status-publish","4":"has-post-thumbnail","6":"product_cat-books-in-general","7":"product_cat-collectables-en","8":"product_tag-mini-book-en","9":"product_tag-librito-en","10":"product_shipping_class-from-0-to-1-kg","11":"description-off","13":"first","14":"instock","15":"taxable","16":"shipping-taxable","17":"purchasable","18":"product-type-simple"},"yoast_head":"<!-- This site is optimized with the Yoast SEO plugin v27.3 - https:\/\/yoast.com\/product\/yoast-seo-wordpress\/ -->\n<title>Mini bookcase with 7 beautiful little books (assorted themes)<\/title>\n<meta name=\"description\" content=\"Mini bookstore with 7 little books published by the Peruvian publisher &quot;The Smallest Books in the World&quot;. Various themes. See the detail.\" \/>\n<meta name=\"robots\" content=\"index, follow, max-snippet:-1, max-image-preview:large, max-video-preview:-1\" \/>\n<link rel=\"canonical\" href=\"https:\/\/www.comprarmejor.es\/en\/product\/mini-bookcase-with-7-beautiful-little-books-assorted-themes\/\" \/>\n<meta property=\"og:locale\" content=\"en_US\" \/>\n<meta property=\"og:type\" content=\"article\" \/>\n<meta property=\"og:title\" content=\"Mini bookcase with 7 beautiful little books (assorted themes)\" \/>\n<meta property=\"og:description\" content=\"Mini bookstore with 7 little books published by the Peruvian publisher &quot;The Smallest Books in the World&quot;. Various themes. See the detail.\" \/>\n<meta property=\"og:url\" content=\"https:\/\/www.comprarmejor.es\/en\/product\/mini-bookcase-with-7-beautiful-little-books-assorted-themes\/\" \/>\n<meta property=\"og:site_name\" content=\"ComprarMejor\" \/>\n<meta property=\"article:modified_time\" content=\"2023-07-08T09:50:41+00:00\" \/>\n<meta property=\"og:image\" content=\"https:\/\/www.comprarmejor.es\/wp-content\/uploads\/2015\/12\/ML7L-3.jpg\" \/>\n\t<meta property=\"og:image:width\" content=\"576\" \/>\n\t<meta property=\"og:image:height\" content=\"744\" \/>\n\t<meta property=\"og:image:type\" content=\"image\/jpeg\" \/>\n<meta name=\"twitter:card\" content=\"summary_large_image\" \/>\n<meta name=\"twitter:label1\" content=\"Est. reading time\" \/>\n\t<meta name=\"twitter:data1\" content=\"1 minute\" \/>\n<script type=\"application\/ld+json\" class=\"yoast-schema-graph\">{\"@context\":\"https:\\\/\\\/schema.org\",\"@graph\":[{\"@type\":\"WebPage\",\"@id\":\"https:\\\/\\\/www.comprarmejor.es\\\/en\\\/product\\\/mini-bookcase-with-7-beautiful-little-books-assorted-themes\\\/\",\"url\":\"https:\\\/\\\/www.comprarmejor.es\\\/en\\\/product\\\/mini-bookcase-with-7-beautiful-little-books-assorted-themes\\\/\",\"name\":\"Mini bookcase with 7 beautiful little books (assorted themes)\",\"isPartOf\":{\"@id\":\"https:\\\/\\\/www.comprarmejor.es\\\/en\\\/#website\"},\"primaryImageOfPage\":{\"@id\":\"https:\\\/\\\/www.comprarmejor.es\\\/en\\\/product\\\/mini-bookcase-with-7-beautiful-little-books-assorted-themes\\\/#primaryimage\"},\"image\":{\"@id\":\"https:\\\/\\\/www.comprarmejor.es\\\/en\\\/product\\\/mini-bookcase-with-7-beautiful-little-books-assorted-themes\\\/#primaryimage\"},\"thumbnailUrl\":\"https:\\\/\\\/www.comprarmejor.es\\\/wp-content\\\/uploads\\\/2015\\\/12\\\/ML7L-3.jpg\",\"datePublished\":\"2015-12-28T13:11:29+00:00\",\"dateModified\":\"2023-07-08T09:50:41+00:00\",\"description\":\"Mini bookstore with 7 little books published by the Peruvian publisher \\\"The Smallest Books in the World\\\". Various themes. See the detail.\",\"breadcrumb\":{\"@id\":\"https:\\\/\\\/www.comprarmejor.es\\\/en\\\/product\\\/mini-bookcase-with-7-beautiful-little-books-assorted-themes\\\/#breadcrumb\"},\"inLanguage\":\"en-US\",\"potentialAction\":[{\"@type\":\"ReadAction\",\"target\":[\"https:\\\/\\\/www.comprarmejor.es\\\/en\\\/product\\\/mini-bookcase-with-7-beautiful-little-books-assorted-themes\\\/\"]}]},{\"@type\":\"ImageObject\",\"inLanguage\":\"en-US\",\"@id\":\"https:\\\/\\\/www.comprarmejor.es\\\/en\\\/product\\\/mini-bookcase-with-7-beautiful-little-books-assorted-themes\\\/#primaryimage\",\"url\":\"https:\\\/\\\/www.comprarmejor.es\\\/wp-content\\\/uploads\\\/2015\\\/12\\\/ML7L-3.jpg\",\"contentUrl\":\"https:\\\/\\\/www.comprarmejor.es\\\/wp-content\\\/uploads\\\/2015\\\/12\\\/ML7L-3.jpg\",\"width\":576,\"height\":744},{\"@type\":\"BreadcrumbList\",\"@id\":\"https:\\\/\\\/www.comprarmejor.es\\\/en\\\/product\\\/mini-bookcase-with-7-beautiful-little-books-assorted-themes\\\/#breadcrumb\",\"itemListElement\":[{\"@type\":\"ListItem\",\"position\":1,\"name\":\"Portada\",\"item\":\"https:\\\/\\\/www.comprarmejor.es\\\/en\\\/\"},{\"@type\":\"ListItem\",\"position\":2,\"name\":\"Shop\",\"item\":\"https:\\\/\\\/www.comprarmejor.es\\\/en\\\/shop\\\/\"},{\"@type\":\"ListItem\",\"position\":3,\"name\":\"Mini bookcase with 7 beautiful little books (assorted themes)\"}]},{\"@type\":\"WebSite\",\"@id\":\"https:\\\/\\\/www.comprarmejor.es\\\/en\\\/#website\",\"url\":\"https:\\\/\\\/www.comprarmejor.es\\\/en\\\/\",\"name\":\"ComprarMejor\",\"description\":\"ComprarMejor\",\"publisher\":{\"@id\":\"https:\\\/\\\/www.comprarmejor.es\\\/en\\\/#organization\"},\"potentialAction\":[{\"@type\":\"SearchAction\",\"target\":{\"@type\":\"EntryPoint\",\"urlTemplate\":\"https:\\\/\\\/www.comprarmejor.es\\\/en\\\/?s={search_term_string}\"},\"query-input\":{\"@type\":\"PropertyValueSpecification\",\"valueRequired\":true,\"valueName\":\"search_term_string\"}}],\"inLanguage\":\"en-US\"},{\"@type\":\"Organization\",\"@id\":\"https:\\\/\\\/www.comprarmejor.es\\\/en\\\/#organization\",\"name\":\"COMPRAR MEJOR\",\"url\":\"https:\\\/\\\/www.comprarmejor.es\\\/en\\\/\",\"logo\":{\"@type\":\"ImageObject\",\"inLanguage\":\"en-US\",\"@id\":\"https:\\\/\\\/www.comprarmejor.es\\\/en\\\/#\\\/schema\\\/logo\\\/image\\\/\",\"url\":\"https:\\\/\\\/www.comprarmejor.es\\\/wp-content\\\/uploads\\\/2025\\\/09\\\/comprarmejortrinidad.jpg\",\"contentUrl\":\"https:\\\/\\\/www.comprarmejor.es\\\/wp-content\\\/uploads\\\/2025\\\/09\\\/comprarmejortrinidad.jpg\",\"width\":1022,\"height\":1380,\"caption\":\"COMPRAR MEJOR\"},\"image\":{\"@id\":\"https:\\\/\\\/www.comprarmejor.es\\\/en\\\/#\\\/schema\\\/logo\\\/image\\\/\"},\"sameAs\":[\"https:\\\/\\\/www.instagram.com\\\/amigosdelcodice\"]}]}<\/script>\n<!-- \/ Yoast SEO plugin. -->","yoast_head_json":{"title":"Mini bookcase with 7 beautiful little books (assorted themes)","description":"Mini bookstore with 7 little books published by the Peruvian publisher \"The Smallest Books in the World\". Various themes. See the detail.","robots":{"index":"index","follow":"follow","max-snippet":"max-snippet:-1","max-image-preview":"max-image-preview:large","max-video-preview":"max-video-preview:-1"},"canonical":"https:\/\/www.comprarmejor.es\/en\/product\/mini-bookcase-with-7-beautiful-little-books-assorted-themes\/","og_locale":"en_US","og_type":"article","og_title":"Mini bookcase with 7 beautiful little books (assorted themes)","og_description":"Mini bookstore with 7 little books published by the Peruvian publisher \"The Smallest Books in the World\". Various themes. See the detail.","og_url":"https:\/\/www.comprarmejor.es\/en\/product\/mini-bookcase-with-7-beautiful-little-books-assorted-themes\/","og_site_name":"ComprarMejor","article_modified_time":"2023-07-08T09:50:41+00:00","og_image":[{"width":576,"height":744,"url":"https:\/\/www.comprarmejor.es\/wp-content\/uploads\/2015\/12\/ML7L-3.jpg","type":"image\/jpeg"}],"twitter_card":"summary_large_image","twitter_misc":{"Est. reading time":"1 minute"},"schema":{"@context":"https:\/\/schema.org","@graph":[{"@type":"WebPage","@id":"https:\/\/www.comprarmejor.es\/en\/product\/mini-bookcase-with-7-beautiful-little-books-assorted-themes\/","url":"https:\/\/www.comprarmejor.es\/en\/product\/mini-bookcase-with-7-beautiful-little-books-assorted-themes\/","name":"Mini bookcase with 7 beautiful little books (assorted themes)","isPartOf":{"@id":"https:\/\/www.comprarmejor.es\/en\/#website"},"primaryImageOfPage":{"@id":"https:\/\/www.comprarmejor.es\/en\/product\/mini-bookcase-with-7-beautiful-little-books-assorted-themes\/#primaryimage"},"image":{"@id":"https:\/\/www.comprarmejor.es\/en\/product\/mini-bookcase-with-7-beautiful-little-books-assorted-themes\/#primaryimage"},"thumbnailUrl":"https:\/\/www.comprarmejor.es\/wp-content\/uploads\/2015\/12\/ML7L-3.jpg","datePublished":"2015-12-28T13:11:29+00:00","dateModified":"2023-07-08T09:50:41+00:00","description":"Mini bookstore with 7 little books published by the Peruvian publisher \"The Smallest Books in the World\". Various themes. See the detail.","breadcrumb":{"@id":"https:\/\/www.comprarmejor.es\/en\/product\/mini-bookcase-with-7-beautiful-little-books-assorted-themes\/#breadcrumb"},"inLanguage":"en-US","potentialAction":[{"@type":"ReadAction","target":["https:\/\/www.comprarmejor.es\/en\/product\/mini-bookcase-with-7-beautiful-little-books-assorted-themes\/"]}]},{"@type":"ImageObject","inLanguage":"en-US","@id":"https:\/\/www.comprarmejor.es\/en\/product\/mini-bookcase-with-7-beautiful-little-books-assorted-themes\/#primaryimage","url":"https:\/\/www.comprarmejor.es\/wp-content\/uploads\/2015\/12\/ML7L-3.jpg","contentUrl":"https:\/\/www.comprarmejor.es\/wp-content\/uploads\/2015\/12\/ML7L-3.jpg","width":576,"height":744},{"@type":"BreadcrumbList","@id":"https:\/\/www.comprarmejor.es\/en\/product\/mini-bookcase-with-7-beautiful-little-books-assorted-themes\/#breadcrumb","itemListElement":[{"@type":"ListItem","position":1,"name":"Portada","item":"https:\/\/www.comprarmejor.es\/en\/"},{"@type":"ListItem","position":2,"name":"Shop","item":"https:\/\/www.comprarmejor.es\/en\/shop\/"},{"@type":"ListItem","position":3,"name":"Mini bookcase with 7 beautiful little books (assorted themes)"}]},{"@type":"WebSite","@id":"https:\/\/www.comprarmejor.es\/en\/#website","url":"https:\/\/www.comprarmejor.es\/en\/","name":"ComprarMejor","description":"ComprarMejor","publisher":{"@id":"https:\/\/www.comprarmejor.es\/en\/#organization"},"potentialAction":[{"@type":"SearchAction","target":{"@type":"EntryPoint","urlTemplate":"https:\/\/www.comprarmejor.es\/en\/?s={search_term_string}"},"query-input":{"@type":"PropertyValueSpecification","valueRequired":true,"valueName":"search_term_string"}}],"inLanguage":"en-US"},{"@type":"Organization","@id":"https:\/\/www.comprarmejor.es\/en\/#organization","name":"COMPRAR MEJOR","url":"https:\/\/www.comprarmejor.es\/en\/","logo":{"@type":"ImageObject","inLanguage":"en-US","@id":"https:\/\/www.comprarmejor.es\/en\/#\/schema\/logo\/image\/","url":"https:\/\/www.comprarmejor.es\/wp-content\/uploads\/2025\/09\/comprarmejortrinidad.jpg","contentUrl":"https:\/\/www.comprarmejor.es\/wp-content\/uploads\/2025\/09\/comprarmejortrinidad.jpg","width":1022,"height":1380,"caption":"COMPRAR MEJOR"},"image":{"@id":"https:\/\/www.comprarmejor.es\/en\/#\/schema\/logo\/image\/"},"sameAs":["https:\/\/www.instagram.com\/amigosdelcodice"]}]}},"_links":{"self":[{"href":"https:\/\/www.comprarmejor.es\/en\/wp-json\/wp\/v2\/product\/50821","targetHints":{"allow":["GET"]}}],"collection":[{"href":"https:\/\/www.comprarmejor.es\/en\/wp-json\/wp\/v2\/product"}],"about":[{"href":"https:\/\/www.comprarmejor.es\/en\/wp-json\/wp\/v2\/types\/product"}],"wp:featuredmedia":[{"embeddable":true,"href":"https:\/\/www.comprarmejor.es\/en\/wp-json\/wp\/v2\/media\/88743"}],"wp:attachment":[{"href":"https:\/\/www.comprarmejor.es\/en\/wp-json\/wp\/v2\/media?parent=50821"}],"wp:term":[{"taxonomy":"product_brand","embeddable":true,"href":"https:\/\/www.comprarmejor.es\/en\/wp-json\/wp\/v2\/product_brand?post=50821"},{"taxonomy":"product_cat","embeddable":true,"href":"https:\/\/www.comprarmejor.es\/en\/wp-json\/wp\/v2\/product_cat?post=50821"},{"taxonomy":"product_tag","embeddable":true,"href":"https:\/\/www.comprarmejor.es\/en\/wp-json\/wp\/v2\/product_tag?post=50821"}],"curies":[{"name":"wp","href":"https:\/\/api.w.org\/{rel}","templated":true}]}}