{"id":50871,"date":"2015-12-28T23:50:39","date_gmt":"2015-12-28T22:50:39","guid":{"rendered":"https:\/\/www.comprarmejor.es\/producto\/compendium-of-medicine-juan-de-ketham-venice-1500\/"},"modified":"2022-05-10T23:51:25","modified_gmt":"2022-05-10T21:51:25","slug":"star-wars-1-and-2-trilogies-10-dvd-ed-2001-2004","status":"publish","type":"product","link":"https:\/\/www.comprarmejor.es\/en\/product\/star-wars-1-and-2-trilogies-10-dvd-ed-2001-2004\/","title":{"rendered":"Star Wars, 1 and 2 Trilogies, 10 DVD, ed. 2001-2004"},"content":{"rendered":"<p style=\"text-align: justify;\"><strong>Star Wars<\/strong>, first and second complete trilogies, in THX digitally mastered version of image and sound, edited between 2001 and 2004. 7 cases with 10 DVDs in perfect condition, unused.<\/p>\n<p style=\"text-align: justify;\">These DVDs correspond to the original trilogy (the second) and the first (made 16 years later), with which its creator George Lucas says goodbye to the most important franchise in the galaxy, something unthinkable for him and for everyone who It started back in 1977 and left millions of fans excited about a galaxy far, far away&#8230;<\/p>\n<p style=\"text-align: justify;\">Episode I: The Phantom Menace. Released in 1999. 130 minutes.<br \/>\nEAN: 8420266227331. 2 discs. Languages: Spanish and English. Subtitles: English and Spanish.<\/p>\n<p style=\"text-align: justify;\">Episode II: Attack of the clones. Released in 2002. 137 minutes.<br \/>\nEAN: 8420266994646. 2 discs. Languages: Spanish and English. Subtitles: English and Spanish.<\/p>\n<p style=\"text-align: justify;\">Episode III: Revenge of the Sith. Released in 2005. 134 minutes.<br \/>\nEAN: 8420266924087. 2 discs. Languages: Spanish, English and Catalan. Subtitles: English, Spanish and Catalan.<\/p>\n<p style=\"text-align: justify;\">Episode IV: A new hope. Released in 1977. 120 minutes.<br \/>\n1 disc published in 2004. Languages: Spanish and English. Subtitles: English and Spanish.<\/p>\n<p style=\"text-align: justify;\">Episode V: The Empire Strikes Back. Released in 1980. 124 minutes.<br \/>\n1 disc published in 2004. Languages: Spanish and English. Subtitles: English and Spanish.<\/p>\n<p style=\"text-align: justify;\">Episode VI: Return of the Jedi. Released in 1983. 131 minutes.<br \/>\n1 disc published in 2004. Languages: Spanish and English. Subtitles: English and Spanish.<\/p>\n<p style=\"text-align: justify;\">Star Wars trilogy: additional contents. 254 minutes.<br \/>\n1 disc released in 2004 with additional content on the original trilogy, interviews and documentaries of the process that gave rise to the legend of &#8220;In a galaxy far, far away&#8230;&#8221;<\/p>\n<p style=\"text-align: justify;\"><span title=\"Gastos de env\u00edo por cuenta del comprador, seg\u00fan pedido y destino.\"><span class=\"VIiyi\" lang=\"en\"><span class=\"JLqJ4b\" data-language-for-alternatives=\"en\" data-language-to-translate-into=\"es\" data-phrase-index=\"0\" data-number-of-phrases=\"1\"><span class=\"Q4iAWc\">Shipping costs paid by the buyer, according to order and destination<\/span><\/span><\/span>. <\/span><span title=\"Cons\u00faltenos cualquier duda, as\u00ed como por cualquier otra obra, facs\u00edmile o art\u00edculo que est\u00e9 buscando.\"><a class=\"btn btn-default\" href=\"https:\/\/www.comprarmejor.es\/en\/contact\">Ask us<\/a> <span class=\"VIiyi\" lang=\"en\"><span class=\"JLqJ4b\" data-language-for-alternatives=\"en\" data-language-to-translate-into=\"es\" data-phrase-index=\"0\" data-number-of-phrases=\"1\"><span class=\"Q4iAWc\">any questions you may have, indicating the article reference.<\/span><\/span><\/span><br \/>\n<\/span><\/p>\n","protected":false},"excerpt":{"rendered":"<p style=\"text-align: justify;\"><span id=\"result_box\" lang=\"en\" xml:lang=\"en\"><span title=\"En perfecto estado.\"><span lang=\"en\" xml:lang=\"en\"><span title=\"En perfecto estado.\"><span lang=\"en\" xml:lang=\"en\"><span title=\"Textos en lat\u00edn y espa\u00f1ol.\"><span class=\"VIiyi\" lang=\"en\"><span class=\"JLqJ4b\" data-language-for-alternatives=\"en\" data-language-to-translate-into=\"es\" data-phrase-index=\"0\" data-number-of-phrases=\"1\"><span class=\"Q4iAWc\">Star Wars, first and second complete trilogies, in THX digitally mastered version of image and sound, edited between 2001 and 2004.<\/span><\/span><\/span><\/span><\/span><\/span><\/span><\/span><\/span><\/p>\n","protected":false},"featured_media":75674,"template":"","meta":[],"product_brand":[],"product_cat":[2262],"product_tag":[5100],"class_list":{"0":"post-50871","1":"product","2":"type-product","3":"status-publish","4":"has-post-thumbnail","6":"product_cat-cd-dvd-brd","7":"product_tag-dvd-en","8":"product_shipping_class-from-2-to-5-kg","9":"description-off","11":"first","12":"instock","13":"sale","14":"taxable","15":"shipping-taxable","16":"purchasable","17":"product-type-simple"},"yoast_head":"<!-- This site is optimized with the Yoast SEO plugin v27.3 - https:\/\/yoast.com\/product\/yoast-seo-wordpress\/ -->\n<title>Star Wars, 1 and 2 Trilogies, 10 DVD, ed. 2001-2004<\/title>\n<meta name=\"description\" content=\"Star Wars, first and second complete trilogies, in THX digitally mastered version of image and sound, edited between 2001 and 2004.\" \/>\n<meta name=\"robots\" content=\"index, follow, max-snippet:-1, max-image-preview:large, max-video-preview:-1\" \/>\n<link rel=\"canonical\" href=\"https:\/\/www.comprarmejor.es\/en\/product\/star-wars-1-and-2-trilogies-10-dvd-ed-2001-2004\/\" \/>\n<meta property=\"og:locale\" content=\"en_US\" \/>\n<meta property=\"og:type\" content=\"article\" \/>\n<meta property=\"og:title\" content=\"Star Wars, 1 and 2 Trilogies, 10 DVD, ed. 2001-2004\" \/>\n<meta property=\"og:description\" content=\"Star Wars, first and second complete trilogies, in THX digitally mastered version of image and sound, edited between 2001 and 2004.\" \/>\n<meta property=\"og:url\" content=\"https:\/\/www.comprarmejor.es\/en\/product\/star-wars-1-and-2-trilogies-10-dvd-ed-2001-2004\/\" \/>\n<meta property=\"og:site_name\" content=\"ComprarMejor\" \/>\n<meta property=\"article:modified_time\" content=\"2022-05-10T21:51:25+00:00\" \/>\n<meta property=\"og:image\" content=\"https:\/\/www.comprarmejor.es\/wp-content\/uploads\/2015\/12\/Star-Wars-1.jpg\" \/>\n\t<meta property=\"og:image:width\" content=\"461\" \/>\n\t<meta property=\"og:image:height\" content=\"600\" \/>\n\t<meta property=\"og:image:type\" content=\"image\/jpeg\" \/>\n<meta name=\"twitter:card\" content=\"summary_large_image\" \/>\n<meta name=\"twitter:label1\" content=\"Est. reading time\" \/>\n\t<meta name=\"twitter:data1\" content=\"1 minute\" \/>\n<script type=\"application\/ld+json\" class=\"yoast-schema-graph\">{\"@context\":\"https:\\\/\\\/schema.org\",\"@graph\":[{\"@type\":\"WebPage\",\"@id\":\"https:\\\/\\\/www.comprarmejor.es\\\/en\\\/product\\\/star-wars-1-and-2-trilogies-10-dvd-ed-2001-2004\\\/\",\"url\":\"https:\\\/\\\/www.comprarmejor.es\\\/en\\\/product\\\/star-wars-1-and-2-trilogies-10-dvd-ed-2001-2004\\\/\",\"name\":\"Star Wars, 1 and 2 Trilogies, 10 DVD, ed. 2001-2004\",\"isPartOf\":{\"@id\":\"https:\\\/\\\/www.comprarmejor.es\\\/en\\\/#website\"},\"primaryImageOfPage\":{\"@id\":\"https:\\\/\\\/www.comprarmejor.es\\\/en\\\/product\\\/star-wars-1-and-2-trilogies-10-dvd-ed-2001-2004\\\/#primaryimage\"},\"image\":{\"@id\":\"https:\\\/\\\/www.comprarmejor.es\\\/en\\\/product\\\/star-wars-1-and-2-trilogies-10-dvd-ed-2001-2004\\\/#primaryimage\"},\"thumbnailUrl\":\"https:\\\/\\\/www.comprarmejor.es\\\/wp-content\\\/uploads\\\/2015\\\/12\\\/Star-Wars-1.jpg\",\"datePublished\":\"2015-12-28T22:50:39+00:00\",\"dateModified\":\"2022-05-10T21:51:25+00:00\",\"description\":\"Star Wars, first and second complete trilogies, in THX digitally mastered version of image and sound, edited between 2001 and 2004.\",\"breadcrumb\":{\"@id\":\"https:\\\/\\\/www.comprarmejor.es\\\/en\\\/product\\\/star-wars-1-and-2-trilogies-10-dvd-ed-2001-2004\\\/#breadcrumb\"},\"inLanguage\":\"en-US\",\"potentialAction\":[{\"@type\":\"ReadAction\",\"target\":[\"https:\\\/\\\/www.comprarmejor.es\\\/en\\\/product\\\/star-wars-1-and-2-trilogies-10-dvd-ed-2001-2004\\\/\"]}]},{\"@type\":\"ImageObject\",\"inLanguage\":\"en-US\",\"@id\":\"https:\\\/\\\/www.comprarmejor.es\\\/en\\\/product\\\/star-wars-1-and-2-trilogies-10-dvd-ed-2001-2004\\\/#primaryimage\",\"url\":\"https:\\\/\\\/www.comprarmejor.es\\\/wp-content\\\/uploads\\\/2015\\\/12\\\/Star-Wars-1.jpg\",\"contentUrl\":\"https:\\\/\\\/www.comprarmejor.es\\\/wp-content\\\/uploads\\\/2015\\\/12\\\/Star-Wars-1.jpg\",\"width\":461,\"height\":600},{\"@type\":\"BreadcrumbList\",\"@id\":\"https:\\\/\\\/www.comprarmejor.es\\\/en\\\/product\\\/star-wars-1-and-2-trilogies-10-dvd-ed-2001-2004\\\/#breadcrumb\",\"itemListElement\":[{\"@type\":\"ListItem\",\"position\":1,\"name\":\"Portada\",\"item\":\"https:\\\/\\\/www.comprarmejor.es\\\/en\\\/\"},{\"@type\":\"ListItem\",\"position\":2,\"name\":\"Shop\",\"item\":\"https:\\\/\\\/www.comprarmejor.es\\\/en\\\/shop\\\/\"},{\"@type\":\"ListItem\",\"position\":3,\"name\":\"Star Wars, 1 and 2 Trilogies, 10 DVD, ed. 2001-2004\"}]},{\"@type\":\"WebSite\",\"@id\":\"https:\\\/\\\/www.comprarmejor.es\\\/en\\\/#website\",\"url\":\"https:\\\/\\\/www.comprarmejor.es\\\/en\\\/\",\"name\":\"ComprarMejor\",\"description\":\"ComprarMejor\",\"publisher\":{\"@id\":\"https:\\\/\\\/www.comprarmejor.es\\\/en\\\/#organization\"},\"potentialAction\":[{\"@type\":\"SearchAction\",\"target\":{\"@type\":\"EntryPoint\",\"urlTemplate\":\"https:\\\/\\\/www.comprarmejor.es\\\/en\\\/?s={search_term_string}\"},\"query-input\":{\"@type\":\"PropertyValueSpecification\",\"valueRequired\":true,\"valueName\":\"search_term_string\"}}],\"inLanguage\":\"en-US\"},{\"@type\":\"Organization\",\"@id\":\"https:\\\/\\\/www.comprarmejor.es\\\/en\\\/#organization\",\"name\":\"COMPRAR MEJOR\",\"url\":\"https:\\\/\\\/www.comprarmejor.es\\\/en\\\/\",\"logo\":{\"@type\":\"ImageObject\",\"inLanguage\":\"en-US\",\"@id\":\"https:\\\/\\\/www.comprarmejor.es\\\/en\\\/#\\\/schema\\\/logo\\\/image\\\/\",\"url\":\"https:\\\/\\\/www.comprarmejor.es\\\/wp-content\\\/uploads\\\/2025\\\/09\\\/comprarmejortrinidad.jpg\",\"contentUrl\":\"https:\\\/\\\/www.comprarmejor.es\\\/wp-content\\\/uploads\\\/2025\\\/09\\\/comprarmejortrinidad.jpg\",\"width\":1022,\"height\":1380,\"caption\":\"COMPRAR MEJOR\"},\"image\":{\"@id\":\"https:\\\/\\\/www.comprarmejor.es\\\/en\\\/#\\\/schema\\\/logo\\\/image\\\/\"},\"sameAs\":[\"https:\\\/\\\/www.instagram.com\\\/amigosdelcodice\"]}]}<\/script>\n<!-- \/ Yoast SEO plugin. -->","yoast_head_json":{"title":"Star Wars, 1 and 2 Trilogies, 10 DVD, ed. 2001-2004","description":"Star Wars, first and second complete trilogies, in THX digitally mastered version of image and sound, edited between 2001 and 2004.","robots":{"index":"index","follow":"follow","max-snippet":"max-snippet:-1","max-image-preview":"max-image-preview:large","max-video-preview":"max-video-preview:-1"},"canonical":"https:\/\/www.comprarmejor.es\/en\/product\/star-wars-1-and-2-trilogies-10-dvd-ed-2001-2004\/","og_locale":"en_US","og_type":"article","og_title":"Star Wars, 1 and 2 Trilogies, 10 DVD, ed. 2001-2004","og_description":"Star Wars, first and second complete trilogies, in THX digitally mastered version of image and sound, edited between 2001 and 2004.","og_url":"https:\/\/www.comprarmejor.es\/en\/product\/star-wars-1-and-2-trilogies-10-dvd-ed-2001-2004\/","og_site_name":"ComprarMejor","article_modified_time":"2022-05-10T21:51:25+00:00","og_image":[{"width":461,"height":600,"url":"https:\/\/www.comprarmejor.es\/wp-content\/uploads\/2015\/12\/Star-Wars-1.jpg","type":"image\/jpeg"}],"twitter_card":"summary_large_image","twitter_misc":{"Est. reading time":"1 minute"},"schema":{"@context":"https:\/\/schema.org","@graph":[{"@type":"WebPage","@id":"https:\/\/www.comprarmejor.es\/en\/product\/star-wars-1-and-2-trilogies-10-dvd-ed-2001-2004\/","url":"https:\/\/www.comprarmejor.es\/en\/product\/star-wars-1-and-2-trilogies-10-dvd-ed-2001-2004\/","name":"Star Wars, 1 and 2 Trilogies, 10 DVD, ed. 2001-2004","isPartOf":{"@id":"https:\/\/www.comprarmejor.es\/en\/#website"},"primaryImageOfPage":{"@id":"https:\/\/www.comprarmejor.es\/en\/product\/star-wars-1-and-2-trilogies-10-dvd-ed-2001-2004\/#primaryimage"},"image":{"@id":"https:\/\/www.comprarmejor.es\/en\/product\/star-wars-1-and-2-trilogies-10-dvd-ed-2001-2004\/#primaryimage"},"thumbnailUrl":"https:\/\/www.comprarmejor.es\/wp-content\/uploads\/2015\/12\/Star-Wars-1.jpg","datePublished":"2015-12-28T22:50:39+00:00","dateModified":"2022-05-10T21:51:25+00:00","description":"Star Wars, first and second complete trilogies, in THX digitally mastered version of image and sound, edited between 2001 and 2004.","breadcrumb":{"@id":"https:\/\/www.comprarmejor.es\/en\/product\/star-wars-1-and-2-trilogies-10-dvd-ed-2001-2004\/#breadcrumb"},"inLanguage":"en-US","potentialAction":[{"@type":"ReadAction","target":["https:\/\/www.comprarmejor.es\/en\/product\/star-wars-1-and-2-trilogies-10-dvd-ed-2001-2004\/"]}]},{"@type":"ImageObject","inLanguage":"en-US","@id":"https:\/\/www.comprarmejor.es\/en\/product\/star-wars-1-and-2-trilogies-10-dvd-ed-2001-2004\/#primaryimage","url":"https:\/\/www.comprarmejor.es\/wp-content\/uploads\/2015\/12\/Star-Wars-1.jpg","contentUrl":"https:\/\/www.comprarmejor.es\/wp-content\/uploads\/2015\/12\/Star-Wars-1.jpg","width":461,"height":600},{"@type":"BreadcrumbList","@id":"https:\/\/www.comprarmejor.es\/en\/product\/star-wars-1-and-2-trilogies-10-dvd-ed-2001-2004\/#breadcrumb","itemListElement":[{"@type":"ListItem","position":1,"name":"Portada","item":"https:\/\/www.comprarmejor.es\/en\/"},{"@type":"ListItem","position":2,"name":"Shop","item":"https:\/\/www.comprarmejor.es\/en\/shop\/"},{"@type":"ListItem","position":3,"name":"Star Wars, 1 and 2 Trilogies, 10 DVD, ed. 2001-2004"}]},{"@type":"WebSite","@id":"https:\/\/www.comprarmejor.es\/en\/#website","url":"https:\/\/www.comprarmejor.es\/en\/","name":"ComprarMejor","description":"ComprarMejor","publisher":{"@id":"https:\/\/www.comprarmejor.es\/en\/#organization"},"potentialAction":[{"@type":"SearchAction","target":{"@type":"EntryPoint","urlTemplate":"https:\/\/www.comprarmejor.es\/en\/?s={search_term_string}"},"query-input":{"@type":"PropertyValueSpecification","valueRequired":true,"valueName":"search_term_string"}}],"inLanguage":"en-US"},{"@type":"Organization","@id":"https:\/\/www.comprarmejor.es\/en\/#organization","name":"COMPRAR MEJOR","url":"https:\/\/www.comprarmejor.es\/en\/","logo":{"@type":"ImageObject","inLanguage":"en-US","@id":"https:\/\/www.comprarmejor.es\/en\/#\/schema\/logo\/image\/","url":"https:\/\/www.comprarmejor.es\/wp-content\/uploads\/2025\/09\/comprarmejortrinidad.jpg","contentUrl":"https:\/\/www.comprarmejor.es\/wp-content\/uploads\/2025\/09\/comprarmejortrinidad.jpg","width":1022,"height":1380,"caption":"COMPRAR MEJOR"},"image":{"@id":"https:\/\/www.comprarmejor.es\/en\/#\/schema\/logo\/image\/"},"sameAs":["https:\/\/www.instagram.com\/amigosdelcodice"]}]}},"_links":{"self":[{"href":"https:\/\/www.comprarmejor.es\/en\/wp-json\/wp\/v2\/product\/50871","targetHints":{"allow":["GET"]}}],"collection":[{"href":"https:\/\/www.comprarmejor.es\/en\/wp-json\/wp\/v2\/product"}],"about":[{"href":"https:\/\/www.comprarmejor.es\/en\/wp-json\/wp\/v2\/types\/product"}],"wp:featuredmedia":[{"embeddable":true,"href":"https:\/\/www.comprarmejor.es\/en\/wp-json\/wp\/v2\/media\/75674"}],"wp:attachment":[{"href":"https:\/\/www.comprarmejor.es\/en\/wp-json\/wp\/v2\/media?parent=50871"}],"wp:term":[{"taxonomy":"product_brand","embeddable":true,"href":"https:\/\/www.comprarmejor.es\/en\/wp-json\/wp\/v2\/product_brand?post=50871"},{"taxonomy":"product_cat","embeddable":true,"href":"https:\/\/www.comprarmejor.es\/en\/wp-json\/wp\/v2\/product_cat?post=50871"},{"taxonomy":"product_tag","embeddable":true,"href":"https:\/\/www.comprarmejor.es\/en\/wp-json\/wp\/v2\/product_tag?post=50871"}],"curies":[{"name":"wp","href":"https:\/\/api.w.org\/{rel}","templated":true}]}}