{"id":50887,"date":"2015-12-29T13:40:55","date_gmt":"2015-12-29T12:40:55","guid":{"rendered":"https:\/\/www.comprarmejor.es\/producto\/la-corbata-the-tie-miniature-book-luxury\/"},"modified":"2019-09-11T12:59:39","modified_gmt":"2019-09-11T10:59:39","slug":"la-corbata-the-tie-miniature-book-luxury","status":"publish","type":"product","link":"https:\/\/www.comprarmejor.es\/en\/product\/la-corbata-the-tie-miniature-book-luxury\/","title":{"rendered":"La corbata &#8211; The tie (Miniature Book luxury)"},"content":{"rendered":"<p style=\"text-align:justify;\"><span id=\"result_box\" lang=\"en\" xml:lang=\"en\"><span title=\"Primera edici\u00f3n especial realizada en formato de libro miniatura, mini libro o librito.\">First special edition in book format miniature, mini book or booklet. <\/span><span title=\"La corbata, escrito en biling\u00fce espa\u00f1ol e ingl\u00e9s y encuadernado en tela en forma de camisa y corbata.\">Tie, written in Spanish and English bilingual clothbound in a shirt and tie.<\/p>\n<p><\/span><span title=\"Editado en 2015 por el notario de Marbella don Manuel Garc\u00eda de Fuentes Churruca, tama\u00f1o 5 x 7 cm.\">Published in 2015 by the notary of Marbella Manuel Garcia Fuentes Churruca, size 5 x 7 cm. <\/span><span title=\"78 p\u00e1ginas.\">78 pages.<\/p>\n<p><\/span><span title=\"Contiene la historia de la corbata, las normas para vestirla y combinarla adecuadamente, as\u00ed como sus diferentes nudos.\">Contains the history of the tie, the rules for dress and properly combine and different knots. <\/span><span title=\"Dibujos, gr\u00e1ficos y fotos a color.\">Drawings, graphics and color photos.<\/p>\n<p><\/span><span title=\"Curiosa y bella encuadernaci\u00f3n (una verdadera moner\u00eda) en tapa dura forrada de tela simulando una camisa con su corbata y su pillacorbata.\">Beautiful curious binding (a real cuteness) hardcover lined fabric simulating a shirt with his tie and pillacorbata. <\/span><span title=\"Se acompa\u00f1a de una cajita protectora para una mejor protecci\u00f3n del librito y con tapa transparente.\">It comes with a protective box for better protection of the booklet and transparent cover.<\/p>\n<p><\/span><span title=\"Para una mejor lectura se entrega otro libro de mayor tama\u00f1o, en forma de cuaderno anillado, con el mismo texto e im\u00e1genes del librito, en tama\u00f1o 16 x 21 cm.\">For a better reading another book larger ships, as ringed notebook, with the same text and images of the booklet, in size 16 x 21 cm.<\/p>\n<p><\/span><span title=\"Tanto el librito como el libreto en perfecto estado.\">Both the book and the script in perfect condition. <\/span><span title=\"\u00danico ejemplar disponible.\">Single copy available.<\/p>\n<p><\/span><span title=\"Gastos de env\u00edo por cuenta del comprador, seg\u00fan pedido y destino.\">Shipping by the buyer, upon request and destination.\u00a0<\/span><span title=\"Cons\u00faltenos cualquier duda, as\u00ed como por cualquier otra obra, facs\u00edmile o art\u00edculo que est\u00e9 buscando.\"><a class=\"btn btn-default\" href=\"http:\/\/comprarmejor.es\/en\/contact\">Ask us<\/a> any questions as well as any other work, fax or item he seeks.<\/span><\/span><\/p>\n","protected":false},"excerpt":{"rendered":"<p style=\"text-align:justify;\"><span id=\"result_box\" lang=\"en\" xml:lang=\"en\"><span title=\"Primera edici\u00f3n especial realizada en formato de libro miniatura, mini libro o librito.\">First special edition in book format miniature, mini book or booklet. <\/span><span title=\"La corbata, escrito en biling\u00fce espa\u00f1ol e ingl\u00e9s y encuadernado en tela en forma de camisa y corbata.\">Tie, written in Spanish and English bilingual clothbound in a shirt and tie.<\/span><\/span><\/p>\n","protected":false},"featured_media":50873,"template":"","meta":[],"product_brand":[],"product_cat":[2210,5118,2242],"product_tag":[4671,5157,5158],"class_list":{"0":"post-50887","1":"product","2":"type-product","3":"status-publish","4":"has-post-thumbnail","6":"product_cat-bibliophilia","7":"product_cat-bindings","8":"product_cat-first-editions","9":"product_tag-churruca-en","10":"product_tag-mini-book-en","11":"product_tag-librito-en","12":"product_shipping_class-from-0-to-1-kg","13":"description-off","15":"first","16":"instock","17":"sale","18":"taxable","19":"shipping-taxable","20":"purchasable","21":"product-type-simple"},"yoast_head":"<!-- This site is optimized with the Yoast SEO plugin v27.3 - https:\/\/yoast.com\/product\/yoast-seo-wordpress\/ -->\n<title>La corbata - The tie (Miniature Book luxury)<\/title>\n<meta name=\"description\" content=\"First special edition in book format miniature, mini book or booklet. Tie, written in Spanish and English bilingual clothbound in a shirt and tie.\" \/>\n<meta name=\"robots\" content=\"index, follow, max-snippet:-1, max-image-preview:large, max-video-preview:-1\" \/>\n<link rel=\"canonical\" href=\"https:\/\/www.comprarmejor.es\/en\/product\/la-corbata-the-tie-miniature-book-luxury\/\" \/>\n<meta property=\"og:locale\" content=\"en_US\" \/>\n<meta property=\"og:type\" content=\"article\" \/>\n<meta property=\"og:title\" content=\"La corbata - The tie (Miniature Book luxury)\" \/>\n<meta property=\"og:description\" content=\"First special edition in book format miniature, mini book or booklet. Tie, written in Spanish and English bilingual clothbound in a shirt and tie.\" \/>\n<meta property=\"og:url\" content=\"https:\/\/www.comprarmejor.es\/en\/product\/la-corbata-the-tie-miniature-book-luxury\/\" \/>\n<meta property=\"og:site_name\" content=\"ComprarMejor\" \/>\n<meta property=\"article:modified_time\" content=\"2019-09-11T10:59:39+00:00\" \/>\n<meta property=\"og:image\" content=\"https:\/\/www.comprarmejor.es\/wp-content\/uploads\/2015\/12\/p_2_1_8_4_2184-La-corbata-The-tie-libro-miniatura.jpg\" \/>\n\t<meta property=\"og:image:width\" content=\"600\" \/>\n\t<meta property=\"og:image:height\" content=\"564\" \/>\n\t<meta property=\"og:image:type\" content=\"image\/jpeg\" \/>\n<meta name=\"twitter:card\" content=\"summary_large_image\" \/>\n<meta name=\"twitter:label1\" content=\"Est. reading time\" \/>\n\t<meta name=\"twitter:data1\" content=\"1 minute\" \/>\n<script type=\"application\/ld+json\" class=\"yoast-schema-graph\">{\"@context\":\"https:\\\/\\\/schema.org\",\"@graph\":[{\"@type\":\"WebPage\",\"@id\":\"https:\\\/\\\/www.comprarmejor.es\\\/en\\\/product\\\/la-corbata-the-tie-miniature-book-luxury\\\/\",\"url\":\"https:\\\/\\\/www.comprarmejor.es\\\/en\\\/product\\\/la-corbata-the-tie-miniature-book-luxury\\\/\",\"name\":\"La corbata - The tie (Miniature Book luxury)\",\"isPartOf\":{\"@id\":\"https:\\\/\\\/www.comprarmejor.es\\\/en\\\/#website\"},\"primaryImageOfPage\":{\"@id\":\"https:\\\/\\\/www.comprarmejor.es\\\/en\\\/product\\\/la-corbata-the-tie-miniature-book-luxury\\\/#primaryimage\"},\"image\":{\"@id\":\"https:\\\/\\\/www.comprarmejor.es\\\/en\\\/product\\\/la-corbata-the-tie-miniature-book-luxury\\\/#primaryimage\"},\"thumbnailUrl\":\"https:\\\/\\\/www.comprarmejor.es\\\/wp-content\\\/uploads\\\/2015\\\/12\\\/p_2_1_8_4_2184-La-corbata-The-tie-libro-miniatura.jpg\",\"datePublished\":\"2015-12-29T12:40:55+00:00\",\"dateModified\":\"2019-09-11T10:59:39+00:00\",\"description\":\"First special edition in book format miniature, mini book or booklet. Tie, written in Spanish and English bilingual clothbound in a shirt and tie.\",\"breadcrumb\":{\"@id\":\"https:\\\/\\\/www.comprarmejor.es\\\/en\\\/product\\\/la-corbata-the-tie-miniature-book-luxury\\\/#breadcrumb\"},\"inLanguage\":\"en-US\",\"potentialAction\":[{\"@type\":\"ReadAction\",\"target\":[\"https:\\\/\\\/www.comprarmejor.es\\\/en\\\/product\\\/la-corbata-the-tie-miniature-book-luxury\\\/\"]}]},{\"@type\":\"ImageObject\",\"inLanguage\":\"en-US\",\"@id\":\"https:\\\/\\\/www.comprarmejor.es\\\/en\\\/product\\\/la-corbata-the-tie-miniature-book-luxury\\\/#primaryimage\",\"url\":\"https:\\\/\\\/www.comprarmejor.es\\\/wp-content\\\/uploads\\\/2015\\\/12\\\/p_2_1_8_4_2184-La-corbata-The-tie-libro-miniatura.jpg\",\"contentUrl\":\"https:\\\/\\\/www.comprarmejor.es\\\/wp-content\\\/uploads\\\/2015\\\/12\\\/p_2_1_8_4_2184-La-corbata-The-tie-libro-miniatura.jpg\",\"width\":600,\"height\":564},{\"@type\":\"BreadcrumbList\",\"@id\":\"https:\\\/\\\/www.comprarmejor.es\\\/en\\\/product\\\/la-corbata-the-tie-miniature-book-luxury\\\/#breadcrumb\",\"itemListElement\":[{\"@type\":\"ListItem\",\"position\":1,\"name\":\"Portada\",\"item\":\"https:\\\/\\\/www.comprarmejor.es\\\/en\\\/\"},{\"@type\":\"ListItem\",\"position\":2,\"name\":\"Shop\",\"item\":\"https:\\\/\\\/www.comprarmejor.es\\\/en\\\/shop\\\/\"},{\"@type\":\"ListItem\",\"position\":3,\"name\":\"La corbata &#8211; The tie (Miniature Book luxury)\"}]},{\"@type\":\"WebSite\",\"@id\":\"https:\\\/\\\/www.comprarmejor.es\\\/en\\\/#website\",\"url\":\"https:\\\/\\\/www.comprarmejor.es\\\/en\\\/\",\"name\":\"ComprarMejor\",\"description\":\"ComprarMejor\",\"publisher\":{\"@id\":\"https:\\\/\\\/www.comprarmejor.es\\\/en\\\/#organization\"},\"potentialAction\":[{\"@type\":\"SearchAction\",\"target\":{\"@type\":\"EntryPoint\",\"urlTemplate\":\"https:\\\/\\\/www.comprarmejor.es\\\/en\\\/?s={search_term_string}\"},\"query-input\":{\"@type\":\"PropertyValueSpecification\",\"valueRequired\":true,\"valueName\":\"search_term_string\"}}],\"inLanguage\":\"en-US\"},{\"@type\":\"Organization\",\"@id\":\"https:\\\/\\\/www.comprarmejor.es\\\/en\\\/#organization\",\"name\":\"COMPRAR MEJOR\",\"url\":\"https:\\\/\\\/www.comprarmejor.es\\\/en\\\/\",\"logo\":{\"@type\":\"ImageObject\",\"inLanguage\":\"en-US\",\"@id\":\"https:\\\/\\\/www.comprarmejor.es\\\/en\\\/#\\\/schema\\\/logo\\\/image\\\/\",\"url\":\"https:\\\/\\\/www.comprarmejor.es\\\/wp-content\\\/uploads\\\/2025\\\/09\\\/comprarmejortrinidad.jpg\",\"contentUrl\":\"https:\\\/\\\/www.comprarmejor.es\\\/wp-content\\\/uploads\\\/2025\\\/09\\\/comprarmejortrinidad.jpg\",\"width\":1022,\"height\":1380,\"caption\":\"COMPRAR MEJOR\"},\"image\":{\"@id\":\"https:\\\/\\\/www.comprarmejor.es\\\/en\\\/#\\\/schema\\\/logo\\\/image\\\/\"},\"sameAs\":[\"https:\\\/\\\/www.instagram.com\\\/amigosdelcodice\"]}]}<\/script>\n<!-- \/ Yoast SEO plugin. -->","yoast_head_json":{"title":"La corbata - The tie (Miniature Book luxury)","description":"First special edition in book format miniature, mini book or booklet. Tie, written in Spanish and English bilingual clothbound in a shirt and tie.","robots":{"index":"index","follow":"follow","max-snippet":"max-snippet:-1","max-image-preview":"max-image-preview:large","max-video-preview":"max-video-preview:-1"},"canonical":"https:\/\/www.comprarmejor.es\/en\/product\/la-corbata-the-tie-miniature-book-luxury\/","og_locale":"en_US","og_type":"article","og_title":"La corbata - The tie (Miniature Book luxury)","og_description":"First special edition in book format miniature, mini book or booklet. Tie, written in Spanish and English bilingual clothbound in a shirt and tie.","og_url":"https:\/\/www.comprarmejor.es\/en\/product\/la-corbata-the-tie-miniature-book-luxury\/","og_site_name":"ComprarMejor","article_modified_time":"2019-09-11T10:59:39+00:00","og_image":[{"width":600,"height":564,"url":"https:\/\/www.comprarmejor.es\/wp-content\/uploads\/2015\/12\/p_2_1_8_4_2184-La-corbata-The-tie-libro-miniatura.jpg","type":"image\/jpeg"}],"twitter_card":"summary_large_image","twitter_misc":{"Est. reading time":"1 minute"},"schema":{"@context":"https:\/\/schema.org","@graph":[{"@type":"WebPage","@id":"https:\/\/www.comprarmejor.es\/en\/product\/la-corbata-the-tie-miniature-book-luxury\/","url":"https:\/\/www.comprarmejor.es\/en\/product\/la-corbata-the-tie-miniature-book-luxury\/","name":"La corbata - The tie (Miniature Book luxury)","isPartOf":{"@id":"https:\/\/www.comprarmejor.es\/en\/#website"},"primaryImageOfPage":{"@id":"https:\/\/www.comprarmejor.es\/en\/product\/la-corbata-the-tie-miniature-book-luxury\/#primaryimage"},"image":{"@id":"https:\/\/www.comprarmejor.es\/en\/product\/la-corbata-the-tie-miniature-book-luxury\/#primaryimage"},"thumbnailUrl":"https:\/\/www.comprarmejor.es\/wp-content\/uploads\/2015\/12\/p_2_1_8_4_2184-La-corbata-The-tie-libro-miniatura.jpg","datePublished":"2015-12-29T12:40:55+00:00","dateModified":"2019-09-11T10:59:39+00:00","description":"First special edition in book format miniature, mini book or booklet. Tie, written in Spanish and English bilingual clothbound in a shirt and tie.","breadcrumb":{"@id":"https:\/\/www.comprarmejor.es\/en\/product\/la-corbata-the-tie-miniature-book-luxury\/#breadcrumb"},"inLanguage":"en-US","potentialAction":[{"@type":"ReadAction","target":["https:\/\/www.comprarmejor.es\/en\/product\/la-corbata-the-tie-miniature-book-luxury\/"]}]},{"@type":"ImageObject","inLanguage":"en-US","@id":"https:\/\/www.comprarmejor.es\/en\/product\/la-corbata-the-tie-miniature-book-luxury\/#primaryimage","url":"https:\/\/www.comprarmejor.es\/wp-content\/uploads\/2015\/12\/p_2_1_8_4_2184-La-corbata-The-tie-libro-miniatura.jpg","contentUrl":"https:\/\/www.comprarmejor.es\/wp-content\/uploads\/2015\/12\/p_2_1_8_4_2184-La-corbata-The-tie-libro-miniatura.jpg","width":600,"height":564},{"@type":"BreadcrumbList","@id":"https:\/\/www.comprarmejor.es\/en\/product\/la-corbata-the-tie-miniature-book-luxury\/#breadcrumb","itemListElement":[{"@type":"ListItem","position":1,"name":"Portada","item":"https:\/\/www.comprarmejor.es\/en\/"},{"@type":"ListItem","position":2,"name":"Shop","item":"https:\/\/www.comprarmejor.es\/en\/shop\/"},{"@type":"ListItem","position":3,"name":"La corbata &#8211; The tie (Miniature Book luxury)"}]},{"@type":"WebSite","@id":"https:\/\/www.comprarmejor.es\/en\/#website","url":"https:\/\/www.comprarmejor.es\/en\/","name":"ComprarMejor","description":"ComprarMejor","publisher":{"@id":"https:\/\/www.comprarmejor.es\/en\/#organization"},"potentialAction":[{"@type":"SearchAction","target":{"@type":"EntryPoint","urlTemplate":"https:\/\/www.comprarmejor.es\/en\/?s={search_term_string}"},"query-input":{"@type":"PropertyValueSpecification","valueRequired":true,"valueName":"search_term_string"}}],"inLanguage":"en-US"},{"@type":"Organization","@id":"https:\/\/www.comprarmejor.es\/en\/#organization","name":"COMPRAR MEJOR","url":"https:\/\/www.comprarmejor.es\/en\/","logo":{"@type":"ImageObject","inLanguage":"en-US","@id":"https:\/\/www.comprarmejor.es\/en\/#\/schema\/logo\/image\/","url":"https:\/\/www.comprarmejor.es\/wp-content\/uploads\/2025\/09\/comprarmejortrinidad.jpg","contentUrl":"https:\/\/www.comprarmejor.es\/wp-content\/uploads\/2025\/09\/comprarmejortrinidad.jpg","width":1022,"height":1380,"caption":"COMPRAR MEJOR"},"image":{"@id":"https:\/\/www.comprarmejor.es\/en\/#\/schema\/logo\/image\/"},"sameAs":["https:\/\/www.instagram.com\/amigosdelcodice"]}]}},"_links":{"self":[{"href":"https:\/\/www.comprarmejor.es\/en\/wp-json\/wp\/v2\/product\/50887","targetHints":{"allow":["GET"]}}],"collection":[{"href":"https:\/\/www.comprarmejor.es\/en\/wp-json\/wp\/v2\/product"}],"about":[{"href":"https:\/\/www.comprarmejor.es\/en\/wp-json\/wp\/v2\/types\/product"}],"wp:featuredmedia":[{"embeddable":true,"href":"https:\/\/www.comprarmejor.es\/en\/wp-json\/wp\/v2\/media\/50873"}],"wp:attachment":[{"href":"https:\/\/www.comprarmejor.es\/en\/wp-json\/wp\/v2\/media?parent=50887"}],"wp:term":[{"taxonomy":"product_brand","embeddable":true,"href":"https:\/\/www.comprarmejor.es\/en\/wp-json\/wp\/v2\/product_brand?post=50887"},{"taxonomy":"product_cat","embeddable":true,"href":"https:\/\/www.comprarmejor.es\/en\/wp-json\/wp\/v2\/product_cat?post=50887"},{"taxonomy":"product_tag","embeddable":true,"href":"https:\/\/www.comprarmejor.es\/en\/wp-json\/wp\/v2\/product_tag?post=50887"}],"curies":[{"name":"wp","href":"https:\/\/api.w.org\/{rel}","templated":true}]}}