{"id":50901,"date":"2015-12-29T17:26:39","date_gmt":"2015-12-29T16:26:39","guid":{"rendered":"https:\/\/www.comprarmejor.es\/producto\/cuentos-y-adivinanzas-stories-and-riddles-luxury-miniature-book\/"},"modified":"2019-09-11T13:01:43","modified_gmt":"2019-09-11T11:01:43","slug":"cuentos-y-adivinanzas-stories-and-riddles-luxury-miniature-book","status":"publish","type":"product","link":"https:\/\/www.comprarmejor.es\/en\/product\/cuentos-y-adivinanzas-stories-and-riddles-luxury-miniature-book\/","title":{"rendered":"Cuentos y adivinanzas &#8211; Stories and riddles (luxury miniature book)"},"content":{"rendered":"<p style=\"text-align:justify;\"><span id=\"result_box\" lang=\"en\" xml:lang=\"en\"><span title=\"Cuentos y adivinanzas - Stories and riddles, por el notario de Marbella don Manuel Garc\u00eda de Fuentes y Churruca.\">Cuentos y adivinanzas &#8211; Stories and riddles, the notary of Marbella Manuel Garcia Fuentes and Churruca. <\/span><span title=\"Primera edici\u00f3n en formato de libro miniatura, mini libro o librito.\">First published in book format miniature, mini book or booklet.<\/p>\n<p><\/span><span title=\"Contiene una recopilaci\u00f3n de cuentos y adivinanzas muy curiosos, con sus respuestas y con dibujos y fotos a color.\">It contains a collection of stories and very curious riddles with answers and drawings and color photos.<\/p>\n<p><\/span><span title=\"Edici\u00f3n biling\u00fce espa\u00f1ol e ingl\u00e9s de 2015. Lujosa encuadernaci\u00f3n miniatura firmada D. D\u00edaz G\u00e1llego, realizada en holandesa con puntas, papel de aguas, lomo en piel con nervios y decoraciones en plata.\">Spanish and English bilingual edition of 2015. Luxurious signed binding miniature D. Diaz Gallego held in Dutch with tips, water paper, leather spine with nerves and silver decorations. <\/span><span title=\"Tama\u00f1o 5 x 6,5 cm.\">Size 5 x 6.5 cm. <\/span><span title=\"100 p\u00e1ginas.\">100 pages. <\/span><span title=\"Acompa\u00f1ado de una cajita protectora forrada en papel de aguas, tama\u00f1o 5 x 7 cm.\">Accompanied by a protective paper box lined water, size 5 x 7 cm.<\/p>\n<p><\/span><span title=\"A esta obra se le acompa\u00f1a de otro libro m\u00e1s grande para facilitar su lectura, en formato libreto anillado y tama\u00f1o 16 x 21 cm, con el mismo texto y p\u00e1ginas que el librito.\">In this work it is accompanied by a larger book for easier reading, ringed script format and size 16 x 21 cm, with the same text and the book pages.<\/p>\n<p><\/span><span title=\"\u00danico ejemplar disponible y en perfecto estado.\">Single copy available and in perfect condition.<\/p>\n<p><\/span><span title=\"Gastos de env\u00edo por cuenta del comprador, seg\u00fan pedido y destino.\">Shipping by the buyer, upon request and destination.\u00a0<\/span><span title=\"Cons\u00faltenos cualquier duda, as\u00ed como por cualquier otra obra, facs\u00edmile o art\u00edculo que est\u00e9 buscando.\"><a class=\"btn btn-default\" href=\"http:\/\/comprarmejor.es\/en\/contact\">Ask us<\/a> any questions as well as any other work, fax or item he seeks.<\/span><\/span><\/p>\n","protected":false},"excerpt":{"rendered":"<p style=\"text-align:justify;\"><span id=\"result_box\" lang=\"en\" xml:lang=\"en\"><span title=\"Cuentos y adivinanzas - Stories and riddles, por el notario de Marbella don Manuel Garc\u00eda de Fuentes y Churruca.\">Cuentos y adivinanzas &#8211; Stories and riddles, the notary of Marbella Manuel Garcia Fuentes and Churruca. <\/span><span title=\"Primera edici\u00f3n en formato de libro miniatura, mini libro o librito.\">First published in book format miniature, mini book or booklet.<\/span><\/span><\/p>\n","protected":false},"featured_media":50889,"template":"","meta":[],"product_brand":[],"product_cat":[2210,2188,2242],"product_tag":[4671,5157,5292,5158],"class_list":{"0":"post-50901","1":"product","2":"type-product","3":"status-publish","4":"has-post-thumbnail","6":"product_cat-bibliophilia","7":"product_cat-books","8":"product_cat-first-editions","9":"product_tag-churruca-en","10":"product_tag-mini-book-en","11":"product_tag-adivinanzas-en","12":"product_tag-librito-en","13":"product_shipping_class-from-0-to-1-kg","14":"description-off","16":"first","17":"instock","18":"sale","19":"taxable","20":"shipping-taxable","21":"purchasable","22":"product-type-simple"},"yoast_head":"<!-- This site is optimized with the Yoast SEO plugin v27.3 - https:\/\/yoast.com\/product\/yoast-seo-wordpress\/ -->\n<title>Cuentos y adivinanzas - Stories and riddles (luxury miniature book)<\/title>\n<meta name=\"description\" content=\"Cuentos y adivinanzas - Stories and riddles, the notary of Marbella Manuel Garcia Fuentes and Churruca. First published in book format miniature, mini book or\" \/>\n<meta name=\"robots\" content=\"index, follow, max-snippet:-1, max-image-preview:large, max-video-preview:-1\" \/>\n<link rel=\"canonical\" href=\"https:\/\/www.comprarmejor.es\/en\/product\/cuentos-y-adivinanzas-stories-and-riddles-luxury-miniature-book\/\" \/>\n<meta property=\"og:locale\" content=\"en_US\" \/>\n<meta property=\"og:type\" content=\"article\" \/>\n<meta property=\"og:title\" content=\"Cuentos y adivinanzas - Stories and riddles (luxury miniature book)\" \/>\n<meta property=\"og:description\" content=\"Cuentos y adivinanzas - Stories and riddles, the notary of Marbella Manuel Garcia Fuentes and Churruca. First published in book format miniature, mini book or\" \/>\n<meta property=\"og:url\" content=\"https:\/\/www.comprarmejor.es\/en\/product\/cuentos-y-adivinanzas-stories-and-riddles-luxury-miniature-book\/\" \/>\n<meta property=\"og:site_name\" content=\"ComprarMejor\" \/>\n<meta property=\"article:modified_time\" content=\"2019-09-11T11:01:43+00:00\" \/>\n<meta property=\"og:image\" content=\"https:\/\/www.comprarmejor.es\/wp-content\/uploads\/2015\/12\/p_2_1_9_1_2191-Cuentos-y-adivinanzas-Stories-and-riddles-libro-miniatura-de-lujo.jpg\" \/>\n\t<meta property=\"og:image:width\" content=\"600\" \/>\n\t<meta property=\"og:image:height\" content=\"562\" \/>\n\t<meta property=\"og:image:type\" content=\"image\/jpeg\" \/>\n<meta name=\"twitter:card\" content=\"summary_large_image\" \/>\n<meta name=\"twitter:label1\" content=\"Est. reading time\" \/>\n\t<meta name=\"twitter:data1\" content=\"1 minute\" \/>\n<script type=\"application\/ld+json\" class=\"yoast-schema-graph\">{\"@context\":\"https:\\\/\\\/schema.org\",\"@graph\":[{\"@type\":\"WebPage\",\"@id\":\"https:\\\/\\\/www.comprarmejor.es\\\/en\\\/product\\\/cuentos-y-adivinanzas-stories-and-riddles-luxury-miniature-book\\\/\",\"url\":\"https:\\\/\\\/www.comprarmejor.es\\\/en\\\/product\\\/cuentos-y-adivinanzas-stories-and-riddles-luxury-miniature-book\\\/\",\"name\":\"Cuentos y adivinanzas - Stories and riddles (luxury miniature book)\",\"isPartOf\":{\"@id\":\"https:\\\/\\\/www.comprarmejor.es\\\/en\\\/#website\"},\"primaryImageOfPage\":{\"@id\":\"https:\\\/\\\/www.comprarmejor.es\\\/en\\\/product\\\/cuentos-y-adivinanzas-stories-and-riddles-luxury-miniature-book\\\/#primaryimage\"},\"image\":{\"@id\":\"https:\\\/\\\/www.comprarmejor.es\\\/en\\\/product\\\/cuentos-y-adivinanzas-stories-and-riddles-luxury-miniature-book\\\/#primaryimage\"},\"thumbnailUrl\":\"https:\\\/\\\/www.comprarmejor.es\\\/wp-content\\\/uploads\\\/2015\\\/12\\\/p_2_1_9_1_2191-Cuentos-y-adivinanzas-Stories-and-riddles-libro-miniatura-de-lujo.jpg\",\"datePublished\":\"2015-12-29T16:26:39+00:00\",\"dateModified\":\"2019-09-11T11:01:43+00:00\",\"description\":\"Cuentos y adivinanzas - Stories and riddles, the notary of Marbella Manuel Garcia Fuentes and Churruca. First published in book format miniature, mini book or\",\"breadcrumb\":{\"@id\":\"https:\\\/\\\/www.comprarmejor.es\\\/en\\\/product\\\/cuentos-y-adivinanzas-stories-and-riddles-luxury-miniature-book\\\/#breadcrumb\"},\"inLanguage\":\"en-US\",\"potentialAction\":[{\"@type\":\"ReadAction\",\"target\":[\"https:\\\/\\\/www.comprarmejor.es\\\/en\\\/product\\\/cuentos-y-adivinanzas-stories-and-riddles-luxury-miniature-book\\\/\"]}]},{\"@type\":\"ImageObject\",\"inLanguage\":\"en-US\",\"@id\":\"https:\\\/\\\/www.comprarmejor.es\\\/en\\\/product\\\/cuentos-y-adivinanzas-stories-and-riddles-luxury-miniature-book\\\/#primaryimage\",\"url\":\"https:\\\/\\\/www.comprarmejor.es\\\/wp-content\\\/uploads\\\/2015\\\/12\\\/p_2_1_9_1_2191-Cuentos-y-adivinanzas-Stories-and-riddles-libro-miniatura-de-lujo.jpg\",\"contentUrl\":\"https:\\\/\\\/www.comprarmejor.es\\\/wp-content\\\/uploads\\\/2015\\\/12\\\/p_2_1_9_1_2191-Cuentos-y-adivinanzas-Stories-and-riddles-libro-miniatura-de-lujo.jpg\",\"width\":600,\"height\":562},{\"@type\":\"BreadcrumbList\",\"@id\":\"https:\\\/\\\/www.comprarmejor.es\\\/en\\\/product\\\/cuentos-y-adivinanzas-stories-and-riddles-luxury-miniature-book\\\/#breadcrumb\",\"itemListElement\":[{\"@type\":\"ListItem\",\"position\":1,\"name\":\"Portada\",\"item\":\"https:\\\/\\\/www.comprarmejor.es\\\/en\\\/\"},{\"@type\":\"ListItem\",\"position\":2,\"name\":\"Shop\",\"item\":\"https:\\\/\\\/www.comprarmejor.es\\\/en\\\/shop\\\/\"},{\"@type\":\"ListItem\",\"position\":3,\"name\":\"Cuentos y adivinanzas &#8211; Stories and riddles (luxury miniature book)\"}]},{\"@type\":\"WebSite\",\"@id\":\"https:\\\/\\\/www.comprarmejor.es\\\/en\\\/#website\",\"url\":\"https:\\\/\\\/www.comprarmejor.es\\\/en\\\/\",\"name\":\"ComprarMejor\",\"description\":\"ComprarMejor\",\"publisher\":{\"@id\":\"https:\\\/\\\/www.comprarmejor.es\\\/en\\\/#organization\"},\"potentialAction\":[{\"@type\":\"SearchAction\",\"target\":{\"@type\":\"EntryPoint\",\"urlTemplate\":\"https:\\\/\\\/www.comprarmejor.es\\\/en\\\/?s={search_term_string}\"},\"query-input\":{\"@type\":\"PropertyValueSpecification\",\"valueRequired\":true,\"valueName\":\"search_term_string\"}}],\"inLanguage\":\"en-US\"},{\"@type\":\"Organization\",\"@id\":\"https:\\\/\\\/www.comprarmejor.es\\\/en\\\/#organization\",\"name\":\"COMPRAR MEJOR\",\"url\":\"https:\\\/\\\/www.comprarmejor.es\\\/en\\\/\",\"logo\":{\"@type\":\"ImageObject\",\"inLanguage\":\"en-US\",\"@id\":\"https:\\\/\\\/www.comprarmejor.es\\\/en\\\/#\\\/schema\\\/logo\\\/image\\\/\",\"url\":\"https:\\\/\\\/www.comprarmejor.es\\\/wp-content\\\/uploads\\\/2025\\\/09\\\/comprarmejortrinidad.jpg\",\"contentUrl\":\"https:\\\/\\\/www.comprarmejor.es\\\/wp-content\\\/uploads\\\/2025\\\/09\\\/comprarmejortrinidad.jpg\",\"width\":1022,\"height\":1380,\"caption\":\"COMPRAR MEJOR\"},\"image\":{\"@id\":\"https:\\\/\\\/www.comprarmejor.es\\\/en\\\/#\\\/schema\\\/logo\\\/image\\\/\"},\"sameAs\":[\"https:\\\/\\\/www.instagram.com\\\/amigosdelcodice\"]}]}<\/script>\n<!-- \/ Yoast SEO plugin. -->","yoast_head_json":{"title":"Cuentos y adivinanzas - Stories and riddles (luxury miniature book)","description":"Cuentos y adivinanzas - Stories and riddles, the notary of Marbella Manuel Garcia Fuentes and Churruca. First published in book format miniature, mini book or","robots":{"index":"index","follow":"follow","max-snippet":"max-snippet:-1","max-image-preview":"max-image-preview:large","max-video-preview":"max-video-preview:-1"},"canonical":"https:\/\/www.comprarmejor.es\/en\/product\/cuentos-y-adivinanzas-stories-and-riddles-luxury-miniature-book\/","og_locale":"en_US","og_type":"article","og_title":"Cuentos y adivinanzas - Stories and riddles (luxury miniature book)","og_description":"Cuentos y adivinanzas - Stories and riddles, the notary of Marbella Manuel Garcia Fuentes and Churruca. First published in book format miniature, mini book or","og_url":"https:\/\/www.comprarmejor.es\/en\/product\/cuentos-y-adivinanzas-stories-and-riddles-luxury-miniature-book\/","og_site_name":"ComprarMejor","article_modified_time":"2019-09-11T11:01:43+00:00","og_image":[{"width":600,"height":562,"url":"https:\/\/www.comprarmejor.es\/wp-content\/uploads\/2015\/12\/p_2_1_9_1_2191-Cuentos-y-adivinanzas-Stories-and-riddles-libro-miniatura-de-lujo.jpg","type":"image\/jpeg"}],"twitter_card":"summary_large_image","twitter_misc":{"Est. reading time":"1 minute"},"schema":{"@context":"https:\/\/schema.org","@graph":[{"@type":"WebPage","@id":"https:\/\/www.comprarmejor.es\/en\/product\/cuentos-y-adivinanzas-stories-and-riddles-luxury-miniature-book\/","url":"https:\/\/www.comprarmejor.es\/en\/product\/cuentos-y-adivinanzas-stories-and-riddles-luxury-miniature-book\/","name":"Cuentos y adivinanzas - Stories and riddles (luxury miniature book)","isPartOf":{"@id":"https:\/\/www.comprarmejor.es\/en\/#website"},"primaryImageOfPage":{"@id":"https:\/\/www.comprarmejor.es\/en\/product\/cuentos-y-adivinanzas-stories-and-riddles-luxury-miniature-book\/#primaryimage"},"image":{"@id":"https:\/\/www.comprarmejor.es\/en\/product\/cuentos-y-adivinanzas-stories-and-riddles-luxury-miniature-book\/#primaryimage"},"thumbnailUrl":"https:\/\/www.comprarmejor.es\/wp-content\/uploads\/2015\/12\/p_2_1_9_1_2191-Cuentos-y-adivinanzas-Stories-and-riddles-libro-miniatura-de-lujo.jpg","datePublished":"2015-12-29T16:26:39+00:00","dateModified":"2019-09-11T11:01:43+00:00","description":"Cuentos y adivinanzas - Stories and riddles, the notary of Marbella Manuel Garcia Fuentes and Churruca. First published in book format miniature, mini book or","breadcrumb":{"@id":"https:\/\/www.comprarmejor.es\/en\/product\/cuentos-y-adivinanzas-stories-and-riddles-luxury-miniature-book\/#breadcrumb"},"inLanguage":"en-US","potentialAction":[{"@type":"ReadAction","target":["https:\/\/www.comprarmejor.es\/en\/product\/cuentos-y-adivinanzas-stories-and-riddles-luxury-miniature-book\/"]}]},{"@type":"ImageObject","inLanguage":"en-US","@id":"https:\/\/www.comprarmejor.es\/en\/product\/cuentos-y-adivinanzas-stories-and-riddles-luxury-miniature-book\/#primaryimage","url":"https:\/\/www.comprarmejor.es\/wp-content\/uploads\/2015\/12\/p_2_1_9_1_2191-Cuentos-y-adivinanzas-Stories-and-riddles-libro-miniatura-de-lujo.jpg","contentUrl":"https:\/\/www.comprarmejor.es\/wp-content\/uploads\/2015\/12\/p_2_1_9_1_2191-Cuentos-y-adivinanzas-Stories-and-riddles-libro-miniatura-de-lujo.jpg","width":600,"height":562},{"@type":"BreadcrumbList","@id":"https:\/\/www.comprarmejor.es\/en\/product\/cuentos-y-adivinanzas-stories-and-riddles-luxury-miniature-book\/#breadcrumb","itemListElement":[{"@type":"ListItem","position":1,"name":"Portada","item":"https:\/\/www.comprarmejor.es\/en\/"},{"@type":"ListItem","position":2,"name":"Shop","item":"https:\/\/www.comprarmejor.es\/en\/shop\/"},{"@type":"ListItem","position":3,"name":"Cuentos y adivinanzas &#8211; Stories and riddles (luxury miniature book)"}]},{"@type":"WebSite","@id":"https:\/\/www.comprarmejor.es\/en\/#website","url":"https:\/\/www.comprarmejor.es\/en\/","name":"ComprarMejor","description":"ComprarMejor","publisher":{"@id":"https:\/\/www.comprarmejor.es\/en\/#organization"},"potentialAction":[{"@type":"SearchAction","target":{"@type":"EntryPoint","urlTemplate":"https:\/\/www.comprarmejor.es\/en\/?s={search_term_string}"},"query-input":{"@type":"PropertyValueSpecification","valueRequired":true,"valueName":"search_term_string"}}],"inLanguage":"en-US"},{"@type":"Organization","@id":"https:\/\/www.comprarmejor.es\/en\/#organization","name":"COMPRAR MEJOR","url":"https:\/\/www.comprarmejor.es\/en\/","logo":{"@type":"ImageObject","inLanguage":"en-US","@id":"https:\/\/www.comprarmejor.es\/en\/#\/schema\/logo\/image\/","url":"https:\/\/www.comprarmejor.es\/wp-content\/uploads\/2025\/09\/comprarmejortrinidad.jpg","contentUrl":"https:\/\/www.comprarmejor.es\/wp-content\/uploads\/2025\/09\/comprarmejortrinidad.jpg","width":1022,"height":1380,"caption":"COMPRAR MEJOR"},"image":{"@id":"https:\/\/www.comprarmejor.es\/en\/#\/schema\/logo\/image\/"},"sameAs":["https:\/\/www.instagram.com\/amigosdelcodice"]}]}},"_links":{"self":[{"href":"https:\/\/www.comprarmejor.es\/en\/wp-json\/wp\/v2\/product\/50901","targetHints":{"allow":["GET"]}}],"collection":[{"href":"https:\/\/www.comprarmejor.es\/en\/wp-json\/wp\/v2\/product"}],"about":[{"href":"https:\/\/www.comprarmejor.es\/en\/wp-json\/wp\/v2\/types\/product"}],"wp:featuredmedia":[{"embeddable":true,"href":"https:\/\/www.comprarmejor.es\/en\/wp-json\/wp\/v2\/media\/50889"}],"wp:attachment":[{"href":"https:\/\/www.comprarmejor.es\/en\/wp-json\/wp\/v2\/media?parent=50901"}],"wp:term":[{"taxonomy":"product_brand","embeddable":true,"href":"https:\/\/www.comprarmejor.es\/en\/wp-json\/wp\/v2\/product_brand?post=50901"},{"taxonomy":"product_cat","embeddable":true,"href":"https:\/\/www.comprarmejor.es\/en\/wp-json\/wp\/v2\/product_cat?post=50901"},{"taxonomy":"product_tag","embeddable":true,"href":"https:\/\/www.comprarmejor.es\/en\/wp-json\/wp\/v2\/product_tag?post=50901"}],"curies":[{"name":"wp","href":"https:\/\/api.w.org\/{rel}","templated":true}]}}