{"id":50921,"date":"2015-12-29T18:47:20","date_gmt":"2015-12-29T17:47:20","guid":{"rendered":"https:\/\/www.comprarmejor.es\/producto\/book-study-of-claudius-ptolemy-atlas-of-vicent-garcia\/"},"modified":"2020-05-06T22:54:52","modified_gmt":"2020-05-06T20:54:52","slug":"book-study-of-claudius-ptolemy-atlas-of-vicent-garcia","status":"publish","type":"product","link":"https:\/\/www.comprarmejor.es\/en\/product\/book-study-of-claudius-ptolemy-atlas-of-vicent-garcia\/","title":{"rendered":"Book study of Claudius Ptolemy Atlas of Vicent Garcia"},"content":{"rendered":"<p style=\"text-align: justify;\"><span id=\"result_box\" lang=\"en\" xml:lang=\"en\"><span title=\"El Quijote nunca hab\u00eda sido traducido, ni total ni parcialmente, a la lengua tamazight, que es el idioma de los bereberes del norte de \u00c1frica, incluyendo los espa\u00f1oles bereberes de Melilla.\"><span lang=\"en\" xml:lang=\"en\"><span title=\"El libro presenta ligeros roces en la encuadernaci\u00f3n y un peque\u00f1o corte en la guarda inicial, que se muestran en las fotograf\u00edas.\"><span lang=\"en\" xml:lang=\"en\"><span lang=\"en\" xml:lang=\"en\"><span lang=\"en\" xml:lang=\"en\">This article corresponds to the book study of facsimile made in 1983 by the publisher Vicent Garcia on the Atlas of Claudius Ptolemy, according to the codex of the fifteenth century, coming from Naples, and currently preserved in the Historical Library of the University of Valencia . Therefore, the facsimile is not delivered, it is only the study book that accompanied the facsimile.<\/span><\/span><\/span><\/span><\/span><\/span><\/span><\/p>\n<p style=\"text-align: justify;\">Translation and notes by V\u00edctor Navarro Brotons, \u00c1ngel Aguirre \u00c1lvarez and Enrique Rodr\u00edguez Galdeano. Texts in Spanish.<\/p>\n<p style=\"text-align: justify;\"><span lang=\"en\" xml:lang=\"en\">Large format 31.5 x 44.5 cm. 208 pages Bound in full editorial skin.<\/span><\/p>\n<p style=\"text-align: justify;\">Copy re-bound because the binding was in poor condition. Pages in interior and binding in perfect condition. <span lang=\"en\" xml:lang=\"en\">Exclusive issue in this presentation<\/span>.<\/p>\n<p style=\"text-align: justify;\"><span title=\"Gastos de env\u00edo por cuenta del comprador, seg\u00fan pedido y destino.\">Shipping by the buyer, upon request and destination.\u00a0<\/span><span title=\"Cons\u00faltenos cualquier duda, as\u00ed como por cualquier otra obra, facs\u00edmile o art\u00edculo que est\u00e9 buscando.\"><a class=\"btn btn-default\" href=\"http:\/\/comprarmejor.es\/en\/contact\">Ask us<\/a> <span lang=\"en\" xml:lang=\"en\"><span title=\"Cons\u00faltenos sin compromiso cualquier duda, as\u00ed como por cualquier otro facs\u00edmile o art\u00edculo que est\u00e9 buscando.\">without obligation any questions, <span lang=\"en\" xml:lang=\"en\">as well as any other facsimile or article you are looking for.<\/span><\/span><\/span><br \/>\n<\/span><\/p>\n","protected":false},"excerpt":{"rendered":"<p><span id=\"result_box\" lang=\"en\" xml:lang=\"en\"><span title=\"Realizada en formato de libro miniatura, mini libro o librito.\"><span lang=\"en\" xml:lang=\"en\"><span title=\"Este art\u00edculo corresponde al libro estudio del facs\u00edmile que realiz\u00f3 en 1983 la editorial Vicent Garc\u00eda sobre el Atlas de Claudio Ptolomeo, seg\u00fan el c\u00f3dice del siglo XV, procedente de N\u00e1poles, y que en la actualidad se conserva en la Biblioteca Hist\u00f3rica de la Universidad de Valencia\">This article corresponds to the book study facsimile he made in 1983 the publishing Vicent Garcia on the Atlas of Claudius Ptolemy, according to the codex of the fifteenth century,<\/span><\/span><\/span><\/span><\/p>\n","protected":false},"featured_media":50903,"template":"","meta":[],"product_brand":[],"product_cat":[2238,2246],"product_tag":[3976,4145,4216],"class_list":{"0":"post-50921","1":"product","2":"type-product","3":"status-publish","4":"has-post-thumbnail","6":"product_cat-exclusive-copies","7":"product_cat-study-books","8":"product_tag-atlas-en","9":"product_tag-ptolomeo-en","10":"product_tag-valencia-en","11":"product_shipping_class-from-2-to-5-kg","12":"description-off","14":"first","15":"instock","16":"taxable","17":"shipping-taxable","18":"purchasable","19":"product-type-simple"},"yoast_head":"<!-- This site is optimized with the Yoast SEO plugin v27.3 - https:\/\/yoast.com\/product\/yoast-seo-wordpress\/ -->\n<title>Book study of Claudius Ptolemy Atlas of Vicent Garcia<\/title>\n<meta name=\"description\" content=\"This article corresponds to the book study facsimile he made in 1983 the publishing Vicent Garcia on the Atlas of Claudius Ptolemy\" \/>\n<meta name=\"robots\" content=\"index, follow, max-snippet:-1, max-image-preview:large, max-video-preview:-1\" \/>\n<link rel=\"canonical\" href=\"https:\/\/www.comprarmejor.es\/en\/product\/book-study-of-claudius-ptolemy-atlas-of-vicent-garcia\/\" \/>\n<meta property=\"og:locale\" content=\"en_US\" \/>\n<meta property=\"og:type\" content=\"article\" \/>\n<meta property=\"og:title\" content=\"Book study of Claudius Ptolemy Atlas of Vicent Garcia\" \/>\n<meta property=\"og:description\" content=\"This article corresponds to the book study facsimile he made in 1983 the publishing Vicent Garcia on the Atlas of Claudius Ptolemy\" \/>\n<meta property=\"og:url\" content=\"https:\/\/www.comprarmejor.es\/en\/product\/book-study-of-claudius-ptolemy-atlas-of-vicent-garcia\/\" \/>\n<meta property=\"og:site_name\" content=\"ComprarMejor\" \/>\n<meta property=\"article:modified_time\" content=\"2020-05-06T20:54:52+00:00\" \/>\n<meta property=\"og:image\" content=\"https:\/\/www.comprarmejor.es\/wp-content\/uploads\/2015\/12\/p_6_1_7_3_6173-Libro-estudio-del-Atlas-de-Claudio-Ptolomeo-de-Vicent-Garcia.jpg\" \/>\n\t<meta property=\"og:image:width\" content=\"561\" \/>\n\t<meta property=\"og:image:height\" content=\"595\" \/>\n\t<meta property=\"og:image:type\" content=\"image\/jpeg\" \/>\n<meta name=\"twitter:card\" content=\"summary_large_image\" \/>\n<meta name=\"twitter:label1\" content=\"Est. reading time\" \/>\n\t<meta name=\"twitter:data1\" content=\"1 minute\" \/>\n<script type=\"application\/ld+json\" class=\"yoast-schema-graph\">{\"@context\":\"https:\\\/\\\/schema.org\",\"@graph\":[{\"@type\":\"WebPage\",\"@id\":\"https:\\\/\\\/www.comprarmejor.es\\\/en\\\/product\\\/book-study-of-claudius-ptolemy-atlas-of-vicent-garcia\\\/\",\"url\":\"https:\\\/\\\/www.comprarmejor.es\\\/en\\\/product\\\/book-study-of-claudius-ptolemy-atlas-of-vicent-garcia\\\/\",\"name\":\"Book study of Claudius Ptolemy Atlas of Vicent Garcia\",\"isPartOf\":{\"@id\":\"https:\\\/\\\/www.comprarmejor.es\\\/en\\\/#website\"},\"primaryImageOfPage\":{\"@id\":\"https:\\\/\\\/www.comprarmejor.es\\\/en\\\/product\\\/book-study-of-claudius-ptolemy-atlas-of-vicent-garcia\\\/#primaryimage\"},\"image\":{\"@id\":\"https:\\\/\\\/www.comprarmejor.es\\\/en\\\/product\\\/book-study-of-claudius-ptolemy-atlas-of-vicent-garcia\\\/#primaryimage\"},\"thumbnailUrl\":\"https:\\\/\\\/www.comprarmejor.es\\\/wp-content\\\/uploads\\\/2015\\\/12\\\/p_6_1_7_3_6173-Libro-estudio-del-Atlas-de-Claudio-Ptolomeo-de-Vicent-Garcia.jpg\",\"datePublished\":\"2015-12-29T17:47:20+00:00\",\"dateModified\":\"2020-05-06T20:54:52+00:00\",\"description\":\"This article corresponds to the book study facsimile he made in 1983 the publishing Vicent Garcia on the Atlas of Claudius Ptolemy\",\"breadcrumb\":{\"@id\":\"https:\\\/\\\/www.comprarmejor.es\\\/en\\\/product\\\/book-study-of-claudius-ptolemy-atlas-of-vicent-garcia\\\/#breadcrumb\"},\"inLanguage\":\"en-US\",\"potentialAction\":[{\"@type\":\"ReadAction\",\"target\":[\"https:\\\/\\\/www.comprarmejor.es\\\/en\\\/product\\\/book-study-of-claudius-ptolemy-atlas-of-vicent-garcia\\\/\"]}]},{\"@type\":\"ImageObject\",\"inLanguage\":\"en-US\",\"@id\":\"https:\\\/\\\/www.comprarmejor.es\\\/en\\\/product\\\/book-study-of-claudius-ptolemy-atlas-of-vicent-garcia\\\/#primaryimage\",\"url\":\"https:\\\/\\\/www.comprarmejor.es\\\/wp-content\\\/uploads\\\/2015\\\/12\\\/p_6_1_7_3_6173-Libro-estudio-del-Atlas-de-Claudio-Ptolomeo-de-Vicent-Garcia.jpg\",\"contentUrl\":\"https:\\\/\\\/www.comprarmejor.es\\\/wp-content\\\/uploads\\\/2015\\\/12\\\/p_6_1_7_3_6173-Libro-estudio-del-Atlas-de-Claudio-Ptolomeo-de-Vicent-Garcia.jpg\",\"width\":561,\"height\":595},{\"@type\":\"BreadcrumbList\",\"@id\":\"https:\\\/\\\/www.comprarmejor.es\\\/en\\\/product\\\/book-study-of-claudius-ptolemy-atlas-of-vicent-garcia\\\/#breadcrumb\",\"itemListElement\":[{\"@type\":\"ListItem\",\"position\":1,\"name\":\"Portada\",\"item\":\"https:\\\/\\\/www.comprarmejor.es\\\/en\\\/\"},{\"@type\":\"ListItem\",\"position\":2,\"name\":\"Shop\",\"item\":\"https:\\\/\\\/www.comprarmejor.es\\\/en\\\/shop\\\/\"},{\"@type\":\"ListItem\",\"position\":3,\"name\":\"Book study of Claudius Ptolemy Atlas of Vicent Garcia\"}]},{\"@type\":\"WebSite\",\"@id\":\"https:\\\/\\\/www.comprarmejor.es\\\/en\\\/#website\",\"url\":\"https:\\\/\\\/www.comprarmejor.es\\\/en\\\/\",\"name\":\"ComprarMejor\",\"description\":\"ComprarMejor\",\"publisher\":{\"@id\":\"https:\\\/\\\/www.comprarmejor.es\\\/en\\\/#organization\"},\"potentialAction\":[{\"@type\":\"SearchAction\",\"target\":{\"@type\":\"EntryPoint\",\"urlTemplate\":\"https:\\\/\\\/www.comprarmejor.es\\\/en\\\/?s={search_term_string}\"},\"query-input\":{\"@type\":\"PropertyValueSpecification\",\"valueRequired\":true,\"valueName\":\"search_term_string\"}}],\"inLanguage\":\"en-US\"},{\"@type\":\"Organization\",\"@id\":\"https:\\\/\\\/www.comprarmejor.es\\\/en\\\/#organization\",\"name\":\"COMPRAR MEJOR\",\"url\":\"https:\\\/\\\/www.comprarmejor.es\\\/en\\\/\",\"logo\":{\"@type\":\"ImageObject\",\"inLanguage\":\"en-US\",\"@id\":\"https:\\\/\\\/www.comprarmejor.es\\\/en\\\/#\\\/schema\\\/logo\\\/image\\\/\",\"url\":\"https:\\\/\\\/www.comprarmejor.es\\\/wp-content\\\/uploads\\\/2025\\\/09\\\/comprarmejortrinidad.jpg\",\"contentUrl\":\"https:\\\/\\\/www.comprarmejor.es\\\/wp-content\\\/uploads\\\/2025\\\/09\\\/comprarmejortrinidad.jpg\",\"width\":1022,\"height\":1380,\"caption\":\"COMPRAR MEJOR\"},\"image\":{\"@id\":\"https:\\\/\\\/www.comprarmejor.es\\\/en\\\/#\\\/schema\\\/logo\\\/image\\\/\"},\"sameAs\":[\"https:\\\/\\\/www.instagram.com\\\/amigosdelcodice\"]}]}<\/script>\n<!-- \/ Yoast SEO plugin. -->","yoast_head_json":{"title":"Book study of Claudius Ptolemy Atlas of Vicent Garcia","description":"This article corresponds to the book study facsimile he made in 1983 the publishing Vicent Garcia on the Atlas of Claudius Ptolemy","robots":{"index":"index","follow":"follow","max-snippet":"max-snippet:-1","max-image-preview":"max-image-preview:large","max-video-preview":"max-video-preview:-1"},"canonical":"https:\/\/www.comprarmejor.es\/en\/product\/book-study-of-claudius-ptolemy-atlas-of-vicent-garcia\/","og_locale":"en_US","og_type":"article","og_title":"Book study of Claudius Ptolemy Atlas of Vicent Garcia","og_description":"This article corresponds to the book study facsimile he made in 1983 the publishing Vicent Garcia on the Atlas of Claudius Ptolemy","og_url":"https:\/\/www.comprarmejor.es\/en\/product\/book-study-of-claudius-ptolemy-atlas-of-vicent-garcia\/","og_site_name":"ComprarMejor","article_modified_time":"2020-05-06T20:54:52+00:00","og_image":[{"width":561,"height":595,"url":"https:\/\/www.comprarmejor.es\/wp-content\/uploads\/2015\/12\/p_6_1_7_3_6173-Libro-estudio-del-Atlas-de-Claudio-Ptolomeo-de-Vicent-Garcia.jpg","type":"image\/jpeg"}],"twitter_card":"summary_large_image","twitter_misc":{"Est. reading time":"1 minute"},"schema":{"@context":"https:\/\/schema.org","@graph":[{"@type":"WebPage","@id":"https:\/\/www.comprarmejor.es\/en\/product\/book-study-of-claudius-ptolemy-atlas-of-vicent-garcia\/","url":"https:\/\/www.comprarmejor.es\/en\/product\/book-study-of-claudius-ptolemy-atlas-of-vicent-garcia\/","name":"Book study of Claudius Ptolemy Atlas of Vicent Garcia","isPartOf":{"@id":"https:\/\/www.comprarmejor.es\/en\/#website"},"primaryImageOfPage":{"@id":"https:\/\/www.comprarmejor.es\/en\/product\/book-study-of-claudius-ptolemy-atlas-of-vicent-garcia\/#primaryimage"},"image":{"@id":"https:\/\/www.comprarmejor.es\/en\/product\/book-study-of-claudius-ptolemy-atlas-of-vicent-garcia\/#primaryimage"},"thumbnailUrl":"https:\/\/www.comprarmejor.es\/wp-content\/uploads\/2015\/12\/p_6_1_7_3_6173-Libro-estudio-del-Atlas-de-Claudio-Ptolomeo-de-Vicent-Garcia.jpg","datePublished":"2015-12-29T17:47:20+00:00","dateModified":"2020-05-06T20:54:52+00:00","description":"This article corresponds to the book study facsimile he made in 1983 the publishing Vicent Garcia on the Atlas of Claudius Ptolemy","breadcrumb":{"@id":"https:\/\/www.comprarmejor.es\/en\/product\/book-study-of-claudius-ptolemy-atlas-of-vicent-garcia\/#breadcrumb"},"inLanguage":"en-US","potentialAction":[{"@type":"ReadAction","target":["https:\/\/www.comprarmejor.es\/en\/product\/book-study-of-claudius-ptolemy-atlas-of-vicent-garcia\/"]}]},{"@type":"ImageObject","inLanguage":"en-US","@id":"https:\/\/www.comprarmejor.es\/en\/product\/book-study-of-claudius-ptolemy-atlas-of-vicent-garcia\/#primaryimage","url":"https:\/\/www.comprarmejor.es\/wp-content\/uploads\/2015\/12\/p_6_1_7_3_6173-Libro-estudio-del-Atlas-de-Claudio-Ptolomeo-de-Vicent-Garcia.jpg","contentUrl":"https:\/\/www.comprarmejor.es\/wp-content\/uploads\/2015\/12\/p_6_1_7_3_6173-Libro-estudio-del-Atlas-de-Claudio-Ptolomeo-de-Vicent-Garcia.jpg","width":561,"height":595},{"@type":"BreadcrumbList","@id":"https:\/\/www.comprarmejor.es\/en\/product\/book-study-of-claudius-ptolemy-atlas-of-vicent-garcia\/#breadcrumb","itemListElement":[{"@type":"ListItem","position":1,"name":"Portada","item":"https:\/\/www.comprarmejor.es\/en\/"},{"@type":"ListItem","position":2,"name":"Shop","item":"https:\/\/www.comprarmejor.es\/en\/shop\/"},{"@type":"ListItem","position":3,"name":"Book study of Claudius Ptolemy Atlas of Vicent Garcia"}]},{"@type":"WebSite","@id":"https:\/\/www.comprarmejor.es\/en\/#website","url":"https:\/\/www.comprarmejor.es\/en\/","name":"ComprarMejor","description":"ComprarMejor","publisher":{"@id":"https:\/\/www.comprarmejor.es\/en\/#organization"},"potentialAction":[{"@type":"SearchAction","target":{"@type":"EntryPoint","urlTemplate":"https:\/\/www.comprarmejor.es\/en\/?s={search_term_string}"},"query-input":{"@type":"PropertyValueSpecification","valueRequired":true,"valueName":"search_term_string"}}],"inLanguage":"en-US"},{"@type":"Organization","@id":"https:\/\/www.comprarmejor.es\/en\/#organization","name":"COMPRAR MEJOR","url":"https:\/\/www.comprarmejor.es\/en\/","logo":{"@type":"ImageObject","inLanguage":"en-US","@id":"https:\/\/www.comprarmejor.es\/en\/#\/schema\/logo\/image\/","url":"https:\/\/www.comprarmejor.es\/wp-content\/uploads\/2025\/09\/comprarmejortrinidad.jpg","contentUrl":"https:\/\/www.comprarmejor.es\/wp-content\/uploads\/2025\/09\/comprarmejortrinidad.jpg","width":1022,"height":1380,"caption":"COMPRAR MEJOR"},"image":{"@id":"https:\/\/www.comprarmejor.es\/en\/#\/schema\/logo\/image\/"},"sameAs":["https:\/\/www.instagram.com\/amigosdelcodice"]}]}},"_links":{"self":[{"href":"https:\/\/www.comprarmejor.es\/en\/wp-json\/wp\/v2\/product\/50921","targetHints":{"allow":["GET"]}}],"collection":[{"href":"https:\/\/www.comprarmejor.es\/en\/wp-json\/wp\/v2\/product"}],"about":[{"href":"https:\/\/www.comprarmejor.es\/en\/wp-json\/wp\/v2\/types\/product"}],"wp:featuredmedia":[{"embeddable":true,"href":"https:\/\/www.comprarmejor.es\/en\/wp-json\/wp\/v2\/media\/50903"}],"wp:attachment":[{"href":"https:\/\/www.comprarmejor.es\/en\/wp-json\/wp\/v2\/media?parent=50921"}],"wp:term":[{"taxonomy":"product_brand","embeddable":true,"href":"https:\/\/www.comprarmejor.es\/en\/wp-json\/wp\/v2\/product_brand?post=50921"},{"taxonomy":"product_cat","embeddable":true,"href":"https:\/\/www.comprarmejor.es\/en\/wp-json\/wp\/v2\/product_cat?post=50921"},{"taxonomy":"product_tag","embeddable":true,"href":"https:\/\/www.comprarmejor.es\/en\/wp-json\/wp\/v2\/product_tag?post=50921"}],"curies":[{"name":"wp","href":"https:\/\/api.w.org\/{rel}","templated":true}]}}