{"id":50945,"date":"2015-12-30T00:31:42","date_gmt":"2015-12-29T23:31:42","guid":{"rendered":"https:\/\/www.comprarmejor.es\/producto\/one-hundred-and-one-sayings-of-don-quixote-in-tamazight-miniature-book-2005\/"},"modified":"2023-07-15T13:31:29","modified_gmt":"2023-07-15T11:31:29","slug":"the-samurai-code-bushido-the-spirit-of-japan-inazo-nitobe","status":"publish","type":"product","link":"https:\/\/www.comprarmejor.es\/en\/product\/the-samurai-code-bushido-the-spirit-of-japan-inazo-nitobe\/","title":{"rendered":"The Samurai Code. Bushido: the spirit of Japan. Inazo Nitobe"},"content":{"rendered":"<p style=\"text-align: justify;\">The Samurai Code. Bushido: the spirit of Japan. By Inazo Nitobe (1862-1933). Spanish edition of Tikal from 2014. Interesting work.<\/p>\n<p style=\"text-align: justify;\">Bound in the traditional Chinese way, with plate mounted on the cover. Format 19.5 x 26.5 cm. 96 pages.<\/p>\n<p style=\"text-align: justify;\">Interesting work to understand the ethics of a part of the ancient Japanese civilization, currently so far removed from Western social reality.<\/p>\n<p style=\"text-align: justify;\">Shipping costs according to order and destination<span title=\"Gastos de env\u00edo por cuenta del comprador, seg\u00fan pedido y destino.\">.\u00a0<\/span><span title=\"Cons\u00faltenos cualquier duda, as\u00ed como por cualquier otra obra, facs\u00edmile o art\u00edculo que est\u00e9 buscando.\"><a class=\"btn btn-default\" href=\"https:\/\/www.comprarmejor.es\/en\/contact\">Ask us<\/a> <span class=\"HwtZe\" lang=\"en\"><span class=\"jCAhz ChMk0b\"><span class=\"ryNqvb\">any questions, indicating the article reference.<\/span><\/span><\/span><br \/>\n<\/span><\/p>\n","protected":false},"excerpt":{"rendered":"<p style=\"text-align: justify;\"><span id=\"result_box\" lang=\"en\" xml:lang=\"en\"><span class=\"HwtZe\" lang=\"en\"><span class=\"jCAhz ChMk0b\"><span class=\"ryNqvb\">The Samurai Code.<\/span><\/span> <span class=\"jCAhz ChMk0b\"><span class=\"ryNqvb\">Bushido: the spirit of Japan.<\/span><\/span> <span class=\"jCAhz ChMk0b\"><span class=\"ryNqvb\">By Inazo Nitobe (1862-1933).<\/span><\/span> <span class=\"jCAhz ChMk0b\"><span class=\"ryNqvb\">Spanish edition of Tikal from 2014.<\/span><\/span><\/span><br \/>\n<\/span><\/p>\n","protected":false},"featured_media":88986,"template":"","meta":[],"product_brand":[],"product_cat":[2256],"product_tag":[],"class_list":{"0":"post-50945","1":"product","2":"type-product","3":"status-publish","4":"has-post-thumbnail","6":"product_cat-books-in-general","7":"product_shipping_class-from-0-to-1-kg","8":"description-off","10":"first","11":"instock","12":"taxable","13":"shipping-taxable","14":"purchasable","15":"product-type-simple"},"yoast_head":"<!-- This site is optimized with the Yoast SEO plugin v27.3 - https:\/\/yoast.com\/product\/yoast-seo-wordpress\/ -->\n<title>The Samurai Code. Bushido: the spirit of Japan. Inazo Nitobe<\/title>\n<meta name=\"description\" content=\"The Samurai Code. Bushido: the spirit of Japan. By Inazo Nitobe (1862-1933). Tikal Spanish edition of 2014. Interesting work.\" \/>\n<meta name=\"robots\" content=\"index, follow, max-snippet:-1, max-image-preview:large, max-video-preview:-1\" \/>\n<link rel=\"canonical\" href=\"https:\/\/www.comprarmejor.es\/en\/product\/the-samurai-code-bushido-the-spirit-of-japan-inazo-nitobe\/\" \/>\n<meta property=\"og:locale\" content=\"en_US\" \/>\n<meta property=\"og:type\" content=\"article\" \/>\n<meta property=\"og:title\" content=\"The Samurai Code. Bushido: the spirit of Japan. Inazo Nitobe\" \/>\n<meta property=\"og:description\" content=\"The Samurai Code. Bushido: the spirit of Japan. By Inazo Nitobe (1862-1933). Tikal Spanish edition of 2014. Interesting work.\" \/>\n<meta property=\"og:url\" content=\"https:\/\/www.comprarmejor.es\/en\/product\/the-samurai-code-bushido-the-spirit-of-japan-inazo-nitobe\/\" \/>\n<meta property=\"og:site_name\" content=\"ComprarMejor\" \/>\n<meta property=\"article:modified_time\" content=\"2023-07-15T11:31:29+00:00\" \/>\n<meta property=\"og:image\" content=\"https:\/\/www.comprarmejor.es\/wp-content\/uploads\/2015\/12\/CdSB-1.jpg\" \/>\n\t<meta property=\"og:image:width\" content=\"555\" \/>\n\t<meta property=\"og:image:height\" content=\"717\" \/>\n\t<meta property=\"og:image:type\" content=\"image\/jpeg\" \/>\n<meta name=\"twitter:card\" content=\"summary_large_image\" \/>\n<meta name=\"twitter:label1\" content=\"Est. reading time\" \/>\n\t<meta name=\"twitter:data1\" content=\"1 minute\" \/>\n<script type=\"application\/ld+json\" class=\"yoast-schema-graph\">{\"@context\":\"https:\\\/\\\/schema.org\",\"@graph\":[{\"@type\":\"WebPage\",\"@id\":\"https:\\\/\\\/www.comprarmejor.es\\\/en\\\/product\\\/the-samurai-code-bushido-the-spirit-of-japan-inazo-nitobe\\\/\",\"url\":\"https:\\\/\\\/www.comprarmejor.es\\\/en\\\/product\\\/the-samurai-code-bushido-the-spirit-of-japan-inazo-nitobe\\\/\",\"name\":\"The Samurai Code. Bushido: the spirit of Japan. Inazo Nitobe\",\"isPartOf\":{\"@id\":\"https:\\\/\\\/www.comprarmejor.es\\\/en\\\/#website\"},\"primaryImageOfPage\":{\"@id\":\"https:\\\/\\\/www.comprarmejor.es\\\/en\\\/product\\\/the-samurai-code-bushido-the-spirit-of-japan-inazo-nitobe\\\/#primaryimage\"},\"image\":{\"@id\":\"https:\\\/\\\/www.comprarmejor.es\\\/en\\\/product\\\/the-samurai-code-bushido-the-spirit-of-japan-inazo-nitobe\\\/#primaryimage\"},\"thumbnailUrl\":\"https:\\\/\\\/www.comprarmejor.es\\\/wp-content\\\/uploads\\\/2015\\\/12\\\/CdSB-1.jpg\",\"datePublished\":\"2015-12-29T23:31:42+00:00\",\"dateModified\":\"2023-07-15T11:31:29+00:00\",\"description\":\"The Samurai Code. Bushido: the spirit of Japan. By Inazo Nitobe (1862-1933). Tikal Spanish edition of 2014. Interesting work.\",\"breadcrumb\":{\"@id\":\"https:\\\/\\\/www.comprarmejor.es\\\/en\\\/product\\\/the-samurai-code-bushido-the-spirit-of-japan-inazo-nitobe\\\/#breadcrumb\"},\"inLanguage\":\"en-US\",\"potentialAction\":[{\"@type\":\"ReadAction\",\"target\":[\"https:\\\/\\\/www.comprarmejor.es\\\/en\\\/product\\\/the-samurai-code-bushido-the-spirit-of-japan-inazo-nitobe\\\/\"]}]},{\"@type\":\"ImageObject\",\"inLanguage\":\"en-US\",\"@id\":\"https:\\\/\\\/www.comprarmejor.es\\\/en\\\/product\\\/the-samurai-code-bushido-the-spirit-of-japan-inazo-nitobe\\\/#primaryimage\",\"url\":\"https:\\\/\\\/www.comprarmejor.es\\\/wp-content\\\/uploads\\\/2015\\\/12\\\/CdSB-1.jpg\",\"contentUrl\":\"https:\\\/\\\/www.comprarmejor.es\\\/wp-content\\\/uploads\\\/2015\\\/12\\\/CdSB-1.jpg\",\"width\":555,\"height\":717},{\"@type\":\"BreadcrumbList\",\"@id\":\"https:\\\/\\\/www.comprarmejor.es\\\/en\\\/product\\\/the-samurai-code-bushido-the-spirit-of-japan-inazo-nitobe\\\/#breadcrumb\",\"itemListElement\":[{\"@type\":\"ListItem\",\"position\":1,\"name\":\"Portada\",\"item\":\"https:\\\/\\\/www.comprarmejor.es\\\/en\\\/\"},{\"@type\":\"ListItem\",\"position\":2,\"name\":\"Shop\",\"item\":\"https:\\\/\\\/www.comprarmejor.es\\\/en\\\/shop\\\/\"},{\"@type\":\"ListItem\",\"position\":3,\"name\":\"The Samurai Code. Bushido: the spirit of Japan. Inazo Nitobe\"}]},{\"@type\":\"WebSite\",\"@id\":\"https:\\\/\\\/www.comprarmejor.es\\\/en\\\/#website\",\"url\":\"https:\\\/\\\/www.comprarmejor.es\\\/en\\\/\",\"name\":\"ComprarMejor\",\"description\":\"ComprarMejor\",\"publisher\":{\"@id\":\"https:\\\/\\\/www.comprarmejor.es\\\/en\\\/#organization\"},\"potentialAction\":[{\"@type\":\"SearchAction\",\"target\":{\"@type\":\"EntryPoint\",\"urlTemplate\":\"https:\\\/\\\/www.comprarmejor.es\\\/en\\\/?s={search_term_string}\"},\"query-input\":{\"@type\":\"PropertyValueSpecification\",\"valueRequired\":true,\"valueName\":\"search_term_string\"}}],\"inLanguage\":\"en-US\"},{\"@type\":\"Organization\",\"@id\":\"https:\\\/\\\/www.comprarmejor.es\\\/en\\\/#organization\",\"name\":\"COMPRAR MEJOR\",\"url\":\"https:\\\/\\\/www.comprarmejor.es\\\/en\\\/\",\"logo\":{\"@type\":\"ImageObject\",\"inLanguage\":\"en-US\",\"@id\":\"https:\\\/\\\/www.comprarmejor.es\\\/en\\\/#\\\/schema\\\/logo\\\/image\\\/\",\"url\":\"https:\\\/\\\/www.comprarmejor.es\\\/wp-content\\\/uploads\\\/2025\\\/09\\\/comprarmejortrinidad.jpg\",\"contentUrl\":\"https:\\\/\\\/www.comprarmejor.es\\\/wp-content\\\/uploads\\\/2025\\\/09\\\/comprarmejortrinidad.jpg\",\"width\":1022,\"height\":1380,\"caption\":\"COMPRAR MEJOR\"},\"image\":{\"@id\":\"https:\\\/\\\/www.comprarmejor.es\\\/en\\\/#\\\/schema\\\/logo\\\/image\\\/\"},\"sameAs\":[\"https:\\\/\\\/www.instagram.com\\\/amigosdelcodice\"]}]}<\/script>\n<!-- \/ Yoast SEO plugin. -->","yoast_head_json":{"title":"The Samurai Code. Bushido: the spirit of Japan. Inazo Nitobe","description":"The Samurai Code. Bushido: the spirit of Japan. By Inazo Nitobe (1862-1933). Tikal Spanish edition of 2014. Interesting work.","robots":{"index":"index","follow":"follow","max-snippet":"max-snippet:-1","max-image-preview":"max-image-preview:large","max-video-preview":"max-video-preview:-1"},"canonical":"https:\/\/www.comprarmejor.es\/en\/product\/the-samurai-code-bushido-the-spirit-of-japan-inazo-nitobe\/","og_locale":"en_US","og_type":"article","og_title":"The Samurai Code. Bushido: the spirit of Japan. Inazo Nitobe","og_description":"The Samurai Code. Bushido: the spirit of Japan. By Inazo Nitobe (1862-1933). Tikal Spanish edition of 2014. Interesting work.","og_url":"https:\/\/www.comprarmejor.es\/en\/product\/the-samurai-code-bushido-the-spirit-of-japan-inazo-nitobe\/","og_site_name":"ComprarMejor","article_modified_time":"2023-07-15T11:31:29+00:00","og_image":[{"width":555,"height":717,"url":"https:\/\/www.comprarmejor.es\/wp-content\/uploads\/2015\/12\/CdSB-1.jpg","type":"image\/jpeg"}],"twitter_card":"summary_large_image","twitter_misc":{"Est. reading time":"1 minute"},"schema":{"@context":"https:\/\/schema.org","@graph":[{"@type":"WebPage","@id":"https:\/\/www.comprarmejor.es\/en\/product\/the-samurai-code-bushido-the-spirit-of-japan-inazo-nitobe\/","url":"https:\/\/www.comprarmejor.es\/en\/product\/the-samurai-code-bushido-the-spirit-of-japan-inazo-nitobe\/","name":"The Samurai Code. Bushido: the spirit of Japan. Inazo Nitobe","isPartOf":{"@id":"https:\/\/www.comprarmejor.es\/en\/#website"},"primaryImageOfPage":{"@id":"https:\/\/www.comprarmejor.es\/en\/product\/the-samurai-code-bushido-the-spirit-of-japan-inazo-nitobe\/#primaryimage"},"image":{"@id":"https:\/\/www.comprarmejor.es\/en\/product\/the-samurai-code-bushido-the-spirit-of-japan-inazo-nitobe\/#primaryimage"},"thumbnailUrl":"https:\/\/www.comprarmejor.es\/wp-content\/uploads\/2015\/12\/CdSB-1.jpg","datePublished":"2015-12-29T23:31:42+00:00","dateModified":"2023-07-15T11:31:29+00:00","description":"The Samurai Code. Bushido: the spirit of Japan. By Inazo Nitobe (1862-1933). Tikal Spanish edition of 2014. Interesting work.","breadcrumb":{"@id":"https:\/\/www.comprarmejor.es\/en\/product\/the-samurai-code-bushido-the-spirit-of-japan-inazo-nitobe\/#breadcrumb"},"inLanguage":"en-US","potentialAction":[{"@type":"ReadAction","target":["https:\/\/www.comprarmejor.es\/en\/product\/the-samurai-code-bushido-the-spirit-of-japan-inazo-nitobe\/"]}]},{"@type":"ImageObject","inLanguage":"en-US","@id":"https:\/\/www.comprarmejor.es\/en\/product\/the-samurai-code-bushido-the-spirit-of-japan-inazo-nitobe\/#primaryimage","url":"https:\/\/www.comprarmejor.es\/wp-content\/uploads\/2015\/12\/CdSB-1.jpg","contentUrl":"https:\/\/www.comprarmejor.es\/wp-content\/uploads\/2015\/12\/CdSB-1.jpg","width":555,"height":717},{"@type":"BreadcrumbList","@id":"https:\/\/www.comprarmejor.es\/en\/product\/the-samurai-code-bushido-the-spirit-of-japan-inazo-nitobe\/#breadcrumb","itemListElement":[{"@type":"ListItem","position":1,"name":"Portada","item":"https:\/\/www.comprarmejor.es\/en\/"},{"@type":"ListItem","position":2,"name":"Shop","item":"https:\/\/www.comprarmejor.es\/en\/shop\/"},{"@type":"ListItem","position":3,"name":"The Samurai Code. Bushido: the spirit of Japan. Inazo Nitobe"}]},{"@type":"WebSite","@id":"https:\/\/www.comprarmejor.es\/en\/#website","url":"https:\/\/www.comprarmejor.es\/en\/","name":"ComprarMejor","description":"ComprarMejor","publisher":{"@id":"https:\/\/www.comprarmejor.es\/en\/#organization"},"potentialAction":[{"@type":"SearchAction","target":{"@type":"EntryPoint","urlTemplate":"https:\/\/www.comprarmejor.es\/en\/?s={search_term_string}"},"query-input":{"@type":"PropertyValueSpecification","valueRequired":true,"valueName":"search_term_string"}}],"inLanguage":"en-US"},{"@type":"Organization","@id":"https:\/\/www.comprarmejor.es\/en\/#organization","name":"COMPRAR MEJOR","url":"https:\/\/www.comprarmejor.es\/en\/","logo":{"@type":"ImageObject","inLanguage":"en-US","@id":"https:\/\/www.comprarmejor.es\/en\/#\/schema\/logo\/image\/","url":"https:\/\/www.comprarmejor.es\/wp-content\/uploads\/2025\/09\/comprarmejortrinidad.jpg","contentUrl":"https:\/\/www.comprarmejor.es\/wp-content\/uploads\/2025\/09\/comprarmejortrinidad.jpg","width":1022,"height":1380,"caption":"COMPRAR MEJOR"},"image":{"@id":"https:\/\/www.comprarmejor.es\/en\/#\/schema\/logo\/image\/"},"sameAs":["https:\/\/www.instagram.com\/amigosdelcodice"]}]}},"_links":{"self":[{"href":"https:\/\/www.comprarmejor.es\/en\/wp-json\/wp\/v2\/product\/50945","targetHints":{"allow":["GET"]}}],"collection":[{"href":"https:\/\/www.comprarmejor.es\/en\/wp-json\/wp\/v2\/product"}],"about":[{"href":"https:\/\/www.comprarmejor.es\/en\/wp-json\/wp\/v2\/types\/product"}],"wp:featuredmedia":[{"embeddable":true,"href":"https:\/\/www.comprarmejor.es\/en\/wp-json\/wp\/v2\/media\/88986"}],"wp:attachment":[{"href":"https:\/\/www.comprarmejor.es\/en\/wp-json\/wp\/v2\/media?parent=50945"}],"wp:term":[{"taxonomy":"product_brand","embeddable":true,"href":"https:\/\/www.comprarmejor.es\/en\/wp-json\/wp\/v2\/product_brand?post=50945"},{"taxonomy":"product_cat","embeddable":true,"href":"https:\/\/www.comprarmejor.es\/en\/wp-json\/wp\/v2\/product_cat?post=50945"},{"taxonomy":"product_tag","embeddable":true,"href":"https:\/\/www.comprarmejor.es\/en\/wp-json\/wp\/v2\/product_tag?post=50945"}],"curies":[{"name":"wp","href":"https:\/\/api.w.org\/{rel}","templated":true}]}}