{"id":50987,"date":"2016-01-01T23:49:42","date_gmt":"2016-01-01T22:49:42","guid":{"rendered":"https:\/\/www.comprarmejor.es\/producto\/1858-historical-legends-arabs-francisco-javier-simonet\/"},"modified":"2019-09-11T13:54:30","modified_gmt":"2019-09-11T11:54:30","slug":"1858-historical-legends-arabs-francisco-javier-simonet","status":"publish","type":"product","link":"https:\/\/www.comprarmejor.es\/en\/product\/1858-historical-legends-arabs-francisco-javier-simonet\/","title":{"rendered":"1858 historical legends Arabs, Francisco Javier Simonet"},"content":{"rendered":"<p style=\"text-align:justify;\"><span id=\"result_box\" lang=\"en\" xml:lang=\"en\"><span title=\"Literatura siglo XIX, Islam, libros ilustrados.\">XIX century literature, Islam, illustrated books. <\/span><span title=\"Primera y \u00fanica edici\u00f3n conocida de Leyendas hist\u00f3ricas \u00e1rabes, por Francisco Javier Simonet, e ilustrado por C. M\u00fagica.\">First and only known edition of Arab historical legends, by Francisco Javier Simonet, and illustrated by C. Mugica. <\/span><span title=\"Impresa en Madrid en 1858.\">Printed in Madrid in 1858.<\/p>\n<p><\/span><span title=\"Contiene 4 leyendas hist\u00f3ricas medievales de los \u00e1rabes en la Pen\u00ednsula Ib\u00e9rica: Almanzor, Meriem, Medina Azzahr\u00e1 y C\u00e1mar.\">It Contains 4 medieval historical legends of the Arabs in the Iberian Peninsula: Mansur, Meriem, Medina Azzahra and Camar.<\/p>\n<p><\/span><span title=\"Encuadernado en holandesa con puntas de \u00e9poca, lomo con t\u00edtulos y decoraci\u00f3n en dorado, cantos tintados.\">Dutch-bound tipped time back titles and decoration in gold, tinted edges. <\/span><span title=\"Formato 4\u00ba menor, tama\u00f1o 16,2 x 22,5 cm.\">4th smaller format, size 16.2 x 22.5 cm. <\/span><span title=\"512 p\u00e1ginas.\">512 pages. <\/span><span title=\"Tanto el frontis cromolitogr\u00e1fico como las 8 l\u00e1minas en color y de gran belleza.\">Both chromolithographic facade as the 8 color plates and beautiful.<\/p>\n<p><\/span><span title=\"El ejemplar presenta algunas manchas en el papel, normales y sin mucha importancia;\">The specimen has some stains on paper, normal and without much importance; <\/span><span title=\"en general, muy buen ejemplar y en buen estado.\">in general, very good copy in good condition.<\/p>\n<p><\/span><span title=\"Palau lo registra con el n\u00famero 314304. Bella e interesante edici\u00f3n.\">Palau records the number 314304. Beautiful and interesting issue.<\/p>\n<p><\/span><span title=\"Gastos de env\u00edo por cuenta del comprador, seg\u00fan pedido y destino.\">Shipping by the buyer, upon request and destination.\u00a0<\/span><span title=\"Cons\u00faltenos cualquier duda, as\u00ed como por cualquier otra obra o art\u00edculo que est\u00e9 buscando.\"><a class=\"btn btn-default\" href=\"http:\/\/comprarmejor.es\/en\/contact\">Ask us<\/a> any questions as well as any other work or article you are looking for.<\/span><\/span><\/p>\n","protected":false},"excerpt":{"rendered":"<p style=\"text-align:justify;\"><span id=\"result_box\" lang=\"en\" xml:lang=\"en\"><span title=\"Literatura siglo XIX, Islam, libros ilustrados.\">XIX century literature, Islam, illustrated books. <\/span><span title=\"Primera y \u00fanica edici\u00f3n conocida de Leyendas hist\u00f3ricas \u00e1rabes, por Francisco Javier Simonet, e ilustrado por C. M\u00fagica.\">First and only known edition of Arab historical legends, by Francisco Javier Simonet, and illustrated by C. Mugica. <\/span><span title=\"Impresa en Madrid en 1858.\">Printed in Madrid in 1858.<\/span><\/span><\/p>\n","protected":false},"featured_media":50965,"template":"","meta":[],"product_brand":[],"product_cat":[2188,2242,2202],"product_tag":[4663,4664],"class_list":{"0":"post-50987","1":"product","2":"type-product","3":"status-publish","4":"has-post-thumbnail","6":"product_cat-books","7":"product_cat-first-editions","8":"product_cat-old-books","9":"product_tag-almanzor-en","10":"product_tag-simonet-en","11":"product_shipping_class-from-0-to-1-kg","12":"description-off","14":"first","15":"instock","16":"sale","17":"taxable","18":"shipping-taxable","19":"purchasable","20":"product-type-simple"},"yoast_head":"<!-- This site is optimized with the Yoast SEO plugin v27.3 - https:\/\/yoast.com\/product\/yoast-seo-wordpress\/ -->\n<title>Historical legends Arabs, Francisco Javier Simonet, 1858<\/title>\n<meta name=\"description\" content=\"It Contains 4 medieval historical legends of the Arabs in the Iberian Peninsula: Mansur, Meriem, Medina Azzahra and Camar.\" \/>\n<meta name=\"robots\" content=\"index, follow, max-snippet:-1, max-image-preview:large, max-video-preview:-1\" \/>\n<link rel=\"canonical\" href=\"https:\/\/www.comprarmejor.es\/en\/product\/1858-historical-legends-arabs-francisco-javier-simonet\/\" \/>\n<meta property=\"og:locale\" content=\"en_US\" \/>\n<meta property=\"og:type\" content=\"article\" \/>\n<meta property=\"og:title\" content=\"Historical legends Arabs, Francisco Javier Simonet, 1858\" \/>\n<meta property=\"og:description\" content=\"It Contains 4 medieval historical legends of the Arabs in the Iberian Peninsula: Mansur, Meriem, Medina Azzahra and Camar.\" \/>\n<meta property=\"og:url\" content=\"https:\/\/www.comprarmejor.es\/en\/product\/1858-historical-legends-arabs-francisco-javier-simonet\/\" \/>\n<meta property=\"og:site_name\" content=\"ComprarMejor\" \/>\n<meta property=\"article:modified_time\" content=\"2019-09-11T11:54:30+00:00\" \/>\n<meta property=\"og:image\" content=\"https:\/\/www.comprarmejor.es\/wp-content\/uploads\/2016\/01\/p_2_2_2_1_2221-1858-Leyendas-historicas-arabes-Francisco-Javier-Simonet.jpg\" \/>\n\t<meta property=\"og:image:width\" content=\"599\" \/>\n\t<meta property=\"og:image:height\" content=\"449\" \/>\n\t<meta property=\"og:image:type\" content=\"image\/jpeg\" \/>\n<meta name=\"twitter:card\" content=\"summary_large_image\" \/>\n<meta name=\"twitter:label1\" content=\"Est. reading time\" \/>\n\t<meta name=\"twitter:data1\" content=\"1 minute\" \/>\n<script type=\"application\/ld+json\" class=\"yoast-schema-graph\">{\"@context\":\"https:\\\/\\\/schema.org\",\"@graph\":[{\"@type\":\"WebPage\",\"@id\":\"https:\\\/\\\/www.comprarmejor.es\\\/en\\\/product\\\/1858-historical-legends-arabs-francisco-javier-simonet\\\/\",\"url\":\"https:\\\/\\\/www.comprarmejor.es\\\/en\\\/product\\\/1858-historical-legends-arabs-francisco-javier-simonet\\\/\",\"name\":\"Historical legends Arabs, Francisco Javier Simonet, 1858\",\"isPartOf\":{\"@id\":\"https:\\\/\\\/www.comprarmejor.es\\\/en\\\/#website\"},\"primaryImageOfPage\":{\"@id\":\"https:\\\/\\\/www.comprarmejor.es\\\/en\\\/product\\\/1858-historical-legends-arabs-francisco-javier-simonet\\\/#primaryimage\"},\"image\":{\"@id\":\"https:\\\/\\\/www.comprarmejor.es\\\/en\\\/product\\\/1858-historical-legends-arabs-francisco-javier-simonet\\\/#primaryimage\"},\"thumbnailUrl\":\"https:\\\/\\\/www.comprarmejor.es\\\/wp-content\\\/uploads\\\/2016\\\/01\\\/p_2_2_2_1_2221-1858-Leyendas-historicas-arabes-Francisco-Javier-Simonet.jpg\",\"datePublished\":\"2016-01-01T22:49:42+00:00\",\"dateModified\":\"2019-09-11T11:54:30+00:00\",\"description\":\"It Contains 4 medieval historical legends of the Arabs in the Iberian Peninsula: Mansur, Meriem, Medina Azzahra and Camar.\",\"breadcrumb\":{\"@id\":\"https:\\\/\\\/www.comprarmejor.es\\\/en\\\/product\\\/1858-historical-legends-arabs-francisco-javier-simonet\\\/#breadcrumb\"},\"inLanguage\":\"en-US\",\"potentialAction\":[{\"@type\":\"ReadAction\",\"target\":[\"https:\\\/\\\/www.comprarmejor.es\\\/en\\\/product\\\/1858-historical-legends-arabs-francisco-javier-simonet\\\/\"]}]},{\"@type\":\"ImageObject\",\"inLanguage\":\"en-US\",\"@id\":\"https:\\\/\\\/www.comprarmejor.es\\\/en\\\/product\\\/1858-historical-legends-arabs-francisco-javier-simonet\\\/#primaryimage\",\"url\":\"https:\\\/\\\/www.comprarmejor.es\\\/wp-content\\\/uploads\\\/2016\\\/01\\\/p_2_2_2_1_2221-1858-Leyendas-historicas-arabes-Francisco-Javier-Simonet.jpg\",\"contentUrl\":\"https:\\\/\\\/www.comprarmejor.es\\\/wp-content\\\/uploads\\\/2016\\\/01\\\/p_2_2_2_1_2221-1858-Leyendas-historicas-arabes-Francisco-Javier-Simonet.jpg\",\"width\":599,\"height\":449},{\"@type\":\"BreadcrumbList\",\"@id\":\"https:\\\/\\\/www.comprarmejor.es\\\/en\\\/product\\\/1858-historical-legends-arabs-francisco-javier-simonet\\\/#breadcrumb\",\"itemListElement\":[{\"@type\":\"ListItem\",\"position\":1,\"name\":\"Portada\",\"item\":\"https:\\\/\\\/www.comprarmejor.es\\\/en\\\/\"},{\"@type\":\"ListItem\",\"position\":2,\"name\":\"Shop\",\"item\":\"https:\\\/\\\/www.comprarmejor.es\\\/en\\\/shop\\\/\"},{\"@type\":\"ListItem\",\"position\":3,\"name\":\"1858 historical legends Arabs, Francisco Javier Simonet\"}]},{\"@type\":\"WebSite\",\"@id\":\"https:\\\/\\\/www.comprarmejor.es\\\/en\\\/#website\",\"url\":\"https:\\\/\\\/www.comprarmejor.es\\\/en\\\/\",\"name\":\"ComprarMejor\",\"description\":\"ComprarMejor\",\"publisher\":{\"@id\":\"https:\\\/\\\/www.comprarmejor.es\\\/en\\\/#organization\"},\"potentialAction\":[{\"@type\":\"SearchAction\",\"target\":{\"@type\":\"EntryPoint\",\"urlTemplate\":\"https:\\\/\\\/www.comprarmejor.es\\\/en\\\/?s={search_term_string}\"},\"query-input\":{\"@type\":\"PropertyValueSpecification\",\"valueRequired\":true,\"valueName\":\"search_term_string\"}}],\"inLanguage\":\"en-US\"},{\"@type\":\"Organization\",\"@id\":\"https:\\\/\\\/www.comprarmejor.es\\\/en\\\/#organization\",\"name\":\"COMPRAR MEJOR\",\"url\":\"https:\\\/\\\/www.comprarmejor.es\\\/en\\\/\",\"logo\":{\"@type\":\"ImageObject\",\"inLanguage\":\"en-US\",\"@id\":\"https:\\\/\\\/www.comprarmejor.es\\\/en\\\/#\\\/schema\\\/logo\\\/image\\\/\",\"url\":\"https:\\\/\\\/www.comprarmejor.es\\\/wp-content\\\/uploads\\\/2025\\\/09\\\/comprarmejortrinidad.jpg\",\"contentUrl\":\"https:\\\/\\\/www.comprarmejor.es\\\/wp-content\\\/uploads\\\/2025\\\/09\\\/comprarmejortrinidad.jpg\",\"width\":1022,\"height\":1380,\"caption\":\"COMPRAR MEJOR\"},\"image\":{\"@id\":\"https:\\\/\\\/www.comprarmejor.es\\\/en\\\/#\\\/schema\\\/logo\\\/image\\\/\"},\"sameAs\":[\"https:\\\/\\\/www.instagram.com\\\/amigosdelcodice\"]}]}<\/script>\n<!-- \/ Yoast SEO plugin. -->","yoast_head_json":{"title":"Historical legends Arabs, Francisco Javier Simonet, 1858","description":"It Contains 4 medieval historical legends of the Arabs in the Iberian Peninsula: Mansur, Meriem, Medina Azzahra and Camar.","robots":{"index":"index","follow":"follow","max-snippet":"max-snippet:-1","max-image-preview":"max-image-preview:large","max-video-preview":"max-video-preview:-1"},"canonical":"https:\/\/www.comprarmejor.es\/en\/product\/1858-historical-legends-arabs-francisco-javier-simonet\/","og_locale":"en_US","og_type":"article","og_title":"Historical legends Arabs, Francisco Javier Simonet, 1858","og_description":"It Contains 4 medieval historical legends of the Arabs in the Iberian Peninsula: Mansur, Meriem, Medina Azzahra and Camar.","og_url":"https:\/\/www.comprarmejor.es\/en\/product\/1858-historical-legends-arabs-francisco-javier-simonet\/","og_site_name":"ComprarMejor","article_modified_time":"2019-09-11T11:54:30+00:00","og_image":[{"width":599,"height":449,"url":"https:\/\/www.comprarmejor.es\/wp-content\/uploads\/2016\/01\/p_2_2_2_1_2221-1858-Leyendas-historicas-arabes-Francisco-Javier-Simonet.jpg","type":"image\/jpeg"}],"twitter_card":"summary_large_image","twitter_misc":{"Est. reading time":"1 minute"},"schema":{"@context":"https:\/\/schema.org","@graph":[{"@type":"WebPage","@id":"https:\/\/www.comprarmejor.es\/en\/product\/1858-historical-legends-arabs-francisco-javier-simonet\/","url":"https:\/\/www.comprarmejor.es\/en\/product\/1858-historical-legends-arabs-francisco-javier-simonet\/","name":"Historical legends Arabs, Francisco Javier Simonet, 1858","isPartOf":{"@id":"https:\/\/www.comprarmejor.es\/en\/#website"},"primaryImageOfPage":{"@id":"https:\/\/www.comprarmejor.es\/en\/product\/1858-historical-legends-arabs-francisco-javier-simonet\/#primaryimage"},"image":{"@id":"https:\/\/www.comprarmejor.es\/en\/product\/1858-historical-legends-arabs-francisco-javier-simonet\/#primaryimage"},"thumbnailUrl":"https:\/\/www.comprarmejor.es\/wp-content\/uploads\/2016\/01\/p_2_2_2_1_2221-1858-Leyendas-historicas-arabes-Francisco-Javier-Simonet.jpg","datePublished":"2016-01-01T22:49:42+00:00","dateModified":"2019-09-11T11:54:30+00:00","description":"It Contains 4 medieval historical legends of the Arabs in the Iberian Peninsula: Mansur, Meriem, Medina Azzahra and Camar.","breadcrumb":{"@id":"https:\/\/www.comprarmejor.es\/en\/product\/1858-historical-legends-arabs-francisco-javier-simonet\/#breadcrumb"},"inLanguage":"en-US","potentialAction":[{"@type":"ReadAction","target":["https:\/\/www.comprarmejor.es\/en\/product\/1858-historical-legends-arabs-francisco-javier-simonet\/"]}]},{"@type":"ImageObject","inLanguage":"en-US","@id":"https:\/\/www.comprarmejor.es\/en\/product\/1858-historical-legends-arabs-francisco-javier-simonet\/#primaryimage","url":"https:\/\/www.comprarmejor.es\/wp-content\/uploads\/2016\/01\/p_2_2_2_1_2221-1858-Leyendas-historicas-arabes-Francisco-Javier-Simonet.jpg","contentUrl":"https:\/\/www.comprarmejor.es\/wp-content\/uploads\/2016\/01\/p_2_2_2_1_2221-1858-Leyendas-historicas-arabes-Francisco-Javier-Simonet.jpg","width":599,"height":449},{"@type":"BreadcrumbList","@id":"https:\/\/www.comprarmejor.es\/en\/product\/1858-historical-legends-arabs-francisco-javier-simonet\/#breadcrumb","itemListElement":[{"@type":"ListItem","position":1,"name":"Portada","item":"https:\/\/www.comprarmejor.es\/en\/"},{"@type":"ListItem","position":2,"name":"Shop","item":"https:\/\/www.comprarmejor.es\/en\/shop\/"},{"@type":"ListItem","position":3,"name":"1858 historical legends Arabs, Francisco Javier Simonet"}]},{"@type":"WebSite","@id":"https:\/\/www.comprarmejor.es\/en\/#website","url":"https:\/\/www.comprarmejor.es\/en\/","name":"ComprarMejor","description":"ComprarMejor","publisher":{"@id":"https:\/\/www.comprarmejor.es\/en\/#organization"},"potentialAction":[{"@type":"SearchAction","target":{"@type":"EntryPoint","urlTemplate":"https:\/\/www.comprarmejor.es\/en\/?s={search_term_string}"},"query-input":{"@type":"PropertyValueSpecification","valueRequired":true,"valueName":"search_term_string"}}],"inLanguage":"en-US"},{"@type":"Organization","@id":"https:\/\/www.comprarmejor.es\/en\/#organization","name":"COMPRAR MEJOR","url":"https:\/\/www.comprarmejor.es\/en\/","logo":{"@type":"ImageObject","inLanguage":"en-US","@id":"https:\/\/www.comprarmejor.es\/en\/#\/schema\/logo\/image\/","url":"https:\/\/www.comprarmejor.es\/wp-content\/uploads\/2025\/09\/comprarmejortrinidad.jpg","contentUrl":"https:\/\/www.comprarmejor.es\/wp-content\/uploads\/2025\/09\/comprarmejortrinidad.jpg","width":1022,"height":1380,"caption":"COMPRAR MEJOR"},"image":{"@id":"https:\/\/www.comprarmejor.es\/en\/#\/schema\/logo\/image\/"},"sameAs":["https:\/\/www.instagram.com\/amigosdelcodice"]}]}},"_links":{"self":[{"href":"https:\/\/www.comprarmejor.es\/en\/wp-json\/wp\/v2\/product\/50987","targetHints":{"allow":["GET"]}}],"collection":[{"href":"https:\/\/www.comprarmejor.es\/en\/wp-json\/wp\/v2\/product"}],"about":[{"href":"https:\/\/www.comprarmejor.es\/en\/wp-json\/wp\/v2\/types\/product"}],"wp:featuredmedia":[{"embeddable":true,"href":"https:\/\/www.comprarmejor.es\/en\/wp-json\/wp\/v2\/media\/50965"}],"wp:attachment":[{"href":"https:\/\/www.comprarmejor.es\/en\/wp-json\/wp\/v2\/media?parent=50987"}],"wp:term":[{"taxonomy":"product_brand","embeddable":true,"href":"https:\/\/www.comprarmejor.es\/en\/wp-json\/wp\/v2\/product_brand?post=50987"},{"taxonomy":"product_cat","embeddable":true,"href":"https:\/\/www.comprarmejor.es\/en\/wp-json\/wp\/v2\/product_cat?post=50987"},{"taxonomy":"product_tag","embeddable":true,"href":"https:\/\/www.comprarmejor.es\/en\/wp-json\/wp\/v2\/product_tag?post=50987"}],"curies":[{"name":"wp","href":"https:\/\/api.w.org\/{rel}","templated":true}]}}