{"id":51057,"date":"2016-01-06T15:16:31","date_gmt":"2016-01-06T14:16:31","guid":{"rendered":"https:\/\/www.comprarmejor.es\/producto\/xaverio-munoz-alpha-and-omega-petral-maximal-1998\/"},"modified":"2024-10-20T21:19:54","modified_gmt":"2024-10-20T19:19:54","slug":"xaverio-munoz-alpha-and-omega-petral-maximal-1998","status":"publish","type":"product","link":"https:\/\/www.comprarmejor.es\/en\/product\/xaverio-munoz-alpha-and-omega-petral-maximal-1998\/","title":{"rendered":"Xaverio Munoz: Alpha and Omega, petral maximal, 1998"},"content":{"rendered":"<p style=\"text-align: justify;\"><span id=\"result_box\" lang=\"en\" xml:lang=\"en\"><span title=\"Obra art\u00edstica exclusiva realizada por Xaverio Mu\u00f1oz en 1998 en su taller de La Zubia, Granada.\">Exclusive artwork by Xaverio Mu\u00f1oz in 1998 in his workshop in La Zubia, Granada. <\/span><span title=\"Obra original, firmada, con dosier del propio autor en el que incluye las caracter\u00edsticas t\u00e9cnicas y amplia informaci\u00f3n del mismo, relaci\u00f3n de exposiciones individuales y colectivas.\">Original, signed with the author&#8217;s dossier in which includes the technical characteristics and the same extensive information, list of solo and group exhibitions. <\/span><span title=\"Sus obras se encuentran en museos e instituciones nacionales e internacionales y, entre otras personalidades, en las Casas Reales de Espa\u00f1a, Dinamarca, Inglaterra, Pa\u00edses Bajos, Tailandia y Marruecos.\">His works are in museums and national and international institutions, among others, in the royal houses of Spain, Denmark, England, Netherlands, Thailand and Morocco.<\/span><\/span><\/p>\n<p style=\"text-align: justify;\"><span title=\"T\u00e9cnica: petrales maximal, minerales y pigmentos puros sobre un soporte de DM.\">Technique: petrals maximal, minerals and pure pigments on a support DM. <\/span><span title=\"Medidas: 40 cms.\">Dimensions: 40 cms. <\/span><span title=\"de di\u00e1metro y 5 cms.\">in diameter and 5 cm. <\/span><span title=\"de grosor.\">thick.<\/span><\/p>\n<p style=\"text-align: justify;\"><span title=\"Como el mismo autor dice: \u201cdenomino \u201cpetral\u201d a la t\u00e9cnica que empleo en esta colecci\u00f3n de obras mist\u00e9ricas, donde el color y la textura las consigo con una combinaci\u00f3n de minerales y pigmentos aglutinados con resinas y aplicados sobre l\u00e1minas de madera.\">As the author says: &#8220;I call&#8221; petral &#8220;the technique I use in this collection of mystery works where the color and texture of him with a combination of minerals and pigments bound with resins and applied to sheets of wood. <\/span><span title=\"El resultado son obras de apariencia p\u00e9trea de gran sencillez, que a su vez est\u00e1n cargadas de matices que cambian seg\u00fan la luz y la posici\u00f3n del espectador.\u201d\">The result are works of stony appearance of great simplicity, which in turn are loaded with nuances that change with the light and the viewer&#8217;s position. &#8220;<\/span><\/p>\n<p style=\"text-align: justify;\"><span title=\"\u201cEsta obra plasma la uni\u00f3n de las letras griegas alfa y omega, formadas dentro de un cuadrado en cuyos v\u00e9rtices pasa una circunferencia.\">&#8220;This work reflects the union of Greek letters alpha and omega, formed in a square in a circle whose vertices passes. <\/span><span title=\"La letra alfa simboliza el principio y la letra omega el fin, el cuadrado lo terrenal y la circunferencia representa la b\u00f3veda celeste.\">The letter alpha symbolizes the beginning and the end letter omega, the square and the circle earthly represents the sky. <\/span><span title=\"Estas dos letras unidas en una circunferencia simbolizan el conocimiento y el anhelo del ser humano por conseguirlo.\">These two letters together in a circle symbolize the knowledge and the human desire for it.<br \/>\n<\/span><span title=\"Los colores de las letras alfa y omega han sido realizados con la t\u00e9cnica \u201cPetral\u201d, con pigmentos puros y minerales a los que se le atribuye en diferentes tradiciones inici\u00e1ticas diversos poderes.\">The colors of the letters alpha and omega have been made with the technique &#8220;Petral&#8221; with pure pigments and minerals to which it is attributed in different initiatory traditions various powers. <\/span><span title=\"El color verde simboliza entre otras cosas, la esperanza por alcanzar la sabidur\u00eda, el color azul simboliza el universo y lo divino.\">The color green symbolizes among other things, hope for gaining wisdom, the blue symbolizes the universe and the divine.<br \/>\n<\/span><span title=\"Relaci\u00f3n de minerales utilizados y propiedades atribuidas:\">List of minerals used and attributed properties:<br \/>\n<\/span><span title=\"Aguamarina\u2026 Amatista\u2026 Cuarzo\u2026 Malaquita\u2026 Pirita\u2026 Turquesa\u2026\u201d\">&#8230; Quartz Amethyst Aquamarine &#8230; &#8230; &#8230; Malachite Turquoise Pyrite &#8230; &#8230; &#8220;<\/span><\/p>\n<p style=\"text-align: justify;\"><span title=\"Gastos de env\u00edo por cuenta del comprador, seg\u00fan pedido y destino.\"><span class=\"HwtZe\" lang=\"en\"><span class=\"jCAhz ChMk0b\"><span class=\"ryNqvb\">Free shipping for this item<\/span><\/span><\/span>. <\/span><span title=\"Cons\u00faltenos cualquier duda, as\u00ed como por cualquier otro art\u00edculo que est\u00e9 buscando.\"><a class=\"btn btn-default\" href=\"https:\/\/www.comprarmejor.es\/en\/contact\">Ask us<\/a> <span class=\"HwtZe\" lang=\"en\"><span class=\"jCAhz ChMk0b\"><span class=\"ryNqvb\">with any questions, indicating the item reference.<\/span><\/span><\/span><br \/>\n<\/span><\/p>\n","protected":false},"excerpt":{"rendered":"<p style=\"text-align: justify;\"><span id=\"result_box\" lang=\"en\" xml:lang=\"en\"><span title=\"Obra original, firmada, con dosier del propio autor en el que incluye las caracter\u00edsticas t\u00e9cnicas y amplia informaci\u00f3n del mismo, relaci\u00f3n de exposiciones individuales y colectivas.\">Original, signed with the author&#8217;s dossier in which includes the technical characteristics and the same extensive information, list of solo and group exhibitions.<\/span><\/span><\/p>\n","protected":false},"featured_media":51053,"template":"","meta":[],"product_brand":[],"product_cat":[2198,5386],"product_tag":[5761,5766,5791,4644,4643,4642],"class_list":{"0":"post-51057","1":"product","2":"type-product","3":"status-publish","4":"has-post-thumbnail","6":"product_cat-art","7":"product_cat-home-decoration","8":"product_tag-alfa-en","9":"product_tag-amatista-en","10":"product_tag-arte-en","11":"product_tag-omega-en","12":"product_tag-petral-en","13":"product_tag-xaverio-en","14":"description-off","16":"first","17":"instock","18":"sale","19":"taxable","20":"shipping-taxable","21":"purchasable","22":"product-type-simple"},"yoast_head":"<!-- This site is optimized with the Yoast SEO plugin v27.3 - https:\/\/yoast.com\/product\/yoast-seo-wordpress\/ -->\n<title>Xaverio Munoz: Alpha and Omega, petral maximal, 1998<\/title>\n<meta name=\"description\" content=\"Exclusive artwork by Xaverio Mu\u00f1oz in 1998 in his workshop in La Zubia, Granada. Original, signed with the author&#039;s dossier in which includes the technical\" \/>\n<meta name=\"robots\" content=\"index, follow, max-snippet:-1, max-image-preview:large, max-video-preview:-1\" \/>\n<link rel=\"canonical\" href=\"https:\/\/www.comprarmejor.es\/en\/product\/xaverio-munoz-alpha-and-omega-petral-maximal-1998\/\" \/>\n<meta property=\"og:locale\" content=\"en_US\" \/>\n<meta property=\"og:type\" content=\"article\" \/>\n<meta property=\"og:title\" content=\"Xaverio Munoz: Alpha and Omega, petral maximal, 1998\" \/>\n<meta property=\"og:description\" content=\"Exclusive artwork by Xaverio Mu\u00f1oz in 1998 in his workshop in La Zubia, Granada. Original, signed with the author&#039;s dossier in which includes the technical\" \/>\n<meta property=\"og:url\" content=\"https:\/\/www.comprarmejor.es\/en\/product\/xaverio-munoz-alpha-and-omega-petral-maximal-1998\/\" \/>\n<meta property=\"og:site_name\" content=\"ComprarMejor\" \/>\n<meta property=\"article:modified_time\" content=\"2024-10-20T19:19:54+00:00\" \/>\n<meta property=\"og:image\" content=\"https:\/\/www.comprarmejor.es\/wp-content\/uploads\/2016\/01\/p_2_2_5_9_2259-Xaverio-Munoz-Alfa-y-Omega-petral-maximal-1998.jpg\" \/>\n\t<meta property=\"og:image:width\" content=\"600\" \/>\n\t<meta property=\"og:image:height\" content=\"486\" \/>\n\t<meta property=\"og:image:type\" content=\"image\/jpeg\" \/>\n<meta name=\"twitter:card\" content=\"summary_large_image\" \/>\n<meta name=\"twitter:label1\" content=\"Est. reading time\" \/>\n\t<meta name=\"twitter:data1\" content=\"2 minutes\" \/>\n<script type=\"application\/ld+json\" class=\"yoast-schema-graph\">{\"@context\":\"https:\\\/\\\/schema.org\",\"@graph\":[{\"@type\":\"WebPage\",\"@id\":\"https:\\\/\\\/www.comprarmejor.es\\\/en\\\/product\\\/xaverio-munoz-alpha-and-omega-petral-maximal-1998\\\/\",\"url\":\"https:\\\/\\\/www.comprarmejor.es\\\/en\\\/product\\\/xaverio-munoz-alpha-and-omega-petral-maximal-1998\\\/\",\"name\":\"Xaverio Munoz: Alpha and Omega, petral maximal, 1998\",\"isPartOf\":{\"@id\":\"https:\\\/\\\/www.comprarmejor.es\\\/en\\\/#website\"},\"primaryImageOfPage\":{\"@id\":\"https:\\\/\\\/www.comprarmejor.es\\\/en\\\/product\\\/xaverio-munoz-alpha-and-omega-petral-maximal-1998\\\/#primaryimage\"},\"image\":{\"@id\":\"https:\\\/\\\/www.comprarmejor.es\\\/en\\\/product\\\/xaverio-munoz-alpha-and-omega-petral-maximal-1998\\\/#primaryimage\"},\"thumbnailUrl\":\"https:\\\/\\\/www.comprarmejor.es\\\/wp-content\\\/uploads\\\/2016\\\/01\\\/p_2_2_5_9_2259-Xaverio-Munoz-Alfa-y-Omega-petral-maximal-1998.jpg\",\"datePublished\":\"2016-01-06T14:16:31+00:00\",\"dateModified\":\"2024-10-20T19:19:54+00:00\",\"description\":\"Exclusive artwork by Xaverio Mu\u00f1oz in 1998 in his workshop in La Zubia, Granada. Original, signed with the author's dossier in which includes the technical\",\"breadcrumb\":{\"@id\":\"https:\\\/\\\/www.comprarmejor.es\\\/en\\\/product\\\/xaverio-munoz-alpha-and-omega-petral-maximal-1998\\\/#breadcrumb\"},\"inLanguage\":\"en-US\",\"potentialAction\":[{\"@type\":\"ReadAction\",\"target\":[\"https:\\\/\\\/www.comprarmejor.es\\\/en\\\/product\\\/xaverio-munoz-alpha-and-omega-petral-maximal-1998\\\/\"]}]},{\"@type\":\"ImageObject\",\"inLanguage\":\"en-US\",\"@id\":\"https:\\\/\\\/www.comprarmejor.es\\\/en\\\/product\\\/xaverio-munoz-alpha-and-omega-petral-maximal-1998\\\/#primaryimage\",\"url\":\"https:\\\/\\\/www.comprarmejor.es\\\/wp-content\\\/uploads\\\/2016\\\/01\\\/p_2_2_5_9_2259-Xaverio-Munoz-Alfa-y-Omega-petral-maximal-1998.jpg\",\"contentUrl\":\"https:\\\/\\\/www.comprarmejor.es\\\/wp-content\\\/uploads\\\/2016\\\/01\\\/p_2_2_5_9_2259-Xaverio-Munoz-Alfa-y-Omega-petral-maximal-1998.jpg\",\"width\":600,\"height\":486},{\"@type\":\"BreadcrumbList\",\"@id\":\"https:\\\/\\\/www.comprarmejor.es\\\/en\\\/product\\\/xaverio-munoz-alpha-and-omega-petral-maximal-1998\\\/#breadcrumb\",\"itemListElement\":[{\"@type\":\"ListItem\",\"position\":1,\"name\":\"Portada\",\"item\":\"https:\\\/\\\/www.comprarmejor.es\\\/en\\\/\"},{\"@type\":\"ListItem\",\"position\":2,\"name\":\"Shop\",\"item\":\"https:\\\/\\\/www.comprarmejor.es\\\/en\\\/shop\\\/\"},{\"@type\":\"ListItem\",\"position\":3,\"name\":\"Xaverio Munoz: Alpha and Omega, petral maximal, 1998\"}]},{\"@type\":\"WebSite\",\"@id\":\"https:\\\/\\\/www.comprarmejor.es\\\/en\\\/#website\",\"url\":\"https:\\\/\\\/www.comprarmejor.es\\\/en\\\/\",\"name\":\"ComprarMejor\",\"description\":\"ComprarMejor\",\"publisher\":{\"@id\":\"https:\\\/\\\/www.comprarmejor.es\\\/en\\\/#organization\"},\"potentialAction\":[{\"@type\":\"SearchAction\",\"target\":{\"@type\":\"EntryPoint\",\"urlTemplate\":\"https:\\\/\\\/www.comprarmejor.es\\\/en\\\/?s={search_term_string}\"},\"query-input\":{\"@type\":\"PropertyValueSpecification\",\"valueRequired\":true,\"valueName\":\"search_term_string\"}}],\"inLanguage\":\"en-US\"},{\"@type\":\"Organization\",\"@id\":\"https:\\\/\\\/www.comprarmejor.es\\\/en\\\/#organization\",\"name\":\"COMPRAR MEJOR\",\"url\":\"https:\\\/\\\/www.comprarmejor.es\\\/en\\\/\",\"logo\":{\"@type\":\"ImageObject\",\"inLanguage\":\"en-US\",\"@id\":\"https:\\\/\\\/www.comprarmejor.es\\\/en\\\/#\\\/schema\\\/logo\\\/image\\\/\",\"url\":\"https:\\\/\\\/www.comprarmejor.es\\\/wp-content\\\/uploads\\\/2025\\\/09\\\/comprarmejortrinidad.jpg\",\"contentUrl\":\"https:\\\/\\\/www.comprarmejor.es\\\/wp-content\\\/uploads\\\/2025\\\/09\\\/comprarmejortrinidad.jpg\",\"width\":1022,\"height\":1380,\"caption\":\"COMPRAR MEJOR\"},\"image\":{\"@id\":\"https:\\\/\\\/www.comprarmejor.es\\\/en\\\/#\\\/schema\\\/logo\\\/image\\\/\"},\"sameAs\":[\"https:\\\/\\\/www.instagram.com\\\/amigosdelcodice\"]}]}<\/script>\n<!-- \/ Yoast SEO plugin. -->","yoast_head_json":{"title":"Xaverio Munoz: Alpha and Omega, petral maximal, 1998","description":"Exclusive artwork by Xaverio Mu\u00f1oz in 1998 in his workshop in La Zubia, Granada. Original, signed with the author's dossier in which includes the technical","robots":{"index":"index","follow":"follow","max-snippet":"max-snippet:-1","max-image-preview":"max-image-preview:large","max-video-preview":"max-video-preview:-1"},"canonical":"https:\/\/www.comprarmejor.es\/en\/product\/xaverio-munoz-alpha-and-omega-petral-maximal-1998\/","og_locale":"en_US","og_type":"article","og_title":"Xaverio Munoz: Alpha and Omega, petral maximal, 1998","og_description":"Exclusive artwork by Xaverio Mu\u00f1oz in 1998 in his workshop in La Zubia, Granada. Original, signed with the author's dossier in which includes the technical","og_url":"https:\/\/www.comprarmejor.es\/en\/product\/xaverio-munoz-alpha-and-omega-petral-maximal-1998\/","og_site_name":"ComprarMejor","article_modified_time":"2024-10-20T19:19:54+00:00","og_image":[{"width":600,"height":486,"url":"https:\/\/www.comprarmejor.es\/wp-content\/uploads\/2016\/01\/p_2_2_5_9_2259-Xaverio-Munoz-Alfa-y-Omega-petral-maximal-1998.jpg","type":"image\/jpeg"}],"twitter_card":"summary_large_image","twitter_misc":{"Est. reading time":"2 minutes"},"schema":{"@context":"https:\/\/schema.org","@graph":[{"@type":"WebPage","@id":"https:\/\/www.comprarmejor.es\/en\/product\/xaverio-munoz-alpha-and-omega-petral-maximal-1998\/","url":"https:\/\/www.comprarmejor.es\/en\/product\/xaverio-munoz-alpha-and-omega-petral-maximal-1998\/","name":"Xaverio Munoz: Alpha and Omega, petral maximal, 1998","isPartOf":{"@id":"https:\/\/www.comprarmejor.es\/en\/#website"},"primaryImageOfPage":{"@id":"https:\/\/www.comprarmejor.es\/en\/product\/xaverio-munoz-alpha-and-omega-petral-maximal-1998\/#primaryimage"},"image":{"@id":"https:\/\/www.comprarmejor.es\/en\/product\/xaverio-munoz-alpha-and-omega-petral-maximal-1998\/#primaryimage"},"thumbnailUrl":"https:\/\/www.comprarmejor.es\/wp-content\/uploads\/2016\/01\/p_2_2_5_9_2259-Xaverio-Munoz-Alfa-y-Omega-petral-maximal-1998.jpg","datePublished":"2016-01-06T14:16:31+00:00","dateModified":"2024-10-20T19:19:54+00:00","description":"Exclusive artwork by Xaverio Mu\u00f1oz in 1998 in his workshop in La Zubia, Granada. Original, signed with the author's dossier in which includes the technical","breadcrumb":{"@id":"https:\/\/www.comprarmejor.es\/en\/product\/xaverio-munoz-alpha-and-omega-petral-maximal-1998\/#breadcrumb"},"inLanguage":"en-US","potentialAction":[{"@type":"ReadAction","target":["https:\/\/www.comprarmejor.es\/en\/product\/xaverio-munoz-alpha-and-omega-petral-maximal-1998\/"]}]},{"@type":"ImageObject","inLanguage":"en-US","@id":"https:\/\/www.comprarmejor.es\/en\/product\/xaverio-munoz-alpha-and-omega-petral-maximal-1998\/#primaryimage","url":"https:\/\/www.comprarmejor.es\/wp-content\/uploads\/2016\/01\/p_2_2_5_9_2259-Xaverio-Munoz-Alfa-y-Omega-petral-maximal-1998.jpg","contentUrl":"https:\/\/www.comprarmejor.es\/wp-content\/uploads\/2016\/01\/p_2_2_5_9_2259-Xaverio-Munoz-Alfa-y-Omega-petral-maximal-1998.jpg","width":600,"height":486},{"@type":"BreadcrumbList","@id":"https:\/\/www.comprarmejor.es\/en\/product\/xaverio-munoz-alpha-and-omega-petral-maximal-1998\/#breadcrumb","itemListElement":[{"@type":"ListItem","position":1,"name":"Portada","item":"https:\/\/www.comprarmejor.es\/en\/"},{"@type":"ListItem","position":2,"name":"Shop","item":"https:\/\/www.comprarmejor.es\/en\/shop\/"},{"@type":"ListItem","position":3,"name":"Xaverio Munoz: Alpha and Omega, petral maximal, 1998"}]},{"@type":"WebSite","@id":"https:\/\/www.comprarmejor.es\/en\/#website","url":"https:\/\/www.comprarmejor.es\/en\/","name":"ComprarMejor","description":"ComprarMejor","publisher":{"@id":"https:\/\/www.comprarmejor.es\/en\/#organization"},"potentialAction":[{"@type":"SearchAction","target":{"@type":"EntryPoint","urlTemplate":"https:\/\/www.comprarmejor.es\/en\/?s={search_term_string}"},"query-input":{"@type":"PropertyValueSpecification","valueRequired":true,"valueName":"search_term_string"}}],"inLanguage":"en-US"},{"@type":"Organization","@id":"https:\/\/www.comprarmejor.es\/en\/#organization","name":"COMPRAR MEJOR","url":"https:\/\/www.comprarmejor.es\/en\/","logo":{"@type":"ImageObject","inLanguage":"en-US","@id":"https:\/\/www.comprarmejor.es\/en\/#\/schema\/logo\/image\/","url":"https:\/\/www.comprarmejor.es\/wp-content\/uploads\/2025\/09\/comprarmejortrinidad.jpg","contentUrl":"https:\/\/www.comprarmejor.es\/wp-content\/uploads\/2025\/09\/comprarmejortrinidad.jpg","width":1022,"height":1380,"caption":"COMPRAR MEJOR"},"image":{"@id":"https:\/\/www.comprarmejor.es\/en\/#\/schema\/logo\/image\/"},"sameAs":["https:\/\/www.instagram.com\/amigosdelcodice"]}]}},"_links":{"self":[{"href":"https:\/\/www.comprarmejor.es\/en\/wp-json\/wp\/v2\/product\/51057","targetHints":{"allow":["GET"]}}],"collection":[{"href":"https:\/\/www.comprarmejor.es\/en\/wp-json\/wp\/v2\/product"}],"about":[{"href":"https:\/\/www.comprarmejor.es\/en\/wp-json\/wp\/v2\/types\/product"}],"wp:featuredmedia":[{"embeddable":true,"href":"https:\/\/www.comprarmejor.es\/en\/wp-json\/wp\/v2\/media\/51053"}],"wp:attachment":[{"href":"https:\/\/www.comprarmejor.es\/en\/wp-json\/wp\/v2\/media?parent=51057"}],"wp:term":[{"taxonomy":"product_brand","embeddable":true,"href":"https:\/\/www.comprarmejor.es\/en\/wp-json\/wp\/v2\/product_brand?post=51057"},{"taxonomy":"product_cat","embeddable":true,"href":"https:\/\/www.comprarmejor.es\/en\/wp-json\/wp\/v2\/product_cat?post=51057"},{"taxonomy":"product_tag","embeddable":true,"href":"https:\/\/www.comprarmejor.es\/en\/wp-json\/wp\/v2\/product_tag?post=51057"}],"curies":[{"name":"wp","href":"https:\/\/api.w.org\/{rel}","templated":true}]}}