{"id":51117,"date":"2016-01-07T17:31:11","date_gmt":"2016-01-07T16:31:11","guid":{"rendered":"https:\/\/www.comprarmejor.es\/producto\/book-four-courtesans-diseases-1544\/"},"modified":"2019-09-11T10:59:39","modified_gmt":"2019-09-11T08:59:39","slug":"book-four-courtesans-diseases-1544","status":"publish","type":"product","link":"https:\/\/www.comprarmejor.es\/en\/product\/book-four-courtesans-diseases-1544\/","title":{"rendered":"Book four courtesans diseases, 1544"},"content":{"rendered":"<p style=\"text-align:justify;\"><span id=\"result_box\" lang=\"en\" xml:lang=\"en\"><span title=\"Facs\u00edmile del original de 1544 impreso en Toledo y escrito por el Dr. Luis Lobera de \u00c1vila, que se conserva en la Biblioteca de la Universidad Complutense de Madrid, precedido por un estudio del Dr. Luis S. Granjel.\">1544 facsimile of the original printed in Toledo and written by Dr. Luis Lobera de \u00c1vila, which is preserved in the Library of the Complutense University of Madrid, preceded by a study by Dr. Luis S. Granjel.<\/p>\n<p><\/span><span title=\"Termina el libro con otro facs\u00edmile (Libro de experiencias de medicina) del mismo autor y publicado en el mismo a\u00f1o y lugar que el anterior.\">The book ends with another facsimile (Book of experience medicine) by the same author and published in the same year and place as above.<\/p>\n<p><\/span><span title=\"Edici\u00f3n perteneciente a la Biblioteca de Cl\u00e1sicos de la Medicina Espa\u00f1ola, coeditada en 1992 por la Fundaci\u00f3n de Ciencias de la Salud y la Sociedad Estatal Quinto Centenario.\">Editing belonging to the Library of Classics Spanish Medicine, co-edited in 1992 by the Foundation of Health Sciences and the Sociedad Estatal Quinto Centenario.<\/p>\n<p><\/span><span title=\"Ejemplar en perfecto estado.\">Copy in perfect condition. <\/span><span title=\"Formato 21,5 x 29,8 cm.\">21.5 x 29.8 cm format. <\/span><span title=\"16 p\u00e1ginas de estudio m\u00e1s 166 p\u00e1ginas del primer facs\u00edmile, m\u00e1s 68 p\u00e1ginas del segundo.\">16 pages of study over 166 pages of the first facsimile, plus 68 pages of the second. <\/span><span title=\"Encuadernado en tapa dura con impresiones en tinta negra.\">Bound in hardcover with prints in black ink.<\/p>\n<p><\/span><span title=\"Las obras de Lobera se singularizan por ser escritos destinados a quienes eran o pod\u00edan llegar a ser pacientes suyos, los cortesanos del Emperador Carlos, raz\u00f3n que explica fueran redactados en espa\u00f1ol y no en lat\u00edn, y en ellos la erudici\u00f3n, desde luego siempre presente,\">The works of Lobera are singled being written for those who were or could become his patients, the courtiers of Emperor Carlos, reason for they were written in Spanish and not in Latin, and in them the scholarship, of course always present, <\/span><span title=\"se ofrezca subordinada a una pretensi\u00f3n divulgadora, lo que confiere a la total obra de Lobera un cariz que la empareja con los \u201cregimina\u201d medievales, literatura tambi\u00e9n divulgadora de preceptos sanitarios con destino exclusivo a los integrantes de los que en cada \u00e9poca compon\u00edan la casta\">is offered subject to a claim disclosing, giving a total work of Lobera a turn that the matches with &#8220;regimina&#8221; medieval literature also disclosing health precepts exclusively destined for the members of those who in every age made up the breed <\/span><span title=\"dirigente.\">leader.<\/p>\n<p><\/span><span title=\"Los padecimientos que estudia Lobera en su obra son los por \u00e9l calificados de \u201ccortesanos\u201d por hacer presa de modo preferente en quienes, por su condici\u00f3n social, ajustaban su vida a determinadas costumbres, en particular de \u00edndole diet\u00e9tica.\">Conditions that studies Lobera in his work are those he described as &#8220;courteous&#8221; by preferentially prey on those who, by their social status, adjusted his life to certain habits, especially dietary nature. <\/span><span title=\"Para Luis Lobera poseer\u00edan categor\u00eda de padecimientos \u201ccortesanos\u201d: el catarro o \u201crheuma\u201d, la gota y el \u201cdolor de junturas\u201d, la calculosis renal y vesical, y el \u201cmal franc\u00e9s\u201d o \u201cbubas\u201d.\">Luis Lobera possess category sufferings &#8220;courtiers&#8221; colds or &#8220;rheuma&#8221; gout and &#8220;sore joints&#8221;, kidney and bladder calculosis, and the &#8220;French disease&#8221; or &#8220;boils&#8221;.<\/p>\n<p><\/span><span title=\"Gastos de env\u00edo por cuenta del comprador, seg\u00fan pedido y destino.\">Shipping by the buyer, upon request and destination.\u00a0<\/span><span title=\"Cons\u00faltenos cualquier duda, as\u00ed como por cualquier otro art\u00edculo que est\u00e9 buscando.\"><a class=\"btn btn-default\" href=\"http:\/\/comprarmejor.es\/en\/contact\">Ask us<\/a> any questions as well as any other items you are looking for.<\/span><\/span><\/p>\n","protected":false},"excerpt":{"rendered":"<p style=\"text-align:justify;\"><span id=\"result_box\" lang=\"en\" xml:lang=\"en\"><span title=\"Facs\u00edmile del original de 1544 impreso en Toledo y escrito por el Dr. Luis Lobera de \u00c1vila, que se conserva en la Biblioteca de la Universidad Complutense de Madrid, precedido por un estudio del Dr. Luis S. Granjel.\">1544 facsimile of the original printed in Toledo and written by Dr. Luis Lobera de \u00c1vila, which is preserved in the Library of the Complutense University of Madrid, preceded by a study by Dr. Luis S. Granjel.<\/span><\/span><\/p>\n","protected":false},"featured_media":51103,"template":"","meta":[],"product_brand":[],"product_cat":[2210,2188,2186,2232],"product_tag":[4630,4624],"class_list":{"0":"post-51117","1":"product","2":"type-product","3":"status-publish","4":"has-post-thumbnail","6":"product_cat-bibliophilia","7":"product_cat-books","8":"product_cat-collections","9":"product_cat-medicine","10":"product_tag-lobera-en-2","11":"product_tag-medicina-en","12":"product_shipping_class-from-0-to-1-kg","13":"description-off","15":"first","16":"instock","17":"taxable","18":"shipping-taxable","19":"purchasable","20":"product-type-simple"},"yoast_head":"<!-- This site is optimized with the Yoast SEO plugin v27.3 - https:\/\/yoast.com\/product\/yoast-seo-wordpress\/ -->\n<title>Book four courtesans diseases, 1544<\/title>\n<meta name=\"description\" content=\"1544 facsimile of the original printed in Toledo and written by Dr. Luis Lobera de \u00c1vila, which is preserved in the Library of the Complutense University\" \/>\n<meta name=\"robots\" content=\"index, follow, max-snippet:-1, max-image-preview:large, max-video-preview:-1\" \/>\n<link rel=\"canonical\" href=\"https:\/\/www.comprarmejor.es\/en\/product\/book-four-courtesans-diseases-1544\/\" \/>\n<meta property=\"og:locale\" content=\"en_US\" \/>\n<meta property=\"og:type\" content=\"article\" \/>\n<meta property=\"og:title\" content=\"Book four courtesans diseases, 1544\" \/>\n<meta property=\"og:description\" content=\"1544 facsimile of the original printed in Toledo and written by Dr. Luis Lobera de \u00c1vila, which is preserved in the Library of the Complutense University\" \/>\n<meta property=\"og:url\" content=\"https:\/\/www.comprarmejor.es\/en\/product\/book-four-courtesans-diseases-1544\/\" \/>\n<meta property=\"og:site_name\" content=\"ComprarMejor\" \/>\n<meta property=\"article:modified_time\" content=\"2019-09-11T08:59:39+00:00\" \/>\n<meta property=\"og:image\" content=\"https:\/\/www.comprarmejor.es\/wp-content\/uploads\/2016\/01\/p_2_2_9_0_2290-Libro-de-las-cuatro-enfermedades-cortesanas-1544.jpg\" \/>\n\t<meta property=\"og:image:width\" content=\"519\" \/>\n\t<meta property=\"og:image:height\" content=\"600\" \/>\n\t<meta property=\"og:image:type\" content=\"image\/jpeg\" \/>\n<meta name=\"twitter:card\" content=\"summary_large_image\" \/>\n<meta name=\"twitter:label1\" content=\"Est. reading time\" \/>\n\t<meta name=\"twitter:data1\" content=\"1 minute\" \/>\n<script type=\"application\/ld+json\" class=\"yoast-schema-graph\">{\"@context\":\"https:\\\/\\\/schema.org\",\"@graph\":[{\"@type\":\"WebPage\",\"@id\":\"https:\\\/\\\/www.comprarmejor.es\\\/en\\\/product\\\/book-four-courtesans-diseases-1544\\\/\",\"url\":\"https:\\\/\\\/www.comprarmejor.es\\\/en\\\/product\\\/book-four-courtesans-diseases-1544\\\/\",\"name\":\"Book four courtesans diseases, 1544\",\"isPartOf\":{\"@id\":\"https:\\\/\\\/www.comprarmejor.es\\\/en\\\/#website\"},\"primaryImageOfPage\":{\"@id\":\"https:\\\/\\\/www.comprarmejor.es\\\/en\\\/product\\\/book-four-courtesans-diseases-1544\\\/#primaryimage\"},\"image\":{\"@id\":\"https:\\\/\\\/www.comprarmejor.es\\\/en\\\/product\\\/book-four-courtesans-diseases-1544\\\/#primaryimage\"},\"thumbnailUrl\":\"https:\\\/\\\/www.comprarmejor.es\\\/wp-content\\\/uploads\\\/2016\\\/01\\\/p_2_2_9_0_2290-Libro-de-las-cuatro-enfermedades-cortesanas-1544.jpg\",\"datePublished\":\"2016-01-07T16:31:11+00:00\",\"dateModified\":\"2019-09-11T08:59:39+00:00\",\"description\":\"1544 facsimile of the original printed in Toledo and written by Dr. Luis Lobera de \u00c1vila, which is preserved in the Library of the Complutense University\",\"breadcrumb\":{\"@id\":\"https:\\\/\\\/www.comprarmejor.es\\\/en\\\/product\\\/book-four-courtesans-diseases-1544\\\/#breadcrumb\"},\"inLanguage\":\"en-US\",\"potentialAction\":[{\"@type\":\"ReadAction\",\"target\":[\"https:\\\/\\\/www.comprarmejor.es\\\/en\\\/product\\\/book-four-courtesans-diseases-1544\\\/\"]}]},{\"@type\":\"ImageObject\",\"inLanguage\":\"en-US\",\"@id\":\"https:\\\/\\\/www.comprarmejor.es\\\/en\\\/product\\\/book-four-courtesans-diseases-1544\\\/#primaryimage\",\"url\":\"https:\\\/\\\/www.comprarmejor.es\\\/wp-content\\\/uploads\\\/2016\\\/01\\\/p_2_2_9_0_2290-Libro-de-las-cuatro-enfermedades-cortesanas-1544.jpg\",\"contentUrl\":\"https:\\\/\\\/www.comprarmejor.es\\\/wp-content\\\/uploads\\\/2016\\\/01\\\/p_2_2_9_0_2290-Libro-de-las-cuatro-enfermedades-cortesanas-1544.jpg\",\"width\":519,\"height\":600},{\"@type\":\"BreadcrumbList\",\"@id\":\"https:\\\/\\\/www.comprarmejor.es\\\/en\\\/product\\\/book-four-courtesans-diseases-1544\\\/#breadcrumb\",\"itemListElement\":[{\"@type\":\"ListItem\",\"position\":1,\"name\":\"Portada\",\"item\":\"https:\\\/\\\/www.comprarmejor.es\\\/en\\\/\"},{\"@type\":\"ListItem\",\"position\":2,\"name\":\"Shop\",\"item\":\"https:\\\/\\\/www.comprarmejor.es\\\/en\\\/shop\\\/\"},{\"@type\":\"ListItem\",\"position\":3,\"name\":\"Book four courtesans diseases, 1544\"}]},{\"@type\":\"WebSite\",\"@id\":\"https:\\\/\\\/www.comprarmejor.es\\\/en\\\/#website\",\"url\":\"https:\\\/\\\/www.comprarmejor.es\\\/en\\\/\",\"name\":\"ComprarMejor\",\"description\":\"ComprarMejor\",\"publisher\":{\"@id\":\"https:\\\/\\\/www.comprarmejor.es\\\/en\\\/#organization\"},\"potentialAction\":[{\"@type\":\"SearchAction\",\"target\":{\"@type\":\"EntryPoint\",\"urlTemplate\":\"https:\\\/\\\/www.comprarmejor.es\\\/en\\\/?s={search_term_string}\"},\"query-input\":{\"@type\":\"PropertyValueSpecification\",\"valueRequired\":true,\"valueName\":\"search_term_string\"}}],\"inLanguage\":\"en-US\"},{\"@type\":\"Organization\",\"@id\":\"https:\\\/\\\/www.comprarmejor.es\\\/en\\\/#organization\",\"name\":\"COMPRAR MEJOR\",\"url\":\"https:\\\/\\\/www.comprarmejor.es\\\/en\\\/\",\"logo\":{\"@type\":\"ImageObject\",\"inLanguage\":\"en-US\",\"@id\":\"https:\\\/\\\/www.comprarmejor.es\\\/en\\\/#\\\/schema\\\/logo\\\/image\\\/\",\"url\":\"https:\\\/\\\/www.comprarmejor.es\\\/wp-content\\\/uploads\\\/2025\\\/09\\\/comprarmejortrinidad.jpg\",\"contentUrl\":\"https:\\\/\\\/www.comprarmejor.es\\\/wp-content\\\/uploads\\\/2025\\\/09\\\/comprarmejortrinidad.jpg\",\"width\":1022,\"height\":1380,\"caption\":\"COMPRAR MEJOR\"},\"image\":{\"@id\":\"https:\\\/\\\/www.comprarmejor.es\\\/en\\\/#\\\/schema\\\/logo\\\/image\\\/\"},\"sameAs\":[\"https:\\\/\\\/www.instagram.com\\\/amigosdelcodice\"]}]}<\/script>\n<!-- \/ Yoast SEO plugin. -->","yoast_head_json":{"title":"Book four courtesans diseases, 1544","description":"1544 facsimile of the original printed in Toledo and written by Dr. Luis Lobera de \u00c1vila, which is preserved in the Library of the Complutense University","robots":{"index":"index","follow":"follow","max-snippet":"max-snippet:-1","max-image-preview":"max-image-preview:large","max-video-preview":"max-video-preview:-1"},"canonical":"https:\/\/www.comprarmejor.es\/en\/product\/book-four-courtesans-diseases-1544\/","og_locale":"en_US","og_type":"article","og_title":"Book four courtesans diseases, 1544","og_description":"1544 facsimile of the original printed in Toledo and written by Dr. Luis Lobera de \u00c1vila, which is preserved in the Library of the Complutense University","og_url":"https:\/\/www.comprarmejor.es\/en\/product\/book-four-courtesans-diseases-1544\/","og_site_name":"ComprarMejor","article_modified_time":"2019-09-11T08:59:39+00:00","og_image":[{"width":519,"height":600,"url":"https:\/\/www.comprarmejor.es\/wp-content\/uploads\/2016\/01\/p_2_2_9_0_2290-Libro-de-las-cuatro-enfermedades-cortesanas-1544.jpg","type":"image\/jpeg"}],"twitter_card":"summary_large_image","twitter_misc":{"Est. reading time":"1 minute"},"schema":{"@context":"https:\/\/schema.org","@graph":[{"@type":"WebPage","@id":"https:\/\/www.comprarmejor.es\/en\/product\/book-four-courtesans-diseases-1544\/","url":"https:\/\/www.comprarmejor.es\/en\/product\/book-four-courtesans-diseases-1544\/","name":"Book four courtesans diseases, 1544","isPartOf":{"@id":"https:\/\/www.comprarmejor.es\/en\/#website"},"primaryImageOfPage":{"@id":"https:\/\/www.comprarmejor.es\/en\/product\/book-four-courtesans-diseases-1544\/#primaryimage"},"image":{"@id":"https:\/\/www.comprarmejor.es\/en\/product\/book-four-courtesans-diseases-1544\/#primaryimage"},"thumbnailUrl":"https:\/\/www.comprarmejor.es\/wp-content\/uploads\/2016\/01\/p_2_2_9_0_2290-Libro-de-las-cuatro-enfermedades-cortesanas-1544.jpg","datePublished":"2016-01-07T16:31:11+00:00","dateModified":"2019-09-11T08:59:39+00:00","description":"1544 facsimile of the original printed in Toledo and written by Dr. Luis Lobera de \u00c1vila, which is preserved in the Library of the Complutense University","breadcrumb":{"@id":"https:\/\/www.comprarmejor.es\/en\/product\/book-four-courtesans-diseases-1544\/#breadcrumb"},"inLanguage":"en-US","potentialAction":[{"@type":"ReadAction","target":["https:\/\/www.comprarmejor.es\/en\/product\/book-four-courtesans-diseases-1544\/"]}]},{"@type":"ImageObject","inLanguage":"en-US","@id":"https:\/\/www.comprarmejor.es\/en\/product\/book-four-courtesans-diseases-1544\/#primaryimage","url":"https:\/\/www.comprarmejor.es\/wp-content\/uploads\/2016\/01\/p_2_2_9_0_2290-Libro-de-las-cuatro-enfermedades-cortesanas-1544.jpg","contentUrl":"https:\/\/www.comprarmejor.es\/wp-content\/uploads\/2016\/01\/p_2_2_9_0_2290-Libro-de-las-cuatro-enfermedades-cortesanas-1544.jpg","width":519,"height":600},{"@type":"BreadcrumbList","@id":"https:\/\/www.comprarmejor.es\/en\/product\/book-four-courtesans-diseases-1544\/#breadcrumb","itemListElement":[{"@type":"ListItem","position":1,"name":"Portada","item":"https:\/\/www.comprarmejor.es\/en\/"},{"@type":"ListItem","position":2,"name":"Shop","item":"https:\/\/www.comprarmejor.es\/en\/shop\/"},{"@type":"ListItem","position":3,"name":"Book four courtesans diseases, 1544"}]},{"@type":"WebSite","@id":"https:\/\/www.comprarmejor.es\/en\/#website","url":"https:\/\/www.comprarmejor.es\/en\/","name":"ComprarMejor","description":"ComprarMejor","publisher":{"@id":"https:\/\/www.comprarmejor.es\/en\/#organization"},"potentialAction":[{"@type":"SearchAction","target":{"@type":"EntryPoint","urlTemplate":"https:\/\/www.comprarmejor.es\/en\/?s={search_term_string}"},"query-input":{"@type":"PropertyValueSpecification","valueRequired":true,"valueName":"search_term_string"}}],"inLanguage":"en-US"},{"@type":"Organization","@id":"https:\/\/www.comprarmejor.es\/en\/#organization","name":"COMPRAR MEJOR","url":"https:\/\/www.comprarmejor.es\/en\/","logo":{"@type":"ImageObject","inLanguage":"en-US","@id":"https:\/\/www.comprarmejor.es\/en\/#\/schema\/logo\/image\/","url":"https:\/\/www.comprarmejor.es\/wp-content\/uploads\/2025\/09\/comprarmejortrinidad.jpg","contentUrl":"https:\/\/www.comprarmejor.es\/wp-content\/uploads\/2025\/09\/comprarmejortrinidad.jpg","width":1022,"height":1380,"caption":"COMPRAR MEJOR"},"image":{"@id":"https:\/\/www.comprarmejor.es\/en\/#\/schema\/logo\/image\/"},"sameAs":["https:\/\/www.instagram.com\/amigosdelcodice"]}]}},"_links":{"self":[{"href":"https:\/\/www.comprarmejor.es\/en\/wp-json\/wp\/v2\/product\/51117","targetHints":{"allow":["GET"]}}],"collection":[{"href":"https:\/\/www.comprarmejor.es\/en\/wp-json\/wp\/v2\/product"}],"about":[{"href":"https:\/\/www.comprarmejor.es\/en\/wp-json\/wp\/v2\/types\/product"}],"wp:featuredmedia":[{"embeddable":true,"href":"https:\/\/www.comprarmejor.es\/en\/wp-json\/wp\/v2\/media\/51103"}],"wp:attachment":[{"href":"https:\/\/www.comprarmejor.es\/en\/wp-json\/wp\/v2\/media?parent=51117"}],"wp:term":[{"taxonomy":"product_brand","embeddable":true,"href":"https:\/\/www.comprarmejor.es\/en\/wp-json\/wp\/v2\/product_brand?post=51117"},{"taxonomy":"product_cat","embeddable":true,"href":"https:\/\/www.comprarmejor.es\/en\/wp-json\/wp\/v2\/product_cat?post=51117"},{"taxonomy":"product_tag","embeddable":true,"href":"https:\/\/www.comprarmejor.es\/en\/wp-json\/wp\/v2\/product_tag?post=51117"}],"curies":[{"name":"wp","href":"https:\/\/api.w.org\/{rel}","templated":true}]}}