{"id":51129,"date":"2016-01-07T18:31:24","date_gmt":"2016-01-07T17:31:24","guid":{"rendered":"https:\/\/www.comprarmejor.es\/producto\/plan-of-the-ria-de-arousa-of-1828-domingo-fontan\/"},"modified":"2023-01-21T17:37:50","modified_gmt":"2023-01-21T16:37:50","slug":"atlas-el-pais-aguilar-1991-with-two-extras","status":"publish","type":"product","link":"https:\/\/www.comprarmejor.es\/en\/product\/atlas-el-pais-aguilar-1991-with-two-extras\/","title":{"rendered":"Atlas el Pa\u00eds Aguilar, 1991 (with two extras)"},"content":{"rendered":"<p style=\"text-align: justify;\">Atlas the Aguilar Country. Edition in fascicles of the newspaper El Pa\u00eds (Spain) of the year 1991. Bound. Includes two extras: one, at the beginning, with 8 pages about the Earth as it is in 37 million photographs; and another, at the end, with 8 pages on the Alhambra in Granada.<\/p>\n<p style=\"text-align: justify;\">Book bound in illustrated cardboard hard cover, format 24.8 x 34 cm. 340 pages in total with numerous full color illustrations.<\/p>\n<p style=\"text-align: justify;\">The book is divided into two large sections: Encyclopedia of the Earth and The World on Maps, with a large toponymic and topographic index.<\/p>\n<p style=\"text-align: justify;\">Complete and exclusive copy with the two extras. In perfect state.<\/p>\n<p style=\"text-align: justify;\"><span title=\"Gastos de env\u00edo por cuenta del comprador, seg\u00fan pedido y destino.\"><span class=\"HwtZe\" lang=\"en\"><span class=\"jCAhz ChMk0b C1N51c\"><span class=\"ryNqvb\">Shipping costs paid by the buyer, according to order and destination<\/span><\/span><\/span>. <\/span><span title=\"Cons\u00faltenos cualquier duda, as\u00ed como por cualquier otro art\u00edculo que est\u00e9 buscando.\"><a class=\"btn btn-default\" href=\"https:\/\/www.comprarmejor.es\/en\/contact\">Ask us<\/a> <span class=\"tlid-translation translation\">without obligation (indicating the reference of the article) any doubt.<\/span><br \/>\n<\/span><\/p>\n","protected":false},"excerpt":{"rendered":"<p style=\"text-align: justify;\"><span id=\"result_box\" lang=\"en\" xml:lang=\"en\"><span title=\"\u00c9poca de Federico II, siglo XIII.\"><span class=\"tlid-translation translation\"><span class=\"HwtZe\" lang=\"en\"><span class=\"jCAhz ChMk0b\"><span class=\"ryNqvb\">Atlas the Aguilar Country.<\/span><\/span> <span class=\"jCAhz ChMk0b\"><span class=\"ryNqvb\">Edition in fascicles of the newspaper El Pa\u00eds (Spain) of the year 1991. Bound.<\/span><\/span> <span class=\"jCAhz ChMk0b\"><span class=\"ryNqvb\">Includes two extras: one, at the beginning,<br \/>\n<\/span><\/span><\/span><\/span><\/span><\/span><\/p>\n","protected":false},"featured_media":85211,"template":"","meta":[],"product_brand":[],"product_cat":[2256],"product_tag":[3976],"class_list":{"0":"post-51129","1":"product","2":"type-product","3":"status-publish","4":"has-post-thumbnail","6":"product_cat-books-in-general","7":"product_tag-atlas-en","8":"product_shipping_class-from-2-to-5-kg","9":"description-off","11":"first","12":"instock","13":"sale","14":"taxable","15":"shipping-taxable","16":"purchasable","17":"product-type-simple"},"yoast_head":"<!-- This site is optimized with the Yoast SEO plugin v27.3 - https:\/\/yoast.com\/product\/yoast-seo-wordpress\/ -->\n<title>Atlas el Pa\u00eds Aguilar, 1991 (with two extras)<\/title>\n<meta name=\"description\" content=\"Atlas the Aguilar Country. Edition in fascicles of the newspaper El Pa\u00eds (Spain) of the year 1991. Bound. Includes two extras: one, at the beginning, with\" \/>\n<meta name=\"robots\" content=\"index, follow, max-snippet:-1, max-image-preview:large, max-video-preview:-1\" \/>\n<link rel=\"canonical\" href=\"https:\/\/www.comprarmejor.es\/en\/product\/atlas-el-pais-aguilar-1991-with-two-extras\/\" \/>\n<meta property=\"og:locale\" content=\"en_US\" \/>\n<meta property=\"og:type\" content=\"article\" \/>\n<meta property=\"og:title\" content=\"Atlas el Pa\u00eds Aguilar, 1991 (with two extras)\" \/>\n<meta property=\"og:description\" content=\"Atlas the Aguilar Country. Edition in fascicles of the newspaper El Pa\u00eds (Spain) of the year 1991. Bound. Includes two extras: one, at the beginning, with\" \/>\n<meta property=\"og:url\" content=\"https:\/\/www.comprarmejor.es\/en\/product\/atlas-el-pais-aguilar-1991-with-two-extras\/\" \/>\n<meta property=\"og:site_name\" content=\"ComprarMejor\" \/>\n<meta property=\"article:modified_time\" content=\"2023-01-21T16:37:50+00:00\" \/>\n<meta property=\"og:image\" content=\"https:\/\/www.comprarmejor.es\/wp-content\/uploads\/2016\/01\/AePA-1.jpg\" \/>\n\t<meta property=\"og:image:width\" content=\"586\" \/>\n\t<meta property=\"og:image:height\" content=\"749\" \/>\n\t<meta property=\"og:image:type\" content=\"image\/jpeg\" \/>\n<meta name=\"twitter:card\" content=\"summary_large_image\" \/>\n<meta name=\"twitter:label1\" content=\"Est. reading time\" \/>\n\t<meta name=\"twitter:data1\" content=\"1 minute\" \/>\n<script type=\"application\/ld+json\" class=\"yoast-schema-graph\">{\"@context\":\"https:\\\/\\\/schema.org\",\"@graph\":[{\"@type\":\"WebPage\",\"@id\":\"https:\\\/\\\/www.comprarmejor.es\\\/en\\\/product\\\/atlas-el-pais-aguilar-1991-with-two-extras\\\/\",\"url\":\"https:\\\/\\\/www.comprarmejor.es\\\/en\\\/product\\\/atlas-el-pais-aguilar-1991-with-two-extras\\\/\",\"name\":\"Atlas el Pa\u00eds Aguilar, 1991 (with two extras)\",\"isPartOf\":{\"@id\":\"https:\\\/\\\/www.comprarmejor.es\\\/en\\\/#website\"},\"primaryImageOfPage\":{\"@id\":\"https:\\\/\\\/www.comprarmejor.es\\\/en\\\/product\\\/atlas-el-pais-aguilar-1991-with-two-extras\\\/#primaryimage\"},\"image\":{\"@id\":\"https:\\\/\\\/www.comprarmejor.es\\\/en\\\/product\\\/atlas-el-pais-aguilar-1991-with-two-extras\\\/#primaryimage\"},\"thumbnailUrl\":\"https:\\\/\\\/www.comprarmejor.es\\\/wp-content\\\/uploads\\\/2016\\\/01\\\/AePA-1.jpg\",\"datePublished\":\"2016-01-07T17:31:24+00:00\",\"dateModified\":\"2023-01-21T16:37:50+00:00\",\"description\":\"Atlas the Aguilar Country. Edition in fascicles of the newspaper El Pa\u00eds (Spain) of the year 1991. Bound. Includes two extras: one, at the beginning, with\",\"breadcrumb\":{\"@id\":\"https:\\\/\\\/www.comprarmejor.es\\\/en\\\/product\\\/atlas-el-pais-aguilar-1991-with-two-extras\\\/#breadcrumb\"},\"inLanguage\":\"en-US\",\"potentialAction\":[{\"@type\":\"ReadAction\",\"target\":[\"https:\\\/\\\/www.comprarmejor.es\\\/en\\\/product\\\/atlas-el-pais-aguilar-1991-with-two-extras\\\/\"]}]},{\"@type\":\"ImageObject\",\"inLanguage\":\"en-US\",\"@id\":\"https:\\\/\\\/www.comprarmejor.es\\\/en\\\/product\\\/atlas-el-pais-aguilar-1991-with-two-extras\\\/#primaryimage\",\"url\":\"https:\\\/\\\/www.comprarmejor.es\\\/wp-content\\\/uploads\\\/2016\\\/01\\\/AePA-1.jpg\",\"contentUrl\":\"https:\\\/\\\/www.comprarmejor.es\\\/wp-content\\\/uploads\\\/2016\\\/01\\\/AePA-1.jpg\",\"width\":586,\"height\":749},{\"@type\":\"BreadcrumbList\",\"@id\":\"https:\\\/\\\/www.comprarmejor.es\\\/en\\\/product\\\/atlas-el-pais-aguilar-1991-with-two-extras\\\/#breadcrumb\",\"itemListElement\":[{\"@type\":\"ListItem\",\"position\":1,\"name\":\"Portada\",\"item\":\"https:\\\/\\\/www.comprarmejor.es\\\/en\\\/\"},{\"@type\":\"ListItem\",\"position\":2,\"name\":\"Shop\",\"item\":\"https:\\\/\\\/www.comprarmejor.es\\\/en\\\/shop\\\/\"},{\"@type\":\"ListItem\",\"position\":3,\"name\":\"Atlas el Pa\u00eds Aguilar, 1991 (with two extras)\"}]},{\"@type\":\"WebSite\",\"@id\":\"https:\\\/\\\/www.comprarmejor.es\\\/en\\\/#website\",\"url\":\"https:\\\/\\\/www.comprarmejor.es\\\/en\\\/\",\"name\":\"ComprarMejor\",\"description\":\"ComprarMejor\",\"publisher\":{\"@id\":\"https:\\\/\\\/www.comprarmejor.es\\\/en\\\/#organization\"},\"potentialAction\":[{\"@type\":\"SearchAction\",\"target\":{\"@type\":\"EntryPoint\",\"urlTemplate\":\"https:\\\/\\\/www.comprarmejor.es\\\/en\\\/?s={search_term_string}\"},\"query-input\":{\"@type\":\"PropertyValueSpecification\",\"valueRequired\":true,\"valueName\":\"search_term_string\"}}],\"inLanguage\":\"en-US\"},{\"@type\":\"Organization\",\"@id\":\"https:\\\/\\\/www.comprarmejor.es\\\/en\\\/#organization\",\"name\":\"COMPRAR MEJOR\",\"url\":\"https:\\\/\\\/www.comprarmejor.es\\\/en\\\/\",\"logo\":{\"@type\":\"ImageObject\",\"inLanguage\":\"en-US\",\"@id\":\"https:\\\/\\\/www.comprarmejor.es\\\/en\\\/#\\\/schema\\\/logo\\\/image\\\/\",\"url\":\"https:\\\/\\\/www.comprarmejor.es\\\/wp-content\\\/uploads\\\/2025\\\/09\\\/comprarmejortrinidad.jpg\",\"contentUrl\":\"https:\\\/\\\/www.comprarmejor.es\\\/wp-content\\\/uploads\\\/2025\\\/09\\\/comprarmejortrinidad.jpg\",\"width\":1022,\"height\":1380,\"caption\":\"COMPRAR MEJOR\"},\"image\":{\"@id\":\"https:\\\/\\\/www.comprarmejor.es\\\/en\\\/#\\\/schema\\\/logo\\\/image\\\/\"},\"sameAs\":[\"https:\\\/\\\/www.instagram.com\\\/amigosdelcodice\"]}]}<\/script>\n<!-- \/ Yoast SEO plugin. -->","yoast_head_json":{"title":"Atlas el Pa\u00eds Aguilar, 1991 (with two extras)","description":"Atlas the Aguilar Country. Edition in fascicles of the newspaper El Pa\u00eds (Spain) of the year 1991. Bound. Includes two extras: one, at the beginning, with","robots":{"index":"index","follow":"follow","max-snippet":"max-snippet:-1","max-image-preview":"max-image-preview:large","max-video-preview":"max-video-preview:-1"},"canonical":"https:\/\/www.comprarmejor.es\/en\/product\/atlas-el-pais-aguilar-1991-with-two-extras\/","og_locale":"en_US","og_type":"article","og_title":"Atlas el Pa\u00eds Aguilar, 1991 (with two extras)","og_description":"Atlas the Aguilar Country. Edition in fascicles of the newspaper El Pa\u00eds (Spain) of the year 1991. Bound. Includes two extras: one, at the beginning, with","og_url":"https:\/\/www.comprarmejor.es\/en\/product\/atlas-el-pais-aguilar-1991-with-two-extras\/","og_site_name":"ComprarMejor","article_modified_time":"2023-01-21T16:37:50+00:00","og_image":[{"width":586,"height":749,"url":"https:\/\/www.comprarmejor.es\/wp-content\/uploads\/2016\/01\/AePA-1.jpg","type":"image\/jpeg"}],"twitter_card":"summary_large_image","twitter_misc":{"Est. reading time":"1 minute"},"schema":{"@context":"https:\/\/schema.org","@graph":[{"@type":"WebPage","@id":"https:\/\/www.comprarmejor.es\/en\/product\/atlas-el-pais-aguilar-1991-with-two-extras\/","url":"https:\/\/www.comprarmejor.es\/en\/product\/atlas-el-pais-aguilar-1991-with-two-extras\/","name":"Atlas el Pa\u00eds Aguilar, 1991 (with two extras)","isPartOf":{"@id":"https:\/\/www.comprarmejor.es\/en\/#website"},"primaryImageOfPage":{"@id":"https:\/\/www.comprarmejor.es\/en\/product\/atlas-el-pais-aguilar-1991-with-two-extras\/#primaryimage"},"image":{"@id":"https:\/\/www.comprarmejor.es\/en\/product\/atlas-el-pais-aguilar-1991-with-two-extras\/#primaryimage"},"thumbnailUrl":"https:\/\/www.comprarmejor.es\/wp-content\/uploads\/2016\/01\/AePA-1.jpg","datePublished":"2016-01-07T17:31:24+00:00","dateModified":"2023-01-21T16:37:50+00:00","description":"Atlas the Aguilar Country. Edition in fascicles of the newspaper El Pa\u00eds (Spain) of the year 1991. Bound. Includes two extras: one, at the beginning, with","breadcrumb":{"@id":"https:\/\/www.comprarmejor.es\/en\/product\/atlas-el-pais-aguilar-1991-with-two-extras\/#breadcrumb"},"inLanguage":"en-US","potentialAction":[{"@type":"ReadAction","target":["https:\/\/www.comprarmejor.es\/en\/product\/atlas-el-pais-aguilar-1991-with-two-extras\/"]}]},{"@type":"ImageObject","inLanguage":"en-US","@id":"https:\/\/www.comprarmejor.es\/en\/product\/atlas-el-pais-aguilar-1991-with-two-extras\/#primaryimage","url":"https:\/\/www.comprarmejor.es\/wp-content\/uploads\/2016\/01\/AePA-1.jpg","contentUrl":"https:\/\/www.comprarmejor.es\/wp-content\/uploads\/2016\/01\/AePA-1.jpg","width":586,"height":749},{"@type":"BreadcrumbList","@id":"https:\/\/www.comprarmejor.es\/en\/product\/atlas-el-pais-aguilar-1991-with-two-extras\/#breadcrumb","itemListElement":[{"@type":"ListItem","position":1,"name":"Portada","item":"https:\/\/www.comprarmejor.es\/en\/"},{"@type":"ListItem","position":2,"name":"Shop","item":"https:\/\/www.comprarmejor.es\/en\/shop\/"},{"@type":"ListItem","position":3,"name":"Atlas el Pa\u00eds Aguilar, 1991 (with two extras)"}]},{"@type":"WebSite","@id":"https:\/\/www.comprarmejor.es\/en\/#website","url":"https:\/\/www.comprarmejor.es\/en\/","name":"ComprarMejor","description":"ComprarMejor","publisher":{"@id":"https:\/\/www.comprarmejor.es\/en\/#organization"},"potentialAction":[{"@type":"SearchAction","target":{"@type":"EntryPoint","urlTemplate":"https:\/\/www.comprarmejor.es\/en\/?s={search_term_string}"},"query-input":{"@type":"PropertyValueSpecification","valueRequired":true,"valueName":"search_term_string"}}],"inLanguage":"en-US"},{"@type":"Organization","@id":"https:\/\/www.comprarmejor.es\/en\/#organization","name":"COMPRAR MEJOR","url":"https:\/\/www.comprarmejor.es\/en\/","logo":{"@type":"ImageObject","inLanguage":"en-US","@id":"https:\/\/www.comprarmejor.es\/en\/#\/schema\/logo\/image\/","url":"https:\/\/www.comprarmejor.es\/wp-content\/uploads\/2025\/09\/comprarmejortrinidad.jpg","contentUrl":"https:\/\/www.comprarmejor.es\/wp-content\/uploads\/2025\/09\/comprarmejortrinidad.jpg","width":1022,"height":1380,"caption":"COMPRAR MEJOR"},"image":{"@id":"https:\/\/www.comprarmejor.es\/en\/#\/schema\/logo\/image\/"},"sameAs":["https:\/\/www.instagram.com\/amigosdelcodice"]}]}},"_links":{"self":[{"href":"https:\/\/www.comprarmejor.es\/en\/wp-json\/wp\/v2\/product\/51129","targetHints":{"allow":["GET"]}}],"collection":[{"href":"https:\/\/www.comprarmejor.es\/en\/wp-json\/wp\/v2\/product"}],"about":[{"href":"https:\/\/www.comprarmejor.es\/en\/wp-json\/wp\/v2\/types\/product"}],"wp:featuredmedia":[{"embeddable":true,"href":"https:\/\/www.comprarmejor.es\/en\/wp-json\/wp\/v2\/media\/85211"}],"wp:attachment":[{"href":"https:\/\/www.comprarmejor.es\/en\/wp-json\/wp\/v2\/media?parent=51129"}],"wp:term":[{"taxonomy":"product_brand","embeddable":true,"href":"https:\/\/www.comprarmejor.es\/en\/wp-json\/wp\/v2\/product_brand?post=51129"},{"taxonomy":"product_cat","embeddable":true,"href":"https:\/\/www.comprarmejor.es\/en\/wp-json\/wp\/v2\/product_cat?post=51129"},{"taxonomy":"product_tag","embeddable":true,"href":"https:\/\/www.comprarmejor.es\/en\/wp-json\/wp\/v2\/product_tag?post=51129"}],"curies":[{"name":"wp","href":"https:\/\/api.w.org\/{rel}","templated":true}]}}