{"id":51169,"date":"2016-01-08T10:03:17","date_gmt":"2016-01-08T09:03:17","guid":{"rendered":"https:\/\/www.comprarmejor.es\/producto\/the-distinguished-order-of-the-golden-fleece-1996-v-centenario\/"},"modified":"2023-09-03T16:16:43","modified_gmt":"2023-09-03T14:16:43","slug":"the-distinguished-order-of-the-golden-fleece-1996-v-centenario","status":"publish","type":"product","link":"https:\/\/www.comprarmejor.es\/en\/product\/the-distinguished-order-of-the-golden-fleece-1996-v-centenario\/","title":{"rendered":"The Distinguished Order of the Golden Fleece, 1996 V Centenario"},"content":{"rendered":"<p style=\"text-align: justify;\"><span id=\"result_box\" lang=\"en\" xml:lang=\"en\"><span title=\"La Insigne Orden del Tois\u00f3n de Oro, editada en 1996, en conmemoraci\u00f3n del Quinto Centenario de la vinculaci\u00f3n de la Insigne Orden a la Corona de Espa\u00f1a.\">The Distinguished Order of the Golden Fleece, published in 1996, in commemoration of the Quincentennial of linking the Distinguished Order of the Crown of Spain. <\/span><span title=\"Realizada en coedici\u00f3n con el Patrimonio Nacional.\">Conducted jointly published with the National Heritage. <\/span><span title=\"Edici\u00f3n limitada a 980 ejemplares, numerada y certificada.\">Limited edition of 980 copies, numbered and certified. <\/span><span title=\"Se realizaron tambi\u00e9n 13 ejemplares numerados en romano para los 13 Caballeros de la Insigne Orden existentes en la fecha de la edici\u00f3n.\">13 Roman numbered copies for the 13 Knights of the Order Insigne existing on the date of the issue were also performed. <\/span><span title=\"N\u00famero de ejemplar a la venta: 555, lo que supone adem\u00e1s un valor a\u00f1adido para los bibli\u00f3filos que tienen presente a la numerolog\u00eda.\">Number of copy for sale: 555, which also adds value for bibliophiles who have this numerology. <\/span><span title=\"Edici\u00f3n agotada y muy dif\u00edcil o imposible de encontrar.\">Exhausted and very difficult or impossible to find Edition.<\/span><\/span><\/p>\n<p style=\"text-align: justify;\"><span title=\"Tomo de 33,5 x 48,5 cm.\">Volume of 33.5 x 48.5 cm. <\/span><span title=\"520 p\u00e1ginas.\">520 pages. <\/span><span title=\"Encuadernado en piel roja con grabados en oro.\">Bound in red leather with gold engraving. <\/span><span title=\"Tapa con el escudo de armas de Don Juan Carlos I. Cantos dorados.\">Cover with the coat of arms of Don Juan Carlos I. gilt edges. <\/span><span title=\"Cinta gu\u00eda.\">Tape guide. <\/span><span title=\"Peso casi 7 kgs.\">Almost 7 kg weight. <span class=\"HwtZe\" lang=\"en\"><span class=\"jCAhz ChMk0b\"><span class=\"ryNqvb\">Texts in Spanish<\/span><\/span><\/span>.<\/span><\/p>\n<p style=\"text-align: justify;\"><span title=\"Relaci\u00f3n de los Caballeros de la Insigne Orden del Tois\u00f3n de Oro en 1996:\">List of Knights of the Distinguished Order of the Golden Fleece in 1996:<\/span><\/p>\n<p style=\"text-align: justify;\"><span title=\"I - Su Majestad el Rey de Espa\u00f1a, Don Juan Carlos I, XXI Jefe y Soberano de la Insigne Orden del Tois\u00f3n de Oro\">I &#8211; His Majesty the King of Spain, Juan Carlos I, XXI and Sovereign Head of the Distinguished Order of the Golden Fleece<br \/>\n<\/span><span title=\"II - SAR El Infante Don Carlos, Duque de Calabria\">II &#8211; HRH The Infante Don Carlos, Duke of Calabria<br \/>\n<\/span><span title=\"III - S. M. El Rey Constantino II de los Helenos\">III &#8211; S. M. King Constantine II of the Hellenes<br \/>\n<\/span><span title=\"IV - SAR El Pr\u00edncipe de Asturias Felipe de Borb\u00f3n\">IV &#8211; HRH the Prince of Asturias Felipe de Borbon<br \/>\n<\/span><span title=\"V - S. M. El Rey Carlos XVI Gustavo de Suecia\">V &#8211; S. M. King Carl XVI Gustaf of Sweden<br \/>\n<\/span><span title=\"VI - S. A. R. El Gran Duque Juan de Luxemburgo\">VI &#8211; S. A. R. The Grand Duke Jean of Luxembourg<br \/>\n<\/span><span title=\"VII - S. M. I. El Emperador Aki Hito de Jap\u00f3n\">VII &#8211; S. M. I. The Emperor Aki Hito of Japan<br \/>\n<\/span><span title=\"VIII - S. M. El Rey Hussein de Jordania\">VIII &#8211; S. M. King Hussein of Jordan<br \/>\n<\/span><span title=\"IX - S. M. La Reina Beatriz de los Pa\u00edses Bajos\">IX &#8211; S. M. Queen Beatrix of the Netherlands<br \/>\n<\/span><span title=\"X - S. M. La Reina Margarita II de Dinamarca\">X &#8211; S. M. Queen Margrethe II of Denmark<br \/>\n<\/span><span title=\"XI - S. M. La Reina Isabel II de la Gran Breta\u00f1a\">XI &#8211; S. M. Queen Elizabeth II of Great Britain<br \/>\n<\/span><span title=\"XII - S. M. El Rey Alberto II de B\u00e9lgica\">XII &#8211; His Majesty the King Albert II of Belgium<br \/>\n<\/span><span title=\"XIII - S. M. El Rey Harald V de Noruega\">XIII &#8211; S. M. King Harald V of Norway<\/span><\/p>\n<p style=\"text-align: justify;\"><span title=\"Sumario de la Obra:\">Summary of project:<\/span><\/p>\n<p style=\"text-align: justify;\"><span title=\"Presentaci\u00f3n, por el Sermo.\">Presentation by the Sermo. <\/span><span title=\"Se\u00f1or Don Carlos de Borb\u00f3n Dos Sicilias y Borb\u00f3n Parma, Infante de Espa\u00f1a y Duque de Calabria.\">Mr. Don Carlos of Bourbon Two Sicilies and Bourbon Parma, Infante of Spain, Duke of Calabria.<\/span><\/p>\n<p style=\"text-align: justify;\"><span title=\"Introducci\u00f3n\">Introduction<\/span><\/p>\n<p style=\"text-align: justify;\"><span title=\"La Insigne Orden del Tois\u00f3n de Oro en su Historia (1430-1996)\">The Distinguished Order of the Golden Fleece in its history (1430-1996)<br \/>\n<\/span><span title=\"1.- La Caballer\u00eda Bajomedieval.\">1. The late medieval cavalry. <\/span><span title=\"Or\u00edgenes y evoluci\u00f3n hist\u00f3rica (siglos X al XV)\">Origins and historical evolution (X to XV)<br \/>\n<\/span><span title=\"2.- El Estado Borgo\u00f1\u00f3n, una monarqu\u00eda federal de particulares or\u00edgenes y separados territorios.\">2. The Burgundian State, a federal monarchy of particular origins and separate territories.<br \/>\n<\/span><span title=\"3.- El Duque Felipe el Bueno y los or\u00edgenes de la Orden.\">3. The Duke Philip the Good and the origins of the Order. <\/span><span title=\"La fundaci\u00f3n y su trasfondo pol\u00edtico.\">The foundation and its political background.<br \/>\n<\/span><span title=\"4.- El Tois\u00f3n de Oro como Orden de Caballer\u00eda.\">4. The Golden Fleece as an Order of Chivalry. <\/span><span title=\"Los estatutos fundacionales.\">The founding statutes. <\/span><span title=\"La estructura de la Orden.\">The structure of the Order. <\/span><span title=\"Sus actos y ceremonias.\">His acts and ceremonies.<br \/>\n<\/span><span title=\"5.- Los primeros Cap\u00edtulos.\">5. The first chapters. <\/span><span title=\"La etapa Flamenco-Borgo\u00f1ona (1430-1516)\">The Flemish-Burgundian stage (1430-1516)<br \/>\n<\/span><span title=\"6.- La Casa de Austria y la implantaci\u00f3n de la Orden en Espa\u00f1a (1516-1559).\">6. The House of Austria and the implantation of the Order in Spain (1516-1559). <\/span><span title=\"La orientaci\u00f3n pol\u00edtica de la Orden.\">The political orientation of the Order. <\/span><span title=\"Cap\u00edtulos y actividades.\">Chapters and activities. <\/span><span title=\"Cambios estatutarios.\">Statutory changes.<br \/>\n<\/span><span title=\"7.- La Monarqu\u00eda Universal Hisp\u00e1nica.\">7. The Universal Monarchy. <\/span><span title=\"El apogeo de la Orden (1516-1700)\">The heyday of the Order (1516-1700)<br \/>\n<\/span><span title=\"8.- El advenimiento de la Casa de Borb\u00f3n a la soberan\u00eda de la Insigne Orden (1700).\">8. The advent of the House of Bourbon to the sovereignty of the Distinguished Order (1700). <\/span><span title=\"La divisi\u00f3n de la Orden en 1712. La Insigne Orden bajo los Soberanos de la Casa de Borb\u00f3n (1700-1808) y ante el fin del Antiguo R\u00e9gimen (1808-1836)\">The division of the Order in 1712. The Illustrious Order under the sovereigns of the House of Bourbon (1700-1808) and before the end of the Old Regime (1808-1836)<br \/>\n<\/span><span title=\"9.- La Monarqu\u00eda Constitucional y El Tois\u00f3n de Oro (1833-1931).\">9. The Constitutional Monarchy and The Golden Fleece (1833-1931). <\/span><span title=\"La frustrada reuni\u00f3n de las ramas espa\u00f1ola y austr\u00edaca (1922-1930)\">Frustrated meeting of the Spanish and Austrian branches (1922-1930)<br \/>\n<\/span><span title=\"10.- La ca\u00edda de la Monarqu\u00eda y el exilio de los Jefes y Soberanos de la Orden (1931-1975).\">10. The fall of the monarchy and the exile of the Heads and Sovereign of the Order (1931-1975). <\/span><span title=\"Don Juan Carlos I y el estado actual de la Insigne Orden.\">Don Juan Carlos I and the current state of the Distinguished Order.<\/span><\/p>\n<p style=\"text-align: justify;\"><span title=\"Los Caballeros del Tois\u00f3n de Oro (relaci\u00f3n pormenorizada y detallada)\">The Knights of the Golden Fleece (thorough and detailed account)<br \/>\n<\/span><span title=\"Anexos\">Attachments<br \/>\n<\/span><span title=\"Los Oficiales de la Insigne Orden\">Officers of the Distinguished Order<br \/>\n<\/span><span title=\"Ap\u00e9ndices Documentales\">Appendices Documentaries<\/span><\/p>\n<p style=\"text-align: justify;\"><span title=\"El objetivo de esta edici\u00f3n en 1996 fue la realizaci\u00f3n de una magna historia de la Insigne Orden, completada con una relaci\u00f3n precisa de todos y cada uno de los caballeros, y de un ap\u00e9ndice documental completo.\">The aim of this issue in 1996 was the realization of a grand history of the Distinguished Order, complete with precise each and every one of the gentlemen relationship and a full documentary appendix. <\/span><span title=\"Durante el oto\u00f1o de 1996 se cumplieron los quinientos a\u00f1os de la vinculaci\u00f3n del Tois\u00f3n de Oro a la Corona de Espa\u00f1a, por el matrimonio de su entonces Jefe y soberano, el Archiduque Don Felipe el Hermoso, Duque de Borgo\u00f1a, con Do\u00f1a Juana, Infanta de\">During the autumn of 1996 met the five hundred years of linking the Golden Fleece to the Crown of Spain, by the marriage of his then chief and sovereign, the Archduke Philip the Handsome, Duke of Burgundy, with Juana, Infanta of <\/span><span title=\"Castilla y de Arag\u00f3n, futura Reina de Espa\u00f1a.\">Castile and Aragon, future Queen of Spain. <\/span><span title=\"Tambi\u00e9n se dio la circunstancia de que el 31 de julio de 1996 se cumpl\u00eda el sexto centenario del nacimiento en Dijon del fundador de la Orden, Felipe III el Bueno, Duque de Borgo\u00f1a.\">The fact that the July 31, 1996 the sixth centenary of the birth was fulfilled in Dijon founder of the Order, Philip the Good, duke of Burgundy was given.<\/span><\/p>\n<p style=\"text-align: justify;\"><span title=\"La edici\u00f3n est\u00e1 repleta de im\u00e1genes e informaci\u00f3n sobre la Orden m\u00e1s prestigiosa que jam\u00e1s ha existido.\">The edition is full of pictures and information about the most prestigious Order that has ever existed. <\/span><span title=\"Ahora tiene una excepcional oportunidad de hacerse con un ejemplar de esta gran obra, muy cuidada y elaborada.\">You now have a unique opportunity to get hold of a copy of this great work, very carefully prepared.<\/span><\/p>\n<p style=\"text-align: justify;\"><span title=\"Todo lo que quiso saber sobre la Orden del Tois\u00f3n de Oro lo tiene en este bello libro.\">Everything you wanted to know about the Order of the Golden Fleece has in this beautiful book.<\/span><\/p>\n<p style=\"text-align: justify;\"><span title=\"Gastos de env\u00edo por cuenta del comprador, seg\u00fan pedido y destino.\"><span class=\"VIiyi\" lang=\"en\"><span class=\"JLqJ4b ChMk0b\" data-language-for-alternatives=\"en\" data-language-to-translate-into=\"es\" data-phrase-index=\"0\" data-number-of-phrases=\"4\"><span class=\"HwtZe\" lang=\"en\"><span class=\"jCAhz ChMk0b\"><span class=\"ryNqvb\">Free shipping for this item<\/span><\/span><\/span>.<\/span><\/span> <\/span><span title=\"Cons\u00faltenos cualquier duda, as\u00ed como por cualquier otra obra o art\u00edculo que est\u00e9 buscando.\"><a class=\"btn btn-default\" href=\"https:\/\/www.comprarmejor.es\/en\/contact\">Ask us<\/a> <span class=\"HwtZe\" lang=\"en\"><span class=\"jCAhz ChMk0b\"><span class=\"ryNqvb\">any questions, indicating the article reference.<\/span><\/span><\/span><br \/>\n<\/span><\/p>\n","protected":false},"excerpt":{"rendered":"<p style=\"text-align: justify;\"><span id=\"result_box\" lang=\"en\" xml:lang=\"en\"><span title=\"La Insigne Orden del Tois\u00f3n de Oro, editada en 1996, en conmemoraci\u00f3n del Quinto Centenario de la vinculaci\u00f3n de la Insigne Orden a la Corona de Espa\u00f1a.\">The Distinguished Order of the Golden Fleece, published in 1996, in commemoration of the Quincentennial of linking the Distinguished Order of the Crown of Spain.<\/span><span title=\"Realizada en coedici\u00f3n con el Patrimonio Nacional.\"><br \/>\n<\/span><\/span><\/p>\n","protected":false},"featured_media":51155,"template":"","meta":[],"product_brand":[],"product_cat":[2210],"product_tag":[],"class_list":{"0":"post-51169","1":"product","2":"type-product","3":"status-publish","4":"has-post-thumbnail","6":"product_cat-bibliophilia","7":"description-off","9":"first","10":"instock","11":"sale","12":"taxable","13":"shipping-taxable","14":"purchasable","15":"product-type-simple"},"yoast_head":"<!-- This site is optimized with the Yoast SEO plugin v27.3 - https:\/\/yoast.com\/product\/yoast-seo-wordpress\/ -->\n<title>The Distinguished Order of the Golden Fleece, 1996 V Centenario<\/title>\n<meta name=\"description\" content=\"The Distinguished Order of the Golden Fleece, 1996 in commemoration of the V Centenary of the Distinguished Order in the Crown of Spain\" \/>\n<meta name=\"robots\" content=\"index, follow, max-snippet:-1, max-image-preview:large, max-video-preview:-1\" \/>\n<link rel=\"canonical\" href=\"https:\/\/www.comprarmejor.es\/en\/product\/the-distinguished-order-of-the-golden-fleece-1996-v-centenario\/\" \/>\n<meta property=\"og:locale\" content=\"en_US\" \/>\n<meta property=\"og:type\" content=\"article\" \/>\n<meta property=\"og:title\" content=\"The Distinguished Order of the Golden Fleece, 1996 V Centenario\" \/>\n<meta property=\"og:description\" content=\"The Distinguished Order of the Golden Fleece, 1996 in commemoration of the V Centenary of the Distinguished Order in the Crown of Spain\" \/>\n<meta property=\"og:url\" content=\"https:\/\/www.comprarmejor.es\/en\/product\/the-distinguished-order-of-the-golden-fleece-1996-v-centenario\/\" \/>\n<meta property=\"og:site_name\" content=\"ComprarMejor\" \/>\n<meta property=\"article:modified_time\" content=\"2023-09-03T14:16:43+00:00\" \/>\n<meta property=\"og:image\" content=\"https:\/\/www.comprarmejor.es\/wp-content\/uploads\/2016\/01\/p_2_3_1_3_2313-La-Insigne-Orden-del-Toison-de-Oro-1996-V-Centenario.jpg\" \/>\n\t<meta property=\"og:image:width\" content=\"594\" \/>\n\t<meta property=\"og:image:height\" content=\"421\" \/>\n\t<meta property=\"og:image:type\" content=\"image\/jpeg\" \/>\n<meta name=\"twitter:card\" content=\"summary_large_image\" \/>\n<meta name=\"twitter:label1\" content=\"Est. reading time\" \/>\n\t<meta name=\"twitter:data1\" content=\"4 minutes\" \/>\n<script type=\"application\/ld+json\" class=\"yoast-schema-graph\">{\"@context\":\"https:\\\/\\\/schema.org\",\"@graph\":[{\"@type\":\"WebPage\",\"@id\":\"https:\\\/\\\/www.comprarmejor.es\\\/en\\\/product\\\/the-distinguished-order-of-the-golden-fleece-1996-v-centenario\\\/\",\"url\":\"https:\\\/\\\/www.comprarmejor.es\\\/en\\\/product\\\/the-distinguished-order-of-the-golden-fleece-1996-v-centenario\\\/\",\"name\":\"The Distinguished Order of the Golden Fleece, 1996 V Centenario\",\"isPartOf\":{\"@id\":\"https:\\\/\\\/www.comprarmejor.es\\\/en\\\/#website\"},\"primaryImageOfPage\":{\"@id\":\"https:\\\/\\\/www.comprarmejor.es\\\/en\\\/product\\\/the-distinguished-order-of-the-golden-fleece-1996-v-centenario\\\/#primaryimage\"},\"image\":{\"@id\":\"https:\\\/\\\/www.comprarmejor.es\\\/en\\\/product\\\/the-distinguished-order-of-the-golden-fleece-1996-v-centenario\\\/#primaryimage\"},\"thumbnailUrl\":\"https:\\\/\\\/www.comprarmejor.es\\\/wp-content\\\/uploads\\\/2016\\\/01\\\/p_2_3_1_3_2313-La-Insigne-Orden-del-Toison-de-Oro-1996-V-Centenario.jpg\",\"datePublished\":\"2016-01-08T09:03:17+00:00\",\"dateModified\":\"2023-09-03T14:16:43+00:00\",\"description\":\"The Distinguished Order of the Golden Fleece, 1996 in commemoration of the V Centenary of the Distinguished Order in the Crown of Spain\",\"breadcrumb\":{\"@id\":\"https:\\\/\\\/www.comprarmejor.es\\\/en\\\/product\\\/the-distinguished-order-of-the-golden-fleece-1996-v-centenario\\\/#breadcrumb\"},\"inLanguage\":\"en-US\",\"potentialAction\":[{\"@type\":\"ReadAction\",\"target\":[\"https:\\\/\\\/www.comprarmejor.es\\\/en\\\/product\\\/the-distinguished-order-of-the-golden-fleece-1996-v-centenario\\\/\"]}]},{\"@type\":\"ImageObject\",\"inLanguage\":\"en-US\",\"@id\":\"https:\\\/\\\/www.comprarmejor.es\\\/en\\\/product\\\/the-distinguished-order-of-the-golden-fleece-1996-v-centenario\\\/#primaryimage\",\"url\":\"https:\\\/\\\/www.comprarmejor.es\\\/wp-content\\\/uploads\\\/2016\\\/01\\\/p_2_3_1_3_2313-La-Insigne-Orden-del-Toison-de-Oro-1996-V-Centenario.jpg\",\"contentUrl\":\"https:\\\/\\\/www.comprarmejor.es\\\/wp-content\\\/uploads\\\/2016\\\/01\\\/p_2_3_1_3_2313-La-Insigne-Orden-del-Toison-de-Oro-1996-V-Centenario.jpg\",\"width\":594,\"height\":421},{\"@type\":\"BreadcrumbList\",\"@id\":\"https:\\\/\\\/www.comprarmejor.es\\\/en\\\/product\\\/the-distinguished-order-of-the-golden-fleece-1996-v-centenario\\\/#breadcrumb\",\"itemListElement\":[{\"@type\":\"ListItem\",\"position\":1,\"name\":\"Portada\",\"item\":\"https:\\\/\\\/www.comprarmejor.es\\\/en\\\/\"},{\"@type\":\"ListItem\",\"position\":2,\"name\":\"Shop\",\"item\":\"https:\\\/\\\/www.comprarmejor.es\\\/en\\\/shop\\\/\"},{\"@type\":\"ListItem\",\"position\":3,\"name\":\"The Distinguished Order of the Golden Fleece, 1996 V Centenario\"}]},{\"@type\":\"WebSite\",\"@id\":\"https:\\\/\\\/www.comprarmejor.es\\\/en\\\/#website\",\"url\":\"https:\\\/\\\/www.comprarmejor.es\\\/en\\\/\",\"name\":\"ComprarMejor\",\"description\":\"ComprarMejor\",\"publisher\":{\"@id\":\"https:\\\/\\\/www.comprarmejor.es\\\/en\\\/#organization\"},\"potentialAction\":[{\"@type\":\"SearchAction\",\"target\":{\"@type\":\"EntryPoint\",\"urlTemplate\":\"https:\\\/\\\/www.comprarmejor.es\\\/en\\\/?s={search_term_string}\"},\"query-input\":{\"@type\":\"PropertyValueSpecification\",\"valueRequired\":true,\"valueName\":\"search_term_string\"}}],\"inLanguage\":\"en-US\"},{\"@type\":\"Organization\",\"@id\":\"https:\\\/\\\/www.comprarmejor.es\\\/en\\\/#organization\",\"name\":\"COMPRAR MEJOR\",\"url\":\"https:\\\/\\\/www.comprarmejor.es\\\/en\\\/\",\"logo\":{\"@type\":\"ImageObject\",\"inLanguage\":\"en-US\",\"@id\":\"https:\\\/\\\/www.comprarmejor.es\\\/en\\\/#\\\/schema\\\/logo\\\/image\\\/\",\"url\":\"https:\\\/\\\/www.comprarmejor.es\\\/wp-content\\\/uploads\\\/2025\\\/09\\\/comprarmejortrinidad.jpg\",\"contentUrl\":\"https:\\\/\\\/www.comprarmejor.es\\\/wp-content\\\/uploads\\\/2025\\\/09\\\/comprarmejortrinidad.jpg\",\"width\":1022,\"height\":1380,\"caption\":\"COMPRAR MEJOR\"},\"image\":{\"@id\":\"https:\\\/\\\/www.comprarmejor.es\\\/en\\\/#\\\/schema\\\/logo\\\/image\\\/\"},\"sameAs\":[\"https:\\\/\\\/www.instagram.com\\\/amigosdelcodice\"]}]}<\/script>\n<!-- \/ Yoast SEO plugin. -->","yoast_head_json":{"title":"The Distinguished Order of the Golden Fleece, 1996 V Centenario","description":"The Distinguished Order of the Golden Fleece, 1996 in commemoration of the V Centenary of the Distinguished Order in the Crown of Spain","robots":{"index":"index","follow":"follow","max-snippet":"max-snippet:-1","max-image-preview":"max-image-preview:large","max-video-preview":"max-video-preview:-1"},"canonical":"https:\/\/www.comprarmejor.es\/en\/product\/the-distinguished-order-of-the-golden-fleece-1996-v-centenario\/","og_locale":"en_US","og_type":"article","og_title":"The Distinguished Order of the Golden Fleece, 1996 V Centenario","og_description":"The Distinguished Order of the Golden Fleece, 1996 in commemoration of the V Centenary of the Distinguished Order in the Crown of Spain","og_url":"https:\/\/www.comprarmejor.es\/en\/product\/the-distinguished-order-of-the-golden-fleece-1996-v-centenario\/","og_site_name":"ComprarMejor","article_modified_time":"2023-09-03T14:16:43+00:00","og_image":[{"width":594,"height":421,"url":"https:\/\/www.comprarmejor.es\/wp-content\/uploads\/2016\/01\/p_2_3_1_3_2313-La-Insigne-Orden-del-Toison-de-Oro-1996-V-Centenario.jpg","type":"image\/jpeg"}],"twitter_card":"summary_large_image","twitter_misc":{"Est. reading time":"4 minutes"},"schema":{"@context":"https:\/\/schema.org","@graph":[{"@type":"WebPage","@id":"https:\/\/www.comprarmejor.es\/en\/product\/the-distinguished-order-of-the-golden-fleece-1996-v-centenario\/","url":"https:\/\/www.comprarmejor.es\/en\/product\/the-distinguished-order-of-the-golden-fleece-1996-v-centenario\/","name":"The Distinguished Order of the Golden Fleece, 1996 V Centenario","isPartOf":{"@id":"https:\/\/www.comprarmejor.es\/en\/#website"},"primaryImageOfPage":{"@id":"https:\/\/www.comprarmejor.es\/en\/product\/the-distinguished-order-of-the-golden-fleece-1996-v-centenario\/#primaryimage"},"image":{"@id":"https:\/\/www.comprarmejor.es\/en\/product\/the-distinguished-order-of-the-golden-fleece-1996-v-centenario\/#primaryimage"},"thumbnailUrl":"https:\/\/www.comprarmejor.es\/wp-content\/uploads\/2016\/01\/p_2_3_1_3_2313-La-Insigne-Orden-del-Toison-de-Oro-1996-V-Centenario.jpg","datePublished":"2016-01-08T09:03:17+00:00","dateModified":"2023-09-03T14:16:43+00:00","description":"The Distinguished Order of the Golden Fleece, 1996 in commemoration of the V Centenary of the Distinguished Order in the Crown of Spain","breadcrumb":{"@id":"https:\/\/www.comprarmejor.es\/en\/product\/the-distinguished-order-of-the-golden-fleece-1996-v-centenario\/#breadcrumb"},"inLanguage":"en-US","potentialAction":[{"@type":"ReadAction","target":["https:\/\/www.comprarmejor.es\/en\/product\/the-distinguished-order-of-the-golden-fleece-1996-v-centenario\/"]}]},{"@type":"ImageObject","inLanguage":"en-US","@id":"https:\/\/www.comprarmejor.es\/en\/product\/the-distinguished-order-of-the-golden-fleece-1996-v-centenario\/#primaryimage","url":"https:\/\/www.comprarmejor.es\/wp-content\/uploads\/2016\/01\/p_2_3_1_3_2313-La-Insigne-Orden-del-Toison-de-Oro-1996-V-Centenario.jpg","contentUrl":"https:\/\/www.comprarmejor.es\/wp-content\/uploads\/2016\/01\/p_2_3_1_3_2313-La-Insigne-Orden-del-Toison-de-Oro-1996-V-Centenario.jpg","width":594,"height":421},{"@type":"BreadcrumbList","@id":"https:\/\/www.comprarmejor.es\/en\/product\/the-distinguished-order-of-the-golden-fleece-1996-v-centenario\/#breadcrumb","itemListElement":[{"@type":"ListItem","position":1,"name":"Portada","item":"https:\/\/www.comprarmejor.es\/en\/"},{"@type":"ListItem","position":2,"name":"Shop","item":"https:\/\/www.comprarmejor.es\/en\/shop\/"},{"@type":"ListItem","position":3,"name":"The Distinguished Order of the Golden Fleece, 1996 V Centenario"}]},{"@type":"WebSite","@id":"https:\/\/www.comprarmejor.es\/en\/#website","url":"https:\/\/www.comprarmejor.es\/en\/","name":"ComprarMejor","description":"ComprarMejor","publisher":{"@id":"https:\/\/www.comprarmejor.es\/en\/#organization"},"potentialAction":[{"@type":"SearchAction","target":{"@type":"EntryPoint","urlTemplate":"https:\/\/www.comprarmejor.es\/en\/?s={search_term_string}"},"query-input":{"@type":"PropertyValueSpecification","valueRequired":true,"valueName":"search_term_string"}}],"inLanguage":"en-US"},{"@type":"Organization","@id":"https:\/\/www.comprarmejor.es\/en\/#organization","name":"COMPRAR MEJOR","url":"https:\/\/www.comprarmejor.es\/en\/","logo":{"@type":"ImageObject","inLanguage":"en-US","@id":"https:\/\/www.comprarmejor.es\/en\/#\/schema\/logo\/image\/","url":"https:\/\/www.comprarmejor.es\/wp-content\/uploads\/2025\/09\/comprarmejortrinidad.jpg","contentUrl":"https:\/\/www.comprarmejor.es\/wp-content\/uploads\/2025\/09\/comprarmejortrinidad.jpg","width":1022,"height":1380,"caption":"COMPRAR MEJOR"},"image":{"@id":"https:\/\/www.comprarmejor.es\/en\/#\/schema\/logo\/image\/"},"sameAs":["https:\/\/www.instagram.com\/amigosdelcodice"]}]}},"_links":{"self":[{"href":"https:\/\/www.comprarmejor.es\/en\/wp-json\/wp\/v2\/product\/51169","targetHints":{"allow":["GET"]}}],"collection":[{"href":"https:\/\/www.comprarmejor.es\/en\/wp-json\/wp\/v2\/product"}],"about":[{"href":"https:\/\/www.comprarmejor.es\/en\/wp-json\/wp\/v2\/types\/product"}],"wp:featuredmedia":[{"embeddable":true,"href":"https:\/\/www.comprarmejor.es\/en\/wp-json\/wp\/v2\/media\/51155"}],"wp:attachment":[{"href":"https:\/\/www.comprarmejor.es\/en\/wp-json\/wp\/v2\/media?parent=51169"}],"wp:term":[{"taxonomy":"product_brand","embeddable":true,"href":"https:\/\/www.comprarmejor.es\/en\/wp-json\/wp\/v2\/product_brand?post=51169"},{"taxonomy":"product_cat","embeddable":true,"href":"https:\/\/www.comprarmejor.es\/en\/wp-json\/wp\/v2\/product_cat?post=51169"},{"taxonomy":"product_tag","embeddable":true,"href":"https:\/\/www.comprarmejor.es\/en\/wp-json\/wp\/v2\/product_tag?post=51169"}],"curies":[{"name":"wp","href":"https:\/\/api.w.org\/{rel}","templated":true}]}}