{"id":51185,"date":"2016-01-08T11:05:13","date_gmt":"2016-01-08T10:05:13","guid":{"rendered":"https:\/\/www.comprarmejor.es\/producto\/to-the-bulls-lithographs-by-daniel-perea-1900\/"},"modified":"2019-08-30T09:20:25","modified_gmt":"2019-08-30T07:20:25","slug":"to-the-bulls-lithographs-by-daniel-perea-1900","status":"publish","type":"product","link":"https:\/\/www.comprarmejor.es\/en\/product\/to-the-bulls-lithographs-by-daniel-perea-1900\/","title":{"rendered":"To the bulls, lithographs by Daniel Perea, 1900"},"content":{"rendered":"<p style=\"text-align:justify;\"><span id=\"result_box\" lang=\"en\" xml:lang=\"en\"><span title=\"Vea la obra en este v\u00eddeo pulsando aqu\u00ed.\"><span lang=\"en\" xml:lang=\"en\"><span title=\"Reproducci\u00f3n realizada en Madrid, 1998, de la 2\u00aa edici\u00f3n de 1900 de la obra \u201c\u00c1 los toros\u201d, litograf\u00edas de Daniel Perea y Rojas.\">Reproduction made in Madrid, 1998, of the 2nd edition of 1900 of the work &#8220;\u00c1 los toros&#8221;, lithographs by Daniel Perea and Rojas. <\/span><span title=\"Libro acompa\u00f1ado por un cuadernillo de 48 p\u00e1ginas en esta nueva edici\u00f3n.\">Book accompanied by a booklet of 48 pages in this new edition. <\/span><span title=\"Una obra imprescindible para todas aquellas personas interesadas en la tauromaquia.\">An essential work for all those interested in bullfighting.<\/p>\n<p><\/span><span title=\"\u00c1 los toros.\">To the bulls. <\/span><span title=\"Album compuesto de 28 acuarelas originales del reputado pintor de escenas taurinas Don Daniel Perea, con la explicaci\u00f3n de cada suerte en espa\u00f1ol, franc\u00e9s, ingl\u00e9s y alem\u00e1n.\">Album composed of 28 original watercolors of the renowned painter of bullfighting scenes Don Daniel Perea, with the explanation of each luck in Spanish, French, English and German.<\/p>\n<p><\/span><span title=\"Libro con bonita encuadernaci\u00f3n realizada en seda roja, estampada en blanco, oro y verde.\">Book with beautiful binding made of red silk, printed in white, gold and green. <\/span><span title=\"Formato 31,8 x 22,6 cm.\">Format 31.8 x 22.6 cm. <\/span><span title=\"Con 30 l\u00e1minas en color y un cuadernillo con los comentarios en espa\u00f1ol sobre la obra por Rafael Cabrera Bonet, formato 13,5 x 19 cm.\">With 30 color plates and a booklet with comments in Spanish on the work by Rafael Cabrera Bonet, format 13.5 x 19 cm.<\/p>\n<p><\/span><span title=\"Edici\u00f3n limitada (no numerada) de 750 ejemplares estampados con t\u00e9cnicas artesanas, sobre papel hilo verjurado Torre\u00f3n de Guarro Casas.\">Limited edition (not numbered) of 750 copies stamped with craft techniques, on laid wire paper Torre\u00f3n de Guarro Casas.<\/p>\n<p><\/span><span title=\"\u00danico ejemplar disponible, en perfecto estado.\">Only copy available, in perfect\u00a0<\/span><\/span><\/span><span title=\"Gastos de env\u00edo por cuenta del comprador, seg\u00fan pedido y destino.\"><span lang=\"en\" xml:lang=\"en\"><span title=\"\u00danico ejemplar disponible, en perfecto estado.\">condition.<\/p>\n<p><\/span><span title=\"Gastos de env\u00edo por cuenta del comprador, seg\u00fan pedido y destino.\">Shipping<\/span><\/span> by the buyer, upon request and destination.\u00a0<\/span><span title=\"Cons\u00faltenos cualquier duda, as\u00ed como por cualquier otra obra o art\u00edculo que est\u00e9 buscando.\"><a class=\"btn btn-default\" href=\"http:\/\/comprarmejor.es\/en\/contact\">Ask us<\/a> <span lang=\"en\" xml:lang=\"en\"><span title=\"Cons\u00faltenos sin compromiso (indicando la referencia del art\u00edculo) cualquier duda. \u00a0\">without obligation (indicating the reference of the article) any doubt.<\/span><\/span><br \/><\/span><\/span><\/p>\n","protected":false},"excerpt":{"rendered":"<p style=\"text-align:justify;\"><span id=\"result_box\" lang=\"en\" xml:lang=\"en\"><span title=\"Lit. Paulino Ventura Traveset por mandato del Ayuntamiento de dicha Ciudad en gratitud por la donaci\u00f3n que dos a\u00f1os antes hiciera a la misma el entonces Marqu\u00e9s de Corvera, D. Alfonso de Bustos y Bustos, de los documentos originales de las capitulaciones para la entrega de\"><span lang=\"en\" xml:lang=\"en\"><span title=\"Reproducci\u00f3n realizada en Madrid, 1998, de la 2\u00aa edici\u00f3n de 1900 de la obra \u201c\u00c1 los toros\u201d, litograf\u00edas de Daniel Perea y Rojas.\">Reproduction made in Madrid, 1998, of the 2nd edition of 1900 of the work &#8220;\u00c1 los toros&#8221;, lithographs by Daniel Perea and Rojas. <\/span><span title=\"Libro acompa\u00f1ado por un cuadernillo de 48 p\u00e1ginas en esta nueva edici\u00f3n.\">Book accompanied by a booklet of 48 pages in this new edition. <\/span><span title=\"Una obra imprescindible para todas aquellas personas interesadas en la tauromaquia.\">An essential work for all those interested in bullfighting.<\/span><\/span><\/span><\/span><\/p>\n","protected":false},"featured_media":51171,"template":"","meta":[],"product_brand":[],"product_cat":[2210,2266],"product_tag":[4621,4622],"class_list":{"0":"post-51185","1":"product","2":"type-product","3":"status-publish","4":"has-post-thumbnail","6":"product_cat-bibliophilia","7":"product_cat-engravings","8":"product_tag-cabrera-en","9":"product_tag-perea-en","10":"product_shipping_class-from-0-to-1-kg","11":"description-off","13":"first","14":"instock","15":"sale","16":"taxable","17":"shipping-taxable","18":"purchasable","19":"product-type-simple"},"yoast_head":"<!-- This site is optimized with the Yoast SEO plugin v27.3 - https:\/\/yoast.com\/product\/yoast-seo-wordpress\/ -->\n<title>To the bulls, lithographs by Daniel Perea, 1900<\/title>\n<meta name=\"description\" content=\"To the bulls. Album composed of 28 original watercolors of the renowned painter of bullfighting scenes Don Daniel Perea, with the explanation of each luck in\" \/>\n<meta name=\"robots\" content=\"index, follow, max-snippet:-1, max-image-preview:large, max-video-preview:-1\" \/>\n<link rel=\"canonical\" href=\"https:\/\/www.comprarmejor.es\/en\/product\/to-the-bulls-lithographs-by-daniel-perea-1900\/\" \/>\n<meta property=\"og:locale\" content=\"en_US\" \/>\n<meta property=\"og:type\" content=\"article\" \/>\n<meta property=\"og:title\" content=\"To the bulls, lithographs by Daniel Perea, 1900\" \/>\n<meta property=\"og:description\" content=\"To the bulls. Album composed of 28 original watercolors of the renowned painter of bullfighting scenes Don Daniel Perea, with the explanation of each luck in\" \/>\n<meta property=\"og:url\" content=\"https:\/\/www.comprarmejor.es\/en\/product\/to-the-bulls-lithographs-by-daniel-perea-1900\/\" \/>\n<meta property=\"og:site_name\" content=\"ComprarMejor\" \/>\n<meta property=\"article:modified_time\" content=\"2019-08-30T07:20:25+00:00\" \/>\n<meta property=\"og:image\" content=\"https:\/\/www.comprarmejor.es\/wp-content\/uploads\/2016\/01\/p_7_7_3_2_7732-A-los-toros-litografias-de-Daniel-Perea-1900.jpg\" \/>\n\t<meta property=\"og:image:width\" content=\"596\" \/>\n\t<meta property=\"og:image:height\" content=\"406\" \/>\n\t<meta property=\"og:image:type\" content=\"image\/jpeg\" \/>\n<meta name=\"twitter:card\" content=\"summary_large_image\" \/>\n<meta name=\"twitter:label1\" content=\"Est. reading time\" \/>\n\t<meta name=\"twitter:data1\" content=\"1 minute\" \/>\n<script type=\"application\/ld+json\" class=\"yoast-schema-graph\">{\"@context\":\"https:\\\/\\\/schema.org\",\"@graph\":[{\"@type\":\"WebPage\",\"@id\":\"https:\\\/\\\/www.comprarmejor.es\\\/en\\\/product\\\/to-the-bulls-lithographs-by-daniel-perea-1900\\\/\",\"url\":\"https:\\\/\\\/www.comprarmejor.es\\\/en\\\/product\\\/to-the-bulls-lithographs-by-daniel-perea-1900\\\/\",\"name\":\"To the bulls, lithographs by Daniel Perea, 1900\",\"isPartOf\":{\"@id\":\"https:\\\/\\\/www.comprarmejor.es\\\/en\\\/#website\"},\"primaryImageOfPage\":{\"@id\":\"https:\\\/\\\/www.comprarmejor.es\\\/en\\\/product\\\/to-the-bulls-lithographs-by-daniel-perea-1900\\\/#primaryimage\"},\"image\":{\"@id\":\"https:\\\/\\\/www.comprarmejor.es\\\/en\\\/product\\\/to-the-bulls-lithographs-by-daniel-perea-1900\\\/#primaryimage\"},\"thumbnailUrl\":\"https:\\\/\\\/www.comprarmejor.es\\\/wp-content\\\/uploads\\\/2016\\\/01\\\/p_7_7_3_2_7732-A-los-toros-litografias-de-Daniel-Perea-1900.jpg\",\"datePublished\":\"2016-01-08T10:05:13+00:00\",\"dateModified\":\"2019-08-30T07:20:25+00:00\",\"description\":\"To the bulls. Album composed of 28 original watercolors of the renowned painter of bullfighting scenes Don Daniel Perea, with the explanation of each luck in\",\"breadcrumb\":{\"@id\":\"https:\\\/\\\/www.comprarmejor.es\\\/en\\\/product\\\/to-the-bulls-lithographs-by-daniel-perea-1900\\\/#breadcrumb\"},\"inLanguage\":\"en-US\",\"potentialAction\":[{\"@type\":\"ReadAction\",\"target\":[\"https:\\\/\\\/www.comprarmejor.es\\\/en\\\/product\\\/to-the-bulls-lithographs-by-daniel-perea-1900\\\/\"]}]},{\"@type\":\"ImageObject\",\"inLanguage\":\"en-US\",\"@id\":\"https:\\\/\\\/www.comprarmejor.es\\\/en\\\/product\\\/to-the-bulls-lithographs-by-daniel-perea-1900\\\/#primaryimage\",\"url\":\"https:\\\/\\\/www.comprarmejor.es\\\/wp-content\\\/uploads\\\/2016\\\/01\\\/p_7_7_3_2_7732-A-los-toros-litografias-de-Daniel-Perea-1900.jpg\",\"contentUrl\":\"https:\\\/\\\/www.comprarmejor.es\\\/wp-content\\\/uploads\\\/2016\\\/01\\\/p_7_7_3_2_7732-A-los-toros-litografias-de-Daniel-Perea-1900.jpg\",\"width\":596,\"height\":406},{\"@type\":\"BreadcrumbList\",\"@id\":\"https:\\\/\\\/www.comprarmejor.es\\\/en\\\/product\\\/to-the-bulls-lithographs-by-daniel-perea-1900\\\/#breadcrumb\",\"itemListElement\":[{\"@type\":\"ListItem\",\"position\":1,\"name\":\"Portada\",\"item\":\"https:\\\/\\\/www.comprarmejor.es\\\/en\\\/\"},{\"@type\":\"ListItem\",\"position\":2,\"name\":\"Shop\",\"item\":\"https:\\\/\\\/www.comprarmejor.es\\\/en\\\/shop\\\/\"},{\"@type\":\"ListItem\",\"position\":3,\"name\":\"To the bulls, lithographs by Daniel Perea, 1900\"}]},{\"@type\":\"WebSite\",\"@id\":\"https:\\\/\\\/www.comprarmejor.es\\\/en\\\/#website\",\"url\":\"https:\\\/\\\/www.comprarmejor.es\\\/en\\\/\",\"name\":\"ComprarMejor\",\"description\":\"ComprarMejor\",\"publisher\":{\"@id\":\"https:\\\/\\\/www.comprarmejor.es\\\/en\\\/#organization\"},\"potentialAction\":[{\"@type\":\"SearchAction\",\"target\":{\"@type\":\"EntryPoint\",\"urlTemplate\":\"https:\\\/\\\/www.comprarmejor.es\\\/en\\\/?s={search_term_string}\"},\"query-input\":{\"@type\":\"PropertyValueSpecification\",\"valueRequired\":true,\"valueName\":\"search_term_string\"}}],\"inLanguage\":\"en-US\"},{\"@type\":\"Organization\",\"@id\":\"https:\\\/\\\/www.comprarmejor.es\\\/en\\\/#organization\",\"name\":\"COMPRAR MEJOR\",\"url\":\"https:\\\/\\\/www.comprarmejor.es\\\/en\\\/\",\"logo\":{\"@type\":\"ImageObject\",\"inLanguage\":\"en-US\",\"@id\":\"https:\\\/\\\/www.comprarmejor.es\\\/en\\\/#\\\/schema\\\/logo\\\/image\\\/\",\"url\":\"https:\\\/\\\/www.comprarmejor.es\\\/wp-content\\\/uploads\\\/2025\\\/09\\\/comprarmejortrinidad.jpg\",\"contentUrl\":\"https:\\\/\\\/www.comprarmejor.es\\\/wp-content\\\/uploads\\\/2025\\\/09\\\/comprarmejortrinidad.jpg\",\"width\":1022,\"height\":1380,\"caption\":\"COMPRAR MEJOR\"},\"image\":{\"@id\":\"https:\\\/\\\/www.comprarmejor.es\\\/en\\\/#\\\/schema\\\/logo\\\/image\\\/\"},\"sameAs\":[\"https:\\\/\\\/www.instagram.com\\\/amigosdelcodice\"]}]}<\/script>\n<!-- \/ Yoast SEO plugin. -->","yoast_head_json":{"title":"To the bulls, lithographs by Daniel Perea, 1900","description":"To the bulls. Album composed of 28 original watercolors of the renowned painter of bullfighting scenes Don Daniel Perea, with the explanation of each luck in","robots":{"index":"index","follow":"follow","max-snippet":"max-snippet:-1","max-image-preview":"max-image-preview:large","max-video-preview":"max-video-preview:-1"},"canonical":"https:\/\/www.comprarmejor.es\/en\/product\/to-the-bulls-lithographs-by-daniel-perea-1900\/","og_locale":"en_US","og_type":"article","og_title":"To the bulls, lithographs by Daniel Perea, 1900","og_description":"To the bulls. Album composed of 28 original watercolors of the renowned painter of bullfighting scenes Don Daniel Perea, with the explanation of each luck in","og_url":"https:\/\/www.comprarmejor.es\/en\/product\/to-the-bulls-lithographs-by-daniel-perea-1900\/","og_site_name":"ComprarMejor","article_modified_time":"2019-08-30T07:20:25+00:00","og_image":[{"width":596,"height":406,"url":"https:\/\/www.comprarmejor.es\/wp-content\/uploads\/2016\/01\/p_7_7_3_2_7732-A-los-toros-litografias-de-Daniel-Perea-1900.jpg","type":"image\/jpeg"}],"twitter_card":"summary_large_image","twitter_misc":{"Est. reading time":"1 minute"},"schema":{"@context":"https:\/\/schema.org","@graph":[{"@type":"WebPage","@id":"https:\/\/www.comprarmejor.es\/en\/product\/to-the-bulls-lithographs-by-daniel-perea-1900\/","url":"https:\/\/www.comprarmejor.es\/en\/product\/to-the-bulls-lithographs-by-daniel-perea-1900\/","name":"To the bulls, lithographs by Daniel Perea, 1900","isPartOf":{"@id":"https:\/\/www.comprarmejor.es\/en\/#website"},"primaryImageOfPage":{"@id":"https:\/\/www.comprarmejor.es\/en\/product\/to-the-bulls-lithographs-by-daniel-perea-1900\/#primaryimage"},"image":{"@id":"https:\/\/www.comprarmejor.es\/en\/product\/to-the-bulls-lithographs-by-daniel-perea-1900\/#primaryimage"},"thumbnailUrl":"https:\/\/www.comprarmejor.es\/wp-content\/uploads\/2016\/01\/p_7_7_3_2_7732-A-los-toros-litografias-de-Daniel-Perea-1900.jpg","datePublished":"2016-01-08T10:05:13+00:00","dateModified":"2019-08-30T07:20:25+00:00","description":"To the bulls. Album composed of 28 original watercolors of the renowned painter of bullfighting scenes Don Daniel Perea, with the explanation of each luck in","breadcrumb":{"@id":"https:\/\/www.comprarmejor.es\/en\/product\/to-the-bulls-lithographs-by-daniel-perea-1900\/#breadcrumb"},"inLanguage":"en-US","potentialAction":[{"@type":"ReadAction","target":["https:\/\/www.comprarmejor.es\/en\/product\/to-the-bulls-lithographs-by-daniel-perea-1900\/"]}]},{"@type":"ImageObject","inLanguage":"en-US","@id":"https:\/\/www.comprarmejor.es\/en\/product\/to-the-bulls-lithographs-by-daniel-perea-1900\/#primaryimage","url":"https:\/\/www.comprarmejor.es\/wp-content\/uploads\/2016\/01\/p_7_7_3_2_7732-A-los-toros-litografias-de-Daniel-Perea-1900.jpg","contentUrl":"https:\/\/www.comprarmejor.es\/wp-content\/uploads\/2016\/01\/p_7_7_3_2_7732-A-los-toros-litografias-de-Daniel-Perea-1900.jpg","width":596,"height":406},{"@type":"BreadcrumbList","@id":"https:\/\/www.comprarmejor.es\/en\/product\/to-the-bulls-lithographs-by-daniel-perea-1900\/#breadcrumb","itemListElement":[{"@type":"ListItem","position":1,"name":"Portada","item":"https:\/\/www.comprarmejor.es\/en\/"},{"@type":"ListItem","position":2,"name":"Shop","item":"https:\/\/www.comprarmejor.es\/en\/shop\/"},{"@type":"ListItem","position":3,"name":"To the bulls, lithographs by Daniel Perea, 1900"}]},{"@type":"WebSite","@id":"https:\/\/www.comprarmejor.es\/en\/#website","url":"https:\/\/www.comprarmejor.es\/en\/","name":"ComprarMejor","description":"ComprarMejor","publisher":{"@id":"https:\/\/www.comprarmejor.es\/en\/#organization"},"potentialAction":[{"@type":"SearchAction","target":{"@type":"EntryPoint","urlTemplate":"https:\/\/www.comprarmejor.es\/en\/?s={search_term_string}"},"query-input":{"@type":"PropertyValueSpecification","valueRequired":true,"valueName":"search_term_string"}}],"inLanguage":"en-US"},{"@type":"Organization","@id":"https:\/\/www.comprarmejor.es\/en\/#organization","name":"COMPRAR MEJOR","url":"https:\/\/www.comprarmejor.es\/en\/","logo":{"@type":"ImageObject","inLanguage":"en-US","@id":"https:\/\/www.comprarmejor.es\/en\/#\/schema\/logo\/image\/","url":"https:\/\/www.comprarmejor.es\/wp-content\/uploads\/2025\/09\/comprarmejortrinidad.jpg","contentUrl":"https:\/\/www.comprarmejor.es\/wp-content\/uploads\/2025\/09\/comprarmejortrinidad.jpg","width":1022,"height":1380,"caption":"COMPRAR MEJOR"},"image":{"@id":"https:\/\/www.comprarmejor.es\/en\/#\/schema\/logo\/image\/"},"sameAs":["https:\/\/www.instagram.com\/amigosdelcodice"]}]}},"_links":{"self":[{"href":"https:\/\/www.comprarmejor.es\/en\/wp-json\/wp\/v2\/product\/51185","targetHints":{"allow":["GET"]}}],"collection":[{"href":"https:\/\/www.comprarmejor.es\/en\/wp-json\/wp\/v2\/product"}],"about":[{"href":"https:\/\/www.comprarmejor.es\/en\/wp-json\/wp\/v2\/types\/product"}],"wp:featuredmedia":[{"embeddable":true,"href":"https:\/\/www.comprarmejor.es\/en\/wp-json\/wp\/v2\/media\/51171"}],"wp:attachment":[{"href":"https:\/\/www.comprarmejor.es\/en\/wp-json\/wp\/v2\/media?parent=51185"}],"wp:term":[{"taxonomy":"product_brand","embeddable":true,"href":"https:\/\/www.comprarmejor.es\/en\/wp-json\/wp\/v2\/product_brand?post=51185"},{"taxonomy":"product_cat","embeddable":true,"href":"https:\/\/www.comprarmejor.es\/en\/wp-json\/wp\/v2\/product_cat?post=51185"},{"taxonomy":"product_tag","embeddable":true,"href":"https:\/\/www.comprarmejor.es\/en\/wp-json\/wp\/v2\/product_tag?post=51185"}],"curies":[{"name":"wp","href":"https:\/\/api.w.org\/{rel}","templated":true}]}}