{"id":51239,"date":"2016-01-08T13:24:26","date_gmt":"2016-01-08T12:24:26","guid":{"rendered":"https:\/\/www.comprarmejor.es\/producto\/goya-the-disasters-of-war-graphic-work\/"},"modified":"2019-09-11T11:15:08","modified_gmt":"2019-09-11T09:15:08","slug":"goya-the-disasters-of-war-graphic-work","status":"publish","type":"product","link":"https:\/\/www.comprarmejor.es\/en\/product\/goya-the-disasters-of-war-graphic-work\/","title":{"rendered":"Goya: The Disasters of War, graphic work"},"content":{"rendered":"<p style=\"text-align:justify;\"><span id=\"result_box\" lang=\"en\" xml:lang=\"en\"><span title=\"Colecci\u00f3n de 80 l\u00e1minas grabadas al aguafuerte.\">Collection of 80 sheets etched. <\/span><span title=\"Hermosa edici\u00f3n de 2008 en Madrid de la obra gr\u00e1fica de Francisco de Goya conocida como \u201cLos Desastres de la Guerra\u201d.\">Beautiful 2008 edition in Madrid of the graphic work of Francisco de Goya called &#8220;The Disasters of War&#8221;.<\/p>\n<p><\/span><span title=\"Dos hermosos vol\u00famenes en rama, con camisa, en elegantes estuches de 26 x 37 cm encuadernados en piel regenerada con estampaciones en oro y mosaico de gran prestancia.\">Two beautiful volumes in branch, with shirt in elegant boxes of 26 x 37 cm prints regenerated bound in gold and mosaic great poise skin.<\/p>\n<p><\/span><span title=\"Grabados reproducidos con la t\u00e9cnica de heliograbado.\">Reproduced recorded with the technique of photogravure. <\/span><span title=\"Introducci\u00f3n y descripci\u00f3n de los aguafuertes por A. de Beruete y Moret.\">Introduction and description of etchings by A. de Beruete and Moret.<\/p>\n<p><\/span><span title=\"Tirada limitada de 500 ejemplares en papel Canevas, firmados y numerados por el editor.\">Limited edition of 500 copies Canevas paper, signed and numbered by the editor. <\/span><span title=\"L\u00e1minas con sello registro en seco.\">Registration plates with dry seal.<\/p>\n<p><\/span><span title=\"Ejemplar nuevo, en perfecto estado.\">Exemplary new, in perfect condition. <\/span><span title=\"\u00danico ejemplar que tenemos disponible con este descuento.\">Only copy we have available with this discount.<\/p>\n<p><\/span><span title=\"Gastos de env\u00edo por cuenta del comprador, seg\u00fan pedido y destino.\">Shipping by the buyer, upon request and destination.\u00a0<\/span><span title=\"Cons\u00faltenos cualquier duda, as\u00ed como por cualquier otra obra o art\u00edculo que est\u00e9 buscando.\"><a class=\"btn btn-default\" href=\"http:\/\/comprarmejor.es\/en\/contact\">Ask us<\/a> any questions as well as any other work or article you are looking for.<\/span><\/span><\/p>\n","protected":false},"excerpt":{"rendered":"<p style=\"text-align:justify;\"><span id=\"result_box\" lang=\"en\" xml:lang=\"en\"><span title=\"Colecci\u00f3n de 80 l\u00e1minas grabadas al aguafuerte.\">Collection of 80 sheets etched. <\/span><span title=\"Hermosa edici\u00f3n de 2008 en Madrid de la obra gr\u00e1fica de Francisco de Goya conocida como \u201cLos Desastres de la Guerra\u201d.\">Beautiful 2008 edition in Madrid of the graphic work of Francisco de Goya called &#8220;The Disasters of War&#8221;.<\/span><\/span><\/p>\n","protected":false},"featured_media":51227,"template":"","meta":[],"product_brand":[],"product_cat":[2210,2266],"product_tag":[5791,5822,5130,4108],"class_list":{"0":"post-51239","1":"product","2":"type-product","3":"status-publish","4":"has-post-thumbnail","6":"product_cat-bibliophilia","7":"product_cat-engravings","8":"product_tag-arte-en","9":"product_tag-bibliofilia-en","10":"product_tag-engravings-en","11":"product_tag-goya-en-2","12":"product_shipping_class-from-2-to-5-kg","13":"description-off","15":"first","16":"instock","17":"sale","18":"taxable","19":"shipping-taxable","20":"purchasable","21":"product-type-simple"},"yoast_head":"<!-- This site is optimized with the Yoast SEO plugin v27.3 - https:\/\/yoast.com\/product\/yoast-seo-wordpress\/ -->\n<title>Goya: The Disasters of War, graphic work<\/title>\n<meta name=\"description\" content=\"Collection of 80 sheets etched. Beautiful 2008 edition in Madrid of the graphic work of Francisco de Goya called &quot;The Disasters of War&quot;.\" \/>\n<meta name=\"robots\" content=\"index, follow, max-snippet:-1, max-image-preview:large, max-video-preview:-1\" \/>\n<link rel=\"canonical\" href=\"https:\/\/www.comprarmejor.es\/en\/product\/goya-the-disasters-of-war-graphic-work\/\" \/>\n<meta property=\"og:locale\" content=\"en_US\" \/>\n<meta property=\"og:type\" content=\"article\" \/>\n<meta property=\"og:title\" content=\"Goya: The Disasters of War, graphic work\" \/>\n<meta property=\"og:description\" content=\"Collection of 80 sheets etched. Beautiful 2008 edition in Madrid of the graphic work of Francisco de Goya called &quot;The Disasters of War&quot;.\" \/>\n<meta property=\"og:url\" content=\"https:\/\/www.comprarmejor.es\/en\/product\/goya-the-disasters-of-war-graphic-work\/\" \/>\n<meta property=\"og:site_name\" content=\"ComprarMejor\" \/>\n<meta property=\"article:modified_time\" content=\"2019-09-11T09:15:08+00:00\" \/>\n<meta property=\"og:image\" content=\"https:\/\/www.comprarmejor.es\/wp-content\/uploads\/2016\/01\/p_2_3_4_3_2343-Goya-Los-Desastres-de-la-Guerra-obra-grafica.jpg\" \/>\n\t<meta property=\"og:image:width\" content=\"600\" \/>\n\t<meta property=\"og:image:height\" content=\"346\" \/>\n\t<meta property=\"og:image:type\" content=\"image\/jpeg\" \/>\n<meta name=\"twitter:card\" content=\"summary_large_image\" \/>\n<meta name=\"twitter:label1\" content=\"Est. reading time\" \/>\n\t<meta name=\"twitter:data1\" content=\"1 minute\" \/>\n<script type=\"application\/ld+json\" class=\"yoast-schema-graph\">{\"@context\":\"https:\\\/\\\/schema.org\",\"@graph\":[{\"@type\":\"WebPage\",\"@id\":\"https:\\\/\\\/www.comprarmejor.es\\\/en\\\/product\\\/goya-the-disasters-of-war-graphic-work\\\/\",\"url\":\"https:\\\/\\\/www.comprarmejor.es\\\/en\\\/product\\\/goya-the-disasters-of-war-graphic-work\\\/\",\"name\":\"Goya: The Disasters of War, graphic work\",\"isPartOf\":{\"@id\":\"https:\\\/\\\/www.comprarmejor.es\\\/en\\\/#website\"},\"primaryImageOfPage\":{\"@id\":\"https:\\\/\\\/www.comprarmejor.es\\\/en\\\/product\\\/goya-the-disasters-of-war-graphic-work\\\/#primaryimage\"},\"image\":{\"@id\":\"https:\\\/\\\/www.comprarmejor.es\\\/en\\\/product\\\/goya-the-disasters-of-war-graphic-work\\\/#primaryimage\"},\"thumbnailUrl\":\"https:\\\/\\\/www.comprarmejor.es\\\/wp-content\\\/uploads\\\/2016\\\/01\\\/p_2_3_4_3_2343-Goya-Los-Desastres-de-la-Guerra-obra-grafica.jpg\",\"datePublished\":\"2016-01-08T12:24:26+00:00\",\"dateModified\":\"2019-09-11T09:15:08+00:00\",\"description\":\"Collection of 80 sheets etched. Beautiful 2008 edition in Madrid of the graphic work of Francisco de Goya called \\\"The Disasters of War\\\".\",\"breadcrumb\":{\"@id\":\"https:\\\/\\\/www.comprarmejor.es\\\/en\\\/product\\\/goya-the-disasters-of-war-graphic-work\\\/#breadcrumb\"},\"inLanguage\":\"en-US\",\"potentialAction\":[{\"@type\":\"ReadAction\",\"target\":[\"https:\\\/\\\/www.comprarmejor.es\\\/en\\\/product\\\/goya-the-disasters-of-war-graphic-work\\\/\"]}]},{\"@type\":\"ImageObject\",\"inLanguage\":\"en-US\",\"@id\":\"https:\\\/\\\/www.comprarmejor.es\\\/en\\\/product\\\/goya-the-disasters-of-war-graphic-work\\\/#primaryimage\",\"url\":\"https:\\\/\\\/www.comprarmejor.es\\\/wp-content\\\/uploads\\\/2016\\\/01\\\/p_2_3_4_3_2343-Goya-Los-Desastres-de-la-Guerra-obra-grafica.jpg\",\"contentUrl\":\"https:\\\/\\\/www.comprarmejor.es\\\/wp-content\\\/uploads\\\/2016\\\/01\\\/p_2_3_4_3_2343-Goya-Los-Desastres-de-la-Guerra-obra-grafica.jpg\",\"width\":600,\"height\":346},{\"@type\":\"BreadcrumbList\",\"@id\":\"https:\\\/\\\/www.comprarmejor.es\\\/en\\\/product\\\/goya-the-disasters-of-war-graphic-work\\\/#breadcrumb\",\"itemListElement\":[{\"@type\":\"ListItem\",\"position\":1,\"name\":\"Portada\",\"item\":\"https:\\\/\\\/www.comprarmejor.es\\\/en\\\/\"},{\"@type\":\"ListItem\",\"position\":2,\"name\":\"Shop\",\"item\":\"https:\\\/\\\/www.comprarmejor.es\\\/en\\\/shop\\\/\"},{\"@type\":\"ListItem\",\"position\":3,\"name\":\"Goya: The Disasters of War, graphic work\"}]},{\"@type\":\"WebSite\",\"@id\":\"https:\\\/\\\/www.comprarmejor.es\\\/en\\\/#website\",\"url\":\"https:\\\/\\\/www.comprarmejor.es\\\/en\\\/\",\"name\":\"ComprarMejor\",\"description\":\"ComprarMejor\",\"publisher\":{\"@id\":\"https:\\\/\\\/www.comprarmejor.es\\\/en\\\/#organization\"},\"potentialAction\":[{\"@type\":\"SearchAction\",\"target\":{\"@type\":\"EntryPoint\",\"urlTemplate\":\"https:\\\/\\\/www.comprarmejor.es\\\/en\\\/?s={search_term_string}\"},\"query-input\":{\"@type\":\"PropertyValueSpecification\",\"valueRequired\":true,\"valueName\":\"search_term_string\"}}],\"inLanguage\":\"en-US\"},{\"@type\":\"Organization\",\"@id\":\"https:\\\/\\\/www.comprarmejor.es\\\/en\\\/#organization\",\"name\":\"COMPRAR MEJOR\",\"url\":\"https:\\\/\\\/www.comprarmejor.es\\\/en\\\/\",\"logo\":{\"@type\":\"ImageObject\",\"inLanguage\":\"en-US\",\"@id\":\"https:\\\/\\\/www.comprarmejor.es\\\/en\\\/#\\\/schema\\\/logo\\\/image\\\/\",\"url\":\"https:\\\/\\\/www.comprarmejor.es\\\/wp-content\\\/uploads\\\/2025\\\/09\\\/comprarmejortrinidad.jpg\",\"contentUrl\":\"https:\\\/\\\/www.comprarmejor.es\\\/wp-content\\\/uploads\\\/2025\\\/09\\\/comprarmejortrinidad.jpg\",\"width\":1022,\"height\":1380,\"caption\":\"COMPRAR MEJOR\"},\"image\":{\"@id\":\"https:\\\/\\\/www.comprarmejor.es\\\/en\\\/#\\\/schema\\\/logo\\\/image\\\/\"},\"sameAs\":[\"https:\\\/\\\/www.instagram.com\\\/amigosdelcodice\"]}]}<\/script>\n<!-- \/ Yoast SEO plugin. -->","yoast_head_json":{"title":"Goya: The Disasters of War, graphic work","description":"Collection of 80 sheets etched. Beautiful 2008 edition in Madrid of the graphic work of Francisco de Goya called \"The Disasters of War\".","robots":{"index":"index","follow":"follow","max-snippet":"max-snippet:-1","max-image-preview":"max-image-preview:large","max-video-preview":"max-video-preview:-1"},"canonical":"https:\/\/www.comprarmejor.es\/en\/product\/goya-the-disasters-of-war-graphic-work\/","og_locale":"en_US","og_type":"article","og_title":"Goya: The Disasters of War, graphic work","og_description":"Collection of 80 sheets etched. Beautiful 2008 edition in Madrid of the graphic work of Francisco de Goya called \"The Disasters of War\".","og_url":"https:\/\/www.comprarmejor.es\/en\/product\/goya-the-disasters-of-war-graphic-work\/","og_site_name":"ComprarMejor","article_modified_time":"2019-09-11T09:15:08+00:00","og_image":[{"width":600,"height":346,"url":"https:\/\/www.comprarmejor.es\/wp-content\/uploads\/2016\/01\/p_2_3_4_3_2343-Goya-Los-Desastres-de-la-Guerra-obra-grafica.jpg","type":"image\/jpeg"}],"twitter_card":"summary_large_image","twitter_misc":{"Est. reading time":"1 minute"},"schema":{"@context":"https:\/\/schema.org","@graph":[{"@type":"WebPage","@id":"https:\/\/www.comprarmejor.es\/en\/product\/goya-the-disasters-of-war-graphic-work\/","url":"https:\/\/www.comprarmejor.es\/en\/product\/goya-the-disasters-of-war-graphic-work\/","name":"Goya: The Disasters of War, graphic work","isPartOf":{"@id":"https:\/\/www.comprarmejor.es\/en\/#website"},"primaryImageOfPage":{"@id":"https:\/\/www.comprarmejor.es\/en\/product\/goya-the-disasters-of-war-graphic-work\/#primaryimage"},"image":{"@id":"https:\/\/www.comprarmejor.es\/en\/product\/goya-the-disasters-of-war-graphic-work\/#primaryimage"},"thumbnailUrl":"https:\/\/www.comprarmejor.es\/wp-content\/uploads\/2016\/01\/p_2_3_4_3_2343-Goya-Los-Desastres-de-la-Guerra-obra-grafica.jpg","datePublished":"2016-01-08T12:24:26+00:00","dateModified":"2019-09-11T09:15:08+00:00","description":"Collection of 80 sheets etched. Beautiful 2008 edition in Madrid of the graphic work of Francisco de Goya called \"The Disasters of War\".","breadcrumb":{"@id":"https:\/\/www.comprarmejor.es\/en\/product\/goya-the-disasters-of-war-graphic-work\/#breadcrumb"},"inLanguage":"en-US","potentialAction":[{"@type":"ReadAction","target":["https:\/\/www.comprarmejor.es\/en\/product\/goya-the-disasters-of-war-graphic-work\/"]}]},{"@type":"ImageObject","inLanguage":"en-US","@id":"https:\/\/www.comprarmejor.es\/en\/product\/goya-the-disasters-of-war-graphic-work\/#primaryimage","url":"https:\/\/www.comprarmejor.es\/wp-content\/uploads\/2016\/01\/p_2_3_4_3_2343-Goya-Los-Desastres-de-la-Guerra-obra-grafica.jpg","contentUrl":"https:\/\/www.comprarmejor.es\/wp-content\/uploads\/2016\/01\/p_2_3_4_3_2343-Goya-Los-Desastres-de-la-Guerra-obra-grafica.jpg","width":600,"height":346},{"@type":"BreadcrumbList","@id":"https:\/\/www.comprarmejor.es\/en\/product\/goya-the-disasters-of-war-graphic-work\/#breadcrumb","itemListElement":[{"@type":"ListItem","position":1,"name":"Portada","item":"https:\/\/www.comprarmejor.es\/en\/"},{"@type":"ListItem","position":2,"name":"Shop","item":"https:\/\/www.comprarmejor.es\/en\/shop\/"},{"@type":"ListItem","position":3,"name":"Goya: The Disasters of War, graphic work"}]},{"@type":"WebSite","@id":"https:\/\/www.comprarmejor.es\/en\/#website","url":"https:\/\/www.comprarmejor.es\/en\/","name":"ComprarMejor","description":"ComprarMejor","publisher":{"@id":"https:\/\/www.comprarmejor.es\/en\/#organization"},"potentialAction":[{"@type":"SearchAction","target":{"@type":"EntryPoint","urlTemplate":"https:\/\/www.comprarmejor.es\/en\/?s={search_term_string}"},"query-input":{"@type":"PropertyValueSpecification","valueRequired":true,"valueName":"search_term_string"}}],"inLanguage":"en-US"},{"@type":"Organization","@id":"https:\/\/www.comprarmejor.es\/en\/#organization","name":"COMPRAR MEJOR","url":"https:\/\/www.comprarmejor.es\/en\/","logo":{"@type":"ImageObject","inLanguage":"en-US","@id":"https:\/\/www.comprarmejor.es\/en\/#\/schema\/logo\/image\/","url":"https:\/\/www.comprarmejor.es\/wp-content\/uploads\/2025\/09\/comprarmejortrinidad.jpg","contentUrl":"https:\/\/www.comprarmejor.es\/wp-content\/uploads\/2025\/09\/comprarmejortrinidad.jpg","width":1022,"height":1380,"caption":"COMPRAR MEJOR"},"image":{"@id":"https:\/\/www.comprarmejor.es\/en\/#\/schema\/logo\/image\/"},"sameAs":["https:\/\/www.instagram.com\/amigosdelcodice"]}]}},"_links":{"self":[{"href":"https:\/\/www.comprarmejor.es\/en\/wp-json\/wp\/v2\/product\/51239","targetHints":{"allow":["GET"]}}],"collection":[{"href":"https:\/\/www.comprarmejor.es\/en\/wp-json\/wp\/v2\/product"}],"about":[{"href":"https:\/\/www.comprarmejor.es\/en\/wp-json\/wp\/v2\/types\/product"}],"wp:featuredmedia":[{"embeddable":true,"href":"https:\/\/www.comprarmejor.es\/en\/wp-json\/wp\/v2\/media\/51227"}],"wp:attachment":[{"href":"https:\/\/www.comprarmejor.es\/en\/wp-json\/wp\/v2\/media?parent=51239"}],"wp:term":[{"taxonomy":"product_brand","embeddable":true,"href":"https:\/\/www.comprarmejor.es\/en\/wp-json\/wp\/v2\/product_brand?post=51239"},{"taxonomy":"product_cat","embeddable":true,"href":"https:\/\/www.comprarmejor.es\/en\/wp-json\/wp\/v2\/product_cat?post=51239"},{"taxonomy":"product_tag","embeddable":true,"href":"https:\/\/www.comprarmejor.es\/en\/wp-json\/wp\/v2\/product_tag?post=51239"}],"curies":[{"name":"wp","href":"https:\/\/api.w.org\/{rel}","templated":true}]}}