{"id":51263,"date":"2016-01-08T17:42:06","date_gmt":"2016-01-08T16:42:06","guid":{"rendered":"https:\/\/www.comprarmejor.es\/producto\/history-of-the-monastery-of-the-escorial-antonio-rotondo-1862\/"},"modified":"2019-08-28T17:25:07","modified_gmt":"2019-08-28T15:25:07","slug":"history-of-the-monastery-of-the-escorial-antonio-rotondo-1862","status":"publish","type":"product","link":"https:\/\/www.comprarmejor.es\/en\/product\/history-of-the-monastery-of-the-escorial-antonio-rotondo-1862\/","title":{"rendered":"History of the Monastery of the Escorial, Antonio Rotondo, 1862"},"content":{"rendered":"<p style=\"text-align:justify;\"><span id=\"result_box\" lang=\"en\" xml:lang=\"en\"><span title=\"Edici\u00f3n facs\u00edmile de la obra -Historia descriptiva, art\u00edstica y pintoresca, del Real Monasterio de San Lorenzo, com\u00fanmente llamado del Escorial-, por D. Antonio Rotondo, de la edici\u00f3n de 1862 iluminada a mano, realizada en 1984 por Patrimonio Nacional para conmemorar el\">Facsimile edition of the descriptive and picturesque -History artistic work, the Royal Monastery of San Lorenzo, commonly called the Escorial, by D. Antonio Rotondo, 1862 edition of hand-illuminated, held in 1984 to commemorate the National Heritage <\/span><span title=\"IV Centenario de la colocaci\u00f3n de la \u00faltima piedra del Monasterio fundado por el Rey Felipe II.\">fourth centenary of the laying of the final stone of the monastery founded by King Felipe II.<\/p>\n<p><\/span><span title=\"Edici\u00f3n numerada y limitada a 1.000 ejemplares.\">And numbered edition limited to 1,000 copies. <\/span><span title=\"Encuadernada en tapa espa\u00f1ola.\">Spanish-bound cover. <\/span><span title=\"Una obra amena por sus innumerables ilustraciones de personajes hist\u00f3ricos, oficios, elementos monumentales y arquitect\u00f3nicos, as\u00ed como orlas y capitulares, algunas de ellas en color.\">An entertaining for his countless illustrations of historical, crafts, monumental and architectural elements as well as borders and Chapter, some color work. <\/span><span title=\"\u00danica en su g\u00e9nero y grandiosa, no s\u00f3lo por ser f\u00edsicamente un gran libro, sino por el impresionante contenido hist\u00f3rico, social y monumental de la obra.\">One of a kind and great, not only physically be a great book, but by the tremendous historical, social and monumental content of the work. <\/span><span title=\"Una obra imprescindible para cualquier amante de la que fue considerada como la octava maravilla del Mundo.\">A must for any lover of work which was regarded as the Eighth Wonder of the World.<\/p>\n<p><\/span><span title=\"Llama tambi\u00e9n la atenci\u00f3n ese abismo, dig\u00e1moslo as\u00ed, de retratos sueltos e intercalares, ese lujo de grabados y l\u00e1minas en madera, en acero, en litograf\u00eda y al cromo, y aun fotograf\u00eda tambi\u00e9n, que ilustran hasta con profusi\u00f3n la obra, verdadera reproducci\u00f3n de\">Also draws attention to the abyss, so to speak, loose and leap portraits, that luxury of prints and sheets of wood, steel, and litho chrome, and even photography as well, which until profusely illustrated work, true reproduction <\/span><span title=\"edificios, de vistas, paisajes, panoramas y de personajes c\u00e9lebres, copiado todo del natural, con toda la delicadeza y escrupulosidad que pudiera desear el m\u00e1s exigente.\">buildings, views, landscapes, panoramas and celebrities, copied all natural, with all the delicacy and thoroughness that would want the most demanding.<\/p>\n<p><\/span><span title=\"Medidas del volumen: 30,8 x 43,5 cm., 296 p\u00e1ginas, 5 kgs.\">Volume measurements: 30.8 x 43.5 cm, 296 pages, 5 kg..<\/p>\n<p><\/span><span title=\"Gastos de env\u00edo por cuenta del comprador, seg\u00fan pedido y destino.\">Shipping by the buyer, upon request and destination.\u00a0<\/span><span title=\"Cons\u00faltenos cualquier duda, as\u00ed como por cualquier otro art\u00edculo que est\u00e9 buscando.\"><a class=\"btn btn-default\" href=\"http:\/\/comprarmejor.es\/en\/contact\">Ask us<\/a> any questions as well as any other items you are looking for.<\/span><\/span><\/p>\n","protected":false},"excerpt":{"rendered":"<p style=\"text-align:justify;\"><span id=\"result_box\" lang=\"en\" xml:lang=\"en\"><span title=\"Edici\u00f3n facs\u00edmile de la obra -Historia descriptiva, art\u00edstica y pintoresca, del Real Monasterio de San Lorenzo, com\u00fanmente llamado del Escorial-, por D. Antonio Rotondo, de la edici\u00f3n de 1862 iluminada a mano, realizada en 1984 por Patrimonio Nacional para conmemorar el\">Facsimile edition of the descriptive and picturesque -History artistic work, the Royal Monastery of San Lorenzo, commonly called the Escorial, by D. Antonio Rotondo,<\/span><\/span><\/p>\n","protected":false},"featured_media":51251,"template":"","meta":[],"product_brand":[],"product_cat":[2210,2188,2184,2250],"product_tag":[3984,5120,4616],"class_list":{"0":"post-51263","1":"product","2":"type-product","3":"status-publish","4":"has-post-thumbnail","6":"product_cat-bibliophilia","7":"product_cat-books","8":"product_cat-facsimiles-editions","9":"product_cat-other-facsimiles","10":"product_tag-escorial-en-2","11":"product_tag-history-en","12":"product_tag-rotondo-en","13":"product_shipping_class-from-6-to-10-kg","14":"description-off","16":"first","17":"instock","18":"taxable","19":"shipping-taxable","20":"purchasable","21":"product-type-simple"},"yoast_head":"<!-- This site is optimized with the Yoast SEO plugin v27.3 - https:\/\/yoast.com\/product\/yoast-seo-wordpress\/ -->\n<title>History of the Monastery of the Escorial, Antonio Rotondo, 1862<\/title>\n<meta name=\"description\" content=\"Facsimile edition of the descriptive and picturesque -History artistic work, the Royal Monastery of San Lorenzo, commonly called the Escorial, by A. Rotondo\" \/>\n<meta name=\"robots\" content=\"index, follow, max-snippet:-1, max-image-preview:large, max-video-preview:-1\" \/>\n<link rel=\"canonical\" href=\"https:\/\/www.comprarmejor.es\/en\/product\/history-of-the-monastery-of-the-escorial-antonio-rotondo-1862\/\" \/>\n<meta property=\"og:locale\" content=\"en_US\" \/>\n<meta property=\"og:type\" content=\"article\" \/>\n<meta property=\"og:title\" content=\"History of the Monastery of the Escorial, Antonio Rotondo, 1862\" \/>\n<meta property=\"og:description\" content=\"Facsimile edition of the descriptive and picturesque -History artistic work, the Royal Monastery of San Lorenzo, commonly called the Escorial, by A. Rotondo\" \/>\n<meta property=\"og:url\" content=\"https:\/\/www.comprarmejor.es\/en\/product\/history-of-the-monastery-of-the-escorial-antonio-rotondo-1862\/\" \/>\n<meta property=\"og:site_name\" content=\"ComprarMejor\" \/>\n<meta property=\"article:modified_time\" content=\"2019-08-28T15:25:07+00:00\" \/>\n<meta property=\"og:image\" content=\"https:\/\/www.comprarmejor.es\/wp-content\/uploads\/2016\/01\/p_2_3_5_0_2350-Historia-del-Monasterio-del-Escorial-Antonio-Rotondo-1862.jpg\" \/>\n\t<meta property=\"og:image:width\" content=\"600\" \/>\n\t<meta property=\"og:image:height\" content=\"456\" \/>\n\t<meta property=\"og:image:type\" content=\"image\/jpeg\" \/>\n<meta name=\"twitter:card\" content=\"summary_large_image\" \/>\n<meta name=\"twitter:label1\" content=\"Est. reading time\" \/>\n\t<meta name=\"twitter:data1\" content=\"1 minute\" \/>\n<script type=\"application\/ld+json\" class=\"yoast-schema-graph\">{\"@context\":\"https:\\\/\\\/schema.org\",\"@graph\":[{\"@type\":\"WebPage\",\"@id\":\"https:\\\/\\\/www.comprarmejor.es\\\/en\\\/product\\\/history-of-the-monastery-of-the-escorial-antonio-rotondo-1862\\\/\",\"url\":\"https:\\\/\\\/www.comprarmejor.es\\\/en\\\/product\\\/history-of-the-monastery-of-the-escorial-antonio-rotondo-1862\\\/\",\"name\":\"History of the Monastery of the Escorial, Antonio Rotondo, 1862\",\"isPartOf\":{\"@id\":\"https:\\\/\\\/www.comprarmejor.es\\\/en\\\/#website\"},\"primaryImageOfPage\":{\"@id\":\"https:\\\/\\\/www.comprarmejor.es\\\/en\\\/product\\\/history-of-the-monastery-of-the-escorial-antonio-rotondo-1862\\\/#primaryimage\"},\"image\":{\"@id\":\"https:\\\/\\\/www.comprarmejor.es\\\/en\\\/product\\\/history-of-the-monastery-of-the-escorial-antonio-rotondo-1862\\\/#primaryimage\"},\"thumbnailUrl\":\"https:\\\/\\\/www.comprarmejor.es\\\/wp-content\\\/uploads\\\/2016\\\/01\\\/p_2_3_5_0_2350-Historia-del-Monasterio-del-Escorial-Antonio-Rotondo-1862.jpg\",\"datePublished\":\"2016-01-08T16:42:06+00:00\",\"dateModified\":\"2019-08-28T15:25:07+00:00\",\"description\":\"Facsimile edition of the descriptive and picturesque -History artistic work, the Royal Monastery of San Lorenzo, commonly called the Escorial, by A. Rotondo\",\"breadcrumb\":{\"@id\":\"https:\\\/\\\/www.comprarmejor.es\\\/en\\\/product\\\/history-of-the-monastery-of-the-escorial-antonio-rotondo-1862\\\/#breadcrumb\"},\"inLanguage\":\"en-US\",\"potentialAction\":[{\"@type\":\"ReadAction\",\"target\":[\"https:\\\/\\\/www.comprarmejor.es\\\/en\\\/product\\\/history-of-the-monastery-of-the-escorial-antonio-rotondo-1862\\\/\"]}]},{\"@type\":\"ImageObject\",\"inLanguage\":\"en-US\",\"@id\":\"https:\\\/\\\/www.comprarmejor.es\\\/en\\\/product\\\/history-of-the-monastery-of-the-escorial-antonio-rotondo-1862\\\/#primaryimage\",\"url\":\"https:\\\/\\\/www.comprarmejor.es\\\/wp-content\\\/uploads\\\/2016\\\/01\\\/p_2_3_5_0_2350-Historia-del-Monasterio-del-Escorial-Antonio-Rotondo-1862.jpg\",\"contentUrl\":\"https:\\\/\\\/www.comprarmejor.es\\\/wp-content\\\/uploads\\\/2016\\\/01\\\/p_2_3_5_0_2350-Historia-del-Monasterio-del-Escorial-Antonio-Rotondo-1862.jpg\",\"width\":600,\"height\":456},{\"@type\":\"BreadcrumbList\",\"@id\":\"https:\\\/\\\/www.comprarmejor.es\\\/en\\\/product\\\/history-of-the-monastery-of-the-escorial-antonio-rotondo-1862\\\/#breadcrumb\",\"itemListElement\":[{\"@type\":\"ListItem\",\"position\":1,\"name\":\"Portada\",\"item\":\"https:\\\/\\\/www.comprarmejor.es\\\/en\\\/\"},{\"@type\":\"ListItem\",\"position\":2,\"name\":\"Shop\",\"item\":\"https:\\\/\\\/www.comprarmejor.es\\\/en\\\/shop\\\/\"},{\"@type\":\"ListItem\",\"position\":3,\"name\":\"History of the Monastery of the Escorial, Antonio Rotondo, 1862\"}]},{\"@type\":\"WebSite\",\"@id\":\"https:\\\/\\\/www.comprarmejor.es\\\/en\\\/#website\",\"url\":\"https:\\\/\\\/www.comprarmejor.es\\\/en\\\/\",\"name\":\"ComprarMejor\",\"description\":\"ComprarMejor\",\"publisher\":{\"@id\":\"https:\\\/\\\/www.comprarmejor.es\\\/en\\\/#organization\"},\"potentialAction\":[{\"@type\":\"SearchAction\",\"target\":{\"@type\":\"EntryPoint\",\"urlTemplate\":\"https:\\\/\\\/www.comprarmejor.es\\\/en\\\/?s={search_term_string}\"},\"query-input\":{\"@type\":\"PropertyValueSpecification\",\"valueRequired\":true,\"valueName\":\"search_term_string\"}}],\"inLanguage\":\"en-US\"},{\"@type\":\"Organization\",\"@id\":\"https:\\\/\\\/www.comprarmejor.es\\\/en\\\/#organization\",\"name\":\"COMPRAR MEJOR\",\"url\":\"https:\\\/\\\/www.comprarmejor.es\\\/en\\\/\",\"logo\":{\"@type\":\"ImageObject\",\"inLanguage\":\"en-US\",\"@id\":\"https:\\\/\\\/www.comprarmejor.es\\\/en\\\/#\\\/schema\\\/logo\\\/image\\\/\",\"url\":\"https:\\\/\\\/www.comprarmejor.es\\\/wp-content\\\/uploads\\\/2025\\\/09\\\/comprarmejortrinidad.jpg\",\"contentUrl\":\"https:\\\/\\\/www.comprarmejor.es\\\/wp-content\\\/uploads\\\/2025\\\/09\\\/comprarmejortrinidad.jpg\",\"width\":1022,\"height\":1380,\"caption\":\"COMPRAR MEJOR\"},\"image\":{\"@id\":\"https:\\\/\\\/www.comprarmejor.es\\\/en\\\/#\\\/schema\\\/logo\\\/image\\\/\"},\"sameAs\":[\"https:\\\/\\\/www.instagram.com\\\/amigosdelcodice\"]}]}<\/script>\n<!-- \/ Yoast SEO plugin. -->","yoast_head_json":{"title":"History of the Monastery of the Escorial, Antonio Rotondo, 1862","description":"Facsimile edition of the descriptive and picturesque -History artistic work, the Royal Monastery of San Lorenzo, commonly called the Escorial, by A. Rotondo","robots":{"index":"index","follow":"follow","max-snippet":"max-snippet:-1","max-image-preview":"max-image-preview:large","max-video-preview":"max-video-preview:-1"},"canonical":"https:\/\/www.comprarmejor.es\/en\/product\/history-of-the-monastery-of-the-escorial-antonio-rotondo-1862\/","og_locale":"en_US","og_type":"article","og_title":"History of the Monastery of the Escorial, Antonio Rotondo, 1862","og_description":"Facsimile edition of the descriptive and picturesque -History artistic work, the Royal Monastery of San Lorenzo, commonly called the Escorial, by A. Rotondo","og_url":"https:\/\/www.comprarmejor.es\/en\/product\/history-of-the-monastery-of-the-escorial-antonio-rotondo-1862\/","og_site_name":"ComprarMejor","article_modified_time":"2019-08-28T15:25:07+00:00","og_image":[{"width":600,"height":456,"url":"https:\/\/www.comprarmejor.es\/wp-content\/uploads\/2016\/01\/p_2_3_5_0_2350-Historia-del-Monasterio-del-Escorial-Antonio-Rotondo-1862.jpg","type":"image\/jpeg"}],"twitter_card":"summary_large_image","twitter_misc":{"Est. reading time":"1 minute"},"schema":{"@context":"https:\/\/schema.org","@graph":[{"@type":"WebPage","@id":"https:\/\/www.comprarmejor.es\/en\/product\/history-of-the-monastery-of-the-escorial-antonio-rotondo-1862\/","url":"https:\/\/www.comprarmejor.es\/en\/product\/history-of-the-monastery-of-the-escorial-antonio-rotondo-1862\/","name":"History of the Monastery of the Escorial, Antonio Rotondo, 1862","isPartOf":{"@id":"https:\/\/www.comprarmejor.es\/en\/#website"},"primaryImageOfPage":{"@id":"https:\/\/www.comprarmejor.es\/en\/product\/history-of-the-monastery-of-the-escorial-antonio-rotondo-1862\/#primaryimage"},"image":{"@id":"https:\/\/www.comprarmejor.es\/en\/product\/history-of-the-monastery-of-the-escorial-antonio-rotondo-1862\/#primaryimage"},"thumbnailUrl":"https:\/\/www.comprarmejor.es\/wp-content\/uploads\/2016\/01\/p_2_3_5_0_2350-Historia-del-Monasterio-del-Escorial-Antonio-Rotondo-1862.jpg","datePublished":"2016-01-08T16:42:06+00:00","dateModified":"2019-08-28T15:25:07+00:00","description":"Facsimile edition of the descriptive and picturesque -History artistic work, the Royal Monastery of San Lorenzo, commonly called the Escorial, by A. Rotondo","breadcrumb":{"@id":"https:\/\/www.comprarmejor.es\/en\/product\/history-of-the-monastery-of-the-escorial-antonio-rotondo-1862\/#breadcrumb"},"inLanguage":"en-US","potentialAction":[{"@type":"ReadAction","target":["https:\/\/www.comprarmejor.es\/en\/product\/history-of-the-monastery-of-the-escorial-antonio-rotondo-1862\/"]}]},{"@type":"ImageObject","inLanguage":"en-US","@id":"https:\/\/www.comprarmejor.es\/en\/product\/history-of-the-monastery-of-the-escorial-antonio-rotondo-1862\/#primaryimage","url":"https:\/\/www.comprarmejor.es\/wp-content\/uploads\/2016\/01\/p_2_3_5_0_2350-Historia-del-Monasterio-del-Escorial-Antonio-Rotondo-1862.jpg","contentUrl":"https:\/\/www.comprarmejor.es\/wp-content\/uploads\/2016\/01\/p_2_3_5_0_2350-Historia-del-Monasterio-del-Escorial-Antonio-Rotondo-1862.jpg","width":600,"height":456},{"@type":"BreadcrumbList","@id":"https:\/\/www.comprarmejor.es\/en\/product\/history-of-the-monastery-of-the-escorial-antonio-rotondo-1862\/#breadcrumb","itemListElement":[{"@type":"ListItem","position":1,"name":"Portada","item":"https:\/\/www.comprarmejor.es\/en\/"},{"@type":"ListItem","position":2,"name":"Shop","item":"https:\/\/www.comprarmejor.es\/en\/shop\/"},{"@type":"ListItem","position":3,"name":"History of the Monastery of the Escorial, Antonio Rotondo, 1862"}]},{"@type":"WebSite","@id":"https:\/\/www.comprarmejor.es\/en\/#website","url":"https:\/\/www.comprarmejor.es\/en\/","name":"ComprarMejor","description":"ComprarMejor","publisher":{"@id":"https:\/\/www.comprarmejor.es\/en\/#organization"},"potentialAction":[{"@type":"SearchAction","target":{"@type":"EntryPoint","urlTemplate":"https:\/\/www.comprarmejor.es\/en\/?s={search_term_string}"},"query-input":{"@type":"PropertyValueSpecification","valueRequired":true,"valueName":"search_term_string"}}],"inLanguage":"en-US"},{"@type":"Organization","@id":"https:\/\/www.comprarmejor.es\/en\/#organization","name":"COMPRAR MEJOR","url":"https:\/\/www.comprarmejor.es\/en\/","logo":{"@type":"ImageObject","inLanguage":"en-US","@id":"https:\/\/www.comprarmejor.es\/en\/#\/schema\/logo\/image\/","url":"https:\/\/www.comprarmejor.es\/wp-content\/uploads\/2025\/09\/comprarmejortrinidad.jpg","contentUrl":"https:\/\/www.comprarmejor.es\/wp-content\/uploads\/2025\/09\/comprarmejortrinidad.jpg","width":1022,"height":1380,"caption":"COMPRAR MEJOR"},"image":{"@id":"https:\/\/www.comprarmejor.es\/en\/#\/schema\/logo\/image\/"},"sameAs":["https:\/\/www.instagram.com\/amigosdelcodice"]}]}},"_links":{"self":[{"href":"https:\/\/www.comprarmejor.es\/en\/wp-json\/wp\/v2\/product\/51263","targetHints":{"allow":["GET"]}}],"collection":[{"href":"https:\/\/www.comprarmejor.es\/en\/wp-json\/wp\/v2\/product"}],"about":[{"href":"https:\/\/www.comprarmejor.es\/en\/wp-json\/wp\/v2\/types\/product"}],"wp:featuredmedia":[{"embeddable":true,"href":"https:\/\/www.comprarmejor.es\/en\/wp-json\/wp\/v2\/media\/51251"}],"wp:attachment":[{"href":"https:\/\/www.comprarmejor.es\/en\/wp-json\/wp\/v2\/media?parent=51263"}],"wp:term":[{"taxonomy":"product_brand","embeddable":true,"href":"https:\/\/www.comprarmejor.es\/en\/wp-json\/wp\/v2\/product_brand?post=51263"},{"taxonomy":"product_cat","embeddable":true,"href":"https:\/\/www.comprarmejor.es\/en\/wp-json\/wp\/v2\/product_cat?post=51263"},{"taxonomy":"product_tag","embeddable":true,"href":"https:\/\/www.comprarmejor.es\/en\/wp-json\/wp\/v2\/product_tag?post=51263"}],"curies":[{"name":"wp","href":"https:\/\/api.w.org\/{rel}","templated":true}]}}