{"id":51303,"date":"2016-01-09T10:43:14","date_gmt":"2016-01-09T09:43:14","guid":{"rendered":"https:\/\/www.comprarmejor.es\/producto\/bible-of-san-vicente-ferrer-c-1275-number-1\/"},"modified":"2025-08-25T15:34:15","modified_gmt":"2025-08-25T13:34:15","slug":"bible-of-san-vicente-ferrer-c-1275-number-1","status":"publish","type":"product","link":"https:\/\/www.comprarmejor.es\/en\/product\/bible-of-san-vicente-ferrer-c-1275-number-1\/","title":{"rendered":"Bible of San Vicente Ferrer, c. 1275 (Number 1) (5*)"},"content":{"rendered":"<p style=\"text-align: justify;\"><span id=\"result_box\" lang=\"en\" xml:lang=\"en\"><span title=\"San Vicente Ferrer vivi\u00f3 hace 600 a\u00f1os (el pr\u00f3ximo 2019 se cumplir\u00e1n los 600 a\u00f1os de su fallecimiento en Vannes), predic\u00f3 por Europa y fue amigo y consejero de Reyes y Papas e intervino decisivamente en la sucesi\u00f3n de la Corona de Arag\u00f3n.\">San Vicente Ferrer lived 600 years (next 2019 will mark the 600th anniversary of his death in Vannes), preached by Europe and was a friend and advisor of Kings and Popes and intervened decisively in the succession of the Crown of Aragon. <\/span><span title=\"Su obra misionera se debe en gran parte a la fuente de inspiraci\u00f3n que le acompa\u00f1\u00f3 durante toda su vida: La Biblia.\">His missionary work is due in large part to the inspiration that accompanied him throughout his life: the Bible.<\/span><\/span><\/p>\n<p style=\"text-align: justify;\"><span title=\"La Biblia de San Vicente, que sirvi\u00f3 de base a la primera traducci\u00f3n a una lengua rom\u00e1nica -la desaparecida &quot;Biblia valenciana&quot;, que realizase su hermano Fray Bonifacio Ferrer- es aqu\u00ed reproducida en todo su esplendor, tal y como se encuentra actualmente en la\">The Bible of San Vicente, which was the basis for the first translation into a Romance language -the disappeared &#8220;Valencian Bible&#8221; to undertake his brother Fray Bonifacio Ferrer is reproduced here in all its glory, as is currently the <\/span><span title=\"Catedral de Valencia, enriquecida con los comentarios marginales de pu\u00f1o y letra del propio Santo, destacando la maravilla de su caligraf\u00eda g\u00f3tica y los adornos miniados del libro, que durante siglos ha estado celosamente guardado en el Relicario de la Catedral.\">Valencia Cathedral, enriched with marginal comments handwriting of Santo own, highlighting the wonder of Gothic calligraphy and illuminated ornaments in the book, which for centuries has been closely guarded in the Cathedral Shrine.<\/span><\/p>\n<p style=\"text-align: justify;\"><span title=\"A partir de la traducci\u00f3n latina o Vulgata, como se denomina la versi\u00f3n de San Jer\u00f3nimo, La Biblia de San Vicente Ferrer recoge el texto bibl\u00edco \u00edntegro, m\u00e1s unas aclaraciones preliminares del propio San Jer\u00f3nimo sobre los criterios seguidos en la versi\u00f3n de las Sagradas Escrituras,\">From the Latin Vulgate translation or, as it is called St. Jerome&#8217;s version, The Bible of San Vicente Ferrer includes the full Bible text, plus some preliminary clarifications own San Jeronimo on the criteria used in the version of the Scriptures, <\/span><span title=\"y notas de San Vicente Ferrer a los Evangelios, Cartas de San Pablo a los Colosenses, Tesalonicenses y Timoteo.\">and San Vicente Ferrer notes to the Gospels, Letters of St. Paul to the Colossians, Thessalonians and Timothy.<\/span><\/p>\n<p style=\"text-align: justify;\"><span title=\"El facs\u00edmile de la Biblia de San Vicente Ferrer se entrega con una r\u00e9plica de la urna relicario como la que se conserva en la Catedral de Valencia: cristal, metal y garras plateadas y con un libro estudio del c\u00f3dice medieval.\">The facsimile of the Bible of San Vicente Ferrer comes with a replica of the relic casket as preserved in the Cathedral of Valencia: glass, metal and silver claws and a book study of medieval codex. <\/span><span title=\"Reproducci\u00f3n facs\u00edmile, fiel e \u00edntegra, con acta notarial.\">Facsimile, true and complete Reproduction affidavit. <\/span><span title=\"Edici\u00f3n exclusiva, limitada y numerada.\">Exclusive, limited and numbered edition.<\/span><\/p>\n<p style=\"text-align: justify;\"><span title=\"El ejemplar que ofrecemos en este art\u00edculo es el m\u00e1s importante para un exigente coleccionista: el n\u00famero 1 de la edici\u00f3n limitada de 980 ejemplares.\">The specimen offered in this article is the most important for a discerning collector: the number 1 limited edition of 980 copies.<\/span><\/p>\n<p style=\"text-align: justify;\"><span title=\"Caracter\u00edsticas del facs\u00edmile: medidas 14 x 19 cms., encuadernado artesanalmente en tabla y cuero, con 2 broches en tela y metal, cantos dorados.\">Features fax: measures 14 x 19 cm, bound by hand on wood and leather, with 2 clasps in fabric and metal, gilt edges..<br \/>\n<\/span><span title=\"Caracter\u00edsticas del libro estudio: medidas 14 x 19 cms., encuadernado artesanalmente en cuero y tela carmes\u00ed, con 1.734 p\u00e1ginas.\">Features Book study: measures 14 x 19 cm, bound in leather and handmade crimson fabric, with 1,734 pages.. <\/span><span title=\"Incluye todas las anotaciones manuscritas transcritas en lat\u00edn (no se autoriz\u00f3 por la Catedral de Valencia su traducci\u00f3n al espa\u00f1ol).\">It includes all the handwritten notes transcribed in Latin (not authorized by the Cathedral of Valencia translation into Spanish).<br \/>\n<\/span><span title=\"Caracter\u00edsticas de la urna relicario: 44,50 x 32,50 cms.\">Features reliquary urn: 44.50 x 32.50 cm. <\/span><span title=\"de base entre garras, 13 cms.\">base between claws 13 cms. <\/span><span title=\"de altura total.\">of total height.<\/span><\/p>\n<p style=\"text-align: justify;\"><span title=\"Textos del libro estudio:\">Book study texts:<br \/>\n<\/span><span title=\"&quot;En esta riqueza documental y doctrinal de la Biblioteca Catedral, destaca el c\u00f3dice 304 correspondiente a la Biblia Vulgata, com\u00fanmente conocida como la Biblia de San Vicente Ferrer, por haber pertenecido al Santo, haberla llevado consigo en sus andanzas apost\u00f3licas y haberla usado como libro\">&#8220;In this documentary and doctrinal richness of the Cathedral Library, codex 304 stands corresponding to the Vulgate Bible, commonly known as the Bible of San Vicente Ferrer, for having belonged to Santo, bringing her with him on his apostolic wanderings and have used it as a book <\/span><span title=\"de estudio y de oraci\u00f3n.&quot;\">study and prayer. &#8221;<br \/>\n<\/span><span title=\"&quot;M\u00e1s all\u00e1 de estos datos circunstanciales, el c\u00f3dice 304 goza intr\u00ednsecamente de la cualidad espec\u00edfica de ser una reliquia, la reliquia m\u00e1s preciada de San Vicente Ferrer. Porque en esta Biblia, a la que hay que considerar el libro de cabecera del Santo, busc\u00f3\">&#8220;Beyond these circumstantial data, the Codex 304 has inherently specific quality of being a relic, the most precious relic of San Vicente Ferrer. Because in the Bible, which should be considered the reference book of the Holy, sought <\/span><span title=\"la inspiraci\u00f3n para sus sermones, bebi\u00f3 la santa doctrina que transmiti\u00f3 a sus oyentes, y se entreg\u00f3 a la contemplaci\u00f3n con el ahinco que describi\u00f3 en su Tratado de la vida espiritual.&quot;\">the inspiration for his sermons, drank the holy doctrine conveyed to his listeners, and gave contemplation with the earnestness which he described in his treatise on the spiritual life. &#8221;<br \/>\n<\/span><span title=\"&quot;El manuscrito 304 de la Catedral de Valencia es un c\u00f3dice en pergamino-vitela... escrito a dos columnas, de cuarenta y cuatro l\u00edneas cada una de ellas, con una min\u00fascula g\u00f3tica textual caligr\u00e1fica de la segunda mitad del siglo XIII. ..\">&#8220;The manuscript 304 of the Cathedral of Valencia is a manuscript on parchment-vellum &#8230; written in two columns, forty-four lines each with a tiny Gothic text Calligraphic the second half of the thirteenth century. .. <\/span><span title=\". existen indicios que permiten relacionarla con el modelo conocido como Biblia parisina. ... Presenta una escasa decoraci\u00f3n que se limita a dos orlas situadas en los folios 4 r. y 7 v., con motivos zoom\u00f3rficos en el primer caso, y con escenas\">. there are signs that allow to relate it to the model known as Parisian Bible. &#8230; It has little decoration is limited to two borders located in the pages 4 r. and 7 v., with animal motifs in the first case, and with scenes <\/span><span title=\"de la vida de Jesucristo, en el segundo. El miniaturista emple\u00f3 diversos colores y, especialmente, el pan de oro. Para el resto del manuscrito tan s\u00f3lo han utilizado las tintas propias de los manuscritos g\u00f3ticos, que se reducen a la combinaci\u00f3n alternante de las\">the life of Jesus Christ, in the second. The miniaturist used different colors and especially gold leaf. For the rest of the manuscript have just used the inks of Gothic manuscripts, which are reduced to the alternating combination of the <\/span><span title=\"tintas roja y azul...&quot;\">red and blue ink &#8230; &#8221;<br \/>\n<\/span><span title=\"&quot;... De este modo la Biblia contenida en el manuscrito 304 del Archivo de la Catedral de Valencia, aparece como la compa\u00f1era inseparable de (san) Vicente Ferrer tanto en su labor pastoral a trav\u00e9s de la predicaci\u00f3n como en su actividad intelectual.&quot;\">&#8220;&#8230; Thus the Bible contained in the manuscript 304 of the Archive of the Cathedral of Valencia, it appears as the inseparable companion of (St.) Vicente Ferrer in his pastoral work both through preaching and intellectual activity.&#8221;<\/span><\/p>\n<p style=\"text-align: justify;\"><span title=\"Al comprador de este art\u00edculo se le REGALA un ejemplar de la edici\u00f3n limitada y numerada del facs\u00edmile de La Vida de San Vicente Ferrer, de 1510 (tambi\u00e9n a la venta por separado aqu\u00ed mismo).\">The purchaser of this article will give away a copy of the Limited numbered facsimile edition of The Life of San Vicente Ferrer, 1510 (also available separately right here).<\/span><\/p>\n<p style=\"text-align: justify;\"><span title=\"Por las caracter\u00edsticas especiales de la urna, para env\u00edos a otros pa\u00edses que no sean Espa\u00f1a y Portugal, la urna NO se env\u00eda, salvo que el comprador asuma todos los riesgos del transporte.\">Given the particular nature of the ballot box for shipping to other countries other than Spain and Portugal, the ballot box is not sent unless the buyer assumes all risks of transport.<\/span><\/p>\n<p style=\"text-align: justify;\"><span title=\"Gastos de env\u00edo por cuenta del comprador, seg\u00fan pedido y destino.\"><span class=\"HwtZe\" lang=\"en\"><span class=\"jCAhz ChMk0b\"><span class=\"ryNqvb\">Free shipping on this item<\/span><\/span><\/span>. <\/span><span title=\"Cons\u00faltenos cualquier duda, as\u00ed como por cualquier otro facs\u00edmile, obra o art\u00edculo que est\u00e9 buscando.\"><a class=\"btn btn-default\" href=\"https:\/\/www.comprarmejor.es\/en\/contact\/\">Ask us<\/a> <span class=\"HwtZe\" lang=\"en\"><span class=\"jCAhz ChMk0b\"><span class=\"ryNqvb\">any questions, including the item reference.<\/span><\/span><\/span><br \/>\n<\/span><\/p>\n","protected":false},"excerpt":{"rendered":"<p style=\"text-align: justify;\"><span id=\"result_box\" lang=\"en\" xml:lang=\"en\"><span title=\"Catedral de Valencia, enriquecida con los comentarios marginales de pu\u00f1o y letra del propio Santo, destacando la maravilla de su caligraf\u00eda g\u00f3tica y los adornos miniados del libro, que durante siglos ha estado celosamente guardado en el Relicario de la Catedral.\"><span lang=\"en\" xml:lang=\"en\">This facsimile is part of the <strong>Spectacular Library<\/strong>.<br \/>\nThe Saint Vincent&#8217;s Bible, which served as the basis for the first translation into a Romance language -the vanished &#8220;Valencian Bible&#8221;, made by his brother Fray Bonifacio Ferrer- is here reproduced in all its splendor,<\/span><\/span><\/span><\/p>\n","protected":false},"featured_media":51289,"template":"","meta":[],"product_brand":[],"product_cat":[2238,2250,2200],"product_tag":[5133,4612,3985,4216],"class_list":{"0":"post-51303","1":"product","2":"type-product","3":"status-publish","4":"has-post-thumbnail","6":"product_cat-exclusive-copies","7":"product_cat-other-facsimiles","8":"product_cat-spectacular-library","9":"product_tag-biblia-en","10":"product_tag-san-vicente-en","11":"product_tag-scriptorium-en","12":"product_tag-valencia-en","13":"description-off","15":"first","16":"instock","17":"sale","18":"taxable","19":"shipping-taxable","20":"purchasable","21":"product-type-simple"},"yoast_head":"<!-- This site is optimized with the Yoast SEO plugin v27.3 - https:\/\/yoast.com\/product\/yoast-seo-wordpress\/ -->\n<title>Bible of San Vicente Ferrer, c. 1275 (number 1)<\/title>\n<meta name=\"description\" content=\"The Bible of San Vicente, which was the basis for the first translation into a Romance language, is reproduced here in all its glory,\" \/>\n<meta name=\"robots\" content=\"index, follow, max-snippet:-1, max-image-preview:large, max-video-preview:-1\" \/>\n<link rel=\"canonical\" href=\"https:\/\/www.comprarmejor.es\/en\/product\/bible-of-san-vicente-ferrer-c-1275-number-1\/\" \/>\n<meta property=\"og:locale\" content=\"en_US\" \/>\n<meta property=\"og:type\" content=\"article\" \/>\n<meta property=\"og:title\" content=\"Bible of San Vicente Ferrer, c. 1275 (number 1)\" \/>\n<meta property=\"og:description\" content=\"The Bible of San Vicente, which was the basis for the first translation into a Romance language, is reproduced here in all its glory,\" \/>\n<meta property=\"og:url\" content=\"https:\/\/www.comprarmejor.es\/en\/product\/bible-of-san-vicente-ferrer-c-1275-number-1\/\" \/>\n<meta property=\"og:site_name\" content=\"ComprarMejor\" \/>\n<meta property=\"article:modified_time\" content=\"2025-08-25T13:34:15+00:00\" \/>\n<meta property=\"og:image\" content=\"https:\/\/www.comprarmejor.es\/wp-content\/uploads\/2016\/01\/p_2_3_6_6_2366-Biblia-de-San-Vicente-Ferrer-c.-1275-numero-1.jpg\" \/>\n\t<meta property=\"og:image:width\" content=\"342\" \/>\n\t<meta property=\"og:image:height\" content=\"284\" \/>\n\t<meta property=\"og:image:type\" content=\"image\/jpeg\" \/>\n<meta name=\"twitter:card\" content=\"summary_large_image\" \/>\n<meta name=\"twitter:label1\" content=\"Est. reading time\" \/>\n\t<meta name=\"twitter:data1\" content=\"4 minutes\" \/>\n<script type=\"application\/ld+json\" class=\"yoast-schema-graph\">{\"@context\":\"https:\\\/\\\/schema.org\",\"@graph\":[{\"@type\":\"WebPage\",\"@id\":\"https:\\\/\\\/www.comprarmejor.es\\\/en\\\/product\\\/bible-of-san-vicente-ferrer-c-1275-number-1\\\/\",\"url\":\"https:\\\/\\\/www.comprarmejor.es\\\/en\\\/product\\\/bible-of-san-vicente-ferrer-c-1275-number-1\\\/\",\"name\":\"Bible of San Vicente Ferrer, c. 1275 (number 1)\",\"isPartOf\":{\"@id\":\"https:\\\/\\\/www.comprarmejor.es\\\/en\\\/#website\"},\"primaryImageOfPage\":{\"@id\":\"https:\\\/\\\/www.comprarmejor.es\\\/en\\\/product\\\/bible-of-san-vicente-ferrer-c-1275-number-1\\\/#primaryimage\"},\"image\":{\"@id\":\"https:\\\/\\\/www.comprarmejor.es\\\/en\\\/product\\\/bible-of-san-vicente-ferrer-c-1275-number-1\\\/#primaryimage\"},\"thumbnailUrl\":\"https:\\\/\\\/www.comprarmejor.es\\\/wp-content\\\/uploads\\\/2016\\\/01\\\/p_2_3_6_6_2366-Biblia-de-San-Vicente-Ferrer-c.-1275-numero-1.jpg\",\"datePublished\":\"2016-01-09T09:43:14+00:00\",\"dateModified\":\"2025-08-25T13:34:15+00:00\",\"description\":\"The Bible of San Vicente, which was the basis for the first translation into a Romance language, is reproduced here in all its glory,\",\"breadcrumb\":{\"@id\":\"https:\\\/\\\/www.comprarmejor.es\\\/en\\\/product\\\/bible-of-san-vicente-ferrer-c-1275-number-1\\\/#breadcrumb\"},\"inLanguage\":\"en-US\",\"potentialAction\":[{\"@type\":\"ReadAction\",\"target\":[\"https:\\\/\\\/www.comprarmejor.es\\\/en\\\/product\\\/bible-of-san-vicente-ferrer-c-1275-number-1\\\/\"]}]},{\"@type\":\"ImageObject\",\"inLanguage\":\"en-US\",\"@id\":\"https:\\\/\\\/www.comprarmejor.es\\\/en\\\/product\\\/bible-of-san-vicente-ferrer-c-1275-number-1\\\/#primaryimage\",\"url\":\"https:\\\/\\\/www.comprarmejor.es\\\/wp-content\\\/uploads\\\/2016\\\/01\\\/p_2_3_6_6_2366-Biblia-de-San-Vicente-Ferrer-c.-1275-numero-1.jpg\",\"contentUrl\":\"https:\\\/\\\/www.comprarmejor.es\\\/wp-content\\\/uploads\\\/2016\\\/01\\\/p_2_3_6_6_2366-Biblia-de-San-Vicente-Ferrer-c.-1275-numero-1.jpg\",\"width\":342,\"height\":284},{\"@type\":\"BreadcrumbList\",\"@id\":\"https:\\\/\\\/www.comprarmejor.es\\\/en\\\/product\\\/bible-of-san-vicente-ferrer-c-1275-number-1\\\/#breadcrumb\",\"itemListElement\":[{\"@type\":\"ListItem\",\"position\":1,\"name\":\"Portada\",\"item\":\"https:\\\/\\\/www.comprarmejor.es\\\/en\\\/\"},{\"@type\":\"ListItem\",\"position\":2,\"name\":\"Shop\",\"item\":\"https:\\\/\\\/www.comprarmejor.es\\\/en\\\/shop\\\/\"},{\"@type\":\"ListItem\",\"position\":3,\"name\":\"Bible of San Vicente Ferrer, c. 1275 (Number 1) (5*)\"}]},{\"@type\":\"WebSite\",\"@id\":\"https:\\\/\\\/www.comprarmejor.es\\\/en\\\/#website\",\"url\":\"https:\\\/\\\/www.comprarmejor.es\\\/en\\\/\",\"name\":\"ComprarMejor\",\"description\":\"ComprarMejor\",\"publisher\":{\"@id\":\"https:\\\/\\\/www.comprarmejor.es\\\/en\\\/#organization\"},\"potentialAction\":[{\"@type\":\"SearchAction\",\"target\":{\"@type\":\"EntryPoint\",\"urlTemplate\":\"https:\\\/\\\/www.comprarmejor.es\\\/en\\\/?s={search_term_string}\"},\"query-input\":{\"@type\":\"PropertyValueSpecification\",\"valueRequired\":true,\"valueName\":\"search_term_string\"}}],\"inLanguage\":\"en-US\"},{\"@type\":\"Organization\",\"@id\":\"https:\\\/\\\/www.comprarmejor.es\\\/en\\\/#organization\",\"name\":\"COMPRAR MEJOR\",\"url\":\"https:\\\/\\\/www.comprarmejor.es\\\/en\\\/\",\"logo\":{\"@type\":\"ImageObject\",\"inLanguage\":\"en-US\",\"@id\":\"https:\\\/\\\/www.comprarmejor.es\\\/en\\\/#\\\/schema\\\/logo\\\/image\\\/\",\"url\":\"https:\\\/\\\/www.comprarmejor.es\\\/wp-content\\\/uploads\\\/2025\\\/09\\\/comprarmejortrinidad.jpg\",\"contentUrl\":\"https:\\\/\\\/www.comprarmejor.es\\\/wp-content\\\/uploads\\\/2025\\\/09\\\/comprarmejortrinidad.jpg\",\"width\":1022,\"height\":1380,\"caption\":\"COMPRAR MEJOR\"},\"image\":{\"@id\":\"https:\\\/\\\/www.comprarmejor.es\\\/en\\\/#\\\/schema\\\/logo\\\/image\\\/\"},\"sameAs\":[\"https:\\\/\\\/www.instagram.com\\\/amigosdelcodice\"]}]}<\/script>\n<!-- \/ Yoast SEO plugin. -->","yoast_head_json":{"title":"Bible of San Vicente Ferrer, c. 1275 (number 1)","description":"The Bible of San Vicente, which was the basis for the first translation into a Romance language, is reproduced here in all its glory,","robots":{"index":"index","follow":"follow","max-snippet":"max-snippet:-1","max-image-preview":"max-image-preview:large","max-video-preview":"max-video-preview:-1"},"canonical":"https:\/\/www.comprarmejor.es\/en\/product\/bible-of-san-vicente-ferrer-c-1275-number-1\/","og_locale":"en_US","og_type":"article","og_title":"Bible of San Vicente Ferrer, c. 1275 (number 1)","og_description":"The Bible of San Vicente, which was the basis for the first translation into a Romance language, is reproduced here in all its glory,","og_url":"https:\/\/www.comprarmejor.es\/en\/product\/bible-of-san-vicente-ferrer-c-1275-number-1\/","og_site_name":"ComprarMejor","article_modified_time":"2025-08-25T13:34:15+00:00","og_image":[{"width":342,"height":284,"url":"https:\/\/www.comprarmejor.es\/wp-content\/uploads\/2016\/01\/p_2_3_6_6_2366-Biblia-de-San-Vicente-Ferrer-c.-1275-numero-1.jpg","type":"image\/jpeg"}],"twitter_card":"summary_large_image","twitter_misc":{"Est. reading time":"4 minutes"},"schema":{"@context":"https:\/\/schema.org","@graph":[{"@type":"WebPage","@id":"https:\/\/www.comprarmejor.es\/en\/product\/bible-of-san-vicente-ferrer-c-1275-number-1\/","url":"https:\/\/www.comprarmejor.es\/en\/product\/bible-of-san-vicente-ferrer-c-1275-number-1\/","name":"Bible of San Vicente Ferrer, c. 1275 (number 1)","isPartOf":{"@id":"https:\/\/www.comprarmejor.es\/en\/#website"},"primaryImageOfPage":{"@id":"https:\/\/www.comprarmejor.es\/en\/product\/bible-of-san-vicente-ferrer-c-1275-number-1\/#primaryimage"},"image":{"@id":"https:\/\/www.comprarmejor.es\/en\/product\/bible-of-san-vicente-ferrer-c-1275-number-1\/#primaryimage"},"thumbnailUrl":"https:\/\/www.comprarmejor.es\/wp-content\/uploads\/2016\/01\/p_2_3_6_6_2366-Biblia-de-San-Vicente-Ferrer-c.-1275-numero-1.jpg","datePublished":"2016-01-09T09:43:14+00:00","dateModified":"2025-08-25T13:34:15+00:00","description":"The Bible of San Vicente, which was the basis for the first translation into a Romance language, is reproduced here in all its glory,","breadcrumb":{"@id":"https:\/\/www.comprarmejor.es\/en\/product\/bible-of-san-vicente-ferrer-c-1275-number-1\/#breadcrumb"},"inLanguage":"en-US","potentialAction":[{"@type":"ReadAction","target":["https:\/\/www.comprarmejor.es\/en\/product\/bible-of-san-vicente-ferrer-c-1275-number-1\/"]}]},{"@type":"ImageObject","inLanguage":"en-US","@id":"https:\/\/www.comprarmejor.es\/en\/product\/bible-of-san-vicente-ferrer-c-1275-number-1\/#primaryimage","url":"https:\/\/www.comprarmejor.es\/wp-content\/uploads\/2016\/01\/p_2_3_6_6_2366-Biblia-de-San-Vicente-Ferrer-c.-1275-numero-1.jpg","contentUrl":"https:\/\/www.comprarmejor.es\/wp-content\/uploads\/2016\/01\/p_2_3_6_6_2366-Biblia-de-San-Vicente-Ferrer-c.-1275-numero-1.jpg","width":342,"height":284},{"@type":"BreadcrumbList","@id":"https:\/\/www.comprarmejor.es\/en\/product\/bible-of-san-vicente-ferrer-c-1275-number-1\/#breadcrumb","itemListElement":[{"@type":"ListItem","position":1,"name":"Portada","item":"https:\/\/www.comprarmejor.es\/en\/"},{"@type":"ListItem","position":2,"name":"Shop","item":"https:\/\/www.comprarmejor.es\/en\/shop\/"},{"@type":"ListItem","position":3,"name":"Bible of San Vicente Ferrer, c. 1275 (Number 1) (5*)"}]},{"@type":"WebSite","@id":"https:\/\/www.comprarmejor.es\/en\/#website","url":"https:\/\/www.comprarmejor.es\/en\/","name":"ComprarMejor","description":"ComprarMejor","publisher":{"@id":"https:\/\/www.comprarmejor.es\/en\/#organization"},"potentialAction":[{"@type":"SearchAction","target":{"@type":"EntryPoint","urlTemplate":"https:\/\/www.comprarmejor.es\/en\/?s={search_term_string}"},"query-input":{"@type":"PropertyValueSpecification","valueRequired":true,"valueName":"search_term_string"}}],"inLanguage":"en-US"},{"@type":"Organization","@id":"https:\/\/www.comprarmejor.es\/en\/#organization","name":"COMPRAR MEJOR","url":"https:\/\/www.comprarmejor.es\/en\/","logo":{"@type":"ImageObject","inLanguage":"en-US","@id":"https:\/\/www.comprarmejor.es\/en\/#\/schema\/logo\/image\/","url":"https:\/\/www.comprarmejor.es\/wp-content\/uploads\/2025\/09\/comprarmejortrinidad.jpg","contentUrl":"https:\/\/www.comprarmejor.es\/wp-content\/uploads\/2025\/09\/comprarmejortrinidad.jpg","width":1022,"height":1380,"caption":"COMPRAR MEJOR"},"image":{"@id":"https:\/\/www.comprarmejor.es\/en\/#\/schema\/logo\/image\/"},"sameAs":["https:\/\/www.instagram.com\/amigosdelcodice"]}]}},"_links":{"self":[{"href":"https:\/\/www.comprarmejor.es\/en\/wp-json\/wp\/v2\/product\/51303","targetHints":{"allow":["GET"]}}],"collection":[{"href":"https:\/\/www.comprarmejor.es\/en\/wp-json\/wp\/v2\/product"}],"about":[{"href":"https:\/\/www.comprarmejor.es\/en\/wp-json\/wp\/v2\/types\/product"}],"wp:featuredmedia":[{"embeddable":true,"href":"https:\/\/www.comprarmejor.es\/en\/wp-json\/wp\/v2\/media\/51289"}],"wp:attachment":[{"href":"https:\/\/www.comprarmejor.es\/en\/wp-json\/wp\/v2\/media?parent=51303"}],"wp:term":[{"taxonomy":"product_brand","embeddable":true,"href":"https:\/\/www.comprarmejor.es\/en\/wp-json\/wp\/v2\/product_brand?post=51303"},{"taxonomy":"product_cat","embeddable":true,"href":"https:\/\/www.comprarmejor.es\/en\/wp-json\/wp\/v2\/product_cat?post=51303"},{"taxonomy":"product_tag","embeddable":true,"href":"https:\/\/www.comprarmejor.es\/en\/wp-json\/wp\/v2\/product_tag?post=51303"}],"curies":[{"name":"wp","href":"https:\/\/api.w.org\/{rel}","templated":true}]}}