{"id":51451,"date":"2016-01-15T12:01:44","date_gmt":"2016-01-15T11:01:44","guid":{"rendered":"https:\/\/www.comprarmejor.es\/producto\/the-golden-bible\/"},"modified":"2026-04-15T13:11:19","modified_gmt":"2026-04-15T11:11:19","slug":"cursed-figures-of-history-3-volumes-circle-of-friends-of-history-1970","status":"publish","type":"product","link":"https:\/\/www.comprarmejor.es\/en\/product\/cursed-figures-of-history-3-volumes-circle-of-friends-of-history-1970\/","title":{"rendered":"Cursed Figures of History. 3 Volumes. Circle of Friends of History. 1970"},"content":{"rendered":"<p style=\"text-align: justify;\">Cursed Figures of History. Complete 3-volume edition from the Circle of Friends of History, 1970. 8 biographies of historical figures known for their wickedness or depravity.<\/p>\n<p style=\"text-align: justify;\">Common features: Half-leather binding with red leather spine and gilt lettering, gilt covers in red and black, ribbon bookmark. 12 x 18.2 cm format. Texts in Spanish. 256 pages plus 8 illustrations in each volume.<\/p>\n<p style=\"text-align: justify;\">Volume I:<br \/>\nFouquier-Tinville, by Claude Couband.<\/p>\n<p style=\"text-align: justify;\">Cesare Borgia, by Lucien Vieville.<\/p>\n<p style=\"text-align: justify;\">Volume II:<br \/>\nBeria (Laurenti Pavlovitch Beria), by Claude Guillaumin.<\/p>\n<p style=\"text-align: justify;\">Attila, by Guy Claisse.<\/p>\n<p style=\"text-align: justify;\">The Count of St.-Germain, by Max Clos.<\/p>\n<p style=\"text-align: justify;\">Volume III:<br \/>\nThe Marquis de Sade, by Frank Chenecchi.<\/p>\n<p style=\"text-align: justify;\">The Devil, by Edouard Bobrowsky.<\/p>\n<p style=\"text-align: justify;\">Cagliostro, by Max Clos.<\/p>\n<p style=\"text-align: justify;\">Complete copy in very good condition.<\/p>\n<p style=\"text-align: justify;\">Shipping costs according to order and destination<span title=\"Gastos de env\u00edo por cuenta del comprador, seg\u00fan pedido y destino.\">.\u00a0<\/span><span title=\"Cons\u00faltenos cualquier duda, as\u00ed como por cualquier otro art\u00edculo que est\u00e9 buscando.\"><a class=\"btn btn-default\" href=\"https:\/\/www.comprarmejor.es\/en\/contact\/\">Ask us<\/a> <span class=\"HwtZe\" lang=\"en\"><span class=\"jCAhz ChMk0b\"><span class=\"ryNqvb\">any questions, indicating the article reference.<\/span><\/span><\/span><br \/>\n<\/span><\/p>\n","protected":false},"excerpt":{"rendered":"<p style=\"text-align: justify;\"><span id=\"result_box\" lang=\"en\" xml:lang=\"en\"><span title=\"Una lujosa edici\u00f3n facs\u00edmile, limitada y numerada, de las 80 estampas de Francisco de Goya que componen \u201clos Desastres de la guerra\u201d.\"><span class=\"tlid-translation translation\"><span class=\"HwtZe\" lang=\"en\"><span class=\"jCAhz ChMk0b\"><span class=\"ryNqvb\">Cursed Figures of History.<\/span><\/span> <span class=\"jCAhz ChMk0b\"><span class=\"ryNqvb\">Complete 3-volume edition from the Circle of Friends of History, 1970. 8 biographies of historical figures known for their wickedness or depravity.<\/span><\/span><\/span><\/span><\/span><\/span><\/p>\n","protected":false},"featured_media":107151,"template":"","meta":[],"product_brand":[],"product_cat":[2256],"product_tag":[4029,5120],"class_list":{"0":"post-51451","1":"product","2":"type-product","3":"status-publish","4":"has-post-thumbnail","6":"product_cat-books-in-general","7":"product_tag-amigos-en","8":"product_tag-history-en","9":"product_shipping_class-from-2-to-5-kg","10":"description-off","12":"first","13":"instock","14":"taxable","15":"shipping-taxable","16":"purchasable","17":"product-type-simple"},"yoast_head":"<!-- This site is optimized with the Yoast SEO plugin v27.3 - https:\/\/yoast.com\/product\/yoast-seo-wordpress\/ -->\n<title>Cursed Figures of History. 3 Volumes. Circle of Friends of History<\/title>\n<meta name=\"description\" content=\"Cursed Figures of History. Complete 3-volume edition from the Circle of Friends of History, 1970. 8 biographies of historical figures known for their\" \/>\n<meta name=\"robots\" content=\"index, follow, max-snippet:-1, max-image-preview:large, max-video-preview:-1\" \/>\n<link rel=\"canonical\" href=\"https:\/\/www.comprarmejor.es\/en\/product\/cursed-figures-of-history-3-volumes-circle-of-friends-of-history-1970\/\" \/>\n<meta property=\"og:locale\" content=\"en_US\" \/>\n<meta property=\"og:type\" content=\"article\" \/>\n<meta property=\"og:title\" content=\"Cursed Figures of History. 3 Volumes. Circle of Friends of History\" \/>\n<meta property=\"og:description\" content=\"Cursed Figures of History. Complete 3-volume edition from the Circle of Friends of History, 1970. 8 biographies of historical figures known for their\" \/>\n<meta property=\"og:url\" content=\"https:\/\/www.comprarmejor.es\/en\/product\/cursed-figures-of-history-3-volumes-circle-of-friends-of-history-1970\/\" \/>\n<meta property=\"og:site_name\" content=\"ComprarMejor\" \/>\n<meta property=\"article:modified_time\" content=\"2026-04-15T11:11:19+00:00\" \/>\n<meta property=\"og:image\" content=\"https:\/\/www.comprarmejor.es\/wp-content\/uploads\/2016\/01\/PMdlH-1.jpg\" \/>\n\t<meta property=\"og:image:width\" content=\"750\" \/>\n\t<meta property=\"og:image:height\" content=\"563\" \/>\n\t<meta property=\"og:image:type\" content=\"image\/jpeg\" \/>\n<meta name=\"twitter:card\" content=\"summary_large_image\" \/>\n<meta name=\"twitter:label1\" content=\"Est. reading time\" \/>\n\t<meta name=\"twitter:data1\" content=\"1 minute\" \/>\n<script type=\"application\/ld+json\" class=\"yoast-schema-graph\">{\"@context\":\"https:\\\/\\\/schema.org\",\"@graph\":[{\"@type\":\"WebPage\",\"@id\":\"https:\\\/\\\/www.comprarmejor.es\\\/en\\\/product\\\/cursed-figures-of-history-3-volumes-circle-of-friends-of-history-1970\\\/\",\"url\":\"https:\\\/\\\/www.comprarmejor.es\\\/en\\\/product\\\/cursed-figures-of-history-3-volumes-circle-of-friends-of-history-1970\\\/\",\"name\":\"Cursed Figures of History. 3 Volumes. Circle of Friends of History\",\"isPartOf\":{\"@id\":\"https:\\\/\\\/www.comprarmejor.es\\\/en\\\/#website\"},\"primaryImageOfPage\":{\"@id\":\"https:\\\/\\\/www.comprarmejor.es\\\/en\\\/product\\\/cursed-figures-of-history-3-volumes-circle-of-friends-of-history-1970\\\/#primaryimage\"},\"image\":{\"@id\":\"https:\\\/\\\/www.comprarmejor.es\\\/en\\\/product\\\/cursed-figures-of-history-3-volumes-circle-of-friends-of-history-1970\\\/#primaryimage\"},\"thumbnailUrl\":\"https:\\\/\\\/www.comprarmejor.es\\\/wp-content\\\/uploads\\\/2016\\\/01\\\/PMdlH-1.jpg\",\"datePublished\":\"2016-01-15T11:01:44+00:00\",\"dateModified\":\"2026-04-15T11:11:19+00:00\",\"description\":\"Cursed Figures of History. Complete 3-volume edition from the Circle of Friends of History, 1970. 8 biographies of historical figures known for their\",\"breadcrumb\":{\"@id\":\"https:\\\/\\\/www.comprarmejor.es\\\/en\\\/product\\\/cursed-figures-of-history-3-volumes-circle-of-friends-of-history-1970\\\/#breadcrumb\"},\"inLanguage\":\"en-US\",\"potentialAction\":[{\"@type\":\"ReadAction\",\"target\":[\"https:\\\/\\\/www.comprarmejor.es\\\/en\\\/product\\\/cursed-figures-of-history-3-volumes-circle-of-friends-of-history-1970\\\/\"]}]},{\"@type\":\"ImageObject\",\"inLanguage\":\"en-US\",\"@id\":\"https:\\\/\\\/www.comprarmejor.es\\\/en\\\/product\\\/cursed-figures-of-history-3-volumes-circle-of-friends-of-history-1970\\\/#primaryimage\",\"url\":\"https:\\\/\\\/www.comprarmejor.es\\\/wp-content\\\/uploads\\\/2016\\\/01\\\/PMdlH-1.jpg\",\"contentUrl\":\"https:\\\/\\\/www.comprarmejor.es\\\/wp-content\\\/uploads\\\/2016\\\/01\\\/PMdlH-1.jpg\",\"width\":750,\"height\":563},{\"@type\":\"BreadcrumbList\",\"@id\":\"https:\\\/\\\/www.comprarmejor.es\\\/en\\\/product\\\/cursed-figures-of-history-3-volumes-circle-of-friends-of-history-1970\\\/#breadcrumb\",\"itemListElement\":[{\"@type\":\"ListItem\",\"position\":1,\"name\":\"Portada\",\"item\":\"https:\\\/\\\/www.comprarmejor.es\\\/en\\\/\"},{\"@type\":\"ListItem\",\"position\":2,\"name\":\"Shop\",\"item\":\"https:\\\/\\\/www.comprarmejor.es\\\/en\\\/shop\\\/\"},{\"@type\":\"ListItem\",\"position\":3,\"name\":\"Cursed Figures of History. 3 Volumes. Circle of Friends of History. 1970\"}]},{\"@type\":\"WebSite\",\"@id\":\"https:\\\/\\\/www.comprarmejor.es\\\/en\\\/#website\",\"url\":\"https:\\\/\\\/www.comprarmejor.es\\\/en\\\/\",\"name\":\"ComprarMejor\",\"description\":\"ComprarMejor\",\"publisher\":{\"@id\":\"https:\\\/\\\/www.comprarmejor.es\\\/en\\\/#organization\"},\"potentialAction\":[{\"@type\":\"SearchAction\",\"target\":{\"@type\":\"EntryPoint\",\"urlTemplate\":\"https:\\\/\\\/www.comprarmejor.es\\\/en\\\/?s={search_term_string}\"},\"query-input\":{\"@type\":\"PropertyValueSpecification\",\"valueRequired\":true,\"valueName\":\"search_term_string\"}}],\"inLanguage\":\"en-US\"},{\"@type\":\"Organization\",\"@id\":\"https:\\\/\\\/www.comprarmejor.es\\\/en\\\/#organization\",\"name\":\"COMPRAR MEJOR\",\"url\":\"https:\\\/\\\/www.comprarmejor.es\\\/en\\\/\",\"logo\":{\"@type\":\"ImageObject\",\"inLanguage\":\"en-US\",\"@id\":\"https:\\\/\\\/www.comprarmejor.es\\\/en\\\/#\\\/schema\\\/logo\\\/image\\\/\",\"url\":\"https:\\\/\\\/www.comprarmejor.es\\\/wp-content\\\/uploads\\\/2025\\\/09\\\/comprarmejortrinidad.jpg\",\"contentUrl\":\"https:\\\/\\\/www.comprarmejor.es\\\/wp-content\\\/uploads\\\/2025\\\/09\\\/comprarmejortrinidad.jpg\",\"width\":1022,\"height\":1380,\"caption\":\"COMPRAR MEJOR\"},\"image\":{\"@id\":\"https:\\\/\\\/www.comprarmejor.es\\\/en\\\/#\\\/schema\\\/logo\\\/image\\\/\"},\"sameAs\":[\"https:\\\/\\\/www.instagram.com\\\/amigosdelcodice\"]}]}<\/script>\n<!-- \/ Yoast SEO plugin. -->","yoast_head_json":{"title":"Cursed Figures of History. 3 Volumes. Circle of Friends of History","description":"Cursed Figures of History. Complete 3-volume edition from the Circle of Friends of History, 1970. 8 biographies of historical figures known for their","robots":{"index":"index","follow":"follow","max-snippet":"max-snippet:-1","max-image-preview":"max-image-preview:large","max-video-preview":"max-video-preview:-1"},"canonical":"https:\/\/www.comprarmejor.es\/en\/product\/cursed-figures-of-history-3-volumes-circle-of-friends-of-history-1970\/","og_locale":"en_US","og_type":"article","og_title":"Cursed Figures of History. 3 Volumes. Circle of Friends of History","og_description":"Cursed Figures of History. Complete 3-volume edition from the Circle of Friends of History, 1970. 8 biographies of historical figures known for their","og_url":"https:\/\/www.comprarmejor.es\/en\/product\/cursed-figures-of-history-3-volumes-circle-of-friends-of-history-1970\/","og_site_name":"ComprarMejor","article_modified_time":"2026-04-15T11:11:19+00:00","og_image":[{"width":750,"height":563,"url":"https:\/\/www.comprarmejor.es\/wp-content\/uploads\/2016\/01\/PMdlH-1.jpg","type":"image\/jpeg"}],"twitter_card":"summary_large_image","twitter_misc":{"Est. reading time":"1 minute"},"schema":{"@context":"https:\/\/schema.org","@graph":[{"@type":"WebPage","@id":"https:\/\/www.comprarmejor.es\/en\/product\/cursed-figures-of-history-3-volumes-circle-of-friends-of-history-1970\/","url":"https:\/\/www.comprarmejor.es\/en\/product\/cursed-figures-of-history-3-volumes-circle-of-friends-of-history-1970\/","name":"Cursed Figures of History. 3 Volumes. Circle of Friends of History","isPartOf":{"@id":"https:\/\/www.comprarmejor.es\/en\/#website"},"primaryImageOfPage":{"@id":"https:\/\/www.comprarmejor.es\/en\/product\/cursed-figures-of-history-3-volumes-circle-of-friends-of-history-1970\/#primaryimage"},"image":{"@id":"https:\/\/www.comprarmejor.es\/en\/product\/cursed-figures-of-history-3-volumes-circle-of-friends-of-history-1970\/#primaryimage"},"thumbnailUrl":"https:\/\/www.comprarmejor.es\/wp-content\/uploads\/2016\/01\/PMdlH-1.jpg","datePublished":"2016-01-15T11:01:44+00:00","dateModified":"2026-04-15T11:11:19+00:00","description":"Cursed Figures of History. Complete 3-volume edition from the Circle of Friends of History, 1970. 8 biographies of historical figures known for their","breadcrumb":{"@id":"https:\/\/www.comprarmejor.es\/en\/product\/cursed-figures-of-history-3-volumes-circle-of-friends-of-history-1970\/#breadcrumb"},"inLanguage":"en-US","potentialAction":[{"@type":"ReadAction","target":["https:\/\/www.comprarmejor.es\/en\/product\/cursed-figures-of-history-3-volumes-circle-of-friends-of-history-1970\/"]}]},{"@type":"ImageObject","inLanguage":"en-US","@id":"https:\/\/www.comprarmejor.es\/en\/product\/cursed-figures-of-history-3-volumes-circle-of-friends-of-history-1970\/#primaryimage","url":"https:\/\/www.comprarmejor.es\/wp-content\/uploads\/2016\/01\/PMdlH-1.jpg","contentUrl":"https:\/\/www.comprarmejor.es\/wp-content\/uploads\/2016\/01\/PMdlH-1.jpg","width":750,"height":563},{"@type":"BreadcrumbList","@id":"https:\/\/www.comprarmejor.es\/en\/product\/cursed-figures-of-history-3-volumes-circle-of-friends-of-history-1970\/#breadcrumb","itemListElement":[{"@type":"ListItem","position":1,"name":"Portada","item":"https:\/\/www.comprarmejor.es\/en\/"},{"@type":"ListItem","position":2,"name":"Shop","item":"https:\/\/www.comprarmejor.es\/en\/shop\/"},{"@type":"ListItem","position":3,"name":"Cursed Figures of History. 3 Volumes. Circle of Friends of History. 1970"}]},{"@type":"WebSite","@id":"https:\/\/www.comprarmejor.es\/en\/#website","url":"https:\/\/www.comprarmejor.es\/en\/","name":"ComprarMejor","description":"ComprarMejor","publisher":{"@id":"https:\/\/www.comprarmejor.es\/en\/#organization"},"potentialAction":[{"@type":"SearchAction","target":{"@type":"EntryPoint","urlTemplate":"https:\/\/www.comprarmejor.es\/en\/?s={search_term_string}"},"query-input":{"@type":"PropertyValueSpecification","valueRequired":true,"valueName":"search_term_string"}}],"inLanguage":"en-US"},{"@type":"Organization","@id":"https:\/\/www.comprarmejor.es\/en\/#organization","name":"COMPRAR MEJOR","url":"https:\/\/www.comprarmejor.es\/en\/","logo":{"@type":"ImageObject","inLanguage":"en-US","@id":"https:\/\/www.comprarmejor.es\/en\/#\/schema\/logo\/image\/","url":"https:\/\/www.comprarmejor.es\/wp-content\/uploads\/2025\/09\/comprarmejortrinidad.jpg","contentUrl":"https:\/\/www.comprarmejor.es\/wp-content\/uploads\/2025\/09\/comprarmejortrinidad.jpg","width":1022,"height":1380,"caption":"COMPRAR MEJOR"},"image":{"@id":"https:\/\/www.comprarmejor.es\/en\/#\/schema\/logo\/image\/"},"sameAs":["https:\/\/www.instagram.com\/amigosdelcodice"]}]}},"_links":{"self":[{"href":"https:\/\/www.comprarmejor.es\/en\/wp-json\/wp\/v2\/product\/51451","targetHints":{"allow":["GET"]}}],"collection":[{"href":"https:\/\/www.comprarmejor.es\/en\/wp-json\/wp\/v2\/product"}],"about":[{"href":"https:\/\/www.comprarmejor.es\/en\/wp-json\/wp\/v2\/types\/product"}],"wp:featuredmedia":[{"embeddable":true,"href":"https:\/\/www.comprarmejor.es\/en\/wp-json\/wp\/v2\/media\/107151"}],"wp:attachment":[{"href":"https:\/\/www.comprarmejor.es\/en\/wp-json\/wp\/v2\/media?parent=51451"}],"wp:term":[{"taxonomy":"product_brand","embeddable":true,"href":"https:\/\/www.comprarmejor.es\/en\/wp-json\/wp\/v2\/product_brand?post=51451"},{"taxonomy":"product_cat","embeddable":true,"href":"https:\/\/www.comprarmejor.es\/en\/wp-json\/wp\/v2\/product_cat?post=51451"},{"taxonomy":"product_tag","embeddable":true,"href":"https:\/\/www.comprarmejor.es\/en\/wp-json\/wp\/v2\/product_tag?post=51451"}],"curies":[{"name":"wp","href":"https:\/\/api.w.org\/{rel}","templated":true}]}}