{"id":51455,"date":"2016-01-15T12:38:59","date_gmt":"2016-01-15T11:38:59","guid":{"rendered":"https:\/\/www.comprarmejor.es\/producto\/lot-5-booklets-hardcover-literary-works\/"},"modified":"2019-08-30T09:19:28","modified_gmt":"2019-08-30T07:19:28","slug":"lot-5-booklets-hardcover-literary-works","status":"publish","type":"product","link":"https:\/\/www.comprarmejor.es\/en\/product\/lot-5-booklets-hardcover-literary-works\/","title":{"rendered":"Lot 5 booklets, hardcover, literary works"},"content":{"rendered":"<p style=\"text-align:justify;\"><span id=\"result_box\" lang=\"en\" xml:lang=\"en\"><span title=\"Extraordinaria edici\u00f3n realizada por la Divisi\u00f3n EDP de obras de lujo de la Editorial Planeta, agotada desde hace tiempo, limitada y numerada a 998 ejemplares.\"><span lang=\"en\" xml:lang=\"en\"><span title=\"Lote formado por 5 mini libros de otras tantas obras literarias, editadas en 2002 y 2003 por Planeta.\">Lot consisting of 5 mini books of many other literary works, edited in 2002 and 2003 by Planeta. <\/span><span title=\"Libritos formato 5,3 x 6,6 cm.\">Booklets format 5,3 x 6,6 cm. <\/span><span title=\"De f\u00e1cil lectura a pesar de su tama\u00f1o.\">Easy to read despite its size. <\/span><span title=\"Obras completas.\">Complete works. <\/span><span title=\"Encuadernados en tapa dura piel editorial y t\u00edtulos dorados.\">Bound in hardcover editorial leather and gold titles. <\/span><span title=\"Textos en espa\u00f1ol.\">Texts in Spanish.<\/p>\n<p><\/span><span title=\"De la colecci\u00f3n editorial &quot;Grandes obras de la Literatura Universal en miniatura&quot;, 2 libritos, en perfecto estado, nuevos, sin usar:\">From the editorial collection &#8220;Great works of Universal Literature in miniature&#8221;, 2 booklets, in perfect condition, new, unused:<\/p>\n<p><\/span><span title=\"Cuentos, de Leopoldo Alas Clar\u00edn, 384 p\u00e1ginas.\">Cuentos, by Leopoldo Alas Clar\u00edn, 384 pages.<br \/><\/span><span title=\"Don Juan, y Tartufo, de Moli\u00e8re, 464 p\u00e1ginas.\">Don Juan, and Tartufo, from Moli\u00e8re, 464 pages.<\/p>\n<p><\/span><span title=\"De la colecci\u00f3n editorial &quot;Joyas literarias en miniatura, las grandes obras del siglo XIX&quot;, 3 libritos, en casi perfecto estado (tienen alg\u00fan peque\u00f1o defecto editorial, a veces inapreciable), nuevos, sin usar:\">From the editorial collection &#8220;Miniature literary jewels, the great works of the nineteenth century&#8221;, 3 booklets, in almost perfect condition (they have some small editorial defect, sometimes imperceptible), new, unused:<\/p>\n<p><\/span><span title=\"El retrato de Dorian Gray, de Oscar Wilde, 736 p\u00e1ginas.\">The portrait of Dorian Gray, by Oscar Wilde, 736 pages.<br \/><\/span><span title=\"Tar\u00e1s Bulba, de Nikolai Gogol, 480 p\u00e1ginas.\">Tar\u00e1s Bulba, by Nikolai Gogol, 480 pages.<br \/><\/span><span title=\"Fausto, de Johann Wolfgang von Goethe, 702 p\u00e1ginas.\">Faust, by Johann Wolfgang von Goethe, 702 pages.<\/p>\n<p><\/span><span title=\"El precio indicado lo es por el lote en su conjunto y no es divisible.\">The indicated price is for the lot as a whole and is not divisible.<\/span><\/span><\/p>\n<p><\/span><span title=\"Gastos de env\u00edo por cuenta del comprador, seg\u00fan pedido y destino.\">Shipping by the buyer, upon request and destination.\u00a0<\/span><span title=\"Cons\u00faltenos cualquier duda, as\u00ed como por cualquier otro art\u00edculo que est\u00e9 buscando.\"><a class=\"btn btn-default\" href=\"http:\/\/comprarmejor.es\/en\/contact\">Ask us<\/a> <span lang=\"en\" xml:lang=\"en\"><span title=\"Cons\u00faltenos sin compromiso (indicando la referencia del art\u00edculo) cualquier duda.\">without obligation (indicating the reference of the article) any doubt.<\/span><\/span><br \/><\/span><\/span><\/p>\n","protected":false},"excerpt":{"rendered":"<p style=\"text-align:justify;\"><span id=\"result_box\" lang=\"en\" xml:lang=\"en\"><span title=\"Un homenaje de Chillida al poeta m\u00edstico por quien sent\u00eda profunda admiraci\u00f3n.\"><span lang=\"en\" xml:lang=\"en\"><span title=\"Lote formado por 5 mini libros de otras tantas obras literarias, editadas en 2002 y 2003 por Planeta.\">Lot consisting of 5 mini books of many other literary works, edited in 2002 and 2003 by Planeta. <\/span><span title=\"Libritos formato 5,3 x 6,6 cm.\">Booklets format 5,3 x 6,6 cm. <\/span><span title=\"De f\u00e1cil lectura a pesar de su tama\u00f1o.\">Easy to read despite its size. <\/span><span title=\"Obras completas.\">Complete works. <\/span><span title=\"Encuadernados en tapa dura piel editorial y t\u00edtulos dorados.\">Bound in hardcover editorial leather and gold titles. <\/span><span title=\"Textos en espa\u00f1ol.\">Texts in Spanish.<\/span><\/span><\/span><\/span><\/p>\n","protected":false},"featured_media":51453,"template":"","meta":[],"product_brand":[],"product_cat":[2188,2256],"product_tag":[5157,4378,5158],"class_list":{"0":"post-51455","1":"product","2":"type-product","3":"status-publish","4":"has-post-thumbnail","6":"product_cat-books","7":"product_cat-books-in-general","8":"product_tag-mini-book-en","9":"product_tag-planeta-en","10":"product_tag-librito-en","11":"product_shipping_class-from-0-to-1-kg","12":"description-off","14":"first","15":"instock","16":"taxable","17":"shipping-taxable","18":"purchasable","19":"product-type-simple"},"yoast_head":"<!-- This site is optimized with the Yoast SEO plugin v27.3 - https:\/\/yoast.com\/product\/yoast-seo-wordpress\/ -->\n<title>Lot 5 booklets, hardcover, literary works<\/title>\n<meta name=\"description\" content=\"Lot consisting of 5 mini books of many other literary works, edited in 2002 and 2003 by Planeta. Booklets format 5,3 x 6,6 cm. Easy to read despite its size.\" \/>\n<meta name=\"robots\" content=\"index, follow, max-snippet:-1, max-image-preview:large, max-video-preview:-1\" \/>\n<link rel=\"canonical\" href=\"https:\/\/www.comprarmejor.es\/en\/product\/lot-5-booklets-hardcover-literary-works\/\" \/>\n<meta property=\"og:locale\" content=\"en_US\" \/>\n<meta property=\"og:type\" content=\"article\" \/>\n<meta property=\"og:title\" content=\"Lot 5 booklets, hardcover, literary works\" \/>\n<meta property=\"og:description\" content=\"Lot consisting of 5 mini books of many other literary works, edited in 2002 and 2003 by Planeta. Booklets format 5,3 x 6,6 cm. Easy to read despite its size.\" \/>\n<meta property=\"og:url\" content=\"https:\/\/www.comprarmejor.es\/en\/product\/lot-5-booklets-hardcover-literary-works\/\" \/>\n<meta property=\"og:site_name\" content=\"ComprarMejor\" \/>\n<meta property=\"article:modified_time\" content=\"2019-08-30T07:19:28+00:00\" \/>\n<meta property=\"og:image\" content=\"https:\/\/www.comprarmejor.es\/wp-content\/uploads\/2016\/01\/p_7_5_4_9_7549-Lote-5-libritos-tapa-dura-obras-literarias.jpg\" \/>\n\t<meta property=\"og:image:width\" content=\"600\" \/>\n\t<meta property=\"og:image:height\" content=\"413\" \/>\n\t<meta property=\"og:image:type\" content=\"image\/jpeg\" \/>\n<meta name=\"twitter:card\" content=\"summary_large_image\" \/>\n<meta name=\"twitter:label1\" content=\"Est. reading time\" \/>\n\t<meta name=\"twitter:data1\" content=\"1 minute\" \/>\n<script type=\"application\/ld+json\" class=\"yoast-schema-graph\">{\"@context\":\"https:\\\/\\\/schema.org\",\"@graph\":[{\"@type\":\"WebPage\",\"@id\":\"https:\\\/\\\/www.comprarmejor.es\\\/en\\\/product\\\/lot-5-booklets-hardcover-literary-works\\\/\",\"url\":\"https:\\\/\\\/www.comprarmejor.es\\\/en\\\/product\\\/lot-5-booklets-hardcover-literary-works\\\/\",\"name\":\"Lot 5 booklets, hardcover, literary works\",\"isPartOf\":{\"@id\":\"https:\\\/\\\/www.comprarmejor.es\\\/en\\\/#website\"},\"primaryImageOfPage\":{\"@id\":\"https:\\\/\\\/www.comprarmejor.es\\\/en\\\/product\\\/lot-5-booklets-hardcover-literary-works\\\/#primaryimage\"},\"image\":{\"@id\":\"https:\\\/\\\/www.comprarmejor.es\\\/en\\\/product\\\/lot-5-booklets-hardcover-literary-works\\\/#primaryimage\"},\"thumbnailUrl\":\"https:\\\/\\\/www.comprarmejor.es\\\/wp-content\\\/uploads\\\/2016\\\/01\\\/p_7_5_4_9_7549-Lote-5-libritos-tapa-dura-obras-literarias.jpg\",\"datePublished\":\"2016-01-15T11:38:59+00:00\",\"dateModified\":\"2019-08-30T07:19:28+00:00\",\"description\":\"Lot consisting of 5 mini books of many other literary works, edited in 2002 and 2003 by Planeta. Booklets format 5,3 x 6,6 cm. Easy to read despite its size.\",\"breadcrumb\":{\"@id\":\"https:\\\/\\\/www.comprarmejor.es\\\/en\\\/product\\\/lot-5-booklets-hardcover-literary-works\\\/#breadcrumb\"},\"inLanguage\":\"en-US\",\"potentialAction\":[{\"@type\":\"ReadAction\",\"target\":[\"https:\\\/\\\/www.comprarmejor.es\\\/en\\\/product\\\/lot-5-booklets-hardcover-literary-works\\\/\"]}]},{\"@type\":\"ImageObject\",\"inLanguage\":\"en-US\",\"@id\":\"https:\\\/\\\/www.comprarmejor.es\\\/en\\\/product\\\/lot-5-booklets-hardcover-literary-works\\\/#primaryimage\",\"url\":\"https:\\\/\\\/www.comprarmejor.es\\\/wp-content\\\/uploads\\\/2016\\\/01\\\/p_7_5_4_9_7549-Lote-5-libritos-tapa-dura-obras-literarias.jpg\",\"contentUrl\":\"https:\\\/\\\/www.comprarmejor.es\\\/wp-content\\\/uploads\\\/2016\\\/01\\\/p_7_5_4_9_7549-Lote-5-libritos-tapa-dura-obras-literarias.jpg\",\"width\":600,\"height\":413},{\"@type\":\"BreadcrumbList\",\"@id\":\"https:\\\/\\\/www.comprarmejor.es\\\/en\\\/product\\\/lot-5-booklets-hardcover-literary-works\\\/#breadcrumb\",\"itemListElement\":[{\"@type\":\"ListItem\",\"position\":1,\"name\":\"Portada\",\"item\":\"https:\\\/\\\/www.comprarmejor.es\\\/en\\\/\"},{\"@type\":\"ListItem\",\"position\":2,\"name\":\"Shop\",\"item\":\"https:\\\/\\\/www.comprarmejor.es\\\/en\\\/shop\\\/\"},{\"@type\":\"ListItem\",\"position\":3,\"name\":\"Lot 5 booklets, hardcover, literary works\"}]},{\"@type\":\"WebSite\",\"@id\":\"https:\\\/\\\/www.comprarmejor.es\\\/en\\\/#website\",\"url\":\"https:\\\/\\\/www.comprarmejor.es\\\/en\\\/\",\"name\":\"ComprarMejor\",\"description\":\"ComprarMejor\",\"publisher\":{\"@id\":\"https:\\\/\\\/www.comprarmejor.es\\\/en\\\/#organization\"},\"potentialAction\":[{\"@type\":\"SearchAction\",\"target\":{\"@type\":\"EntryPoint\",\"urlTemplate\":\"https:\\\/\\\/www.comprarmejor.es\\\/en\\\/?s={search_term_string}\"},\"query-input\":{\"@type\":\"PropertyValueSpecification\",\"valueRequired\":true,\"valueName\":\"search_term_string\"}}],\"inLanguage\":\"en-US\"},{\"@type\":\"Organization\",\"@id\":\"https:\\\/\\\/www.comprarmejor.es\\\/en\\\/#organization\",\"name\":\"COMPRAR MEJOR\",\"url\":\"https:\\\/\\\/www.comprarmejor.es\\\/en\\\/\",\"logo\":{\"@type\":\"ImageObject\",\"inLanguage\":\"en-US\",\"@id\":\"https:\\\/\\\/www.comprarmejor.es\\\/en\\\/#\\\/schema\\\/logo\\\/image\\\/\",\"url\":\"https:\\\/\\\/www.comprarmejor.es\\\/wp-content\\\/uploads\\\/2025\\\/09\\\/comprarmejortrinidad.jpg\",\"contentUrl\":\"https:\\\/\\\/www.comprarmejor.es\\\/wp-content\\\/uploads\\\/2025\\\/09\\\/comprarmejortrinidad.jpg\",\"width\":1022,\"height\":1380,\"caption\":\"COMPRAR MEJOR\"},\"image\":{\"@id\":\"https:\\\/\\\/www.comprarmejor.es\\\/en\\\/#\\\/schema\\\/logo\\\/image\\\/\"},\"sameAs\":[\"https:\\\/\\\/www.instagram.com\\\/amigosdelcodice\"]}]}<\/script>\n<!-- \/ Yoast SEO plugin. -->","yoast_head_json":{"title":"Lot 5 booklets, hardcover, literary works","description":"Lot consisting of 5 mini books of many other literary works, edited in 2002 and 2003 by Planeta. Booklets format 5,3 x 6,6 cm. Easy to read despite its size.","robots":{"index":"index","follow":"follow","max-snippet":"max-snippet:-1","max-image-preview":"max-image-preview:large","max-video-preview":"max-video-preview:-1"},"canonical":"https:\/\/www.comprarmejor.es\/en\/product\/lot-5-booklets-hardcover-literary-works\/","og_locale":"en_US","og_type":"article","og_title":"Lot 5 booklets, hardcover, literary works","og_description":"Lot consisting of 5 mini books of many other literary works, edited in 2002 and 2003 by Planeta. Booklets format 5,3 x 6,6 cm. Easy to read despite its size.","og_url":"https:\/\/www.comprarmejor.es\/en\/product\/lot-5-booklets-hardcover-literary-works\/","og_site_name":"ComprarMejor","article_modified_time":"2019-08-30T07:19:28+00:00","og_image":[{"width":600,"height":413,"url":"https:\/\/www.comprarmejor.es\/wp-content\/uploads\/2016\/01\/p_7_5_4_9_7549-Lote-5-libritos-tapa-dura-obras-literarias.jpg","type":"image\/jpeg"}],"twitter_card":"summary_large_image","twitter_misc":{"Est. reading time":"1 minute"},"schema":{"@context":"https:\/\/schema.org","@graph":[{"@type":"WebPage","@id":"https:\/\/www.comprarmejor.es\/en\/product\/lot-5-booklets-hardcover-literary-works\/","url":"https:\/\/www.comprarmejor.es\/en\/product\/lot-5-booklets-hardcover-literary-works\/","name":"Lot 5 booklets, hardcover, literary works","isPartOf":{"@id":"https:\/\/www.comprarmejor.es\/en\/#website"},"primaryImageOfPage":{"@id":"https:\/\/www.comprarmejor.es\/en\/product\/lot-5-booklets-hardcover-literary-works\/#primaryimage"},"image":{"@id":"https:\/\/www.comprarmejor.es\/en\/product\/lot-5-booklets-hardcover-literary-works\/#primaryimage"},"thumbnailUrl":"https:\/\/www.comprarmejor.es\/wp-content\/uploads\/2016\/01\/p_7_5_4_9_7549-Lote-5-libritos-tapa-dura-obras-literarias.jpg","datePublished":"2016-01-15T11:38:59+00:00","dateModified":"2019-08-30T07:19:28+00:00","description":"Lot consisting of 5 mini books of many other literary works, edited in 2002 and 2003 by Planeta. Booklets format 5,3 x 6,6 cm. Easy to read despite its size.","breadcrumb":{"@id":"https:\/\/www.comprarmejor.es\/en\/product\/lot-5-booklets-hardcover-literary-works\/#breadcrumb"},"inLanguage":"en-US","potentialAction":[{"@type":"ReadAction","target":["https:\/\/www.comprarmejor.es\/en\/product\/lot-5-booklets-hardcover-literary-works\/"]}]},{"@type":"ImageObject","inLanguage":"en-US","@id":"https:\/\/www.comprarmejor.es\/en\/product\/lot-5-booklets-hardcover-literary-works\/#primaryimage","url":"https:\/\/www.comprarmejor.es\/wp-content\/uploads\/2016\/01\/p_7_5_4_9_7549-Lote-5-libritos-tapa-dura-obras-literarias.jpg","contentUrl":"https:\/\/www.comprarmejor.es\/wp-content\/uploads\/2016\/01\/p_7_5_4_9_7549-Lote-5-libritos-tapa-dura-obras-literarias.jpg","width":600,"height":413},{"@type":"BreadcrumbList","@id":"https:\/\/www.comprarmejor.es\/en\/product\/lot-5-booklets-hardcover-literary-works\/#breadcrumb","itemListElement":[{"@type":"ListItem","position":1,"name":"Portada","item":"https:\/\/www.comprarmejor.es\/en\/"},{"@type":"ListItem","position":2,"name":"Shop","item":"https:\/\/www.comprarmejor.es\/en\/shop\/"},{"@type":"ListItem","position":3,"name":"Lot 5 booklets, hardcover, literary works"}]},{"@type":"WebSite","@id":"https:\/\/www.comprarmejor.es\/en\/#website","url":"https:\/\/www.comprarmejor.es\/en\/","name":"ComprarMejor","description":"ComprarMejor","publisher":{"@id":"https:\/\/www.comprarmejor.es\/en\/#organization"},"potentialAction":[{"@type":"SearchAction","target":{"@type":"EntryPoint","urlTemplate":"https:\/\/www.comprarmejor.es\/en\/?s={search_term_string}"},"query-input":{"@type":"PropertyValueSpecification","valueRequired":true,"valueName":"search_term_string"}}],"inLanguage":"en-US"},{"@type":"Organization","@id":"https:\/\/www.comprarmejor.es\/en\/#organization","name":"COMPRAR MEJOR","url":"https:\/\/www.comprarmejor.es\/en\/","logo":{"@type":"ImageObject","inLanguage":"en-US","@id":"https:\/\/www.comprarmejor.es\/en\/#\/schema\/logo\/image\/","url":"https:\/\/www.comprarmejor.es\/wp-content\/uploads\/2025\/09\/comprarmejortrinidad.jpg","contentUrl":"https:\/\/www.comprarmejor.es\/wp-content\/uploads\/2025\/09\/comprarmejortrinidad.jpg","width":1022,"height":1380,"caption":"COMPRAR MEJOR"},"image":{"@id":"https:\/\/www.comprarmejor.es\/en\/#\/schema\/logo\/image\/"},"sameAs":["https:\/\/www.instagram.com\/amigosdelcodice"]}]}},"_links":{"self":[{"href":"https:\/\/www.comprarmejor.es\/en\/wp-json\/wp\/v2\/product\/51455","targetHints":{"allow":["GET"]}}],"collection":[{"href":"https:\/\/www.comprarmejor.es\/en\/wp-json\/wp\/v2\/product"}],"about":[{"href":"https:\/\/www.comprarmejor.es\/en\/wp-json\/wp\/v2\/types\/product"}],"wp:featuredmedia":[{"embeddable":true,"href":"https:\/\/www.comprarmejor.es\/en\/wp-json\/wp\/v2\/media\/51453"}],"wp:attachment":[{"href":"https:\/\/www.comprarmejor.es\/en\/wp-json\/wp\/v2\/media?parent=51455"}],"wp:term":[{"taxonomy":"product_brand","embeddable":true,"href":"https:\/\/www.comprarmejor.es\/en\/wp-json\/wp\/v2\/product_brand?post=51455"},{"taxonomy":"product_cat","embeddable":true,"href":"https:\/\/www.comprarmejor.es\/en\/wp-json\/wp\/v2\/product_cat?post=51455"},{"taxonomy":"product_tag","embeddable":true,"href":"https:\/\/www.comprarmejor.es\/en\/wp-json\/wp\/v2\/product_tag?post=51455"}],"curies":[{"name":"wp","href":"https:\/\/api.w.org\/{rel}","templated":true}]}}