{"id":51473,"date":"2016-01-15T13:33:14","date_gmt":"2016-01-15T12:33:14","guid":{"rendered":"https:\/\/www.comprarmejor.es\/producto\/beatus-of-liebana-codex-of-seo-de-urgel-s-x\/"},"modified":"2023-05-04T10:26:34","modified_gmt":"2023-05-04T08:26:34","slug":"beatus-of-liebana-codex-of-seo-de-urgel-s-x","status":"publish","type":"product","link":"https:\/\/www.comprarmejor.es\/en\/product\/beatus-of-liebana-codex-of-seo-de-urgel-s-x\/","title":{"rendered":"Beatus of Liebana codex of Seo de Urgel, s. X"},"content":{"rendered":"<p style=\"text-align: justify;\"><span id=\"result_box\" lang=\"en\" xml:lang=\"en\"><span title=\"El c\u00f3dice est\u00e1 compuesto en la actualidad (a lo largo de m\u00e1s de mil a\u00f1os le han sido arrancadas algunas hojas) por 239 folios, siete numerados en romano y 232 en \u00e1rabe, y miden 398 x 270 mm.\">The codex is made today (along more than a thousand years you have been plucked some leaves) 239 sheets seven numbered in Roman and Arabic 232, measuring 398 x 270 mm. <\/span><span title=\"La escritura que emplea es la llamada visig\u00f3tica redonda, y se reparte en dos columnas.\">The script used is called Visigoth round, and is divided into two columns. <\/span><span title=\"Aunque el libro carece de colof\u00f3n y, por tanto, no sabemos el a\u00f1o exacto en que se escribi\u00f3, debemos situarlo poco despu\u00e9s de 970, fecha de confecci\u00f3n del de Valcavado, cronolog\u00eda que avalan tambi\u00e9n escritura y miniaturas.\">Although the book lacks climax and therefore do not know the exact year in which it was written, we must place it shortly after 970, date of preparation of Valcavado, chronology that support also writing and miniatures.<\/span><\/span><\/p>\n<p style=\"text-align: justify;\"><span title=\"Consta el Beato de Urgel de 79 miniaturas, algunas ocupando dos folios, sin contar con las que aparecen en los medallones de los \u00e1rboles geneal\u00f3gicos que van al comienzo de la obra.\">Blessed de Urgel consists of 79 miniatures, some occupying two pages, not counting those in the medallions of family trees that are at the beginning of the work. <\/span><span title=\"La t\u00e9cnica pict\u00f3rica se inserta plenamente en la miniatur\u00edstica moz\u00e1rabe leonesa: colores fuertes, n\u00edtidos y brillantes, que constituyen todo un desaf\u00edo para su reproducci\u00f3n en facs\u00edmile;\">The painting technique is fully inserted into the Leon moz\u00e1rabe miniatur\u00edstica: strong, crisp and bright colors, which are a challenge for facsimile reproduction; <\/span><span title=\"dibujo simplificado, reducido a lo esencial;\">Simplified drawing, reduced to essentials; <\/span><span title=\"la puesta en escena de personas y objetos, ya fin de conseguir cierta perspectiva, se produce sobre bandas longitudinales sobrepuestas de distintos colores.\">the staging of people and objects, and in order to get some perspective, occurs on overlapping longitudinal bands of different colors.<\/span><\/p>\n<p style=\"text-align: justify;\"><span title=\"De los c\u00f3dices hispanos de la \u00e9poca altomedieval destacan sobremanera los llamados beatos, y no tanto por su texto, un comentario al Apocalipsis de San Juan, sino porque fueron iluminados con preciosas miniaturas, destinadas, como un moderno c\u00f3mic, a plasmar mediante el dibujo y\">Hispanic codices of the time altomedieval greatly highlight called Blessed, and not for its text, a commentary on the Apocalypse of St. John, but because they were illuminated with beautiful miniatures, designed as a modern comic book, to capture by drawing and <\/span><span title=\"el color determinados pasajes del Apocalipsis.\">color certain passages of Revelation.<\/span><\/p>\n<p style=\"text-align: justify;\"><span title=\"Toman estas obras el nombre de beatos porque su autor se llamaba Beato (nombre masculino de Beatriz) y fue un monje que vivi\u00f3 en el valle de Li\u00e9bana, en Cantabria, en el Monasterio de San Mart\u00edn, a caballo del a\u00f1o 800. La moderna cr\u00edtica\">These works take the name of blessed because its author was called Beato (male name Beatrice) and was a monk who lived in the valley of Liebana in Cantabria, in the Monastery of San Martin, horseback 800. Modern critics <\/span><span title=\"considera que Beato tom\u00f3 como base al autor norteafricano Ticonio, al que se fueron a\u00f1adiendo textos de los Padres de la Iglesia y de San Isidoro.\">He considers that Beato took as a basis the North African author Tyconius, which were added texts of the Fathers of the Church and of San Isidoro. <\/span><span title=\"La obra est\u00e1 distribuida en doce libros, divididos cada uno, a su vez, en una Storia y en una Explanatio.\">The work is divided into twelve books, each divided, in turn, into a Storia and a Explanatio. <\/span><span title=\"En tiempo posterior, los beatos fueron completados, entre otros, por textos de las Etimolog\u00edas de San Isidoro y la explicaci\u00f3n de San Jer\u00f3nimo al libro de Daniel.\">At a later time, the blessed were completed, among others, texts of the Etymologies of San Isidoro and San Jeronimo explanation of the book of Daniel.<\/span><\/p>\n<p style=\"text-align: justify;\"><span title=\"El comentario al Apocalipsis de Beato conoci\u00f3 un desarrollo extraordinario en tierras de Castilla y Le\u00f3n en el transcurso del siglo X, fomentado tal vez por los terrores que sinti\u00f3 la cristiandad ante la proximidad del fin del mundo en el a\u00f1o 1000 y que tan bien representaban im\u00e1genes\">The commentary on the Apocalypse by Beato met an extraordinary development in lands of Castile and Leon during the tenth century, perhaps encouraged by the terror he felt Christianity to the approaching end of the world in 1000 and how well represented images <\/span><span title=\"y texto de los beatos.\">and text of the blessed. <\/span><span title=\"Los mejores c\u00f3dices, en efecto, y sus art\u00edfices (Magio, Emeterio, Senior, Oveco, etc.) son de Zamora, Le\u00f3n y Palencia.\">Best codices, in fact, and its creators (Magio, Emeterio, Senior, Oveco, etc.) are of Zamora, Le\u00f3n and Palencia. <\/span><span title=\"Debemos destacar, en particular, el llamado Morgan, hoy en Nueva York, y el de Valcavado, en Valladolid, y no porque figuren entre la media docena de los mejores beatos, sino porque son de la misma familia que el ejemplar de la Seo de\">We note in particular the so-called Morgan, today in New York, and the Valcavado in Valladolid, not because they are among the half-dozen best blessed, but because they are of the same family as the exemplar of Seo <\/span><span title=\"Urgel.\">Urgel. <\/span><span title=\"La semejanza del Urgellensis con el de Valcavado son tantas que podr\u00eda aventurarse que ambos fueron elaborados en el mismo scriptorium.\">The similarity of the Urgellensis with Valcavado are so many that might venture that both were prepared in the same scriptorium.<\/span><\/p>\n<p style=\"text-align: justify;\"><span title=\"\u00bfC\u00f3mo lleg\u00f3 tan magn\u00edfico ejemplar a la Iglesia de Urgel?\">How did such a magnificent example of the Church of Urgel? <\/span><span title=\"Por un inventario de la Biblioteca de la Seo de Urgel, sabemos que en 1147 ya estaba en tierras pirenaicas.\">For an inventory of the Library of Seo de Urgel, we know that was in Pyrenean lands in 1147. <\/span><span title=\"Es bien conocida la fort\u00edsima vinculaci\u00f3n de los Condes de Urgel con el rey Alfonso VI y sus descendientes.\">It is well known the very strong involvement of the Counts of Urgel with King Alfonso VI and his descendants. <\/span><span title=\"Armengol V (1092-1102) cas\u00f3 con Mar\u00eda, hija del conde Pedro Ans\u00farez, el fundador de Valladolid.\">Armengol V (1092-1102) married Mary, daughter of Count Pedro Ans\u00farez, founder of Valladolid. <\/span><span title=\"Este conde castellano gobern\u00f3 el condado de Urgel a principios del siglo XII durante la minor\u00eda de edad de su nieto Armengol VI.\">This Castilian Count Urgel County ruled in the early twelfth century during the minority of his grandson, Armengol VI. <\/span><span title=\"Es bastante probable que el conde Armengol V o Pedro Ans\u00farez donasen el libro al obispo San Od\u00f3n, patr\u00f3n de la ciudad, e iniciador de la construcci\u00f3n de la actual catedral.\">It is quite likely that the count Pedro Ans\u00farez Armengol V or donate the book to Bishop St. Odo, patron of the city, and initiator of the construction of the present cathedral.<\/span><\/p>\n<p style=\"text-align: justify;\"><span title=\"Ejemplar correspondiente a la extraordinaria edici\u00f3n facs\u00edmile de la editorial Testimonio realizada en 1997. Formato 41,5 x 29,5 cm.\">Exemplary corresponding to the extraordinary facsimile edition of the publishing Testimony held in 1997. Format 41.5 x 29.5 cm. <\/span><span title=\"Encuadernado en piel de cabra marr\u00f3n con estampaci\u00f3n en seco y con herrajes en bronce.\">Bound in brown goat skin dry stamping and bronze fittings. <\/span><span title=\"Libro estudio de 226 p\u00e1ginas, a cargo de Peter K. Klein, profesor de la Universidad de Malburg (Alemania).\">226 pages book study, led by Peter K. Klein, a professor at the University of Marburg (Germany).<\/span><\/p>\n<p style=\"text-align: justify;\"><span title=\"Este facs\u00edmile del Beato de la Seo de Urgel obtuvo el Premio a los Libros Mejor editados en 1997 por la Asociaci\u00f3n Gremial de Artes Gr\u00e1ficas de Madrid, categor\u00eda Bibliofilia y Facs\u00edmil.\">This facsimile of Beatus of Seu d&#8217;Urgell received the Award for the Best Books published in 1997 by the Association of Graphic Arts in Madrid, and Facsimile Bibliofilia category.<\/span><\/p>\n<p style=\"text-align: justify;\"><span class=\"HwtZe\" lang=\"en\"><span class=\"jCAhz ChMk0b\"><span class=\"ryNqvb\">NOTE: There is a study book for this edition in Spanish, English and German.<\/span><\/span> <span class=\"jCAhz ChMk0b\"><span class=\"ryNqvb\">If you do not tell us otherwise, we will deliver it in Spanish.<\/span><\/span><\/span><\/p>\n<p style=\"text-align: justify;\"><span title=\"Gastos de env\u00edo por cuenta del comprador, seg\u00fan pedido y destino.\"><span class=\"HwtZe\" lang=\"en\"><span class=\"jCAhz ChMk0b\"><span class=\"ryNqvb\">Free shipping for this item<\/span><\/span><\/span>. <\/span><span title=\"Cons\u00faltenos cualquier duda, as\u00ed como por cualquier otro Beato, obra o art\u00edculo que est\u00e9 buscando.\"><a class=\"btn btn-default\" href=\"https:\/\/www.comprarmejor.es\/en\/contact\">Ask us<\/a> <span class=\"VIiyi\" lang=\"en\"><span class=\"JLqJ4b ChMk0b\" data-language-for-alternatives=\"en\" data-language-to-translate-into=\"es\" data-phrase-index=\"1\" data-number-of-phrases=\"2\"><span class=\"Q4iAWc\">any questions, indicating the article reference.<\/span><\/span><\/span><br \/>\n<\/span><\/p>\n<p><iframe loading=\"lazy\" src=\"\/\/www.youtube.com\/embed\/tjQxyiAIzso\" width=\"560\" height=\"314\" allowfullscreen=\"allowfullscreen\"><\/iframe><\/p>\n","protected":false},"excerpt":{"rendered":"<p style=\"text-align: justify;\"><span id=\"result_box\" lang=\"en\" xml:lang=\"en\"><span title=\"Ejemplar correspondiente a la extraordinaria edici\u00f3n facs\u00edmile de la editorial Testimonio realizada en 1997. Formato 41,5 x 29,5 cm.\">Exemplary corresponding to the extraordinary facsimile edition of the publishing Testimony held in 1997. <\/span><span title=\"Encuadernado en piel de cabra marr\u00f3n con estampaci\u00f3n en seco y con herrajes en bronce.\">Bound in brown goat skin dry stamping and bronze fittings. B<\/span><span title=\"Libro estudio de 226 p\u00e1ginas, a cargo de Peter K. Klein, profesor de la Universidad de Malburg (Alemania).\">ook study, led by Peter K. Klein, a professor at the University of Marburg (Germany).<\/span><\/span><\/p>\n","protected":false},"featured_media":88141,"template":"","meta":[],"product_brand":[],"product_cat":[2204],"product_tag":[5135,5136,3999],"class_list":{"0":"post-51473","1":"product","2":"type-product","3":"status-publish","4":"has-post-thumbnail","6":"product_cat-beatus-of-liebana","7":"product_tag-beato-en","8":"product_tag-liebana-en","9":"product_tag-testimonio-en","10":"description-off","12":"first","13":"instock","14":"taxable","15":"shipping-taxable","16":"purchasable","17":"product-type-simple"},"yoast_head":"<!-- This site is optimized with the Yoast SEO plugin v27.3 - https:\/\/yoast.com\/product\/yoast-seo-wordpress\/ -->\n<title>Beatus of Liebana codex of Seo de Urgel, s. X<\/title>\n<meta name=\"description\" content=\"Exemplary corresponding to the extraordinary facsimile edition of the publishing Testimony held in 1997, Beatus of Seo de Urgell\" \/>\n<meta name=\"robots\" content=\"index, follow, max-snippet:-1, max-image-preview:large, max-video-preview:-1\" \/>\n<link rel=\"canonical\" href=\"https:\/\/www.comprarmejor.es\/en\/product\/beatus-of-liebana-codex-of-seo-de-urgel-s-x\/\" \/>\n<meta property=\"og:locale\" content=\"en_US\" \/>\n<meta property=\"og:type\" content=\"article\" \/>\n<meta property=\"og:title\" content=\"Beatus of Liebana codex of Seo de Urgel, s. X\" \/>\n<meta property=\"og:description\" content=\"Exemplary corresponding to the extraordinary facsimile edition of the publishing Testimony held in 1997, Beatus of Seo de Urgell\" \/>\n<meta property=\"og:url\" content=\"https:\/\/www.comprarmejor.es\/en\/product\/beatus-of-liebana-codex-of-seo-de-urgel-s-x\/\" \/>\n<meta property=\"og:site_name\" content=\"ComprarMejor\" \/>\n<meta property=\"article:modified_time\" content=\"2023-05-04T08:26:34+00:00\" \/>\n<meta property=\"og:image\" content=\"https:\/\/www.comprarmejor.es\/wp-content\/uploads\/2016\/01\/BSUT-1.jpg\" \/>\n\t<meta property=\"og:image:width\" content=\"768\" \/>\n\t<meta property=\"og:image:height\" content=\"552\" \/>\n\t<meta property=\"og:image:type\" content=\"image\/jpeg\" \/>\n<meta name=\"twitter:card\" content=\"summary_large_image\" \/>\n<meta name=\"twitter:label1\" content=\"Est. reading time\" \/>\n\t<meta name=\"twitter:data1\" content=\"4 minutes\" \/>\n<script type=\"application\/ld+json\" class=\"yoast-schema-graph\">{\"@context\":\"https:\\\/\\\/schema.org\",\"@graph\":[{\"@type\":\"WebPage\",\"@id\":\"https:\\\/\\\/www.comprarmejor.es\\\/en\\\/product\\\/beatus-of-liebana-codex-of-seo-de-urgel-s-x\\\/\",\"url\":\"https:\\\/\\\/www.comprarmejor.es\\\/en\\\/product\\\/beatus-of-liebana-codex-of-seo-de-urgel-s-x\\\/\",\"name\":\"Beatus of Liebana codex of Seo de Urgel, s. X\",\"isPartOf\":{\"@id\":\"https:\\\/\\\/www.comprarmejor.es\\\/en\\\/#website\"},\"primaryImageOfPage\":{\"@id\":\"https:\\\/\\\/www.comprarmejor.es\\\/en\\\/product\\\/beatus-of-liebana-codex-of-seo-de-urgel-s-x\\\/#primaryimage\"},\"image\":{\"@id\":\"https:\\\/\\\/www.comprarmejor.es\\\/en\\\/product\\\/beatus-of-liebana-codex-of-seo-de-urgel-s-x\\\/#primaryimage\"},\"thumbnailUrl\":\"https:\\\/\\\/www.comprarmejor.es\\\/wp-content\\\/uploads\\\/2016\\\/01\\\/BSUT-1.jpg\",\"datePublished\":\"2016-01-15T12:33:14+00:00\",\"dateModified\":\"2023-05-04T08:26:34+00:00\",\"description\":\"Exemplary corresponding to the extraordinary facsimile edition of the publishing Testimony held in 1997, Beatus of Seo de Urgell\",\"breadcrumb\":{\"@id\":\"https:\\\/\\\/www.comprarmejor.es\\\/en\\\/product\\\/beatus-of-liebana-codex-of-seo-de-urgel-s-x\\\/#breadcrumb\"},\"inLanguage\":\"en-US\",\"potentialAction\":[{\"@type\":\"ReadAction\",\"target\":[\"https:\\\/\\\/www.comprarmejor.es\\\/en\\\/product\\\/beatus-of-liebana-codex-of-seo-de-urgel-s-x\\\/\"]}]},{\"@type\":\"ImageObject\",\"inLanguage\":\"en-US\",\"@id\":\"https:\\\/\\\/www.comprarmejor.es\\\/en\\\/product\\\/beatus-of-liebana-codex-of-seo-de-urgel-s-x\\\/#primaryimage\",\"url\":\"https:\\\/\\\/www.comprarmejor.es\\\/wp-content\\\/uploads\\\/2016\\\/01\\\/BSUT-1.jpg\",\"contentUrl\":\"https:\\\/\\\/www.comprarmejor.es\\\/wp-content\\\/uploads\\\/2016\\\/01\\\/BSUT-1.jpg\",\"width\":768,\"height\":552},{\"@type\":\"BreadcrumbList\",\"@id\":\"https:\\\/\\\/www.comprarmejor.es\\\/en\\\/product\\\/beatus-of-liebana-codex-of-seo-de-urgel-s-x\\\/#breadcrumb\",\"itemListElement\":[{\"@type\":\"ListItem\",\"position\":1,\"name\":\"Portada\",\"item\":\"https:\\\/\\\/www.comprarmejor.es\\\/en\\\/\"},{\"@type\":\"ListItem\",\"position\":2,\"name\":\"Shop\",\"item\":\"https:\\\/\\\/www.comprarmejor.es\\\/en\\\/shop\\\/\"},{\"@type\":\"ListItem\",\"position\":3,\"name\":\"Beatus of Liebana codex of Seo de Urgel, s. X\"}]},{\"@type\":\"WebSite\",\"@id\":\"https:\\\/\\\/www.comprarmejor.es\\\/en\\\/#website\",\"url\":\"https:\\\/\\\/www.comprarmejor.es\\\/en\\\/\",\"name\":\"ComprarMejor\",\"description\":\"ComprarMejor\",\"publisher\":{\"@id\":\"https:\\\/\\\/www.comprarmejor.es\\\/en\\\/#organization\"},\"potentialAction\":[{\"@type\":\"SearchAction\",\"target\":{\"@type\":\"EntryPoint\",\"urlTemplate\":\"https:\\\/\\\/www.comprarmejor.es\\\/en\\\/?s={search_term_string}\"},\"query-input\":{\"@type\":\"PropertyValueSpecification\",\"valueRequired\":true,\"valueName\":\"search_term_string\"}}],\"inLanguage\":\"en-US\"},{\"@type\":\"Organization\",\"@id\":\"https:\\\/\\\/www.comprarmejor.es\\\/en\\\/#organization\",\"name\":\"COMPRAR MEJOR\",\"url\":\"https:\\\/\\\/www.comprarmejor.es\\\/en\\\/\",\"logo\":{\"@type\":\"ImageObject\",\"inLanguage\":\"en-US\",\"@id\":\"https:\\\/\\\/www.comprarmejor.es\\\/en\\\/#\\\/schema\\\/logo\\\/image\\\/\",\"url\":\"https:\\\/\\\/www.comprarmejor.es\\\/wp-content\\\/uploads\\\/2025\\\/09\\\/comprarmejortrinidad.jpg\",\"contentUrl\":\"https:\\\/\\\/www.comprarmejor.es\\\/wp-content\\\/uploads\\\/2025\\\/09\\\/comprarmejortrinidad.jpg\",\"width\":1022,\"height\":1380,\"caption\":\"COMPRAR MEJOR\"},\"image\":{\"@id\":\"https:\\\/\\\/www.comprarmejor.es\\\/en\\\/#\\\/schema\\\/logo\\\/image\\\/\"},\"sameAs\":[\"https:\\\/\\\/www.instagram.com\\\/amigosdelcodice\"]}]}<\/script>\n<!-- \/ Yoast SEO plugin. -->","yoast_head_json":{"title":"Beatus of Liebana codex of Seo de Urgel, s. X","description":"Exemplary corresponding to the extraordinary facsimile edition of the publishing Testimony held in 1997, Beatus of Seo de Urgell","robots":{"index":"index","follow":"follow","max-snippet":"max-snippet:-1","max-image-preview":"max-image-preview:large","max-video-preview":"max-video-preview:-1"},"canonical":"https:\/\/www.comprarmejor.es\/en\/product\/beatus-of-liebana-codex-of-seo-de-urgel-s-x\/","og_locale":"en_US","og_type":"article","og_title":"Beatus of Liebana codex of Seo de Urgel, s. X","og_description":"Exemplary corresponding to the extraordinary facsimile edition of the publishing Testimony held in 1997, Beatus of Seo de Urgell","og_url":"https:\/\/www.comprarmejor.es\/en\/product\/beatus-of-liebana-codex-of-seo-de-urgel-s-x\/","og_site_name":"ComprarMejor","article_modified_time":"2023-05-04T08:26:34+00:00","og_image":[{"width":768,"height":552,"url":"https:\/\/www.comprarmejor.es\/wp-content\/uploads\/2016\/01\/BSUT-1.jpg","type":"image\/jpeg"}],"twitter_card":"summary_large_image","twitter_misc":{"Est. reading time":"4 minutes"},"schema":{"@context":"https:\/\/schema.org","@graph":[{"@type":"WebPage","@id":"https:\/\/www.comprarmejor.es\/en\/product\/beatus-of-liebana-codex-of-seo-de-urgel-s-x\/","url":"https:\/\/www.comprarmejor.es\/en\/product\/beatus-of-liebana-codex-of-seo-de-urgel-s-x\/","name":"Beatus of Liebana codex of Seo de Urgel, s. X","isPartOf":{"@id":"https:\/\/www.comprarmejor.es\/en\/#website"},"primaryImageOfPage":{"@id":"https:\/\/www.comprarmejor.es\/en\/product\/beatus-of-liebana-codex-of-seo-de-urgel-s-x\/#primaryimage"},"image":{"@id":"https:\/\/www.comprarmejor.es\/en\/product\/beatus-of-liebana-codex-of-seo-de-urgel-s-x\/#primaryimage"},"thumbnailUrl":"https:\/\/www.comprarmejor.es\/wp-content\/uploads\/2016\/01\/BSUT-1.jpg","datePublished":"2016-01-15T12:33:14+00:00","dateModified":"2023-05-04T08:26:34+00:00","description":"Exemplary corresponding to the extraordinary facsimile edition of the publishing Testimony held in 1997, Beatus of Seo de Urgell","breadcrumb":{"@id":"https:\/\/www.comprarmejor.es\/en\/product\/beatus-of-liebana-codex-of-seo-de-urgel-s-x\/#breadcrumb"},"inLanguage":"en-US","potentialAction":[{"@type":"ReadAction","target":["https:\/\/www.comprarmejor.es\/en\/product\/beatus-of-liebana-codex-of-seo-de-urgel-s-x\/"]}]},{"@type":"ImageObject","inLanguage":"en-US","@id":"https:\/\/www.comprarmejor.es\/en\/product\/beatus-of-liebana-codex-of-seo-de-urgel-s-x\/#primaryimage","url":"https:\/\/www.comprarmejor.es\/wp-content\/uploads\/2016\/01\/BSUT-1.jpg","contentUrl":"https:\/\/www.comprarmejor.es\/wp-content\/uploads\/2016\/01\/BSUT-1.jpg","width":768,"height":552},{"@type":"BreadcrumbList","@id":"https:\/\/www.comprarmejor.es\/en\/product\/beatus-of-liebana-codex-of-seo-de-urgel-s-x\/#breadcrumb","itemListElement":[{"@type":"ListItem","position":1,"name":"Portada","item":"https:\/\/www.comprarmejor.es\/en\/"},{"@type":"ListItem","position":2,"name":"Shop","item":"https:\/\/www.comprarmejor.es\/en\/shop\/"},{"@type":"ListItem","position":3,"name":"Beatus of Liebana codex of Seo de Urgel, s. X"}]},{"@type":"WebSite","@id":"https:\/\/www.comprarmejor.es\/en\/#website","url":"https:\/\/www.comprarmejor.es\/en\/","name":"ComprarMejor","description":"ComprarMejor","publisher":{"@id":"https:\/\/www.comprarmejor.es\/en\/#organization"},"potentialAction":[{"@type":"SearchAction","target":{"@type":"EntryPoint","urlTemplate":"https:\/\/www.comprarmejor.es\/en\/?s={search_term_string}"},"query-input":{"@type":"PropertyValueSpecification","valueRequired":true,"valueName":"search_term_string"}}],"inLanguage":"en-US"},{"@type":"Organization","@id":"https:\/\/www.comprarmejor.es\/en\/#organization","name":"COMPRAR MEJOR","url":"https:\/\/www.comprarmejor.es\/en\/","logo":{"@type":"ImageObject","inLanguage":"en-US","@id":"https:\/\/www.comprarmejor.es\/en\/#\/schema\/logo\/image\/","url":"https:\/\/www.comprarmejor.es\/wp-content\/uploads\/2025\/09\/comprarmejortrinidad.jpg","contentUrl":"https:\/\/www.comprarmejor.es\/wp-content\/uploads\/2025\/09\/comprarmejortrinidad.jpg","width":1022,"height":1380,"caption":"COMPRAR MEJOR"},"image":{"@id":"https:\/\/www.comprarmejor.es\/en\/#\/schema\/logo\/image\/"},"sameAs":["https:\/\/www.instagram.com\/amigosdelcodice"]}]}},"_links":{"self":[{"href":"https:\/\/www.comprarmejor.es\/en\/wp-json\/wp\/v2\/product\/51473","targetHints":{"allow":["GET"]}}],"collection":[{"href":"https:\/\/www.comprarmejor.es\/en\/wp-json\/wp\/v2\/product"}],"about":[{"href":"https:\/\/www.comprarmejor.es\/en\/wp-json\/wp\/v2\/types\/product"}],"wp:featuredmedia":[{"embeddable":true,"href":"https:\/\/www.comprarmejor.es\/en\/wp-json\/wp\/v2\/media\/88141"}],"wp:attachment":[{"href":"https:\/\/www.comprarmejor.es\/en\/wp-json\/wp\/v2\/media?parent=51473"}],"wp:term":[{"taxonomy":"product_brand","embeddable":true,"href":"https:\/\/www.comprarmejor.es\/en\/wp-json\/wp\/v2\/product_brand?post=51473"},{"taxonomy":"product_cat","embeddable":true,"href":"https:\/\/www.comprarmejor.es\/en\/wp-json\/wp\/v2\/product_cat?post=51473"},{"taxonomy":"product_tag","embeddable":true,"href":"https:\/\/www.comprarmejor.es\/en\/wp-json\/wp\/v2\/product_tag?post=51473"}],"curies":[{"name":"wp","href":"https:\/\/api.w.org\/{rel}","templated":true}]}}