{"id":51535,"date":"2016-01-15T18:39:24","date_gmt":"2016-01-15T17:39:24","guid":{"rendered":"https:\/\/www.comprarmejor.es\/producto\/metz-codex-s-ix\/"},"modified":"2026-05-04T11:00:34","modified_gmt":"2026-05-04T09:00:34","slug":"metz-codex-s-ix","status":"publish","type":"product","link":"https:\/\/www.comprarmejor.es\/en\/product\/metz-codex-s-ix\/","title":{"rendered":"Metz Codex, s. IX"},"content":{"rendered":"<p style=\"text-align: justify;\"><span class=\"HwtZe\" lang=\"en\"><span class=\"jCAhz ChMk0b\"><span class=\"ryNqvb\">ARTICLE FOR INFORMATIONAL PURPOSES ONLY<\/span><\/span><\/span><\/p>\n<p style=\"text-align: justify;\"><span id=\"result_box\" lang=\"en\" xml:lang=\"en\"><span title=\"El C\u00f3dice de Metz es un calendario astron\u00f3mico, un manual de c\u00f3mputo y un tratado de astronom\u00eda.\">The Codex Metz is an astronomical calendar, manual counting and a treaty of astronomy. <\/span><span title=\"La normalizaci\u00f3n del calendario que propuso este c\u00f3dice, permiti\u00f3 fijar con exactitud las festividades lit\u00fargicas y tuvo una gran transcendencia, no s\u00f3lo religiosa, sino tambi\u00e9n civil y pol\u00edtica.\">Calendar standardization proposed this codex, set exactly allowed liturgical celebrations and had a great significance, not only religious but also civil and political.<\/span><\/span><\/p>\n<p style=\"text-align: justify;\"><span title=\"Est\u00e1 escrito con letra carolingia, que supuso tambi\u00e9n una normalizaci\u00f3n caligr\u00e1fica.\">It is written in Carolingian letter, which also meant a calligraphic standardization. <\/span><span title=\"En los dibujos que ilustran el tratado astron\u00f3mico, con las figuras simb\u00f3licas de las constelaciones, predominan, sobre su indudable valor est\u00e9tico, la pretensi\u00f3n de ser fieles al modelo cl\u00e1sico.\">In the drawings which illustrate the astronomical treatise, with the symbolic figures of the constellations, dominated on its undoubted aesthetic value, the claim to be faithful to the classic model. <\/span><span title=\"Deben ser vistos como aut\u00e9nticos facs\u00edmiles de c\u00f3dices romanos o helen\u00edsticos.\">They should be seen as authentic facsimiles of manuscripts Hellenistic or Roman.<\/span><\/p>\n<p style=\"text-align: justify;\"><span title=\"Las preocupaciones human\u00edsticas y cient\u00edficas del renacimiento carolingio se plasman en la realizaci\u00f3n de multitud de textos que reelaboran o transcriben la ciencia, el arte y la literatura cl\u00e1sica.\">Humanistic and scientific concerns of the Carolingian Renaissance are reflected in the performance of many texts transcribed reworked or science, art and classical literature.<\/span><\/p>\n<p style=\"text-align: justify;\"><span title=\"El manuscrito 3.307 de la Biblioteca Nacional de Madrid es uno de los m\u00e1s importantes c\u00f3dices cient\u00edficos del siglo IX.\">The 3307 manuscript of the National Library of Madrid is one of the most important scientific manuscripts from the ninth century. <\/span><span title=\"Se encuentra dividido en 7 libros, de los que s\u00f3lo se conservan \u00edntegramente cinco.\">It is divided into 7 books, of which only five entirely preserved.<\/span><\/p>\n<p style=\"text-align: justify;\"><span title=\"El extraordinario c\u00f3dice de esta edici\u00f3n facs\u00edmile est\u00e1 encuadernado con tapas de madera forradas de piel de cabra, estampadas a volante, en estilo primitivo mud\u00e9jar, y con 5 herrajes cromados en cada tapa.\">The special facsimile edition of this codex is bound with wooden covers lined goatskin, stamped steering wheel, primitive Moorish style, and chrome hardware 5 in each cover. <\/span><span title=\"Medidas 25 x 31,5 cm., 152 p\u00e1ginas.\">Size 25 x 31.5 cm., 152 pages. <\/span><span title=\"Se presenta en un estuche guardapolvo de cart\u00f3n forrado en piel y tela de 24 x 32,5 cm.\">It comes in a cardboard box lined overall leather and fabric 24 x 32.5 cm.<\/span><\/p>\n<p style=\"text-align: justify;\"><span title=\"La edici\u00f3n se complementa, como es normal con este tipo de obras, con un libro estudio complementario elaborado, en este caso, por Manuel S\u00e1nchez Mariana, Jefe del Servicio de Manuscritos Incunables y Raros de la Biblioteca Nacional, de 60 p\u00e1ginas y 167 x 235\">The edition is supplemented, as is normal with this type of work, a book supplementary study conducted in this case, Manuel S\u00e1nchez Mariana, Head of Manuscripts Incunabula and Rare books of the National Library, 60 pages, 167 x 235 <\/span><span title=\"mm.\">mm.<\/span><\/p>\n<p style=\"text-align: justify;\"><span title=\"Gastos de env\u00edo por cuenta del comprador, seg\u00fan pedido y destino.\">Retail Price: 3.260 \u20ac. <\/span><span title=\"Cons\u00faltenos cualquier duda, as\u00ed como por cualquier otro facs\u00edmile o art\u00edculo que est\u00e9 buscando.\"><a class=\"btn btn-default\" href=\"https:\/\/www.comprarmejor.es\/en\/contact\/\">Ask us<\/a> any questions and facsimile or any other item he seeks.<\/span><\/p>\n","protected":false},"excerpt":{"rendered":"<p style=\"text-align: justify;\"><span id=\"result_box\" lang=\"en\" xml:lang=\"en\"><span title=\"El C\u00f3dice de Metz es un calendario astron\u00f3mico, un manual de c\u00f3mputo y un tratado de astronom\u00eda.\">The Codex Metz is an astronomical calendar, manual counting and a treaty of astronomy. <\/span><span title=\"La normalizaci\u00f3n del calendario que propuso este c\u00f3dice, permiti\u00f3 fijar con exactitud las festividades lit\u00fargicas y tuvo una gran transcendencia, no s\u00f3lo religiosa, sino tambi\u00e9n civil y pol\u00edtica.\">Calendar standardization proposed this codex, set exactly allowed liturgical celebrations and had a great significance,<br \/>\n<\/span><\/span><\/p>\n","protected":false},"featured_media":51523,"template":"","meta":[],"product_brand":[],"product_cat":[2250],"product_tag":[4104,4600,3999],"class_list":{"0":"post-51535","1":"product","2":"type-product","3":"status-publish","4":"has-post-thumbnail","6":"product_cat-other-facsimiles","7":"product_tag-bne-en","8":"product_tag-metz-en","9":"product_tag-testimonio-en","10":"description-off","12":"first","13":"instock","14":"taxable","15":"shipping-taxable","16":"purchasable","17":"product-type-simple"},"yoast_head":"<!-- This site is optimized with the Yoast SEO plugin v27.3 - https:\/\/yoast.com\/product\/yoast-seo-wordpress\/ -->\n<title>Metz Codex, s. IX<\/title>\n<meta name=\"description\" content=\"The Codex Metz is an astronomical calendar, manual counting and a treaty of astronomy.\" \/>\n<meta name=\"robots\" content=\"index, follow, max-snippet:-1, max-image-preview:large, max-video-preview:-1\" \/>\n<link rel=\"canonical\" href=\"https:\/\/www.comprarmejor.es\/en\/product\/metz-codex-s-ix\/\" \/>\n<meta property=\"og:locale\" content=\"en_US\" \/>\n<meta property=\"og:type\" content=\"article\" \/>\n<meta property=\"og:title\" content=\"Metz Codex, s. IX\" \/>\n<meta property=\"og:description\" content=\"The Codex Metz is an astronomical calendar, manual counting and a treaty of astronomy.\" \/>\n<meta property=\"og:url\" content=\"https:\/\/www.comprarmejor.es\/en\/product\/metz-codex-s-ix\/\" \/>\n<meta property=\"og:site_name\" content=\"ComprarMejor\" \/>\n<meta property=\"article:modified_time\" content=\"2026-05-04T09:00:34+00:00\" \/>\n<meta property=\"og:image\" content=\"https:\/\/www.comprarmejor.es\/wp-content\/uploads\/2016\/01\/p_2_4_7_7_2477-Codice-de-Metz-s.-IX.jpg\" \/>\n\t<meta property=\"og:image:width\" content=\"600\" \/>\n\t<meta property=\"og:image:height\" content=\"451\" \/>\n\t<meta property=\"og:image:type\" content=\"image\/jpeg\" \/>\n<meta name=\"twitter:card\" content=\"summary_large_image\" \/>\n<meta name=\"twitter:label1\" content=\"Est. reading time\" \/>\n\t<meta name=\"twitter:data1\" content=\"2 minutes\" \/>\n<script type=\"application\/ld+json\" class=\"yoast-schema-graph\">{\"@context\":\"https:\\\/\\\/schema.org\",\"@graph\":[{\"@type\":\"WebPage\",\"@id\":\"https:\\\/\\\/www.comprarmejor.es\\\/en\\\/product\\\/metz-codex-s-ix\\\/\",\"url\":\"https:\\\/\\\/www.comprarmejor.es\\\/en\\\/product\\\/metz-codex-s-ix\\\/\",\"name\":\"Metz Codex, s. IX\",\"isPartOf\":{\"@id\":\"https:\\\/\\\/www.comprarmejor.es\\\/en\\\/#website\"},\"primaryImageOfPage\":{\"@id\":\"https:\\\/\\\/www.comprarmejor.es\\\/en\\\/product\\\/metz-codex-s-ix\\\/#primaryimage\"},\"image\":{\"@id\":\"https:\\\/\\\/www.comprarmejor.es\\\/en\\\/product\\\/metz-codex-s-ix\\\/#primaryimage\"},\"thumbnailUrl\":\"https:\\\/\\\/www.comprarmejor.es\\\/wp-content\\\/uploads\\\/2016\\\/01\\\/p_2_4_7_7_2477-Codice-de-Metz-s.-IX.jpg\",\"datePublished\":\"2016-01-15T17:39:24+00:00\",\"dateModified\":\"2026-05-04T09:00:34+00:00\",\"description\":\"The Codex Metz is an astronomical calendar, manual counting and a treaty of astronomy.\",\"breadcrumb\":{\"@id\":\"https:\\\/\\\/www.comprarmejor.es\\\/en\\\/product\\\/metz-codex-s-ix\\\/#breadcrumb\"},\"inLanguage\":\"en-US\",\"potentialAction\":[{\"@type\":\"ReadAction\",\"target\":[\"https:\\\/\\\/www.comprarmejor.es\\\/en\\\/product\\\/metz-codex-s-ix\\\/\"]}]},{\"@type\":\"ImageObject\",\"inLanguage\":\"en-US\",\"@id\":\"https:\\\/\\\/www.comprarmejor.es\\\/en\\\/product\\\/metz-codex-s-ix\\\/#primaryimage\",\"url\":\"https:\\\/\\\/www.comprarmejor.es\\\/wp-content\\\/uploads\\\/2016\\\/01\\\/p_2_4_7_7_2477-Codice-de-Metz-s.-IX.jpg\",\"contentUrl\":\"https:\\\/\\\/www.comprarmejor.es\\\/wp-content\\\/uploads\\\/2016\\\/01\\\/p_2_4_7_7_2477-Codice-de-Metz-s.-IX.jpg\",\"width\":600,\"height\":451},{\"@type\":\"BreadcrumbList\",\"@id\":\"https:\\\/\\\/www.comprarmejor.es\\\/en\\\/product\\\/metz-codex-s-ix\\\/#breadcrumb\",\"itemListElement\":[{\"@type\":\"ListItem\",\"position\":1,\"name\":\"Portada\",\"item\":\"https:\\\/\\\/www.comprarmejor.es\\\/en\\\/\"},{\"@type\":\"ListItem\",\"position\":2,\"name\":\"Shop\",\"item\":\"https:\\\/\\\/www.comprarmejor.es\\\/en\\\/shop\\\/\"},{\"@type\":\"ListItem\",\"position\":3,\"name\":\"Metz Codex, s. IX\"}]},{\"@type\":\"WebSite\",\"@id\":\"https:\\\/\\\/www.comprarmejor.es\\\/en\\\/#website\",\"url\":\"https:\\\/\\\/www.comprarmejor.es\\\/en\\\/\",\"name\":\"ComprarMejor\",\"description\":\"ComprarMejor\",\"publisher\":{\"@id\":\"https:\\\/\\\/www.comprarmejor.es\\\/en\\\/#organization\"},\"potentialAction\":[{\"@type\":\"SearchAction\",\"target\":{\"@type\":\"EntryPoint\",\"urlTemplate\":\"https:\\\/\\\/www.comprarmejor.es\\\/en\\\/?s={search_term_string}\"},\"query-input\":{\"@type\":\"PropertyValueSpecification\",\"valueRequired\":true,\"valueName\":\"search_term_string\"}}],\"inLanguage\":\"en-US\"},{\"@type\":\"Organization\",\"@id\":\"https:\\\/\\\/www.comprarmejor.es\\\/en\\\/#organization\",\"name\":\"COMPRAR MEJOR\",\"url\":\"https:\\\/\\\/www.comprarmejor.es\\\/en\\\/\",\"logo\":{\"@type\":\"ImageObject\",\"inLanguage\":\"en-US\",\"@id\":\"https:\\\/\\\/www.comprarmejor.es\\\/en\\\/#\\\/schema\\\/logo\\\/image\\\/\",\"url\":\"https:\\\/\\\/www.comprarmejor.es\\\/wp-content\\\/uploads\\\/2025\\\/09\\\/comprarmejortrinidad.jpg\",\"contentUrl\":\"https:\\\/\\\/www.comprarmejor.es\\\/wp-content\\\/uploads\\\/2025\\\/09\\\/comprarmejortrinidad.jpg\",\"width\":1022,\"height\":1380,\"caption\":\"COMPRAR MEJOR\"},\"image\":{\"@id\":\"https:\\\/\\\/www.comprarmejor.es\\\/en\\\/#\\\/schema\\\/logo\\\/image\\\/\"},\"sameAs\":[\"https:\\\/\\\/www.instagram.com\\\/amigosdelcodice\"]}]}<\/script>\n<!-- \/ Yoast SEO plugin. -->","yoast_head_json":{"title":"Metz Codex, s. IX","description":"The Codex Metz is an astronomical calendar, manual counting and a treaty of astronomy.","robots":{"index":"index","follow":"follow","max-snippet":"max-snippet:-1","max-image-preview":"max-image-preview:large","max-video-preview":"max-video-preview:-1"},"canonical":"https:\/\/www.comprarmejor.es\/en\/product\/metz-codex-s-ix\/","og_locale":"en_US","og_type":"article","og_title":"Metz Codex, s. IX","og_description":"The Codex Metz is an astronomical calendar, manual counting and a treaty of astronomy.","og_url":"https:\/\/www.comprarmejor.es\/en\/product\/metz-codex-s-ix\/","og_site_name":"ComprarMejor","article_modified_time":"2026-05-04T09:00:34+00:00","og_image":[{"width":600,"height":451,"url":"https:\/\/www.comprarmejor.es\/wp-content\/uploads\/2016\/01\/p_2_4_7_7_2477-Codice-de-Metz-s.-IX.jpg","type":"image\/jpeg"}],"twitter_card":"summary_large_image","twitter_misc":{"Est. reading time":"2 minutes"},"schema":{"@context":"https:\/\/schema.org","@graph":[{"@type":"WebPage","@id":"https:\/\/www.comprarmejor.es\/en\/product\/metz-codex-s-ix\/","url":"https:\/\/www.comprarmejor.es\/en\/product\/metz-codex-s-ix\/","name":"Metz Codex, s. IX","isPartOf":{"@id":"https:\/\/www.comprarmejor.es\/en\/#website"},"primaryImageOfPage":{"@id":"https:\/\/www.comprarmejor.es\/en\/product\/metz-codex-s-ix\/#primaryimage"},"image":{"@id":"https:\/\/www.comprarmejor.es\/en\/product\/metz-codex-s-ix\/#primaryimage"},"thumbnailUrl":"https:\/\/www.comprarmejor.es\/wp-content\/uploads\/2016\/01\/p_2_4_7_7_2477-Codice-de-Metz-s.-IX.jpg","datePublished":"2016-01-15T17:39:24+00:00","dateModified":"2026-05-04T09:00:34+00:00","description":"The Codex Metz is an astronomical calendar, manual counting and a treaty of astronomy.","breadcrumb":{"@id":"https:\/\/www.comprarmejor.es\/en\/product\/metz-codex-s-ix\/#breadcrumb"},"inLanguage":"en-US","potentialAction":[{"@type":"ReadAction","target":["https:\/\/www.comprarmejor.es\/en\/product\/metz-codex-s-ix\/"]}]},{"@type":"ImageObject","inLanguage":"en-US","@id":"https:\/\/www.comprarmejor.es\/en\/product\/metz-codex-s-ix\/#primaryimage","url":"https:\/\/www.comprarmejor.es\/wp-content\/uploads\/2016\/01\/p_2_4_7_7_2477-Codice-de-Metz-s.-IX.jpg","contentUrl":"https:\/\/www.comprarmejor.es\/wp-content\/uploads\/2016\/01\/p_2_4_7_7_2477-Codice-de-Metz-s.-IX.jpg","width":600,"height":451},{"@type":"BreadcrumbList","@id":"https:\/\/www.comprarmejor.es\/en\/product\/metz-codex-s-ix\/#breadcrumb","itemListElement":[{"@type":"ListItem","position":1,"name":"Portada","item":"https:\/\/www.comprarmejor.es\/en\/"},{"@type":"ListItem","position":2,"name":"Shop","item":"https:\/\/www.comprarmejor.es\/en\/shop\/"},{"@type":"ListItem","position":3,"name":"Metz Codex, s. IX"}]},{"@type":"WebSite","@id":"https:\/\/www.comprarmejor.es\/en\/#website","url":"https:\/\/www.comprarmejor.es\/en\/","name":"ComprarMejor","description":"ComprarMejor","publisher":{"@id":"https:\/\/www.comprarmejor.es\/en\/#organization"},"potentialAction":[{"@type":"SearchAction","target":{"@type":"EntryPoint","urlTemplate":"https:\/\/www.comprarmejor.es\/en\/?s={search_term_string}"},"query-input":{"@type":"PropertyValueSpecification","valueRequired":true,"valueName":"search_term_string"}}],"inLanguage":"en-US"},{"@type":"Organization","@id":"https:\/\/www.comprarmejor.es\/en\/#organization","name":"COMPRAR MEJOR","url":"https:\/\/www.comprarmejor.es\/en\/","logo":{"@type":"ImageObject","inLanguage":"en-US","@id":"https:\/\/www.comprarmejor.es\/en\/#\/schema\/logo\/image\/","url":"https:\/\/www.comprarmejor.es\/wp-content\/uploads\/2025\/09\/comprarmejortrinidad.jpg","contentUrl":"https:\/\/www.comprarmejor.es\/wp-content\/uploads\/2025\/09\/comprarmejortrinidad.jpg","width":1022,"height":1380,"caption":"COMPRAR MEJOR"},"image":{"@id":"https:\/\/www.comprarmejor.es\/en\/#\/schema\/logo\/image\/"},"sameAs":["https:\/\/www.instagram.com\/amigosdelcodice"]}]}},"_links":{"self":[{"href":"https:\/\/www.comprarmejor.es\/en\/wp-json\/wp\/v2\/product\/51535","targetHints":{"allow":["GET"]}}],"collection":[{"href":"https:\/\/www.comprarmejor.es\/en\/wp-json\/wp\/v2\/product"}],"about":[{"href":"https:\/\/www.comprarmejor.es\/en\/wp-json\/wp\/v2\/types\/product"}],"wp:featuredmedia":[{"embeddable":true,"href":"https:\/\/www.comprarmejor.es\/en\/wp-json\/wp\/v2\/media\/51523"}],"wp:attachment":[{"href":"https:\/\/www.comprarmejor.es\/en\/wp-json\/wp\/v2\/media?parent=51535"}],"wp:term":[{"taxonomy":"product_brand","embeddable":true,"href":"https:\/\/www.comprarmejor.es\/en\/wp-json\/wp\/v2\/product_brand?post=51535"},{"taxonomy":"product_cat","embeddable":true,"href":"https:\/\/www.comprarmejor.es\/en\/wp-json\/wp\/v2\/product_cat?post=51535"},{"taxonomy":"product_tag","embeddable":true,"href":"https:\/\/www.comprarmejor.es\/en\/wp-json\/wp\/v2\/product_tag?post=51535"}],"curies":[{"name":"wp","href":"https:\/\/api.w.org\/{rel}","templated":true}]}}