{"id":51633,"date":"2016-01-16T13:29:45","date_gmt":"2016-01-16T12:29:45","guid":{"rendered":"https:\/\/www.comprarmejor.es\/producto\/beatus-of-liebana-codex-manchester-s-xii\/"},"modified":"2022-03-03T11:03:32","modified_gmt":"2022-03-03T10:03:32","slug":"beatus-of-liebana-codex-manchester-s-xii","status":"publish","type":"product","link":"https:\/\/www.comprarmejor.es\/en\/product\/beatus-of-liebana-codex-manchester-s-xii\/","title":{"rendered":"Beatus of Liebana codex Manchester, s. XII"},"content":{"rendered":"<p style=\"text-align: justify;\"><span id=\"result_box\" lang=\"en\" xml:lang=\"en\"><span title=\"Original custodiado en The John Rylands Library de Manchester desde 1901. Ms. Lat.\">Original guarded at The John Rylands Library of Manchester since 1901. Ms. Lat. <\/span><span title=\"8. El Beato de Manchester pas\u00f3 de Espa\u00f1a a Francia en 1869, subast\u00e1ndose en Par\u00eds con otros libros de la colecci\u00f3n del Marqu\u00e9s de Astorga y Conde de Altamira.\">8. Blessed Manchester went from Spain to France in 1869, auctioned in Paris with other books in the collection of the Marquis of Astorga and Count of Altamira. <\/span><span title=\"Escrito en letra tardo carolina-preg\u00f3tica.\">Carolina letter written in late-preg\u00f3tica. <\/span><span title=\"Contiene 123 bellas miniaturas a p\u00e1gina entera iluminadas con oro y plata.\">It Contains 123 beautiful full-page miniatures illuminated with gold and silver.<\/span><\/span><\/p>\n<p style=\"text-align: justify;\"><span title=\"Sin duda, desde el punto de vista de sus ilustraciones, este es el Beato m\u00e1s suntuoso de cuantos existen y el \u00fanico completo, ya que no ha sido mutilado ninguno de sus folios.\">Certainly, from the point of view of his illustrations, this is the most sumptuous of all those Blessed exist and the only complete, since it has not been mutilated any of its pages. <\/span><span title=\"Al facs\u00edmile del c\u00f3dice le acompa\u00f1a un libro de arte que incluye un estudio codicol\u00f3gico e iconogr\u00e1fico realizado por el Prof. Dr. Peter K. Klein.\">By facsimile of the codex is accompanied by an art book that includes a codicological and iconographic study by Prof. Dr. Peter K. Klein.<\/span><\/p>\n<p style=\"text-align: justify;\"><span title=\"El Comentario al Apocalipsis de San Juan fue escrito por Beato de Li\u00e9bana, monje asturiano, en el a\u00f1o 776. Los distintos manuscritos que transmiten el &quot;Comentario al Apocalipsis&quot; se ilustraron en diversos monasterios durante los siglos X, XI, XII.\">The Commentary on the Apocalypse of St. John was written by Beatus of Liebana, Asturian monk, in the year 776. The various manuscripts that convey the &#8220;Commentary on the Apocalypse&#8221; is illustrated in various monasteries for centuries X, XI, XII. <\/span><span title=\"Son ejemplares de lujo, copiados y decorados para reyes y magnates.\">They are exemplary luxury, copied and decorated for kings and magnates. <\/span><span title=\"A esta serie de manuscritos se les ha denominado a todos como Beatos de Li\u00e9bana, cada uno de ellos original, diferente, una joya y una obra del arte medieval y religioso con personalidad propia.\">This series of manuscripts has been called them all as Blessed de Liebana, each original, different, a gem and a work of medieval and religious art with its own personality.<\/span><\/p>\n<p style=\"text-align: justify;\"><span title=\"Extraordinaria edici\u00f3n facs\u00edmile de 2001, \u00fanica y limitada a 999 ejemplares numerados y autentificados notarialmente.\"><span lang=\"en\" xml:lang=\"en\"><span title=\"El original es un manuscrito iluminado del siglo XII, escrito en lat\u00edn con letra tardo carolina-preg\u00f3tica.\">The original is an illuminated manuscript of the twelfth century, written in Latin with carolina-pregoltic letter.<\/span><\/span><\/span><\/p>\n<p style=\"text-align: justify;\"><span title=\"Este extraordinario facs\u00edmile de uno de los ejemplares m\u00e1s bellos de la serie de los Beatos, fue realizado en 2001, encuadernado en piel oscura sobre tabla, decorada en seco, y con herrajes y cierres de bronce.\"><span class=\"tlid-translation translation\" lang=\"en\" xml:lang=\"en\">This extraordinary facsimile of one of the most beautiful specimens of the series of Blesseds, was made in 2001, bound in dark leather on board, decorated in dry, and with brass fittings and closures. Format 34.5 x 46.5 cm. 502 pages containing 123 miniatures illuminated with gold and silver.<br \/>\nSingle edition, limited to 999 copies, numbered and authenticated by notary.<br \/>\nT<span class=\"VIiyi\" lang=\"en\"><span class=\"JLqJ4b ChMk0b\" data-language-for-alternatives=\"en\" data-language-to-translate-into=\"es\" data-phrase-index=\"0\" data-number-of-phrases=\"2\">he publisher delivered it with an open methacrylate case and also with a fine velvet-lined case-case.<\/span> <span class=\"JLqJ4b ChMk0b\" data-language-for-alternatives=\"en\" data-language-to-translate-into=\"es\" data-phrase-index=\"1\" data-number-of-phrases=\"2\">We will deliver the one according to the available copy<\/span><\/span>.<\/span><\/span><\/p>\n<p style=\"text-align: justify;\">The complementary study book was edited in bilingual Spanish and English, bound in hard cover with an illustrated cover. Format 25 x 34 cm. 322 pages<span title=\"322 p\u00e1ginas.\">.<\/span><\/p>\n<p style=\"text-align: justify;\"><span title=\"Gastos de env\u00edo por cuenta del comprador, seg\u00fan pedido y destino.\"><span class=\"VIiyi\" lang=\"en\"><span class=\"JLqJ4b ChMk0b C1N51c\" data-language-for-alternatives=\"en\" data-language-to-translate-into=\"es\" data-phrase-index=\"3\" data-number-of-phrases=\"5\">Shipping costs paid by the buyer, according to order and destination<\/span><\/span>. <\/span><span title=\"Cons\u00faltenos cualquier duda, as\u00ed como por cualquier otro Beato, facs\u00edmile o art\u00edculo que est\u00e9 buscando.\"><a class=\"btn btn-default\" href=\"https:\/\/www.comprarmejor.es\/en\/contact\">Ask us<\/a> <span class=\"VIiyi\" lang=\"en\"><span class=\"JLqJ4b ChMk0b C1N51c\" data-language-for-alternatives=\"en\" data-language-to-translate-into=\"es\" data-phrase-index=\"4\" data-number-of-phrases=\"5\">without obligation (indicating the article reference) if you have any questions<\/span><\/span>.<br \/>\n<\/span><\/p>\n","protected":false},"excerpt":{"rendered":"<p style=\"text-align: justify;\"><span id=\"result_box\" lang=\"en\" xml:lang=\"en\"><span title=\"Original custodiado en The John Rylands Library de Manchester desde 1901. Ms. Lat.\">Original guarded at The John Rylands Library of Manchester since 1901. Ms. Lat. <\/span><span title=\"8. El Beato de Manchester pas\u00f3 de Espa\u00f1a a Francia en 1869, subast\u00e1ndose en Par\u00eds con otros libros de la colecci\u00f3n del Marqu\u00e9s de Astorga y Conde de Altamira.\">8. Blessed Manchester went from Spain to France in 1869, auctioned in Paris<\/span><span title=\"Contiene 123 bellas miniaturas a p\u00e1gina entera iluminadas con oro y plata.\"><br \/>\n<\/span><\/span><\/p>\n","protected":false},"featured_media":51615,"template":"","meta":[],"product_brand":[],"product_cat":[2204],"product_tag":[5135,5136,4282,4196],"class_list":{"0":"post-51633","1":"product","2":"type-product","3":"status-publish","4":"has-post-thumbnail","6":"product_cat-beatus-of-liebana","7":"product_tag-beato-en","8":"product_tag-liebana-en","9":"product_tag-manchester-en","10":"product_tag-patrimonio-en","11":"product_shipping_class-from-6-to-10-kg","12":"description-off","14":"first","15":"instock","16":"sale","17":"taxable","18":"shipping-taxable","19":"purchasable","20":"product-type-simple"},"yoast_head":"<!-- This site is optimized with the Yoast SEO plugin v27.3 - https:\/\/yoast.com\/product\/yoast-seo-wordpress\/ -->\n<title>Beatus of Liebana codex Manchester, s. XII<\/title>\n<meta name=\"description\" content=\"From the point of view of his illustrations, this is the most sumptuous of all those Blessed exist and the only complete, since it has not\" \/>\n<meta name=\"robots\" content=\"index, follow, max-snippet:-1, max-image-preview:large, max-video-preview:-1\" \/>\n<link rel=\"canonical\" href=\"https:\/\/www.comprarmejor.es\/en\/product\/beatus-of-liebana-codex-manchester-s-xii\/\" \/>\n<meta property=\"og:locale\" content=\"en_US\" \/>\n<meta property=\"og:type\" content=\"article\" \/>\n<meta property=\"og:title\" content=\"Beatus of Liebana codex Manchester, s. XII\" \/>\n<meta property=\"og:description\" content=\"From the point of view of his illustrations, this is the most sumptuous of all those Blessed exist and the only complete, since it has not\" \/>\n<meta property=\"og:url\" content=\"https:\/\/www.comprarmejor.es\/en\/product\/beatus-of-liebana-codex-manchester-s-xii\/\" \/>\n<meta property=\"og:site_name\" content=\"ComprarMejor\" \/>\n<meta property=\"article:modified_time\" content=\"2022-03-03T10:03:32+00:00\" \/>\n<meta property=\"og:image\" content=\"https:\/\/www.comprarmejor.es\/wp-content\/uploads\/2016\/01\/p_2_5_1_4_2514-Beato-de-Liebana-codice-de-Manchester-s.-XII.jpg\" \/>\n\t<meta property=\"og:image:width\" content=\"600\" \/>\n\t<meta property=\"og:image:height\" content=\"599\" \/>\n\t<meta property=\"og:image:type\" content=\"image\/jpeg\" \/>\n<meta name=\"twitter:card\" content=\"summary_large_image\" \/>\n<meta name=\"twitter:label1\" content=\"Est. reading time\" \/>\n\t<meta name=\"twitter:data1\" content=\"2 minutes\" \/>\n<script type=\"application\/ld+json\" class=\"yoast-schema-graph\">{\"@context\":\"https:\\\/\\\/schema.org\",\"@graph\":[{\"@type\":\"WebPage\",\"@id\":\"https:\\\/\\\/www.comprarmejor.es\\\/en\\\/product\\\/beatus-of-liebana-codex-manchester-s-xii\\\/\",\"url\":\"https:\\\/\\\/www.comprarmejor.es\\\/en\\\/product\\\/beatus-of-liebana-codex-manchester-s-xii\\\/\",\"name\":\"Beatus of Liebana codex Manchester, s. XII\",\"isPartOf\":{\"@id\":\"https:\\\/\\\/www.comprarmejor.es\\\/en\\\/#website\"},\"primaryImageOfPage\":{\"@id\":\"https:\\\/\\\/www.comprarmejor.es\\\/en\\\/product\\\/beatus-of-liebana-codex-manchester-s-xii\\\/#primaryimage\"},\"image\":{\"@id\":\"https:\\\/\\\/www.comprarmejor.es\\\/en\\\/product\\\/beatus-of-liebana-codex-manchester-s-xii\\\/#primaryimage\"},\"thumbnailUrl\":\"https:\\\/\\\/www.comprarmejor.es\\\/wp-content\\\/uploads\\\/2016\\\/01\\\/p_2_5_1_4_2514-Beato-de-Liebana-codice-de-Manchester-s.-XII.jpg\",\"datePublished\":\"2016-01-16T12:29:45+00:00\",\"dateModified\":\"2022-03-03T10:03:32+00:00\",\"description\":\"From the point of view of his illustrations, this is the most sumptuous of all those Blessed exist and the only complete, since it has not\",\"breadcrumb\":{\"@id\":\"https:\\\/\\\/www.comprarmejor.es\\\/en\\\/product\\\/beatus-of-liebana-codex-manchester-s-xii\\\/#breadcrumb\"},\"inLanguage\":\"en-US\",\"potentialAction\":[{\"@type\":\"ReadAction\",\"target\":[\"https:\\\/\\\/www.comprarmejor.es\\\/en\\\/product\\\/beatus-of-liebana-codex-manchester-s-xii\\\/\"]}]},{\"@type\":\"ImageObject\",\"inLanguage\":\"en-US\",\"@id\":\"https:\\\/\\\/www.comprarmejor.es\\\/en\\\/product\\\/beatus-of-liebana-codex-manchester-s-xii\\\/#primaryimage\",\"url\":\"https:\\\/\\\/www.comprarmejor.es\\\/wp-content\\\/uploads\\\/2016\\\/01\\\/p_2_5_1_4_2514-Beato-de-Liebana-codice-de-Manchester-s.-XII.jpg\",\"contentUrl\":\"https:\\\/\\\/www.comprarmejor.es\\\/wp-content\\\/uploads\\\/2016\\\/01\\\/p_2_5_1_4_2514-Beato-de-Liebana-codice-de-Manchester-s.-XII.jpg\",\"width\":600,\"height\":599},{\"@type\":\"BreadcrumbList\",\"@id\":\"https:\\\/\\\/www.comprarmejor.es\\\/en\\\/product\\\/beatus-of-liebana-codex-manchester-s-xii\\\/#breadcrumb\",\"itemListElement\":[{\"@type\":\"ListItem\",\"position\":1,\"name\":\"Portada\",\"item\":\"https:\\\/\\\/www.comprarmejor.es\\\/en\\\/\"},{\"@type\":\"ListItem\",\"position\":2,\"name\":\"Shop\",\"item\":\"https:\\\/\\\/www.comprarmejor.es\\\/en\\\/shop\\\/\"},{\"@type\":\"ListItem\",\"position\":3,\"name\":\"Beatus of Liebana codex Manchester, s. XII\"}]},{\"@type\":\"WebSite\",\"@id\":\"https:\\\/\\\/www.comprarmejor.es\\\/en\\\/#website\",\"url\":\"https:\\\/\\\/www.comprarmejor.es\\\/en\\\/\",\"name\":\"ComprarMejor\",\"description\":\"ComprarMejor\",\"publisher\":{\"@id\":\"https:\\\/\\\/www.comprarmejor.es\\\/en\\\/#organization\"},\"potentialAction\":[{\"@type\":\"SearchAction\",\"target\":{\"@type\":\"EntryPoint\",\"urlTemplate\":\"https:\\\/\\\/www.comprarmejor.es\\\/en\\\/?s={search_term_string}\"},\"query-input\":{\"@type\":\"PropertyValueSpecification\",\"valueRequired\":true,\"valueName\":\"search_term_string\"}}],\"inLanguage\":\"en-US\"},{\"@type\":\"Organization\",\"@id\":\"https:\\\/\\\/www.comprarmejor.es\\\/en\\\/#organization\",\"name\":\"COMPRAR MEJOR\",\"url\":\"https:\\\/\\\/www.comprarmejor.es\\\/en\\\/\",\"logo\":{\"@type\":\"ImageObject\",\"inLanguage\":\"en-US\",\"@id\":\"https:\\\/\\\/www.comprarmejor.es\\\/en\\\/#\\\/schema\\\/logo\\\/image\\\/\",\"url\":\"https:\\\/\\\/www.comprarmejor.es\\\/wp-content\\\/uploads\\\/2025\\\/09\\\/comprarmejortrinidad.jpg\",\"contentUrl\":\"https:\\\/\\\/www.comprarmejor.es\\\/wp-content\\\/uploads\\\/2025\\\/09\\\/comprarmejortrinidad.jpg\",\"width\":1022,\"height\":1380,\"caption\":\"COMPRAR MEJOR\"},\"image\":{\"@id\":\"https:\\\/\\\/www.comprarmejor.es\\\/en\\\/#\\\/schema\\\/logo\\\/image\\\/\"},\"sameAs\":[\"https:\\\/\\\/www.instagram.com\\\/amigosdelcodice\"]}]}<\/script>\n<!-- \/ Yoast SEO plugin. -->","yoast_head_json":{"title":"Beatus of Liebana codex Manchester, s. XII","description":"From the point of view of his illustrations, this is the most sumptuous of all those Blessed exist and the only complete, since it has not","robots":{"index":"index","follow":"follow","max-snippet":"max-snippet:-1","max-image-preview":"max-image-preview:large","max-video-preview":"max-video-preview:-1"},"canonical":"https:\/\/www.comprarmejor.es\/en\/product\/beatus-of-liebana-codex-manchester-s-xii\/","og_locale":"en_US","og_type":"article","og_title":"Beatus of Liebana codex Manchester, s. XII","og_description":"From the point of view of his illustrations, this is the most sumptuous of all those Blessed exist and the only complete, since it has not","og_url":"https:\/\/www.comprarmejor.es\/en\/product\/beatus-of-liebana-codex-manchester-s-xii\/","og_site_name":"ComprarMejor","article_modified_time":"2022-03-03T10:03:32+00:00","og_image":[{"width":600,"height":599,"url":"https:\/\/www.comprarmejor.es\/wp-content\/uploads\/2016\/01\/p_2_5_1_4_2514-Beato-de-Liebana-codice-de-Manchester-s.-XII.jpg","type":"image\/jpeg"}],"twitter_card":"summary_large_image","twitter_misc":{"Est. reading time":"2 minutes"},"schema":{"@context":"https:\/\/schema.org","@graph":[{"@type":"WebPage","@id":"https:\/\/www.comprarmejor.es\/en\/product\/beatus-of-liebana-codex-manchester-s-xii\/","url":"https:\/\/www.comprarmejor.es\/en\/product\/beatus-of-liebana-codex-manchester-s-xii\/","name":"Beatus of Liebana codex Manchester, s. XII","isPartOf":{"@id":"https:\/\/www.comprarmejor.es\/en\/#website"},"primaryImageOfPage":{"@id":"https:\/\/www.comprarmejor.es\/en\/product\/beatus-of-liebana-codex-manchester-s-xii\/#primaryimage"},"image":{"@id":"https:\/\/www.comprarmejor.es\/en\/product\/beatus-of-liebana-codex-manchester-s-xii\/#primaryimage"},"thumbnailUrl":"https:\/\/www.comprarmejor.es\/wp-content\/uploads\/2016\/01\/p_2_5_1_4_2514-Beato-de-Liebana-codice-de-Manchester-s.-XII.jpg","datePublished":"2016-01-16T12:29:45+00:00","dateModified":"2022-03-03T10:03:32+00:00","description":"From the point of view of his illustrations, this is the most sumptuous of all those Blessed exist and the only complete, since it has not","breadcrumb":{"@id":"https:\/\/www.comprarmejor.es\/en\/product\/beatus-of-liebana-codex-manchester-s-xii\/#breadcrumb"},"inLanguage":"en-US","potentialAction":[{"@type":"ReadAction","target":["https:\/\/www.comprarmejor.es\/en\/product\/beatus-of-liebana-codex-manchester-s-xii\/"]}]},{"@type":"ImageObject","inLanguage":"en-US","@id":"https:\/\/www.comprarmejor.es\/en\/product\/beatus-of-liebana-codex-manchester-s-xii\/#primaryimage","url":"https:\/\/www.comprarmejor.es\/wp-content\/uploads\/2016\/01\/p_2_5_1_4_2514-Beato-de-Liebana-codice-de-Manchester-s.-XII.jpg","contentUrl":"https:\/\/www.comprarmejor.es\/wp-content\/uploads\/2016\/01\/p_2_5_1_4_2514-Beato-de-Liebana-codice-de-Manchester-s.-XII.jpg","width":600,"height":599},{"@type":"BreadcrumbList","@id":"https:\/\/www.comprarmejor.es\/en\/product\/beatus-of-liebana-codex-manchester-s-xii\/#breadcrumb","itemListElement":[{"@type":"ListItem","position":1,"name":"Portada","item":"https:\/\/www.comprarmejor.es\/en\/"},{"@type":"ListItem","position":2,"name":"Shop","item":"https:\/\/www.comprarmejor.es\/en\/shop\/"},{"@type":"ListItem","position":3,"name":"Beatus of Liebana codex Manchester, s. XII"}]},{"@type":"WebSite","@id":"https:\/\/www.comprarmejor.es\/en\/#website","url":"https:\/\/www.comprarmejor.es\/en\/","name":"ComprarMejor","description":"ComprarMejor","publisher":{"@id":"https:\/\/www.comprarmejor.es\/en\/#organization"},"potentialAction":[{"@type":"SearchAction","target":{"@type":"EntryPoint","urlTemplate":"https:\/\/www.comprarmejor.es\/en\/?s={search_term_string}"},"query-input":{"@type":"PropertyValueSpecification","valueRequired":true,"valueName":"search_term_string"}}],"inLanguage":"en-US"},{"@type":"Organization","@id":"https:\/\/www.comprarmejor.es\/en\/#organization","name":"COMPRAR MEJOR","url":"https:\/\/www.comprarmejor.es\/en\/","logo":{"@type":"ImageObject","inLanguage":"en-US","@id":"https:\/\/www.comprarmejor.es\/en\/#\/schema\/logo\/image\/","url":"https:\/\/www.comprarmejor.es\/wp-content\/uploads\/2025\/09\/comprarmejortrinidad.jpg","contentUrl":"https:\/\/www.comprarmejor.es\/wp-content\/uploads\/2025\/09\/comprarmejortrinidad.jpg","width":1022,"height":1380,"caption":"COMPRAR MEJOR"},"image":{"@id":"https:\/\/www.comprarmejor.es\/en\/#\/schema\/logo\/image\/"},"sameAs":["https:\/\/www.instagram.com\/amigosdelcodice"]}]}},"_links":{"self":[{"href":"https:\/\/www.comprarmejor.es\/en\/wp-json\/wp\/v2\/product\/51633","targetHints":{"allow":["GET"]}}],"collection":[{"href":"https:\/\/www.comprarmejor.es\/en\/wp-json\/wp\/v2\/product"}],"about":[{"href":"https:\/\/www.comprarmejor.es\/en\/wp-json\/wp\/v2\/types\/product"}],"wp:featuredmedia":[{"embeddable":true,"href":"https:\/\/www.comprarmejor.es\/en\/wp-json\/wp\/v2\/media\/51615"}],"wp:attachment":[{"href":"https:\/\/www.comprarmejor.es\/en\/wp-json\/wp\/v2\/media?parent=51633"}],"wp:term":[{"taxonomy":"product_brand","embeddable":true,"href":"https:\/\/www.comprarmejor.es\/en\/wp-json\/wp\/v2\/product_brand?post=51633"},{"taxonomy":"product_cat","embeddable":true,"href":"https:\/\/www.comprarmejor.es\/en\/wp-json\/wp\/v2\/product_cat?post=51633"},{"taxonomy":"product_tag","embeddable":true,"href":"https:\/\/www.comprarmejor.es\/en\/wp-json\/wp\/v2\/product_tag?post=51633"}],"curies":[{"name":"wp","href":"https:\/\/api.w.org\/{rel}","templated":true}]}}