{"id":51657,"date":"2016-01-17T11:02:57","date_gmt":"2016-01-17T10:02:57","guid":{"rendered":"https:\/\/www.comprarmejor.es\/producto\/txumari-alfaro-y-raul-de-la-rosa-el-gran-libro-de-la-vida-sana\/"},"modified":"2020-05-07T19:43:04","modified_gmt":"2020-05-07T17:43:04","slug":"txumari-alfaro-y-raul-de-la-rosa-el-gran-libro-de-la-vida-sana","status":"publish","type":"product","link":"https:\/\/www.comprarmejor.es\/en\/product\/txumari-alfaro-y-raul-de-la-rosa-el-gran-libro-de-la-vida-sana\/","title":{"rendered":"Txumari Alfaro y Ra\u00fal de la Rosa: El gran libro de la vida sana"},"content":{"rendered":"<p style=\"text-align: justify;\"><span id=\"result_box\" lang=\"en\" xml:lang=\"en\"><span title=\"Por lo dem\u00e1s, toda la encuadernaci\u00f3n se encuentra en perfecto estado y sus dorados y color intactos.\"><span lang=\"en\" xml:lang=\"en\"><span title=\"En los \u00faltimos tiempos el concepto de vida sana ha adquirido una nueva dimensi\u00f3n y cubre un amplio espectro que abarca el propio organismo, el medio ambiente, el lugar, el pensamiento y las emociones.\">In recent times the concept of healthy life has acquired a new dimension and covers a broad spectrum that includes the organism itself, the environment, place, thought and emotions. <\/span><span title=\"Durante mucho tiempo, la causa de las enfermedades se buscaba solamente en los procesos fisiol\u00f3gicos, sin considerar los contaminantes ambientales, las radiaciones electromagn\u00e9ticas, los t\u00f3xicos en la alimentaci\u00f3n, las relacione sociales, los h\u00e1bitos de vida o las propias emociones.\">For a long time, the cause of diseases was sought only in physiological processes, without considering environmental pollutants, electromagnetic radiation, toxins in food, social relationships, lifestyle habits or one&#8217;s own emotions.<\/span><\/span><\/span><\/span><\/p>\n<p style=\"text-align: justify;\"><span title=\"Pero todo cambia, y debemos estar atentos a los cambios para que lo que ayer era apropiado pueda seguir si\u00e9ndolo con la adaptaci\u00f3n adecuada.\">But everything changes, and we must be attentive to the changes so that what was appropriate yesterday could continue to be so with the appropriate adaptation. <\/span><span title=\"Nuestro organismo se transforma constantemente y sus necesidades tambi\u00e9n.\">Our body is constantly changing and your needs too. <\/span><span title=\"Asimismo, el medio en que vivimos cambia y debemos rodearnos de lo que sea m\u00e1s favorable para nuestra salud.\">Also, the environment in which we live changes and we must surround ourselves with what is most favorable for our health.<\/span><\/p>\n<p style=\"text-align: justify;\"><span title=\"Ejemplar correspondiente a la 1\u00aa edici\u00f3n, octubre 2011.\">Exemplary corresponding to the 1st edition, October 2011.<\/span><\/p>\n<p style=\"text-align: justify;\"><span title=\"Txumari Alfaro, viajero incansable, ha recorrido todo el mundo, siempre con el fin de recopilar la sabidur\u00eda popular referida a remedios naturales para la salud.\">Txumari Alfaro, tireless traveler, has traveled all over the world, always in order to collect popular wisdom referring to natural remedies for health. <\/span><span title=\"Suele decir que se considera un notario del pasado que no desea que se pierda una riqueza y una parte m\u00e1s de la cultura tan importante como es la antropolog\u00eda de la medicina popular y los remedios naturales.\">He often says that he considers himself a notary of the past who does not want to lose a wealth and a part of the culture as important as the anthropology of folk medicine and natural remedies. <\/span><span title=\"Podemos asegurar que en esta obra se recogen remedios de todas partes del mundo y de multitud de culturas diferentes.\">We can assure that in this work remedies are collected from all over the world and from a multitude of different cultures. <\/span><span title=\"Remedios que consideramos nuestros por ser cotidianos y que en gran parte fueron tra\u00eddos por los colonizadores.\">Remedies that we consider ours to be daily and that were largely brought by the colonizers. <\/span><span title=\"Asiduo conferenciante en Espa\u00f1a y Am\u00e9rica, escribe en peri\u00f3dicos y revistas siempre acerca de temas relacionados con los remedios populares.\">Regular speaker in Spain and America, he writes in newspapers and magazines always about topics related to folk remedies. <\/span><span title=\"Su pasi\u00f3n por ellos lo llev\u00f3 a doctorarse en Iridolog\u00eda, Naturopat\u00eda y Acupuntura, cursando estudios en Francia, Estados Unidos, Canad\u00e1 y Espa\u00f1a.\">His passion for them led him to get his doctorate in Iridology, Naturopathy and Acupuncture, studying in France, the United States, Canada and Spain.<\/span><\/p>\n<p style=\"text-align: justify;\"><span title=\"Ra\u00fal de la Rosa es escritor y fil\u00f3sofo pr\u00e1ctico de reconocido prestigio y uno de los principales expertos en los campos de la ecolog\u00eda y la salud del h\u00e1bitat, as\u00ed como en los de la mente y la conciencia.\">Ra\u00fal de la Rosa is a writer and practical philosopher of recognized prestige and one of the leading experts in the fields of ecology and health of the habitat, as well as those of the mind and conscience.<\/span><\/p>\n<p style=\"text-align: justify;\"><span title=\"Tomo encuadernado en carton\u00e9 ilustrado, formato 20,5 x 26 cm.\">Volume bound in illustrated cardboard, format 20.5 x 26 cm. <\/span><span title=\"416 p\u00e1ginas ilustradas a color.\">416 pages illustrated in color.<\/span><\/p>\n<p style=\"text-align: justify;\"><span title=\"Ejemplar en perfecto estado.\">Exemplary in perfect condition.<\/span><\/p>\n<p style=\"text-align: justify;\"><span title=\"Gastos de env\u00edo por cuenta del comprador seg\u00fan pedido y destino.\">Shipping by the buyer to order and destination.\u00a0<\/span><span title=\"Cons\u00faltenos cualquier duda, as\u00ed como por cualquier otro art\u00edculo que est\u00e9 buscando.\"><a class=\"btn btn-default\" href=\"http:\/\/comprarmejor.es\/en\/contact\">Ask us<\/a> <span lang=\"en\" xml:lang=\"en\"><span title=\"Cons\u00faltenos sin compromiso (indicando la referencia del art\u00edculo) cualquier duda.\">without obligation (indicating the reference of the article) any doubt.<\/span><\/span><br \/>\n<\/span><\/p>\n","protected":false},"excerpt":{"rendered":"<p style=\"text-align: justify;\"><span id=\"result_box\" lang=\"en\" xml:lang=\"en\"><span title=\"Segunda edici\u00f3n, 1956. Mismas caracter\u00edsticas que la edici\u00f3n de 1\u00ba abril 1944 dedicada a SS Pio XII.\"><span lang=\"en\" xml:lang=\"en\"><span title=\"En los \u00faltimos tiempos el concepto de vida sana ha adquirido una nueva dimensi\u00f3n y cubre un amplio espectro que abarca el propio organismo, el medio ambiente, el lugar, el pensamiento y las emociones.\">In recent times the concept of healthy life has acquired a new dimension and covers a broad spectrum that includes the organism itself, the environment, place, thought and emotions.<\/span><\/span><\/span><\/span><\/p>\n","protected":false},"featured_media":51649,"template":"","meta":[],"product_brand":[],"product_cat":[2188,2256,2242],"product_tag":[4426,4425],"class_list":{"0":"post-51657","1":"product","2":"type-product","3":"status-publish","4":"has-post-thumbnail","6":"product_cat-books","7":"product_cat-books-in-general","8":"product_cat-first-editions","9":"product_tag-alfaro-en","10":"product_tag-txumari-en","11":"product_shipping_class-from-0-to-1-kg","12":"description-off","14":"first","15":"instock","16":"sale","17":"taxable","18":"shipping-taxable","19":"purchasable","20":"product-type-simple"},"yoast_head":"<!-- This site is optimized with the Yoast SEO plugin v27.3 - https:\/\/yoast.com\/product\/yoast-seo-wordpress\/ -->\n<title>Txumari Alfaro y Ra\u00fal de la Rosa: El gran libro de la vida sana<\/title>\n<meta name=\"description\" content=\"In recent times the concept of healthy life has acquired a new dimension and covers a broad spectrum that includes the organism itself, the environment, place,\" \/>\n<meta name=\"robots\" content=\"index, follow, max-snippet:-1, max-image-preview:large, max-video-preview:-1\" \/>\n<link rel=\"canonical\" href=\"https:\/\/www.comprarmejor.es\/en\/product\/txumari-alfaro-y-raul-de-la-rosa-el-gran-libro-de-la-vida-sana\/\" \/>\n<meta property=\"og:locale\" content=\"en_US\" \/>\n<meta property=\"og:type\" content=\"article\" \/>\n<meta property=\"og:title\" content=\"Txumari Alfaro y Ra\u00fal de la Rosa: El gran libro de la vida sana\" \/>\n<meta property=\"og:description\" content=\"In recent times the concept of healthy life has acquired a new dimension and covers a broad spectrum that includes the organism itself, the environment, place,\" \/>\n<meta property=\"og:url\" content=\"https:\/\/www.comprarmejor.es\/en\/product\/txumari-alfaro-y-raul-de-la-rosa-el-gran-libro-de-la-vida-sana\/\" \/>\n<meta property=\"og:site_name\" content=\"ComprarMejor\" \/>\n<meta property=\"article:modified_time\" content=\"2020-05-07T17:43:04+00:00\" \/>\n<meta property=\"og:image\" content=\"https:\/\/www.comprarmejor.es\/wp-content\/uploads\/2016\/01\/p_7_0_8_2_7082-Txumari-Alfaro-y-Raul-de-la-Rosa-El-gran-libro-de-la-vida-sana.jpg\" \/>\n\t<meta property=\"og:image:width\" content=\"529\" \/>\n\t<meta property=\"og:image:height\" content=\"598\" \/>\n\t<meta property=\"og:image:type\" content=\"image\/jpeg\" \/>\n<meta name=\"twitter:card\" content=\"summary_large_image\" \/>\n<meta name=\"twitter:label1\" content=\"Est. reading time\" \/>\n\t<meta name=\"twitter:data1\" content=\"2 minutes\" \/>\n<script type=\"application\/ld+json\" class=\"yoast-schema-graph\">{\"@context\":\"https:\\\/\\\/schema.org\",\"@graph\":[{\"@type\":\"WebPage\",\"@id\":\"https:\\\/\\\/www.comprarmejor.es\\\/en\\\/product\\\/txumari-alfaro-y-raul-de-la-rosa-el-gran-libro-de-la-vida-sana\\\/\",\"url\":\"https:\\\/\\\/www.comprarmejor.es\\\/en\\\/product\\\/txumari-alfaro-y-raul-de-la-rosa-el-gran-libro-de-la-vida-sana\\\/\",\"name\":\"Txumari Alfaro y Ra\u00fal de la Rosa: El gran libro de la vida sana\",\"isPartOf\":{\"@id\":\"https:\\\/\\\/www.comprarmejor.es\\\/en\\\/#website\"},\"primaryImageOfPage\":{\"@id\":\"https:\\\/\\\/www.comprarmejor.es\\\/en\\\/product\\\/txumari-alfaro-y-raul-de-la-rosa-el-gran-libro-de-la-vida-sana\\\/#primaryimage\"},\"image\":{\"@id\":\"https:\\\/\\\/www.comprarmejor.es\\\/en\\\/product\\\/txumari-alfaro-y-raul-de-la-rosa-el-gran-libro-de-la-vida-sana\\\/#primaryimage\"},\"thumbnailUrl\":\"https:\\\/\\\/www.comprarmejor.es\\\/wp-content\\\/uploads\\\/2016\\\/01\\\/p_7_0_8_2_7082-Txumari-Alfaro-y-Raul-de-la-Rosa-El-gran-libro-de-la-vida-sana.jpg\",\"datePublished\":\"2016-01-17T10:02:57+00:00\",\"dateModified\":\"2020-05-07T17:43:04+00:00\",\"description\":\"In recent times the concept of healthy life has acquired a new dimension and covers a broad spectrum that includes the organism itself, the environment, place,\",\"breadcrumb\":{\"@id\":\"https:\\\/\\\/www.comprarmejor.es\\\/en\\\/product\\\/txumari-alfaro-y-raul-de-la-rosa-el-gran-libro-de-la-vida-sana\\\/#breadcrumb\"},\"inLanguage\":\"en-US\",\"potentialAction\":[{\"@type\":\"ReadAction\",\"target\":[\"https:\\\/\\\/www.comprarmejor.es\\\/en\\\/product\\\/txumari-alfaro-y-raul-de-la-rosa-el-gran-libro-de-la-vida-sana\\\/\"]}]},{\"@type\":\"ImageObject\",\"inLanguage\":\"en-US\",\"@id\":\"https:\\\/\\\/www.comprarmejor.es\\\/en\\\/product\\\/txumari-alfaro-y-raul-de-la-rosa-el-gran-libro-de-la-vida-sana\\\/#primaryimage\",\"url\":\"https:\\\/\\\/www.comprarmejor.es\\\/wp-content\\\/uploads\\\/2016\\\/01\\\/p_7_0_8_2_7082-Txumari-Alfaro-y-Raul-de-la-Rosa-El-gran-libro-de-la-vida-sana.jpg\",\"contentUrl\":\"https:\\\/\\\/www.comprarmejor.es\\\/wp-content\\\/uploads\\\/2016\\\/01\\\/p_7_0_8_2_7082-Txumari-Alfaro-y-Raul-de-la-Rosa-El-gran-libro-de-la-vida-sana.jpg\",\"width\":529,\"height\":598},{\"@type\":\"BreadcrumbList\",\"@id\":\"https:\\\/\\\/www.comprarmejor.es\\\/en\\\/product\\\/txumari-alfaro-y-raul-de-la-rosa-el-gran-libro-de-la-vida-sana\\\/#breadcrumb\",\"itemListElement\":[{\"@type\":\"ListItem\",\"position\":1,\"name\":\"Portada\",\"item\":\"https:\\\/\\\/www.comprarmejor.es\\\/en\\\/\"},{\"@type\":\"ListItem\",\"position\":2,\"name\":\"Shop\",\"item\":\"https:\\\/\\\/www.comprarmejor.es\\\/en\\\/shop\\\/\"},{\"@type\":\"ListItem\",\"position\":3,\"name\":\"Txumari Alfaro y Ra\u00fal de la Rosa: El gran libro de la vida sana\"}]},{\"@type\":\"WebSite\",\"@id\":\"https:\\\/\\\/www.comprarmejor.es\\\/en\\\/#website\",\"url\":\"https:\\\/\\\/www.comprarmejor.es\\\/en\\\/\",\"name\":\"ComprarMejor\",\"description\":\"ComprarMejor\",\"publisher\":{\"@id\":\"https:\\\/\\\/www.comprarmejor.es\\\/en\\\/#organization\"},\"potentialAction\":[{\"@type\":\"SearchAction\",\"target\":{\"@type\":\"EntryPoint\",\"urlTemplate\":\"https:\\\/\\\/www.comprarmejor.es\\\/en\\\/?s={search_term_string}\"},\"query-input\":{\"@type\":\"PropertyValueSpecification\",\"valueRequired\":true,\"valueName\":\"search_term_string\"}}],\"inLanguage\":\"en-US\"},{\"@type\":\"Organization\",\"@id\":\"https:\\\/\\\/www.comprarmejor.es\\\/en\\\/#organization\",\"name\":\"COMPRAR MEJOR\",\"url\":\"https:\\\/\\\/www.comprarmejor.es\\\/en\\\/\",\"logo\":{\"@type\":\"ImageObject\",\"inLanguage\":\"en-US\",\"@id\":\"https:\\\/\\\/www.comprarmejor.es\\\/en\\\/#\\\/schema\\\/logo\\\/image\\\/\",\"url\":\"https:\\\/\\\/www.comprarmejor.es\\\/wp-content\\\/uploads\\\/2025\\\/09\\\/comprarmejortrinidad.jpg\",\"contentUrl\":\"https:\\\/\\\/www.comprarmejor.es\\\/wp-content\\\/uploads\\\/2025\\\/09\\\/comprarmejortrinidad.jpg\",\"width\":1022,\"height\":1380,\"caption\":\"COMPRAR MEJOR\"},\"image\":{\"@id\":\"https:\\\/\\\/www.comprarmejor.es\\\/en\\\/#\\\/schema\\\/logo\\\/image\\\/\"},\"sameAs\":[\"https:\\\/\\\/www.instagram.com\\\/amigosdelcodice\"]}]}<\/script>\n<!-- \/ Yoast SEO plugin. -->","yoast_head_json":{"title":"Txumari Alfaro y Ra\u00fal de la Rosa: El gran libro de la vida sana","description":"In recent times the concept of healthy life has acquired a new dimension and covers a broad spectrum that includes the organism itself, the environment, place,","robots":{"index":"index","follow":"follow","max-snippet":"max-snippet:-1","max-image-preview":"max-image-preview:large","max-video-preview":"max-video-preview:-1"},"canonical":"https:\/\/www.comprarmejor.es\/en\/product\/txumari-alfaro-y-raul-de-la-rosa-el-gran-libro-de-la-vida-sana\/","og_locale":"en_US","og_type":"article","og_title":"Txumari Alfaro y Ra\u00fal de la Rosa: El gran libro de la vida sana","og_description":"In recent times the concept of healthy life has acquired a new dimension and covers a broad spectrum that includes the organism itself, the environment, place,","og_url":"https:\/\/www.comprarmejor.es\/en\/product\/txumari-alfaro-y-raul-de-la-rosa-el-gran-libro-de-la-vida-sana\/","og_site_name":"ComprarMejor","article_modified_time":"2020-05-07T17:43:04+00:00","og_image":[{"width":529,"height":598,"url":"https:\/\/www.comprarmejor.es\/wp-content\/uploads\/2016\/01\/p_7_0_8_2_7082-Txumari-Alfaro-y-Raul-de-la-Rosa-El-gran-libro-de-la-vida-sana.jpg","type":"image\/jpeg"}],"twitter_card":"summary_large_image","twitter_misc":{"Est. reading time":"2 minutes"},"schema":{"@context":"https:\/\/schema.org","@graph":[{"@type":"WebPage","@id":"https:\/\/www.comprarmejor.es\/en\/product\/txumari-alfaro-y-raul-de-la-rosa-el-gran-libro-de-la-vida-sana\/","url":"https:\/\/www.comprarmejor.es\/en\/product\/txumari-alfaro-y-raul-de-la-rosa-el-gran-libro-de-la-vida-sana\/","name":"Txumari Alfaro y Ra\u00fal de la Rosa: El gran libro de la vida sana","isPartOf":{"@id":"https:\/\/www.comprarmejor.es\/en\/#website"},"primaryImageOfPage":{"@id":"https:\/\/www.comprarmejor.es\/en\/product\/txumari-alfaro-y-raul-de-la-rosa-el-gran-libro-de-la-vida-sana\/#primaryimage"},"image":{"@id":"https:\/\/www.comprarmejor.es\/en\/product\/txumari-alfaro-y-raul-de-la-rosa-el-gran-libro-de-la-vida-sana\/#primaryimage"},"thumbnailUrl":"https:\/\/www.comprarmejor.es\/wp-content\/uploads\/2016\/01\/p_7_0_8_2_7082-Txumari-Alfaro-y-Raul-de-la-Rosa-El-gran-libro-de-la-vida-sana.jpg","datePublished":"2016-01-17T10:02:57+00:00","dateModified":"2020-05-07T17:43:04+00:00","description":"In recent times the concept of healthy life has acquired a new dimension and covers a broad spectrum that includes the organism itself, the environment, place,","breadcrumb":{"@id":"https:\/\/www.comprarmejor.es\/en\/product\/txumari-alfaro-y-raul-de-la-rosa-el-gran-libro-de-la-vida-sana\/#breadcrumb"},"inLanguage":"en-US","potentialAction":[{"@type":"ReadAction","target":["https:\/\/www.comprarmejor.es\/en\/product\/txumari-alfaro-y-raul-de-la-rosa-el-gran-libro-de-la-vida-sana\/"]}]},{"@type":"ImageObject","inLanguage":"en-US","@id":"https:\/\/www.comprarmejor.es\/en\/product\/txumari-alfaro-y-raul-de-la-rosa-el-gran-libro-de-la-vida-sana\/#primaryimage","url":"https:\/\/www.comprarmejor.es\/wp-content\/uploads\/2016\/01\/p_7_0_8_2_7082-Txumari-Alfaro-y-Raul-de-la-Rosa-El-gran-libro-de-la-vida-sana.jpg","contentUrl":"https:\/\/www.comprarmejor.es\/wp-content\/uploads\/2016\/01\/p_7_0_8_2_7082-Txumari-Alfaro-y-Raul-de-la-Rosa-El-gran-libro-de-la-vida-sana.jpg","width":529,"height":598},{"@type":"BreadcrumbList","@id":"https:\/\/www.comprarmejor.es\/en\/product\/txumari-alfaro-y-raul-de-la-rosa-el-gran-libro-de-la-vida-sana\/#breadcrumb","itemListElement":[{"@type":"ListItem","position":1,"name":"Portada","item":"https:\/\/www.comprarmejor.es\/en\/"},{"@type":"ListItem","position":2,"name":"Shop","item":"https:\/\/www.comprarmejor.es\/en\/shop\/"},{"@type":"ListItem","position":3,"name":"Txumari Alfaro y Ra\u00fal de la Rosa: El gran libro de la vida sana"}]},{"@type":"WebSite","@id":"https:\/\/www.comprarmejor.es\/en\/#website","url":"https:\/\/www.comprarmejor.es\/en\/","name":"ComprarMejor","description":"ComprarMejor","publisher":{"@id":"https:\/\/www.comprarmejor.es\/en\/#organization"},"potentialAction":[{"@type":"SearchAction","target":{"@type":"EntryPoint","urlTemplate":"https:\/\/www.comprarmejor.es\/en\/?s={search_term_string}"},"query-input":{"@type":"PropertyValueSpecification","valueRequired":true,"valueName":"search_term_string"}}],"inLanguage":"en-US"},{"@type":"Organization","@id":"https:\/\/www.comprarmejor.es\/en\/#organization","name":"COMPRAR MEJOR","url":"https:\/\/www.comprarmejor.es\/en\/","logo":{"@type":"ImageObject","inLanguage":"en-US","@id":"https:\/\/www.comprarmejor.es\/en\/#\/schema\/logo\/image\/","url":"https:\/\/www.comprarmejor.es\/wp-content\/uploads\/2025\/09\/comprarmejortrinidad.jpg","contentUrl":"https:\/\/www.comprarmejor.es\/wp-content\/uploads\/2025\/09\/comprarmejortrinidad.jpg","width":1022,"height":1380,"caption":"COMPRAR MEJOR"},"image":{"@id":"https:\/\/www.comprarmejor.es\/en\/#\/schema\/logo\/image\/"},"sameAs":["https:\/\/www.instagram.com\/amigosdelcodice"]}]}},"_links":{"self":[{"href":"https:\/\/www.comprarmejor.es\/en\/wp-json\/wp\/v2\/product\/51657","targetHints":{"allow":["GET"]}}],"collection":[{"href":"https:\/\/www.comprarmejor.es\/en\/wp-json\/wp\/v2\/product"}],"about":[{"href":"https:\/\/www.comprarmejor.es\/en\/wp-json\/wp\/v2\/types\/product"}],"wp:featuredmedia":[{"embeddable":true,"href":"https:\/\/www.comprarmejor.es\/en\/wp-json\/wp\/v2\/media\/51649"}],"wp:attachment":[{"href":"https:\/\/www.comprarmejor.es\/en\/wp-json\/wp\/v2\/media?parent=51657"}],"wp:term":[{"taxonomy":"product_brand","embeddable":true,"href":"https:\/\/www.comprarmejor.es\/en\/wp-json\/wp\/v2\/product_brand?post=51657"},{"taxonomy":"product_cat","embeddable":true,"href":"https:\/\/www.comprarmejor.es\/en\/wp-json\/wp\/v2\/product_cat?post=51657"},{"taxonomy":"product_tag","embeddable":true,"href":"https:\/\/www.comprarmejor.es\/en\/wp-json\/wp\/v2\/product_tag?post=51657"}],"curies":[{"name":"wp","href":"https:\/\/api.w.org\/{rel}","templated":true}]}}