{"id":51677,"date":"2016-01-17T11:49:52","date_gmt":"2016-01-17T10:49:52","guid":{"rendered":"https:\/\/www.comprarmejor.es\/producto\/syllabus-sacraments-c-1488-paperback\/"},"modified":"2021-01-25T13:17:18","modified_gmt":"2021-01-25T12:17:18","slug":"syllabus-sacraments-c-1488-paperback","status":"publish","type":"product","link":"https:\/\/www.comprarmejor.es\/en\/product\/syllabus-sacraments-c-1488-paperback\/","title":{"rendered":"Syllabus Sacraments &#8230;, c. 1488 (paperback)"},"content":{"rendered":"<p style=\"text-align: justify;\"><span id=\"result_box\" lang=\"en\" xml:lang=\"en\"><span title=\"El Prontuario de Sacramentos y Otras Bendiciones con Puntos Doctrinales, es un bello c\u00f3dice, exponente de la religiosidad de su tiempo y que us\u00f3, hacia 1488, D. Pedro D\u00edaz de Toledo y Ovalle, primer obispo de M\u00e1laga despu\u00e9s de la reconquista de la ciudad\">The Handbook of Sacraments and Other Blessings with doctrinal points, is a beautiful codex, exponent of religiosity of his time and used, around 1488, Pedro Diaz de Toledo and Ovalle, first bishop of Malaga after the reconquest of the city <\/span><span title=\"por parte de los Reyes Cat\u00f3licos en 1487. Hombre de letras, humanista cult\u00edsimo, fue maestro del Marqu\u00e9s de Santillana con quien comparti\u00f3 amistad, biblioteca y aficiones literarias.\">by the Catholic Monarchs in 1487. Man of letters, highly cultured humanist, he was master of the Marquis de Santillana who shared friendship, library and literary tastes. <\/span><span title=\"Tambi\u00e9n fue \u00edntimo amigo del Arzobispo de Granada, fray Hernando de Talavera.\">He was also a close friend of Archbishop of Granada, Hernando de Talavera fray.<\/span><\/span><\/p>\n<p style=\"text-align: justify;\"><span title=\"La informaci\u00f3n siguiente sobre dicha obra, proviene del estudio codicol\u00f3gico, traducci\u00f3n del lat\u00edn al espa\u00f1ol incluida, que ha realizado para esta edici\u00f3n el Dr. en Filosof\u00eda y Letras y ex-Archivero de la Catedral de M\u00e1laga, Don Vidal Gonz\u00e1lez S\u00e1nchez.\">The following information about this work comes from codicological study from Latin to Spanish translation included, who has done for this edition Dr. of Philosophy and former Archivist of the Cathedral of Malaga, Don Vidal Gonzalez Sanchez.<\/span><\/p>\n<p style=\"text-align: justify;\"><span title=\"&quot;Entre la gran riqueza documental que encierra el Archivo Hist\u00f3rico del Cabildo Catedral de M\u00e1laga, destacamos un c\u00f3dice g\u00f3tico-mud\u00e9jar que en nuestra labor de catalogaci\u00f3n de dicho archivo, tuvimos la suerte de identificar gracias al escudo de armas que luce en varios de sus folios\">&#8220;Among the great documentary wealth that encloses the Historical Archives of the Cathedral Chapter of Malaga, highlight a gothic-Mudejar codex in our work cataloging the file, we were fortunate to identify thanks to the coat of arms that looks at several of its pages <\/span><span title=\", pues carece del folio de portada donde sin duda se dar\u00edan datos identificativos y explicativos de su contenido y dem\u00e1s circunstancias.\">, lacking folio cover where no doubt data identification and explanation of its contents and other circumstances they would.<\/span><\/p>\n<p style=\"text-align: justify;\"><span title=\"Se trata de un c\u00f3dice en vitela, encuadernado en cuero sobre planchas de madera cuyas dimensiones son 265 x 195 mm, compuesto por ciento seis folios \u00fatiles cuya caja de escritura es de 165 x 105 mm, escritos en caracteres de letra g\u00f3tico-libraria de muy\">It is a codex on vellum, bound in leather over wooden boards with dimensions 265 x 195 mm, consisting of one hundred and six folios helpful whose writing box is 165 x 105 mm, written in capital letter gothic-libraria very <\/span><span title=\"bella caligraf\u00eda, de f\u00e1cil lectura aunque con siglas y abreviaturas que la hacen, a veces, complicada.\">beautiful calligraphy, easy to read even with abbreviations that make it sometimes difficult. <\/span><span title=\"El campo de los m\u00e1rgenes laterales var\u00eda entre los 30 y 70 mm de los que corresponden las mayores dimensiones a los inferiores junto con los laterales externos, mientras los superiores as\u00ed como los inferiores oscilan entre los 30 y los 40 mm.\">Field of the side margins varies between 30 and 70 mm of major dimensions corresponding to lower together with the external side, while the upper and the lower range between 30 and 40 mm. <\/span><span title=\"Muchas de las letras unciales est\u00e1n iluminadas con gr\u00e1ciles arabescos y representaci\u00f3n floral, sobre todo en los folios: I, VIII, LXXIII, LXXXI y XCIIII.\">Many uncial letters are illuminated with graceful arabesques and floral representation, especially in the pages: I, VIII, LXXIII, LXXXI and XCIIII. <\/span><span title=\"En algunos de estos folios se pueden contemplar orlas magn\u00edficamente policromadas, decoradas con motivos vegetales, animales, florales y humanos acogiendo un destacado motivo her\u00e1ldico que no es otro que el escudo de armas del propietario del libro, el Doctor D\u00edaz de Toledo y Ovalle.\">In some of these pages you can see magnificent polychrome fringes, decorated with plants, animals, floral and heraldic human hosting a major reason is none other than the coat of arms of the owner of the book, Dr. Diaz de Toledo and Ovalle.<\/span><\/p>\n<p style=\"text-align: justify;\"><span title=\"En diciembre de 1487, estando en Zaragoza donde acompa\u00f1aba a la Corte, recibi\u00f3 Toledo las bulas papales con su nombramiento como obispo de M\u00e1laga.\">In December 1487, while in Zaragoza which accompanied the Court, Toledo received papal bulls with his appointment as bishop of Malaga.<\/span><\/p>\n<p style=\"text-align: justify;\"><span title=\"El Doctor don Pedro D\u00edaz de Toledo y Ovalle era un verdadero hombre de letras, faceta menos conocida de su vida, pero podemos afirmar que fue un humanista cabal.\">Dr. Pedro Diaz de Toledo and Ovalle was a true man of letters, less known facet of his life, but we can say it was a full humanist. <\/span><span title=\"Podemos decir que fue a un mismo tiempo disc\u00edpulo y maestro de aquel palad\u00edn de las letras castellanas como lo fuera don I\u00f1igo L\u00f3pez de Mendoza, Marqu\u00e9s de Santillana.\">We can say that was at once disciple and teacher of that champion of Spanish literature as it were Don Inigo Lopez de Mendoza, Marquess of Santillana. <\/span><span title=\"Si afirmamos que fue disc\u00edpulo del marqu\u00e9s nos basamos en que le sirvi\u00f3 como capell\u00e1n de su casa.\">If we say that was a disciple of the Marquis we rely on that served as chaplain to his house. <\/span><span title=\"Del marqu\u00e9s recibi\u00f3 Toledo experiencia, lecciones de buen decir;\">Marquis received Toledo experience, say good lessons; <\/span><span title=\"aprendi\u00f3 de su maestro d\u00f3nde estaban los ejemplares escritos de las obras cumbre, libros raros y valiosos de los c\u00edrculos culturales europeos, algunos de los cuales adquiri\u00f3 o hizo copiar para el marqu\u00e9s.\">He learned from his teacher&#8217;s writings where copies of the summit works, rare books of European cultural circles, some of which was purchased or made for the Marquis were copied. <\/span><span title=\"Don I\u00f1igo y toda su familia llenaron al joven capell\u00e1n de cari\u00f1o y confianza y Toledo recibi\u00f3 las \u00faltimas palabras de aquel al tiempo de su muerte.\">Don Inigo and his family filled the young chaplain of love and trust and Toledo received the last words of that at the time of his death. <\/span><span title=\"Si hemos afirmado que fue tambi\u00e9n maestro del Marqu\u00e9s de Santillana, la raz\u00f3n es que Toledo orient\u00f3 en muchas cuestiones de Teolog\u00eda, Derecho, etc., a su mecenas del que recibi\u00f3 el encargo de que tradujera para \u00e9l las obras m\u00e1s escogidas de la antig\u00fcedad,\">If we said that was also master of the Marquis de Santillana, the reason is that Toledo oriented on many issues of theology, law, etc., to his patron that was commissioned to translate for him the choicest works of antiquity, <\/span><span title=\"ya que el marqu\u00e9s lament\u00f3 siempre sus escasos conocimientos en las lenguas cl\u00e1sicas.\">as the Marquis always regretted their poor knowledge in classical languages.<\/span><\/p>\n<p style=\"text-align: justify;\"><span title=\"Despu\u00e9s de haber regido la Iglesia de M\u00e1laga con acierto y prudencia, bajo el consejo y el amparo de su \u00edntimo amigo el Arzobispo de Granada fray Hernando de Talavera, junto al cual se encontraba, entreg\u00f3 su alma a Dios este primer obispo de M\u00e1laga despu\u00e9s de\">After having governed the Church of M\u00e1laga with skill and prudence, under the advice and under his close friend the Archbishop of Granada Fray Hernando de Talavera, beside which he stood, he gave his soul to God the first bishop of Malaga after <\/span><span title=\"la Reconquista, en la ciudad del Darro entre las \u00faltimas horas del d\u00eda 21 y las primeras del 23 de agosto del a\u00f1o 1499. Hab\u00eda acudido all\u00e1 para saludar a los monarcas que por aquellas fechas se hallaban en Granada y tratar con ellos importantes asuntos de utilidad\">the Reconquista, in the city of Darro between late on the first day 21 and 23 August 1499. had come there to greet the monarch who at that time were in Granada and deal with important issues of utility <\/span><span title=\"para su obispado, de tal modo que los reyes le prometieron acercarse a la ciudad de M\u00e1laga.\">to his bishopric, so that kings promised you close to the city of Malaga. <\/span><span title=\"All\u00ed mismo otorg\u00f3 su testamento el obispo Toledo.\">Right there the bishop gave his testament Toledo. <\/span><span title=\"Sus restos fueron de inmediato trasladados a su Sede malacitana donde recibieron en su Catedral sepultura provisional hasta tanto que se terminara la construcci\u00f3n de su capilla pante\u00f3n bajo la advocaci\u00f3n de San Jer\u00f3nimo.&quot;\">His remains were transferred to their malacitana headquarters where they received provisional burial in the Cathedral until the construction of the chapel pantheon under the invocation of San Jeronimo end immediately. &#8220;<\/span><\/p>\n<p style=\"text-align: justify;\"><span title=\"El libro es una reproducci\u00f3n facsimilar integrada de la obra original y su correspondiente traducci\u00f3n del lat\u00edn al espa\u00f1ol y estudio codicol\u00f3gico realizado por el ya citado Dr. D. Vidal Gonz\u00e1lez.\">The book is a facsimile reproduction of the original work integrated and its translation from Latin to Spanish and codicological study by the aforementioned Dr. D. Vidal Gonzalez.<\/span><\/p>\n<p style=\"text-align: justify;\"><span title=\"De esta obra se realiz\u00f3 una edici\u00f3n en formato de lujo, limitada y numerada notarialmente, ya agotada.\">This work was carried out in an edition deluxe format, limited and numbered notary already exhausted. <\/span><span title=\"El ejemplar que ofrecemos corresponde a unos pocos ejemplares que se realizaron en formato econ\u00f3mico, igual a la edici\u00f3n de lujo en su interior, pero en formato de encuadernaci\u00f3n en guaflex y sin numerar.\">The specimen we offer corresponds to a few copies that were made in economic, equal to the deluxe edition format inside, but guaflex binding format and unnumbered. <\/span><span title=\"Tanto la edici\u00f3n de lujo como la econ\u00f3mica van en formato \u00e1ureo.\">Both the deluxe edition as they go golden economic format.<\/span><\/p>\n<p style=\"text-align: justify;\"><span title=\"Para esta obra, y con car\u00e1cter optativo, se realiz\u00f3 un bello estuche guardapolvo en terciopelo fino y piel a juego con la encuadernaci\u00f3n, a un coste adicional de 50 \u20ac.\">For this work, and optionally, a beautiful velvet box fine dust and skin to match the binding, at an additional cost of 25 \u20ac was performed. <\/span><span title=\"Ind\u00edquenos si lo quiere cuando realice su pedido.\">Tell us if you want when ordering.<\/span><\/p>\n<p style=\"text-align: justify;\"><span title=\"&quot;prontuario&quot;, del lat\u00edn promptuarium, despensa, es, seg\u00fan la Real Academia Espa\u00f1ola de la Lengua:\">&#8220;Handbook&#8221; Latin Promptuarium, pantry, is, according to the Royal Spanish Academy of Language:<br \/>\n<\/span><span title=\"- Resumen o breve anotaci\u00f3n de varias cosas a fin de tenerlas presentes cuando se necesiten.\">&#8211; Summary or short entry of several things to keep them in mind when needed.<br \/>\n<\/span><span title=\"- Compendio de las reglas de una ciencia o arte.\">&#8211; Compendium of the rules of science or art.<\/span><\/p>\n<p style=\"text-align: justify;\"><span title=\"Gastos de env\u00edo por cuenta del comprador seg\u00fan pedido y destino.\">Shipping by the buyer to order and destination.\u00a0<\/span><span title=\"Cons\u00faltenos cualquier duda, as\u00ed como por cualquier otro facs\u00edmile o art\u00edculo que est\u00e9 buscando.\"><a class=\"btn btn-default\" href=\"https:\/\/www.comprarmejor.es\/en\/contact\">Ask us<\/a> any questions and facsimile or any other item he seeks.<\/span><\/p>\n","protected":false},"excerpt":{"rendered":"<p style=\"text-align: justify;\"><span id=\"result_box\" lang=\"en\" xml:lang=\"en\"><span title=\"El Prontuario de Sacramentos y Otras Bendiciones con Puntos Doctrinales, es un bello c\u00f3dice, exponente de la religiosidad de su tiempo y que us\u00f3, hacia 1488, D. Pedro D\u00edaz de Toledo y Ovalle, primer obispo de M\u00e1laga despu\u00e9s de la reconquista de la ciudad\">The Handbook of Sacraments and Other Blessings with doctrinal points, is a beautiful codex, exponent of religiosity of his time and used, around 1488, Pedro Diaz de Toledo and Ovalle, first bishop of Malaga after the reconquest of the city <\/span><span title=\"por parte de los Reyes Cat\u00f3licos en 1487. Hombre de letras, humanista cult\u00edsimo, fue maestro del Marqu\u00e9s de Santillana con quien comparti\u00f3 amistad, biblioteca y aficiones literarias.\">by the Catholic Monarchs in 1487.<\/span><\/span><\/p>\n","protected":false},"featured_media":51659,"template":"","meta":[],"product_brand":[],"product_cat":[2242,2250,2260],"product_tag":[4478],"class_list":{"0":"post-51677","1":"product","2":"type-product","3":"status-publish","4":"has-post-thumbnail","6":"product_cat-first-editions","7":"product_cat-other-facsimiles","8":"product_cat-own-editions","9":"product_tag-vidal-en","10":"product_shipping_class-from-0-to-1-kg","11":"description-off","13":"first","14":"instock","15":"taxable","16":"shipping-taxable","17":"purchasable","18":"product-type-simple"},"yoast_head":"<!-- This site is optimized with the Yoast SEO plugin v27.3 - https:\/\/yoast.com\/product\/yoast-seo-wordpress\/ -->\n<title>The Handbook of Sacraments and Other Blessings with doctrinal points<\/title>\n<meta name=\"description\" content=\"The Handbook of Sacraments and Other Blessings with doctrinal points, is a beautiful codex, exponent of religiosity of his time and used,\" \/>\n<meta name=\"robots\" content=\"index, follow, max-snippet:-1, max-image-preview:large, max-video-preview:-1\" \/>\n<link rel=\"canonical\" href=\"https:\/\/www.comprarmejor.es\/en\/product\/syllabus-sacraments-c-1488-paperback\/\" \/>\n<meta property=\"og:locale\" content=\"en_US\" \/>\n<meta property=\"og:type\" content=\"article\" \/>\n<meta property=\"og:title\" content=\"The Handbook of Sacraments and Other Blessings with doctrinal points\" \/>\n<meta property=\"og:description\" content=\"The Handbook of Sacraments and Other Blessings with doctrinal points, is a beautiful codex, exponent of religiosity of his time and used,\" \/>\n<meta property=\"og:url\" content=\"https:\/\/www.comprarmejor.es\/en\/product\/syllabus-sacraments-c-1488-paperback\/\" \/>\n<meta property=\"og:site_name\" content=\"ComprarMejor\" \/>\n<meta property=\"article:modified_time\" content=\"2021-01-25T12:17:18+00:00\" \/>\n<meta property=\"og:image\" content=\"https:\/\/www.comprarmejor.es\/wp-content\/uploads\/2016\/01\/p_2_5_2_9_2529-Prontuario-de-Sacramentos...-c.-1488-edicion-economica.jpg\" \/>\n\t<meta property=\"og:image:width\" content=\"335\" \/>\n\t<meta property=\"og:image:height\" content=\"595\" \/>\n\t<meta property=\"og:image:type\" content=\"image\/jpeg\" \/>\n<meta name=\"twitter:card\" content=\"summary_large_image\" \/>\n<meta name=\"twitter:label1\" content=\"Est. reading time\" \/>\n\t<meta name=\"twitter:data1\" content=\"4 minutes\" \/>\n<script type=\"application\/ld+json\" class=\"yoast-schema-graph\">{\"@context\":\"https:\\\/\\\/schema.org\",\"@graph\":[{\"@type\":\"WebPage\",\"@id\":\"https:\\\/\\\/www.comprarmejor.es\\\/en\\\/product\\\/syllabus-sacraments-c-1488-paperback\\\/\",\"url\":\"https:\\\/\\\/www.comprarmejor.es\\\/en\\\/product\\\/syllabus-sacraments-c-1488-paperback\\\/\",\"name\":\"The Handbook of Sacraments and Other Blessings with doctrinal points\",\"isPartOf\":{\"@id\":\"https:\\\/\\\/www.comprarmejor.es\\\/en\\\/#website\"},\"primaryImageOfPage\":{\"@id\":\"https:\\\/\\\/www.comprarmejor.es\\\/en\\\/product\\\/syllabus-sacraments-c-1488-paperback\\\/#primaryimage\"},\"image\":{\"@id\":\"https:\\\/\\\/www.comprarmejor.es\\\/en\\\/product\\\/syllabus-sacraments-c-1488-paperback\\\/#primaryimage\"},\"thumbnailUrl\":\"https:\\\/\\\/www.comprarmejor.es\\\/wp-content\\\/uploads\\\/2016\\\/01\\\/p_2_5_2_9_2529-Prontuario-de-Sacramentos...-c.-1488-edicion-economica.jpg\",\"datePublished\":\"2016-01-17T10:49:52+00:00\",\"dateModified\":\"2021-01-25T12:17:18+00:00\",\"description\":\"The Handbook of Sacraments and Other Blessings with doctrinal points, is a beautiful codex, exponent of religiosity of his time and used,\",\"breadcrumb\":{\"@id\":\"https:\\\/\\\/www.comprarmejor.es\\\/en\\\/product\\\/syllabus-sacraments-c-1488-paperback\\\/#breadcrumb\"},\"inLanguage\":\"en-US\",\"potentialAction\":[{\"@type\":\"ReadAction\",\"target\":[\"https:\\\/\\\/www.comprarmejor.es\\\/en\\\/product\\\/syllabus-sacraments-c-1488-paperback\\\/\"]}]},{\"@type\":\"ImageObject\",\"inLanguage\":\"en-US\",\"@id\":\"https:\\\/\\\/www.comprarmejor.es\\\/en\\\/product\\\/syllabus-sacraments-c-1488-paperback\\\/#primaryimage\",\"url\":\"https:\\\/\\\/www.comprarmejor.es\\\/wp-content\\\/uploads\\\/2016\\\/01\\\/p_2_5_2_9_2529-Prontuario-de-Sacramentos...-c.-1488-edicion-economica.jpg\",\"contentUrl\":\"https:\\\/\\\/www.comprarmejor.es\\\/wp-content\\\/uploads\\\/2016\\\/01\\\/p_2_5_2_9_2529-Prontuario-de-Sacramentos...-c.-1488-edicion-economica.jpg\",\"width\":335,\"height\":595},{\"@type\":\"BreadcrumbList\",\"@id\":\"https:\\\/\\\/www.comprarmejor.es\\\/en\\\/product\\\/syllabus-sacraments-c-1488-paperback\\\/#breadcrumb\",\"itemListElement\":[{\"@type\":\"ListItem\",\"position\":1,\"name\":\"Portada\",\"item\":\"https:\\\/\\\/www.comprarmejor.es\\\/en\\\/\"},{\"@type\":\"ListItem\",\"position\":2,\"name\":\"Shop\",\"item\":\"https:\\\/\\\/www.comprarmejor.es\\\/en\\\/shop\\\/\"},{\"@type\":\"ListItem\",\"position\":3,\"name\":\"Syllabus Sacraments &#8230;, c. 1488 (paperback)\"}]},{\"@type\":\"WebSite\",\"@id\":\"https:\\\/\\\/www.comprarmejor.es\\\/en\\\/#website\",\"url\":\"https:\\\/\\\/www.comprarmejor.es\\\/en\\\/\",\"name\":\"ComprarMejor\",\"description\":\"ComprarMejor\",\"publisher\":{\"@id\":\"https:\\\/\\\/www.comprarmejor.es\\\/en\\\/#organization\"},\"potentialAction\":[{\"@type\":\"SearchAction\",\"target\":{\"@type\":\"EntryPoint\",\"urlTemplate\":\"https:\\\/\\\/www.comprarmejor.es\\\/en\\\/?s={search_term_string}\"},\"query-input\":{\"@type\":\"PropertyValueSpecification\",\"valueRequired\":true,\"valueName\":\"search_term_string\"}}],\"inLanguage\":\"en-US\"},{\"@type\":\"Organization\",\"@id\":\"https:\\\/\\\/www.comprarmejor.es\\\/en\\\/#organization\",\"name\":\"COMPRAR MEJOR\",\"url\":\"https:\\\/\\\/www.comprarmejor.es\\\/en\\\/\",\"logo\":{\"@type\":\"ImageObject\",\"inLanguage\":\"en-US\",\"@id\":\"https:\\\/\\\/www.comprarmejor.es\\\/en\\\/#\\\/schema\\\/logo\\\/image\\\/\",\"url\":\"https:\\\/\\\/www.comprarmejor.es\\\/wp-content\\\/uploads\\\/2025\\\/09\\\/comprarmejortrinidad.jpg\",\"contentUrl\":\"https:\\\/\\\/www.comprarmejor.es\\\/wp-content\\\/uploads\\\/2025\\\/09\\\/comprarmejortrinidad.jpg\",\"width\":1022,\"height\":1380,\"caption\":\"COMPRAR MEJOR\"},\"image\":{\"@id\":\"https:\\\/\\\/www.comprarmejor.es\\\/en\\\/#\\\/schema\\\/logo\\\/image\\\/\"},\"sameAs\":[\"https:\\\/\\\/www.instagram.com\\\/amigosdelcodice\"]}]}<\/script>\n<!-- \/ Yoast SEO plugin. -->","yoast_head_json":{"title":"The Handbook of Sacraments and Other Blessings with doctrinal points","description":"The Handbook of Sacraments and Other Blessings with doctrinal points, is a beautiful codex, exponent of religiosity of his time and used,","robots":{"index":"index","follow":"follow","max-snippet":"max-snippet:-1","max-image-preview":"max-image-preview:large","max-video-preview":"max-video-preview:-1"},"canonical":"https:\/\/www.comprarmejor.es\/en\/product\/syllabus-sacraments-c-1488-paperback\/","og_locale":"en_US","og_type":"article","og_title":"The Handbook of Sacraments and Other Blessings with doctrinal points","og_description":"The Handbook of Sacraments and Other Blessings with doctrinal points, is a beautiful codex, exponent of religiosity of his time and used,","og_url":"https:\/\/www.comprarmejor.es\/en\/product\/syllabus-sacraments-c-1488-paperback\/","og_site_name":"ComprarMejor","article_modified_time":"2021-01-25T12:17:18+00:00","og_image":[{"width":335,"height":595,"url":"https:\/\/www.comprarmejor.es\/wp-content\/uploads\/2016\/01\/p_2_5_2_9_2529-Prontuario-de-Sacramentos...-c.-1488-edicion-economica.jpg","type":"image\/jpeg"}],"twitter_card":"summary_large_image","twitter_misc":{"Est. reading time":"4 minutes"},"schema":{"@context":"https:\/\/schema.org","@graph":[{"@type":"WebPage","@id":"https:\/\/www.comprarmejor.es\/en\/product\/syllabus-sacraments-c-1488-paperback\/","url":"https:\/\/www.comprarmejor.es\/en\/product\/syllabus-sacraments-c-1488-paperback\/","name":"The Handbook of Sacraments and Other Blessings with doctrinal points","isPartOf":{"@id":"https:\/\/www.comprarmejor.es\/en\/#website"},"primaryImageOfPage":{"@id":"https:\/\/www.comprarmejor.es\/en\/product\/syllabus-sacraments-c-1488-paperback\/#primaryimage"},"image":{"@id":"https:\/\/www.comprarmejor.es\/en\/product\/syllabus-sacraments-c-1488-paperback\/#primaryimage"},"thumbnailUrl":"https:\/\/www.comprarmejor.es\/wp-content\/uploads\/2016\/01\/p_2_5_2_9_2529-Prontuario-de-Sacramentos...-c.-1488-edicion-economica.jpg","datePublished":"2016-01-17T10:49:52+00:00","dateModified":"2021-01-25T12:17:18+00:00","description":"The Handbook of Sacraments and Other Blessings with doctrinal points, is a beautiful codex, exponent of religiosity of his time and used,","breadcrumb":{"@id":"https:\/\/www.comprarmejor.es\/en\/product\/syllabus-sacraments-c-1488-paperback\/#breadcrumb"},"inLanguage":"en-US","potentialAction":[{"@type":"ReadAction","target":["https:\/\/www.comprarmejor.es\/en\/product\/syllabus-sacraments-c-1488-paperback\/"]}]},{"@type":"ImageObject","inLanguage":"en-US","@id":"https:\/\/www.comprarmejor.es\/en\/product\/syllabus-sacraments-c-1488-paperback\/#primaryimage","url":"https:\/\/www.comprarmejor.es\/wp-content\/uploads\/2016\/01\/p_2_5_2_9_2529-Prontuario-de-Sacramentos...-c.-1488-edicion-economica.jpg","contentUrl":"https:\/\/www.comprarmejor.es\/wp-content\/uploads\/2016\/01\/p_2_5_2_9_2529-Prontuario-de-Sacramentos...-c.-1488-edicion-economica.jpg","width":335,"height":595},{"@type":"BreadcrumbList","@id":"https:\/\/www.comprarmejor.es\/en\/product\/syllabus-sacraments-c-1488-paperback\/#breadcrumb","itemListElement":[{"@type":"ListItem","position":1,"name":"Portada","item":"https:\/\/www.comprarmejor.es\/en\/"},{"@type":"ListItem","position":2,"name":"Shop","item":"https:\/\/www.comprarmejor.es\/en\/shop\/"},{"@type":"ListItem","position":3,"name":"Syllabus Sacraments &#8230;, c. 1488 (paperback)"}]},{"@type":"WebSite","@id":"https:\/\/www.comprarmejor.es\/en\/#website","url":"https:\/\/www.comprarmejor.es\/en\/","name":"ComprarMejor","description":"ComprarMejor","publisher":{"@id":"https:\/\/www.comprarmejor.es\/en\/#organization"},"potentialAction":[{"@type":"SearchAction","target":{"@type":"EntryPoint","urlTemplate":"https:\/\/www.comprarmejor.es\/en\/?s={search_term_string}"},"query-input":{"@type":"PropertyValueSpecification","valueRequired":true,"valueName":"search_term_string"}}],"inLanguage":"en-US"},{"@type":"Organization","@id":"https:\/\/www.comprarmejor.es\/en\/#organization","name":"COMPRAR MEJOR","url":"https:\/\/www.comprarmejor.es\/en\/","logo":{"@type":"ImageObject","inLanguage":"en-US","@id":"https:\/\/www.comprarmejor.es\/en\/#\/schema\/logo\/image\/","url":"https:\/\/www.comprarmejor.es\/wp-content\/uploads\/2025\/09\/comprarmejortrinidad.jpg","contentUrl":"https:\/\/www.comprarmejor.es\/wp-content\/uploads\/2025\/09\/comprarmejortrinidad.jpg","width":1022,"height":1380,"caption":"COMPRAR MEJOR"},"image":{"@id":"https:\/\/www.comprarmejor.es\/en\/#\/schema\/logo\/image\/"},"sameAs":["https:\/\/www.instagram.com\/amigosdelcodice"]}]}},"_links":{"self":[{"href":"https:\/\/www.comprarmejor.es\/en\/wp-json\/wp\/v2\/product\/51677","targetHints":{"allow":["GET"]}}],"collection":[{"href":"https:\/\/www.comprarmejor.es\/en\/wp-json\/wp\/v2\/product"}],"about":[{"href":"https:\/\/www.comprarmejor.es\/en\/wp-json\/wp\/v2\/types\/product"}],"wp:featuredmedia":[{"embeddable":true,"href":"https:\/\/www.comprarmejor.es\/en\/wp-json\/wp\/v2\/media\/51659"}],"wp:attachment":[{"href":"https:\/\/www.comprarmejor.es\/en\/wp-json\/wp\/v2\/media?parent=51677"}],"wp:term":[{"taxonomy":"product_brand","embeddable":true,"href":"https:\/\/www.comprarmejor.es\/en\/wp-json\/wp\/v2\/product_brand?post=51677"},{"taxonomy":"product_cat","embeddable":true,"href":"https:\/\/www.comprarmejor.es\/en\/wp-json\/wp\/v2\/product_cat?post=51677"},{"taxonomy":"product_tag","embeddable":true,"href":"https:\/\/www.comprarmejor.es\/en\/wp-json\/wp\/v2\/product_tag?post=51677"}],"curies":[{"name":"wp","href":"https:\/\/api.w.org\/{rel}","templated":true}]}}