{"id":51699,"date":"2016-01-17T12:53:24","date_gmt":"2016-01-17T11:53:24","guid":{"rendered":"https:\/\/www.comprarmejor.es\/producto\/sphaerae-coelestis-et-planetarum-descriptio-de-sphaera-sphere-c-1470-2\/"},"modified":"2019-09-11T11:17:35","modified_gmt":"2019-09-11T09:17:35","slug":"sphaerae-coelestis-et-planetarum-descriptio-de-sphaera-sphere-c-1470-2","status":"publish","type":"product","link":"https:\/\/www.comprarmejor.es\/en\/product\/sphaerae-coelestis-et-planetarum-descriptio-de-sphaera-sphere-c-1470-2\/","title":{"rendered":"Sphaerae coelestis et planetarum descriptio (De Sphaera) &#8211; Sphere. c. 1470 *****"},"content":{"rendered":"<p style=\"text-align:justify;\"><span id=\"result_box\" lang=\"en\" xml:lang=\"en\"><span title=\"Peso total: 3,8 kg.\"><span lang=\"en\" xml:lang=\"en\"><strong><span title=\"Ejemplar correspondiente a la edici\u00f3n de 2016, distribuida en Espa\u00f1a por la editorial Patrimonio.\">Exemplary corresponding to the 2016 edition, distributed in Spain by the publishing Heritage. <\/span><\/strong><span title=\"Gran libro estudio en italiano y otro peque\u00f1o en espa\u00f1ol.\"><strong>Great book study in Italian and another small Spanish.<\/strong> <span lang=\"en\" xml:lang=\"en\"><span title=\"\u00a1Un 5 estrellas en toda gran Biblioteca!\">A 5 star hotel in every great library!<\/span><\/span><\/p>\n<p><\/span><span title=\"Escenas de la vida diaria del primer Renacimiento.\">Scenes of daily life of the early Renaissance. <\/span><span title=\"La imagen del mundo cient\u00edfico del Renacimiento.\">The image of the scientific world of the Renaissance. <\/span><span title=\"Espl\u00e9ndida obra de arte y documento precioso de la cultura hist\u00f3rica.\">Superb artwork and precious document of historical culture. <\/span><span title=\"\u00c9stas y otras frases se le han dedicado al c\u00f3dice titulado De Sphaera, creado hacia 1470. Est\u00e1 considerado como el libro de astrolog\u00eda mejor ilustrado del Renacimiento.\">These and other phrases have been dedicated to the codex entitled De Sphaera, created around 1470. It is considered the best astrology book illustrated the Renaissance.<\/p>\n<p><\/span><span title=\"Durante mucho tiempo no se conoc\u00eda ni el t\u00edtulo ni el autor de esta bella obra maestra.\">For a long time neither the title nor the author of this beautiful masterpiece was not known. <\/span><span title=\"Hoy se sabe que el autor de las impresionantes miniaturas es Christoforo de Predis, quien coloca una mirada sobre distintos \u00e1mbitos de la vida diaria del Renacimiento.\">Today we know that the author of the stunning miniatures is Christoforo de Predis, who places a look at different areas of daily life of the Renaissance. <\/span><span title=\"Las escenas se articulan en torno al tema central de la obra: los planetas.\">The scenes revolve around the central theme of the play: the planets. <\/span><span title=\"La Astrolog\u00eda fue una de las m\u00e1s antiguas ciencias.\">Astrology was one of the oldest sciences. <\/span><span title=\"Se ignora sus or\u00edgenes, sobre el principio de su historia hecha de poes\u00eda y magia, de mitos y leyendas fascinantes, de leyes matem\u00e1ticas, investigaciones y descubrimientos.\">its origins are unknown, about the beginning of its history made of poetry and magic, myths and legends, mathematical laws, research and discoveries. <\/span><span title=\"Se les persuad\u00eda de que las estrellas y la luna eran el origen de fuerzas misteriosas que determinaban fen\u00f3menos naturales como el paso del d\u00eda por noche y tambi\u00e9n, los eclipses del sol y luna, el ciclo de las cuatro estaciones y de las mareas.\">They are persuaded that the stars and the moon were the source of mysterious forces that determined natural phenomena such as the passage of day and night, eclipses of the sun and moon, the cycle of the four seasons and the tides. <\/span><span title=\"Anunciados por la posici\u00f3n de las estrellas, todos estos fen\u00f3menos se repet\u00edan peri\u00f3dicamente.\">Announced by the position of the stars, all these phenomena were repeated periodically. <\/span><span title=\"A lo largo de la historia del hombre, el cielo y sus secretos ocuparon a los m\u00e1s grandes cient\u00edficos de su tiempo.\">Throughout the history of man, the sky and its secrets occupied the greatest scientists of his time.<\/p>\n<p><\/span><span title=\"El manuscrito De Sphaera contiene 15 miniaturas suntuosas cada una de las cuales ocupan una p\u00e1gina entera.\">De Sphaera manuscript contains 15 lavish miniatures each of which occupy an entire page. <\/span><span title=\"Representan los planetas que despu\u00e9s de las concepciones del tiempo, giran alrededor de la Tierra, a saber Saturno, J\u00fapiter, Marte, Sol, Venus, Mercurio y la Luna.\">Represent the planets after the conceptions of time, revolve around the Earth, namely Saturn, Jupiter, Mars, Sun, Venus, Mercury and the Moon. <\/span><span title=\"Las tarjetas astron\u00f3micas presentan tambi\u00e9n las relaciones entre la esfera de la Tierra y la esfera del cielo as\u00ed como las explicaciones sobre las fases de la Luna y los datos clim\u00e1ticos.\">Astronomical cards also show the relationship between the sphere of the Earth and the sky sphere as well as explanations on the phases of the Moon and climate data. <\/span><span title=\"Se yuxtapone cada planeta a una constelaci\u00f3n, as\u00ed que a dos vistas excepcionales de paisajes, ciudades o espacios interiores realizados de manera muy realista.\">each planet is juxtaposed to a constellation, so two exceptional views of landscapes, cities or interior spaces made very realistically.<\/p>\n<p><\/span><span title=\"La primera edici\u00f3n facs\u00edmile de 1995, numerada y limitada a 980 ejemplares, se encuentra agotada.\">The first facsimile edition of 1995 numbered and limited to 980 copies, is exhausted. <\/span><span title=\"Las 32 p\u00e1ginas del manuscrito iluminado en formato de 24,5 x 17 cms., incluidos en total 15 miniaturas, 9 dibujos astron\u00f3micos y un cuadro clim\u00e1tico, todo ello reproducido fielmente al original.\">The 32-page illuminated manuscript format 24.5 x 17 cm., Included a total of 15 miniatures 9 astronomical drawings and a climatic box, all faithfully reproduced the original. <\/span><span title=\"La encuadernaci\u00f3n de cuero roja de producci\u00f3n artesanal est\u00e1 dotada con los escudos de armas de los Sforza y Visconti.\">Red leather bookbinding craft production is equipped with the coats of arms of the Sforza and Visconti.<\/p>\n<p><\/span><span title=\"La editorial italiana ha realizado en 2016 una segunda edici\u00f3n de este extraordinario c\u00f3dice, realizada con los avances tecnol\u00f3gicos m\u00e1s modernos.\">Italian publisher has made in 2016 a second edition of this extraordinary codex, made with the latest technological advances. <\/span><span title=\"El facs\u00edmile del c\u00f3dice se presenta en una bolsa de terciopelo fino, a la antigua usanza, y se regala igualmente un estuche expositor de metacrilato.\">The facsimile of the codex is presented in a fine velvet bag, old-fashioned, and also gives a display case methacrylate. <\/span><span title=\"El libro estudio en italiano se ha ampliado y mejorado.\">The book Italian study has been expanded and improved. <\/span><span title=\"Se acompa\u00f1a tambi\u00e9n de un peque\u00f1o libreto estudio en espa\u00f1ol.\">It is also accompanied by a small booklet study Spanish.<\/span><\/span><\/p>\n<p><\/span><span title=\"Gastos de env\u00edo por cuenta del comprador seg\u00fan pedido y destino.\">Shipping by the buyer to order and destination.\u00a0<\/span><span title=\"Cons\u00faltenos cualquier duda, as\u00ed como por cualquier otro art\u00edculo que est\u00e9 buscando.\"><a class=\"btn btn-default\" href=\"https:\/\/comprarmejor.es\/en\/contact\">Ask us<\/a> any questions <span lang=\"en\" xml:lang=\"en\"><span title=\"Cons\u00faltenos cualquier duda, as\u00ed como por cualquier otro facs\u00edmile o art\u00edculo que est\u00e9 buscando.\">and facsimile or any other item that is looking for.<\/span><\/span><\/span><\/span><\/p>\n","protected":false},"excerpt":{"rendered":"<p style=\"text-align:justify;\"><span id=\"result_box\" lang=\"en\" xml:lang=\"en\"><span title=\"Durante principios de 2013 el Diario Sur de M\u00e1laga edit\u00f3 41 fasc\u00edculos sobre la Semana Santa de M\u00e1laga, en conmemoraci\u00f3n de los 75 a\u00f1os de la Agrupaci\u00f3n de Cofrad\u00edas de Semana Santa de M\u00e1laga.\"><span lang=\"en\" xml:lang=\"en\"><span title=\"\u00c9stas y otras frases se le han dedicado al c\u00f3dice titulado De Sphaera, creado hacia 1470. Est\u00e1 considerado como el libro de astrolog\u00eda mejor ilustrado del Renacimiento.\"><span lang=\"en\" xml:lang=\"en\">This facsimile is part of the <strong>Spectacular Library<\/strong>.<br \/>Scenes from the daily life of the first Renaissance. The image of the scientific world of the Renaissance. Splendid work of art and precious document of historical culture. Considered the best illustrated book of astrology of the Renaissance.<\/span><\/span><\/span><\/span><\/span><\/p>\n","protected":false},"featured_media":51689,"template":"","meta":[],"product_brand":[],"product_cat":[2250,2200],"product_tag":[4593,4196,4594],"class_list":{"0":"post-51699","1":"product","2":"type-product","3":"status-publish","4":"has-post-thumbnail","6":"product_cat-other-facsimiles","7":"product_cat-spectacular-library","8":"product_tag-il-bulino-en-2","9":"product_tag-patrimonio-en","10":"product_tag-sphaera-en","11":"product_shipping_class-from-2-to-5-kg","12":"description-off","14":"first","15":"instock","16":"sale","17":"taxable","18":"shipping-taxable","19":"purchasable","20":"product-type-simple"},"yoast_head":"<!-- This site is optimized with the Yoast SEO plugin v27.3 - https:\/\/yoast.com\/product\/yoast-seo-wordpress\/ -->\n<title>Sphaerae coelestis et planetarum descriptio (De Sphaera) - Sphere.<\/title>\n<meta name=\"description\" content=\"Exemplary corresponding to the 2016 edition, distributed in Spain by the publishing Heritage. Great book study in Italian and another small Spanish.\" \/>\n<meta name=\"robots\" content=\"index, follow, max-snippet:-1, max-image-preview:large, max-video-preview:-1\" \/>\n<link rel=\"canonical\" href=\"https:\/\/www.comprarmejor.es\/en\/product\/sphaerae-coelestis-et-planetarum-descriptio-de-sphaera-sphere-c-1470-2\/\" \/>\n<meta property=\"og:locale\" content=\"en_US\" \/>\n<meta property=\"og:type\" content=\"article\" \/>\n<meta property=\"og:title\" content=\"Sphaerae coelestis et planetarum descriptio (De Sphaera) - Sphere.\" \/>\n<meta property=\"og:description\" content=\"Exemplary corresponding to the 2016 edition, distributed in Spain by the publishing Heritage. Great book study in Italian and another small Spanish.\" \/>\n<meta property=\"og:url\" content=\"https:\/\/www.comprarmejor.es\/en\/product\/sphaerae-coelestis-et-planetarum-descriptio-de-sphaera-sphere-c-1470-2\/\" \/>\n<meta property=\"og:site_name\" content=\"ComprarMejor\" \/>\n<meta property=\"article:modified_time\" content=\"2019-09-11T09:17:35+00:00\" \/>\n<meta property=\"og:image\" content=\"https:\/\/www.comprarmejor.es\/wp-content\/uploads\/2016\/01\/p_6_0_1_8_6018-Sphaerae-coelestis-et-planetarum-descriptio-De-Sphaera-La-Esfera.-c.-1470.jpg\" \/>\n\t<meta property=\"og:image:width\" content=\"600\" \/>\n\t<meta property=\"og:image:height\" content=\"349\" \/>\n\t<meta property=\"og:image:type\" content=\"image\/jpeg\" \/>\n<meta name=\"twitter:card\" content=\"summary_large_image\" \/>\n<meta name=\"twitter:label1\" content=\"Est. reading time\" \/>\n\t<meta name=\"twitter:data1\" content=\"2 minutes\" \/>\n<script type=\"application\/ld+json\" class=\"yoast-schema-graph\">{\"@context\":\"https:\\\/\\\/schema.org\",\"@graph\":[{\"@type\":\"WebPage\",\"@id\":\"https:\\\/\\\/www.comprarmejor.es\\\/en\\\/product\\\/sphaerae-coelestis-et-planetarum-descriptio-de-sphaera-sphere-c-1470-2\\\/\",\"url\":\"https:\\\/\\\/www.comprarmejor.es\\\/en\\\/product\\\/sphaerae-coelestis-et-planetarum-descriptio-de-sphaera-sphere-c-1470-2\\\/\",\"name\":\"Sphaerae coelestis et planetarum descriptio (De Sphaera) - Sphere.\",\"isPartOf\":{\"@id\":\"https:\\\/\\\/www.comprarmejor.es\\\/en\\\/#website\"},\"primaryImageOfPage\":{\"@id\":\"https:\\\/\\\/www.comprarmejor.es\\\/en\\\/product\\\/sphaerae-coelestis-et-planetarum-descriptio-de-sphaera-sphere-c-1470-2\\\/#primaryimage\"},\"image\":{\"@id\":\"https:\\\/\\\/www.comprarmejor.es\\\/en\\\/product\\\/sphaerae-coelestis-et-planetarum-descriptio-de-sphaera-sphere-c-1470-2\\\/#primaryimage\"},\"thumbnailUrl\":\"https:\\\/\\\/www.comprarmejor.es\\\/wp-content\\\/uploads\\\/2016\\\/01\\\/p_6_0_1_8_6018-Sphaerae-coelestis-et-planetarum-descriptio-De-Sphaera-La-Esfera.-c.-1470.jpg\",\"datePublished\":\"2016-01-17T11:53:24+00:00\",\"dateModified\":\"2019-09-11T09:17:35+00:00\",\"description\":\"Exemplary corresponding to the 2016 edition, distributed in Spain by the publishing Heritage. Great book study in Italian and another small Spanish.\",\"breadcrumb\":{\"@id\":\"https:\\\/\\\/www.comprarmejor.es\\\/en\\\/product\\\/sphaerae-coelestis-et-planetarum-descriptio-de-sphaera-sphere-c-1470-2\\\/#breadcrumb\"},\"inLanguage\":\"en-US\",\"potentialAction\":[{\"@type\":\"ReadAction\",\"target\":[\"https:\\\/\\\/www.comprarmejor.es\\\/en\\\/product\\\/sphaerae-coelestis-et-planetarum-descriptio-de-sphaera-sphere-c-1470-2\\\/\"]}]},{\"@type\":\"ImageObject\",\"inLanguage\":\"en-US\",\"@id\":\"https:\\\/\\\/www.comprarmejor.es\\\/en\\\/product\\\/sphaerae-coelestis-et-planetarum-descriptio-de-sphaera-sphere-c-1470-2\\\/#primaryimage\",\"url\":\"https:\\\/\\\/www.comprarmejor.es\\\/wp-content\\\/uploads\\\/2016\\\/01\\\/p_6_0_1_8_6018-Sphaerae-coelestis-et-planetarum-descriptio-De-Sphaera-La-Esfera.-c.-1470.jpg\",\"contentUrl\":\"https:\\\/\\\/www.comprarmejor.es\\\/wp-content\\\/uploads\\\/2016\\\/01\\\/p_6_0_1_8_6018-Sphaerae-coelestis-et-planetarum-descriptio-De-Sphaera-La-Esfera.-c.-1470.jpg\",\"width\":600,\"height\":349},{\"@type\":\"BreadcrumbList\",\"@id\":\"https:\\\/\\\/www.comprarmejor.es\\\/en\\\/product\\\/sphaerae-coelestis-et-planetarum-descriptio-de-sphaera-sphere-c-1470-2\\\/#breadcrumb\",\"itemListElement\":[{\"@type\":\"ListItem\",\"position\":1,\"name\":\"Portada\",\"item\":\"https:\\\/\\\/www.comprarmejor.es\\\/en\\\/\"},{\"@type\":\"ListItem\",\"position\":2,\"name\":\"Shop\",\"item\":\"https:\\\/\\\/www.comprarmejor.es\\\/en\\\/shop\\\/\"},{\"@type\":\"ListItem\",\"position\":3,\"name\":\"Sphaerae coelestis et planetarum descriptio (De Sphaera) &#8211; Sphere. c. 1470 *****\"}]},{\"@type\":\"WebSite\",\"@id\":\"https:\\\/\\\/www.comprarmejor.es\\\/en\\\/#website\",\"url\":\"https:\\\/\\\/www.comprarmejor.es\\\/en\\\/\",\"name\":\"ComprarMejor\",\"description\":\"ComprarMejor\",\"publisher\":{\"@id\":\"https:\\\/\\\/www.comprarmejor.es\\\/en\\\/#organization\"},\"potentialAction\":[{\"@type\":\"SearchAction\",\"target\":{\"@type\":\"EntryPoint\",\"urlTemplate\":\"https:\\\/\\\/www.comprarmejor.es\\\/en\\\/?s={search_term_string}\"},\"query-input\":{\"@type\":\"PropertyValueSpecification\",\"valueRequired\":true,\"valueName\":\"search_term_string\"}}],\"inLanguage\":\"en-US\"},{\"@type\":\"Organization\",\"@id\":\"https:\\\/\\\/www.comprarmejor.es\\\/en\\\/#organization\",\"name\":\"COMPRAR MEJOR\",\"url\":\"https:\\\/\\\/www.comprarmejor.es\\\/en\\\/\",\"logo\":{\"@type\":\"ImageObject\",\"inLanguage\":\"en-US\",\"@id\":\"https:\\\/\\\/www.comprarmejor.es\\\/en\\\/#\\\/schema\\\/logo\\\/image\\\/\",\"url\":\"https:\\\/\\\/www.comprarmejor.es\\\/wp-content\\\/uploads\\\/2025\\\/09\\\/comprarmejortrinidad.jpg\",\"contentUrl\":\"https:\\\/\\\/www.comprarmejor.es\\\/wp-content\\\/uploads\\\/2025\\\/09\\\/comprarmejortrinidad.jpg\",\"width\":1022,\"height\":1380,\"caption\":\"COMPRAR MEJOR\"},\"image\":{\"@id\":\"https:\\\/\\\/www.comprarmejor.es\\\/en\\\/#\\\/schema\\\/logo\\\/image\\\/\"},\"sameAs\":[\"https:\\\/\\\/www.instagram.com\\\/amigosdelcodice\"]}]}<\/script>\n<!-- \/ Yoast SEO plugin. -->","yoast_head_json":{"title":"Sphaerae coelestis et planetarum descriptio (De Sphaera) - Sphere.","description":"Exemplary corresponding to the 2016 edition, distributed in Spain by the publishing Heritage. Great book study in Italian and another small Spanish.","robots":{"index":"index","follow":"follow","max-snippet":"max-snippet:-1","max-image-preview":"max-image-preview:large","max-video-preview":"max-video-preview:-1"},"canonical":"https:\/\/www.comprarmejor.es\/en\/product\/sphaerae-coelestis-et-planetarum-descriptio-de-sphaera-sphere-c-1470-2\/","og_locale":"en_US","og_type":"article","og_title":"Sphaerae coelestis et planetarum descriptio (De Sphaera) - Sphere.","og_description":"Exemplary corresponding to the 2016 edition, distributed in Spain by the publishing Heritage. Great book study in Italian and another small Spanish.","og_url":"https:\/\/www.comprarmejor.es\/en\/product\/sphaerae-coelestis-et-planetarum-descriptio-de-sphaera-sphere-c-1470-2\/","og_site_name":"ComprarMejor","article_modified_time":"2019-09-11T09:17:35+00:00","og_image":[{"width":600,"height":349,"url":"https:\/\/www.comprarmejor.es\/wp-content\/uploads\/2016\/01\/p_6_0_1_8_6018-Sphaerae-coelestis-et-planetarum-descriptio-De-Sphaera-La-Esfera.-c.-1470.jpg","type":"image\/jpeg"}],"twitter_card":"summary_large_image","twitter_misc":{"Est. reading time":"2 minutes"},"schema":{"@context":"https:\/\/schema.org","@graph":[{"@type":"WebPage","@id":"https:\/\/www.comprarmejor.es\/en\/product\/sphaerae-coelestis-et-planetarum-descriptio-de-sphaera-sphere-c-1470-2\/","url":"https:\/\/www.comprarmejor.es\/en\/product\/sphaerae-coelestis-et-planetarum-descriptio-de-sphaera-sphere-c-1470-2\/","name":"Sphaerae coelestis et planetarum descriptio (De Sphaera) - Sphere.","isPartOf":{"@id":"https:\/\/www.comprarmejor.es\/en\/#website"},"primaryImageOfPage":{"@id":"https:\/\/www.comprarmejor.es\/en\/product\/sphaerae-coelestis-et-planetarum-descriptio-de-sphaera-sphere-c-1470-2\/#primaryimage"},"image":{"@id":"https:\/\/www.comprarmejor.es\/en\/product\/sphaerae-coelestis-et-planetarum-descriptio-de-sphaera-sphere-c-1470-2\/#primaryimage"},"thumbnailUrl":"https:\/\/www.comprarmejor.es\/wp-content\/uploads\/2016\/01\/p_6_0_1_8_6018-Sphaerae-coelestis-et-planetarum-descriptio-De-Sphaera-La-Esfera.-c.-1470.jpg","datePublished":"2016-01-17T11:53:24+00:00","dateModified":"2019-09-11T09:17:35+00:00","description":"Exemplary corresponding to the 2016 edition, distributed in Spain by the publishing Heritage. Great book study in Italian and another small Spanish.","breadcrumb":{"@id":"https:\/\/www.comprarmejor.es\/en\/product\/sphaerae-coelestis-et-planetarum-descriptio-de-sphaera-sphere-c-1470-2\/#breadcrumb"},"inLanguage":"en-US","potentialAction":[{"@type":"ReadAction","target":["https:\/\/www.comprarmejor.es\/en\/product\/sphaerae-coelestis-et-planetarum-descriptio-de-sphaera-sphere-c-1470-2\/"]}]},{"@type":"ImageObject","inLanguage":"en-US","@id":"https:\/\/www.comprarmejor.es\/en\/product\/sphaerae-coelestis-et-planetarum-descriptio-de-sphaera-sphere-c-1470-2\/#primaryimage","url":"https:\/\/www.comprarmejor.es\/wp-content\/uploads\/2016\/01\/p_6_0_1_8_6018-Sphaerae-coelestis-et-planetarum-descriptio-De-Sphaera-La-Esfera.-c.-1470.jpg","contentUrl":"https:\/\/www.comprarmejor.es\/wp-content\/uploads\/2016\/01\/p_6_0_1_8_6018-Sphaerae-coelestis-et-planetarum-descriptio-De-Sphaera-La-Esfera.-c.-1470.jpg","width":600,"height":349},{"@type":"BreadcrumbList","@id":"https:\/\/www.comprarmejor.es\/en\/product\/sphaerae-coelestis-et-planetarum-descriptio-de-sphaera-sphere-c-1470-2\/#breadcrumb","itemListElement":[{"@type":"ListItem","position":1,"name":"Portada","item":"https:\/\/www.comprarmejor.es\/en\/"},{"@type":"ListItem","position":2,"name":"Shop","item":"https:\/\/www.comprarmejor.es\/en\/shop\/"},{"@type":"ListItem","position":3,"name":"Sphaerae coelestis et planetarum descriptio (De Sphaera) &#8211; Sphere. c. 1470 *****"}]},{"@type":"WebSite","@id":"https:\/\/www.comprarmejor.es\/en\/#website","url":"https:\/\/www.comprarmejor.es\/en\/","name":"ComprarMejor","description":"ComprarMejor","publisher":{"@id":"https:\/\/www.comprarmejor.es\/en\/#organization"},"potentialAction":[{"@type":"SearchAction","target":{"@type":"EntryPoint","urlTemplate":"https:\/\/www.comprarmejor.es\/en\/?s={search_term_string}"},"query-input":{"@type":"PropertyValueSpecification","valueRequired":true,"valueName":"search_term_string"}}],"inLanguage":"en-US"},{"@type":"Organization","@id":"https:\/\/www.comprarmejor.es\/en\/#organization","name":"COMPRAR MEJOR","url":"https:\/\/www.comprarmejor.es\/en\/","logo":{"@type":"ImageObject","inLanguage":"en-US","@id":"https:\/\/www.comprarmejor.es\/en\/#\/schema\/logo\/image\/","url":"https:\/\/www.comprarmejor.es\/wp-content\/uploads\/2025\/09\/comprarmejortrinidad.jpg","contentUrl":"https:\/\/www.comprarmejor.es\/wp-content\/uploads\/2025\/09\/comprarmejortrinidad.jpg","width":1022,"height":1380,"caption":"COMPRAR MEJOR"},"image":{"@id":"https:\/\/www.comprarmejor.es\/en\/#\/schema\/logo\/image\/"},"sameAs":["https:\/\/www.instagram.com\/amigosdelcodice"]}]}},"_links":{"self":[{"href":"https:\/\/www.comprarmejor.es\/en\/wp-json\/wp\/v2\/product\/51699","targetHints":{"allow":["GET"]}}],"collection":[{"href":"https:\/\/www.comprarmejor.es\/en\/wp-json\/wp\/v2\/product"}],"about":[{"href":"https:\/\/www.comprarmejor.es\/en\/wp-json\/wp\/v2\/types\/product"}],"wp:featuredmedia":[{"embeddable":true,"href":"https:\/\/www.comprarmejor.es\/en\/wp-json\/wp\/v2\/media\/51689"}],"wp:attachment":[{"href":"https:\/\/www.comprarmejor.es\/en\/wp-json\/wp\/v2\/media?parent=51699"}],"wp:term":[{"taxonomy":"product_brand","embeddable":true,"href":"https:\/\/www.comprarmejor.es\/en\/wp-json\/wp\/v2\/product_brand?post=51699"},{"taxonomy":"product_cat","embeddable":true,"href":"https:\/\/www.comprarmejor.es\/en\/wp-json\/wp\/v2\/product_cat?post=51699"},{"taxonomy":"product_tag","embeddable":true,"href":"https:\/\/www.comprarmejor.es\/en\/wp-json\/wp\/v2\/product_tag?post=51699"}],"curies":[{"name":"wp","href":"https:\/\/api.w.org\/{rel}","templated":true}]}}