{"id":51709,"date":"2016-01-17T13:11:43","date_gmt":"2016-01-17T12:11:43","guid":{"rendered":"https:\/\/www.comprarmejor.es\/producto\/the-illustrious-order-of-the-golden-fleece-codex-empress-s-xvi\/"},"modified":"2023-12-20T11:34:38","modified_gmt":"2023-12-20T10:34:38","slug":"the-illustrious-order-of-the-golden-fleece-codex-empress-s-xvi","status":"publish","type":"product","link":"https:\/\/www.comprarmejor.es\/en\/product\/the-illustrious-order-of-the-golden-fleece-codex-empress-s-xvi\/","title":{"rendered":"The Illustrious Order of the Golden Fleece, Codex Empress, s. XVI"},"content":{"rendered":"<p style=\"text-align: justify;\"><span id=\"result_box\" lang=\"en\" xml:lang=\"en\"><span title=\"Peso total: 2,3 kg.\"><span lang=\"en\" xml:lang=\"en\"><span title=\"En el a\u00f1o 1996 se cumplieron los cinco siglos de la vinculaci\u00f3n a la Corona de Espa\u00f1a de la m\u00e1s ilustre, la m\u00e1s famosa Orden de Caballer\u00eda de la Europa occidental: la Insigne Orden del Tois\u00f3n de Oro.\">In 1996 the five centuries of linking met the Crown of Spain&#8217;s most illustrious, the most famous order of chivalry of Western Europe: the Insigne Order of the Golden Fleece.<\/span><\/span><\/span><\/span><\/p>\n<p style=\"text-align: justify;\"><span title=\"Esta Orden de Caballer\u00eda, fundada en 1430 por Felipe el Bueno, Duque de Borgo\u00f1a, cuya h\u00e1bil pol\u00edtica internacional fue famosa y cuya corte fue sin duda la m\u00e1s brillante del oto\u00f1o de la Edad Media, alcanz\u00f3 pronto un prestigio muy grande, siendo c\u00e9lebres sus ceremonias\">This Order of Chivalry, founded in 1430 by Philip the Good, duke of Burgundy, whose skilful international politics were renowned and whose court was undoubtedly the brightest autumn of the Middle Ages, soon reached a very great prestige, being celebrated their ceremonies <\/span><span title=\"fastuosas.\">ostentatious. <\/span><span title=\"Unida la Orden por matrimonio a la casa de Austria, las bodas del archiduque Felipe con la Infanta Do\u00f1a Juana de Castilla, celebradas en 1496, vincular\u00edan para siempre la Orden a la Corona Espa\u00f1ola.\">Order united by marriage to the house of Austria, the marriage of the Archduke Philip with the Infanta Dona Juana de Castilla, held in 1496, would link forever the Order to the Spanish Crown.<\/span><\/p>\n<p style=\"text-align: justify;\"><span title=\"Gracias a esta circunstancia, ya que Espa\u00f1a lleg\u00f3 a ser la primera potencia europea durante los siglos XVI y XVII, el Tois\u00f3n de Oro fue la m\u00e1s preciada y distinguida Orden caballeresca de toda la Cristiandad, prestigio que sin duda se ha mantenido inc\u00f3lume hasta nuestros d\u00edas\">Thanks to this circumstance, since Spain became the first European power during the sixteenth and seventeenth centuries, the Golden Fleece was the most precious and distinguished knightly Order of all Christendom, prestige undoubtedly has remained intact to this day <\/span><span title=\", en que es su Jefe y Soberano Su Majestad el Rey Felipe VI (qdg), como heredero directo de los Duques de Borgo\u00f1a.\">, that is its Head and Sovereign his Majesty the King Felipe VI (qdg), as direct heir of the Dukes of Burgundy.<\/span><\/p>\n<p style=\"text-align: justify;\"><span title=\"por \u00faltimo, la transcripci\u00f3n y traducci\u00f3n de todo el manuscrito.\"><span lang=\"en\" xml:lang=\"en\"><span title=\"Con motivo de conmemorar la aludida solemnidad, en 1998 se realiz\u00f3 por primera vez una edici\u00f3n facs\u00edmile y limitada, del m\u00e1s bello c\u00f3dice de la Orden, el llamado de la Emperatriz, por haber pertenecido a Eugenia de Montijo, esposa de Napole\u00f3n III, y que\">On the occasion of commemorating the aforementioned solemnity, in 1998 a facsimile and limited edition of the most beautiful codex of the Order was made for the first time, the call of the Empress, for having belonged to Eugenia de Montijo, wife of Napoleon III, and <\/span><span title=\"hoy se conserva en el Instituto Valencia de Don Juan, Madrid.\">today it is kept in the Valencia Institute of Don Juan, Madrid.<\/span><\/span><\/span><\/p>\n<p style=\"text-align: justify;\"><span title=\"Caracter\u00edsticas de la edici\u00f3n facs\u00edmile:\">Features of the facsimile edition:<br \/>\n<\/span><span title=\"Formato de 23,5 x 34 cm.\">Format of 23.5 x 34 cm. <\/span><span title=\"264 p\u00e1ginas, de las cuales 62 contienen 207 blasones, 10 con los retratos de los 5 soberanos de la Orden y de sus blasones a p\u00e1gina entera, 5 de retratos a p\u00e1gina entera, 152 p\u00e1ginas de texto conteniendo m\u00e1s de 300 iniciales pintadas en miniaturas de\">264 pages, of which 62 contain 207 blazons, 10 with the portraits of the 5 sovereigns of the Order and their full-page blazons, 5 full-page portraits, 152 pages of text containing more than 300 initials painted in miniatures of <\/span><span title=\"colores y de oro.\">colors and gold.<br \/>\n<\/span><span title=\"Encuadernaci\u00f3n en piel envejecida sobre tabla, reproducci\u00f3n fiel del siglo XVI.\">Binding in aged leather on board, faithful reproduction of the sixteenth century.<br \/>\n<\/span><span title=\"La edici\u00f3n consta de 600 ejemplares con su correspondiente diligencia notarial.\">The edition consists of 600 copies with their corresponding notarial diligence.<br \/>\n<\/span><span title=\"Presentado en un estuche librer\u00eda cerrado, forrado en microfibra azul con dorados en el lomo de apertura, formato 25,5 x 36,5 x 7,5 cm.\">Presented in a closed bookcase, lined in blue microfiber with gold on the spine opening, format 25.5 x 36.5 x 7.5 cm.<\/span><\/p>\n<p style=\"text-align: justify;\"><span title=\"La edici\u00f3n se completa con un libro estudio, textos en espa\u00f1ol e ingl\u00e9s (s\u00f3lo estudio), magn\u00edficamente realizado e ilustrado, conteniendo la historia de la Insigne Orden, un estudio de los emblemas her\u00e1ldicos que el c\u00f3dice reproduce maravillosamente, las biograf\u00edas de los Caballeros de\">The edition is completed with a book study, texts in Spanish and English (only study), magnificently realized and illustrated, containing the history of the Insigne Order, a study of the heraldic emblems that the codex reproduces beautifully, the biographies of the Knights of <\/span><span title=\"la Orden referidos en el c\u00f3dice, un estudio propiamente codicol\u00f3gico y, por \u00faltimo, la transcripci\u00f3n y traducci\u00f3n de todo el manuscrito.\">the Order referred to in the codex, a properly codicological study and, finally, the transcription and translation of the entire manuscript. <\/span><span title=\"Formato 22,5 x 33,5 cm.\">Format 22.5 x 33.5 cm. <\/span><span title=\"372 p\u00e1ginas.\">372 pages.<\/span><\/p>\n<p style=\"text-align: justify;\"><span title=\"Ejemplar completo y en perfecto estado.\">Exemplary complete and in perfect condition.<\/span><\/p>\n<p style=\"text-align: justify;\"><span title=\"Gastos de env\u00edo por cuenta del comprador seg\u00fan pedido y destino.\"><span class=\"HwtZe\" lang=\"en\"><span class=\"jCAhz ChMk0b\"><span class=\"ryNqvb\">Free shipping for this item<\/span><\/span><\/span>. <\/span><span title=\"Cons\u00faltenos cualquier duda, as\u00ed como por cualquier otro art\u00edculo que est\u00e9 buscando.\"><a class=\"btn btn-default\" href=\"https:\/\/www.comprarmejor.es\/en\/contact\">Ask us<\/a> <span class=\"HwtZe\" lang=\"en\"><span class=\"jCAhz ChMk0b\"><span class=\"ryNqvb\">any questions, indicating the article reference.<\/span><\/span><\/span><br \/>\n<\/span><\/p>\n","protected":false},"excerpt":{"rendered":"<p style=\"text-align: justify;\"><span id=\"result_box\" lang=\"en\" xml:lang=\"en\"><span title=\"Durante principios de 2014 el Diario Sur de M\u00e1laga edit\u00f3 41 fasc\u00edculos sobre la Semana Santa de M\u00e1laga, y centr\u00e1ndose m\u00e1s en la parte menos conocida, en esos detalles y an\u00e9cdotas que son desconocidas para gran parte del p\u00fablico.\"><span lang=\"en\" xml:lang=\"en\"><span title=\"En el a\u00f1o 1996 se cumplieron los cinco siglos de la vinculaci\u00f3n a la Corona de Espa\u00f1a de la m\u00e1s ilustre, la m\u00e1s famosa Orden de Caballer\u00eda de la Europa occidental: la Insigne Orden del Tois\u00f3n de Oro.\">In 1996 the five centuries of linking met the Crown of Spain&#8217;s most illustrious, the most famous order of chivalry of Western Europe: the Insigne Order of the Golden Fleece.<\/span><\/span><\/span><\/span><\/p>\n","protected":false},"featured_media":51701,"template":"","meta":[],"product_brand":[],"product_cat":[2250,2220],"product_tag":[5120,3985],"class_list":{"0":"post-51709","1":"product","2":"type-product","3":"status-publish","4":"has-post-thumbnail","6":"product_cat-other-facsimiles","7":"product_cat-special-offers","8":"product_tag-history-en","9":"product_tag-scriptorium-en","10":"description-off","12":"first","13":"instock","14":"sale","15":"taxable","16":"shipping-taxable","17":"purchasable","18":"product-type-simple"},"yoast_head":"<!-- This site is optimized with the Yoast SEO plugin v27.3 - https:\/\/yoast.com\/product\/yoast-seo-wordpress\/ -->\n<title>The Illustrious Order of the Golden Fleece, Codex Empress, s. XVI<\/title>\n<meta name=\"description\" content=\"In 1996 the five centuries of linking met the Crown of Spain&#039;s most illustrious, the most famous order of chivalry: the Insigne Order of the Golden Fleece.\" \/>\n<meta name=\"robots\" content=\"index, follow, max-snippet:-1, max-image-preview:large, max-video-preview:-1\" \/>\n<link rel=\"canonical\" href=\"https:\/\/www.comprarmejor.es\/en\/product\/the-illustrious-order-of-the-golden-fleece-codex-empress-s-xvi\/\" \/>\n<meta property=\"og:locale\" content=\"en_US\" \/>\n<meta property=\"og:type\" content=\"article\" \/>\n<meta property=\"og:title\" content=\"The Illustrious Order of the Golden Fleece, Codex Empress, s. XVI\" \/>\n<meta property=\"og:description\" content=\"In 1996 the five centuries of linking met the Crown of Spain&#039;s most illustrious, the most famous order of chivalry: the Insigne Order of the Golden Fleece.\" \/>\n<meta property=\"og:url\" content=\"https:\/\/www.comprarmejor.es\/en\/product\/the-illustrious-order-of-the-golden-fleece-codex-empress-s-xvi\/\" \/>\n<meta property=\"og:site_name\" content=\"ComprarMejor\" \/>\n<meta property=\"article:modified_time\" content=\"2023-12-20T10:34:38+00:00\" \/>\n<meta property=\"og:image\" content=\"https:\/\/www.comprarmejor.es\/wp-content\/uploads\/2016\/01\/p_6_7_2_7_6727-La-Insigne-Orden-del-Toison-de-Oro-Codice-de-la-Emperatriz-s.-XVI.jpg\" \/>\n\t<meta property=\"og:image:width\" content=\"599\" \/>\n\t<meta property=\"og:image:height\" content=\"449\" \/>\n\t<meta property=\"og:image:type\" content=\"image\/jpeg\" \/>\n<meta name=\"twitter:card\" content=\"summary_large_image\" \/>\n<meta name=\"twitter:label1\" content=\"Est. reading time\" \/>\n\t<meta name=\"twitter:data1\" content=\"2 minutes\" \/>\n<script type=\"application\/ld+json\" class=\"yoast-schema-graph\">{\"@context\":\"https:\\\/\\\/schema.org\",\"@graph\":[{\"@type\":\"WebPage\",\"@id\":\"https:\\\/\\\/www.comprarmejor.es\\\/en\\\/product\\\/the-illustrious-order-of-the-golden-fleece-codex-empress-s-xvi\\\/\",\"url\":\"https:\\\/\\\/www.comprarmejor.es\\\/en\\\/product\\\/the-illustrious-order-of-the-golden-fleece-codex-empress-s-xvi\\\/\",\"name\":\"The Illustrious Order of the Golden Fleece, Codex Empress, s. XVI\",\"isPartOf\":{\"@id\":\"https:\\\/\\\/www.comprarmejor.es\\\/en\\\/#website\"},\"primaryImageOfPage\":{\"@id\":\"https:\\\/\\\/www.comprarmejor.es\\\/en\\\/product\\\/the-illustrious-order-of-the-golden-fleece-codex-empress-s-xvi\\\/#primaryimage\"},\"image\":{\"@id\":\"https:\\\/\\\/www.comprarmejor.es\\\/en\\\/product\\\/the-illustrious-order-of-the-golden-fleece-codex-empress-s-xvi\\\/#primaryimage\"},\"thumbnailUrl\":\"https:\\\/\\\/www.comprarmejor.es\\\/wp-content\\\/uploads\\\/2016\\\/01\\\/p_6_7_2_7_6727-La-Insigne-Orden-del-Toison-de-Oro-Codice-de-la-Emperatriz-s.-XVI.jpg\",\"datePublished\":\"2016-01-17T12:11:43+00:00\",\"dateModified\":\"2023-12-20T10:34:38+00:00\",\"description\":\"In 1996 the five centuries of linking met the Crown of Spain's most illustrious, the most famous order of chivalry: the Insigne Order of the Golden Fleece.\",\"breadcrumb\":{\"@id\":\"https:\\\/\\\/www.comprarmejor.es\\\/en\\\/product\\\/the-illustrious-order-of-the-golden-fleece-codex-empress-s-xvi\\\/#breadcrumb\"},\"inLanguage\":\"en-US\",\"potentialAction\":[{\"@type\":\"ReadAction\",\"target\":[\"https:\\\/\\\/www.comprarmejor.es\\\/en\\\/product\\\/the-illustrious-order-of-the-golden-fleece-codex-empress-s-xvi\\\/\"]}]},{\"@type\":\"ImageObject\",\"inLanguage\":\"en-US\",\"@id\":\"https:\\\/\\\/www.comprarmejor.es\\\/en\\\/product\\\/the-illustrious-order-of-the-golden-fleece-codex-empress-s-xvi\\\/#primaryimage\",\"url\":\"https:\\\/\\\/www.comprarmejor.es\\\/wp-content\\\/uploads\\\/2016\\\/01\\\/p_6_7_2_7_6727-La-Insigne-Orden-del-Toison-de-Oro-Codice-de-la-Emperatriz-s.-XVI.jpg\",\"contentUrl\":\"https:\\\/\\\/www.comprarmejor.es\\\/wp-content\\\/uploads\\\/2016\\\/01\\\/p_6_7_2_7_6727-La-Insigne-Orden-del-Toison-de-Oro-Codice-de-la-Emperatriz-s.-XVI.jpg\",\"width\":599,\"height\":449},{\"@type\":\"BreadcrumbList\",\"@id\":\"https:\\\/\\\/www.comprarmejor.es\\\/en\\\/product\\\/the-illustrious-order-of-the-golden-fleece-codex-empress-s-xvi\\\/#breadcrumb\",\"itemListElement\":[{\"@type\":\"ListItem\",\"position\":1,\"name\":\"Portada\",\"item\":\"https:\\\/\\\/www.comprarmejor.es\\\/en\\\/\"},{\"@type\":\"ListItem\",\"position\":2,\"name\":\"Shop\",\"item\":\"https:\\\/\\\/www.comprarmejor.es\\\/en\\\/shop\\\/\"},{\"@type\":\"ListItem\",\"position\":3,\"name\":\"The Illustrious Order of the Golden Fleece, Codex Empress, s. XVI\"}]},{\"@type\":\"WebSite\",\"@id\":\"https:\\\/\\\/www.comprarmejor.es\\\/en\\\/#website\",\"url\":\"https:\\\/\\\/www.comprarmejor.es\\\/en\\\/\",\"name\":\"ComprarMejor\",\"description\":\"ComprarMejor\",\"publisher\":{\"@id\":\"https:\\\/\\\/www.comprarmejor.es\\\/en\\\/#organization\"},\"potentialAction\":[{\"@type\":\"SearchAction\",\"target\":{\"@type\":\"EntryPoint\",\"urlTemplate\":\"https:\\\/\\\/www.comprarmejor.es\\\/en\\\/?s={search_term_string}\"},\"query-input\":{\"@type\":\"PropertyValueSpecification\",\"valueRequired\":true,\"valueName\":\"search_term_string\"}}],\"inLanguage\":\"en-US\"},{\"@type\":\"Organization\",\"@id\":\"https:\\\/\\\/www.comprarmejor.es\\\/en\\\/#organization\",\"name\":\"COMPRAR MEJOR\",\"url\":\"https:\\\/\\\/www.comprarmejor.es\\\/en\\\/\",\"logo\":{\"@type\":\"ImageObject\",\"inLanguage\":\"en-US\",\"@id\":\"https:\\\/\\\/www.comprarmejor.es\\\/en\\\/#\\\/schema\\\/logo\\\/image\\\/\",\"url\":\"https:\\\/\\\/www.comprarmejor.es\\\/wp-content\\\/uploads\\\/2025\\\/09\\\/comprarmejortrinidad.jpg\",\"contentUrl\":\"https:\\\/\\\/www.comprarmejor.es\\\/wp-content\\\/uploads\\\/2025\\\/09\\\/comprarmejortrinidad.jpg\",\"width\":1022,\"height\":1380,\"caption\":\"COMPRAR MEJOR\"},\"image\":{\"@id\":\"https:\\\/\\\/www.comprarmejor.es\\\/en\\\/#\\\/schema\\\/logo\\\/image\\\/\"},\"sameAs\":[\"https:\\\/\\\/www.instagram.com\\\/amigosdelcodice\"]}]}<\/script>\n<!-- \/ Yoast SEO plugin. -->","yoast_head_json":{"title":"The Illustrious Order of the Golden Fleece, Codex Empress, s. XVI","description":"In 1996 the five centuries of linking met the Crown of Spain's most illustrious, the most famous order of chivalry: the Insigne Order of the Golden Fleece.","robots":{"index":"index","follow":"follow","max-snippet":"max-snippet:-1","max-image-preview":"max-image-preview:large","max-video-preview":"max-video-preview:-1"},"canonical":"https:\/\/www.comprarmejor.es\/en\/product\/the-illustrious-order-of-the-golden-fleece-codex-empress-s-xvi\/","og_locale":"en_US","og_type":"article","og_title":"The Illustrious Order of the Golden Fleece, Codex Empress, s. XVI","og_description":"In 1996 the five centuries of linking met the Crown of Spain's most illustrious, the most famous order of chivalry: the Insigne Order of the Golden Fleece.","og_url":"https:\/\/www.comprarmejor.es\/en\/product\/the-illustrious-order-of-the-golden-fleece-codex-empress-s-xvi\/","og_site_name":"ComprarMejor","article_modified_time":"2023-12-20T10:34:38+00:00","og_image":[{"width":599,"height":449,"url":"https:\/\/www.comprarmejor.es\/wp-content\/uploads\/2016\/01\/p_6_7_2_7_6727-La-Insigne-Orden-del-Toison-de-Oro-Codice-de-la-Emperatriz-s.-XVI.jpg","type":"image\/jpeg"}],"twitter_card":"summary_large_image","twitter_misc":{"Est. reading time":"2 minutes"},"schema":{"@context":"https:\/\/schema.org","@graph":[{"@type":"WebPage","@id":"https:\/\/www.comprarmejor.es\/en\/product\/the-illustrious-order-of-the-golden-fleece-codex-empress-s-xvi\/","url":"https:\/\/www.comprarmejor.es\/en\/product\/the-illustrious-order-of-the-golden-fleece-codex-empress-s-xvi\/","name":"The Illustrious Order of the Golden Fleece, Codex Empress, s. XVI","isPartOf":{"@id":"https:\/\/www.comprarmejor.es\/en\/#website"},"primaryImageOfPage":{"@id":"https:\/\/www.comprarmejor.es\/en\/product\/the-illustrious-order-of-the-golden-fleece-codex-empress-s-xvi\/#primaryimage"},"image":{"@id":"https:\/\/www.comprarmejor.es\/en\/product\/the-illustrious-order-of-the-golden-fleece-codex-empress-s-xvi\/#primaryimage"},"thumbnailUrl":"https:\/\/www.comprarmejor.es\/wp-content\/uploads\/2016\/01\/p_6_7_2_7_6727-La-Insigne-Orden-del-Toison-de-Oro-Codice-de-la-Emperatriz-s.-XVI.jpg","datePublished":"2016-01-17T12:11:43+00:00","dateModified":"2023-12-20T10:34:38+00:00","description":"In 1996 the five centuries of linking met the Crown of Spain's most illustrious, the most famous order of chivalry: the Insigne Order of the Golden Fleece.","breadcrumb":{"@id":"https:\/\/www.comprarmejor.es\/en\/product\/the-illustrious-order-of-the-golden-fleece-codex-empress-s-xvi\/#breadcrumb"},"inLanguage":"en-US","potentialAction":[{"@type":"ReadAction","target":["https:\/\/www.comprarmejor.es\/en\/product\/the-illustrious-order-of-the-golden-fleece-codex-empress-s-xvi\/"]}]},{"@type":"ImageObject","inLanguage":"en-US","@id":"https:\/\/www.comprarmejor.es\/en\/product\/the-illustrious-order-of-the-golden-fleece-codex-empress-s-xvi\/#primaryimage","url":"https:\/\/www.comprarmejor.es\/wp-content\/uploads\/2016\/01\/p_6_7_2_7_6727-La-Insigne-Orden-del-Toison-de-Oro-Codice-de-la-Emperatriz-s.-XVI.jpg","contentUrl":"https:\/\/www.comprarmejor.es\/wp-content\/uploads\/2016\/01\/p_6_7_2_7_6727-La-Insigne-Orden-del-Toison-de-Oro-Codice-de-la-Emperatriz-s.-XVI.jpg","width":599,"height":449},{"@type":"BreadcrumbList","@id":"https:\/\/www.comprarmejor.es\/en\/product\/the-illustrious-order-of-the-golden-fleece-codex-empress-s-xvi\/#breadcrumb","itemListElement":[{"@type":"ListItem","position":1,"name":"Portada","item":"https:\/\/www.comprarmejor.es\/en\/"},{"@type":"ListItem","position":2,"name":"Shop","item":"https:\/\/www.comprarmejor.es\/en\/shop\/"},{"@type":"ListItem","position":3,"name":"The Illustrious Order of the Golden Fleece, Codex Empress, s. XVI"}]},{"@type":"WebSite","@id":"https:\/\/www.comprarmejor.es\/en\/#website","url":"https:\/\/www.comprarmejor.es\/en\/","name":"ComprarMejor","description":"ComprarMejor","publisher":{"@id":"https:\/\/www.comprarmejor.es\/en\/#organization"},"potentialAction":[{"@type":"SearchAction","target":{"@type":"EntryPoint","urlTemplate":"https:\/\/www.comprarmejor.es\/en\/?s={search_term_string}"},"query-input":{"@type":"PropertyValueSpecification","valueRequired":true,"valueName":"search_term_string"}}],"inLanguage":"en-US"},{"@type":"Organization","@id":"https:\/\/www.comprarmejor.es\/en\/#organization","name":"COMPRAR MEJOR","url":"https:\/\/www.comprarmejor.es\/en\/","logo":{"@type":"ImageObject","inLanguage":"en-US","@id":"https:\/\/www.comprarmejor.es\/en\/#\/schema\/logo\/image\/","url":"https:\/\/www.comprarmejor.es\/wp-content\/uploads\/2025\/09\/comprarmejortrinidad.jpg","contentUrl":"https:\/\/www.comprarmejor.es\/wp-content\/uploads\/2025\/09\/comprarmejortrinidad.jpg","width":1022,"height":1380,"caption":"COMPRAR MEJOR"},"image":{"@id":"https:\/\/www.comprarmejor.es\/en\/#\/schema\/logo\/image\/"},"sameAs":["https:\/\/www.instagram.com\/amigosdelcodice"]}]}},"_links":{"self":[{"href":"https:\/\/www.comprarmejor.es\/en\/wp-json\/wp\/v2\/product\/51709","targetHints":{"allow":["GET"]}}],"collection":[{"href":"https:\/\/www.comprarmejor.es\/en\/wp-json\/wp\/v2\/product"}],"about":[{"href":"https:\/\/www.comprarmejor.es\/en\/wp-json\/wp\/v2\/types\/product"}],"wp:featuredmedia":[{"embeddable":true,"href":"https:\/\/www.comprarmejor.es\/en\/wp-json\/wp\/v2\/media\/51701"}],"wp:attachment":[{"href":"https:\/\/www.comprarmejor.es\/en\/wp-json\/wp\/v2\/media?parent=51709"}],"wp:term":[{"taxonomy":"product_brand","embeddable":true,"href":"https:\/\/www.comprarmejor.es\/en\/wp-json\/wp\/v2\/product_brand?post=51709"},{"taxonomy":"product_cat","embeddable":true,"href":"https:\/\/www.comprarmejor.es\/en\/wp-json\/wp\/v2\/product_cat?post=51709"},{"taxonomy":"product_tag","embeddable":true,"href":"https:\/\/www.comprarmejor.es\/en\/wp-json\/wp\/v2\/product_tag?post=51709"}],"curies":[{"name":"wp","href":"https:\/\/api.w.org\/{rel}","templated":true}]}}