{"id":51745,"date":"2016-01-18T10:37:42","date_gmt":"2016-01-18T09:37:42","guid":{"rendered":"https:\/\/www.comprarmejor.es\/producto\/1899-theophile-gautier-loin-de-paris-original-in-french\/"},"modified":"2019-09-09T22:51:44","modified_gmt":"2019-09-09T20:51:44","slug":"1899-theophile-gautier-loin-de-paris-original-in-french","status":"publish","type":"product","link":"https:\/\/www.comprarmejor.es\/en\/product\/1899-theophile-gautier-loin-de-paris-original-in-french\/","title":{"rendered":"1899 Theophile Gautier, Loin de Paris, original in French"},"content":{"rendered":"<p style=\"text-align:justify;\"><span id=\"result_box\" lang=\"en\" xml:lang=\"en\"><span title=\"Edici\u00f3n original francesa de 1899 de la obra de Th\u00e9ophile Gautier, Loin de Paris.\">1899 French original edition of the work of Theophile Gautier, Loin de Paris.<\/p>\n<p><\/span><span title=\"Edici\u00f3n impresa en Paris, 8\u00ba, formato 12,5 x 19 cm.\">Edition printed in Paris, 8, 12.5 x 19 cm format. <\/span><span title=\"372 p\u00e1ginas.\">372 pages. <\/span><span title=\"Encuadernaci\u00f3n tapa dura en holandesa, cubiertas originales.\">Dutch hardcover binding, original covers. <\/span><span title=\"Papel interior sin manchas de \u00f3xido pero con se\u00f1ales de envejecimiento en los bordes.\">Liners without stains but with signs of aging around the edges. <\/span><span title=\"Libro en general en buen estado pero con se\u00f1ales de uso y del paso del tiempo.\">Book generally in good condition but with signs of use and the passage of time.<\/p>\n<p><\/span><span title=\"Textos en franc\u00e9s.\">French texts. <\/span><span title=\"Tem\u00e1tica sobre viajes.\">Travel theme. <\/span><span title=\"Contiene un cap\u00edtulo dedicado a Madrid.\">It contains a chapter devoted to Madrid.<\/p>\n<p><\/span><span title=\"Pierre Jules Th\u00e9ophile Gautier fue un famoso poeta, dramaturgo, novelista, periodista, cr\u00edtico literario y fot\u00f3grafo franc\u00e9s, nacido el 30 de agosto de 1811 y fallecido el 23 de octubre de 1872. Pese a ser un ardiente defensor del romanticismo, su obra tiene referencias\">Pierre Jules Theophile Gautier was a famous poet, playwright, novelist, journalist, literary critic and French photographer, born on August 30, 1811 and died on October 23, 1872. Despite being an ardent defender of Romanticism, his work has references <\/span><span title=\"del parnasianismo (del que fue fundador), el simbolismo y el modernismo.\">Parnassianism (which he founded), symbolism and modernism.<\/p>\n<p><\/span><span title=\"Gastos de env\u00edo por cuenta del comprador, seg\u00fan pedido y destino.\">Shipping by the buyer, upon request and destination.\u00a0<\/span><span title=\"Cons\u00faltenos cualquier duda, as\u00ed como por cualquier otro art\u00edculo que est\u00e9 buscando.\"><a class=\"btn btn-default\" href=\"http:\/\/comprarmejor.es\/en\/contact\">Ask us<\/a> any questions as well as any other items you are looking for.<\/span><\/span><\/p>\n","protected":false},"excerpt":{"rendered":"<p style=\"text-align:justify;\"><span id=\"result_box\" lang=\"en\" xml:lang=\"en\"><span title=\"Edici\u00f3n original francesa de 1899 de la obra de Th\u00e9ophile Gautier, Loin de Paris.\">1899 French original edition of the work of Theophile Gautier, Loin de Paris.<\/span><\/span><\/p>\n","protected":false},"featured_media":51733,"template":"","meta":[],"product_brand":[],"product_cat":[2188,2202],"product_tag":[4582,4583,4324,4584],"class_list":{"0":"post-51745","1":"product","2":"type-product","3":"status-publish","4":"has-post-thumbnail","6":"product_cat-books","7":"product_cat-old-books","8":"product_tag-gautier-en-2","9":"product_tag-loin-en","10":"product_tag-madrid-en","11":"product_tag-paris-en","12":"product_shipping_class-from-0-to-1-kg","13":"description-off","15":"first","16":"instock","17":"taxable","18":"shipping-taxable","19":"purchasable","20":"product-type-simple"},"yoast_head":"<!-- This site is optimized with the Yoast SEO plugin v27.3 - https:\/\/yoast.com\/product\/yoast-seo-wordpress\/ -->\n<title>1899 Theophile Gautier, Loin de Paris, original in French<\/title>\n<meta name=\"description\" content=\"1899 French original edition of the work of Theophile Gautier, Loin de Paris.\" \/>\n<meta name=\"robots\" content=\"index, follow, max-snippet:-1, max-image-preview:large, max-video-preview:-1\" \/>\n<link rel=\"canonical\" href=\"https:\/\/www.comprarmejor.es\/en\/product\/1899-theophile-gautier-loin-de-paris-original-in-french\/\" \/>\n<meta property=\"og:locale\" content=\"en_US\" \/>\n<meta property=\"og:type\" content=\"article\" \/>\n<meta property=\"og:title\" content=\"1899 Theophile Gautier, Loin de Paris, original in French\" \/>\n<meta property=\"og:description\" content=\"1899 French original edition of the work of Theophile Gautier, Loin de Paris.\" \/>\n<meta property=\"og:url\" content=\"https:\/\/www.comprarmejor.es\/en\/product\/1899-theophile-gautier-loin-de-paris-original-in-french\/\" \/>\n<meta property=\"og:site_name\" content=\"ComprarMejor\" \/>\n<meta property=\"article:modified_time\" content=\"2019-09-09T20:51:44+00:00\" \/>\n<meta property=\"og:image\" content=\"https:\/\/www.comprarmejor.es\/wp-content\/uploads\/2016\/01\/p_2_5_7_4_2574-1899-Theophile-Gautier-Loin-de-Paris-original-en-frances.jpg\" \/>\n\t<meta property=\"og:image:width\" content=\"600\" \/>\n\t<meta property=\"og:image:height\" content=\"507\" \/>\n\t<meta property=\"og:image:type\" content=\"image\/jpeg\" \/>\n<meta name=\"twitter:card\" content=\"summary_large_image\" \/>\n<meta name=\"twitter:label1\" content=\"Est. reading time\" \/>\n\t<meta name=\"twitter:data1\" content=\"1 minute\" \/>\n<script type=\"application\/ld+json\" class=\"yoast-schema-graph\">{\"@context\":\"https:\\\/\\\/schema.org\",\"@graph\":[{\"@type\":\"WebPage\",\"@id\":\"https:\\\/\\\/www.comprarmejor.es\\\/en\\\/product\\\/1899-theophile-gautier-loin-de-paris-original-in-french\\\/\",\"url\":\"https:\\\/\\\/www.comprarmejor.es\\\/en\\\/product\\\/1899-theophile-gautier-loin-de-paris-original-in-french\\\/\",\"name\":\"1899 Theophile Gautier, Loin de Paris, original in French\",\"isPartOf\":{\"@id\":\"https:\\\/\\\/www.comprarmejor.es\\\/en\\\/#website\"},\"primaryImageOfPage\":{\"@id\":\"https:\\\/\\\/www.comprarmejor.es\\\/en\\\/product\\\/1899-theophile-gautier-loin-de-paris-original-in-french\\\/#primaryimage\"},\"image\":{\"@id\":\"https:\\\/\\\/www.comprarmejor.es\\\/en\\\/product\\\/1899-theophile-gautier-loin-de-paris-original-in-french\\\/#primaryimage\"},\"thumbnailUrl\":\"https:\\\/\\\/www.comprarmejor.es\\\/wp-content\\\/uploads\\\/2016\\\/01\\\/p_2_5_7_4_2574-1899-Theophile-Gautier-Loin-de-Paris-original-en-frances.jpg\",\"datePublished\":\"2016-01-18T09:37:42+00:00\",\"dateModified\":\"2019-09-09T20:51:44+00:00\",\"description\":\"1899 French original edition of the work of Theophile Gautier, Loin de Paris.\",\"breadcrumb\":{\"@id\":\"https:\\\/\\\/www.comprarmejor.es\\\/en\\\/product\\\/1899-theophile-gautier-loin-de-paris-original-in-french\\\/#breadcrumb\"},\"inLanguage\":\"en-US\",\"potentialAction\":[{\"@type\":\"ReadAction\",\"target\":[\"https:\\\/\\\/www.comprarmejor.es\\\/en\\\/product\\\/1899-theophile-gautier-loin-de-paris-original-in-french\\\/\"]}]},{\"@type\":\"ImageObject\",\"inLanguage\":\"en-US\",\"@id\":\"https:\\\/\\\/www.comprarmejor.es\\\/en\\\/product\\\/1899-theophile-gautier-loin-de-paris-original-in-french\\\/#primaryimage\",\"url\":\"https:\\\/\\\/www.comprarmejor.es\\\/wp-content\\\/uploads\\\/2016\\\/01\\\/p_2_5_7_4_2574-1899-Theophile-Gautier-Loin-de-Paris-original-en-frances.jpg\",\"contentUrl\":\"https:\\\/\\\/www.comprarmejor.es\\\/wp-content\\\/uploads\\\/2016\\\/01\\\/p_2_5_7_4_2574-1899-Theophile-Gautier-Loin-de-Paris-original-en-frances.jpg\",\"width\":600,\"height\":507},{\"@type\":\"BreadcrumbList\",\"@id\":\"https:\\\/\\\/www.comprarmejor.es\\\/en\\\/product\\\/1899-theophile-gautier-loin-de-paris-original-in-french\\\/#breadcrumb\",\"itemListElement\":[{\"@type\":\"ListItem\",\"position\":1,\"name\":\"Portada\",\"item\":\"https:\\\/\\\/www.comprarmejor.es\\\/en\\\/\"},{\"@type\":\"ListItem\",\"position\":2,\"name\":\"Shop\",\"item\":\"https:\\\/\\\/www.comprarmejor.es\\\/en\\\/shop\\\/\"},{\"@type\":\"ListItem\",\"position\":3,\"name\":\"1899 Theophile Gautier, Loin de Paris, original in French\"}]},{\"@type\":\"WebSite\",\"@id\":\"https:\\\/\\\/www.comprarmejor.es\\\/en\\\/#website\",\"url\":\"https:\\\/\\\/www.comprarmejor.es\\\/en\\\/\",\"name\":\"ComprarMejor\",\"description\":\"ComprarMejor\",\"publisher\":{\"@id\":\"https:\\\/\\\/www.comprarmejor.es\\\/en\\\/#organization\"},\"potentialAction\":[{\"@type\":\"SearchAction\",\"target\":{\"@type\":\"EntryPoint\",\"urlTemplate\":\"https:\\\/\\\/www.comprarmejor.es\\\/en\\\/?s={search_term_string}\"},\"query-input\":{\"@type\":\"PropertyValueSpecification\",\"valueRequired\":true,\"valueName\":\"search_term_string\"}}],\"inLanguage\":\"en-US\"},{\"@type\":\"Organization\",\"@id\":\"https:\\\/\\\/www.comprarmejor.es\\\/en\\\/#organization\",\"name\":\"COMPRAR MEJOR\",\"url\":\"https:\\\/\\\/www.comprarmejor.es\\\/en\\\/\",\"logo\":{\"@type\":\"ImageObject\",\"inLanguage\":\"en-US\",\"@id\":\"https:\\\/\\\/www.comprarmejor.es\\\/en\\\/#\\\/schema\\\/logo\\\/image\\\/\",\"url\":\"https:\\\/\\\/www.comprarmejor.es\\\/wp-content\\\/uploads\\\/2025\\\/09\\\/comprarmejortrinidad.jpg\",\"contentUrl\":\"https:\\\/\\\/www.comprarmejor.es\\\/wp-content\\\/uploads\\\/2025\\\/09\\\/comprarmejortrinidad.jpg\",\"width\":1022,\"height\":1380,\"caption\":\"COMPRAR MEJOR\"},\"image\":{\"@id\":\"https:\\\/\\\/www.comprarmejor.es\\\/en\\\/#\\\/schema\\\/logo\\\/image\\\/\"},\"sameAs\":[\"https:\\\/\\\/www.instagram.com\\\/amigosdelcodice\"]}]}<\/script>\n<!-- \/ Yoast SEO plugin. -->","yoast_head_json":{"title":"1899 Theophile Gautier, Loin de Paris, original in French","description":"1899 French original edition of the work of Theophile Gautier, Loin de Paris.","robots":{"index":"index","follow":"follow","max-snippet":"max-snippet:-1","max-image-preview":"max-image-preview:large","max-video-preview":"max-video-preview:-1"},"canonical":"https:\/\/www.comprarmejor.es\/en\/product\/1899-theophile-gautier-loin-de-paris-original-in-french\/","og_locale":"en_US","og_type":"article","og_title":"1899 Theophile Gautier, Loin de Paris, original in French","og_description":"1899 French original edition of the work of Theophile Gautier, Loin de Paris.","og_url":"https:\/\/www.comprarmejor.es\/en\/product\/1899-theophile-gautier-loin-de-paris-original-in-french\/","og_site_name":"ComprarMejor","article_modified_time":"2019-09-09T20:51:44+00:00","og_image":[{"width":600,"height":507,"url":"https:\/\/www.comprarmejor.es\/wp-content\/uploads\/2016\/01\/p_2_5_7_4_2574-1899-Theophile-Gautier-Loin-de-Paris-original-en-frances.jpg","type":"image\/jpeg"}],"twitter_card":"summary_large_image","twitter_misc":{"Est. reading time":"1 minute"},"schema":{"@context":"https:\/\/schema.org","@graph":[{"@type":"WebPage","@id":"https:\/\/www.comprarmejor.es\/en\/product\/1899-theophile-gautier-loin-de-paris-original-in-french\/","url":"https:\/\/www.comprarmejor.es\/en\/product\/1899-theophile-gautier-loin-de-paris-original-in-french\/","name":"1899 Theophile Gautier, Loin de Paris, original in French","isPartOf":{"@id":"https:\/\/www.comprarmejor.es\/en\/#website"},"primaryImageOfPage":{"@id":"https:\/\/www.comprarmejor.es\/en\/product\/1899-theophile-gautier-loin-de-paris-original-in-french\/#primaryimage"},"image":{"@id":"https:\/\/www.comprarmejor.es\/en\/product\/1899-theophile-gautier-loin-de-paris-original-in-french\/#primaryimage"},"thumbnailUrl":"https:\/\/www.comprarmejor.es\/wp-content\/uploads\/2016\/01\/p_2_5_7_4_2574-1899-Theophile-Gautier-Loin-de-Paris-original-en-frances.jpg","datePublished":"2016-01-18T09:37:42+00:00","dateModified":"2019-09-09T20:51:44+00:00","description":"1899 French original edition of the work of Theophile Gautier, Loin de Paris.","breadcrumb":{"@id":"https:\/\/www.comprarmejor.es\/en\/product\/1899-theophile-gautier-loin-de-paris-original-in-french\/#breadcrumb"},"inLanguage":"en-US","potentialAction":[{"@type":"ReadAction","target":["https:\/\/www.comprarmejor.es\/en\/product\/1899-theophile-gautier-loin-de-paris-original-in-french\/"]}]},{"@type":"ImageObject","inLanguage":"en-US","@id":"https:\/\/www.comprarmejor.es\/en\/product\/1899-theophile-gautier-loin-de-paris-original-in-french\/#primaryimage","url":"https:\/\/www.comprarmejor.es\/wp-content\/uploads\/2016\/01\/p_2_5_7_4_2574-1899-Theophile-Gautier-Loin-de-Paris-original-en-frances.jpg","contentUrl":"https:\/\/www.comprarmejor.es\/wp-content\/uploads\/2016\/01\/p_2_5_7_4_2574-1899-Theophile-Gautier-Loin-de-Paris-original-en-frances.jpg","width":600,"height":507},{"@type":"BreadcrumbList","@id":"https:\/\/www.comprarmejor.es\/en\/product\/1899-theophile-gautier-loin-de-paris-original-in-french\/#breadcrumb","itemListElement":[{"@type":"ListItem","position":1,"name":"Portada","item":"https:\/\/www.comprarmejor.es\/en\/"},{"@type":"ListItem","position":2,"name":"Shop","item":"https:\/\/www.comprarmejor.es\/en\/shop\/"},{"@type":"ListItem","position":3,"name":"1899 Theophile Gautier, Loin de Paris, original in French"}]},{"@type":"WebSite","@id":"https:\/\/www.comprarmejor.es\/en\/#website","url":"https:\/\/www.comprarmejor.es\/en\/","name":"ComprarMejor","description":"ComprarMejor","publisher":{"@id":"https:\/\/www.comprarmejor.es\/en\/#organization"},"potentialAction":[{"@type":"SearchAction","target":{"@type":"EntryPoint","urlTemplate":"https:\/\/www.comprarmejor.es\/en\/?s={search_term_string}"},"query-input":{"@type":"PropertyValueSpecification","valueRequired":true,"valueName":"search_term_string"}}],"inLanguage":"en-US"},{"@type":"Organization","@id":"https:\/\/www.comprarmejor.es\/en\/#organization","name":"COMPRAR MEJOR","url":"https:\/\/www.comprarmejor.es\/en\/","logo":{"@type":"ImageObject","inLanguage":"en-US","@id":"https:\/\/www.comprarmejor.es\/en\/#\/schema\/logo\/image\/","url":"https:\/\/www.comprarmejor.es\/wp-content\/uploads\/2025\/09\/comprarmejortrinidad.jpg","contentUrl":"https:\/\/www.comprarmejor.es\/wp-content\/uploads\/2025\/09\/comprarmejortrinidad.jpg","width":1022,"height":1380,"caption":"COMPRAR MEJOR"},"image":{"@id":"https:\/\/www.comprarmejor.es\/en\/#\/schema\/logo\/image\/"},"sameAs":["https:\/\/www.instagram.com\/amigosdelcodice"]}]}},"_links":{"self":[{"href":"https:\/\/www.comprarmejor.es\/en\/wp-json\/wp\/v2\/product\/51745","targetHints":{"allow":["GET"]}}],"collection":[{"href":"https:\/\/www.comprarmejor.es\/en\/wp-json\/wp\/v2\/product"}],"about":[{"href":"https:\/\/www.comprarmejor.es\/en\/wp-json\/wp\/v2\/types\/product"}],"wp:featuredmedia":[{"embeddable":true,"href":"https:\/\/www.comprarmejor.es\/en\/wp-json\/wp\/v2\/media\/51733"}],"wp:attachment":[{"href":"https:\/\/www.comprarmejor.es\/en\/wp-json\/wp\/v2\/media?parent=51745"}],"wp:term":[{"taxonomy":"product_brand","embeddable":true,"href":"https:\/\/www.comprarmejor.es\/en\/wp-json\/wp\/v2\/product_brand?post=51745"},{"taxonomy":"product_cat","embeddable":true,"href":"https:\/\/www.comprarmejor.es\/en\/wp-json\/wp\/v2\/product_cat?post=51745"},{"taxonomy":"product_tag","embeddable":true,"href":"https:\/\/www.comprarmejor.es\/en\/wp-json\/wp\/v2\/product_tag?post=51745"}],"curies":[{"name":"wp","href":"https:\/\/api.w.org\/{rel}","templated":true}]}}