{"id":51773,"date":"2016-01-18T12:19:57","date_gmt":"2016-01-18T11:19:57","guid":{"rendered":"https:\/\/www.comprarmejor.es\/producto\/1547-atlas-vallard\/"},"modified":"2025-11-19T13:38:09","modified_gmt":"2025-11-19T12:38:09","slug":"7-1547-atlas-vallard","status":"publish","type":"product","link":"https:\/\/www.comprarmejor.es\/en\/product\/7-1547-atlas-vallard\/","title":{"rendered":"1547 Atlas Vallard"},"content":{"rendered":"<p style=\"text-align: justify;\"><span id=\"result_box\" lang=\"en\" xml:lang=\"en\"><span title=\"Bella edici\u00f3n facs\u00edmile de la editorial Moleiro de 2010, basada en el original conservado en la The Huntington Library, San Marino (California).\">Extraordinary facsimile edition of the editorial Moleiro 2010, based on the original kept at The Huntington Library, San Marino (California). A truly unique atlas, distinguished by its beauty and illustrations.<\/span><\/span><\/p>\n<p style=\"text-align: justify;\"><span title=\"Textos en espa\u00f1ol.\">Features of the facsimile edition:<br \/>\nOriginal bound around 1805 in gold-stamped red leather, which has served as inspiration for the one applied to the facsimile. Format 31 x 43 cm. 68 pages.<br \/>\nWith protective case type cover, same leather as the facsimile, format 32 x 43.5 cm<br \/>\nLimited edition, numbered and notarized.<br \/>\nIt is accompanied by a complete monographic study book, bound in hard cover with illustrated dust jacket, 25 x 35 cm format, 240 pages fully illustrated in colour. Texts in Spanish by Lu\u00eds Filipe F. R. Thomaz (Director of the Institute of Oriental Studies of the Portuguese Catholic University), Dennis Reinhartz (Professor Emeritus of the University of Texas at Arlington) and Carlos Miranda Garc\u00eda-Tejedor (Doctor of Hi<\/span>story).<\/p>\n<p style=\"text-align: justify;\">This copy is in perfect condition, complete, in its original packaging, unused, with a sealed study also in its packaging.<\/p>\n<p style=\"text-align: justify;\">Shipping costs vary depending on the order and destination. <span title=\"Cons\u00faltenos cualquier duda, as\u00ed como por cualquier otro facs\u00edmile o art\u00edculo que est\u00e9 buscando.\"><a class=\"btn btn-default\" href=\"https:\/\/www.comprarmejor.es\/en\/contact\/\">Ask us<\/a><\/span><span class=\"HwtZe\" lang=\"en\"><span class=\"jCAhz ChMk0b\"><span class=\"ryNqvb\"> any questions, quoting the item reference.<\/span><\/span><\/span><\/p>\n","protected":false},"excerpt":{"rendered":"<p style=\"text-align: justify;\"><span id=\"result_box\" lang=\"en\" xml:lang=\"en\"><span title=\"Bella edici\u00f3n facs\u00edmile de la editorial Moleiro de 2010, basada en el original conservado en la The Huntington Library, San Marino (California).\">Facsimile edition of the editorial Moleiro 2010, based on the original kept at The Huntington Library, San Marino (California).<\/span><\/span><\/p>\n","protected":false},"featured_media":60202,"template":"","meta":[],"product_brand":[],"product_cat":[2234],"product_tag":[3976,4017,4576],"class_list":{"0":"post-51773","1":"product","2":"type-product","3":"status-publish","4":"has-post-thumbnail","6":"product_cat-antique-maps","7":"product_tag-atlas-en","8":"product_tag-moleiro-en","9":"product_tag-vallard-en","10":"product_shipping_class-from-2-to-5-kg","11":"description-off","13":"first","14":"instock","15":"sale","16":"taxable","17":"shipping-taxable","18":"purchasable","19":"product-type-simple"},"yoast_head":"<!-- This site is optimized with the Yoast SEO plugin v27.3 - https:\/\/yoast.com\/product\/yoast-seo-wordpress\/ -->\n<title>Atlas Vallard, year 1547, by publishing Moleiro os Spain<\/title>\n<meta name=\"description\" content=\"Facsimile edition of the editorial Moleiro 2010, based on the original kept at The Huntington Library, San Marino (California).\" \/>\n<meta name=\"robots\" content=\"index, follow, max-snippet:-1, max-image-preview:large, max-video-preview:-1\" \/>\n<link rel=\"canonical\" href=\"https:\/\/www.comprarmejor.es\/en\/product\/7-1547-atlas-vallard\/\" \/>\n<meta property=\"og:locale\" content=\"en_US\" \/>\n<meta property=\"og:type\" content=\"article\" \/>\n<meta property=\"og:title\" content=\"Atlas Vallard, year 1547, by publishing Moleiro os Spain\" \/>\n<meta property=\"og:description\" content=\"Facsimile edition of the editorial Moleiro 2010, based on the original kept at The Huntington Library, San Marino (California).\" \/>\n<meta property=\"og:url\" content=\"https:\/\/www.comprarmejor.es\/en\/product\/7-1547-atlas-vallard\/\" \/>\n<meta property=\"og:site_name\" content=\"ComprarMejor\" \/>\n<meta property=\"article:modified_time\" content=\"2025-11-19T12:38:09+00:00\" \/>\n<meta property=\"og:image\" content=\"https:\/\/www.comprarmejor.es\/wp-content\/uploads\/2016\/01\/AV01.jpg\" \/>\n\t<meta property=\"og:image:width\" content=\"449\" \/>\n\t<meta property=\"og:image:height\" content=\"599\" \/>\n\t<meta property=\"og:image:type\" content=\"image\/jpeg\" \/>\n<meta name=\"twitter:card\" content=\"summary_large_image\" \/>\n<meta name=\"twitter:label1\" content=\"Est. reading time\" \/>\n\t<meta name=\"twitter:data1\" content=\"2 minutes\" \/>\n<script type=\"application\/ld+json\" class=\"yoast-schema-graph\">{\"@context\":\"https:\\\/\\\/schema.org\",\"@graph\":[{\"@type\":\"WebPage\",\"@id\":\"https:\\\/\\\/www.comprarmejor.es\\\/en\\\/product\\\/7-1547-atlas-vallard\\\/\",\"url\":\"https:\\\/\\\/www.comprarmejor.es\\\/en\\\/product\\\/7-1547-atlas-vallard\\\/\",\"name\":\"Atlas Vallard, year 1547, by publishing Moleiro os Spain\",\"isPartOf\":{\"@id\":\"https:\\\/\\\/www.comprarmejor.es\\\/en\\\/#website\"},\"primaryImageOfPage\":{\"@id\":\"https:\\\/\\\/www.comprarmejor.es\\\/en\\\/product\\\/7-1547-atlas-vallard\\\/#primaryimage\"},\"image\":{\"@id\":\"https:\\\/\\\/www.comprarmejor.es\\\/en\\\/product\\\/7-1547-atlas-vallard\\\/#primaryimage\"},\"thumbnailUrl\":\"https:\\\/\\\/www.comprarmejor.es\\\/wp-content\\\/uploads\\\/2016\\\/01\\\/AV01.jpg\",\"datePublished\":\"2016-01-18T11:19:57+00:00\",\"dateModified\":\"2025-11-19T12:38:09+00:00\",\"description\":\"Facsimile edition of the editorial Moleiro 2010, based on the original kept at The Huntington Library, San Marino (California).\",\"breadcrumb\":{\"@id\":\"https:\\\/\\\/www.comprarmejor.es\\\/en\\\/product\\\/7-1547-atlas-vallard\\\/#breadcrumb\"},\"inLanguage\":\"en-US\",\"potentialAction\":[{\"@type\":\"ReadAction\",\"target\":[\"https:\\\/\\\/www.comprarmejor.es\\\/en\\\/product\\\/7-1547-atlas-vallard\\\/\"]}]},{\"@type\":\"ImageObject\",\"inLanguage\":\"en-US\",\"@id\":\"https:\\\/\\\/www.comprarmejor.es\\\/en\\\/product\\\/7-1547-atlas-vallard\\\/#primaryimage\",\"url\":\"https:\\\/\\\/www.comprarmejor.es\\\/wp-content\\\/uploads\\\/2016\\\/01\\\/AV01.jpg\",\"contentUrl\":\"https:\\\/\\\/www.comprarmejor.es\\\/wp-content\\\/uploads\\\/2016\\\/01\\\/AV01.jpg\",\"width\":449,\"height\":599},{\"@type\":\"BreadcrumbList\",\"@id\":\"https:\\\/\\\/www.comprarmejor.es\\\/en\\\/product\\\/7-1547-atlas-vallard\\\/#breadcrumb\",\"itemListElement\":[{\"@type\":\"ListItem\",\"position\":1,\"name\":\"Portada\",\"item\":\"https:\\\/\\\/www.comprarmejor.es\\\/en\\\/\"},{\"@type\":\"ListItem\",\"position\":2,\"name\":\"Shop\",\"item\":\"https:\\\/\\\/www.comprarmejor.es\\\/en\\\/shop\\\/\"},{\"@type\":\"ListItem\",\"position\":3,\"name\":\"1547 Atlas Vallard\"}]},{\"@type\":\"WebSite\",\"@id\":\"https:\\\/\\\/www.comprarmejor.es\\\/en\\\/#website\",\"url\":\"https:\\\/\\\/www.comprarmejor.es\\\/en\\\/\",\"name\":\"ComprarMejor\",\"description\":\"ComprarMejor\",\"publisher\":{\"@id\":\"https:\\\/\\\/www.comprarmejor.es\\\/en\\\/#organization\"},\"potentialAction\":[{\"@type\":\"SearchAction\",\"target\":{\"@type\":\"EntryPoint\",\"urlTemplate\":\"https:\\\/\\\/www.comprarmejor.es\\\/en\\\/?s={search_term_string}\"},\"query-input\":{\"@type\":\"PropertyValueSpecification\",\"valueRequired\":true,\"valueName\":\"search_term_string\"}}],\"inLanguage\":\"en-US\"},{\"@type\":\"Organization\",\"@id\":\"https:\\\/\\\/www.comprarmejor.es\\\/en\\\/#organization\",\"name\":\"COMPRAR MEJOR\",\"url\":\"https:\\\/\\\/www.comprarmejor.es\\\/en\\\/\",\"logo\":{\"@type\":\"ImageObject\",\"inLanguage\":\"en-US\",\"@id\":\"https:\\\/\\\/www.comprarmejor.es\\\/en\\\/#\\\/schema\\\/logo\\\/image\\\/\",\"url\":\"https:\\\/\\\/www.comprarmejor.es\\\/wp-content\\\/uploads\\\/2025\\\/09\\\/comprarmejortrinidad.jpg\",\"contentUrl\":\"https:\\\/\\\/www.comprarmejor.es\\\/wp-content\\\/uploads\\\/2025\\\/09\\\/comprarmejortrinidad.jpg\",\"width\":1022,\"height\":1380,\"caption\":\"COMPRAR MEJOR\"},\"image\":{\"@id\":\"https:\\\/\\\/www.comprarmejor.es\\\/en\\\/#\\\/schema\\\/logo\\\/image\\\/\"},\"sameAs\":[\"https:\\\/\\\/www.instagram.com\\\/amigosdelcodice\"]}]}<\/script>\n<!-- \/ Yoast SEO plugin. -->","yoast_head_json":{"title":"Atlas Vallard, year 1547, by publishing Moleiro os Spain","description":"Facsimile edition of the editorial Moleiro 2010, based on the original kept at The Huntington Library, San Marino (California).","robots":{"index":"index","follow":"follow","max-snippet":"max-snippet:-1","max-image-preview":"max-image-preview:large","max-video-preview":"max-video-preview:-1"},"canonical":"https:\/\/www.comprarmejor.es\/en\/product\/7-1547-atlas-vallard\/","og_locale":"en_US","og_type":"article","og_title":"Atlas Vallard, year 1547, by publishing Moleiro os Spain","og_description":"Facsimile edition of the editorial Moleiro 2010, based on the original kept at The Huntington Library, San Marino (California).","og_url":"https:\/\/www.comprarmejor.es\/en\/product\/7-1547-atlas-vallard\/","og_site_name":"ComprarMejor","article_modified_time":"2025-11-19T12:38:09+00:00","og_image":[{"width":449,"height":599,"url":"https:\/\/www.comprarmejor.es\/wp-content\/uploads\/2016\/01\/AV01.jpg","type":"image\/jpeg"}],"twitter_card":"summary_large_image","twitter_misc":{"Est. reading time":"2 minutes"},"schema":{"@context":"https:\/\/schema.org","@graph":[{"@type":"WebPage","@id":"https:\/\/www.comprarmejor.es\/en\/product\/7-1547-atlas-vallard\/","url":"https:\/\/www.comprarmejor.es\/en\/product\/7-1547-atlas-vallard\/","name":"Atlas Vallard, year 1547, by publishing Moleiro os Spain","isPartOf":{"@id":"https:\/\/www.comprarmejor.es\/en\/#website"},"primaryImageOfPage":{"@id":"https:\/\/www.comprarmejor.es\/en\/product\/7-1547-atlas-vallard\/#primaryimage"},"image":{"@id":"https:\/\/www.comprarmejor.es\/en\/product\/7-1547-atlas-vallard\/#primaryimage"},"thumbnailUrl":"https:\/\/www.comprarmejor.es\/wp-content\/uploads\/2016\/01\/AV01.jpg","datePublished":"2016-01-18T11:19:57+00:00","dateModified":"2025-11-19T12:38:09+00:00","description":"Facsimile edition of the editorial Moleiro 2010, based on the original kept at The Huntington Library, San Marino (California).","breadcrumb":{"@id":"https:\/\/www.comprarmejor.es\/en\/product\/7-1547-atlas-vallard\/#breadcrumb"},"inLanguage":"en-US","potentialAction":[{"@type":"ReadAction","target":["https:\/\/www.comprarmejor.es\/en\/product\/7-1547-atlas-vallard\/"]}]},{"@type":"ImageObject","inLanguage":"en-US","@id":"https:\/\/www.comprarmejor.es\/en\/product\/7-1547-atlas-vallard\/#primaryimage","url":"https:\/\/www.comprarmejor.es\/wp-content\/uploads\/2016\/01\/AV01.jpg","contentUrl":"https:\/\/www.comprarmejor.es\/wp-content\/uploads\/2016\/01\/AV01.jpg","width":449,"height":599},{"@type":"BreadcrumbList","@id":"https:\/\/www.comprarmejor.es\/en\/product\/7-1547-atlas-vallard\/#breadcrumb","itemListElement":[{"@type":"ListItem","position":1,"name":"Portada","item":"https:\/\/www.comprarmejor.es\/en\/"},{"@type":"ListItem","position":2,"name":"Shop","item":"https:\/\/www.comprarmejor.es\/en\/shop\/"},{"@type":"ListItem","position":3,"name":"1547 Atlas Vallard"}]},{"@type":"WebSite","@id":"https:\/\/www.comprarmejor.es\/en\/#website","url":"https:\/\/www.comprarmejor.es\/en\/","name":"ComprarMejor","description":"ComprarMejor","publisher":{"@id":"https:\/\/www.comprarmejor.es\/en\/#organization"},"potentialAction":[{"@type":"SearchAction","target":{"@type":"EntryPoint","urlTemplate":"https:\/\/www.comprarmejor.es\/en\/?s={search_term_string}"},"query-input":{"@type":"PropertyValueSpecification","valueRequired":true,"valueName":"search_term_string"}}],"inLanguage":"en-US"},{"@type":"Organization","@id":"https:\/\/www.comprarmejor.es\/en\/#organization","name":"COMPRAR MEJOR","url":"https:\/\/www.comprarmejor.es\/en\/","logo":{"@type":"ImageObject","inLanguage":"en-US","@id":"https:\/\/www.comprarmejor.es\/en\/#\/schema\/logo\/image\/","url":"https:\/\/www.comprarmejor.es\/wp-content\/uploads\/2025\/09\/comprarmejortrinidad.jpg","contentUrl":"https:\/\/www.comprarmejor.es\/wp-content\/uploads\/2025\/09\/comprarmejortrinidad.jpg","width":1022,"height":1380,"caption":"COMPRAR MEJOR"},"image":{"@id":"https:\/\/www.comprarmejor.es\/en\/#\/schema\/logo\/image\/"},"sameAs":["https:\/\/www.instagram.com\/amigosdelcodice"]}]}},"_links":{"self":[{"href":"https:\/\/www.comprarmejor.es\/en\/wp-json\/wp\/v2\/product\/51773","targetHints":{"allow":["GET"]}}],"collection":[{"href":"https:\/\/www.comprarmejor.es\/en\/wp-json\/wp\/v2\/product"}],"about":[{"href":"https:\/\/www.comprarmejor.es\/en\/wp-json\/wp\/v2\/types\/product"}],"wp:featuredmedia":[{"embeddable":true,"href":"https:\/\/www.comprarmejor.es\/en\/wp-json\/wp\/v2\/media\/60202"}],"wp:attachment":[{"href":"https:\/\/www.comprarmejor.es\/en\/wp-json\/wp\/v2\/media?parent=51773"}],"wp:term":[{"taxonomy":"product_brand","embeddable":true,"href":"https:\/\/www.comprarmejor.es\/en\/wp-json\/wp\/v2\/product_brand?post=51773"},{"taxonomy":"product_cat","embeddable":true,"href":"https:\/\/www.comprarmejor.es\/en\/wp-json\/wp\/v2\/product_cat?post=51773"},{"taxonomy":"product_tag","embeddable":true,"href":"https:\/\/www.comprarmejor.es\/en\/wp-json\/wp\/v2\/product_tag?post=51773"}],"curies":[{"name":"wp","href":"https:\/\/api.w.org\/{rel}","templated":true}]}}