{"id":51799,"date":"2016-01-18T18:19:05","date_gmt":"2016-01-18T17:19:05","guid":{"rendered":"https:\/\/www.comprarmejor.es\/producto\/book-of-hours-of-margarita-de-borbon-s-xv-scr\/"},"modified":"2023-11-25T12:36:13","modified_gmt":"2023-11-25T11:36:13","slug":"book-of-hours-of-margarita-de-borbon-s-xv-with-exhibitor","status":"publish","type":"product","link":"https:\/\/www.comprarmejor.es\/en\/product\/book-of-hours-of-margarita-de-borbon-s-xv-with-exhibitor\/","title":{"rendered":"Book of Hours of Margarita de Borb\u00f3n, s. XV (with exhibitor)"},"content":{"rendered":"<p style=\"text-align: justify;\">Beautiful facsimile made in 2006 of the codex (record 6) from the Library of the L\u00e1zaro Galdiano Foundation, Madrid.<\/p>\n<p style=\"text-align: justify;\">The Books of Hours had their greatest splendor in the 15th century. Their purpose was the transmission of the Christian faith. The reproduction of these works of art is popular among the nobility who acquire them and display them as objects of power and wealth.<\/p>\n<p style=\"text-align: justify;\">This codex belonged to the illustrious Do\u00f1a Margarita de Borb\u00f3n, daughter of Carlos I, Duke of Borb\u00f3n. In 1472 the young woman married a representative of another famous house, Philip II, Duke of Savoy. Eleven years later, on April 24, 1483, she died in the prime of her life.<\/p>\n<p style=\"text-align: justify;\">The original codex was made in France during the first half of the 15th century, as a volume of 15 x 22 cm format and 304 pages.<\/p>\n<p style=\"text-align: justify;\">In the L\u00e1zaro Foundation there are other works of royal and princely origin, but none so clearly linked to the French Bourbon branch who, apparently, kept the manuscript in their possession for more than 400 years. In short, if the artistic values of this unique Book of Hours are combined with the historical importance, both for France and Spain, of its successive owners, we find ourselves facing a masterpiece of its time and an absolutely unique historical object, star of a splendid collection.<\/p>\n<p style=\"text-align: justify;\">Facsimile edition limited to only 250 numbered and authenticated copies with Notarial testimony.<\/p>\n<p style=\"text-align: justify;\">A select edition with special printing with concealment of the plot at variable points, special paper reproducing treated and aged parchment, reproduction of gold with thermo-stamping and with successive aging treatments and foil reliefs, reproduction of special decorations (burnished, punched, lacquered and satin), collected from the sheets and sewn manually, and binding in scratched and aged burgundy velvet identical to the original, gilded edges. Format 17 x 23.5 cm. 304 pages that make up the 13 beautiful illuminations contained in the historic Book of Hours.<\/p>\n<p style=\"text-align: justify;\">Accompanied by a study book, 16 x 23 cm format, containing a paleographic, historical-artistic and codicological study carried out by Elisa Ruiz Garc\u00eda (Complutense University), Anna Muntada Torrellas, Juan A. Yeves Andr\u00e9s and Josep Joan Vidal.<\/p>\n<p style=\"text-align: justify;\">The copy we offer is delivered with a methacrylate display that extraordinarily enhances the codex, format 40 cm wide, 30 cm deep and a maximum height of 16 cm. With lid to protect it from dust and the environment.<\/p>\n<p style=\"text-align: justify;\">Complete copy and in perfect condition.<\/p>\n<p style=\"text-align: justify;\">Free shipping for this item.\u00a0<span title=\"Cons\u00faltenos cualquier duda, as\u00ed como por cualquier otro facs\u00edmile o art\u00edculo que est\u00e9 buscando.\"><a class=\"btn btn-default\" href=\"https:\/\/www.comprarmejor.es\/en\/contact\">Ask us<\/a> <span class=\"HwtZe\" lang=\"en\"><span class=\"jCAhz ChMk0b\"><span class=\"ryNqvb\">any questions, indicating the article reference.<\/span><\/span><\/span><br \/>\n<\/span><\/p>\n","protected":false},"excerpt":{"rendered":"<p style=\"text-align: justify;\"><span id=\"result_box\" lang=\"en\" xml:lang=\"en\"><span title=\"Edici\u00f3n facs\u00edmile de 1996 del manuscrito de mediados del siglo XIV \u201cArs Notariae\u201d, copia de la obra original de 1242, revisada y ampliada entre 1253 y 1254, de Salatiel Bonaniense (ca. 1210-1280), notario y profesor en Bolonia, y\"><span lang=\"en\" xml:lang=\"en\"><span title=\"Bello facs\u00edmile realizado en 2006 del c\u00f3dice (registro 6) de la Biblioteca de la Fundaci\u00f3n L\u00e1zaro Galdiano, Madrid.\">Beautiful facsimile made in 2006 of the codex (record 6) of the Library of the L\u00e1zaro Galdiano Foundation, Madrid.<\/span><\/span><\/span><\/span><\/p>\n","protected":false},"featured_media":91072,"template":"","meta":[],"product_brand":[],"product_cat":[2226,2220],"product_tag":[5122,4004,3985],"class_list":{"0":"post-51799","1":"product","2":"type-product","3":"status-publish","4":"has-post-thumbnail","6":"product_cat-books-of-hours","7":"product_cat-special-offers","8":"product_tag-hours-en","9":"product_tag-margarita-en","10":"product_tag-scriptorium-en","11":"description-off","13":"first","14":"instock","15":"sale","16":"taxable","17":"shipping-taxable","18":"purchasable","19":"product-type-simple"},"yoast_head":"<!-- This site is optimized with the Yoast SEO plugin v27.3 - https:\/\/yoast.com\/product\/yoast-seo-wordpress\/ -->\n<title>Book of Hours of Margarita de Borb\u00f3n, s. XV (with exhibitor)<\/title>\n<meta name=\"description\" content=\"Beautiful facsimile of the Book of Hours of Margaret of Bourbon made in 2006 of the codex (record 6) of the Library of the L\u00e1zaro Galdiano Foundation,\" \/>\n<meta name=\"robots\" content=\"index, follow, max-snippet:-1, max-image-preview:large, max-video-preview:-1\" \/>\n<link rel=\"canonical\" href=\"https:\/\/www.comprarmejor.es\/en\/product\/book-of-hours-of-margarita-de-borbon-s-xv-with-exhibitor\/\" \/>\n<meta property=\"og:locale\" content=\"en_US\" \/>\n<meta property=\"og:type\" content=\"article\" \/>\n<meta property=\"og:title\" content=\"Book of Hours of Margarita de Borb\u00f3n, s. XV (with exhibitor)\" \/>\n<meta property=\"og:description\" content=\"Beautiful facsimile of the Book of Hours of Margaret of Bourbon made in 2006 of the codex (record 6) of the Library of the L\u00e1zaro Galdiano Foundation,\" \/>\n<meta property=\"og:url\" content=\"https:\/\/www.comprarmejor.es\/en\/product\/book-of-hours-of-margarita-de-borbon-s-xv-with-exhibitor\/\" \/>\n<meta property=\"og:site_name\" content=\"ComprarMejor\" \/>\n<meta property=\"article:modified_time\" content=\"2023-11-25T11:36:13+00:00\" \/>\n<meta property=\"og:image\" content=\"https:\/\/www.comprarmejor.es\/wp-content\/uploads\/2016\/01\/LHMBs-1.jpg\" \/>\n\t<meta property=\"og:image:width\" content=\"754\" \/>\n\t<meta property=\"og:image:height\" content=\"523\" \/>\n\t<meta property=\"og:image:type\" content=\"image\/jpeg\" \/>\n<meta name=\"twitter:card\" content=\"summary_large_image\" \/>\n<meta name=\"twitter:label1\" content=\"Est. reading time\" \/>\n\t<meta name=\"twitter:data1\" content=\"2 minutes\" \/>\n<script type=\"application\/ld+json\" class=\"yoast-schema-graph\">{\"@context\":\"https:\\\/\\\/schema.org\",\"@graph\":[{\"@type\":\"WebPage\",\"@id\":\"https:\\\/\\\/www.comprarmejor.es\\\/en\\\/product\\\/book-of-hours-of-margarita-de-borbon-s-xv-with-exhibitor\\\/\",\"url\":\"https:\\\/\\\/www.comprarmejor.es\\\/en\\\/product\\\/book-of-hours-of-margarita-de-borbon-s-xv-with-exhibitor\\\/\",\"name\":\"Book of Hours of Margarita de Borb\u00f3n, s. XV (with exhibitor)\",\"isPartOf\":{\"@id\":\"https:\\\/\\\/www.comprarmejor.es\\\/en\\\/#website\"},\"primaryImageOfPage\":{\"@id\":\"https:\\\/\\\/www.comprarmejor.es\\\/en\\\/product\\\/book-of-hours-of-margarita-de-borbon-s-xv-with-exhibitor\\\/#primaryimage\"},\"image\":{\"@id\":\"https:\\\/\\\/www.comprarmejor.es\\\/en\\\/product\\\/book-of-hours-of-margarita-de-borbon-s-xv-with-exhibitor\\\/#primaryimage\"},\"thumbnailUrl\":\"https:\\\/\\\/www.comprarmejor.es\\\/wp-content\\\/uploads\\\/2016\\\/01\\\/LHMBs-1.jpg\",\"datePublished\":\"2016-01-18T17:19:05+00:00\",\"dateModified\":\"2023-11-25T11:36:13+00:00\",\"description\":\"Beautiful facsimile of the Book of Hours of Margaret of Bourbon made in 2006 of the codex (record 6) of the Library of the L\u00e1zaro Galdiano Foundation,\",\"breadcrumb\":{\"@id\":\"https:\\\/\\\/www.comprarmejor.es\\\/en\\\/product\\\/book-of-hours-of-margarita-de-borbon-s-xv-with-exhibitor\\\/#breadcrumb\"},\"inLanguage\":\"en-US\",\"potentialAction\":[{\"@type\":\"ReadAction\",\"target\":[\"https:\\\/\\\/www.comprarmejor.es\\\/en\\\/product\\\/book-of-hours-of-margarita-de-borbon-s-xv-with-exhibitor\\\/\"]}]},{\"@type\":\"ImageObject\",\"inLanguage\":\"en-US\",\"@id\":\"https:\\\/\\\/www.comprarmejor.es\\\/en\\\/product\\\/book-of-hours-of-margarita-de-borbon-s-xv-with-exhibitor\\\/#primaryimage\",\"url\":\"https:\\\/\\\/www.comprarmejor.es\\\/wp-content\\\/uploads\\\/2016\\\/01\\\/LHMBs-1.jpg\",\"contentUrl\":\"https:\\\/\\\/www.comprarmejor.es\\\/wp-content\\\/uploads\\\/2016\\\/01\\\/LHMBs-1.jpg\",\"width\":754,\"height\":523},{\"@type\":\"BreadcrumbList\",\"@id\":\"https:\\\/\\\/www.comprarmejor.es\\\/en\\\/product\\\/book-of-hours-of-margarita-de-borbon-s-xv-with-exhibitor\\\/#breadcrumb\",\"itemListElement\":[{\"@type\":\"ListItem\",\"position\":1,\"name\":\"Portada\",\"item\":\"https:\\\/\\\/www.comprarmejor.es\\\/en\\\/\"},{\"@type\":\"ListItem\",\"position\":2,\"name\":\"Shop\",\"item\":\"https:\\\/\\\/www.comprarmejor.es\\\/en\\\/shop\\\/\"},{\"@type\":\"ListItem\",\"position\":3,\"name\":\"Book of Hours of Margarita de Borb\u00f3n, s. XV (with exhibitor)\"}]},{\"@type\":\"WebSite\",\"@id\":\"https:\\\/\\\/www.comprarmejor.es\\\/en\\\/#website\",\"url\":\"https:\\\/\\\/www.comprarmejor.es\\\/en\\\/\",\"name\":\"ComprarMejor\",\"description\":\"ComprarMejor\",\"publisher\":{\"@id\":\"https:\\\/\\\/www.comprarmejor.es\\\/en\\\/#organization\"},\"potentialAction\":[{\"@type\":\"SearchAction\",\"target\":{\"@type\":\"EntryPoint\",\"urlTemplate\":\"https:\\\/\\\/www.comprarmejor.es\\\/en\\\/?s={search_term_string}\"},\"query-input\":{\"@type\":\"PropertyValueSpecification\",\"valueRequired\":true,\"valueName\":\"search_term_string\"}}],\"inLanguage\":\"en-US\"},{\"@type\":\"Organization\",\"@id\":\"https:\\\/\\\/www.comprarmejor.es\\\/en\\\/#organization\",\"name\":\"COMPRAR MEJOR\",\"url\":\"https:\\\/\\\/www.comprarmejor.es\\\/en\\\/\",\"logo\":{\"@type\":\"ImageObject\",\"inLanguage\":\"en-US\",\"@id\":\"https:\\\/\\\/www.comprarmejor.es\\\/en\\\/#\\\/schema\\\/logo\\\/image\\\/\",\"url\":\"https:\\\/\\\/www.comprarmejor.es\\\/wp-content\\\/uploads\\\/2025\\\/09\\\/comprarmejortrinidad.jpg\",\"contentUrl\":\"https:\\\/\\\/www.comprarmejor.es\\\/wp-content\\\/uploads\\\/2025\\\/09\\\/comprarmejortrinidad.jpg\",\"width\":1022,\"height\":1380,\"caption\":\"COMPRAR MEJOR\"},\"image\":{\"@id\":\"https:\\\/\\\/www.comprarmejor.es\\\/en\\\/#\\\/schema\\\/logo\\\/image\\\/\"},\"sameAs\":[\"https:\\\/\\\/www.instagram.com\\\/amigosdelcodice\"]}]}<\/script>\n<!-- \/ Yoast SEO plugin. -->","yoast_head_json":{"title":"Book of Hours of Margarita de Borb\u00f3n, s. XV (with exhibitor)","description":"Beautiful facsimile of the Book of Hours of Margaret of Bourbon made in 2006 of the codex (record 6) of the Library of the L\u00e1zaro Galdiano Foundation,","robots":{"index":"index","follow":"follow","max-snippet":"max-snippet:-1","max-image-preview":"max-image-preview:large","max-video-preview":"max-video-preview:-1"},"canonical":"https:\/\/www.comprarmejor.es\/en\/product\/book-of-hours-of-margarita-de-borbon-s-xv-with-exhibitor\/","og_locale":"en_US","og_type":"article","og_title":"Book of Hours of Margarita de Borb\u00f3n, s. XV (with exhibitor)","og_description":"Beautiful facsimile of the Book of Hours of Margaret of Bourbon made in 2006 of the codex (record 6) of the Library of the L\u00e1zaro Galdiano Foundation,","og_url":"https:\/\/www.comprarmejor.es\/en\/product\/book-of-hours-of-margarita-de-borbon-s-xv-with-exhibitor\/","og_site_name":"ComprarMejor","article_modified_time":"2023-11-25T11:36:13+00:00","og_image":[{"width":754,"height":523,"url":"https:\/\/www.comprarmejor.es\/wp-content\/uploads\/2016\/01\/LHMBs-1.jpg","type":"image\/jpeg"}],"twitter_card":"summary_large_image","twitter_misc":{"Est. reading time":"2 minutes"},"schema":{"@context":"https:\/\/schema.org","@graph":[{"@type":"WebPage","@id":"https:\/\/www.comprarmejor.es\/en\/product\/book-of-hours-of-margarita-de-borbon-s-xv-with-exhibitor\/","url":"https:\/\/www.comprarmejor.es\/en\/product\/book-of-hours-of-margarita-de-borbon-s-xv-with-exhibitor\/","name":"Book of Hours of Margarita de Borb\u00f3n, s. XV (with exhibitor)","isPartOf":{"@id":"https:\/\/www.comprarmejor.es\/en\/#website"},"primaryImageOfPage":{"@id":"https:\/\/www.comprarmejor.es\/en\/product\/book-of-hours-of-margarita-de-borbon-s-xv-with-exhibitor\/#primaryimage"},"image":{"@id":"https:\/\/www.comprarmejor.es\/en\/product\/book-of-hours-of-margarita-de-borbon-s-xv-with-exhibitor\/#primaryimage"},"thumbnailUrl":"https:\/\/www.comprarmejor.es\/wp-content\/uploads\/2016\/01\/LHMBs-1.jpg","datePublished":"2016-01-18T17:19:05+00:00","dateModified":"2023-11-25T11:36:13+00:00","description":"Beautiful facsimile of the Book of Hours of Margaret of Bourbon made in 2006 of the codex (record 6) of the Library of the L\u00e1zaro Galdiano Foundation,","breadcrumb":{"@id":"https:\/\/www.comprarmejor.es\/en\/product\/book-of-hours-of-margarita-de-borbon-s-xv-with-exhibitor\/#breadcrumb"},"inLanguage":"en-US","potentialAction":[{"@type":"ReadAction","target":["https:\/\/www.comprarmejor.es\/en\/product\/book-of-hours-of-margarita-de-borbon-s-xv-with-exhibitor\/"]}]},{"@type":"ImageObject","inLanguage":"en-US","@id":"https:\/\/www.comprarmejor.es\/en\/product\/book-of-hours-of-margarita-de-borbon-s-xv-with-exhibitor\/#primaryimage","url":"https:\/\/www.comprarmejor.es\/wp-content\/uploads\/2016\/01\/LHMBs-1.jpg","contentUrl":"https:\/\/www.comprarmejor.es\/wp-content\/uploads\/2016\/01\/LHMBs-1.jpg","width":754,"height":523},{"@type":"BreadcrumbList","@id":"https:\/\/www.comprarmejor.es\/en\/product\/book-of-hours-of-margarita-de-borbon-s-xv-with-exhibitor\/#breadcrumb","itemListElement":[{"@type":"ListItem","position":1,"name":"Portada","item":"https:\/\/www.comprarmejor.es\/en\/"},{"@type":"ListItem","position":2,"name":"Shop","item":"https:\/\/www.comprarmejor.es\/en\/shop\/"},{"@type":"ListItem","position":3,"name":"Book of Hours of Margarita de Borb\u00f3n, s. XV (with exhibitor)"}]},{"@type":"WebSite","@id":"https:\/\/www.comprarmejor.es\/en\/#website","url":"https:\/\/www.comprarmejor.es\/en\/","name":"ComprarMejor","description":"ComprarMejor","publisher":{"@id":"https:\/\/www.comprarmejor.es\/en\/#organization"},"potentialAction":[{"@type":"SearchAction","target":{"@type":"EntryPoint","urlTemplate":"https:\/\/www.comprarmejor.es\/en\/?s={search_term_string}"},"query-input":{"@type":"PropertyValueSpecification","valueRequired":true,"valueName":"search_term_string"}}],"inLanguage":"en-US"},{"@type":"Organization","@id":"https:\/\/www.comprarmejor.es\/en\/#organization","name":"COMPRAR MEJOR","url":"https:\/\/www.comprarmejor.es\/en\/","logo":{"@type":"ImageObject","inLanguage":"en-US","@id":"https:\/\/www.comprarmejor.es\/en\/#\/schema\/logo\/image\/","url":"https:\/\/www.comprarmejor.es\/wp-content\/uploads\/2025\/09\/comprarmejortrinidad.jpg","contentUrl":"https:\/\/www.comprarmejor.es\/wp-content\/uploads\/2025\/09\/comprarmejortrinidad.jpg","width":1022,"height":1380,"caption":"COMPRAR MEJOR"},"image":{"@id":"https:\/\/www.comprarmejor.es\/en\/#\/schema\/logo\/image\/"},"sameAs":["https:\/\/www.instagram.com\/amigosdelcodice"]}]}},"_links":{"self":[{"href":"https:\/\/www.comprarmejor.es\/en\/wp-json\/wp\/v2\/product\/51799","targetHints":{"allow":["GET"]}}],"collection":[{"href":"https:\/\/www.comprarmejor.es\/en\/wp-json\/wp\/v2\/product"}],"about":[{"href":"https:\/\/www.comprarmejor.es\/en\/wp-json\/wp\/v2\/types\/product"}],"wp:featuredmedia":[{"embeddable":true,"href":"https:\/\/www.comprarmejor.es\/en\/wp-json\/wp\/v2\/media\/91072"}],"wp:attachment":[{"href":"https:\/\/www.comprarmejor.es\/en\/wp-json\/wp\/v2\/media?parent=51799"}],"wp:term":[{"taxonomy":"product_brand","embeddable":true,"href":"https:\/\/www.comprarmejor.es\/en\/wp-json\/wp\/v2\/product_brand?post=51799"},{"taxonomy":"product_cat","embeddable":true,"href":"https:\/\/www.comprarmejor.es\/en\/wp-json\/wp\/v2\/product_cat?post=51799"},{"taxonomy":"product_tag","embeddable":true,"href":"https:\/\/www.comprarmejor.es\/en\/wp-json\/wp\/v2\/product_tag?post=51799"}],"curies":[{"name":"wp","href":"https:\/\/api.w.org\/{rel}","templated":true}]}}