{"id":51811,"date":"2016-01-18T18:55:44","date_gmt":"2016-01-18T17:55:44","guid":{"rendered":"https:\/\/www.comprarmejor.es\/producto\/travel-around-a-miniature-duran-y-sanpere-1949\/"},"modified":"2019-09-16T22:48:35","modified_gmt":"2019-09-16T20:48:35","slug":"travel-around-a-miniature-duran-y-sanpere-1949","status":"publish","type":"product","link":"https:\/\/www.comprarmejor.es\/en\/product\/travel-around-a-miniature-duran-y-sanpere-1949\/","title":{"rendered":"Travel around a miniature, Duran y Sanpere, 1949"},"content":{"rendered":"<p style=\"text-align:justify;\"><span id=\"result_box\" lang=\"en\" xml:lang=\"en\"><span class=\"hps\"><span lang=\"en\" xml:lang=\"en\"><span title=\"Peque\u00f1o libreto referente al estudio de una miniatura editado por Seix y Barral en 1949 para sus clientes, suponemos que como regalo de Navidad de ese a\u00f1o.\">Small booklet regarding the study of a miniature edited by Seix Barral in 1949 and for its customers, assume that as a Christmas gift that year.<\/p>\n<p><\/span><span title=\"Viaje alrededor de una miniatura.\">Travel around a thumbnail. <\/span><span title=\"Escrito por Agust\u00edn Dur\u00e1n y Sanpere, Director del Archivo Hist\u00f3rico de la Ciudad de Barcelona.\">Written by Agustin Duran and Sanpere, Director of the Historical Archives of the City of Barcelona. <\/span><span title=\"Estudio basado en la miniatura de un c\u00f3dice de 1448, Comentarios a los Usatges, de Jaime Marquilles.\">based on the model of a codex of 1448, Comments on the Usatges, Jaime Marquilles study.<\/p>\n<p><\/span><span title=\"Formato 13,5 x 19,5 cm.\">13.5 x 19.5 cm format. <\/span><span title=\"24 p\u00e1ginas.\">24 pages. <\/span><span title=\"Papel envejecido, oros en ilustraciones, guardas doradas, con dedicatoria manuscrita.\">aged paper, illustrations golds, golden guards, with handwritten dedication.<\/span><\/span><\/span><\/p>\n<p><span class=\"hps\">Shipping<\/span> <span class=\"hps\">by the buyer<\/span>, <span class=\"hps\">upon request<\/span> <span class=\"hps\">and destination.<\/span>\u00a0<a class=\"btn btn-default\" href=\"http:\/\/comprarmejor.es\/en\/contact\">Ask us<\/a> <span class=\"hps\">any <\/span><span class=\"hps\"><span lang=\"en\" xml:lang=\"en\"><span title=\"Cons\u00faltenos cualquier duda, as\u00ed como por cualquier otro art\u00edculo que est\u00e9 buscando.\">questions, as well as any other items you are seeking<\/span><\/span><\/span>.<\/span><\/p>\n","protected":false},"excerpt":{"rendered":"<p style=\"text-align:justify;\"><span id=\"result_box\" lang=\"en\" xml:lang=\"en\"><span lang=\"en\" xml:lang=\"en\"><span title=\"Peque\u00f1o libreto referente al estudio de una miniatura editado por Seix y Barral en 1949 para sus clientes, suponemos que como regalo de Navidad de ese a\u00f1o.\">Small booklet regarding the study of a miniature edited by Seix Barral in 1949 and for its customers, assume that as a Christmas gift that year.<\/span><\/span><br \/><\/span><\/p>\n","protected":false},"featured_media":51801,"template":"","meta":[],"product_brand":[],"product_cat":[2210,2188],"product_tag":[],"class_list":{"0":"post-51811","1":"product","2":"type-product","3":"status-publish","4":"has-post-thumbnail","6":"product_cat-bibliophilia","7":"product_cat-books","8":"product_shipping_class-from-0-to-1-kg","9":"description-off","11":"first","12":"instock","13":"sale","14":"taxable","15":"shipping-taxable","16":"purchasable","17":"product-type-simple"},"yoast_head":"<!-- This site is optimized with the Yoast SEO plugin v27.3 - https:\/\/yoast.com\/product\/yoast-seo-wordpress\/ -->\n<title>Travel around a miniature, Duran y Sanpere, 1949<\/title>\n<meta name=\"description\" content=\"Small booklet regarding the study of a miniature edited by Seix Barral in 1949 and for its customers, assume that as a Christmas gift that year.\" \/>\n<meta name=\"robots\" content=\"index, follow, max-snippet:-1, max-image-preview:large, max-video-preview:-1\" \/>\n<link rel=\"canonical\" href=\"https:\/\/www.comprarmejor.es\/en\/product\/travel-around-a-miniature-duran-y-sanpere-1949\/\" \/>\n<meta property=\"og:locale\" content=\"en_US\" \/>\n<meta property=\"og:type\" content=\"article\" \/>\n<meta property=\"og:title\" content=\"Travel around a miniature, Duran y Sanpere, 1949\" \/>\n<meta property=\"og:description\" content=\"Small booklet regarding the study of a miniature edited by Seix Barral in 1949 and for its customers, assume that as a Christmas gift that year.\" \/>\n<meta property=\"og:url\" content=\"https:\/\/www.comprarmejor.es\/en\/product\/travel-around-a-miniature-duran-y-sanpere-1949\/\" \/>\n<meta property=\"og:site_name\" content=\"ComprarMejor\" \/>\n<meta property=\"article:modified_time\" content=\"2019-09-16T20:48:35+00:00\" \/>\n<meta property=\"og:image\" content=\"https:\/\/www.comprarmejor.es\/wp-content\/uploads\/2016\/01\/p_6_8_8_1_6881-Viaje-alrededor-de-una-miniatura-Duran-y-Sanpere-1949.jpg\" \/>\n\t<meta property=\"og:image:width\" content=\"469\" \/>\n\t<meta property=\"og:image:height\" content=\"600\" \/>\n\t<meta property=\"og:image:type\" content=\"image\/jpeg\" \/>\n<meta name=\"twitter:card\" content=\"summary_large_image\" \/>\n<script type=\"application\/ld+json\" class=\"yoast-schema-graph\">{\"@context\":\"https:\\\/\\\/schema.org\",\"@graph\":[{\"@type\":\"WebPage\",\"@id\":\"https:\\\/\\\/www.comprarmejor.es\\\/en\\\/product\\\/travel-around-a-miniature-duran-y-sanpere-1949\\\/\",\"url\":\"https:\\\/\\\/www.comprarmejor.es\\\/en\\\/product\\\/travel-around-a-miniature-duran-y-sanpere-1949\\\/\",\"name\":\"Travel around a miniature, Duran y Sanpere, 1949\",\"isPartOf\":{\"@id\":\"https:\\\/\\\/www.comprarmejor.es\\\/en\\\/#website\"},\"primaryImageOfPage\":{\"@id\":\"https:\\\/\\\/www.comprarmejor.es\\\/en\\\/product\\\/travel-around-a-miniature-duran-y-sanpere-1949\\\/#primaryimage\"},\"image\":{\"@id\":\"https:\\\/\\\/www.comprarmejor.es\\\/en\\\/product\\\/travel-around-a-miniature-duran-y-sanpere-1949\\\/#primaryimage\"},\"thumbnailUrl\":\"https:\\\/\\\/www.comprarmejor.es\\\/wp-content\\\/uploads\\\/2016\\\/01\\\/p_6_8_8_1_6881-Viaje-alrededor-de-una-miniatura-Duran-y-Sanpere-1949.jpg\",\"datePublished\":\"2016-01-18T17:55:44+00:00\",\"dateModified\":\"2019-09-16T20:48:35+00:00\",\"description\":\"Small booklet regarding the study of a miniature edited by Seix Barral in 1949 and for its customers, assume that as a Christmas gift that year.\",\"breadcrumb\":{\"@id\":\"https:\\\/\\\/www.comprarmejor.es\\\/en\\\/product\\\/travel-around-a-miniature-duran-y-sanpere-1949\\\/#breadcrumb\"},\"inLanguage\":\"en-US\",\"potentialAction\":[{\"@type\":\"ReadAction\",\"target\":[\"https:\\\/\\\/www.comprarmejor.es\\\/en\\\/product\\\/travel-around-a-miniature-duran-y-sanpere-1949\\\/\"]}]},{\"@type\":\"ImageObject\",\"inLanguage\":\"en-US\",\"@id\":\"https:\\\/\\\/www.comprarmejor.es\\\/en\\\/product\\\/travel-around-a-miniature-duran-y-sanpere-1949\\\/#primaryimage\",\"url\":\"https:\\\/\\\/www.comprarmejor.es\\\/wp-content\\\/uploads\\\/2016\\\/01\\\/p_6_8_8_1_6881-Viaje-alrededor-de-una-miniatura-Duran-y-Sanpere-1949.jpg\",\"contentUrl\":\"https:\\\/\\\/www.comprarmejor.es\\\/wp-content\\\/uploads\\\/2016\\\/01\\\/p_6_8_8_1_6881-Viaje-alrededor-de-una-miniatura-Duran-y-Sanpere-1949.jpg\",\"width\":469,\"height\":600},{\"@type\":\"BreadcrumbList\",\"@id\":\"https:\\\/\\\/www.comprarmejor.es\\\/en\\\/product\\\/travel-around-a-miniature-duran-y-sanpere-1949\\\/#breadcrumb\",\"itemListElement\":[{\"@type\":\"ListItem\",\"position\":1,\"name\":\"Portada\",\"item\":\"https:\\\/\\\/www.comprarmejor.es\\\/en\\\/\"},{\"@type\":\"ListItem\",\"position\":2,\"name\":\"Shop\",\"item\":\"https:\\\/\\\/www.comprarmejor.es\\\/en\\\/shop\\\/\"},{\"@type\":\"ListItem\",\"position\":3,\"name\":\"Travel around a miniature, Duran y Sanpere, 1949\"}]},{\"@type\":\"WebSite\",\"@id\":\"https:\\\/\\\/www.comprarmejor.es\\\/en\\\/#website\",\"url\":\"https:\\\/\\\/www.comprarmejor.es\\\/en\\\/\",\"name\":\"ComprarMejor\",\"description\":\"ComprarMejor\",\"publisher\":{\"@id\":\"https:\\\/\\\/www.comprarmejor.es\\\/en\\\/#organization\"},\"potentialAction\":[{\"@type\":\"SearchAction\",\"target\":{\"@type\":\"EntryPoint\",\"urlTemplate\":\"https:\\\/\\\/www.comprarmejor.es\\\/en\\\/?s={search_term_string}\"},\"query-input\":{\"@type\":\"PropertyValueSpecification\",\"valueRequired\":true,\"valueName\":\"search_term_string\"}}],\"inLanguage\":\"en-US\"},{\"@type\":\"Organization\",\"@id\":\"https:\\\/\\\/www.comprarmejor.es\\\/en\\\/#organization\",\"name\":\"COMPRAR MEJOR\",\"url\":\"https:\\\/\\\/www.comprarmejor.es\\\/en\\\/\",\"logo\":{\"@type\":\"ImageObject\",\"inLanguage\":\"en-US\",\"@id\":\"https:\\\/\\\/www.comprarmejor.es\\\/en\\\/#\\\/schema\\\/logo\\\/image\\\/\",\"url\":\"https:\\\/\\\/www.comprarmejor.es\\\/wp-content\\\/uploads\\\/2025\\\/09\\\/comprarmejortrinidad.jpg\",\"contentUrl\":\"https:\\\/\\\/www.comprarmejor.es\\\/wp-content\\\/uploads\\\/2025\\\/09\\\/comprarmejortrinidad.jpg\",\"width\":1022,\"height\":1380,\"caption\":\"COMPRAR MEJOR\"},\"image\":{\"@id\":\"https:\\\/\\\/www.comprarmejor.es\\\/en\\\/#\\\/schema\\\/logo\\\/image\\\/\"},\"sameAs\":[\"https:\\\/\\\/www.instagram.com\\\/amigosdelcodice\"]}]}<\/script>\n<!-- \/ Yoast SEO plugin. -->","yoast_head_json":{"title":"Travel around a miniature, Duran y Sanpere, 1949","description":"Small booklet regarding the study of a miniature edited by Seix Barral in 1949 and for its customers, assume that as a Christmas gift that year.","robots":{"index":"index","follow":"follow","max-snippet":"max-snippet:-1","max-image-preview":"max-image-preview:large","max-video-preview":"max-video-preview:-1"},"canonical":"https:\/\/www.comprarmejor.es\/en\/product\/travel-around-a-miniature-duran-y-sanpere-1949\/","og_locale":"en_US","og_type":"article","og_title":"Travel around a miniature, Duran y Sanpere, 1949","og_description":"Small booklet regarding the study of a miniature edited by Seix Barral in 1949 and for its customers, assume that as a Christmas gift that year.","og_url":"https:\/\/www.comprarmejor.es\/en\/product\/travel-around-a-miniature-duran-y-sanpere-1949\/","og_site_name":"ComprarMejor","article_modified_time":"2019-09-16T20:48:35+00:00","og_image":[{"width":469,"height":600,"url":"https:\/\/www.comprarmejor.es\/wp-content\/uploads\/2016\/01\/p_6_8_8_1_6881-Viaje-alrededor-de-una-miniatura-Duran-y-Sanpere-1949.jpg","type":"image\/jpeg"}],"twitter_card":"summary_large_image","schema":{"@context":"https:\/\/schema.org","@graph":[{"@type":"WebPage","@id":"https:\/\/www.comprarmejor.es\/en\/product\/travel-around-a-miniature-duran-y-sanpere-1949\/","url":"https:\/\/www.comprarmejor.es\/en\/product\/travel-around-a-miniature-duran-y-sanpere-1949\/","name":"Travel around a miniature, Duran y Sanpere, 1949","isPartOf":{"@id":"https:\/\/www.comprarmejor.es\/en\/#website"},"primaryImageOfPage":{"@id":"https:\/\/www.comprarmejor.es\/en\/product\/travel-around-a-miniature-duran-y-sanpere-1949\/#primaryimage"},"image":{"@id":"https:\/\/www.comprarmejor.es\/en\/product\/travel-around-a-miniature-duran-y-sanpere-1949\/#primaryimage"},"thumbnailUrl":"https:\/\/www.comprarmejor.es\/wp-content\/uploads\/2016\/01\/p_6_8_8_1_6881-Viaje-alrededor-de-una-miniatura-Duran-y-Sanpere-1949.jpg","datePublished":"2016-01-18T17:55:44+00:00","dateModified":"2019-09-16T20:48:35+00:00","description":"Small booklet regarding the study of a miniature edited by Seix Barral in 1949 and for its customers, assume that as a Christmas gift that year.","breadcrumb":{"@id":"https:\/\/www.comprarmejor.es\/en\/product\/travel-around-a-miniature-duran-y-sanpere-1949\/#breadcrumb"},"inLanguage":"en-US","potentialAction":[{"@type":"ReadAction","target":["https:\/\/www.comprarmejor.es\/en\/product\/travel-around-a-miniature-duran-y-sanpere-1949\/"]}]},{"@type":"ImageObject","inLanguage":"en-US","@id":"https:\/\/www.comprarmejor.es\/en\/product\/travel-around-a-miniature-duran-y-sanpere-1949\/#primaryimage","url":"https:\/\/www.comprarmejor.es\/wp-content\/uploads\/2016\/01\/p_6_8_8_1_6881-Viaje-alrededor-de-una-miniatura-Duran-y-Sanpere-1949.jpg","contentUrl":"https:\/\/www.comprarmejor.es\/wp-content\/uploads\/2016\/01\/p_6_8_8_1_6881-Viaje-alrededor-de-una-miniatura-Duran-y-Sanpere-1949.jpg","width":469,"height":600},{"@type":"BreadcrumbList","@id":"https:\/\/www.comprarmejor.es\/en\/product\/travel-around-a-miniature-duran-y-sanpere-1949\/#breadcrumb","itemListElement":[{"@type":"ListItem","position":1,"name":"Portada","item":"https:\/\/www.comprarmejor.es\/en\/"},{"@type":"ListItem","position":2,"name":"Shop","item":"https:\/\/www.comprarmejor.es\/en\/shop\/"},{"@type":"ListItem","position":3,"name":"Travel around a miniature, Duran y Sanpere, 1949"}]},{"@type":"WebSite","@id":"https:\/\/www.comprarmejor.es\/en\/#website","url":"https:\/\/www.comprarmejor.es\/en\/","name":"ComprarMejor","description":"ComprarMejor","publisher":{"@id":"https:\/\/www.comprarmejor.es\/en\/#organization"},"potentialAction":[{"@type":"SearchAction","target":{"@type":"EntryPoint","urlTemplate":"https:\/\/www.comprarmejor.es\/en\/?s={search_term_string}"},"query-input":{"@type":"PropertyValueSpecification","valueRequired":true,"valueName":"search_term_string"}}],"inLanguage":"en-US"},{"@type":"Organization","@id":"https:\/\/www.comprarmejor.es\/en\/#organization","name":"COMPRAR MEJOR","url":"https:\/\/www.comprarmejor.es\/en\/","logo":{"@type":"ImageObject","inLanguage":"en-US","@id":"https:\/\/www.comprarmejor.es\/en\/#\/schema\/logo\/image\/","url":"https:\/\/www.comprarmejor.es\/wp-content\/uploads\/2025\/09\/comprarmejortrinidad.jpg","contentUrl":"https:\/\/www.comprarmejor.es\/wp-content\/uploads\/2025\/09\/comprarmejortrinidad.jpg","width":1022,"height":1380,"caption":"COMPRAR MEJOR"},"image":{"@id":"https:\/\/www.comprarmejor.es\/en\/#\/schema\/logo\/image\/"},"sameAs":["https:\/\/www.instagram.com\/amigosdelcodice"]}]}},"_links":{"self":[{"href":"https:\/\/www.comprarmejor.es\/en\/wp-json\/wp\/v2\/product\/51811","targetHints":{"allow":["GET"]}}],"collection":[{"href":"https:\/\/www.comprarmejor.es\/en\/wp-json\/wp\/v2\/product"}],"about":[{"href":"https:\/\/www.comprarmejor.es\/en\/wp-json\/wp\/v2\/types\/product"}],"wp:featuredmedia":[{"embeddable":true,"href":"https:\/\/www.comprarmejor.es\/en\/wp-json\/wp\/v2\/media\/51801"}],"wp:attachment":[{"href":"https:\/\/www.comprarmejor.es\/en\/wp-json\/wp\/v2\/media?parent=51811"}],"wp:term":[{"taxonomy":"product_brand","embeddable":true,"href":"https:\/\/www.comprarmejor.es\/en\/wp-json\/wp\/v2\/product_brand?post=51811"},{"taxonomy":"product_cat","embeddable":true,"href":"https:\/\/www.comprarmejor.es\/en\/wp-json\/wp\/v2\/product_cat?post=51811"},{"taxonomy":"product_tag","embeddable":true,"href":"https:\/\/www.comprarmejor.es\/en\/wp-json\/wp\/v2\/product_tag?post=51811"}],"curies":[{"name":"wp","href":"https:\/\/api.w.org\/{rel}","templated":true}]}}