{"id":51853,"date":"2016-01-19T17:58:41","date_gmt":"2016-01-19T16:58:41","guid":{"rendered":"https:\/\/www.comprarmejor.es\/producto\/seville-commendation-mills-1623-number-1\/"},"modified":"2019-09-08T23:00:12","modified_gmt":"2019-09-08T21:00:12","slug":"seville-commendation-mills-1623-number-1","status":"publish","type":"product","link":"https:\/\/www.comprarmejor.es\/en\/product\/seville-commendation-mills-1623-number-1\/","title":{"rendered":"Seville Commendation mills &#8230; 1623 (Number 1)"},"content":{"rendered":"<p style=\"text-align:justify;\"><span id=\"result_box\" lang=\"en\" xml:lang=\"en\"><span title=\"Encomio de los ingenios sevillanos en la fiesta de los Santos Ignacio de Loyola y Francisco Javier..., de Juan Antonio de Ibarra.\">Seville Commendation mills in the Feast of Saints Ignatius of Loyola and Francisco Javier &#8230; Juan Antonio de Ibarra. <\/span><span title=\"Con la aprobaci\u00f3n de Lope de Vega Carpio.\">With the approval of Lope de Vega Carpio. <\/span><span title=\"Literatura Siglo de Oro espa\u00f1ol.\">Spanish Golden Age literature. <\/span><span title=\"Bibliofilia.\">Bibliophile.<\/p>\n<p><\/span><span title=\"Edici\u00f3n facs\u00edmile de 1950 en Valencia de la edici\u00f3n pr\u00edncipe de Sevilla de 1623. Tirada limitada a tan s\u00f3lo 218 ejemplares y numerados nominativamente, siendo este ejemplar que ofrecemos el correspondiente al n\u00famero 1.\">Facsimile edition of 1950 in Valencia the Prince de Sevilla 1623. limited edition only 218 copies and numbered by name Chuck, being this issue we offer corresponding to number 1.<\/p>\n<p><\/span><span title=\"Edici\u00f3n realizada a la manera antigua, cortes desiguales en los cantos, se\u00f1ales de vejez, cubiertas tipogr\u00e1ficas, ejemplar como si fuera un original de 1623 (aunque en mejor estado).\">Editing done the old fashioned way, uneven cuts in the songs, signs of age, typographic covers, copy like an original of 1623 (although in better shape).<\/p>\n<p><\/span><span title=\"Formato 18,3 x 26,2 cm.\">18.3 x 26.2 cm format. <\/span><span title=\"184 p\u00e1ginas.\">184 pages.<\/p>\n<p><\/span><span title=\"Gastos de env\u00edo por cuenta del comprador, seg\u00fan pedido y destino.\">Shipping by the buyer, upon request and destination.\u00a0<\/span><span title=\"Cons\u00faltenos cualquier duda, as\u00ed como por cualquier otro facs\u00edmile o art\u00edculo que est\u00e9 buscando.\"><a class=\"btn btn-default\" href=\"http:\/\/comprarmejor.es\/en\/contact\">Ask us<\/a> any questions and facsimile or any other item he seeks.<\/span><\/span><\/p>\n","protected":false},"excerpt":{"rendered":"<p style=\"text-align:justify;\"><span id=\"result_box\" lang=\"en\" xml:lang=\"en\"><span title=\"Encomio de los ingenios sevillanos en la fiesta de los Santos Ignacio de Loyola y Francisco Javier..., de Juan Antonio de Ibarra.\">Seville Commendation mills in the Feast of Saints Ignatius of Loyola and Francisco Javier &#8230; Juan Antonio de Ibarra. <\/span><span title=\"Con la aprobaci\u00f3n de Lope de Vega Carpio.\">With the approval of Lope de Vega Carpio. <\/span><span title=\"Literatura Siglo de Oro espa\u00f1ol.\">Spanish Golden Age literature. <\/span><span title=\"Bibliofilia.\">Bibliophile.<\/span><\/span><\/p>\n","protected":false},"featured_media":51845,"template":"","meta":[],"product_brand":[],"product_cat":[2210,2188,2184,2250],"product_tag":[4572,4571],"class_list":{"0":"post-51853","1":"product","2":"type-product","3":"status-publish","4":"has-post-thumbnail","6":"product_cat-bibliophilia","7":"product_cat-books","8":"product_cat-facsimiles-editions","9":"product_cat-other-facsimiles","10":"product_tag-ibarra-en-2","11":"product_tag-lope-de-vega-en","12":"product_shipping_class-from-2-to-5-kg","13":"description-off","15":"first","16":"instock","17":"taxable","18":"shipping-taxable","19":"purchasable","20":"product-type-simple"},"yoast_head":"<!-- This site is optimized with the Yoast SEO plugin v27.3 - https:\/\/yoast.com\/product\/yoast-seo-wordpress\/ -->\n<title>Seville Commendation mills ... 1623 (Number 1)<\/title>\n<meta name=\"description\" content=\"Seville Commendation mills in the Feast of Saints Ignatius of Loyola and Francisco Javier ... Juan Antonio de Ibarra. With the approval of Lope de Vega Carpio.\" \/>\n<meta name=\"robots\" content=\"index, follow, max-snippet:-1, max-image-preview:large, max-video-preview:-1\" \/>\n<link rel=\"canonical\" href=\"https:\/\/www.comprarmejor.es\/en\/product\/seville-commendation-mills-1623-number-1\/\" \/>\n<meta property=\"og:locale\" content=\"en_US\" \/>\n<meta property=\"og:type\" content=\"article\" \/>\n<meta property=\"og:title\" content=\"Seville Commendation mills ... 1623 (Number 1)\" \/>\n<meta property=\"og:description\" content=\"Seville Commendation mills in the Feast of Saints Ignatius of Loyola and Francisco Javier ... Juan Antonio de Ibarra. With the approval of Lope de Vega Carpio.\" \/>\n<meta property=\"og:url\" content=\"https:\/\/www.comprarmejor.es\/en\/product\/seville-commendation-mills-1623-number-1\/\" \/>\n<meta property=\"og:site_name\" content=\"ComprarMejor\" \/>\n<meta property=\"article:modified_time\" content=\"2019-09-08T21:00:12+00:00\" \/>\n<meta property=\"og:image\" content=\"https:\/\/www.comprarmejor.es\/wp-content\/uploads\/2016\/01\/p_2_6_2_4_2624-Encomio-de-los-ingenios-sevillanos...-ano-1623-Numero-1.jpg\" \/>\n\t<meta property=\"og:image:width\" content=\"483\" \/>\n\t<meta property=\"og:image:height\" content=\"600\" \/>\n\t<meta property=\"og:image:type\" content=\"image\/jpeg\" \/>\n<meta name=\"twitter:card\" content=\"summary_large_image\" \/>\n<meta name=\"twitter:label1\" content=\"Est. reading time\" \/>\n\t<meta name=\"twitter:data1\" content=\"1 minute\" \/>\n<script type=\"application\/ld+json\" class=\"yoast-schema-graph\">{\"@context\":\"https:\\\/\\\/schema.org\",\"@graph\":[{\"@type\":\"WebPage\",\"@id\":\"https:\\\/\\\/www.comprarmejor.es\\\/en\\\/product\\\/seville-commendation-mills-1623-number-1\\\/\",\"url\":\"https:\\\/\\\/www.comprarmejor.es\\\/en\\\/product\\\/seville-commendation-mills-1623-number-1\\\/\",\"name\":\"Seville Commendation mills ... 1623 (Number 1)\",\"isPartOf\":{\"@id\":\"https:\\\/\\\/www.comprarmejor.es\\\/en\\\/#website\"},\"primaryImageOfPage\":{\"@id\":\"https:\\\/\\\/www.comprarmejor.es\\\/en\\\/product\\\/seville-commendation-mills-1623-number-1\\\/#primaryimage\"},\"image\":{\"@id\":\"https:\\\/\\\/www.comprarmejor.es\\\/en\\\/product\\\/seville-commendation-mills-1623-number-1\\\/#primaryimage\"},\"thumbnailUrl\":\"https:\\\/\\\/www.comprarmejor.es\\\/wp-content\\\/uploads\\\/2016\\\/01\\\/p_2_6_2_4_2624-Encomio-de-los-ingenios-sevillanos...-ano-1623-Numero-1.jpg\",\"datePublished\":\"2016-01-19T16:58:41+00:00\",\"dateModified\":\"2019-09-08T21:00:12+00:00\",\"description\":\"Seville Commendation mills in the Feast of Saints Ignatius of Loyola and Francisco Javier ... Juan Antonio de Ibarra. With the approval of Lope de Vega Carpio.\",\"breadcrumb\":{\"@id\":\"https:\\\/\\\/www.comprarmejor.es\\\/en\\\/product\\\/seville-commendation-mills-1623-number-1\\\/#breadcrumb\"},\"inLanguage\":\"en-US\",\"potentialAction\":[{\"@type\":\"ReadAction\",\"target\":[\"https:\\\/\\\/www.comprarmejor.es\\\/en\\\/product\\\/seville-commendation-mills-1623-number-1\\\/\"]}]},{\"@type\":\"ImageObject\",\"inLanguage\":\"en-US\",\"@id\":\"https:\\\/\\\/www.comprarmejor.es\\\/en\\\/product\\\/seville-commendation-mills-1623-number-1\\\/#primaryimage\",\"url\":\"https:\\\/\\\/www.comprarmejor.es\\\/wp-content\\\/uploads\\\/2016\\\/01\\\/p_2_6_2_4_2624-Encomio-de-los-ingenios-sevillanos...-ano-1623-Numero-1.jpg\",\"contentUrl\":\"https:\\\/\\\/www.comprarmejor.es\\\/wp-content\\\/uploads\\\/2016\\\/01\\\/p_2_6_2_4_2624-Encomio-de-los-ingenios-sevillanos...-ano-1623-Numero-1.jpg\",\"width\":483,\"height\":600},{\"@type\":\"BreadcrumbList\",\"@id\":\"https:\\\/\\\/www.comprarmejor.es\\\/en\\\/product\\\/seville-commendation-mills-1623-number-1\\\/#breadcrumb\",\"itemListElement\":[{\"@type\":\"ListItem\",\"position\":1,\"name\":\"Portada\",\"item\":\"https:\\\/\\\/www.comprarmejor.es\\\/en\\\/\"},{\"@type\":\"ListItem\",\"position\":2,\"name\":\"Shop\",\"item\":\"https:\\\/\\\/www.comprarmejor.es\\\/en\\\/shop\\\/\"},{\"@type\":\"ListItem\",\"position\":3,\"name\":\"Seville Commendation mills &#8230; 1623 (Number 1)\"}]},{\"@type\":\"WebSite\",\"@id\":\"https:\\\/\\\/www.comprarmejor.es\\\/en\\\/#website\",\"url\":\"https:\\\/\\\/www.comprarmejor.es\\\/en\\\/\",\"name\":\"ComprarMejor\",\"description\":\"ComprarMejor\",\"publisher\":{\"@id\":\"https:\\\/\\\/www.comprarmejor.es\\\/en\\\/#organization\"},\"potentialAction\":[{\"@type\":\"SearchAction\",\"target\":{\"@type\":\"EntryPoint\",\"urlTemplate\":\"https:\\\/\\\/www.comprarmejor.es\\\/en\\\/?s={search_term_string}\"},\"query-input\":{\"@type\":\"PropertyValueSpecification\",\"valueRequired\":true,\"valueName\":\"search_term_string\"}}],\"inLanguage\":\"en-US\"},{\"@type\":\"Organization\",\"@id\":\"https:\\\/\\\/www.comprarmejor.es\\\/en\\\/#organization\",\"name\":\"COMPRAR MEJOR\",\"url\":\"https:\\\/\\\/www.comprarmejor.es\\\/en\\\/\",\"logo\":{\"@type\":\"ImageObject\",\"inLanguage\":\"en-US\",\"@id\":\"https:\\\/\\\/www.comprarmejor.es\\\/en\\\/#\\\/schema\\\/logo\\\/image\\\/\",\"url\":\"https:\\\/\\\/www.comprarmejor.es\\\/wp-content\\\/uploads\\\/2025\\\/09\\\/comprarmejortrinidad.jpg\",\"contentUrl\":\"https:\\\/\\\/www.comprarmejor.es\\\/wp-content\\\/uploads\\\/2025\\\/09\\\/comprarmejortrinidad.jpg\",\"width\":1022,\"height\":1380,\"caption\":\"COMPRAR MEJOR\"},\"image\":{\"@id\":\"https:\\\/\\\/www.comprarmejor.es\\\/en\\\/#\\\/schema\\\/logo\\\/image\\\/\"},\"sameAs\":[\"https:\\\/\\\/www.instagram.com\\\/amigosdelcodice\"]}]}<\/script>\n<!-- \/ Yoast SEO plugin. -->","yoast_head_json":{"title":"Seville Commendation mills ... 1623 (Number 1)","description":"Seville Commendation mills in the Feast of Saints Ignatius of Loyola and Francisco Javier ... Juan Antonio de Ibarra. With the approval of Lope de Vega Carpio.","robots":{"index":"index","follow":"follow","max-snippet":"max-snippet:-1","max-image-preview":"max-image-preview:large","max-video-preview":"max-video-preview:-1"},"canonical":"https:\/\/www.comprarmejor.es\/en\/product\/seville-commendation-mills-1623-number-1\/","og_locale":"en_US","og_type":"article","og_title":"Seville Commendation mills ... 1623 (Number 1)","og_description":"Seville Commendation mills in the Feast of Saints Ignatius of Loyola and Francisco Javier ... Juan Antonio de Ibarra. With the approval of Lope de Vega Carpio.","og_url":"https:\/\/www.comprarmejor.es\/en\/product\/seville-commendation-mills-1623-number-1\/","og_site_name":"ComprarMejor","article_modified_time":"2019-09-08T21:00:12+00:00","og_image":[{"width":483,"height":600,"url":"https:\/\/www.comprarmejor.es\/wp-content\/uploads\/2016\/01\/p_2_6_2_4_2624-Encomio-de-los-ingenios-sevillanos...-ano-1623-Numero-1.jpg","type":"image\/jpeg"}],"twitter_card":"summary_large_image","twitter_misc":{"Est. reading time":"1 minute"},"schema":{"@context":"https:\/\/schema.org","@graph":[{"@type":"WebPage","@id":"https:\/\/www.comprarmejor.es\/en\/product\/seville-commendation-mills-1623-number-1\/","url":"https:\/\/www.comprarmejor.es\/en\/product\/seville-commendation-mills-1623-number-1\/","name":"Seville Commendation mills ... 1623 (Number 1)","isPartOf":{"@id":"https:\/\/www.comprarmejor.es\/en\/#website"},"primaryImageOfPage":{"@id":"https:\/\/www.comprarmejor.es\/en\/product\/seville-commendation-mills-1623-number-1\/#primaryimage"},"image":{"@id":"https:\/\/www.comprarmejor.es\/en\/product\/seville-commendation-mills-1623-number-1\/#primaryimage"},"thumbnailUrl":"https:\/\/www.comprarmejor.es\/wp-content\/uploads\/2016\/01\/p_2_6_2_4_2624-Encomio-de-los-ingenios-sevillanos...-ano-1623-Numero-1.jpg","datePublished":"2016-01-19T16:58:41+00:00","dateModified":"2019-09-08T21:00:12+00:00","description":"Seville Commendation mills in the Feast of Saints Ignatius of Loyola and Francisco Javier ... Juan Antonio de Ibarra. With the approval of Lope de Vega Carpio.","breadcrumb":{"@id":"https:\/\/www.comprarmejor.es\/en\/product\/seville-commendation-mills-1623-number-1\/#breadcrumb"},"inLanguage":"en-US","potentialAction":[{"@type":"ReadAction","target":["https:\/\/www.comprarmejor.es\/en\/product\/seville-commendation-mills-1623-number-1\/"]}]},{"@type":"ImageObject","inLanguage":"en-US","@id":"https:\/\/www.comprarmejor.es\/en\/product\/seville-commendation-mills-1623-number-1\/#primaryimage","url":"https:\/\/www.comprarmejor.es\/wp-content\/uploads\/2016\/01\/p_2_6_2_4_2624-Encomio-de-los-ingenios-sevillanos...-ano-1623-Numero-1.jpg","contentUrl":"https:\/\/www.comprarmejor.es\/wp-content\/uploads\/2016\/01\/p_2_6_2_4_2624-Encomio-de-los-ingenios-sevillanos...-ano-1623-Numero-1.jpg","width":483,"height":600},{"@type":"BreadcrumbList","@id":"https:\/\/www.comprarmejor.es\/en\/product\/seville-commendation-mills-1623-number-1\/#breadcrumb","itemListElement":[{"@type":"ListItem","position":1,"name":"Portada","item":"https:\/\/www.comprarmejor.es\/en\/"},{"@type":"ListItem","position":2,"name":"Shop","item":"https:\/\/www.comprarmejor.es\/en\/shop\/"},{"@type":"ListItem","position":3,"name":"Seville Commendation mills &#8230; 1623 (Number 1)"}]},{"@type":"WebSite","@id":"https:\/\/www.comprarmejor.es\/en\/#website","url":"https:\/\/www.comprarmejor.es\/en\/","name":"ComprarMejor","description":"ComprarMejor","publisher":{"@id":"https:\/\/www.comprarmejor.es\/en\/#organization"},"potentialAction":[{"@type":"SearchAction","target":{"@type":"EntryPoint","urlTemplate":"https:\/\/www.comprarmejor.es\/en\/?s={search_term_string}"},"query-input":{"@type":"PropertyValueSpecification","valueRequired":true,"valueName":"search_term_string"}}],"inLanguage":"en-US"},{"@type":"Organization","@id":"https:\/\/www.comprarmejor.es\/en\/#organization","name":"COMPRAR MEJOR","url":"https:\/\/www.comprarmejor.es\/en\/","logo":{"@type":"ImageObject","inLanguage":"en-US","@id":"https:\/\/www.comprarmejor.es\/en\/#\/schema\/logo\/image\/","url":"https:\/\/www.comprarmejor.es\/wp-content\/uploads\/2025\/09\/comprarmejortrinidad.jpg","contentUrl":"https:\/\/www.comprarmejor.es\/wp-content\/uploads\/2025\/09\/comprarmejortrinidad.jpg","width":1022,"height":1380,"caption":"COMPRAR MEJOR"},"image":{"@id":"https:\/\/www.comprarmejor.es\/en\/#\/schema\/logo\/image\/"},"sameAs":["https:\/\/www.instagram.com\/amigosdelcodice"]}]}},"_links":{"self":[{"href":"https:\/\/www.comprarmejor.es\/en\/wp-json\/wp\/v2\/product\/51853","targetHints":{"allow":["GET"]}}],"collection":[{"href":"https:\/\/www.comprarmejor.es\/en\/wp-json\/wp\/v2\/product"}],"about":[{"href":"https:\/\/www.comprarmejor.es\/en\/wp-json\/wp\/v2\/types\/product"}],"wp:featuredmedia":[{"embeddable":true,"href":"https:\/\/www.comprarmejor.es\/en\/wp-json\/wp\/v2\/media\/51845"}],"wp:attachment":[{"href":"https:\/\/www.comprarmejor.es\/en\/wp-json\/wp\/v2\/media?parent=51853"}],"wp:term":[{"taxonomy":"product_brand","embeddable":true,"href":"https:\/\/www.comprarmejor.es\/en\/wp-json\/wp\/v2\/product_brand?post=51853"},{"taxonomy":"product_cat","embeddable":true,"href":"https:\/\/www.comprarmejor.es\/en\/wp-json\/wp\/v2\/product_cat?post=51853"},{"taxonomy":"product_tag","embeddable":true,"href":"https:\/\/www.comprarmejor.es\/en\/wp-json\/wp\/v2\/product_tag?post=51853"}],"curies":[{"name":"wp","href":"https:\/\/api.w.org\/{rel}","templated":true}]}}