{"id":51895,"date":"2016-01-20T11:54:21","date_gmt":"2016-01-20T10:54:21","guid":{"rendered":"https:\/\/www.comprarmejor.es\/producto\/the-legend-of-the-holy-face-palatino-latin-codex-1988\/"},"modified":"2020-05-11T22:42:39","modified_gmt":"2020-05-11T20:42:39","slug":"the-legend-of-the-holy-face-palatino-latin-codex-1988","status":"publish","type":"product","link":"https:\/\/www.comprarmejor.es\/en\/product\/the-legend-of-the-holy-face-palatino-latin-codex-1988\/","title":{"rendered":"The Legend of the Holy Face, Palatino Latin Codex 1988"},"content":{"rendered":"<p style=\"text-align: justify;\"><span id=\"result_box\" lang=\"en\" xml:lang=\"en\"><span title=\"Reproducci\u00f3n \u00edntegra del bello manuscrito Pal.\">Full reproduction of the beautiful manuscript Pal. <\/span><span title=\"Lat.\">Lat. <\/span><span title=\"1988 conservado en la Biblioteca Apost\u00f3lica Vaticana, perteneciente a la serie \u201cCodices e Vaticanis Selecti, Series Maior\u201d con el n\u00famero 98 de la Biblioteca Apost\u00f3lica Vaticana.\">1988 preserved in the Vatican Library, part of the &#8220;Codices and Vaticanis Selecti, Series Maior&#8221; series with the number 98 of the Vatican Library.<\/span><\/span><\/p>\n<p style=\"text-align: justify;\"><span title=\"Entre las muchas leyendas que circularon en la Europa medieval destaca la \u201cLegende de S. Voult de Luques\u201c, que relata la milagrosa llegada a las costas italianas de un barco sin tripulaci\u00f3n que llevaba a bordo una imagen con el rostro de Cristo.\">Among the many legends that circulated in medieval Europe highlights the &#8220;Legend of S. Voult Luques&#8221; which tells the miraculous arrival on Italian shores of an unmanned ship was carrying a picture with the face of Christ.<\/span><\/p>\n<p style=\"text-align: justify;\"><span title=\"La leyenda cuenta que la talla fue esculpida por Nicodemo, uno de los protagonistas del descendimiento de Jes\u00fas.\">Legend has it that the statue was sculpted by Nicodemus, one of the protagonists of the descent of Jesus. <\/span><span title=\"Por no ser un escultor experto, no habr\u00eda sido capaz de dar al rosto la forma deseada.\">Not being an expert sculptor, he would not have been able to give the rosto desired. <\/span><span title=\"Cansado y desilusionado, se durmi\u00f3 sin haber acabado el trabajo;\">Tired and disillusioned, he slept without completing work; <\/span><span title=\"pero al despertar la habr\u00eda encontrado milagrosamente terminada por la mano de un \u00e1ngel.\">but to arouse would have found miraculously completed by the hand of an angel.<\/span><\/p>\n<p style=\"text-align: justify;\"><span title=\"Se cree que esta iconograf\u00eda fue llevada a Catalu\u00f1a por los soldados italianos que llegaron en 1114 para ayudar al conde de Barcelona Ram\u00f3n Berenguer III en su conquista de las Baleares.\">It is believed that this iconography was carried to Catalonia by the Italian soldiers who arrived in 1114 to help the Count of Barcelona Ramon Berenguer III in the conquest of the Balearics. <\/span><span title=\"Por esa raz\u00f3n, en la Catalu\u00f1a rom\u00e1nica fue una imagen muy difundida y venerada.\">For that reason, in the Romanesque Catalonia it was a widespread and revered image.<\/span><\/p>\n<p style=\"text-align: justify;\"><span title=\"La primera miniatura del lujoso manuscrito conservado en la Biblioteca Apost\u00f3lica Vaticana, muestra a un hombre y una mujer arrodillados frente a la imagen, sin ninguna duda los nobles propietarios de tan hermoso c\u00f3dice.\">The first miniature of the luxurious manuscript in the Vatican Library, shows a man and a woman kneeling before the image undoubtedly the landlords so beautiful codex.<\/span><\/p>\n<p style=\"text-align: justify;\"><span title=\"Edici\u00f3n de 2008, numerada, limitada a 997 ejemplares y certificada por el editor y la Biblioteca Apost\u00f3lica Vaticana.\">2008 edition, numbered, limited to 997 copies and certified by the editor and the Vatican Library.<\/span><\/p>\n<p style=\"text-align: justify;\"><span title=\"Gastos de env\u00edo por cuenta del comprador, seg\u00fan pedido y destino.\"><span lang=\"en\" xml:lang=\"en\"><span title=\"\u00danico ejemplar disponible a este excepcional precio y por tiempo limitado.\"><span lang=\"en\" xml:lang=\"en\"><span title=\"Facs\u00edmile bellamente decorado y muy iluminado, encuadernado artesanalmente en piel sobre gruesa tabla, con 2 cierres en metal y piel;\">Facsimile beautifully decorated and very illuminated, bound by hand in leather on thick board, with 2 closures in metal and leather; <\/span><span title=\"t\u00edtulo y escudo apost\u00f3lico grabados en seco en el lomo.\">title and apostolic shield engraved in dry on the spine. <\/span><span title=\"Formato 26 x 37 cm.\">Format 26 x 37 cm. <\/span><span title=\"Presentado en un bello estuche de madera formato 33 x 44 x 6,5 cm.\">Presented in a beautiful wooden case format 33 x 44 x 6.5 cm.<\/span><\/span><\/span><\/span><\/span><\/p>\n<p style=\"text-align: justify;\"><span title=\"Libro estudio complementario sin desprecintar, formato 25 x 35 cm.\">Complementary study book without unsealing, format 25 x 35 cm.<\/span><\/p>\n<p style=\"text-align: justify;\"><span title=\"Ejemplar proveniente de colecci\u00f3n privada y en perfecto estado.\">Exemplary from a private collection and in perfect condition. <\/span><span title=\"\u00danico ejemplar disponible a este excepcional precio y por tiempo limitado, nuevo, a estrenar, en su embalaje original.\">Only copy available at this exceptional price and for a limited time, new, brand new, in its original packaging<\/span>.<\/p>\n<p style=\"text-align: justify;\"><span title=\"Gastos de env\u00edo por cuenta del comprador, seg\u00fan pedido y destino.\">Shipping<\/span> by the buyer, upon request and destination.\u00a0<span title=\"Cons\u00faltenos cualquier duda, as\u00ed como por cualquier otro facs\u00edmile o art\u00edculo que est\u00e9 buscando.\"><a class=\"btn btn-default\" href=\"http:\/\/comprarmejor.es\/en\/contact\">Ask us<\/a> <span lang=\"en\" xml:lang=\"en\"><span title=\"Cons\u00faltenos sin compromiso (indicando la referencia del art\u00edculo) cualquier duda.\">without obligation (indicating the reference of the article) any doubt.<\/span><\/span><br \/>\n<\/span><\/p>\n","protected":false},"excerpt":{"rendered":"<p style=\"text-align: justify;\"><span id=\"result_box\" lang=\"en\" xml:lang=\"en\"><span title=\"Reproducci\u00f3n \u00edntegra del bello manuscrito Pal.\">Full reproduction of the beautiful manuscript Pal. <\/span><span title=\"Lat.\">Lat. <\/span><span title=\"1988 conservado en la Biblioteca Apost\u00f3lica Vaticana, perteneciente a la serie \u201cCodices e Vaticanis Selecti, Series Maior\u201d con el n\u00famero 98 de la Biblioteca Apost\u00f3lica Vaticana.\">1988 preserved in the Vatican Library, part of the &#8220;Codices and Vaticanis Selecti, Series Maior&#8221; series with the number 98 of the Vatican Library.<\/span><\/span><\/p>\n","protected":false},"featured_media":51879,"template":"","meta":[],"product_brand":[],"product_cat":[2250,2220],"product_tag":[5813],"class_list":{"0":"post-51895","1":"product","2":"type-product","3":"status-publish","4":"has-post-thumbnail","6":"product_cat-other-facsimiles","7":"product_cat-special-offers","8":"product_tag-bav-en","9":"product_shipping_class-from-6-to-10-kg","10":"description-off","12":"first","13":"instock","14":"sale","15":"taxable","16":"shipping-taxable","17":"purchasable","18":"product-type-simple"},"yoast_head":"<!-- This site is optimized with the Yoast SEO plugin v27.3 - https:\/\/yoast.com\/product\/yoast-seo-wordpress\/ -->\n<title>The Legend of the Holy Face, Palatino Latin Codex 1988<\/title>\n<meta name=\"description\" content=\"Full reproduction of the beautiful manuscript Pal. Lat. 1988 preserved in the Vatican Library, part of the &quot;Codices and Vaticanis Selecti, Series Maior&quot; series\" \/>\n<meta name=\"robots\" content=\"index, follow, max-snippet:-1, max-image-preview:large, max-video-preview:-1\" \/>\n<link rel=\"canonical\" href=\"https:\/\/www.comprarmejor.es\/en\/product\/the-legend-of-the-holy-face-palatino-latin-codex-1988\/\" \/>\n<meta property=\"og:locale\" content=\"en_US\" \/>\n<meta property=\"og:type\" content=\"article\" \/>\n<meta property=\"og:title\" content=\"The Legend of the Holy Face, Palatino Latin Codex 1988\" \/>\n<meta property=\"og:description\" content=\"Full reproduction of the beautiful manuscript Pal. Lat. 1988 preserved in the Vatican Library, part of the &quot;Codices and Vaticanis Selecti, Series Maior&quot; series\" \/>\n<meta property=\"og:url\" content=\"https:\/\/www.comprarmejor.es\/en\/product\/the-legend-of-the-holy-face-palatino-latin-codex-1988\/\" \/>\n<meta property=\"og:site_name\" content=\"ComprarMejor\" \/>\n<meta property=\"article:modified_time\" content=\"2020-05-11T20:42:39+00:00\" \/>\n<meta property=\"og:image\" content=\"https:\/\/www.comprarmejor.es\/wp-content\/uploads\/2016\/01\/p_2_6_4_0_2640-La-Leyenda-de-la-Santa-Faz-Codice-Palatino-Latino-1988.jpg\" \/>\n\t<meta property=\"og:image:width\" content=\"600\" \/>\n\t<meta property=\"og:image:height\" content=\"450\" \/>\n\t<meta property=\"og:image:type\" content=\"image\/jpeg\" \/>\n<meta name=\"twitter:card\" content=\"summary_large_image\" \/>\n<meta name=\"twitter:label1\" content=\"Est. reading time\" \/>\n\t<meta name=\"twitter:data1\" content=\"2 minutes\" \/>\n<script type=\"application\/ld+json\" class=\"yoast-schema-graph\">{\"@context\":\"https:\\\/\\\/schema.org\",\"@graph\":[{\"@type\":\"WebPage\",\"@id\":\"https:\\\/\\\/www.comprarmejor.es\\\/en\\\/product\\\/the-legend-of-the-holy-face-palatino-latin-codex-1988\\\/\",\"url\":\"https:\\\/\\\/www.comprarmejor.es\\\/en\\\/product\\\/the-legend-of-the-holy-face-palatino-latin-codex-1988\\\/\",\"name\":\"The Legend of the Holy Face, Palatino Latin Codex 1988\",\"isPartOf\":{\"@id\":\"https:\\\/\\\/www.comprarmejor.es\\\/en\\\/#website\"},\"primaryImageOfPage\":{\"@id\":\"https:\\\/\\\/www.comprarmejor.es\\\/en\\\/product\\\/the-legend-of-the-holy-face-palatino-latin-codex-1988\\\/#primaryimage\"},\"image\":{\"@id\":\"https:\\\/\\\/www.comprarmejor.es\\\/en\\\/product\\\/the-legend-of-the-holy-face-palatino-latin-codex-1988\\\/#primaryimage\"},\"thumbnailUrl\":\"https:\\\/\\\/www.comprarmejor.es\\\/wp-content\\\/uploads\\\/2016\\\/01\\\/p_2_6_4_0_2640-La-Leyenda-de-la-Santa-Faz-Codice-Palatino-Latino-1988.jpg\",\"datePublished\":\"2016-01-20T10:54:21+00:00\",\"dateModified\":\"2020-05-11T20:42:39+00:00\",\"description\":\"Full reproduction of the beautiful manuscript Pal. Lat. 1988 preserved in the Vatican Library, part of the \\\"Codices and Vaticanis Selecti, Series Maior\\\" series\",\"breadcrumb\":{\"@id\":\"https:\\\/\\\/www.comprarmejor.es\\\/en\\\/product\\\/the-legend-of-the-holy-face-palatino-latin-codex-1988\\\/#breadcrumb\"},\"inLanguage\":\"en-US\",\"potentialAction\":[{\"@type\":\"ReadAction\",\"target\":[\"https:\\\/\\\/www.comprarmejor.es\\\/en\\\/product\\\/the-legend-of-the-holy-face-palatino-latin-codex-1988\\\/\"]}]},{\"@type\":\"ImageObject\",\"inLanguage\":\"en-US\",\"@id\":\"https:\\\/\\\/www.comprarmejor.es\\\/en\\\/product\\\/the-legend-of-the-holy-face-palatino-latin-codex-1988\\\/#primaryimage\",\"url\":\"https:\\\/\\\/www.comprarmejor.es\\\/wp-content\\\/uploads\\\/2016\\\/01\\\/p_2_6_4_0_2640-La-Leyenda-de-la-Santa-Faz-Codice-Palatino-Latino-1988.jpg\",\"contentUrl\":\"https:\\\/\\\/www.comprarmejor.es\\\/wp-content\\\/uploads\\\/2016\\\/01\\\/p_2_6_4_0_2640-La-Leyenda-de-la-Santa-Faz-Codice-Palatino-Latino-1988.jpg\",\"width\":600,\"height\":450},{\"@type\":\"BreadcrumbList\",\"@id\":\"https:\\\/\\\/www.comprarmejor.es\\\/en\\\/product\\\/the-legend-of-the-holy-face-palatino-latin-codex-1988\\\/#breadcrumb\",\"itemListElement\":[{\"@type\":\"ListItem\",\"position\":1,\"name\":\"Portada\",\"item\":\"https:\\\/\\\/www.comprarmejor.es\\\/en\\\/\"},{\"@type\":\"ListItem\",\"position\":2,\"name\":\"Shop\",\"item\":\"https:\\\/\\\/www.comprarmejor.es\\\/en\\\/shop\\\/\"},{\"@type\":\"ListItem\",\"position\":3,\"name\":\"The Legend of the Holy Face, Palatino Latin Codex 1988\"}]},{\"@type\":\"WebSite\",\"@id\":\"https:\\\/\\\/www.comprarmejor.es\\\/en\\\/#website\",\"url\":\"https:\\\/\\\/www.comprarmejor.es\\\/en\\\/\",\"name\":\"ComprarMejor\",\"description\":\"ComprarMejor\",\"publisher\":{\"@id\":\"https:\\\/\\\/www.comprarmejor.es\\\/en\\\/#organization\"},\"potentialAction\":[{\"@type\":\"SearchAction\",\"target\":{\"@type\":\"EntryPoint\",\"urlTemplate\":\"https:\\\/\\\/www.comprarmejor.es\\\/en\\\/?s={search_term_string}\"},\"query-input\":{\"@type\":\"PropertyValueSpecification\",\"valueRequired\":true,\"valueName\":\"search_term_string\"}}],\"inLanguage\":\"en-US\"},{\"@type\":\"Organization\",\"@id\":\"https:\\\/\\\/www.comprarmejor.es\\\/en\\\/#organization\",\"name\":\"COMPRAR MEJOR\",\"url\":\"https:\\\/\\\/www.comprarmejor.es\\\/en\\\/\",\"logo\":{\"@type\":\"ImageObject\",\"inLanguage\":\"en-US\",\"@id\":\"https:\\\/\\\/www.comprarmejor.es\\\/en\\\/#\\\/schema\\\/logo\\\/image\\\/\",\"url\":\"https:\\\/\\\/www.comprarmejor.es\\\/wp-content\\\/uploads\\\/2025\\\/09\\\/comprarmejortrinidad.jpg\",\"contentUrl\":\"https:\\\/\\\/www.comprarmejor.es\\\/wp-content\\\/uploads\\\/2025\\\/09\\\/comprarmejortrinidad.jpg\",\"width\":1022,\"height\":1380,\"caption\":\"COMPRAR MEJOR\"},\"image\":{\"@id\":\"https:\\\/\\\/www.comprarmejor.es\\\/en\\\/#\\\/schema\\\/logo\\\/image\\\/\"},\"sameAs\":[\"https:\\\/\\\/www.instagram.com\\\/amigosdelcodice\"]}]}<\/script>\n<!-- \/ Yoast SEO plugin. -->","yoast_head_json":{"title":"The Legend of the Holy Face, Palatino Latin Codex 1988","description":"Full reproduction of the beautiful manuscript Pal. Lat. 1988 preserved in the Vatican Library, part of the \"Codices and Vaticanis Selecti, Series Maior\" series","robots":{"index":"index","follow":"follow","max-snippet":"max-snippet:-1","max-image-preview":"max-image-preview:large","max-video-preview":"max-video-preview:-1"},"canonical":"https:\/\/www.comprarmejor.es\/en\/product\/the-legend-of-the-holy-face-palatino-latin-codex-1988\/","og_locale":"en_US","og_type":"article","og_title":"The Legend of the Holy Face, Palatino Latin Codex 1988","og_description":"Full reproduction of the beautiful manuscript Pal. Lat. 1988 preserved in the Vatican Library, part of the \"Codices and Vaticanis Selecti, Series Maior\" series","og_url":"https:\/\/www.comprarmejor.es\/en\/product\/the-legend-of-the-holy-face-palatino-latin-codex-1988\/","og_site_name":"ComprarMejor","article_modified_time":"2020-05-11T20:42:39+00:00","og_image":[{"width":600,"height":450,"url":"https:\/\/www.comprarmejor.es\/wp-content\/uploads\/2016\/01\/p_2_6_4_0_2640-La-Leyenda-de-la-Santa-Faz-Codice-Palatino-Latino-1988.jpg","type":"image\/jpeg"}],"twitter_card":"summary_large_image","twitter_misc":{"Est. reading time":"2 minutes"},"schema":{"@context":"https:\/\/schema.org","@graph":[{"@type":"WebPage","@id":"https:\/\/www.comprarmejor.es\/en\/product\/the-legend-of-the-holy-face-palatino-latin-codex-1988\/","url":"https:\/\/www.comprarmejor.es\/en\/product\/the-legend-of-the-holy-face-palatino-latin-codex-1988\/","name":"The Legend of the Holy Face, Palatino Latin Codex 1988","isPartOf":{"@id":"https:\/\/www.comprarmejor.es\/en\/#website"},"primaryImageOfPage":{"@id":"https:\/\/www.comprarmejor.es\/en\/product\/the-legend-of-the-holy-face-palatino-latin-codex-1988\/#primaryimage"},"image":{"@id":"https:\/\/www.comprarmejor.es\/en\/product\/the-legend-of-the-holy-face-palatino-latin-codex-1988\/#primaryimage"},"thumbnailUrl":"https:\/\/www.comprarmejor.es\/wp-content\/uploads\/2016\/01\/p_2_6_4_0_2640-La-Leyenda-de-la-Santa-Faz-Codice-Palatino-Latino-1988.jpg","datePublished":"2016-01-20T10:54:21+00:00","dateModified":"2020-05-11T20:42:39+00:00","description":"Full reproduction of the beautiful manuscript Pal. Lat. 1988 preserved in the Vatican Library, part of the \"Codices and Vaticanis Selecti, Series Maior\" series","breadcrumb":{"@id":"https:\/\/www.comprarmejor.es\/en\/product\/the-legend-of-the-holy-face-palatino-latin-codex-1988\/#breadcrumb"},"inLanguage":"en-US","potentialAction":[{"@type":"ReadAction","target":["https:\/\/www.comprarmejor.es\/en\/product\/the-legend-of-the-holy-face-palatino-latin-codex-1988\/"]}]},{"@type":"ImageObject","inLanguage":"en-US","@id":"https:\/\/www.comprarmejor.es\/en\/product\/the-legend-of-the-holy-face-palatino-latin-codex-1988\/#primaryimage","url":"https:\/\/www.comprarmejor.es\/wp-content\/uploads\/2016\/01\/p_2_6_4_0_2640-La-Leyenda-de-la-Santa-Faz-Codice-Palatino-Latino-1988.jpg","contentUrl":"https:\/\/www.comprarmejor.es\/wp-content\/uploads\/2016\/01\/p_2_6_4_0_2640-La-Leyenda-de-la-Santa-Faz-Codice-Palatino-Latino-1988.jpg","width":600,"height":450},{"@type":"BreadcrumbList","@id":"https:\/\/www.comprarmejor.es\/en\/product\/the-legend-of-the-holy-face-palatino-latin-codex-1988\/#breadcrumb","itemListElement":[{"@type":"ListItem","position":1,"name":"Portada","item":"https:\/\/www.comprarmejor.es\/en\/"},{"@type":"ListItem","position":2,"name":"Shop","item":"https:\/\/www.comprarmejor.es\/en\/shop\/"},{"@type":"ListItem","position":3,"name":"The Legend of the Holy Face, Palatino Latin Codex 1988"}]},{"@type":"WebSite","@id":"https:\/\/www.comprarmejor.es\/en\/#website","url":"https:\/\/www.comprarmejor.es\/en\/","name":"ComprarMejor","description":"ComprarMejor","publisher":{"@id":"https:\/\/www.comprarmejor.es\/en\/#organization"},"potentialAction":[{"@type":"SearchAction","target":{"@type":"EntryPoint","urlTemplate":"https:\/\/www.comprarmejor.es\/en\/?s={search_term_string}"},"query-input":{"@type":"PropertyValueSpecification","valueRequired":true,"valueName":"search_term_string"}}],"inLanguage":"en-US"},{"@type":"Organization","@id":"https:\/\/www.comprarmejor.es\/en\/#organization","name":"COMPRAR MEJOR","url":"https:\/\/www.comprarmejor.es\/en\/","logo":{"@type":"ImageObject","inLanguage":"en-US","@id":"https:\/\/www.comprarmejor.es\/en\/#\/schema\/logo\/image\/","url":"https:\/\/www.comprarmejor.es\/wp-content\/uploads\/2025\/09\/comprarmejortrinidad.jpg","contentUrl":"https:\/\/www.comprarmejor.es\/wp-content\/uploads\/2025\/09\/comprarmejortrinidad.jpg","width":1022,"height":1380,"caption":"COMPRAR MEJOR"},"image":{"@id":"https:\/\/www.comprarmejor.es\/en\/#\/schema\/logo\/image\/"},"sameAs":["https:\/\/www.instagram.com\/amigosdelcodice"]}]}},"_links":{"self":[{"href":"https:\/\/www.comprarmejor.es\/en\/wp-json\/wp\/v2\/product\/51895","targetHints":{"allow":["GET"]}}],"collection":[{"href":"https:\/\/www.comprarmejor.es\/en\/wp-json\/wp\/v2\/product"}],"about":[{"href":"https:\/\/www.comprarmejor.es\/en\/wp-json\/wp\/v2\/types\/product"}],"wp:featuredmedia":[{"embeddable":true,"href":"https:\/\/www.comprarmejor.es\/en\/wp-json\/wp\/v2\/media\/51879"}],"wp:attachment":[{"href":"https:\/\/www.comprarmejor.es\/en\/wp-json\/wp\/v2\/media?parent=51895"}],"wp:term":[{"taxonomy":"product_brand","embeddable":true,"href":"https:\/\/www.comprarmejor.es\/en\/wp-json\/wp\/v2\/product_brand?post=51895"},{"taxonomy":"product_cat","embeddable":true,"href":"https:\/\/www.comprarmejor.es\/en\/wp-json\/wp\/v2\/product_cat?post=51895"},{"taxonomy":"product_tag","embeddable":true,"href":"https:\/\/www.comprarmejor.es\/en\/wp-json\/wp\/v2\/product_tag?post=51895"}],"curies":[{"name":"wp","href":"https:\/\/api.w.org\/{rel}","templated":true}]}}