{"id":51979,"date":"2016-01-20T18:39:23","date_gmt":"2016-01-20T17:39:23","guid":{"rendered":"https:\/\/www.comprarmejor.es\/producto\/lot-of-32-playing-cards-facsimiles-of-1647-1965\/"},"modified":"2022-12-22T17:13:03","modified_gmt":"2022-12-22T16:13:03","slug":"star-trek-x-nemesis-2002-dvd-edition-2003","status":"publish","type":"product","link":"https:\/\/www.comprarmejor.es\/en\/product\/star-trek-x-nemesis-2002-dvd-edition-2003\/","title":{"rendered":"Star Trek X Nemesis. 2002. DVD. Edition 2003"},"content":{"rendered":"<p style=\"text-align: justify;\"><strong>Star Trek X Nemesis<\/strong>, tenth and last film in the film saga of what was the most important television series, with the same characters, released in 2002, in a 2003 edition. Continuation and end of the adventures of Captain Jean- Luc Picard and his crew in command of the United Federation of Planets Starfleet flagship Enterprise.<\/p>\n<p style=\"text-align: justify;\">Edition on 1 DVD Video disc. 112 minutes. In perfect condition, unused.<\/p>\n<p style=\"text-align: justify;\">Languages: Spanish and English.<br \/>\nSubtitles: Spanish, English, Croatian, Greek, Hebrew, Portuguese, Serbian and Slovenian.<\/p>\n<p style=\"text-align: justify;\"><span class=\"HwtZe\" lang=\"en\"><span class=\"jCAhz ChMk0b\"><span class=\"ryNqvb\">Shipping costs paid by the buyer, according to order and destination<\/span><\/span><\/span>. <span title=\"Cons\u00faltenos cualquier duda, as\u00ed como por cualquier otro art\u00edculo que est\u00e9 buscando.\"><a class=\"btn btn-default\" href=\"https:\/\/www.comprarmejor.es\/en\/contact\">Ask us<\/a> <span class=\"HwtZe\" lang=\"en\"><span class=\"jCAhz ChMk0b\"><span class=\"ryNqvb\">any questions you have, indicating the article reference.<\/span><\/span><\/span><br \/>\n<\/span><\/p>\n","protected":false},"excerpt":{"rendered":"<p style=\"text-align: justify;\"><span id=\"result_box\" lang=\"en\" xml:lang=\"en\"><span title=\"Ejemplares procedentes de todas las \u00e9pocas y de todos los rincones del mundo.\"><span class=\"tlid-translation translation\" lang=\"en\"><span class=\"\" title=\"\"><span class=\"HwtZe\" lang=\"en\"><span class=\"jCAhz ChMk0b C1N51c\"><span class=\"ryNqvb\">Star Trek X Nemesis, tenth and last film in the film saga of what was the most important television series, with the same characters, released in 2002, <\/span><\/span><\/span><\/span><\/span><\/span><\/span><\/p>\n","protected":false},"featured_media":84249,"template":"","meta":[],"product_brand":[],"product_cat":[2262],"product_tag":[5100],"class_list":{"0":"post-51979","1":"product","2":"type-product","3":"status-publish","4":"has-post-thumbnail","6":"product_cat-cd-dvd-brd","7":"product_tag-dvd-en","8":"product_shipping_class-from-0-to-1-kg","9":"description-off","11":"first","12":"instock","13":"taxable","14":"shipping-taxable","15":"purchasable","16":"product-type-simple"},"yoast_head":"<!-- This site is optimized with the Yoast SEO plugin v27.3 - https:\/\/yoast.com\/product\/yoast-seo-wordpress\/ -->\n<title>Star Trek X Nemesis. 2002. DVD. Edition 2003<\/title>\n<meta name=\"description\" content=\"Star Trek X Nemesis, tenth and last film in the film saga of what was the most important television series, with the same characters, released in 2002,\" \/>\n<meta name=\"robots\" content=\"index, follow, max-snippet:-1, max-image-preview:large, max-video-preview:-1\" \/>\n<link rel=\"canonical\" href=\"https:\/\/www.comprarmejor.es\/en\/product\/star-trek-x-nemesis-2002-dvd-edition-2003\/\" \/>\n<meta property=\"og:locale\" content=\"en_US\" \/>\n<meta property=\"og:type\" content=\"article\" \/>\n<meta property=\"og:title\" content=\"Star Trek X Nemesis. 2002. DVD. Edition 2003\" \/>\n<meta property=\"og:description\" content=\"Star Trek X Nemesis, tenth and last film in the film saga of what was the most important television series, with the same characters, released in 2002,\" \/>\n<meta property=\"og:url\" content=\"https:\/\/www.comprarmejor.es\/en\/product\/star-trek-x-nemesis-2002-dvd-edition-2003\/\" \/>\n<meta property=\"og:site_name\" content=\"ComprarMejor\" \/>\n<meta property=\"article:modified_time\" content=\"2022-12-22T16:13:03+00:00\" \/>\n<meta property=\"og:image\" content=\"https:\/\/www.comprarmejor.es\/wp-content\/uploads\/2016\/01\/ST-10-1.jpg\" \/>\n\t<meta property=\"og:image:width\" content=\"630\" \/>\n\t<meta property=\"og:image:height\" content=\"746\" \/>\n\t<meta property=\"og:image:type\" content=\"image\/jpeg\" \/>\n<meta name=\"twitter:card\" content=\"summary_large_image\" \/>\n<meta name=\"twitter:label1\" content=\"Est. reading time\" \/>\n\t<meta name=\"twitter:data1\" content=\"1 minute\" \/>\n<script type=\"application\/ld+json\" class=\"yoast-schema-graph\">{\"@context\":\"https:\\\/\\\/schema.org\",\"@graph\":[{\"@type\":\"WebPage\",\"@id\":\"https:\\\/\\\/www.comprarmejor.es\\\/en\\\/product\\\/star-trek-x-nemesis-2002-dvd-edition-2003\\\/\",\"url\":\"https:\\\/\\\/www.comprarmejor.es\\\/en\\\/product\\\/star-trek-x-nemesis-2002-dvd-edition-2003\\\/\",\"name\":\"Star Trek X Nemesis. 2002. DVD. Edition 2003\",\"isPartOf\":{\"@id\":\"https:\\\/\\\/www.comprarmejor.es\\\/en\\\/#website\"},\"primaryImageOfPage\":{\"@id\":\"https:\\\/\\\/www.comprarmejor.es\\\/en\\\/product\\\/star-trek-x-nemesis-2002-dvd-edition-2003\\\/#primaryimage\"},\"image\":{\"@id\":\"https:\\\/\\\/www.comprarmejor.es\\\/en\\\/product\\\/star-trek-x-nemesis-2002-dvd-edition-2003\\\/#primaryimage\"},\"thumbnailUrl\":\"https:\\\/\\\/www.comprarmejor.es\\\/wp-content\\\/uploads\\\/2016\\\/01\\\/ST-10-1.jpg\",\"datePublished\":\"2016-01-20T17:39:23+00:00\",\"dateModified\":\"2022-12-22T16:13:03+00:00\",\"description\":\"Star Trek X Nemesis, tenth and last film in the film saga of what was the most important television series, with the same characters, released in 2002,\",\"breadcrumb\":{\"@id\":\"https:\\\/\\\/www.comprarmejor.es\\\/en\\\/product\\\/star-trek-x-nemesis-2002-dvd-edition-2003\\\/#breadcrumb\"},\"inLanguage\":\"en-US\",\"potentialAction\":[{\"@type\":\"ReadAction\",\"target\":[\"https:\\\/\\\/www.comprarmejor.es\\\/en\\\/product\\\/star-trek-x-nemesis-2002-dvd-edition-2003\\\/\"]}]},{\"@type\":\"ImageObject\",\"inLanguage\":\"en-US\",\"@id\":\"https:\\\/\\\/www.comprarmejor.es\\\/en\\\/product\\\/star-trek-x-nemesis-2002-dvd-edition-2003\\\/#primaryimage\",\"url\":\"https:\\\/\\\/www.comprarmejor.es\\\/wp-content\\\/uploads\\\/2016\\\/01\\\/ST-10-1.jpg\",\"contentUrl\":\"https:\\\/\\\/www.comprarmejor.es\\\/wp-content\\\/uploads\\\/2016\\\/01\\\/ST-10-1.jpg\",\"width\":630,\"height\":746},{\"@type\":\"BreadcrumbList\",\"@id\":\"https:\\\/\\\/www.comprarmejor.es\\\/en\\\/product\\\/star-trek-x-nemesis-2002-dvd-edition-2003\\\/#breadcrumb\",\"itemListElement\":[{\"@type\":\"ListItem\",\"position\":1,\"name\":\"Portada\",\"item\":\"https:\\\/\\\/www.comprarmejor.es\\\/en\\\/\"},{\"@type\":\"ListItem\",\"position\":2,\"name\":\"Shop\",\"item\":\"https:\\\/\\\/www.comprarmejor.es\\\/en\\\/shop\\\/\"},{\"@type\":\"ListItem\",\"position\":3,\"name\":\"Star Trek X Nemesis. 2002. DVD. Edition 2003\"}]},{\"@type\":\"WebSite\",\"@id\":\"https:\\\/\\\/www.comprarmejor.es\\\/en\\\/#website\",\"url\":\"https:\\\/\\\/www.comprarmejor.es\\\/en\\\/\",\"name\":\"ComprarMejor\",\"description\":\"ComprarMejor\",\"publisher\":{\"@id\":\"https:\\\/\\\/www.comprarmejor.es\\\/en\\\/#organization\"},\"potentialAction\":[{\"@type\":\"SearchAction\",\"target\":{\"@type\":\"EntryPoint\",\"urlTemplate\":\"https:\\\/\\\/www.comprarmejor.es\\\/en\\\/?s={search_term_string}\"},\"query-input\":{\"@type\":\"PropertyValueSpecification\",\"valueRequired\":true,\"valueName\":\"search_term_string\"}}],\"inLanguage\":\"en-US\"},{\"@type\":\"Organization\",\"@id\":\"https:\\\/\\\/www.comprarmejor.es\\\/en\\\/#organization\",\"name\":\"COMPRAR MEJOR\",\"url\":\"https:\\\/\\\/www.comprarmejor.es\\\/en\\\/\",\"logo\":{\"@type\":\"ImageObject\",\"inLanguage\":\"en-US\",\"@id\":\"https:\\\/\\\/www.comprarmejor.es\\\/en\\\/#\\\/schema\\\/logo\\\/image\\\/\",\"url\":\"https:\\\/\\\/www.comprarmejor.es\\\/wp-content\\\/uploads\\\/2025\\\/09\\\/comprarmejortrinidad.jpg\",\"contentUrl\":\"https:\\\/\\\/www.comprarmejor.es\\\/wp-content\\\/uploads\\\/2025\\\/09\\\/comprarmejortrinidad.jpg\",\"width\":1022,\"height\":1380,\"caption\":\"COMPRAR MEJOR\"},\"image\":{\"@id\":\"https:\\\/\\\/www.comprarmejor.es\\\/en\\\/#\\\/schema\\\/logo\\\/image\\\/\"},\"sameAs\":[\"https:\\\/\\\/www.instagram.com\\\/amigosdelcodice\"]}]}<\/script>\n<!-- \/ Yoast SEO plugin. -->","yoast_head_json":{"title":"Star Trek X Nemesis. 2002. DVD. Edition 2003","description":"Star Trek X Nemesis, tenth and last film in the film saga of what was the most important television series, with the same characters, released in 2002,","robots":{"index":"index","follow":"follow","max-snippet":"max-snippet:-1","max-image-preview":"max-image-preview:large","max-video-preview":"max-video-preview:-1"},"canonical":"https:\/\/www.comprarmejor.es\/en\/product\/star-trek-x-nemesis-2002-dvd-edition-2003\/","og_locale":"en_US","og_type":"article","og_title":"Star Trek X Nemesis. 2002. DVD. Edition 2003","og_description":"Star Trek X Nemesis, tenth and last film in the film saga of what was the most important television series, with the same characters, released in 2002,","og_url":"https:\/\/www.comprarmejor.es\/en\/product\/star-trek-x-nemesis-2002-dvd-edition-2003\/","og_site_name":"ComprarMejor","article_modified_time":"2022-12-22T16:13:03+00:00","og_image":[{"width":630,"height":746,"url":"https:\/\/www.comprarmejor.es\/wp-content\/uploads\/2016\/01\/ST-10-1.jpg","type":"image\/jpeg"}],"twitter_card":"summary_large_image","twitter_misc":{"Est. reading time":"1 minute"},"schema":{"@context":"https:\/\/schema.org","@graph":[{"@type":"WebPage","@id":"https:\/\/www.comprarmejor.es\/en\/product\/star-trek-x-nemesis-2002-dvd-edition-2003\/","url":"https:\/\/www.comprarmejor.es\/en\/product\/star-trek-x-nemesis-2002-dvd-edition-2003\/","name":"Star Trek X Nemesis. 2002. DVD. Edition 2003","isPartOf":{"@id":"https:\/\/www.comprarmejor.es\/en\/#website"},"primaryImageOfPage":{"@id":"https:\/\/www.comprarmejor.es\/en\/product\/star-trek-x-nemesis-2002-dvd-edition-2003\/#primaryimage"},"image":{"@id":"https:\/\/www.comprarmejor.es\/en\/product\/star-trek-x-nemesis-2002-dvd-edition-2003\/#primaryimage"},"thumbnailUrl":"https:\/\/www.comprarmejor.es\/wp-content\/uploads\/2016\/01\/ST-10-1.jpg","datePublished":"2016-01-20T17:39:23+00:00","dateModified":"2022-12-22T16:13:03+00:00","description":"Star Trek X Nemesis, tenth and last film in the film saga of what was the most important television series, with the same characters, released in 2002,","breadcrumb":{"@id":"https:\/\/www.comprarmejor.es\/en\/product\/star-trek-x-nemesis-2002-dvd-edition-2003\/#breadcrumb"},"inLanguage":"en-US","potentialAction":[{"@type":"ReadAction","target":["https:\/\/www.comprarmejor.es\/en\/product\/star-trek-x-nemesis-2002-dvd-edition-2003\/"]}]},{"@type":"ImageObject","inLanguage":"en-US","@id":"https:\/\/www.comprarmejor.es\/en\/product\/star-trek-x-nemesis-2002-dvd-edition-2003\/#primaryimage","url":"https:\/\/www.comprarmejor.es\/wp-content\/uploads\/2016\/01\/ST-10-1.jpg","contentUrl":"https:\/\/www.comprarmejor.es\/wp-content\/uploads\/2016\/01\/ST-10-1.jpg","width":630,"height":746},{"@type":"BreadcrumbList","@id":"https:\/\/www.comprarmejor.es\/en\/product\/star-trek-x-nemesis-2002-dvd-edition-2003\/#breadcrumb","itemListElement":[{"@type":"ListItem","position":1,"name":"Portada","item":"https:\/\/www.comprarmejor.es\/en\/"},{"@type":"ListItem","position":2,"name":"Shop","item":"https:\/\/www.comprarmejor.es\/en\/shop\/"},{"@type":"ListItem","position":3,"name":"Star Trek X Nemesis. 2002. DVD. Edition 2003"}]},{"@type":"WebSite","@id":"https:\/\/www.comprarmejor.es\/en\/#website","url":"https:\/\/www.comprarmejor.es\/en\/","name":"ComprarMejor","description":"ComprarMejor","publisher":{"@id":"https:\/\/www.comprarmejor.es\/en\/#organization"},"potentialAction":[{"@type":"SearchAction","target":{"@type":"EntryPoint","urlTemplate":"https:\/\/www.comprarmejor.es\/en\/?s={search_term_string}"},"query-input":{"@type":"PropertyValueSpecification","valueRequired":true,"valueName":"search_term_string"}}],"inLanguage":"en-US"},{"@type":"Organization","@id":"https:\/\/www.comprarmejor.es\/en\/#organization","name":"COMPRAR MEJOR","url":"https:\/\/www.comprarmejor.es\/en\/","logo":{"@type":"ImageObject","inLanguage":"en-US","@id":"https:\/\/www.comprarmejor.es\/en\/#\/schema\/logo\/image\/","url":"https:\/\/www.comprarmejor.es\/wp-content\/uploads\/2025\/09\/comprarmejortrinidad.jpg","contentUrl":"https:\/\/www.comprarmejor.es\/wp-content\/uploads\/2025\/09\/comprarmejortrinidad.jpg","width":1022,"height":1380,"caption":"COMPRAR MEJOR"},"image":{"@id":"https:\/\/www.comprarmejor.es\/en\/#\/schema\/logo\/image\/"},"sameAs":["https:\/\/www.instagram.com\/amigosdelcodice"]}]}},"_links":{"self":[{"href":"https:\/\/www.comprarmejor.es\/en\/wp-json\/wp\/v2\/product\/51979","targetHints":{"allow":["GET"]}}],"collection":[{"href":"https:\/\/www.comprarmejor.es\/en\/wp-json\/wp\/v2\/product"}],"about":[{"href":"https:\/\/www.comprarmejor.es\/en\/wp-json\/wp\/v2\/types\/product"}],"wp:featuredmedia":[{"embeddable":true,"href":"https:\/\/www.comprarmejor.es\/en\/wp-json\/wp\/v2\/media\/84249"}],"wp:attachment":[{"href":"https:\/\/www.comprarmejor.es\/en\/wp-json\/wp\/v2\/media?parent=51979"}],"wp:term":[{"taxonomy":"product_brand","embeddable":true,"href":"https:\/\/www.comprarmejor.es\/en\/wp-json\/wp\/v2\/product_brand?post=51979"},{"taxonomy":"product_cat","embeddable":true,"href":"https:\/\/www.comprarmejor.es\/en\/wp-json\/wp\/v2\/product_cat?post=51979"},{"taxonomy":"product_tag","embeddable":true,"href":"https:\/\/www.comprarmejor.es\/en\/wp-json\/wp\/v2\/product_tag?post=51979"}],"curies":[{"name":"wp","href":"https:\/\/api.w.org\/{rel}","templated":true}]}}