{"id":52011,"date":"2016-01-21T12:24:22","date_gmt":"2016-01-21T11:24:22","guid":{"rendered":"https:\/\/www.comprarmejor.es\/producto\/book-of-privileges-christopher-columbus-1498\/"},"modified":"2026-05-03T12:28:37","modified_gmt":"2026-05-03T10:28:37","slug":"book-of-privileges-christopher-columbus-1498","status":"publish","type":"product","link":"https:\/\/www.comprarmejor.es\/en\/product\/book-of-privileges-christopher-columbus-1498\/","title":{"rendered":"Book of Privileges. Christopher Columbus. 1498"},"content":{"rendered":"<p style=\"text-align: justify;\"><span class=\"HwtZe\" lang=\"en\"><span class=\"jCAhz ChMk0b\"><span class=\"ryNqvb\">ARTICLE FOR INFORMATIONAL PURPOSES ONLY<\/span><\/span><\/span><\/p>\n<p style=\"text-align: justify;\"><span id=\"result_box\" lang=\"en\" xml:lang=\"en\"><span class=\"hps\"><span lang=\"en\" xml:lang=\"en\"><span title=\"Libro de los Privilegios del Almirante Don Crist\u00f3bal Col\u00f3n.\">Book of Privileges of Admiral Don Christopher Columbus. <\/span><span title=\"Maravillosa y fiel edici\u00f3n facs\u00edmile del tambi\u00e9n denominado C\u00f3dice de Vergara, realizada en 1992 por la editorial Testimonio de Madrid.\">Wonderful and faithful facsimile edition also called Codex Vergara, made in 1992 by the publishing Testimony of Madrid.<\/span><\/span><\/span><\/span><\/p>\n<p style=\"text-align: justify;\"><span title=\"Original conservado en el Archivo General de Indias de Sevilla.\">Original preserved in the Archivo General de Indias in Seville. <\/span><span title=\"Contiene los t\u00edtulos y privilegios que fueron otorgados a Col\u00f3n por los Reyes Cat\u00f3licos, recopilados por \u00e9l mismo.\">Contains the titles and privileges were granted to Columbus by the Catholic Monarchs, collected by himself. <\/span><span title=\"Estos documentos dan una clara idea de la personalidad del Almirante.\">These documents give a clear idea of \u200b\u200bthe personality of Admiral.<\/span><\/p>\n<p style=\"text-align: justify;\"><span title=\"La encuadernaci\u00f3n es en piel, labrada en seco, incluyendo en el centro una reproducci\u00f3n en dorado de la firma de Crist\u00f3bal Col\u00f3n.\">The binding is leather, carved dry, including in the center a gold reproduction of the signature of Christopher Columbus. <\/span><span title=\"38 folios en papel m\u00e1s 4 en pergamino.\">38 folios in parchment paper plus 4. <\/span><span title=\"Formato de 22,5 x 31,5 cm.\">Format 22.5 x 31.5 cm. <\/span><span title=\"La buena factura de este facs\u00edmile ofrece un gran realismo a la hora de poseer este facs\u00edmile como si tuviera m\u00e1s de 500 a\u00f1os.\">The good bill this fax offers great realism when it comes to owning this facsimile as having more than 500 years.<\/span><\/p>\n<p style=\"text-align: justify;\"><span title=\"Se acompa\u00f1a de volumen complementario de estudio, formato 17 x 23,5 cm.\">It is accompanied by complementary volume study, format 17 x 23.5 cm. <\/span><span title=\"184 p\u00e1ginas de edici\u00f3n, notas y transcripci\u00f3n por Ciriaco P\u00e9rez Bustamante.\">184 pages editing, transcription notes and Ciriaco P\u00e9rez Bustamante.<\/span><\/p>\n<p style=\"text-align: justify;\"><span title=\"La edici\u00f3n facs\u00edmile es numerada, limitada a 980 ejemplares para todo el mundo, y certificada por el editor.\">The facsimile edition is numbered, limited to 980 copies for everyone, and certified by the editor.<\/span><\/p>\n<p style=\"text-align: justify;\"><span class=\"hps\">Retail Price: 1.859 \u20ac<\/span><span class=\"hps\">.<\/span>\u00a0<a class=\"btn btn-default\" href=\"https:\/\/www.comprarmejor.es\/en\/contact\/\">Ask us<\/a> <span class=\"hps\"><span lang=\"en\" xml:lang=\"en\"><span title=\"Cons\u00faltenos sin compromiso cualquier duda, as\u00ed como por cualquier otro facs\u00edmile o art\u00edculo que est\u00e9 buscando.\">without obligation any questions, as well as facsimile or any other item that is looking for.<\/span><\/span><\/span><\/p>\n","protected":false},"excerpt":{"rendered":"<p style=\"text-align: justify;\"><span id=\"result_box\" lang=\"en\" xml:lang=\"en\"><span lang=\"en\" xml:lang=\"en\"><span title=\"Libro de los Privilegios del Almirante Don Crist\u00f3bal Col\u00f3n.\">Book of Privileges of Admiral Don Christopher Columbus. <\/span><span title=\"Maravillosa y fiel edici\u00f3n facs\u00edmile del tambi\u00e9n denominado C\u00f3dice de Vergara, realizada en 1992 por la editorial Testimonio de Madrid.\">Wonderful and faithful facsimile edition also called Codex Vergara, made in 1992 by the publishing Testimony of Madrid.<\/span><\/span><br \/>\n<\/span><\/p>\n","protected":false},"featured_media":52003,"template":"","meta":[],"product_brand":[],"product_cat":[2250],"product_tag":[5254,3999],"class_list":{"0":"post-52011","1":"product","2":"type-product","3":"status-publish","4":"has-post-thumbnail","6":"product_cat-other-facsimiles","7":"product_tag-colon-en","8":"product_tag-testimonio-en","9":"description-off","11":"first","12":"instock","13":"taxable","14":"shipping-taxable","15":"purchasable","16":"product-type-simple"},"yoast_head":"<!-- This site is optimized with the Yoast SEO plugin v27.3 - https:\/\/yoast.com\/product\/yoast-seo-wordpress\/ -->\n<title>Book of Privileges. Christopher Columbus. 1498<\/title>\n<meta name=\"description\" content=\"Book of Privileges of Admiral Christopher Columbus. Wonderful and faithful facsimile edition also called Codex Vergara, made in 1992 by the publishing Testi\" \/>\n<meta name=\"robots\" content=\"index, follow, max-snippet:-1, max-image-preview:large, max-video-preview:-1\" \/>\n<link rel=\"canonical\" href=\"https:\/\/www.comprarmejor.es\/en\/product\/book-of-privileges-christopher-columbus-1498\/\" \/>\n<meta property=\"og:locale\" content=\"en_US\" \/>\n<meta property=\"og:type\" content=\"article\" \/>\n<meta property=\"og:title\" content=\"Book of Privileges. Christopher Columbus. 1498\" \/>\n<meta property=\"og:description\" content=\"Book of Privileges of Admiral Christopher Columbus. Wonderful and faithful facsimile edition also called Codex Vergara, made in 1992 by the publishing Testi\" \/>\n<meta property=\"og:url\" content=\"https:\/\/www.comprarmejor.es\/en\/product\/book-of-privileges-christopher-columbus-1498\/\" \/>\n<meta property=\"og:site_name\" content=\"ComprarMejor\" \/>\n<meta property=\"article:modified_time\" content=\"2026-05-03T10:28:37+00:00\" \/>\n<meta property=\"og:image\" content=\"https:\/\/www.comprarmejor.es\/wp-content\/uploads\/2016\/01\/p_6_5_9_2_6592-Libro-de-los-Privilegios.-Cristobal-Colon.-1498.jpg\" \/>\n\t<meta property=\"og:image:width\" content=\"599\" \/>\n\t<meta property=\"og:image:height\" content=\"449\" \/>\n\t<meta property=\"og:image:type\" content=\"image\/jpeg\" \/>\n<meta name=\"twitter:card\" content=\"summary_large_image\" \/>\n<meta name=\"twitter:label1\" content=\"Est. reading time\" \/>\n\t<meta name=\"twitter:data1\" content=\"2 minutes\" \/>\n<script type=\"application\/ld+json\" class=\"yoast-schema-graph\">{\"@context\":\"https:\\\/\\\/schema.org\",\"@graph\":[{\"@type\":\"WebPage\",\"@id\":\"https:\\\/\\\/www.comprarmejor.es\\\/en\\\/product\\\/book-of-privileges-christopher-columbus-1498\\\/\",\"url\":\"https:\\\/\\\/www.comprarmejor.es\\\/en\\\/product\\\/book-of-privileges-christopher-columbus-1498\\\/\",\"name\":\"Book of Privileges. Christopher Columbus. 1498\",\"isPartOf\":{\"@id\":\"https:\\\/\\\/www.comprarmejor.es\\\/en\\\/#website\"},\"primaryImageOfPage\":{\"@id\":\"https:\\\/\\\/www.comprarmejor.es\\\/en\\\/product\\\/book-of-privileges-christopher-columbus-1498\\\/#primaryimage\"},\"image\":{\"@id\":\"https:\\\/\\\/www.comprarmejor.es\\\/en\\\/product\\\/book-of-privileges-christopher-columbus-1498\\\/#primaryimage\"},\"thumbnailUrl\":\"https:\\\/\\\/www.comprarmejor.es\\\/wp-content\\\/uploads\\\/2016\\\/01\\\/p_6_5_9_2_6592-Libro-de-los-Privilegios.-Cristobal-Colon.-1498.jpg\",\"datePublished\":\"2016-01-21T11:24:22+00:00\",\"dateModified\":\"2026-05-03T10:28:37+00:00\",\"description\":\"Book of Privileges of Admiral Christopher Columbus. Wonderful and faithful facsimile edition also called Codex Vergara, made in 1992 by the publishing Testi\",\"breadcrumb\":{\"@id\":\"https:\\\/\\\/www.comprarmejor.es\\\/en\\\/product\\\/book-of-privileges-christopher-columbus-1498\\\/#breadcrumb\"},\"inLanguage\":\"en-US\",\"potentialAction\":[{\"@type\":\"ReadAction\",\"target\":[\"https:\\\/\\\/www.comprarmejor.es\\\/en\\\/product\\\/book-of-privileges-christopher-columbus-1498\\\/\"]}]},{\"@type\":\"ImageObject\",\"inLanguage\":\"en-US\",\"@id\":\"https:\\\/\\\/www.comprarmejor.es\\\/en\\\/product\\\/book-of-privileges-christopher-columbus-1498\\\/#primaryimage\",\"url\":\"https:\\\/\\\/www.comprarmejor.es\\\/wp-content\\\/uploads\\\/2016\\\/01\\\/p_6_5_9_2_6592-Libro-de-los-Privilegios.-Cristobal-Colon.-1498.jpg\",\"contentUrl\":\"https:\\\/\\\/www.comprarmejor.es\\\/wp-content\\\/uploads\\\/2016\\\/01\\\/p_6_5_9_2_6592-Libro-de-los-Privilegios.-Cristobal-Colon.-1498.jpg\",\"width\":599,\"height\":449},{\"@type\":\"BreadcrumbList\",\"@id\":\"https:\\\/\\\/www.comprarmejor.es\\\/en\\\/product\\\/book-of-privileges-christopher-columbus-1498\\\/#breadcrumb\",\"itemListElement\":[{\"@type\":\"ListItem\",\"position\":1,\"name\":\"Portada\",\"item\":\"https:\\\/\\\/www.comprarmejor.es\\\/en\\\/\"},{\"@type\":\"ListItem\",\"position\":2,\"name\":\"Shop\",\"item\":\"https:\\\/\\\/www.comprarmejor.es\\\/en\\\/shop\\\/\"},{\"@type\":\"ListItem\",\"position\":3,\"name\":\"Book of Privileges. Christopher Columbus. 1498\"}]},{\"@type\":\"WebSite\",\"@id\":\"https:\\\/\\\/www.comprarmejor.es\\\/en\\\/#website\",\"url\":\"https:\\\/\\\/www.comprarmejor.es\\\/en\\\/\",\"name\":\"ComprarMejor\",\"description\":\"ComprarMejor\",\"publisher\":{\"@id\":\"https:\\\/\\\/www.comprarmejor.es\\\/en\\\/#organization\"},\"potentialAction\":[{\"@type\":\"SearchAction\",\"target\":{\"@type\":\"EntryPoint\",\"urlTemplate\":\"https:\\\/\\\/www.comprarmejor.es\\\/en\\\/?s={search_term_string}\"},\"query-input\":{\"@type\":\"PropertyValueSpecification\",\"valueRequired\":true,\"valueName\":\"search_term_string\"}}],\"inLanguage\":\"en-US\"},{\"@type\":\"Organization\",\"@id\":\"https:\\\/\\\/www.comprarmejor.es\\\/en\\\/#organization\",\"name\":\"COMPRAR MEJOR\",\"url\":\"https:\\\/\\\/www.comprarmejor.es\\\/en\\\/\",\"logo\":{\"@type\":\"ImageObject\",\"inLanguage\":\"en-US\",\"@id\":\"https:\\\/\\\/www.comprarmejor.es\\\/en\\\/#\\\/schema\\\/logo\\\/image\\\/\",\"url\":\"https:\\\/\\\/www.comprarmejor.es\\\/wp-content\\\/uploads\\\/2025\\\/09\\\/comprarmejortrinidad.jpg\",\"contentUrl\":\"https:\\\/\\\/www.comprarmejor.es\\\/wp-content\\\/uploads\\\/2025\\\/09\\\/comprarmejortrinidad.jpg\",\"width\":1022,\"height\":1380,\"caption\":\"COMPRAR MEJOR\"},\"image\":{\"@id\":\"https:\\\/\\\/www.comprarmejor.es\\\/en\\\/#\\\/schema\\\/logo\\\/image\\\/\"},\"sameAs\":[\"https:\\\/\\\/www.instagram.com\\\/amigosdelcodice\"]}]}<\/script>\n<!-- \/ Yoast SEO plugin. -->","yoast_head_json":{"title":"Book of Privileges. Christopher Columbus. 1498","description":"Book of Privileges of Admiral Christopher Columbus. Wonderful and faithful facsimile edition also called Codex Vergara, made in 1992 by the publishing Testi","robots":{"index":"index","follow":"follow","max-snippet":"max-snippet:-1","max-image-preview":"max-image-preview:large","max-video-preview":"max-video-preview:-1"},"canonical":"https:\/\/www.comprarmejor.es\/en\/product\/book-of-privileges-christopher-columbus-1498\/","og_locale":"en_US","og_type":"article","og_title":"Book of Privileges. Christopher Columbus. 1498","og_description":"Book of Privileges of Admiral Christopher Columbus. Wonderful and faithful facsimile edition also called Codex Vergara, made in 1992 by the publishing Testi","og_url":"https:\/\/www.comprarmejor.es\/en\/product\/book-of-privileges-christopher-columbus-1498\/","og_site_name":"ComprarMejor","article_modified_time":"2026-05-03T10:28:37+00:00","og_image":[{"width":599,"height":449,"url":"https:\/\/www.comprarmejor.es\/wp-content\/uploads\/2016\/01\/p_6_5_9_2_6592-Libro-de-los-Privilegios.-Cristobal-Colon.-1498.jpg","type":"image\/jpeg"}],"twitter_card":"summary_large_image","twitter_misc":{"Est. reading time":"2 minutes"},"schema":{"@context":"https:\/\/schema.org","@graph":[{"@type":"WebPage","@id":"https:\/\/www.comprarmejor.es\/en\/product\/book-of-privileges-christopher-columbus-1498\/","url":"https:\/\/www.comprarmejor.es\/en\/product\/book-of-privileges-christopher-columbus-1498\/","name":"Book of Privileges. Christopher Columbus. 1498","isPartOf":{"@id":"https:\/\/www.comprarmejor.es\/en\/#website"},"primaryImageOfPage":{"@id":"https:\/\/www.comprarmejor.es\/en\/product\/book-of-privileges-christopher-columbus-1498\/#primaryimage"},"image":{"@id":"https:\/\/www.comprarmejor.es\/en\/product\/book-of-privileges-christopher-columbus-1498\/#primaryimage"},"thumbnailUrl":"https:\/\/www.comprarmejor.es\/wp-content\/uploads\/2016\/01\/p_6_5_9_2_6592-Libro-de-los-Privilegios.-Cristobal-Colon.-1498.jpg","datePublished":"2016-01-21T11:24:22+00:00","dateModified":"2026-05-03T10:28:37+00:00","description":"Book of Privileges of Admiral Christopher Columbus. Wonderful and faithful facsimile edition also called Codex Vergara, made in 1992 by the publishing Testi","breadcrumb":{"@id":"https:\/\/www.comprarmejor.es\/en\/product\/book-of-privileges-christopher-columbus-1498\/#breadcrumb"},"inLanguage":"en-US","potentialAction":[{"@type":"ReadAction","target":["https:\/\/www.comprarmejor.es\/en\/product\/book-of-privileges-christopher-columbus-1498\/"]}]},{"@type":"ImageObject","inLanguage":"en-US","@id":"https:\/\/www.comprarmejor.es\/en\/product\/book-of-privileges-christopher-columbus-1498\/#primaryimage","url":"https:\/\/www.comprarmejor.es\/wp-content\/uploads\/2016\/01\/p_6_5_9_2_6592-Libro-de-los-Privilegios.-Cristobal-Colon.-1498.jpg","contentUrl":"https:\/\/www.comprarmejor.es\/wp-content\/uploads\/2016\/01\/p_6_5_9_2_6592-Libro-de-los-Privilegios.-Cristobal-Colon.-1498.jpg","width":599,"height":449},{"@type":"BreadcrumbList","@id":"https:\/\/www.comprarmejor.es\/en\/product\/book-of-privileges-christopher-columbus-1498\/#breadcrumb","itemListElement":[{"@type":"ListItem","position":1,"name":"Portada","item":"https:\/\/www.comprarmejor.es\/en\/"},{"@type":"ListItem","position":2,"name":"Shop","item":"https:\/\/www.comprarmejor.es\/en\/shop\/"},{"@type":"ListItem","position":3,"name":"Book of Privileges. Christopher Columbus. 1498"}]},{"@type":"WebSite","@id":"https:\/\/www.comprarmejor.es\/en\/#website","url":"https:\/\/www.comprarmejor.es\/en\/","name":"ComprarMejor","description":"ComprarMejor","publisher":{"@id":"https:\/\/www.comprarmejor.es\/en\/#organization"},"potentialAction":[{"@type":"SearchAction","target":{"@type":"EntryPoint","urlTemplate":"https:\/\/www.comprarmejor.es\/en\/?s={search_term_string}"},"query-input":{"@type":"PropertyValueSpecification","valueRequired":true,"valueName":"search_term_string"}}],"inLanguage":"en-US"},{"@type":"Organization","@id":"https:\/\/www.comprarmejor.es\/en\/#organization","name":"COMPRAR MEJOR","url":"https:\/\/www.comprarmejor.es\/en\/","logo":{"@type":"ImageObject","inLanguage":"en-US","@id":"https:\/\/www.comprarmejor.es\/en\/#\/schema\/logo\/image\/","url":"https:\/\/www.comprarmejor.es\/wp-content\/uploads\/2025\/09\/comprarmejortrinidad.jpg","contentUrl":"https:\/\/www.comprarmejor.es\/wp-content\/uploads\/2025\/09\/comprarmejortrinidad.jpg","width":1022,"height":1380,"caption":"COMPRAR MEJOR"},"image":{"@id":"https:\/\/www.comprarmejor.es\/en\/#\/schema\/logo\/image\/"},"sameAs":["https:\/\/www.instagram.com\/amigosdelcodice"]}]}},"_links":{"self":[{"href":"https:\/\/www.comprarmejor.es\/en\/wp-json\/wp\/v2\/product\/52011","targetHints":{"allow":["GET"]}}],"collection":[{"href":"https:\/\/www.comprarmejor.es\/en\/wp-json\/wp\/v2\/product"}],"about":[{"href":"https:\/\/www.comprarmejor.es\/en\/wp-json\/wp\/v2\/types\/product"}],"wp:featuredmedia":[{"embeddable":true,"href":"https:\/\/www.comprarmejor.es\/en\/wp-json\/wp\/v2\/media\/52003"}],"wp:attachment":[{"href":"https:\/\/www.comprarmejor.es\/en\/wp-json\/wp\/v2\/media?parent=52011"}],"wp:term":[{"taxonomy":"product_brand","embeddable":true,"href":"https:\/\/www.comprarmejor.es\/en\/wp-json\/wp\/v2\/product_brand?post=52011"},{"taxonomy":"product_cat","embeddable":true,"href":"https:\/\/www.comprarmejor.es\/en\/wp-json\/wp\/v2\/product_cat?post=52011"},{"taxonomy":"product_tag","embeddable":true,"href":"https:\/\/www.comprarmejor.es\/en\/wp-json\/wp\/v2\/product_tag?post=52011"}],"curies":[{"name":"wp","href":"https:\/\/api.w.org\/{rel}","templated":true}]}}