{"id":52055,"date":"2016-01-22T10:28:37","date_gmt":"2016-01-22T09:28:37","guid":{"rendered":"https:\/\/www.comprarmejor.es\/producto\/very-decorative-medieval-board\/"},"modified":"2019-08-30T15:47:58","modified_gmt":"2019-08-30T13:47:58","slug":"very-decorative-medieval-board","status":"publish","type":"product","link":"https:\/\/www.comprarmejor.es\/en\/product\/very-decorative-medieval-board\/","title":{"rendered":"Very decorative medieval board"},"content":{"rendered":"<p style=\"text-align:justify;\"><span id=\"result_box\" lang=\"en\" xml:lang=\"en\"><span class=\"hps\">Bello<\/span> <span class=\"hps\">desktop or<\/span> <span class=\"hps\">decorative<\/span> <span class=\"hps\">panel<\/span> <span class=\"hps\">imitating<\/span> <span class=\"hps\">a medieval fortress<\/span>, <span class=\"hps\">with<\/span> <span class=\"hps\">its towers<\/span>, doors, <span class=\"hps\">walls<\/span> <span class=\"hps\">and<\/span> <span class=\"hps\">houses<\/span>. <span class=\"hps\">Divided into<\/span> <span class=\"hps\">3 x<\/span> <span class=\"hps\">3 squares<\/span>, suitable <span class=\"hps\">for the famous<\/span> <span class=\"hps\">game<\/span> <span class=\"hps\">3 in a row<\/span>.<\/p>\n<p><span class=\"hps\">Dimensions:<\/span> <span class=\"hps\">25 x<\/span> <span class=\"hps\">25.5<\/span> <span class=\"hps\">x<\/span> <span class=\"hps\">4.5<\/span> <span class=\"hps\">cm<\/span>. <span class=\"hps\">Weight<\/span> <span class=\"hps\">2,115<\/span> <span class=\"hps\">gr.<\/span><\/p>\n<p><span class=\"hps\">Manufactured<\/span> <span class=\"hps\">in Europe and<\/span> <span class=\"hps\">made of<\/span> <span class=\"hps\">top quality<\/span> <span class=\"hps\">resins<\/span> <span class=\"hps\">with amazing<\/span> <span class=\"hps\">color<\/span> <span class=\"hps\">termination<\/span> <span class=\"hps\">medieval<\/span> <span class=\"hps\">iron.<\/span><\/p>\n<p><span class=\"hps\">Single<\/span> <span class=\"hps\">copy available<\/span> <span class=\"hps\">and in perfect condition<\/span>.<\/p>\n<p><span class=\"hps\">Shipping<\/span> <span class=\"hps\">by the buyer<\/span>, <span class=\"hps\">upon request<\/span> <span class=\"hps\">and destination.<\/span>\u00a0<a class=\"btn btn-default\" href=\"http:\/\/comprarmejor.es\/en\/contact\">Ask us<\/a> <span class=\"hps\">any questions<\/span> <span class=\"hps\"><span lang=\"en\" xml:lang=\"en\"><span title=\"Cons\u00faltenos cualquier duda, as\u00ed como por cualquier otro art\u00edculo que est\u00e9 buscando.\">as well as any other items you are looking for.<\/span><\/span><\/span><\/span><\/p>\n","protected":false},"excerpt":{"rendered":"<p style=\"text-align:justify;\"><span id=\"result_box\" lang=\"en\" xml:lang=\"en\"><span class=\"hps\">Bello<\/span> <span class=\"hps\">desktop or<\/span> <span class=\"hps\">decorative<\/span> <span class=\"hps\">panel<\/span> <span class=\"hps\">imitating<\/span> <span class=\"hps\">a medieval fortress<\/span>, <span class=\"hps\">with<\/span> <span class=\"hps\">its towers<\/span>, doors, <span class=\"hps\">walls<\/span> <span class=\"hps\">and<\/span> <span class=\"hps\">houses<\/span>. <span class=\"hps\">Divided into<\/span> <span class=\"hps\">3 x<\/span> <span class=\"hps\">3 squares<\/span>, suitable <span class=\"hps\">for the famous<\/span> <span class=\"hps\">game<\/span> <span class=\"hps\">3 in a row<\/span>.<\/span><\/p>\n","protected":false},"featured_media":52045,"template":"","meta":[],"product_brand":[],"product_cat":[5386],"product_tag":[5290],"class_list":{"0":"post-52055","1":"product","2":"type-product","3":"status-publish","4":"has-post-thumbnail","6":"product_cat-home-decoration","7":"product_tag-3-en-raya-en","8":"product_shipping_class-from-2-to-5-kg","9":"description-off","11":"first","12":"instock","13":"taxable","14":"shipping-taxable","15":"purchasable","16":"product-type-simple"},"yoast_head":"<!-- This site is optimized with the Yoast SEO plugin v27.3 - https:\/\/yoast.com\/product\/yoast-seo-wordpress\/ -->\n<title>Very decorative medieval board<\/title>\n<meta name=\"description\" content=\"Bello desktop or decorative panel imitating a medieval fortress, with its towers, doors, walls and houses. Suitable for the famous game 3 in a row.\" \/>\n<meta name=\"robots\" content=\"index, follow, max-snippet:-1, max-image-preview:large, max-video-preview:-1\" \/>\n<link rel=\"canonical\" href=\"https:\/\/www.comprarmejor.es\/en\/product\/very-decorative-medieval-board\/\" \/>\n<meta property=\"og:locale\" content=\"en_US\" \/>\n<meta property=\"og:type\" content=\"article\" \/>\n<meta property=\"og:title\" content=\"Very decorative medieval board\" \/>\n<meta property=\"og:description\" content=\"Bello desktop or decorative panel imitating a medieval fortress, with its towers, doors, walls and houses. Suitable for the famous game 3 in a row.\" \/>\n<meta property=\"og:url\" content=\"https:\/\/www.comprarmejor.es\/en\/product\/very-decorative-medieval-board\/\" \/>\n<meta property=\"og:site_name\" content=\"ComprarMejor\" \/>\n<meta property=\"article:modified_time\" content=\"2019-08-30T13:47:58+00:00\" \/>\n<meta property=\"og:image\" content=\"https:\/\/www.comprarmejor.es\/wp-content\/uploads\/2016\/01\/p_2_7_2_7_2727-Tablero-medieval-muy-decorativo.jpg\" \/>\n\t<meta property=\"og:image:width\" content=\"600\" \/>\n\t<meta property=\"og:image:height\" content=\"591\" \/>\n\t<meta property=\"og:image:type\" content=\"image\/jpeg\" \/>\n<meta name=\"twitter:card\" content=\"summary_large_image\" \/>\n<script type=\"application\/ld+json\" class=\"yoast-schema-graph\">{\"@context\":\"https:\\\/\\\/schema.org\",\"@graph\":[{\"@type\":\"WebPage\",\"@id\":\"https:\\\/\\\/www.comprarmejor.es\\\/en\\\/product\\\/very-decorative-medieval-board\\\/\",\"url\":\"https:\\\/\\\/www.comprarmejor.es\\\/en\\\/product\\\/very-decorative-medieval-board\\\/\",\"name\":\"Very decorative medieval board\",\"isPartOf\":{\"@id\":\"https:\\\/\\\/www.comprarmejor.es\\\/en\\\/#website\"},\"primaryImageOfPage\":{\"@id\":\"https:\\\/\\\/www.comprarmejor.es\\\/en\\\/product\\\/very-decorative-medieval-board\\\/#primaryimage\"},\"image\":{\"@id\":\"https:\\\/\\\/www.comprarmejor.es\\\/en\\\/product\\\/very-decorative-medieval-board\\\/#primaryimage\"},\"thumbnailUrl\":\"https:\\\/\\\/www.comprarmejor.es\\\/wp-content\\\/uploads\\\/2016\\\/01\\\/p_2_7_2_7_2727-Tablero-medieval-muy-decorativo.jpg\",\"datePublished\":\"2016-01-22T09:28:37+00:00\",\"dateModified\":\"2019-08-30T13:47:58+00:00\",\"description\":\"Bello desktop or decorative panel imitating a medieval fortress, with its towers, doors, walls and houses. Suitable for the famous game 3 in a row.\",\"breadcrumb\":{\"@id\":\"https:\\\/\\\/www.comprarmejor.es\\\/en\\\/product\\\/very-decorative-medieval-board\\\/#breadcrumb\"},\"inLanguage\":\"en-US\",\"potentialAction\":[{\"@type\":\"ReadAction\",\"target\":[\"https:\\\/\\\/www.comprarmejor.es\\\/en\\\/product\\\/very-decorative-medieval-board\\\/\"]}]},{\"@type\":\"ImageObject\",\"inLanguage\":\"en-US\",\"@id\":\"https:\\\/\\\/www.comprarmejor.es\\\/en\\\/product\\\/very-decorative-medieval-board\\\/#primaryimage\",\"url\":\"https:\\\/\\\/www.comprarmejor.es\\\/wp-content\\\/uploads\\\/2016\\\/01\\\/p_2_7_2_7_2727-Tablero-medieval-muy-decorativo.jpg\",\"contentUrl\":\"https:\\\/\\\/www.comprarmejor.es\\\/wp-content\\\/uploads\\\/2016\\\/01\\\/p_2_7_2_7_2727-Tablero-medieval-muy-decorativo.jpg\",\"width\":600,\"height\":591},{\"@type\":\"BreadcrumbList\",\"@id\":\"https:\\\/\\\/www.comprarmejor.es\\\/en\\\/product\\\/very-decorative-medieval-board\\\/#breadcrumb\",\"itemListElement\":[{\"@type\":\"ListItem\",\"position\":1,\"name\":\"Portada\",\"item\":\"https:\\\/\\\/www.comprarmejor.es\\\/en\\\/\"},{\"@type\":\"ListItem\",\"position\":2,\"name\":\"Shop\",\"item\":\"https:\\\/\\\/www.comprarmejor.es\\\/en\\\/shop\\\/\"},{\"@type\":\"ListItem\",\"position\":3,\"name\":\"Very decorative medieval board\"}]},{\"@type\":\"WebSite\",\"@id\":\"https:\\\/\\\/www.comprarmejor.es\\\/en\\\/#website\",\"url\":\"https:\\\/\\\/www.comprarmejor.es\\\/en\\\/\",\"name\":\"ComprarMejor\",\"description\":\"ComprarMejor\",\"publisher\":{\"@id\":\"https:\\\/\\\/www.comprarmejor.es\\\/en\\\/#organization\"},\"potentialAction\":[{\"@type\":\"SearchAction\",\"target\":{\"@type\":\"EntryPoint\",\"urlTemplate\":\"https:\\\/\\\/www.comprarmejor.es\\\/en\\\/?s={search_term_string}\"},\"query-input\":{\"@type\":\"PropertyValueSpecification\",\"valueRequired\":true,\"valueName\":\"search_term_string\"}}],\"inLanguage\":\"en-US\"},{\"@type\":\"Organization\",\"@id\":\"https:\\\/\\\/www.comprarmejor.es\\\/en\\\/#organization\",\"name\":\"COMPRAR MEJOR\",\"url\":\"https:\\\/\\\/www.comprarmejor.es\\\/en\\\/\",\"logo\":{\"@type\":\"ImageObject\",\"inLanguage\":\"en-US\",\"@id\":\"https:\\\/\\\/www.comprarmejor.es\\\/en\\\/#\\\/schema\\\/logo\\\/image\\\/\",\"url\":\"https:\\\/\\\/www.comprarmejor.es\\\/wp-content\\\/uploads\\\/2025\\\/09\\\/comprarmejortrinidad.jpg\",\"contentUrl\":\"https:\\\/\\\/www.comprarmejor.es\\\/wp-content\\\/uploads\\\/2025\\\/09\\\/comprarmejortrinidad.jpg\",\"width\":1022,\"height\":1380,\"caption\":\"COMPRAR MEJOR\"},\"image\":{\"@id\":\"https:\\\/\\\/www.comprarmejor.es\\\/en\\\/#\\\/schema\\\/logo\\\/image\\\/\"},\"sameAs\":[\"https:\\\/\\\/www.instagram.com\\\/amigosdelcodice\"]}]}<\/script>\n<!-- \/ Yoast SEO plugin. -->","yoast_head_json":{"title":"Very decorative medieval board","description":"Bello desktop or decorative panel imitating a medieval fortress, with its towers, doors, walls and houses. Suitable for the famous game 3 in a row.","robots":{"index":"index","follow":"follow","max-snippet":"max-snippet:-1","max-image-preview":"max-image-preview:large","max-video-preview":"max-video-preview:-1"},"canonical":"https:\/\/www.comprarmejor.es\/en\/product\/very-decorative-medieval-board\/","og_locale":"en_US","og_type":"article","og_title":"Very decorative medieval board","og_description":"Bello desktop or decorative panel imitating a medieval fortress, with its towers, doors, walls and houses. Suitable for the famous game 3 in a row.","og_url":"https:\/\/www.comprarmejor.es\/en\/product\/very-decorative-medieval-board\/","og_site_name":"ComprarMejor","article_modified_time":"2019-08-30T13:47:58+00:00","og_image":[{"width":600,"height":591,"url":"https:\/\/www.comprarmejor.es\/wp-content\/uploads\/2016\/01\/p_2_7_2_7_2727-Tablero-medieval-muy-decorativo.jpg","type":"image\/jpeg"}],"twitter_card":"summary_large_image","schema":{"@context":"https:\/\/schema.org","@graph":[{"@type":"WebPage","@id":"https:\/\/www.comprarmejor.es\/en\/product\/very-decorative-medieval-board\/","url":"https:\/\/www.comprarmejor.es\/en\/product\/very-decorative-medieval-board\/","name":"Very decorative medieval board","isPartOf":{"@id":"https:\/\/www.comprarmejor.es\/en\/#website"},"primaryImageOfPage":{"@id":"https:\/\/www.comprarmejor.es\/en\/product\/very-decorative-medieval-board\/#primaryimage"},"image":{"@id":"https:\/\/www.comprarmejor.es\/en\/product\/very-decorative-medieval-board\/#primaryimage"},"thumbnailUrl":"https:\/\/www.comprarmejor.es\/wp-content\/uploads\/2016\/01\/p_2_7_2_7_2727-Tablero-medieval-muy-decorativo.jpg","datePublished":"2016-01-22T09:28:37+00:00","dateModified":"2019-08-30T13:47:58+00:00","description":"Bello desktop or decorative panel imitating a medieval fortress, with its towers, doors, walls and houses. Suitable for the famous game 3 in a row.","breadcrumb":{"@id":"https:\/\/www.comprarmejor.es\/en\/product\/very-decorative-medieval-board\/#breadcrumb"},"inLanguage":"en-US","potentialAction":[{"@type":"ReadAction","target":["https:\/\/www.comprarmejor.es\/en\/product\/very-decorative-medieval-board\/"]}]},{"@type":"ImageObject","inLanguage":"en-US","@id":"https:\/\/www.comprarmejor.es\/en\/product\/very-decorative-medieval-board\/#primaryimage","url":"https:\/\/www.comprarmejor.es\/wp-content\/uploads\/2016\/01\/p_2_7_2_7_2727-Tablero-medieval-muy-decorativo.jpg","contentUrl":"https:\/\/www.comprarmejor.es\/wp-content\/uploads\/2016\/01\/p_2_7_2_7_2727-Tablero-medieval-muy-decorativo.jpg","width":600,"height":591},{"@type":"BreadcrumbList","@id":"https:\/\/www.comprarmejor.es\/en\/product\/very-decorative-medieval-board\/#breadcrumb","itemListElement":[{"@type":"ListItem","position":1,"name":"Portada","item":"https:\/\/www.comprarmejor.es\/en\/"},{"@type":"ListItem","position":2,"name":"Shop","item":"https:\/\/www.comprarmejor.es\/en\/shop\/"},{"@type":"ListItem","position":3,"name":"Very decorative medieval board"}]},{"@type":"WebSite","@id":"https:\/\/www.comprarmejor.es\/en\/#website","url":"https:\/\/www.comprarmejor.es\/en\/","name":"ComprarMejor","description":"ComprarMejor","publisher":{"@id":"https:\/\/www.comprarmejor.es\/en\/#organization"},"potentialAction":[{"@type":"SearchAction","target":{"@type":"EntryPoint","urlTemplate":"https:\/\/www.comprarmejor.es\/en\/?s={search_term_string}"},"query-input":{"@type":"PropertyValueSpecification","valueRequired":true,"valueName":"search_term_string"}}],"inLanguage":"en-US"},{"@type":"Organization","@id":"https:\/\/www.comprarmejor.es\/en\/#organization","name":"COMPRAR MEJOR","url":"https:\/\/www.comprarmejor.es\/en\/","logo":{"@type":"ImageObject","inLanguage":"en-US","@id":"https:\/\/www.comprarmejor.es\/en\/#\/schema\/logo\/image\/","url":"https:\/\/www.comprarmejor.es\/wp-content\/uploads\/2025\/09\/comprarmejortrinidad.jpg","contentUrl":"https:\/\/www.comprarmejor.es\/wp-content\/uploads\/2025\/09\/comprarmejortrinidad.jpg","width":1022,"height":1380,"caption":"COMPRAR MEJOR"},"image":{"@id":"https:\/\/www.comprarmejor.es\/en\/#\/schema\/logo\/image\/"},"sameAs":["https:\/\/www.instagram.com\/amigosdelcodice"]}]}},"_links":{"self":[{"href":"https:\/\/www.comprarmejor.es\/en\/wp-json\/wp\/v2\/product\/52055","targetHints":{"allow":["GET"]}}],"collection":[{"href":"https:\/\/www.comprarmejor.es\/en\/wp-json\/wp\/v2\/product"}],"about":[{"href":"https:\/\/www.comprarmejor.es\/en\/wp-json\/wp\/v2\/types\/product"}],"wp:featuredmedia":[{"embeddable":true,"href":"https:\/\/www.comprarmejor.es\/en\/wp-json\/wp\/v2\/media\/52045"}],"wp:attachment":[{"href":"https:\/\/www.comprarmejor.es\/en\/wp-json\/wp\/v2\/media?parent=52055"}],"wp:term":[{"taxonomy":"product_brand","embeddable":true,"href":"https:\/\/www.comprarmejor.es\/en\/wp-json\/wp\/v2\/product_brand?post=52055"},{"taxonomy":"product_cat","embeddable":true,"href":"https:\/\/www.comprarmejor.es\/en\/wp-json\/wp\/v2\/product_cat?post=52055"},{"taxonomy":"product_tag","embeddable":true,"href":"https:\/\/www.comprarmejor.es\/en\/wp-json\/wp\/v2\/product_tag?post=52055"}],"curies":[{"name":"wp","href":"https:\/\/api.w.org\/{rel}","templated":true}]}}