{"id":52059,"date":"2016-01-22T10:43:28","date_gmt":"2016-01-22T09:43:28","guid":{"rendered":"https:\/\/www.comprarmejor.es\/producto\/aluminum-trekking-stick-4-sections-green\/"},"modified":"2021-11-11T18:15:41","modified_gmt":"2021-11-11T17:15:41","slug":"case-for-the-testament-and-codicil-of-isabel-la-catolica","status":"publish","type":"product","link":"https:\/\/www.comprarmejor.es\/en\/product\/case-for-the-testament-and-codicil-of-isabel-la-catolica\/","title":{"rendered":"Case for the Testament and Codicil of Isabel la Catolica"},"content":{"rendered":"<p style=\"text-align: justify;\">Beautiful and luxurious case for the Testament and Codicil of Isabel la Cat\u00f3lica, book type, with smooth spine, made by Amigos del C\u00f3dice to preserve the book and the facsimiles.<\/p>\n<p style=\"text-align: justify;\">Made of leather, Dutch format, interior in fabric and paper, titles on the spine and upper plane, coat of arms of the Catholic Monarchs. Format 26.5 x 34.5 x 4.5 cm.<\/p>\n<p style=\"text-align: justify;\">The box-case in which the Testament and Codicil of Isabel la Cat\u00f3lica is offered is very fragile and almost all of them have damage inside. Amigos del C\u00f3dice made a luxury case to preserve both the facsimiles and the accompanying book, a case to present the work in its library as its category and importance deserve.<\/p>\n<p style=\"text-align: justify;\">The case is completely new, unused, in perfect condition and only the same is offered, the facsimiles and the book are not sold in this article, which you can find complete on this website.<\/p>\n<p style=\"text-align: justify;\"><span title=\"Gastos de env\u00edo por cuenta del comprador, seg\u00fan pedido y destino.\">Shipping by the buyer, upon request and destination.\u00a0<\/span><span title=\"Cons\u00faltenos cualquier duda, as\u00ed como por cualquier otro art\u00edculo que est\u00e9 buscando.\"><a class=\"btn btn-default\" href=\"https:\/\/www.comprarmejor.es\/en\/contact\">Ask us<\/a> <span lang=\"en\" xml:lang=\"en\">without <\/span><span class=\"VIiyi\" lang=\"en\"><span class=\"JLqJ4b\" data-language-for-alternatives=\"en\" data-language-to-translate-into=\"es\" data-phrase-index=\"0\">obligation (indicating the reference of the article) any questions.<\/span><\/span><br \/>\n<\/span><\/p>\n","protected":false},"excerpt":{"rendered":"<p style=\"text-align: justify;\"><span id=\"result_box\" lang=\"en\" xml:lang=\"en\"><span title=\"Textos biogr\u00e1ficos escritos por Juli\u00e1n Sesmero, dibujos de \u00c1ngel Id\u00edgoras.\"><span lang=\"en\" xml:lang=\"en\"><span title=\"El Orgullo de Almer\u00eda, una colecci\u00f3n obra del artista almeriense Dionisio Godoy.\"><span lang=\"en\" xml:lang=\"en\"><span class=\"tlid-translation translation\" lang=\"en\"><span class=\"VIiyi\" lang=\"en\"><span class=\"JLqJ4b\" data-language-for-alternatives=\"en\" data-language-to-translate-into=\"es\" data-phrase-index=\"0\"><span class=\"JLqJ4b ChMk0b C1N51c\" data-language-for-alternatives=\"en\" data-language-to-translate-into=\"es\" data-phrase-index=\"6\" data-number-of-phrases=\"15\">Beautiful and luxurious case for the Testament and Codicil of Isabel la Cat\u00f3lica, book type, with smooth spine, made by Amigos del C\u00f3dice<br \/>\n<\/span><\/span><\/span><\/span><\/span><\/span><\/span><\/span><\/span><\/p>\n","protected":false},"featured_media":71451,"template":"","meta":[],"product_brand":[],"product_cat":[2214],"product_tag":[5772],"class_list":{"0":"post-52059","1":"product","2":"type-product","3":"status-publish","4":"has-post-thumbnail","6":"product_cat-crafts","7":"product_tag-amigos-del-codice-en","8":"product_shipping_class-from-2-to-5-kg","9":"description-off","11":"first","12":"instock","13":"taxable","14":"shipping-taxable","15":"purchasable","16":"product-type-simple"},"yoast_head":"<!-- This site is optimized with the Yoast SEO plugin v27.3 - https:\/\/yoast.com\/product\/yoast-seo-wordpress\/ -->\n<title>Case for the Testament and Codicil of Isabel la Catolica<\/title>\n<meta name=\"description\" content=\"Beautiful and luxurious case for the Testament and Codicil of Isabel la Catolica, book type, with smooth spine, made by Amigos del Codice\" \/>\n<meta name=\"robots\" content=\"index, follow, max-snippet:-1, max-image-preview:large, max-video-preview:-1\" \/>\n<link rel=\"canonical\" href=\"https:\/\/www.comprarmejor.es\/en\/product\/case-for-the-testament-and-codicil-of-isabel-la-catolica\/\" \/>\n<meta property=\"og:locale\" content=\"en_US\" \/>\n<meta property=\"og:type\" content=\"article\" \/>\n<meta property=\"og:title\" content=\"Case for the Testament and Codicil of Isabel la Catolica\" \/>\n<meta property=\"og:description\" content=\"Beautiful and luxurious case for the Testament and Codicil of Isabel la Catolica, book type, with smooth spine, made by Amigos del Codice\" \/>\n<meta property=\"og:url\" content=\"https:\/\/www.comprarmejor.es\/en\/product\/case-for-the-testament-and-codicil-of-isabel-la-catolica\/\" \/>\n<meta property=\"og:site_name\" content=\"ComprarMejor\" \/>\n<meta property=\"article:modified_time\" content=\"2021-11-11T17:15:41+00:00\" \/>\n<meta property=\"og:image\" content=\"https:\/\/www.comprarmejor.es\/wp-content\/uploads\/2016\/01\/DSC02749.jpg\" \/>\n\t<meta property=\"og:image:width\" content=\"501\" \/>\n\t<meta property=\"og:image:height\" content=\"600\" \/>\n\t<meta property=\"og:image:type\" content=\"image\/jpeg\" \/>\n<meta name=\"twitter:card\" content=\"summary_large_image\" \/>\n<meta name=\"twitter:label1\" content=\"Est. reading time\" \/>\n\t<meta name=\"twitter:data1\" content=\"1 minute\" \/>\n<script type=\"application\/ld+json\" class=\"yoast-schema-graph\">{\"@context\":\"https:\\\/\\\/schema.org\",\"@graph\":[{\"@type\":\"WebPage\",\"@id\":\"https:\\\/\\\/www.comprarmejor.es\\\/en\\\/product\\\/case-for-the-testament-and-codicil-of-isabel-la-catolica\\\/\",\"url\":\"https:\\\/\\\/www.comprarmejor.es\\\/en\\\/product\\\/case-for-the-testament-and-codicil-of-isabel-la-catolica\\\/\",\"name\":\"Case for the Testament and Codicil of Isabel la Catolica\",\"isPartOf\":{\"@id\":\"https:\\\/\\\/www.comprarmejor.es\\\/en\\\/#website\"},\"primaryImageOfPage\":{\"@id\":\"https:\\\/\\\/www.comprarmejor.es\\\/en\\\/product\\\/case-for-the-testament-and-codicil-of-isabel-la-catolica\\\/#primaryimage\"},\"image\":{\"@id\":\"https:\\\/\\\/www.comprarmejor.es\\\/en\\\/product\\\/case-for-the-testament-and-codicil-of-isabel-la-catolica\\\/#primaryimage\"},\"thumbnailUrl\":\"https:\\\/\\\/www.comprarmejor.es\\\/wp-content\\\/uploads\\\/2016\\\/01\\\/DSC02749.jpg\",\"datePublished\":\"2016-01-22T09:43:28+00:00\",\"dateModified\":\"2021-11-11T17:15:41+00:00\",\"description\":\"Beautiful and luxurious case for the Testament and Codicil of Isabel la Catolica, book type, with smooth spine, made by Amigos del Codice\",\"breadcrumb\":{\"@id\":\"https:\\\/\\\/www.comprarmejor.es\\\/en\\\/product\\\/case-for-the-testament-and-codicil-of-isabel-la-catolica\\\/#breadcrumb\"},\"inLanguage\":\"en-US\",\"potentialAction\":[{\"@type\":\"ReadAction\",\"target\":[\"https:\\\/\\\/www.comprarmejor.es\\\/en\\\/product\\\/case-for-the-testament-and-codicil-of-isabel-la-catolica\\\/\"]}]},{\"@type\":\"ImageObject\",\"inLanguage\":\"en-US\",\"@id\":\"https:\\\/\\\/www.comprarmejor.es\\\/en\\\/product\\\/case-for-the-testament-and-codicil-of-isabel-la-catolica\\\/#primaryimage\",\"url\":\"https:\\\/\\\/www.comprarmejor.es\\\/wp-content\\\/uploads\\\/2016\\\/01\\\/DSC02749.jpg\",\"contentUrl\":\"https:\\\/\\\/www.comprarmejor.es\\\/wp-content\\\/uploads\\\/2016\\\/01\\\/DSC02749.jpg\",\"width\":501,\"height\":600},{\"@type\":\"BreadcrumbList\",\"@id\":\"https:\\\/\\\/www.comprarmejor.es\\\/en\\\/product\\\/case-for-the-testament-and-codicil-of-isabel-la-catolica\\\/#breadcrumb\",\"itemListElement\":[{\"@type\":\"ListItem\",\"position\":1,\"name\":\"Portada\",\"item\":\"https:\\\/\\\/www.comprarmejor.es\\\/en\\\/\"},{\"@type\":\"ListItem\",\"position\":2,\"name\":\"Shop\",\"item\":\"https:\\\/\\\/www.comprarmejor.es\\\/en\\\/shop\\\/\"},{\"@type\":\"ListItem\",\"position\":3,\"name\":\"Case for the Testament and Codicil of Isabel la Catolica\"}]},{\"@type\":\"WebSite\",\"@id\":\"https:\\\/\\\/www.comprarmejor.es\\\/en\\\/#website\",\"url\":\"https:\\\/\\\/www.comprarmejor.es\\\/en\\\/\",\"name\":\"ComprarMejor\",\"description\":\"ComprarMejor\",\"publisher\":{\"@id\":\"https:\\\/\\\/www.comprarmejor.es\\\/en\\\/#organization\"},\"potentialAction\":[{\"@type\":\"SearchAction\",\"target\":{\"@type\":\"EntryPoint\",\"urlTemplate\":\"https:\\\/\\\/www.comprarmejor.es\\\/en\\\/?s={search_term_string}\"},\"query-input\":{\"@type\":\"PropertyValueSpecification\",\"valueRequired\":true,\"valueName\":\"search_term_string\"}}],\"inLanguage\":\"en-US\"},{\"@type\":\"Organization\",\"@id\":\"https:\\\/\\\/www.comprarmejor.es\\\/en\\\/#organization\",\"name\":\"COMPRAR MEJOR\",\"url\":\"https:\\\/\\\/www.comprarmejor.es\\\/en\\\/\",\"logo\":{\"@type\":\"ImageObject\",\"inLanguage\":\"en-US\",\"@id\":\"https:\\\/\\\/www.comprarmejor.es\\\/en\\\/#\\\/schema\\\/logo\\\/image\\\/\",\"url\":\"https:\\\/\\\/www.comprarmejor.es\\\/wp-content\\\/uploads\\\/2025\\\/09\\\/comprarmejortrinidad.jpg\",\"contentUrl\":\"https:\\\/\\\/www.comprarmejor.es\\\/wp-content\\\/uploads\\\/2025\\\/09\\\/comprarmejortrinidad.jpg\",\"width\":1022,\"height\":1380,\"caption\":\"COMPRAR MEJOR\"},\"image\":{\"@id\":\"https:\\\/\\\/www.comprarmejor.es\\\/en\\\/#\\\/schema\\\/logo\\\/image\\\/\"},\"sameAs\":[\"https:\\\/\\\/www.instagram.com\\\/amigosdelcodice\"]}]}<\/script>\n<!-- \/ Yoast SEO plugin. -->","yoast_head_json":{"title":"Case for the Testament and Codicil of Isabel la Catolica","description":"Beautiful and luxurious case for the Testament and Codicil of Isabel la Catolica, book type, with smooth spine, made by Amigos del Codice","robots":{"index":"index","follow":"follow","max-snippet":"max-snippet:-1","max-image-preview":"max-image-preview:large","max-video-preview":"max-video-preview:-1"},"canonical":"https:\/\/www.comprarmejor.es\/en\/product\/case-for-the-testament-and-codicil-of-isabel-la-catolica\/","og_locale":"en_US","og_type":"article","og_title":"Case for the Testament and Codicil of Isabel la Catolica","og_description":"Beautiful and luxurious case for the Testament and Codicil of Isabel la Catolica, book type, with smooth spine, made by Amigos del Codice","og_url":"https:\/\/www.comprarmejor.es\/en\/product\/case-for-the-testament-and-codicil-of-isabel-la-catolica\/","og_site_name":"ComprarMejor","article_modified_time":"2021-11-11T17:15:41+00:00","og_image":[{"width":501,"height":600,"url":"https:\/\/www.comprarmejor.es\/wp-content\/uploads\/2016\/01\/DSC02749.jpg","type":"image\/jpeg"}],"twitter_card":"summary_large_image","twitter_misc":{"Est. reading time":"1 minute"},"schema":{"@context":"https:\/\/schema.org","@graph":[{"@type":"WebPage","@id":"https:\/\/www.comprarmejor.es\/en\/product\/case-for-the-testament-and-codicil-of-isabel-la-catolica\/","url":"https:\/\/www.comprarmejor.es\/en\/product\/case-for-the-testament-and-codicil-of-isabel-la-catolica\/","name":"Case for the Testament and Codicil of Isabel la Catolica","isPartOf":{"@id":"https:\/\/www.comprarmejor.es\/en\/#website"},"primaryImageOfPage":{"@id":"https:\/\/www.comprarmejor.es\/en\/product\/case-for-the-testament-and-codicil-of-isabel-la-catolica\/#primaryimage"},"image":{"@id":"https:\/\/www.comprarmejor.es\/en\/product\/case-for-the-testament-and-codicil-of-isabel-la-catolica\/#primaryimage"},"thumbnailUrl":"https:\/\/www.comprarmejor.es\/wp-content\/uploads\/2016\/01\/DSC02749.jpg","datePublished":"2016-01-22T09:43:28+00:00","dateModified":"2021-11-11T17:15:41+00:00","description":"Beautiful and luxurious case for the Testament and Codicil of Isabel la Catolica, book type, with smooth spine, made by Amigos del Codice","breadcrumb":{"@id":"https:\/\/www.comprarmejor.es\/en\/product\/case-for-the-testament-and-codicil-of-isabel-la-catolica\/#breadcrumb"},"inLanguage":"en-US","potentialAction":[{"@type":"ReadAction","target":["https:\/\/www.comprarmejor.es\/en\/product\/case-for-the-testament-and-codicil-of-isabel-la-catolica\/"]}]},{"@type":"ImageObject","inLanguage":"en-US","@id":"https:\/\/www.comprarmejor.es\/en\/product\/case-for-the-testament-and-codicil-of-isabel-la-catolica\/#primaryimage","url":"https:\/\/www.comprarmejor.es\/wp-content\/uploads\/2016\/01\/DSC02749.jpg","contentUrl":"https:\/\/www.comprarmejor.es\/wp-content\/uploads\/2016\/01\/DSC02749.jpg","width":501,"height":600},{"@type":"BreadcrumbList","@id":"https:\/\/www.comprarmejor.es\/en\/product\/case-for-the-testament-and-codicil-of-isabel-la-catolica\/#breadcrumb","itemListElement":[{"@type":"ListItem","position":1,"name":"Portada","item":"https:\/\/www.comprarmejor.es\/en\/"},{"@type":"ListItem","position":2,"name":"Shop","item":"https:\/\/www.comprarmejor.es\/en\/shop\/"},{"@type":"ListItem","position":3,"name":"Case for the Testament and Codicil of Isabel la Catolica"}]},{"@type":"WebSite","@id":"https:\/\/www.comprarmejor.es\/en\/#website","url":"https:\/\/www.comprarmejor.es\/en\/","name":"ComprarMejor","description":"ComprarMejor","publisher":{"@id":"https:\/\/www.comprarmejor.es\/en\/#organization"},"potentialAction":[{"@type":"SearchAction","target":{"@type":"EntryPoint","urlTemplate":"https:\/\/www.comprarmejor.es\/en\/?s={search_term_string}"},"query-input":{"@type":"PropertyValueSpecification","valueRequired":true,"valueName":"search_term_string"}}],"inLanguage":"en-US"},{"@type":"Organization","@id":"https:\/\/www.comprarmejor.es\/en\/#organization","name":"COMPRAR MEJOR","url":"https:\/\/www.comprarmejor.es\/en\/","logo":{"@type":"ImageObject","inLanguage":"en-US","@id":"https:\/\/www.comprarmejor.es\/en\/#\/schema\/logo\/image\/","url":"https:\/\/www.comprarmejor.es\/wp-content\/uploads\/2025\/09\/comprarmejortrinidad.jpg","contentUrl":"https:\/\/www.comprarmejor.es\/wp-content\/uploads\/2025\/09\/comprarmejortrinidad.jpg","width":1022,"height":1380,"caption":"COMPRAR MEJOR"},"image":{"@id":"https:\/\/www.comprarmejor.es\/en\/#\/schema\/logo\/image\/"},"sameAs":["https:\/\/www.instagram.com\/amigosdelcodice"]}]}},"_links":{"self":[{"href":"https:\/\/www.comprarmejor.es\/en\/wp-json\/wp\/v2\/product\/52059","targetHints":{"allow":["GET"]}}],"collection":[{"href":"https:\/\/www.comprarmejor.es\/en\/wp-json\/wp\/v2\/product"}],"about":[{"href":"https:\/\/www.comprarmejor.es\/en\/wp-json\/wp\/v2\/types\/product"}],"wp:featuredmedia":[{"embeddable":true,"href":"https:\/\/www.comprarmejor.es\/en\/wp-json\/wp\/v2\/media\/71451"}],"wp:attachment":[{"href":"https:\/\/www.comprarmejor.es\/en\/wp-json\/wp\/v2\/media?parent=52059"}],"wp:term":[{"taxonomy":"product_brand","embeddable":true,"href":"https:\/\/www.comprarmejor.es\/en\/wp-json\/wp\/v2\/product_brand?post=52059"},{"taxonomy":"product_cat","embeddable":true,"href":"https:\/\/www.comprarmejor.es\/en\/wp-json\/wp\/v2\/product_cat?post=52059"},{"taxonomy":"product_tag","embeddable":true,"href":"https:\/\/www.comprarmejor.es\/en\/wp-json\/wp\/v2\/product_tag?post=52059"}],"curies":[{"name":"wp","href":"https:\/\/api.w.org\/{rel}","templated":true}]}}