{"id":52111,"date":"2016-01-22T12:50:09","date_gmt":"2016-01-22T11:50:09","guid":{"rendered":"https:\/\/www.comprarmejor.es\/producto\/codex-of-the-trojan-war-s-xiv\/"},"modified":"2019-09-11T11:12:36","modified_gmt":"2019-09-11T09:12:36","slug":"codex-of-the-trojan-war-s-xiv","status":"publish","type":"product","link":"https:\/\/www.comprarmejor.es\/en\/product\/codex-of-the-trojan-war-s-xiv\/","title":{"rendered":"Codex of the Trojan War, s. XIV"},"content":{"rendered":"<p style=\"text-align:justify;\"><span id=\"result_box\" lang=\"en\" xml:lang=\"en\"><span title=\"Bello y muy interesante facs\u00edmile del manuscrito original conservado en la Biblioteca Nacional de Rusia (en San Petersburgo), con la signatura Fr.FvXIV.\">Beautiful and very interesting facsimile of the original manuscript in the National Library of Russia (St. Petersburg) with Fr.FvXIV signature.<\/p>\n<p><\/span><span title=\"El rapto de Helena a manos de Paris desencaden\u00f3 uno de los relatos legendarios m\u00e1s conocidos de la Grecia cl\u00e1sica, recogido por Homero en La Iliada.\">The abduction of Helen at the hands of Paris sparked one of the most famous legendary tales of ancient Greece, collected by Homer in the Iliad. <\/span><span title=\"En la Edad Media estos textos fueron reintroducidos y adaptados a los tiempos que corr\u00edan, sentando las bases de lo que posteriormente ser\u00edan los famosos Libros de Caballer\u00edas.\">In the Middle Ages these texts were reintroduced and adapted to the times running, laying the groundwork for what would later be famous romances. <\/span><span title=\"Las miniaturas de este manuscrito se han convertido en una fuente de informaci\u00f3n sobre el siglo XIV en Italia: arquitectura, mobiliario, trajes, armas, etc.\">The miniatures of this manuscript have become a source of information about the fourteenth century in Italy: architecture, furniture, costumes, weapons, etc.<\/p>\n<p><\/span><span title=\"El conocido como C\u00f3dice de la Guerra de Troya no es \u00fanicamente la novela de la guerra de Troya, desde el punto de vista franc\u00e9s de la segunda mitad del siglo XIV, sino tambi\u00e9n un extenso escaparte visual de im\u00e1genes sobre la saga de h\u00e9roes troyanos y griegos\">The Codex known as the Trojan War is not only the novel of the Trojan War, from the French point of view of the second half of the fourteenth century, but also escape from extensive visual images on the saga of Trojan and Greek heroes <\/span><span title=\".\">.<\/p>\n<p><\/span><span title=\"La guerra de Troya es sin duda la saga m\u00e1s importante de la antig\u00fcedad.\">The Trojan War is undoubtedly the most important series of antiquity. <\/span><span title=\"Durante cientos de a\u00f1os las historias sobre Aquiles y H\u00e9ctor, Paris y la hermosa Helena y la fascinaci\u00f3n sobre el caballo de Troya, fueron la inspiraci\u00f3n para artistas y nobles.\">For hundreds of years the stories of Achilles and Hector, Paris and the beautiful Helen and fascination about the Trojan horse, were the inspiration for artists and nobles. <\/span><span title=\"En la Edad Media muchas casas reales llevaron su ascendencia y muchas ciudades su fundaci\u00f3n, directamente a los h\u00e9roes de la guerra de Troya.\">In the Middle Ages many royal houses took their descent and founded many cities, directly to the heroes of the Trojan War. <\/span><span title=\"As\u00ed que no es de extra\u00f1ar que la saga de las luchas por Troya fuera uno de los temas m\u00e1s populares.\">So it is not surprising that the saga of the struggle for Troy was one of the most popular subjects. <\/span><span title=\"El manuscrito original del C\u00f3dice de la Guerra de Troya se hizo en Italia en el siglo XIV y se lleva a cabo en su totalidad en el estilo bolo\u00f1\u00e9s.\">The original manuscript of the Codex of the Trojan War was in Italy in the fourteenth century and is conducted entirely in the Bolognese style. <\/span><span title=\"Es sin duda uno de los m\u00e1s bellos manuscritos iluminados sobre la guerra de Troya.\">It is certainly one of the most beautiful illuminated manuscripts about the Trojan War.<\/p>\n<p><\/span><span title=\"Manuscrito original realizado en Italia en la segunda mitad del siglo XIV, por Beno\u00eet de Sainte-Maure, en lengua francesa.\">Original manuscript in Italy in the second half of the fourteenth century by Beno\u00eet de Sainte-Maure, in French. <\/span><span title=\"Consta de 336 p\u00e1ginas, de las cuales 329 est\u00e1n decoradas con bellas miniaturas de car\u00e1cter costumbrista a todo color y con oros.\">It consists of 336 pages, 329 of which are decorated with beautiful miniatures of manners character full color and gold.<\/p>\n<p><\/span><span title=\"Caracter\u00edsticas de la edici\u00f3n facs\u00edmile que ofrecemos en este bello e interesante ejemplar:\">Characteristics of the facsimile edition we offer in this beautiful and interesting example:<br \/><\/span><span title=\"Edici\u00f3n de 2003 de la editorial AyN de Madrid, limitada a 995 ejemplares, numerada y autentificada notarialmente.\">2003 edition of Ayn of Madrid, limited to 995 copies, numbered and authenticated by a notary publisher.<br \/><\/span><span title=\"Encuadernaci\u00f3n en terciopelo p\u00farpura, formato 28,5 x 41,2 cm.\">Purple velvet binding, format 28.5 x 41.2 cm. <\/span><span title=\"336 p\u00e1ginas.\">336 pages.<br \/><\/span><span title=\"Se acompa\u00f1a de libro estudio (textos en espa\u00f1ol) y estuche para una mejor conservaci\u00f3n del facs\u00edmile.\">It is accompanied by book study (text in Spanish) and case for better conservation of the facsimile.<\/p>\n<p><\/span><span title=\"Gastos de env\u00edo por cuenta del comprador, seg\u00fan pedido y destino.\">Shipping by the buyer, upon request and destination.\u00a0<\/span><span title=\"Cons\u00faltenos cualquier duda, as\u00ed como por cualquier otro facs\u00edmile o art\u00edculo que est\u00e9 buscando.\"><a class=\"btn btn-default\" href=\"http:\/\/comprarmejor.es\/en\/contact\">Ask us<\/a> any questions and facsimile or any other item he seeks.<\/span><\/span><\/p>\n","protected":false},"excerpt":{"rendered":"<p style=\"text-align:justify;\"><span id=\"result_box\" lang=\"en\" xml:lang=\"en\"><span title=\"Bello y muy interesante facs\u00edmile del manuscrito original conservado en la Biblioteca Nacional de Rusia (en San Petersburgo), con la signatura Fr.FvXIV.\">Beautiful and very interesting facsimile of the original manuscript in the National Library of Russia (St. Petersburg) with Fr.FvXIV signature.<\/span><\/span><\/p>\n","protected":false},"featured_media":52095,"template":"","meta":[],"product_brand":[],"product_cat":[2250],"product_tag":[3979],"class_list":{"0":"post-52111","1":"product","2":"type-product","3":"status-publish","4":"has-post-thumbnail","6":"product_cat-other-facsimiles","7":"product_tag-ayn-en","8":"product_shipping_class-from-2-to-5-kg","9":"description-off","11":"first","12":"instock","13":"sale","14":"taxable","15":"shipping-taxable","16":"purchasable","17":"product-type-simple"},"yoast_head":"<!-- This site is optimized with the Yoast SEO plugin v27.3 - https:\/\/yoast.com\/product\/yoast-seo-wordpress\/ -->\n<title>Codex of the Trojan War, s. XIV<\/title>\n<meta name=\"description\" content=\"Beautiful and very interesting facsimile of the original manuscript in the National Library of Russia (St. Petersburg) with Fr.FvXIV signature.\" \/>\n<meta name=\"robots\" content=\"index, follow, max-snippet:-1, max-image-preview:large, max-video-preview:-1\" \/>\n<link rel=\"canonical\" href=\"https:\/\/www.comprarmejor.es\/en\/product\/codex-of-the-trojan-war-s-xiv\/\" \/>\n<meta property=\"og:locale\" content=\"en_US\" \/>\n<meta property=\"og:type\" content=\"article\" \/>\n<meta property=\"og:title\" content=\"Codex of the Trojan War, s. XIV\" \/>\n<meta property=\"og:description\" content=\"Beautiful and very interesting facsimile of the original manuscript in the National Library of Russia (St. Petersburg) with Fr.FvXIV signature.\" \/>\n<meta property=\"og:url\" content=\"https:\/\/www.comprarmejor.es\/en\/product\/codex-of-the-trojan-war-s-xiv\/\" \/>\n<meta property=\"og:site_name\" content=\"ComprarMejor\" \/>\n<meta property=\"article:modified_time\" content=\"2019-09-11T09:12:36+00:00\" \/>\n<meta property=\"og:image\" content=\"https:\/\/www.comprarmejor.es\/wp-content\/uploads\/2016\/01\/p_2_7_5_2_2752-Codice-de-la-Guerra-de-Troya-s.-XIV.jpg\" \/>\n\t<meta property=\"og:image:width\" content=\"600\" \/>\n\t<meta property=\"og:image:height\" content=\"451\" \/>\n\t<meta property=\"og:image:type\" content=\"image\/jpeg\" \/>\n<meta name=\"twitter:card\" content=\"summary_large_image\" \/>\n<meta name=\"twitter:label1\" content=\"Est. reading time\" \/>\n\t<meta name=\"twitter:data1\" content=\"2 minutes\" \/>\n<script type=\"application\/ld+json\" class=\"yoast-schema-graph\">{\"@context\":\"https:\\\/\\\/schema.org\",\"@graph\":[{\"@type\":\"WebPage\",\"@id\":\"https:\\\/\\\/www.comprarmejor.es\\\/en\\\/product\\\/codex-of-the-trojan-war-s-xiv\\\/\",\"url\":\"https:\\\/\\\/www.comprarmejor.es\\\/en\\\/product\\\/codex-of-the-trojan-war-s-xiv\\\/\",\"name\":\"Codex of the Trojan War, s. XIV\",\"isPartOf\":{\"@id\":\"https:\\\/\\\/www.comprarmejor.es\\\/en\\\/#website\"},\"primaryImageOfPage\":{\"@id\":\"https:\\\/\\\/www.comprarmejor.es\\\/en\\\/product\\\/codex-of-the-trojan-war-s-xiv\\\/#primaryimage\"},\"image\":{\"@id\":\"https:\\\/\\\/www.comprarmejor.es\\\/en\\\/product\\\/codex-of-the-trojan-war-s-xiv\\\/#primaryimage\"},\"thumbnailUrl\":\"https:\\\/\\\/www.comprarmejor.es\\\/wp-content\\\/uploads\\\/2016\\\/01\\\/p_2_7_5_2_2752-Codice-de-la-Guerra-de-Troya-s.-XIV.jpg\",\"datePublished\":\"2016-01-22T11:50:09+00:00\",\"dateModified\":\"2019-09-11T09:12:36+00:00\",\"description\":\"Beautiful and very interesting facsimile of the original manuscript in the National Library of Russia (St. Petersburg) with Fr.FvXIV signature.\",\"breadcrumb\":{\"@id\":\"https:\\\/\\\/www.comprarmejor.es\\\/en\\\/product\\\/codex-of-the-trojan-war-s-xiv\\\/#breadcrumb\"},\"inLanguage\":\"en-US\",\"potentialAction\":[{\"@type\":\"ReadAction\",\"target\":[\"https:\\\/\\\/www.comprarmejor.es\\\/en\\\/product\\\/codex-of-the-trojan-war-s-xiv\\\/\"]}]},{\"@type\":\"ImageObject\",\"inLanguage\":\"en-US\",\"@id\":\"https:\\\/\\\/www.comprarmejor.es\\\/en\\\/product\\\/codex-of-the-trojan-war-s-xiv\\\/#primaryimage\",\"url\":\"https:\\\/\\\/www.comprarmejor.es\\\/wp-content\\\/uploads\\\/2016\\\/01\\\/p_2_7_5_2_2752-Codice-de-la-Guerra-de-Troya-s.-XIV.jpg\",\"contentUrl\":\"https:\\\/\\\/www.comprarmejor.es\\\/wp-content\\\/uploads\\\/2016\\\/01\\\/p_2_7_5_2_2752-Codice-de-la-Guerra-de-Troya-s.-XIV.jpg\",\"width\":600,\"height\":451},{\"@type\":\"BreadcrumbList\",\"@id\":\"https:\\\/\\\/www.comprarmejor.es\\\/en\\\/product\\\/codex-of-the-trojan-war-s-xiv\\\/#breadcrumb\",\"itemListElement\":[{\"@type\":\"ListItem\",\"position\":1,\"name\":\"Portada\",\"item\":\"https:\\\/\\\/www.comprarmejor.es\\\/en\\\/\"},{\"@type\":\"ListItem\",\"position\":2,\"name\":\"Shop\",\"item\":\"https:\\\/\\\/www.comprarmejor.es\\\/en\\\/shop\\\/\"},{\"@type\":\"ListItem\",\"position\":3,\"name\":\"Codex of the Trojan War, s. XIV\"}]},{\"@type\":\"WebSite\",\"@id\":\"https:\\\/\\\/www.comprarmejor.es\\\/en\\\/#website\",\"url\":\"https:\\\/\\\/www.comprarmejor.es\\\/en\\\/\",\"name\":\"ComprarMejor\",\"description\":\"ComprarMejor\",\"publisher\":{\"@id\":\"https:\\\/\\\/www.comprarmejor.es\\\/en\\\/#organization\"},\"potentialAction\":[{\"@type\":\"SearchAction\",\"target\":{\"@type\":\"EntryPoint\",\"urlTemplate\":\"https:\\\/\\\/www.comprarmejor.es\\\/en\\\/?s={search_term_string}\"},\"query-input\":{\"@type\":\"PropertyValueSpecification\",\"valueRequired\":true,\"valueName\":\"search_term_string\"}}],\"inLanguage\":\"en-US\"},{\"@type\":\"Organization\",\"@id\":\"https:\\\/\\\/www.comprarmejor.es\\\/en\\\/#organization\",\"name\":\"COMPRAR MEJOR\",\"url\":\"https:\\\/\\\/www.comprarmejor.es\\\/en\\\/\",\"logo\":{\"@type\":\"ImageObject\",\"inLanguage\":\"en-US\",\"@id\":\"https:\\\/\\\/www.comprarmejor.es\\\/en\\\/#\\\/schema\\\/logo\\\/image\\\/\",\"url\":\"https:\\\/\\\/www.comprarmejor.es\\\/wp-content\\\/uploads\\\/2025\\\/09\\\/comprarmejortrinidad.jpg\",\"contentUrl\":\"https:\\\/\\\/www.comprarmejor.es\\\/wp-content\\\/uploads\\\/2025\\\/09\\\/comprarmejortrinidad.jpg\",\"width\":1022,\"height\":1380,\"caption\":\"COMPRAR MEJOR\"},\"image\":{\"@id\":\"https:\\\/\\\/www.comprarmejor.es\\\/en\\\/#\\\/schema\\\/logo\\\/image\\\/\"},\"sameAs\":[\"https:\\\/\\\/www.instagram.com\\\/amigosdelcodice\"]}]}<\/script>\n<!-- \/ Yoast SEO plugin. -->","yoast_head_json":{"title":"Codex of the Trojan War, s. XIV","description":"Beautiful and very interesting facsimile of the original manuscript in the National Library of Russia (St. Petersburg) with Fr.FvXIV signature.","robots":{"index":"index","follow":"follow","max-snippet":"max-snippet:-1","max-image-preview":"max-image-preview:large","max-video-preview":"max-video-preview:-1"},"canonical":"https:\/\/www.comprarmejor.es\/en\/product\/codex-of-the-trojan-war-s-xiv\/","og_locale":"en_US","og_type":"article","og_title":"Codex of the Trojan War, s. XIV","og_description":"Beautiful and very interesting facsimile of the original manuscript in the National Library of Russia (St. Petersburg) with Fr.FvXIV signature.","og_url":"https:\/\/www.comprarmejor.es\/en\/product\/codex-of-the-trojan-war-s-xiv\/","og_site_name":"ComprarMejor","article_modified_time":"2019-09-11T09:12:36+00:00","og_image":[{"width":600,"height":451,"url":"https:\/\/www.comprarmejor.es\/wp-content\/uploads\/2016\/01\/p_2_7_5_2_2752-Codice-de-la-Guerra-de-Troya-s.-XIV.jpg","type":"image\/jpeg"}],"twitter_card":"summary_large_image","twitter_misc":{"Est. reading time":"2 minutes"},"schema":{"@context":"https:\/\/schema.org","@graph":[{"@type":"WebPage","@id":"https:\/\/www.comprarmejor.es\/en\/product\/codex-of-the-trojan-war-s-xiv\/","url":"https:\/\/www.comprarmejor.es\/en\/product\/codex-of-the-trojan-war-s-xiv\/","name":"Codex of the Trojan War, s. XIV","isPartOf":{"@id":"https:\/\/www.comprarmejor.es\/en\/#website"},"primaryImageOfPage":{"@id":"https:\/\/www.comprarmejor.es\/en\/product\/codex-of-the-trojan-war-s-xiv\/#primaryimage"},"image":{"@id":"https:\/\/www.comprarmejor.es\/en\/product\/codex-of-the-trojan-war-s-xiv\/#primaryimage"},"thumbnailUrl":"https:\/\/www.comprarmejor.es\/wp-content\/uploads\/2016\/01\/p_2_7_5_2_2752-Codice-de-la-Guerra-de-Troya-s.-XIV.jpg","datePublished":"2016-01-22T11:50:09+00:00","dateModified":"2019-09-11T09:12:36+00:00","description":"Beautiful and very interesting facsimile of the original manuscript in the National Library of Russia (St. Petersburg) with Fr.FvXIV signature.","breadcrumb":{"@id":"https:\/\/www.comprarmejor.es\/en\/product\/codex-of-the-trojan-war-s-xiv\/#breadcrumb"},"inLanguage":"en-US","potentialAction":[{"@type":"ReadAction","target":["https:\/\/www.comprarmejor.es\/en\/product\/codex-of-the-trojan-war-s-xiv\/"]}]},{"@type":"ImageObject","inLanguage":"en-US","@id":"https:\/\/www.comprarmejor.es\/en\/product\/codex-of-the-trojan-war-s-xiv\/#primaryimage","url":"https:\/\/www.comprarmejor.es\/wp-content\/uploads\/2016\/01\/p_2_7_5_2_2752-Codice-de-la-Guerra-de-Troya-s.-XIV.jpg","contentUrl":"https:\/\/www.comprarmejor.es\/wp-content\/uploads\/2016\/01\/p_2_7_5_2_2752-Codice-de-la-Guerra-de-Troya-s.-XIV.jpg","width":600,"height":451},{"@type":"BreadcrumbList","@id":"https:\/\/www.comprarmejor.es\/en\/product\/codex-of-the-trojan-war-s-xiv\/#breadcrumb","itemListElement":[{"@type":"ListItem","position":1,"name":"Portada","item":"https:\/\/www.comprarmejor.es\/en\/"},{"@type":"ListItem","position":2,"name":"Shop","item":"https:\/\/www.comprarmejor.es\/en\/shop\/"},{"@type":"ListItem","position":3,"name":"Codex of the Trojan War, s. XIV"}]},{"@type":"WebSite","@id":"https:\/\/www.comprarmejor.es\/en\/#website","url":"https:\/\/www.comprarmejor.es\/en\/","name":"ComprarMejor","description":"ComprarMejor","publisher":{"@id":"https:\/\/www.comprarmejor.es\/en\/#organization"},"potentialAction":[{"@type":"SearchAction","target":{"@type":"EntryPoint","urlTemplate":"https:\/\/www.comprarmejor.es\/en\/?s={search_term_string}"},"query-input":{"@type":"PropertyValueSpecification","valueRequired":true,"valueName":"search_term_string"}}],"inLanguage":"en-US"},{"@type":"Organization","@id":"https:\/\/www.comprarmejor.es\/en\/#organization","name":"COMPRAR MEJOR","url":"https:\/\/www.comprarmejor.es\/en\/","logo":{"@type":"ImageObject","inLanguage":"en-US","@id":"https:\/\/www.comprarmejor.es\/en\/#\/schema\/logo\/image\/","url":"https:\/\/www.comprarmejor.es\/wp-content\/uploads\/2025\/09\/comprarmejortrinidad.jpg","contentUrl":"https:\/\/www.comprarmejor.es\/wp-content\/uploads\/2025\/09\/comprarmejortrinidad.jpg","width":1022,"height":1380,"caption":"COMPRAR MEJOR"},"image":{"@id":"https:\/\/www.comprarmejor.es\/en\/#\/schema\/logo\/image\/"},"sameAs":["https:\/\/www.instagram.com\/amigosdelcodice"]}]}},"_links":{"self":[{"href":"https:\/\/www.comprarmejor.es\/en\/wp-json\/wp\/v2\/product\/52111","targetHints":{"allow":["GET"]}}],"collection":[{"href":"https:\/\/www.comprarmejor.es\/en\/wp-json\/wp\/v2\/product"}],"about":[{"href":"https:\/\/www.comprarmejor.es\/en\/wp-json\/wp\/v2\/types\/product"}],"wp:featuredmedia":[{"embeddable":true,"href":"https:\/\/www.comprarmejor.es\/en\/wp-json\/wp\/v2\/media\/52095"}],"wp:attachment":[{"href":"https:\/\/www.comprarmejor.es\/en\/wp-json\/wp\/v2\/media?parent=52111"}],"wp:term":[{"taxonomy":"product_brand","embeddable":true,"href":"https:\/\/www.comprarmejor.es\/en\/wp-json\/wp\/v2\/product_brand?post=52111"},{"taxonomy":"product_cat","embeddable":true,"href":"https:\/\/www.comprarmejor.es\/en\/wp-json\/wp\/v2\/product_cat?post=52111"},{"taxonomy":"product_tag","embeddable":true,"href":"https:\/\/www.comprarmejor.es\/en\/wp-json\/wp\/v2\/product_tag?post=52111"}],"curies":[{"name":"wp","href":"https:\/\/api.w.org\/{rel}","templated":true}]}}