{"id":52129,"date":"2016-01-22T23:27:31","date_gmt":"2016-01-22T22:27:31","guid":{"rendered":"https:\/\/www.comprarmejor.es\/producto\/set-of-green-towels-white-crochet-unique-piece\/"},"modified":"2022-07-17T12:37:27","modified_gmt":"2022-07-17T10:37:27","slug":"dictionary-of-the-kings-of-spain-manuel-rios-mascarelle-1995","status":"publish","type":"product","link":"https:\/\/www.comprarmejor.es\/en\/product\/dictionary-of-the-kings-of-spain-manuel-rios-mascarelle-1995\/","title":{"rendered":"Dictionary of the Kings of Spain. Manuel Rios Mascarelle, 1995"},"content":{"rendered":"<p style=\"text-align: justify;\">Dictionary of the Kings of Spain, 2 volumes, by Manuel R\u00edos Mazcarelle (1940-2000), first edition 1995, Alderab\u00e1n publishing house.<\/p>\n<p style=\"text-align: justify;\">Paperback volumes with illustrated flaps, 15 x 21 cm format. In perfect condition, unused.<\/p>\n<p style=\"text-align: justify;\">Volume I, from the year 411 to 1474, 320 pages. 19 genealogical tables and 6 maps.<br \/>\nVolume II, from the year 1474 to 1996, 384 pages. 7 genealogical tables and 3 maps.<\/p>\n<p style=\"text-align: justify;\">The first volume includes the history of the Visigothic kings, the Arab emirs and caliphs, the Asturian, Galician, Castilian, Navarrese, Aragonese and Majorcan kings and the Catalan and Castilian counts. The author collects the most relevant political and military events and delights us with the details of the private life of the monarchs: character, vices, virtues and defects. This makes this work become useful, easy and enjoyable reading.<\/p>\n<p style=\"text-align: justify;\">The second volume begins in the year 1474, the year in which Isabella I of Castile and Ferdinand II of Aragon (V of Castile), the Catholic Monarchs, begin their reign, and ends with the reign of Juan Carlos I. This work, due to its clarity , concise and amenable, it is an essential reference work for those who wish to acquire or expand their knowledge about the Kings of Spain.<\/p>\n<p style=\"text-align: justify;\">Marc Bloch, in his \u201cApology for History\u201d, noted that \u201cThe misunderstanding of the present is fatally born from the ignorance of the past; but perhaps it is still more useless to strive to understand the past without correct knowledge of the present.&#8221;<\/p>\n<p style=\"text-align: justify;\"><span title=\"Gastos de env\u00edo por cuenta del comprador, seg\u00fan pedido y destino.\"><span class=\"VIiyi\" lang=\"en\"><span class=\"JLqJ4b\" data-language-for-alternatives=\"en\" data-language-to-translate-into=\"es\" data-phrase-index=\"0\" data-number-of-phrases=\"1\"><span class=\"Q4iAWc\">Shipping costs paid by the buyer, according to order and destination<\/span><\/span><\/span>. <\/span><span title=\"Cons\u00faltenos cualquier duda, as\u00ed como por cualquier otro art\u00edculo que est\u00e9 buscando.\"><a class=\"btn btn-default\" href=\"https:\/\/www.comprarmejor.es\/en\/contact\">Ask us<\/a> <span class=\"VIiyi\" lang=\"en\"><span class=\"JLqJ4b\" data-language-for-alternatives=\"en\" data-language-to-translate-into=\"es\" data-phrase-index=\"0\" data-number-of-phrases=\"1\"><span class=\"Q4iAWc\">any questions you may have, indicating the article reference.<\/span><\/span><\/span><br \/>\n<\/span><\/p>\n","protected":false},"excerpt":{"rendered":"<p style=\"text-align: justify;\"><span id=\"result_box\" lang=\"en\" xml:lang=\"en\"><span class=\"VIiyi\" lang=\"en\"><span class=\"JLqJ4b\" data-language-for-alternatives=\"en\" data-language-to-translate-into=\"es\" data-phrase-index=\"0\"><span class=\"Q4iAWc\">Dictionary of the Kings of Spain, 2 volumes, by Manuel R\u00edos Mazcarelle (1940-2000), first edition 1995, Alderab\u00e1n publishing house.<\/span><\/span><\/span><\/span><\/p>\n","protected":false},"featured_media":78595,"template":"","meta":[],"product_brand":[],"product_cat":[2256,2242],"product_tag":[5120],"class_list":{"0":"post-52129","1":"product","2":"type-product","3":"status-publish","4":"has-post-thumbnail","6":"product_cat-books-in-general","7":"product_cat-first-editions","8":"product_tag-history-en","9":"product_shipping_class-from-0-to-1-kg","10":"description-off","12":"first","13":"instock","14":"taxable","15":"shipping-taxable","16":"purchasable","17":"product-type-simple"},"yoast_head":"<!-- This site is optimized with the Yoast SEO plugin v27.3 - https:\/\/yoast.com\/product\/yoast-seo-wordpress\/ -->\n<title>Dictionary of the Kings of Spain. Manuel Rios Mascarelle, 1995<\/title>\n<meta name=\"description\" content=\"Dictionary of the Kings of Spain, 2 volumes, by Manuel R\u00edos Mazcarelle (1940-2000), first edition 1995, Alderab\u00e1n publishing house.\" \/>\n<meta name=\"robots\" content=\"index, follow, max-snippet:-1, max-image-preview:large, max-video-preview:-1\" \/>\n<link rel=\"canonical\" href=\"https:\/\/www.comprarmejor.es\/en\/product\/dictionary-of-the-kings-of-spain-manuel-rios-mascarelle-1995\/\" \/>\n<meta property=\"og:locale\" content=\"en_US\" \/>\n<meta property=\"og:type\" content=\"article\" \/>\n<meta property=\"og:title\" content=\"Dictionary of the Kings of Spain. Manuel Rios Mascarelle, 1995\" \/>\n<meta property=\"og:description\" content=\"Dictionary of the Kings of Spain, 2 volumes, by Manuel R\u00edos Mazcarelle (1940-2000), first edition 1995, Alderab\u00e1n publishing house.\" \/>\n<meta property=\"og:url\" content=\"https:\/\/www.comprarmejor.es\/en\/product\/dictionary-of-the-kings-of-spain-manuel-rios-mascarelle-1995\/\" \/>\n<meta property=\"og:site_name\" content=\"ComprarMejor\" \/>\n<meta property=\"article:modified_time\" content=\"2022-07-17T10:37:27+00:00\" \/>\n<meta property=\"og:image\" content=\"https:\/\/www.comprarmejor.es\/wp-content\/uploads\/2016\/01\/DSC04325.jpg\" \/>\n\t<meta property=\"og:image:width\" content=\"697\" \/>\n\t<meta property=\"og:image:height\" content=\"444\" \/>\n\t<meta property=\"og:image:type\" content=\"image\/jpeg\" \/>\n<meta name=\"twitter:card\" content=\"summary_large_image\" \/>\n<meta name=\"twitter:label1\" content=\"Est. reading time\" \/>\n\t<meta name=\"twitter:data1\" content=\"1 minute\" \/>\n<script type=\"application\/ld+json\" class=\"yoast-schema-graph\">{\"@context\":\"https:\\\/\\\/schema.org\",\"@graph\":[{\"@type\":\"WebPage\",\"@id\":\"https:\\\/\\\/www.comprarmejor.es\\\/en\\\/product\\\/dictionary-of-the-kings-of-spain-manuel-rios-mascarelle-1995\\\/\",\"url\":\"https:\\\/\\\/www.comprarmejor.es\\\/en\\\/product\\\/dictionary-of-the-kings-of-spain-manuel-rios-mascarelle-1995\\\/\",\"name\":\"Dictionary of the Kings of Spain. Manuel Rios Mascarelle, 1995\",\"isPartOf\":{\"@id\":\"https:\\\/\\\/www.comprarmejor.es\\\/en\\\/#website\"},\"primaryImageOfPage\":{\"@id\":\"https:\\\/\\\/www.comprarmejor.es\\\/en\\\/product\\\/dictionary-of-the-kings-of-spain-manuel-rios-mascarelle-1995\\\/#primaryimage\"},\"image\":{\"@id\":\"https:\\\/\\\/www.comprarmejor.es\\\/en\\\/product\\\/dictionary-of-the-kings-of-spain-manuel-rios-mascarelle-1995\\\/#primaryimage\"},\"thumbnailUrl\":\"https:\\\/\\\/www.comprarmejor.es\\\/wp-content\\\/uploads\\\/2016\\\/01\\\/DSC04325.jpg\",\"datePublished\":\"2016-01-22T22:27:31+00:00\",\"dateModified\":\"2022-07-17T10:37:27+00:00\",\"description\":\"Dictionary of the Kings of Spain, 2 volumes, by Manuel R\u00edos Mazcarelle (1940-2000), first edition 1995, Alderab\u00e1n publishing house.\",\"breadcrumb\":{\"@id\":\"https:\\\/\\\/www.comprarmejor.es\\\/en\\\/product\\\/dictionary-of-the-kings-of-spain-manuel-rios-mascarelle-1995\\\/#breadcrumb\"},\"inLanguage\":\"en-US\",\"potentialAction\":[{\"@type\":\"ReadAction\",\"target\":[\"https:\\\/\\\/www.comprarmejor.es\\\/en\\\/product\\\/dictionary-of-the-kings-of-spain-manuel-rios-mascarelle-1995\\\/\"]}]},{\"@type\":\"ImageObject\",\"inLanguage\":\"en-US\",\"@id\":\"https:\\\/\\\/www.comprarmejor.es\\\/en\\\/product\\\/dictionary-of-the-kings-of-spain-manuel-rios-mascarelle-1995\\\/#primaryimage\",\"url\":\"https:\\\/\\\/www.comprarmejor.es\\\/wp-content\\\/uploads\\\/2016\\\/01\\\/DSC04325.jpg\",\"contentUrl\":\"https:\\\/\\\/www.comprarmejor.es\\\/wp-content\\\/uploads\\\/2016\\\/01\\\/DSC04325.jpg\",\"width\":697,\"height\":444},{\"@type\":\"BreadcrumbList\",\"@id\":\"https:\\\/\\\/www.comprarmejor.es\\\/en\\\/product\\\/dictionary-of-the-kings-of-spain-manuel-rios-mascarelle-1995\\\/#breadcrumb\",\"itemListElement\":[{\"@type\":\"ListItem\",\"position\":1,\"name\":\"Portada\",\"item\":\"https:\\\/\\\/www.comprarmejor.es\\\/en\\\/\"},{\"@type\":\"ListItem\",\"position\":2,\"name\":\"Shop\",\"item\":\"https:\\\/\\\/www.comprarmejor.es\\\/en\\\/shop\\\/\"},{\"@type\":\"ListItem\",\"position\":3,\"name\":\"Dictionary of the Kings of Spain. Manuel Rios Mascarelle, 1995\"}]},{\"@type\":\"WebSite\",\"@id\":\"https:\\\/\\\/www.comprarmejor.es\\\/en\\\/#website\",\"url\":\"https:\\\/\\\/www.comprarmejor.es\\\/en\\\/\",\"name\":\"ComprarMejor\",\"description\":\"ComprarMejor\",\"publisher\":{\"@id\":\"https:\\\/\\\/www.comprarmejor.es\\\/en\\\/#organization\"},\"potentialAction\":[{\"@type\":\"SearchAction\",\"target\":{\"@type\":\"EntryPoint\",\"urlTemplate\":\"https:\\\/\\\/www.comprarmejor.es\\\/en\\\/?s={search_term_string}\"},\"query-input\":{\"@type\":\"PropertyValueSpecification\",\"valueRequired\":true,\"valueName\":\"search_term_string\"}}],\"inLanguage\":\"en-US\"},{\"@type\":\"Organization\",\"@id\":\"https:\\\/\\\/www.comprarmejor.es\\\/en\\\/#organization\",\"name\":\"COMPRAR MEJOR\",\"url\":\"https:\\\/\\\/www.comprarmejor.es\\\/en\\\/\",\"logo\":{\"@type\":\"ImageObject\",\"inLanguage\":\"en-US\",\"@id\":\"https:\\\/\\\/www.comprarmejor.es\\\/en\\\/#\\\/schema\\\/logo\\\/image\\\/\",\"url\":\"https:\\\/\\\/www.comprarmejor.es\\\/wp-content\\\/uploads\\\/2025\\\/09\\\/comprarmejortrinidad.jpg\",\"contentUrl\":\"https:\\\/\\\/www.comprarmejor.es\\\/wp-content\\\/uploads\\\/2025\\\/09\\\/comprarmejortrinidad.jpg\",\"width\":1022,\"height\":1380,\"caption\":\"COMPRAR MEJOR\"},\"image\":{\"@id\":\"https:\\\/\\\/www.comprarmejor.es\\\/en\\\/#\\\/schema\\\/logo\\\/image\\\/\"},\"sameAs\":[\"https:\\\/\\\/www.instagram.com\\\/amigosdelcodice\"]}]}<\/script>\n<!-- \/ Yoast SEO plugin. -->","yoast_head_json":{"title":"Dictionary of the Kings of Spain. Manuel Rios Mascarelle, 1995","description":"Dictionary of the Kings of Spain, 2 volumes, by Manuel R\u00edos Mazcarelle (1940-2000), first edition 1995, Alderab\u00e1n publishing house.","robots":{"index":"index","follow":"follow","max-snippet":"max-snippet:-1","max-image-preview":"max-image-preview:large","max-video-preview":"max-video-preview:-1"},"canonical":"https:\/\/www.comprarmejor.es\/en\/product\/dictionary-of-the-kings-of-spain-manuel-rios-mascarelle-1995\/","og_locale":"en_US","og_type":"article","og_title":"Dictionary of the Kings of Spain. Manuel Rios Mascarelle, 1995","og_description":"Dictionary of the Kings of Spain, 2 volumes, by Manuel R\u00edos Mazcarelle (1940-2000), first edition 1995, Alderab\u00e1n publishing house.","og_url":"https:\/\/www.comprarmejor.es\/en\/product\/dictionary-of-the-kings-of-spain-manuel-rios-mascarelle-1995\/","og_site_name":"ComprarMejor","article_modified_time":"2022-07-17T10:37:27+00:00","og_image":[{"width":697,"height":444,"url":"https:\/\/www.comprarmejor.es\/wp-content\/uploads\/2016\/01\/DSC04325.jpg","type":"image\/jpeg"}],"twitter_card":"summary_large_image","twitter_misc":{"Est. reading time":"1 minute"},"schema":{"@context":"https:\/\/schema.org","@graph":[{"@type":"WebPage","@id":"https:\/\/www.comprarmejor.es\/en\/product\/dictionary-of-the-kings-of-spain-manuel-rios-mascarelle-1995\/","url":"https:\/\/www.comprarmejor.es\/en\/product\/dictionary-of-the-kings-of-spain-manuel-rios-mascarelle-1995\/","name":"Dictionary of the Kings of Spain. Manuel Rios Mascarelle, 1995","isPartOf":{"@id":"https:\/\/www.comprarmejor.es\/en\/#website"},"primaryImageOfPage":{"@id":"https:\/\/www.comprarmejor.es\/en\/product\/dictionary-of-the-kings-of-spain-manuel-rios-mascarelle-1995\/#primaryimage"},"image":{"@id":"https:\/\/www.comprarmejor.es\/en\/product\/dictionary-of-the-kings-of-spain-manuel-rios-mascarelle-1995\/#primaryimage"},"thumbnailUrl":"https:\/\/www.comprarmejor.es\/wp-content\/uploads\/2016\/01\/DSC04325.jpg","datePublished":"2016-01-22T22:27:31+00:00","dateModified":"2022-07-17T10:37:27+00:00","description":"Dictionary of the Kings of Spain, 2 volumes, by Manuel R\u00edos Mazcarelle (1940-2000), first edition 1995, Alderab\u00e1n publishing house.","breadcrumb":{"@id":"https:\/\/www.comprarmejor.es\/en\/product\/dictionary-of-the-kings-of-spain-manuel-rios-mascarelle-1995\/#breadcrumb"},"inLanguage":"en-US","potentialAction":[{"@type":"ReadAction","target":["https:\/\/www.comprarmejor.es\/en\/product\/dictionary-of-the-kings-of-spain-manuel-rios-mascarelle-1995\/"]}]},{"@type":"ImageObject","inLanguage":"en-US","@id":"https:\/\/www.comprarmejor.es\/en\/product\/dictionary-of-the-kings-of-spain-manuel-rios-mascarelle-1995\/#primaryimage","url":"https:\/\/www.comprarmejor.es\/wp-content\/uploads\/2016\/01\/DSC04325.jpg","contentUrl":"https:\/\/www.comprarmejor.es\/wp-content\/uploads\/2016\/01\/DSC04325.jpg","width":697,"height":444},{"@type":"BreadcrumbList","@id":"https:\/\/www.comprarmejor.es\/en\/product\/dictionary-of-the-kings-of-spain-manuel-rios-mascarelle-1995\/#breadcrumb","itemListElement":[{"@type":"ListItem","position":1,"name":"Portada","item":"https:\/\/www.comprarmejor.es\/en\/"},{"@type":"ListItem","position":2,"name":"Shop","item":"https:\/\/www.comprarmejor.es\/en\/shop\/"},{"@type":"ListItem","position":3,"name":"Dictionary of the Kings of Spain. Manuel Rios Mascarelle, 1995"}]},{"@type":"WebSite","@id":"https:\/\/www.comprarmejor.es\/en\/#website","url":"https:\/\/www.comprarmejor.es\/en\/","name":"ComprarMejor","description":"ComprarMejor","publisher":{"@id":"https:\/\/www.comprarmejor.es\/en\/#organization"},"potentialAction":[{"@type":"SearchAction","target":{"@type":"EntryPoint","urlTemplate":"https:\/\/www.comprarmejor.es\/en\/?s={search_term_string}"},"query-input":{"@type":"PropertyValueSpecification","valueRequired":true,"valueName":"search_term_string"}}],"inLanguage":"en-US"},{"@type":"Organization","@id":"https:\/\/www.comprarmejor.es\/en\/#organization","name":"COMPRAR MEJOR","url":"https:\/\/www.comprarmejor.es\/en\/","logo":{"@type":"ImageObject","inLanguage":"en-US","@id":"https:\/\/www.comprarmejor.es\/en\/#\/schema\/logo\/image\/","url":"https:\/\/www.comprarmejor.es\/wp-content\/uploads\/2025\/09\/comprarmejortrinidad.jpg","contentUrl":"https:\/\/www.comprarmejor.es\/wp-content\/uploads\/2025\/09\/comprarmejortrinidad.jpg","width":1022,"height":1380,"caption":"COMPRAR MEJOR"},"image":{"@id":"https:\/\/www.comprarmejor.es\/en\/#\/schema\/logo\/image\/"},"sameAs":["https:\/\/www.instagram.com\/amigosdelcodice"]}]}},"_links":{"self":[{"href":"https:\/\/www.comprarmejor.es\/en\/wp-json\/wp\/v2\/product\/52129","targetHints":{"allow":["GET"]}}],"collection":[{"href":"https:\/\/www.comprarmejor.es\/en\/wp-json\/wp\/v2\/product"}],"about":[{"href":"https:\/\/www.comprarmejor.es\/en\/wp-json\/wp\/v2\/types\/product"}],"wp:featuredmedia":[{"embeddable":true,"href":"https:\/\/www.comprarmejor.es\/en\/wp-json\/wp\/v2\/media\/78595"}],"wp:attachment":[{"href":"https:\/\/www.comprarmejor.es\/en\/wp-json\/wp\/v2\/media?parent=52129"}],"wp:term":[{"taxonomy":"product_brand","embeddable":true,"href":"https:\/\/www.comprarmejor.es\/en\/wp-json\/wp\/v2\/product_brand?post=52129"},{"taxonomy":"product_cat","embeddable":true,"href":"https:\/\/www.comprarmejor.es\/en\/wp-json\/wp\/v2\/product_cat?post=52129"},{"taxonomy":"product_tag","embeddable":true,"href":"https:\/\/www.comprarmejor.es\/en\/wp-json\/wp\/v2\/product_tag?post=52129"}],"curies":[{"name":"wp","href":"https:\/\/api.w.org\/{rel}","templated":true}]}}