{"id":52183,"date":"2016-01-23T13:34:31","date_gmt":"2016-01-23T12:34:31","guid":{"rendered":"https:\/\/www.comprarmejor.es\/producto\/horoscope-of-felipe-ii-1549\/"},"modified":"2019-08-29T15:56:26","modified_gmt":"2019-08-29T13:56:26","slug":"horoscope-of-felipe-ii-1549","status":"publish","type":"product","link":"https:\/\/www.comprarmejor.es\/en\/product\/horoscope-of-felipe-ii-1549\/","title":{"rendered":"Horoscope of Felipe II, 1549"},"content":{"rendered":"<p style=\"text-align:justify;\">To commemorate the 4th Centenary of the death of King Philip II of Spain (1598-1998), a series of significant, such as Tiny Prayer (we also have it on sale) or this Horoscope Matthias underwent Haco facsimile works were published.<\/p>\n<p>Is important because it brings us closer to their historical figure and his personality as an individual, always difficult thing in public figures and, above all, outstanding men who went to the living history in critical times. In the public man, the official life clouds or masks its human condition, because their actions have social significance, while small personal changes (illness, psychological crisis, etc.) that led to a decision which is then judged by ignoring results that nobody could have foreseen.<\/p>\n<p>It is because Matias Haco, personal physician of Emperor Charles V, who was dedicated and delivered when Felipe II visited Brussels called by his father, who was ill, in 1549. Since the situation of the astrologer was the Court itself, They can reveal some political data that escape chronic historians, since they are based only on official records. The cause which led him to perform the work is given by the same Haco: has studied the life of the heir by his horoscope and he has drawn attention for its uniqueness and political importance. Amazes check the success of the many predictions when compared with the biography of King.<\/p>\n<p>It seems that Felipe II consulted the book over what has been suggested so far. In his time, astrology was not well received by the more orthodox, or at universities or in the Church. Therefore it would have been unacceptable to have a book forecasts or be guided by him. However, the monarch must be versed in the matter, as the symbols used by the astrologer not understand a beginner and still today are arduous concepts for much of astrologers.<\/p>\n<p>Full and faithful reproduction of the original is preserved in the Library of the Royal Monastery of El Escorial, conducted under supervision of a notary, accompanied by codicological study, transcription and translation of the Spanish text. Exclusive and limited\u00a0edition.<\/p>\n<p>The limited to 980 copies, facsimile edition was published jointly conducted with the National Heritage and numbered each unique item through notarial certificate, associate in the work (the copy offered corresponds to a low number, less than 20). It comes in a case guardalibro inside which is a copy of the fax and a book study. The reproduction of the manuscript was made following the patterns of faithfulness to the original, in all its detail, handmade bound in black cloth with the emblem of the Escuarialense <span id=\"result_box\" lang=\"en\" xml:lang=\"en\"><span title=\"Ejemplar en perfecto estado.\"><span lang=\"en\" xml:lang=\"en\"><span title=\"La reproducci\u00f3n del manuscrito se ha realizado siguiendo los patrones de fidelidad con respecto al original, en todos sus m\u00ednimos detalles, encuadernado artesanalmente en tela negra con el emblema de la Biblioteca Escuarialense.\">Library.<\/p>\n<p><\/span><span title=\"Manuscrito tama\u00f1o 16,5 x 21 cm.\">Manuscript size 16.5 x 21 cm. <\/span><span title=\"144 p\u00e1ginas.\">144 pages. <\/span><span title=\"Libro estudio formato 15,6 x 20,7 cm.\">Book study format 15.6 x 20.7 cm. <\/span><span title=\"132 p\u00e1ginas.\">132 pages. <\/span><span title=\"Ambos presentados en una caja-estuche formato libro de 20 x 23,8 cm.\">Both presented in a box-case book format 20 x 23.8 cm.<\/p>\n<p><\/span><span title=\"Ejemplar en perfecto estado.\">Copy in perfect condition<\/span><\/span>. <\/span><span title=\"Los tachones que presentan algunas fotos son por tratamiento digital.\">The studs having some photos are digital processing.<\/p>\n<p><\/span><span title=\"Gastos de env\u00edo por cuenta del comprador, seg\u00fan pedido y destino.\">Shipping by the buyer, upon request and destination.\u00a0<\/span><span title=\"Cons\u00faltenos cualquier duda, as\u00ed como por cualquier otro facs\u00edmile o art\u00edculo que est\u00e9 buscando.\"><a class=\"btn btn-default\" href=\"http:\/\/comprarmejor.es\/en\/contact\">Ask us<\/a> any questions and facsimile or any other item he seeks<\/span><\/span>.<\/p>\n","protected":false},"excerpt":{"rendered":"<p style=\"text-align:justify;\"><span id=\"result_box\" lang=\"en\" xml:lang=\"en\"><span title=\"Como conmemoraci\u00f3n del 4\u00ba Centenario del fallecimiento del Rey Felipe II de Espa\u00f1a (1598-1998), se editaron una serie de obras facsimilares significativas, tales como el Diminuto Devocionario (tambi\u00e9n lo tenemos a la venta) o este Hor\u00f3scopo que le realiz\u00f3 Mat\u00edas Haco.\">To commemorate the 4th Centenary of the death of King Philip II of Spain (1598-1998), a series of significant, such as Tiny Prayer (we also have it on sale) or this Horoscope Matthias underwent Haco facsimile works were published.<\/span><\/span><\/p>\n","protected":false},"featured_media":52171,"template":"","meta":[],"product_brand":[],"product_cat":[2250],"product_tag":[3984,4537,4014,4538],"class_list":{"0":"post-52183","1":"product","2":"type-product","3":"status-publish","4":"has-post-thumbnail","6":"product_cat-other-facsimiles","7":"product_tag-escorial-en-2","8":"product_tag-felipe-ii-en-2","9":"product_tag-grial-en-2","10":"product_tag-haco-en-2","11":"product_shipping_class-from-0-to-1-kg","12":"description-off","14":"first","15":"instock","16":"taxable","17":"shipping-taxable","18":"purchasable","19":"product-type-simple"},"yoast_head":"<!-- This site is optimized with the Yoast SEO plugin v27.3 - https:\/\/yoast.com\/product\/yoast-seo-wordpress\/ -->\n<title>Horoscope of Felipe II, 1549<\/title>\n<meta name=\"description\" content=\"It is because Matias Haco, personal physician of Emperor Charles V, who was dedicated and delivered when Felipe II visited Brussels called by his father in 1549\" \/>\n<meta name=\"robots\" content=\"index, follow, max-snippet:-1, max-image-preview:large, max-video-preview:-1\" \/>\n<link rel=\"canonical\" href=\"https:\/\/www.comprarmejor.es\/en\/product\/horoscope-of-felipe-ii-1549\/\" \/>\n<meta property=\"og:locale\" content=\"en_US\" \/>\n<meta property=\"og:type\" content=\"article\" \/>\n<meta property=\"og:title\" content=\"Horoscope of Felipe II, 1549\" \/>\n<meta property=\"og:description\" content=\"It is because Matias Haco, personal physician of Emperor Charles V, who was dedicated and delivered when Felipe II visited Brussels called by his father in 1549\" \/>\n<meta property=\"og:url\" content=\"https:\/\/www.comprarmejor.es\/en\/product\/horoscope-of-felipe-ii-1549\/\" \/>\n<meta property=\"og:site_name\" content=\"ComprarMejor\" \/>\n<meta property=\"article:modified_time\" content=\"2019-08-29T13:56:26+00:00\" \/>\n<meta property=\"og:image\" content=\"https:\/\/www.comprarmejor.es\/wp-content\/uploads\/2016\/01\/p_2_7_8_5_2785-Horoscopo-de-Felipe-II-ano-1549.jpg\" \/>\n\t<meta property=\"og:image:width\" content=\"600\" \/>\n\t<meta property=\"og:image:height\" content=\"664\" \/>\n\t<meta property=\"og:image:type\" content=\"image\/jpeg\" \/>\n<meta name=\"twitter:card\" content=\"summary_large_image\" \/>\n<meta name=\"twitter:label1\" content=\"Est. reading time\" \/>\n\t<meta name=\"twitter:data1\" content=\"2 minutes\" \/>\n<script type=\"application\/ld+json\" class=\"yoast-schema-graph\">{\"@context\":\"https:\\\/\\\/schema.org\",\"@graph\":[{\"@type\":\"WebPage\",\"@id\":\"https:\\\/\\\/www.comprarmejor.es\\\/en\\\/product\\\/horoscope-of-felipe-ii-1549\\\/\",\"url\":\"https:\\\/\\\/www.comprarmejor.es\\\/en\\\/product\\\/horoscope-of-felipe-ii-1549\\\/\",\"name\":\"Horoscope of Felipe II, 1549\",\"isPartOf\":{\"@id\":\"https:\\\/\\\/www.comprarmejor.es\\\/en\\\/#website\"},\"primaryImageOfPage\":{\"@id\":\"https:\\\/\\\/www.comprarmejor.es\\\/en\\\/product\\\/horoscope-of-felipe-ii-1549\\\/#primaryimage\"},\"image\":{\"@id\":\"https:\\\/\\\/www.comprarmejor.es\\\/en\\\/product\\\/horoscope-of-felipe-ii-1549\\\/#primaryimage\"},\"thumbnailUrl\":\"https:\\\/\\\/www.comprarmejor.es\\\/wp-content\\\/uploads\\\/2016\\\/01\\\/p_2_7_8_5_2785-Horoscopo-de-Felipe-II-ano-1549.jpg\",\"datePublished\":\"2016-01-23T12:34:31+00:00\",\"dateModified\":\"2019-08-29T13:56:26+00:00\",\"description\":\"It is because Matias Haco, personal physician of Emperor Charles V, who was dedicated and delivered when Felipe II visited Brussels called by his father in 1549\",\"breadcrumb\":{\"@id\":\"https:\\\/\\\/www.comprarmejor.es\\\/en\\\/product\\\/horoscope-of-felipe-ii-1549\\\/#breadcrumb\"},\"inLanguage\":\"en-US\",\"potentialAction\":[{\"@type\":\"ReadAction\",\"target\":[\"https:\\\/\\\/www.comprarmejor.es\\\/en\\\/product\\\/horoscope-of-felipe-ii-1549\\\/\"]}]},{\"@type\":\"ImageObject\",\"inLanguage\":\"en-US\",\"@id\":\"https:\\\/\\\/www.comprarmejor.es\\\/en\\\/product\\\/horoscope-of-felipe-ii-1549\\\/#primaryimage\",\"url\":\"https:\\\/\\\/www.comprarmejor.es\\\/wp-content\\\/uploads\\\/2016\\\/01\\\/p_2_7_8_5_2785-Horoscopo-de-Felipe-II-ano-1549.jpg\",\"contentUrl\":\"https:\\\/\\\/www.comprarmejor.es\\\/wp-content\\\/uploads\\\/2016\\\/01\\\/p_2_7_8_5_2785-Horoscopo-de-Felipe-II-ano-1549.jpg\",\"width\":600,\"height\":664},{\"@type\":\"BreadcrumbList\",\"@id\":\"https:\\\/\\\/www.comprarmejor.es\\\/en\\\/product\\\/horoscope-of-felipe-ii-1549\\\/#breadcrumb\",\"itemListElement\":[{\"@type\":\"ListItem\",\"position\":1,\"name\":\"Portada\",\"item\":\"https:\\\/\\\/www.comprarmejor.es\\\/en\\\/\"},{\"@type\":\"ListItem\",\"position\":2,\"name\":\"Shop\",\"item\":\"https:\\\/\\\/www.comprarmejor.es\\\/en\\\/shop\\\/\"},{\"@type\":\"ListItem\",\"position\":3,\"name\":\"Horoscope of Felipe II, 1549\"}]},{\"@type\":\"WebSite\",\"@id\":\"https:\\\/\\\/www.comprarmejor.es\\\/en\\\/#website\",\"url\":\"https:\\\/\\\/www.comprarmejor.es\\\/en\\\/\",\"name\":\"ComprarMejor\",\"description\":\"ComprarMejor\",\"publisher\":{\"@id\":\"https:\\\/\\\/www.comprarmejor.es\\\/en\\\/#organization\"},\"potentialAction\":[{\"@type\":\"SearchAction\",\"target\":{\"@type\":\"EntryPoint\",\"urlTemplate\":\"https:\\\/\\\/www.comprarmejor.es\\\/en\\\/?s={search_term_string}\"},\"query-input\":{\"@type\":\"PropertyValueSpecification\",\"valueRequired\":true,\"valueName\":\"search_term_string\"}}],\"inLanguage\":\"en-US\"},{\"@type\":\"Organization\",\"@id\":\"https:\\\/\\\/www.comprarmejor.es\\\/en\\\/#organization\",\"name\":\"COMPRAR MEJOR\",\"url\":\"https:\\\/\\\/www.comprarmejor.es\\\/en\\\/\",\"logo\":{\"@type\":\"ImageObject\",\"inLanguage\":\"en-US\",\"@id\":\"https:\\\/\\\/www.comprarmejor.es\\\/en\\\/#\\\/schema\\\/logo\\\/image\\\/\",\"url\":\"https:\\\/\\\/www.comprarmejor.es\\\/wp-content\\\/uploads\\\/2025\\\/09\\\/comprarmejortrinidad.jpg\",\"contentUrl\":\"https:\\\/\\\/www.comprarmejor.es\\\/wp-content\\\/uploads\\\/2025\\\/09\\\/comprarmejortrinidad.jpg\",\"width\":1022,\"height\":1380,\"caption\":\"COMPRAR MEJOR\"},\"image\":{\"@id\":\"https:\\\/\\\/www.comprarmejor.es\\\/en\\\/#\\\/schema\\\/logo\\\/image\\\/\"},\"sameAs\":[\"https:\\\/\\\/www.instagram.com\\\/amigosdelcodice\"]}]}<\/script>\n<!-- \/ Yoast SEO plugin. -->","yoast_head_json":{"title":"Horoscope of Felipe II, 1549","description":"It is because Matias Haco, personal physician of Emperor Charles V, who was dedicated and delivered when Felipe II visited Brussels called by his father in 1549","robots":{"index":"index","follow":"follow","max-snippet":"max-snippet:-1","max-image-preview":"max-image-preview:large","max-video-preview":"max-video-preview:-1"},"canonical":"https:\/\/www.comprarmejor.es\/en\/product\/horoscope-of-felipe-ii-1549\/","og_locale":"en_US","og_type":"article","og_title":"Horoscope of Felipe II, 1549","og_description":"It is because Matias Haco, personal physician of Emperor Charles V, who was dedicated and delivered when Felipe II visited Brussels called by his father in 1549","og_url":"https:\/\/www.comprarmejor.es\/en\/product\/horoscope-of-felipe-ii-1549\/","og_site_name":"ComprarMejor","article_modified_time":"2019-08-29T13:56:26+00:00","og_image":[{"width":600,"height":664,"url":"https:\/\/www.comprarmejor.es\/wp-content\/uploads\/2016\/01\/p_2_7_8_5_2785-Horoscopo-de-Felipe-II-ano-1549.jpg","type":"image\/jpeg"}],"twitter_card":"summary_large_image","twitter_misc":{"Est. reading time":"2 minutes"},"schema":{"@context":"https:\/\/schema.org","@graph":[{"@type":"WebPage","@id":"https:\/\/www.comprarmejor.es\/en\/product\/horoscope-of-felipe-ii-1549\/","url":"https:\/\/www.comprarmejor.es\/en\/product\/horoscope-of-felipe-ii-1549\/","name":"Horoscope of Felipe II, 1549","isPartOf":{"@id":"https:\/\/www.comprarmejor.es\/en\/#website"},"primaryImageOfPage":{"@id":"https:\/\/www.comprarmejor.es\/en\/product\/horoscope-of-felipe-ii-1549\/#primaryimage"},"image":{"@id":"https:\/\/www.comprarmejor.es\/en\/product\/horoscope-of-felipe-ii-1549\/#primaryimage"},"thumbnailUrl":"https:\/\/www.comprarmejor.es\/wp-content\/uploads\/2016\/01\/p_2_7_8_5_2785-Horoscopo-de-Felipe-II-ano-1549.jpg","datePublished":"2016-01-23T12:34:31+00:00","dateModified":"2019-08-29T13:56:26+00:00","description":"It is because Matias Haco, personal physician of Emperor Charles V, who was dedicated and delivered when Felipe II visited Brussels called by his father in 1549","breadcrumb":{"@id":"https:\/\/www.comprarmejor.es\/en\/product\/horoscope-of-felipe-ii-1549\/#breadcrumb"},"inLanguage":"en-US","potentialAction":[{"@type":"ReadAction","target":["https:\/\/www.comprarmejor.es\/en\/product\/horoscope-of-felipe-ii-1549\/"]}]},{"@type":"ImageObject","inLanguage":"en-US","@id":"https:\/\/www.comprarmejor.es\/en\/product\/horoscope-of-felipe-ii-1549\/#primaryimage","url":"https:\/\/www.comprarmejor.es\/wp-content\/uploads\/2016\/01\/p_2_7_8_5_2785-Horoscopo-de-Felipe-II-ano-1549.jpg","contentUrl":"https:\/\/www.comprarmejor.es\/wp-content\/uploads\/2016\/01\/p_2_7_8_5_2785-Horoscopo-de-Felipe-II-ano-1549.jpg","width":600,"height":664},{"@type":"BreadcrumbList","@id":"https:\/\/www.comprarmejor.es\/en\/product\/horoscope-of-felipe-ii-1549\/#breadcrumb","itemListElement":[{"@type":"ListItem","position":1,"name":"Portada","item":"https:\/\/www.comprarmejor.es\/en\/"},{"@type":"ListItem","position":2,"name":"Shop","item":"https:\/\/www.comprarmejor.es\/en\/shop\/"},{"@type":"ListItem","position":3,"name":"Horoscope of Felipe II, 1549"}]},{"@type":"WebSite","@id":"https:\/\/www.comprarmejor.es\/en\/#website","url":"https:\/\/www.comprarmejor.es\/en\/","name":"ComprarMejor","description":"ComprarMejor","publisher":{"@id":"https:\/\/www.comprarmejor.es\/en\/#organization"},"potentialAction":[{"@type":"SearchAction","target":{"@type":"EntryPoint","urlTemplate":"https:\/\/www.comprarmejor.es\/en\/?s={search_term_string}"},"query-input":{"@type":"PropertyValueSpecification","valueRequired":true,"valueName":"search_term_string"}}],"inLanguage":"en-US"},{"@type":"Organization","@id":"https:\/\/www.comprarmejor.es\/en\/#organization","name":"COMPRAR MEJOR","url":"https:\/\/www.comprarmejor.es\/en\/","logo":{"@type":"ImageObject","inLanguage":"en-US","@id":"https:\/\/www.comprarmejor.es\/en\/#\/schema\/logo\/image\/","url":"https:\/\/www.comprarmejor.es\/wp-content\/uploads\/2025\/09\/comprarmejortrinidad.jpg","contentUrl":"https:\/\/www.comprarmejor.es\/wp-content\/uploads\/2025\/09\/comprarmejortrinidad.jpg","width":1022,"height":1380,"caption":"COMPRAR MEJOR"},"image":{"@id":"https:\/\/www.comprarmejor.es\/en\/#\/schema\/logo\/image\/"},"sameAs":["https:\/\/www.instagram.com\/amigosdelcodice"]}]}},"_links":{"self":[{"href":"https:\/\/www.comprarmejor.es\/en\/wp-json\/wp\/v2\/product\/52183","targetHints":{"allow":["GET"]}}],"collection":[{"href":"https:\/\/www.comprarmejor.es\/en\/wp-json\/wp\/v2\/product"}],"about":[{"href":"https:\/\/www.comprarmejor.es\/en\/wp-json\/wp\/v2\/types\/product"}],"wp:featuredmedia":[{"embeddable":true,"href":"https:\/\/www.comprarmejor.es\/en\/wp-json\/wp\/v2\/media\/52171"}],"wp:attachment":[{"href":"https:\/\/www.comprarmejor.es\/en\/wp-json\/wp\/v2\/media?parent=52183"}],"wp:term":[{"taxonomy":"product_brand","embeddable":true,"href":"https:\/\/www.comprarmejor.es\/en\/wp-json\/wp\/v2\/product_brand?post=52183"},{"taxonomy":"product_cat","embeddable":true,"href":"https:\/\/www.comprarmejor.es\/en\/wp-json\/wp\/v2\/product_cat?post=52183"},{"taxonomy":"product_tag","embeddable":true,"href":"https:\/\/www.comprarmejor.es\/en\/wp-json\/wp\/v2\/product_tag?post=52183"}],"curies":[{"name":"wp","href":"https:\/\/api.w.org\/{rel}","templated":true}]}}